{"id":259754,"date":"2026-03-14T23:49:12","date_gmt":"2026-03-14T22:49:12","guid":{"rendered":"https:\/\/schweizversand.ch\/produkt\/xq-max-soft-tip-dartset-18g\/"},"modified":"2026-04-19T02:03:07","modified_gmt":"2026-04-19T00:03:07","slug":"xq-max-soft-tip-dartset-18g","status":"publish","type":"product","link":"https:\/\/schweizversand.ch\/fr\/produkt\/xq-max-soft-tip-dartset-18g\/","title":{"rendered":"Jeu de fl\u00e9chettes \u00e0 pointe souple XQ Max &#8211; 18 g"},"content":{"rendered":"<h1><strong>Jeu de fl\u00e9chettes XQ Max \u00e0 pointe souple &#8211; 18 g<\/strong><\/h1>\n<div>Le jeu de fl\u00e9chettes XQ Max \u00e0 pointe souple, d&rsquo;un poids de 18 g, est le compagnon id\u00e9al des passionn\u00e9s de fl\u00e9chettes qui privil\u00e9gient la qualit\u00e9, la pr\u00e9cision et la personnalisation. Que vous soyez d\u00e9butant ou professionnel aguerri, ce jeu offre tout le n\u00e9cessaire pour une exp\u00e9rience de jeu optimale. Am\u00e9liorez votre pr\u00e9cision gr\u00e2ce \u00e0 ces fl\u00e9chettes \u00e9lectroniques de haute qualit\u00e9 de 18 g.<\/p>\n<\/div>\n<div><strong>Perfection et pr\u00e9cision<\/strong><br \/>Les fl\u00e9chettes \u00e9lectroniques XQ Max sont con\u00e7ues pour optimiser vos performances. Le corps nickel\u00e9 assure un \u00e9quilibre optimal et une prise en main s\u00fbre \u00e0 chaque lancer. Gr\u00e2ce \u00e0 la conception \u00e0 pointe souple, un taux de r\u00e9ussite \u00e9lev\u00e9 est garanti, notamment sur les cibles \u00e9lectroniques. Ce jeu de fl\u00e9chettes de 18 g allie durabilit\u00e9 et excellentes caract\u00e9ristiques de vol. Accessoires complets pour une personnalisation optimale. Le jeu de 30 fl\u00e9chettes permet une personnalisation compl\u00e8te. Vous pouvez personnaliser les fl\u00e9chettes XQ Max selon vos pr\u00e9f\u00e9rences et les adapter \u00e0 votre style de lancer. Les nombreux accessoires apportent \u00e0 la fois fonctionnalit\u00e9 et style \u00e0 votre jeu de fl\u00e9chettes, faisant de ce jeu de fl\u00e9chettes \u00e0 pointes souples un choix polyvalent.<\/p>\n<\/div>\n<div><strong>Contenu du jeu<\/strong><br \/>&#8211; 3 fl\u00e9chettes en laiton nickel\u00e9 de 18 g avec tiges en nylon<br \/>&#8211; 9 ailettes XQ-Max de 3 mod\u00e8les diff\u00e9rents<br \/>&#8211; 3 tiges antid\u00e9rapantes<br \/>&#8211; 3 tiges XL en aluminium<br \/>&#8211; 3 tiges XL<br \/>&#8211; 8 prot\u00e8ge-ailettes<br \/>&#8211; \u00c9tui \u00e0 fl\u00e9chettes en plastique pratique pour un rangement s\u00fbr<\/p>\n<\/div>\n<div><strong>Rangement s\u00fbr<\/strong><br \/>L&rsquo;\u00e9tui \u00e0 fl\u00e9chettes en plastique inclus garantit que vos fl\u00e9chettes \u00e0 pointes souples et tous les accessoires sont rang\u00e9s en toute s\u00e9curit\u00e9 et proprement. Ainsi, vos fl\u00e9chettes sont toujours prot\u00e9g\u00e9es et pr\u00eates \u00e0 \u00eatre transport\u00e9es pour votre prochaine tentative de tir au but.<\/p>\n<\/div>\n<div>Avec le jeu de fl\u00e9chettes <strong>XQ Max \u00e0 pointes souples &#8211; 18 g<\/strong>, vous atteindrez un tout autre niveau de jeu. Commandez d\u00e8s maintenant et d\u00e9couvrez l&rsquo;alliance parfaite de la qualit\u00e9, de la fonctionnalit\u00e9 et d&rsquo;un design unique.<\/p>\n<\/div>\n<div>\n<\/div>\n","protected":false},"excerpt":{"rendered":"<p>XQ Max Soft Tip Dartset &#8211; 18g bietet pr\u00e4zise, langlebige Soft-Tip-Darts mit vernickeltem Barrel f\u00fcr optimale Balance und sicheren Griff \u2013 perfekt f\u00fcr Einsteiger und Profis.<\/p>\n","protected":false},"featured_media":157493,"comment_status":"open","ping_status":"closed","template":"","meta":[],"product_brand":[],"product_cat":[38633],"product_tag":[],"class_list":{"0":"post-259754","1":"product","2":"type-product","3":"status-publish","4":"has-post-thumbnail","6":"product_cat-dart-2","7":"product_shipping_class-global_methods","9":"first","10":"instock","11":"taxable","12":"shipping-taxable","13":"purchasable","14":"product-type-simple"},"yoast_head":"<!-- This site is optimized with the Yoast SEO plugin v27.4 - https:\/\/yoast.com\/product\/yoast-seo-wordpress\/ -->\n<title>XQ Max Soft Tip Dartset - 18g<\/title>\n<meta name=\"description\" content=\"XQ Max Soft Tip Dartset - 18g Das XQ Max Soft Tip Dartset mit einem Gewicht von 18g ist der ultimative Begleiter f\u00fcr Dartenthusiasten, die Wert auf Qualit\u00e4t, Pr\" \/>\n<meta name=\"robots\" content=\"index, follow, max-snippet:-1, max-image-preview:large, max-video-preview:-1\" \/>\n<link rel=\"canonical\" href=\"https:\/\/schweizversand.ch\/fr\/produkt\/xq-max-soft-tip-dartset-18g\/\" \/>\n<meta property=\"og:locale\" content=\"fr_FR\" \/>\n<meta property=\"og:type\" content=\"article\" \/>\n<meta property=\"og:title\" content=\"XQ Max Soft Tip Dartset - 18g\" \/>\n<meta property=\"og:description\" content=\"XQ Max Soft Tip Dartset - 18g Das XQ Max Soft Tip Dartset mit einem Gewicht von 18g ist der ultimative Begleiter f\u00fcr Dartenthusiasten, die Wert auf Qualit\u00e4t, Pr\" \/>\n<meta property=\"og:url\" content=\"https:\/\/schweizversand.ch\/fr\/produkt\/xq-max-soft-tip-dartset-18g\/\" \/>\n<meta property=\"og:site_name\" content=\"Schweizer Shop f\u00fcr Sport, Spiel und Freizeit\" \/>\n<meta property=\"article:publisher\" content=\"https:\/\/www.facebook.com\/Schweizversand\" \/>\n<meta property=\"article:modified_time\" content=\"2026-04-19T00:03:07+00:00\" \/>\n<meta property=\"og:image\" content=\"https:\/\/schweizversand.ch\/wp-content\/uploads\/2026\/02\/5471601894.jpg\" \/>\n\t<meta property=\"og:image:width\" content=\"1024\" \/>\n\t<meta property=\"og:image:height\" content=\"1024\" \/>\n\t<meta property=\"og:image:type\" content=\"image\/jpeg\" \/>\n<meta name=\"twitter:card\" content=\"summary_large_image\" \/>\n<meta name=\"twitter:label1\" content=\"Dur\u00e9e de lecture estim\u00e9e\" \/>\n\t<meta name=\"twitter:data1\" content=\"2 minutes\" \/>\n<script type=\"application\/ld+json\" class=\"yoast-schema-graph\">{\"@context\":\"https:\\\/\\\/schema.org\",\"@graph\":[{\"@type\":\"WebPage\",\"@id\":\"https:\\\/\\\/schweizversand.ch\\\/fr\\\/produkt\\\/xq-max-soft-tip-dartset-18g\\\/\",\"url\":\"https:\\\/\\\/schweizversand.ch\\\/fr\\\/produkt\\\/xq-max-soft-tip-dartset-18g\\\/\",\"name\":\"XQ Max Soft Tip Dartset - 18g\",\"isPartOf\":{\"@id\":\"https:\\\/\\\/schweizversand.ch\\\/fr\\\/#website\"},\"primaryImageOfPage\":{\"@id\":\"https:\\\/\\\/schweizversand.ch\\\/fr\\\/produkt\\\/xq-max-soft-tip-dartset-18g\\\/#primaryimage\"},\"image\":{\"@id\":\"https:\\\/\\\/schweizversand.ch\\\/fr\\\/produkt\\\/xq-max-soft-tip-dartset-18g\\\/#primaryimage\"},\"thumbnailUrl\":\"https:\\\/\\\/schweizversand.ch\\\/wp-content\\\/uploads\\\/2026\\\/02\\\/5471601894.jpg\",\"datePublished\":\"2026-03-14T22:49:12+00:00\",\"dateModified\":\"2026-04-19T00:03:07+00:00\",\"description\":\"XQ Max Soft Tip Dartset - 18g Das XQ Max Soft Tip Dartset mit einem Gewicht von 18g ist der ultimative Begleiter f\u00fcr Dartenthusiasten, die Wert auf Qualit\u00e4t, Pr\",\"breadcrumb\":{\"@id\":\"https:\\\/\\\/schweizversand.ch\\\/fr\\\/produkt\\\/xq-max-soft-tip-dartset-18g\\\/#breadcrumb\"},\"inLanguage\":\"fr-FR\",\"potentialAction\":[{\"@type\":\"ReadAction\",\"target\":[\"https:\\\/\\\/schweizversand.ch\\\/fr\\\/produkt\\\/xq-max-soft-tip-dartset-18g\\\/\"]}]},{\"@type\":\"ImageObject\",\"inLanguage\":\"fr-FR\",\"@id\":\"https:\\\/\\\/schweizversand.ch\\\/fr\\\/produkt\\\/xq-max-soft-tip-dartset-18g\\\/#primaryimage\",\"url\":\"https:\\\/\\\/schweizversand.ch\\\/wp-content\\\/uploads\\\/2026\\\/02\\\/5471601894.jpg\",\"contentUrl\":\"https:\\\/\\\/schweizversand.ch\\\/wp-content\\\/uploads\\\/2026\\\/02\\\/5471601894.jpg\",\"width\":1024,\"height\":1024},{\"@type\":\"BreadcrumbList\",\"@id\":\"https:\\\/\\\/schweizversand.ch\\\/fr\\\/produkt\\\/xq-max-soft-tip-dartset-18g\\\/#breadcrumb\",\"itemListElement\":[{\"@type\":\"ListItem\",\"position\":1,\"name\":\"Startseite\",\"item\":\"https:\\\/\\\/schweizversand.ch\\\/fr\\\/home\\\/\"},{\"@type\":\"ListItem\",\"position\":2,\"name\":\"Boutique\",\"item\":\"https:\\\/\\\/schweizversand.ch\\\/fr\\\/boutique\\\/\"},{\"@type\":\"ListItem\",\"position\":3,\"name\":\"Sports\",\"item\":\"https:\\\/\\\/schweizversand.ch\\\/fr\\\/produkt-kategorie\\\/sports\\\/\"},{\"@type\":\"ListItem\",\"position\":4,\"name\":\"sports de balle et fl\u00e9chettes\",\"item\":\"https:\\\/\\\/schweizversand.ch\\\/fr\\\/produkt-kategorie\\\/sports\\\/sports-de-balle-et-flechettes\\\/\"},{\"@type\":\"ListItem\",\"position\":5,\"name\":\"Fl\u00e9chettes\",\"item\":\"https:\\\/\\\/schweizversand.ch\\\/fr\\\/produkt-kategorie\\\/dart-2\\\/\"},{\"@type\":\"ListItem\",\"position\":6,\"name\":\"Jeu de fl\u00e9chettes \u00e0 pointe souple XQ Max &#8211; 18 g\"}]},{\"@type\":\"WebSite\",\"@id\":\"https:\\\/\\\/schweizversand.ch\\\/fr\\\/#website\",\"url\":\"https:\\\/\\\/schweizversand.ch\\\/fr\\\/\",\"name\":\"Schweizer Shop f\u00fcr Sport, Spiel und Freizeit\",\"description\":\"Gratisversand ab 50.- (netto), ab eigenem schweizer Lager, Lieferung innert 48h\",\"publisher\":{\"@id\":\"https:\\\/\\\/schweizversand.ch\\\/fr\\\/#organization\"},\"alternateName\":\"Schweizversand.ch\",\"potentialAction\":[{\"@type\":\"SearchAction\",\"target\":{\"@type\":\"EntryPoint\",\"urlTemplate\":\"https:\\\/\\\/schweizversand.ch\\\/fr\\\/?s={search_term_string}\"},\"query-input\":{\"@type\":\"PropertyValueSpecification\",\"valueRequired\":true,\"valueName\":\"search_term_string\"}}],\"inLanguage\":\"fr-FR\"},{\"@type\":\"Organization\",\"@id\":\"https:\\\/\\\/schweizversand.ch\\\/fr\\\/#organization\",\"name\":\"Schweizversand.ch\",\"url\":\"https:\\\/\\\/schweizversand.ch\\\/fr\\\/\",\"logo\":{\"@type\":\"ImageObject\",\"inLanguage\":\"fr-FR\",\"@id\":\"https:\\\/\\\/schweizversand.ch\\\/fr\\\/#\\\/schema\\\/logo\\\/image\\\/\",\"url\":\"https:\\\/\\\/schweizversand.ch\\\/wp-content\\\/uploads\\\/2026\\\/03\\\/Logo_Rund_Final-1.png\",\"contentUrl\":\"https:\\\/\\\/schweizversand.ch\\\/wp-content\\\/uploads\\\/2026\\\/03\\\/Logo_Rund_Final-1.png\",\"width\":404,\"height\":404,\"caption\":\"Schweizversand.ch\"},\"image\":{\"@id\":\"https:\\\/\\\/schweizversand.ch\\\/fr\\\/#\\\/schema\\\/logo\\\/image\\\/\"},\"sameAs\":[\"https:\\\/\\\/www.facebook.com\\\/Schweizversand\",\"https:\\\/\\\/www.instagram.com\\\/schweizversand.ch\\\/\"]}]}<\/script>\n<!-- \/ Yoast SEO plugin. -->","yoast_head_json":{"title":"XQ Max Soft Tip Dartset - 18g","description":"XQ Max Soft Tip Dartset - 18g Das XQ Max Soft Tip Dartset mit einem Gewicht von 18g ist der ultimative Begleiter f\u00fcr Dartenthusiasten, die Wert auf Qualit\u00e4t, Pr","robots":{"index":"index","follow":"follow","max-snippet":"max-snippet:-1","max-image-preview":"max-image-preview:large","max-video-preview":"max-video-preview:-1"},"canonical":"https:\/\/schweizversand.ch\/fr\/produkt\/xq-max-soft-tip-dartset-18g\/","og_locale":"fr_FR","og_type":"article","og_title":"XQ Max Soft Tip Dartset - 18g","og_description":"XQ Max Soft Tip Dartset - 18g Das XQ Max Soft Tip Dartset mit einem Gewicht von 18g ist der ultimative Begleiter f\u00fcr Dartenthusiasten, die Wert auf Qualit\u00e4t, Pr","og_url":"https:\/\/schweizversand.ch\/fr\/produkt\/xq-max-soft-tip-dartset-18g\/","og_site_name":"Schweizer Shop f\u00fcr Sport, Spiel und Freizeit","article_publisher":"https:\/\/www.facebook.com\/Schweizversand","article_modified_time":"2026-04-19T00:03:07+00:00","og_image":[{"width":1024,"height":1024,"url":"https:\/\/schweizversand.ch\/wp-content\/uploads\/2026\/02\/5471601894.jpg","type":"image\/jpeg"}],"twitter_card":"summary_large_image","twitter_misc":{"Dur\u00e9e de lecture estim\u00e9e":"2 minutes"},"schema":{"@context":"https:\/\/schema.org","@graph":[{"@type":"WebPage","@id":"https:\/\/schweizversand.ch\/fr\/produkt\/xq-max-soft-tip-dartset-18g\/","url":"https:\/\/schweizversand.ch\/fr\/produkt\/xq-max-soft-tip-dartset-18g\/","name":"XQ Max Soft Tip Dartset - 18g","isPartOf":{"@id":"https:\/\/schweizversand.ch\/fr\/#website"},"primaryImageOfPage":{"@id":"https:\/\/schweizversand.ch\/fr\/produkt\/xq-max-soft-tip-dartset-18g\/#primaryimage"},"image":{"@id":"https:\/\/schweizversand.ch\/fr\/produkt\/xq-max-soft-tip-dartset-18g\/#primaryimage"},"thumbnailUrl":"https:\/\/schweizversand.ch\/wp-content\/uploads\/2026\/02\/5471601894.jpg","datePublished":"2026-03-14T22:49:12+00:00","dateModified":"2026-04-19T00:03:07+00:00","description":"XQ Max Soft Tip Dartset - 18g Das XQ Max Soft Tip Dartset mit einem Gewicht von 18g ist der ultimative Begleiter f\u00fcr Dartenthusiasten, die Wert auf Qualit\u00e4t, Pr","breadcrumb":{"@id":"https:\/\/schweizversand.ch\/fr\/produkt\/xq-max-soft-tip-dartset-18g\/#breadcrumb"},"inLanguage":"fr-FR","potentialAction":[{"@type":"ReadAction","target":["https:\/\/schweizversand.ch\/fr\/produkt\/xq-max-soft-tip-dartset-18g\/"]}]},{"@type":"ImageObject","inLanguage":"fr-FR","@id":"https:\/\/schweizversand.ch\/fr\/produkt\/xq-max-soft-tip-dartset-18g\/#primaryimage","url":"https:\/\/schweizversand.ch\/wp-content\/uploads\/2026\/02\/5471601894.jpg","contentUrl":"https:\/\/schweizversand.ch\/wp-content\/uploads\/2026\/02\/5471601894.jpg","width":1024,"height":1024},{"@type":"BreadcrumbList","@id":"https:\/\/schweizversand.ch\/fr\/produkt\/xq-max-soft-tip-dartset-18g\/#breadcrumb","itemListElement":[{"@type":"ListItem","position":1,"name":"Startseite","item":"https:\/\/schweizversand.ch\/fr\/home\/"},{"@type":"ListItem","position":2,"name":"Boutique","item":"https:\/\/schweizversand.ch\/fr\/boutique\/"},{"@type":"ListItem","position":3,"name":"Sports","item":"https:\/\/schweizversand.ch\/fr\/produkt-kategorie\/sports\/"},{"@type":"ListItem","position":4,"name":"sports de balle et fl\u00e9chettes","item":"https:\/\/schweizversand.ch\/fr\/produkt-kategorie\/sports\/sports-de-balle-et-flechettes\/"},{"@type":"ListItem","position":5,"name":"Fl\u00e9chettes","item":"https:\/\/schweizversand.ch\/fr\/produkt-kategorie\/dart-2\/"},{"@type":"ListItem","position":6,"name":"Jeu de fl\u00e9chettes \u00e0 pointe souple XQ Max &#8211; 18 g"}]},{"@type":"WebSite","@id":"https:\/\/schweizversand.ch\/fr\/#website","url":"https:\/\/schweizversand.ch\/fr\/","name":"Schweizer Shop f\u00fcr Sport, Spiel und Freizeit","description":"Gratisversand ab 50.- (netto), ab eigenem schweizer Lager, Lieferung innert 48h","publisher":{"@id":"https:\/\/schweizversand.ch\/fr\/#organization"},"alternateName":"Schweizversand.ch","potentialAction":[{"@type":"SearchAction","target":{"@type":"EntryPoint","urlTemplate":"https:\/\/schweizversand.ch\/fr\/?s={search_term_string}"},"query-input":{"@type":"PropertyValueSpecification","valueRequired":true,"valueName":"search_term_string"}}],"inLanguage":"fr-FR"},{"@type":"Organization","@id":"https:\/\/schweizversand.ch\/fr\/#organization","name":"Schweizversand.ch","url":"https:\/\/schweizversand.ch\/fr\/","logo":{"@type":"ImageObject","inLanguage":"fr-FR","@id":"https:\/\/schweizversand.ch\/fr\/#\/schema\/logo\/image\/","url":"https:\/\/schweizversand.ch\/wp-content\/uploads\/2026\/03\/Logo_Rund_Final-1.png","contentUrl":"https:\/\/schweizversand.ch\/wp-content\/uploads\/2026\/03\/Logo_Rund_Final-1.png","width":404,"height":404,"caption":"Schweizversand.ch"},"image":{"@id":"https:\/\/schweizversand.ch\/fr\/#\/schema\/logo\/image\/"},"sameAs":["https:\/\/www.facebook.com\/Schweizversand","https:\/\/www.instagram.com\/schweizversand.ch\/"]}]}},"jetpack_sharing_enabled":true,"_links":{"self":[{"href":"https:\/\/schweizversand.ch\/fr\/wp-json\/wp\/v2\/product\/259754","targetHints":{"allow":["GET"]}}],"collection":[{"href":"https:\/\/schweizversand.ch\/fr\/wp-json\/wp\/v2\/product"}],"about":[{"href":"https:\/\/schweizversand.ch\/fr\/wp-json\/wp\/v2\/types\/product"}],"replies":[{"embeddable":true,"href":"https:\/\/schweizversand.ch\/fr\/wp-json\/wp\/v2\/comments?post=259754"}],"wp:featuredmedia":[{"embeddable":true,"href":"https:\/\/schweizversand.ch\/fr\/wp-json\/wp\/v2\/media\/157493"}],"wp:attachment":[{"href":"https:\/\/schweizversand.ch\/fr\/wp-json\/wp\/v2\/media?parent=259754"}],"wp:term":[{"taxonomy":"product_brand","embeddable":true,"href":"https:\/\/schweizversand.ch\/fr\/wp-json\/wp\/v2\/product_brand?post=259754"},{"taxonomy":"product_cat","embeddable":true,"href":"https:\/\/schweizversand.ch\/fr\/wp-json\/wp\/v2\/product_cat?post=259754"},{"taxonomy":"product_tag","embeddable":true,"href":"https:\/\/schweizversand.ch\/fr\/wp-json\/wp\/v2\/product_tag?post=259754"}],"curies":[{"name":"wp","href":"https:\/\/api.w.org\/{rel}","templated":true}]}}