{"id":259756,"date":"2026-03-14T23:49:16","date_gmt":"2026-03-14T22:49:16","guid":{"rendered":"https:\/\/schweizversand.ch\/produkt\/ultra-clean-schwamm-24-er-set\/"},"modified":"2026-04-19T02:03:08","modified_gmt":"2026-04-19T00:03:08","slug":"ultra-clean-schwamm-24-er-set","status":"publish","type":"product","link":"https:\/\/schweizversand.ch\/fr\/produkt\/ultra-clean-schwamm-24-er-set\/","title":{"rendered":"Ensemble de 24 \u00e9ponges ultra-propres"},"content":{"rendered":"<p>Des r\u00e9sultats impeccables \u00e0 chaque utilisation !<\/p>\n<\/p>\n<p>D\u00e9couvrez l&rsquo;alli\u00e9 indispensable de votre cuisine : l&rsquo;\u00e9ponge Ultra Clean, en lot de 24. Gr\u00e2ce \u00e0 sa double fonction, cette \u00e9ponge garantit une vaisselle \u00e9tincelante et des casseroles et po\u00eales d&rsquo;une propret\u00e9 irr\u00e9prochable.<\/p>\n<\/p>\n<p>Caract\u00e9ristiques principales :<\/p>\n<\/p>\n<p>\u2022 Double action : L&rsquo;\u00e9ponge poss\u00e8de une face abrasive, id\u00e9ale pour \u00e9liminer les salet\u00e9s tenaces et les r\u00e9sidus alimentaires br\u00fbl\u00e9s. La face douce est parfaite pour le nettoyage g\u00e9n\u00e9ral de la vaisselle.<\/p>\n<\/p>\n<p>\u2022 Utilisation polyvalente : Que vous ayez besoin de d\u00e9coller des aliments br\u00fbl\u00e9s de votre po\u00eale pr\u00e9f\u00e9r\u00e9e ou que vous souhaitiez simplement laver votre vaisselle, cette \u00e9ponge est l&rsquo;outil de nettoyage id\u00e9al.<\/p>\n<\/p>\n<p>\u2022 Haute qualit\u00e9 : Cette \u00e9ponge est non seulement efficace, mais aussi durable, et conserve sa forme m\u00eame apr\u00e8s de nombreuses utilisations.<\/p>\n<\/p>\n<p>\u2022 Color\u00e9e et pratique : Le lot contient 24 \u00e9ponges aux couleurs vives : rose, bleu, jaune et vert. Vous pouvez ainsi utiliser diff\u00e9rentes \u00e9ponges pour diverses t\u00e2ches de nettoyage ou simplement les alterner r\u00e9guli\u00e8rement.<\/p>\n<\/p>\n<p>\u2022 Taille id\u00e9ale\u00a0: Mesurant 8,5\u00a0cm \u00d7 6,5\u00a0cm \u00d7 4\u00a0cm, l\u2019\u00e9ponge tient parfaitement dans la main, facilitant ainsi le nettoyage.<\/p>\n<\/p>\n<p>Conclusion\u00a0:<\/p>\n<\/p>\n<p>Le set de 24 \u00e9ponges Ultra Clean est un indispensable dans chaque foyer. Gr\u00e2ce \u00e0 sa double fonctionnalit\u00e9 et ses couleurs vives, il rend le nettoyage non seulement efficace, mais aussi plus agr\u00e9able. Investissez dans ce set et d\u00e9couvrez \u00e0 quel point faire la vaisselle et le m\u00e9nage devient un jeu d\u2019enfant\u00a0!<\/p>\n","protected":false},"excerpt":{"rendered":"<p>Ultra clean Schwamm 24-er Set reinigt gr\u00fcndlich mit rauer und sanfter Seite. Perfekt f\u00fcr hartn\u00e4ckigen Schmutz und empfindliches Geschirr \u2013 langlebig und vielseitig.<\/p>\n","protected":false},"featured_media":157560,"comment_status":"open","ping_status":"closed","template":"","meta":[],"product_brand":[],"product_cat":[38341],"product_tag":[],"class_list":{"0":"post-259756","1":"product","2":"type-product","3":"status-publish","4":"has-post-thumbnail","6":"product_cat-reinigungsutensilien","7":"product_shipping_class-global_methods","9":"first","10":"instock","11":"taxable","12":"shipping-taxable","13":"purchasable","14":"product-type-simple"},"yoast_head":"<!-- This site is optimized with the Yoast SEO plugin v27.4 - https:\/\/yoast.com\/product\/yoast-seo-wordpress\/ -->\n<title>ultra clean Schwamm 24-er Set<\/title>\n<meta name=\"description\" content=\"Saubere Ergebnisse mit jedem Wisch!\u00a0 Entdecken Sie den ultimativen Helfer f\u00fcr Ihre K\u00fcche: den ultra clean Schwamm im 24-er Set. Mit seiner zweifachen Funktiona\" \/>\n<meta name=\"robots\" content=\"index, follow, max-snippet:-1, max-image-preview:large, max-video-preview:-1\" \/>\n<link rel=\"canonical\" href=\"https:\/\/schweizversand.ch\/fr\/produkt\/ultra-clean-schwamm-24-er-set\/\" \/>\n<meta property=\"og:locale\" content=\"fr_FR\" \/>\n<meta property=\"og:type\" content=\"article\" \/>\n<meta property=\"og:title\" content=\"ultra clean Schwamm 24-er Set\" \/>\n<meta property=\"og:description\" content=\"Saubere Ergebnisse mit jedem Wisch!\u00a0 Entdecken Sie den ultimativen Helfer f\u00fcr Ihre K\u00fcche: den ultra clean Schwamm im 24-er Set. Mit seiner zweifachen Funktiona\" \/>\n<meta property=\"og:url\" content=\"https:\/\/schweizversand.ch\/fr\/produkt\/ultra-clean-schwamm-24-er-set\/\" \/>\n<meta property=\"og:site_name\" content=\"Schweizer Shop f\u00fcr Sport, Spiel und Freizeit\" \/>\n<meta property=\"article:publisher\" content=\"https:\/\/www.facebook.com\/Schweizversand\" \/>\n<meta property=\"article:modified_time\" content=\"2026-04-19T00:03:08+00:00\" \/>\n<meta property=\"og:image\" content=\"https:\/\/schweizversand.ch\/wp-content\/uploads\/2026\/02\/5471551751.jpg\" \/>\n\t<meta property=\"og:image:width\" content=\"1024\" \/>\n\t<meta property=\"og:image:height\" content=\"1024\" \/>\n\t<meta property=\"og:image:type\" content=\"image\/jpeg\" \/>\n<meta name=\"twitter:card\" content=\"summary_large_image\" \/>\n<meta name=\"twitter:label1\" content=\"Dur\u00e9e de lecture estim\u00e9e\" \/>\n\t<meta name=\"twitter:data1\" content=\"1 minute\" \/>\n<script type=\"application\/ld+json\" class=\"yoast-schema-graph\">{\"@context\":\"https:\\\/\\\/schema.org\",\"@graph\":[{\"@type\":\"WebPage\",\"@id\":\"https:\\\/\\\/schweizversand.ch\\\/fr\\\/produkt\\\/ultra-clean-schwamm-24-er-set\\\/\",\"url\":\"https:\\\/\\\/schweizversand.ch\\\/fr\\\/produkt\\\/ultra-clean-schwamm-24-er-set\\\/\",\"name\":\"ultra clean Schwamm 24-er Set\",\"isPartOf\":{\"@id\":\"https:\\\/\\\/schweizversand.ch\\\/fr\\\/#website\"},\"primaryImageOfPage\":{\"@id\":\"https:\\\/\\\/schweizversand.ch\\\/fr\\\/produkt\\\/ultra-clean-schwamm-24-er-set\\\/#primaryimage\"},\"image\":{\"@id\":\"https:\\\/\\\/schweizversand.ch\\\/fr\\\/produkt\\\/ultra-clean-schwamm-24-er-set\\\/#primaryimage\"},\"thumbnailUrl\":\"https:\\\/\\\/schweizversand.ch\\\/wp-content\\\/uploads\\\/2026\\\/02\\\/5471551751.jpg\",\"datePublished\":\"2026-03-14T22:49:16+00:00\",\"dateModified\":\"2026-04-19T00:03:08+00:00\",\"description\":\"Saubere Ergebnisse mit jedem Wisch!\u00a0 Entdecken Sie den ultimativen Helfer f\u00fcr Ihre K\u00fcche: den ultra clean Schwamm im 24-er Set. Mit seiner zweifachen Funktiona\",\"breadcrumb\":{\"@id\":\"https:\\\/\\\/schweizversand.ch\\\/fr\\\/produkt\\\/ultra-clean-schwamm-24-er-set\\\/#breadcrumb\"},\"inLanguage\":\"fr-FR\",\"potentialAction\":[{\"@type\":\"ReadAction\",\"target\":[\"https:\\\/\\\/schweizversand.ch\\\/fr\\\/produkt\\\/ultra-clean-schwamm-24-er-set\\\/\"]}]},{\"@type\":\"ImageObject\",\"inLanguage\":\"fr-FR\",\"@id\":\"https:\\\/\\\/schweizversand.ch\\\/fr\\\/produkt\\\/ultra-clean-schwamm-24-er-set\\\/#primaryimage\",\"url\":\"https:\\\/\\\/schweizversand.ch\\\/wp-content\\\/uploads\\\/2026\\\/02\\\/5471551751.jpg\",\"contentUrl\":\"https:\\\/\\\/schweizversand.ch\\\/wp-content\\\/uploads\\\/2026\\\/02\\\/5471551751.jpg\",\"width\":1024,\"height\":1024},{\"@type\":\"BreadcrumbList\",\"@id\":\"https:\\\/\\\/schweizversand.ch\\\/fr\\\/produkt\\\/ultra-clean-schwamm-24-er-set\\\/#breadcrumb\",\"itemListElement\":[{\"@type\":\"ListItem\",\"position\":1,\"name\":\"Startseite\",\"item\":\"https:\\\/\\\/schweizversand.ch\\\/fr\\\/home\\\/\"},{\"@type\":\"ListItem\",\"position\":2,\"name\":\"Boutique\",\"item\":\"https:\\\/\\\/schweizversand.ch\\\/fr\\\/boutique\\\/\"},{\"@type\":\"ListItem\",\"position\":3,\"name\":\"M\u00e9nage\",\"item\":\"https:\\\/\\\/schweizversand.ch\\\/fr\\\/produkt-kategorie\\\/menage\\\/\"},{\"@type\":\"ListItem\",\"position\":4,\"name\":\"Aspirateur\",\"item\":\"https:\\\/\\\/schweizversand.ch\\\/fr\\\/produkt-kategorie\\\/menage\\\/aspirateur\\\/\"},{\"@type\":\"ListItem\",\"position\":5,\"name\":\"Nettoyage\",\"item\":\"https:\\\/\\\/schweizversand.ch\\\/fr\\\/produkt-kategorie\\\/menage\\\/aspirateur\\\/reinigungsutensilien\\\/\"},{\"@type\":\"ListItem\",\"position\":6,\"name\":\"Ensemble de 24 \u00e9ponges ultra-propres\"}]},{\"@type\":\"WebSite\",\"@id\":\"https:\\\/\\\/schweizversand.ch\\\/fr\\\/#website\",\"url\":\"https:\\\/\\\/schweizversand.ch\\\/fr\\\/\",\"name\":\"Schweizer Shop f\u00fcr Sport, Spiel und Freizeit\",\"description\":\"Gratisversand ab 50.- (netto), ab eigenem schweizer Lager, Lieferung innert 48h\",\"publisher\":{\"@id\":\"https:\\\/\\\/schweizversand.ch\\\/fr\\\/#organization\"},\"alternateName\":\"Schweizversand.ch\",\"potentialAction\":[{\"@type\":\"SearchAction\",\"target\":{\"@type\":\"EntryPoint\",\"urlTemplate\":\"https:\\\/\\\/schweizversand.ch\\\/fr\\\/?s={search_term_string}\"},\"query-input\":{\"@type\":\"PropertyValueSpecification\",\"valueRequired\":true,\"valueName\":\"search_term_string\"}}],\"inLanguage\":\"fr-FR\"},{\"@type\":\"Organization\",\"@id\":\"https:\\\/\\\/schweizversand.ch\\\/fr\\\/#organization\",\"name\":\"Schweizversand.ch\",\"url\":\"https:\\\/\\\/schweizversand.ch\\\/fr\\\/\",\"logo\":{\"@type\":\"ImageObject\",\"inLanguage\":\"fr-FR\",\"@id\":\"https:\\\/\\\/schweizversand.ch\\\/fr\\\/#\\\/schema\\\/logo\\\/image\\\/\",\"url\":\"https:\\\/\\\/schweizversand.ch\\\/wp-content\\\/uploads\\\/2026\\\/03\\\/Logo_Rund_Final-1.png\",\"contentUrl\":\"https:\\\/\\\/schweizversand.ch\\\/wp-content\\\/uploads\\\/2026\\\/03\\\/Logo_Rund_Final-1.png\",\"width\":404,\"height\":404,\"caption\":\"Schweizversand.ch\"},\"image\":{\"@id\":\"https:\\\/\\\/schweizversand.ch\\\/fr\\\/#\\\/schema\\\/logo\\\/image\\\/\"},\"sameAs\":[\"https:\\\/\\\/www.facebook.com\\\/Schweizversand\",\"https:\\\/\\\/www.instagram.com\\\/schweizversand.ch\\\/\"]}]}<\/script>\n<!-- \/ Yoast SEO plugin. -->","yoast_head_json":{"title":"ultra clean Schwamm 24-er Set","description":"Saubere Ergebnisse mit jedem Wisch!\u00a0 Entdecken Sie den ultimativen Helfer f\u00fcr Ihre K\u00fcche: den ultra clean Schwamm im 24-er Set. Mit seiner zweifachen Funktiona","robots":{"index":"index","follow":"follow","max-snippet":"max-snippet:-1","max-image-preview":"max-image-preview:large","max-video-preview":"max-video-preview:-1"},"canonical":"https:\/\/schweizversand.ch\/fr\/produkt\/ultra-clean-schwamm-24-er-set\/","og_locale":"fr_FR","og_type":"article","og_title":"ultra clean Schwamm 24-er Set","og_description":"Saubere Ergebnisse mit jedem Wisch!\u00a0 Entdecken Sie den ultimativen Helfer f\u00fcr Ihre K\u00fcche: den ultra clean Schwamm im 24-er Set. Mit seiner zweifachen Funktiona","og_url":"https:\/\/schweizversand.ch\/fr\/produkt\/ultra-clean-schwamm-24-er-set\/","og_site_name":"Schweizer Shop f\u00fcr Sport, Spiel und Freizeit","article_publisher":"https:\/\/www.facebook.com\/Schweizversand","article_modified_time":"2026-04-19T00:03:08+00:00","og_image":[{"width":1024,"height":1024,"url":"https:\/\/schweizversand.ch\/wp-content\/uploads\/2026\/02\/5471551751.jpg","type":"image\/jpeg"}],"twitter_card":"summary_large_image","twitter_misc":{"Dur\u00e9e de lecture estim\u00e9e":"1 minute"},"schema":{"@context":"https:\/\/schema.org","@graph":[{"@type":"WebPage","@id":"https:\/\/schweizversand.ch\/fr\/produkt\/ultra-clean-schwamm-24-er-set\/","url":"https:\/\/schweizversand.ch\/fr\/produkt\/ultra-clean-schwamm-24-er-set\/","name":"ultra clean Schwamm 24-er Set","isPartOf":{"@id":"https:\/\/schweizversand.ch\/fr\/#website"},"primaryImageOfPage":{"@id":"https:\/\/schweizversand.ch\/fr\/produkt\/ultra-clean-schwamm-24-er-set\/#primaryimage"},"image":{"@id":"https:\/\/schweizversand.ch\/fr\/produkt\/ultra-clean-schwamm-24-er-set\/#primaryimage"},"thumbnailUrl":"https:\/\/schweizversand.ch\/wp-content\/uploads\/2026\/02\/5471551751.jpg","datePublished":"2026-03-14T22:49:16+00:00","dateModified":"2026-04-19T00:03:08+00:00","description":"Saubere Ergebnisse mit jedem Wisch!\u00a0 Entdecken Sie den ultimativen Helfer f\u00fcr Ihre K\u00fcche: den ultra clean Schwamm im 24-er Set. Mit seiner zweifachen Funktiona","breadcrumb":{"@id":"https:\/\/schweizversand.ch\/fr\/produkt\/ultra-clean-schwamm-24-er-set\/#breadcrumb"},"inLanguage":"fr-FR","potentialAction":[{"@type":"ReadAction","target":["https:\/\/schweizversand.ch\/fr\/produkt\/ultra-clean-schwamm-24-er-set\/"]}]},{"@type":"ImageObject","inLanguage":"fr-FR","@id":"https:\/\/schweizversand.ch\/fr\/produkt\/ultra-clean-schwamm-24-er-set\/#primaryimage","url":"https:\/\/schweizversand.ch\/wp-content\/uploads\/2026\/02\/5471551751.jpg","contentUrl":"https:\/\/schweizversand.ch\/wp-content\/uploads\/2026\/02\/5471551751.jpg","width":1024,"height":1024},{"@type":"BreadcrumbList","@id":"https:\/\/schweizversand.ch\/fr\/produkt\/ultra-clean-schwamm-24-er-set\/#breadcrumb","itemListElement":[{"@type":"ListItem","position":1,"name":"Startseite","item":"https:\/\/schweizversand.ch\/fr\/home\/"},{"@type":"ListItem","position":2,"name":"Boutique","item":"https:\/\/schweizversand.ch\/fr\/boutique\/"},{"@type":"ListItem","position":3,"name":"M\u00e9nage","item":"https:\/\/schweizversand.ch\/fr\/produkt-kategorie\/menage\/"},{"@type":"ListItem","position":4,"name":"Aspirateur","item":"https:\/\/schweizversand.ch\/fr\/produkt-kategorie\/menage\/aspirateur\/"},{"@type":"ListItem","position":5,"name":"Nettoyage","item":"https:\/\/schweizversand.ch\/fr\/produkt-kategorie\/menage\/aspirateur\/reinigungsutensilien\/"},{"@type":"ListItem","position":6,"name":"Ensemble de 24 \u00e9ponges ultra-propres"}]},{"@type":"WebSite","@id":"https:\/\/schweizversand.ch\/fr\/#website","url":"https:\/\/schweizversand.ch\/fr\/","name":"Schweizer Shop f\u00fcr Sport, Spiel und Freizeit","description":"Gratisversand ab 50.- (netto), ab eigenem schweizer Lager, Lieferung innert 48h","publisher":{"@id":"https:\/\/schweizversand.ch\/fr\/#organization"},"alternateName":"Schweizversand.ch","potentialAction":[{"@type":"SearchAction","target":{"@type":"EntryPoint","urlTemplate":"https:\/\/schweizversand.ch\/fr\/?s={search_term_string}"},"query-input":{"@type":"PropertyValueSpecification","valueRequired":true,"valueName":"search_term_string"}}],"inLanguage":"fr-FR"},{"@type":"Organization","@id":"https:\/\/schweizversand.ch\/fr\/#organization","name":"Schweizversand.ch","url":"https:\/\/schweizversand.ch\/fr\/","logo":{"@type":"ImageObject","inLanguage":"fr-FR","@id":"https:\/\/schweizversand.ch\/fr\/#\/schema\/logo\/image\/","url":"https:\/\/schweizversand.ch\/wp-content\/uploads\/2026\/03\/Logo_Rund_Final-1.png","contentUrl":"https:\/\/schweizversand.ch\/wp-content\/uploads\/2026\/03\/Logo_Rund_Final-1.png","width":404,"height":404,"caption":"Schweizversand.ch"},"image":{"@id":"https:\/\/schweizversand.ch\/fr\/#\/schema\/logo\/image\/"},"sameAs":["https:\/\/www.facebook.com\/Schweizversand","https:\/\/www.instagram.com\/schweizversand.ch\/"]}]}},"jetpack_sharing_enabled":true,"_links":{"self":[{"href":"https:\/\/schweizversand.ch\/fr\/wp-json\/wp\/v2\/product\/259756","targetHints":{"allow":["GET"]}}],"collection":[{"href":"https:\/\/schweizversand.ch\/fr\/wp-json\/wp\/v2\/product"}],"about":[{"href":"https:\/\/schweizversand.ch\/fr\/wp-json\/wp\/v2\/types\/product"}],"replies":[{"embeddable":true,"href":"https:\/\/schweizversand.ch\/fr\/wp-json\/wp\/v2\/comments?post=259756"}],"wp:featuredmedia":[{"embeddable":true,"href":"https:\/\/schweizversand.ch\/fr\/wp-json\/wp\/v2\/media\/157560"}],"wp:attachment":[{"href":"https:\/\/schweizversand.ch\/fr\/wp-json\/wp\/v2\/media?parent=259756"}],"wp:term":[{"taxonomy":"product_brand","embeddable":true,"href":"https:\/\/schweizversand.ch\/fr\/wp-json\/wp\/v2\/product_brand?post=259756"},{"taxonomy":"product_cat","embeddable":true,"href":"https:\/\/schweizversand.ch\/fr\/wp-json\/wp\/v2\/product_cat?post=259756"},{"taxonomy":"product_tag","embeddable":true,"href":"https:\/\/schweizversand.ch\/fr\/wp-json\/wp\/v2\/product_tag?post=259756"}],"curies":[{"name":"wp","href":"https:\/\/api.w.org\/{rel}","templated":true}]}}