{"id":259765,"date":"2026-03-15T00:06:01","date_gmt":"2026-03-14T23:06:01","guid":{"rendered":"https:\/\/schweizversand.ch\/produkt\/umbro-kuehlhandtuch\/"},"modified":"2026-04-19T02:03:12","modified_gmt":"2026-04-19T00:03:12","slug":"umbro-kuehlhandtuch","status":"publish","type":"product","link":"https:\/\/schweizversand.ch\/fr\/produkt\/umbro-kuehlhandtuch\/","title":{"rendered":"Serviette rafra\u00eechissante Umbro"},"content":{"rendered":"<p>La serviette rafra\u00eechissante UMBRO est fabriqu\u00e9e en microfibre douce et con\u00e7ue pour tous les sportifs.<\/p>\n<\/p>\n<p>Une serviette s\u00e8che absorbe instantan\u00e9ment la transpiration.<\/p>\n<\/p>\n<p>Pour l&rsquo;utiliser comme compresse apaisante ou serviette rafra\u00eechissante, il suffit de l&rsquo;imbiber.<\/p>\n<\/p>\n<p>Dimensions de la serviette\u00a0: 90\u00a0x\u00a030\u00a0cm (longueur\u00a0x\u00a0largeur)<\/p>\n<\/p>\n<p>Disponible en 3\u00a0couleurs\u00a0:<\/p>\n<\/p>\n<p>\u2022 bleu\/noir<\/p>\n<\/p>\n<p>\u2022 rouge\/noir<\/p>\n<\/p>\n<p>\u2022 jaune\/noir<\/p>\n<\/p>\n<p>La couleur ne peut \u00eatre choisie. Dans la mesure du possible, des couleurs assorties seront exp\u00e9di\u00e9es.<\/p>\n<\/p>\n<p>Prix unitaire<\/p>\n","protected":false},"excerpt":{"rendered":"<p>Umbro K\u00fchlhandtuch k\u00fchlt sofort nach dem Tr\u00e4nken, absorbiert Schwei\u00df schnell und sorgt mit weicher Mikrofaser f\u00fcr angenehmen Komfort \u2013 ideal f\u00fcr jeden Sportler.<\/p>\n","protected":false},"featured_media":158001,"comment_status":"open","ping_status":"closed","template":"","meta":[],"product_brand":[],"product_cat":[38520],"product_tag":[],"class_list":{"0":"post-259765","1":"product","2":"type-product","3":"status-publish","4":"has-post-thumbnail","6":"product_cat-fitness-textilien","7":"product_shipping_class-global_methods","9":"first","10":"instock","11":"taxable","12":"shipping-taxable","13":"purchasable","14":"product-type-simple"},"yoast_head":"<!-- This site is optimized with the Yoast SEO plugin v27.4 - https:\/\/yoast.com\/product\/yoast-seo-wordpress\/ -->\n<title>Umbro K\u00fchlhandtuch<\/title>\n<meta name=\"description\" content=\"Das UMBRO-K\u00fchlhandtuch besteht aus weicher Mikrofaser und ist f\u00fcr jeden Sporttreibenden gedacht. \u00a0 Ein trockenes Handtuch absorbiert sofort den Schwei\u00df. \u00a0 Um\" \/>\n<meta name=\"robots\" content=\"index, follow, max-snippet:-1, max-image-preview:large, max-video-preview:-1\" \/>\n<link rel=\"canonical\" href=\"https:\/\/schweizversand.ch\/fr\/produkt\/umbro-kuehlhandtuch\/\" \/>\n<meta property=\"og:locale\" content=\"fr_FR\" \/>\n<meta property=\"og:type\" content=\"article\" \/>\n<meta property=\"og:title\" content=\"Umbro K\u00fchlhandtuch\" \/>\n<meta property=\"og:description\" content=\"Das UMBRO-K\u00fchlhandtuch besteht aus weicher Mikrofaser und ist f\u00fcr jeden Sporttreibenden gedacht. \u00a0 Ein trockenes Handtuch absorbiert sofort den Schwei\u00df. \u00a0 Um\" \/>\n<meta property=\"og:url\" content=\"https:\/\/schweizversand.ch\/fr\/produkt\/umbro-kuehlhandtuch\/\" \/>\n<meta property=\"og:site_name\" content=\"Schweizer Shop f\u00fcr Sport, Spiel und Freizeit\" \/>\n<meta property=\"article:publisher\" content=\"https:\/\/www.facebook.com\/Schweizversand\" \/>\n<meta property=\"article:modified_time\" content=\"2026-04-19T00:03:12+00:00\" \/>\n<meta property=\"og:image\" content=\"https:\/\/schweizversand.ch\/wp-content\/uploads\/2026\/02\/5471650698.jpg\" \/>\n\t<meta property=\"og:image:width\" content=\"776\" \/>\n\t<meta property=\"og:image:height\" content=\"1024\" \/>\n\t<meta property=\"og:image:type\" content=\"image\/jpeg\" \/>\n<meta name=\"twitter:card\" content=\"summary_large_image\" \/>\n<script type=\"application\/ld+json\" class=\"yoast-schema-graph\">{\"@context\":\"https:\\\/\\\/schema.org\",\"@graph\":[{\"@type\":\"WebPage\",\"@id\":\"https:\\\/\\\/schweizversand.ch\\\/fr\\\/produkt\\\/umbro-kuehlhandtuch\\\/\",\"url\":\"https:\\\/\\\/schweizversand.ch\\\/fr\\\/produkt\\\/umbro-kuehlhandtuch\\\/\",\"name\":\"Umbro K\u00fchlhandtuch\",\"isPartOf\":{\"@id\":\"https:\\\/\\\/schweizversand.ch\\\/fr\\\/#website\"},\"primaryImageOfPage\":{\"@id\":\"https:\\\/\\\/schweizversand.ch\\\/fr\\\/produkt\\\/umbro-kuehlhandtuch\\\/#primaryimage\"},\"image\":{\"@id\":\"https:\\\/\\\/schweizversand.ch\\\/fr\\\/produkt\\\/umbro-kuehlhandtuch\\\/#primaryimage\"},\"thumbnailUrl\":\"https:\\\/\\\/schweizversand.ch\\\/wp-content\\\/uploads\\\/2026\\\/02\\\/5471650698.jpg\",\"datePublished\":\"2026-03-14T23:06:01+00:00\",\"dateModified\":\"2026-04-19T00:03:12+00:00\",\"description\":\"Das UMBRO-K\u00fchlhandtuch besteht aus weicher Mikrofaser und ist f\u00fcr jeden Sporttreibenden gedacht. \u00a0 Ein trockenes Handtuch absorbiert sofort den Schwei\u00df. \u00a0 Um\",\"breadcrumb\":{\"@id\":\"https:\\\/\\\/schweizversand.ch\\\/fr\\\/produkt\\\/umbro-kuehlhandtuch\\\/#breadcrumb\"},\"inLanguage\":\"fr-FR\",\"potentialAction\":[{\"@type\":\"ReadAction\",\"target\":[\"https:\\\/\\\/schweizversand.ch\\\/fr\\\/produkt\\\/umbro-kuehlhandtuch\\\/\"]}]},{\"@type\":\"ImageObject\",\"inLanguage\":\"fr-FR\",\"@id\":\"https:\\\/\\\/schweizversand.ch\\\/fr\\\/produkt\\\/umbro-kuehlhandtuch\\\/#primaryimage\",\"url\":\"https:\\\/\\\/schweizversand.ch\\\/wp-content\\\/uploads\\\/2026\\\/02\\\/5471650698.jpg\",\"contentUrl\":\"https:\\\/\\\/schweizversand.ch\\\/wp-content\\\/uploads\\\/2026\\\/02\\\/5471650698.jpg\",\"width\":776,\"height\":1024},{\"@type\":\"BreadcrumbList\",\"@id\":\"https:\\\/\\\/schweizversand.ch\\\/fr\\\/produkt\\\/umbro-kuehlhandtuch\\\/#breadcrumb\",\"itemListElement\":[{\"@type\":\"ListItem\",\"position\":1,\"name\":\"Startseite\",\"item\":\"https:\\\/\\\/schweizversand.ch\\\/fr\\\/home\\\/\"},{\"@type\":\"ListItem\",\"position\":2,\"name\":\"Boutique\",\"item\":\"https:\\\/\\\/schweizversand.ch\\\/fr\\\/boutique\\\/\"},{\"@type\":\"ListItem\",\"position\":3,\"name\":\"Sports\",\"item\":\"https:\\\/\\\/schweizversand.ch\\\/fr\\\/produkt-kategorie\\\/sports\\\/\"},{\"@type\":\"ListItem\",\"position\":4,\"name\":\"Fitness\",\"item\":\"https:\\\/\\\/schweizversand.ch\\\/fr\\\/produkt-kategorie\\\/sports\\\/fitness\\\/\"},{\"@type\":\"ListItem\",\"position\":5,\"name\":\"Textiles de fitness\",\"item\":\"https:\\\/\\\/schweizversand.ch\\\/fr\\\/produkt-kategorie\\\/sports\\\/fitness\\\/fitness-textilien\\\/\"},{\"@type\":\"ListItem\",\"position\":6,\"name\":\"Serviette rafra\u00eechissante Umbro\"}]},{\"@type\":\"WebSite\",\"@id\":\"https:\\\/\\\/schweizversand.ch\\\/fr\\\/#website\",\"url\":\"https:\\\/\\\/schweizversand.ch\\\/fr\\\/\",\"name\":\"Schweizer Shop f\u00fcr Sport, Spiel und Freizeit\",\"description\":\"Gratisversand ab 50.- (netto), ab eigenem schweizer Lager, Lieferung innert 48h\",\"publisher\":{\"@id\":\"https:\\\/\\\/schweizversand.ch\\\/fr\\\/#organization\"},\"alternateName\":\"Schweizversand.ch\",\"potentialAction\":[{\"@type\":\"SearchAction\",\"target\":{\"@type\":\"EntryPoint\",\"urlTemplate\":\"https:\\\/\\\/schweizversand.ch\\\/fr\\\/?s={search_term_string}\"},\"query-input\":{\"@type\":\"PropertyValueSpecification\",\"valueRequired\":true,\"valueName\":\"search_term_string\"}}],\"inLanguage\":\"fr-FR\"},{\"@type\":\"Organization\",\"@id\":\"https:\\\/\\\/schweizversand.ch\\\/fr\\\/#organization\",\"name\":\"Schweizversand.ch\",\"url\":\"https:\\\/\\\/schweizversand.ch\\\/fr\\\/\",\"logo\":{\"@type\":\"ImageObject\",\"inLanguage\":\"fr-FR\",\"@id\":\"https:\\\/\\\/schweizversand.ch\\\/fr\\\/#\\\/schema\\\/logo\\\/image\\\/\",\"url\":\"https:\\\/\\\/schweizversand.ch\\\/wp-content\\\/uploads\\\/2026\\\/03\\\/Logo_Rund_Final-1.png\",\"contentUrl\":\"https:\\\/\\\/schweizversand.ch\\\/wp-content\\\/uploads\\\/2026\\\/03\\\/Logo_Rund_Final-1.png\",\"width\":404,\"height\":404,\"caption\":\"Schweizversand.ch\"},\"image\":{\"@id\":\"https:\\\/\\\/schweizversand.ch\\\/fr\\\/#\\\/schema\\\/logo\\\/image\\\/\"},\"sameAs\":[\"https:\\\/\\\/www.facebook.com\\\/Schweizversand\",\"https:\\\/\\\/www.instagram.com\\\/schweizversand.ch\\\/\"]}]}<\/script>\n<!-- \/ Yoast SEO plugin. -->","yoast_head_json":{"title":"Umbro K\u00fchlhandtuch","description":"Das UMBRO-K\u00fchlhandtuch besteht aus weicher Mikrofaser und ist f\u00fcr jeden Sporttreibenden gedacht. \u00a0 Ein trockenes Handtuch absorbiert sofort den Schwei\u00df. \u00a0 Um","robots":{"index":"index","follow":"follow","max-snippet":"max-snippet:-1","max-image-preview":"max-image-preview:large","max-video-preview":"max-video-preview:-1"},"canonical":"https:\/\/schweizversand.ch\/fr\/produkt\/umbro-kuehlhandtuch\/","og_locale":"fr_FR","og_type":"article","og_title":"Umbro K\u00fchlhandtuch","og_description":"Das UMBRO-K\u00fchlhandtuch besteht aus weicher Mikrofaser und ist f\u00fcr jeden Sporttreibenden gedacht. \u00a0 Ein trockenes Handtuch absorbiert sofort den Schwei\u00df. \u00a0 Um","og_url":"https:\/\/schweizversand.ch\/fr\/produkt\/umbro-kuehlhandtuch\/","og_site_name":"Schweizer Shop f\u00fcr Sport, Spiel und Freizeit","article_publisher":"https:\/\/www.facebook.com\/Schweizversand","article_modified_time":"2026-04-19T00:03:12+00:00","og_image":[{"width":776,"height":1024,"url":"https:\/\/schweizversand.ch\/wp-content\/uploads\/2026\/02\/5471650698.jpg","type":"image\/jpeg"}],"twitter_card":"summary_large_image","schema":{"@context":"https:\/\/schema.org","@graph":[{"@type":"WebPage","@id":"https:\/\/schweizversand.ch\/fr\/produkt\/umbro-kuehlhandtuch\/","url":"https:\/\/schweizversand.ch\/fr\/produkt\/umbro-kuehlhandtuch\/","name":"Umbro K\u00fchlhandtuch","isPartOf":{"@id":"https:\/\/schweizversand.ch\/fr\/#website"},"primaryImageOfPage":{"@id":"https:\/\/schweizversand.ch\/fr\/produkt\/umbro-kuehlhandtuch\/#primaryimage"},"image":{"@id":"https:\/\/schweizversand.ch\/fr\/produkt\/umbro-kuehlhandtuch\/#primaryimage"},"thumbnailUrl":"https:\/\/schweizversand.ch\/wp-content\/uploads\/2026\/02\/5471650698.jpg","datePublished":"2026-03-14T23:06:01+00:00","dateModified":"2026-04-19T00:03:12+00:00","description":"Das UMBRO-K\u00fchlhandtuch besteht aus weicher Mikrofaser und ist f\u00fcr jeden Sporttreibenden gedacht. \u00a0 Ein trockenes Handtuch absorbiert sofort den Schwei\u00df. \u00a0 Um","breadcrumb":{"@id":"https:\/\/schweizversand.ch\/fr\/produkt\/umbro-kuehlhandtuch\/#breadcrumb"},"inLanguage":"fr-FR","potentialAction":[{"@type":"ReadAction","target":["https:\/\/schweizversand.ch\/fr\/produkt\/umbro-kuehlhandtuch\/"]}]},{"@type":"ImageObject","inLanguage":"fr-FR","@id":"https:\/\/schweizversand.ch\/fr\/produkt\/umbro-kuehlhandtuch\/#primaryimage","url":"https:\/\/schweizversand.ch\/wp-content\/uploads\/2026\/02\/5471650698.jpg","contentUrl":"https:\/\/schweizversand.ch\/wp-content\/uploads\/2026\/02\/5471650698.jpg","width":776,"height":1024},{"@type":"BreadcrumbList","@id":"https:\/\/schweizversand.ch\/fr\/produkt\/umbro-kuehlhandtuch\/#breadcrumb","itemListElement":[{"@type":"ListItem","position":1,"name":"Startseite","item":"https:\/\/schweizversand.ch\/fr\/home\/"},{"@type":"ListItem","position":2,"name":"Boutique","item":"https:\/\/schweizversand.ch\/fr\/boutique\/"},{"@type":"ListItem","position":3,"name":"Sports","item":"https:\/\/schweizversand.ch\/fr\/produkt-kategorie\/sports\/"},{"@type":"ListItem","position":4,"name":"Fitness","item":"https:\/\/schweizversand.ch\/fr\/produkt-kategorie\/sports\/fitness\/"},{"@type":"ListItem","position":5,"name":"Textiles de fitness","item":"https:\/\/schweizversand.ch\/fr\/produkt-kategorie\/sports\/fitness\/fitness-textilien\/"},{"@type":"ListItem","position":6,"name":"Serviette rafra\u00eechissante Umbro"}]},{"@type":"WebSite","@id":"https:\/\/schweizversand.ch\/fr\/#website","url":"https:\/\/schweizversand.ch\/fr\/","name":"Schweizer Shop f\u00fcr Sport, Spiel und Freizeit","description":"Gratisversand ab 50.- (netto), ab eigenem schweizer Lager, Lieferung innert 48h","publisher":{"@id":"https:\/\/schweizversand.ch\/fr\/#organization"},"alternateName":"Schweizversand.ch","potentialAction":[{"@type":"SearchAction","target":{"@type":"EntryPoint","urlTemplate":"https:\/\/schweizversand.ch\/fr\/?s={search_term_string}"},"query-input":{"@type":"PropertyValueSpecification","valueRequired":true,"valueName":"search_term_string"}}],"inLanguage":"fr-FR"},{"@type":"Organization","@id":"https:\/\/schweizversand.ch\/fr\/#organization","name":"Schweizversand.ch","url":"https:\/\/schweizversand.ch\/fr\/","logo":{"@type":"ImageObject","inLanguage":"fr-FR","@id":"https:\/\/schweizversand.ch\/fr\/#\/schema\/logo\/image\/","url":"https:\/\/schweizversand.ch\/wp-content\/uploads\/2026\/03\/Logo_Rund_Final-1.png","contentUrl":"https:\/\/schweizversand.ch\/wp-content\/uploads\/2026\/03\/Logo_Rund_Final-1.png","width":404,"height":404,"caption":"Schweizversand.ch"},"image":{"@id":"https:\/\/schweizversand.ch\/fr\/#\/schema\/logo\/image\/"},"sameAs":["https:\/\/www.facebook.com\/Schweizversand","https:\/\/www.instagram.com\/schweizversand.ch\/"]}]}},"jetpack_sharing_enabled":true,"_links":{"self":[{"href":"https:\/\/schweizversand.ch\/fr\/wp-json\/wp\/v2\/product\/259765","targetHints":{"allow":["GET"]}}],"collection":[{"href":"https:\/\/schweizversand.ch\/fr\/wp-json\/wp\/v2\/product"}],"about":[{"href":"https:\/\/schweizversand.ch\/fr\/wp-json\/wp\/v2\/types\/product"}],"replies":[{"embeddable":true,"href":"https:\/\/schweizversand.ch\/fr\/wp-json\/wp\/v2\/comments?post=259765"}],"wp:featuredmedia":[{"embeddable":true,"href":"https:\/\/schweizversand.ch\/fr\/wp-json\/wp\/v2\/media\/158001"}],"wp:attachment":[{"href":"https:\/\/schweizversand.ch\/fr\/wp-json\/wp\/v2\/media?parent=259765"}],"wp:term":[{"taxonomy":"product_brand","embeddable":true,"href":"https:\/\/schweizversand.ch\/fr\/wp-json\/wp\/v2\/product_brand?post=259765"},{"taxonomy":"product_cat","embeddable":true,"href":"https:\/\/schweizversand.ch\/fr\/wp-json\/wp\/v2\/product_cat?post=259765"},{"taxonomy":"product_tag","embeddable":true,"href":"https:\/\/schweizversand.ch\/fr\/wp-json\/wp\/v2\/product_tag?post=259765"}],"curies":[{"name":"wp","href":"https:\/\/api.w.org\/{rel}","templated":true}]}}