{"id":259766,"date":"2026-03-15T00:06:08","date_gmt":"2026-03-14T23:06:08","guid":{"rendered":"https:\/\/schweizversand.ch\/produkt\/waterzone-wasserspritzbaelle-9er-set\/"},"modified":"2026-04-19T02:03:14","modified_gmt":"2026-04-19T00:03:14","slug":"waterzone-wasserspritzbaelle-9er-set","status":"publish","type":"product","link":"https:\/\/schweizversand.ch\/fr\/produkt\/waterzone-wasserspritzbaelle-9er-set\/","title":{"rendered":"Boules de pulv\u00e9risation d&rsquo;eau Waterzone lot de 9"},"content":{"rendered":"<p>Parfaites pour l&rsquo;\u00e9t\u00e9 et les activit\u00e9s aquatiques\u00a0: avec les balles Waterzone Splash Balls, les enfants d\u00e8s 3\u00a0ans s&rsquo;amuseront comme des fous\u00a0! Ces balles color\u00e9es (jaune, verte et rouge) sont fabriqu\u00e9es en microfibre douce et mesurent 6\u00a0cm de diam\u00e8tre\u00a0: la taille id\u00e9ale pour lancer, attraper et s&rsquo;\u00e9clabousser.<\/p>\n<\/p>\n<p>D\u00e9tails du produit\u00a0:<\/p>\n<\/p>\n<p>\u2022 Lot de 9\u00a0balles Waterzone Splash Balls<\/p>\n<\/p>\n<p>\u2022 Couleurs\u00a0: Jaune, vert, rouge (assorties)<\/p>\n<\/p>\n<p>\u2022 Mati\u00e8re\u00a0: Microfibre douce<\/p>\n<\/p>\n<p>\u2022 Diam\u00e8tre\u00a0: 6\u00a0cm<\/p>\n<\/p>\n<p>\u2022 Convient aux enfants d\u00e8s 3\u00a0ans<\/p>\n<\/p>\n<p>Du plaisir partout dans l&rsquo;eau\u00a0!<\/p>\n<\/p>\n<p>\u00c0 la plage, \u00e0 la piscine ou au jardin, ces balles Waterzone Splash Balls sont l\u00e9g\u00e8res, faciles \u00e0 manipuler et garantissent des moments de fra\u00eecheur.<\/p>\n<\/p>\n<p>Achetez d\u00e8s maintenant le lot de 9\u00a0balles Waterzone Splash Balls et passez un \u00e9t\u00e9 inoubliable\u00a0!<\/p>\n","protected":false},"excerpt":{"rendered":"<p>Waterzone Wasserspritzb\u00e4lle 9er Set: Bunte, weiche Mikrofaserb\u00e4lle (6 cm) f\u00fcr spritzigen Sommer-Spa\u00df. Ideal zum Werfen, Fangen &amp; Planschen ab 3 Jahren. Jetzt entdecken!<\/p>\n","protected":false},"featured_media":158165,"comment_status":"open","ping_status":"closed","template":"","meta":[],"product_brand":[],"product_cat":[38366],"product_tag":[],"class_list":{"0":"post-259766","1":"product","2":"type-product","3":"status-publish","4":"has-post-thumbnail","6":"product_cat-wasserspielzeug","7":"product_shipping_class-global_methods","9":"first","10":"instock","11":"taxable","12":"shipping-taxable","13":"purchasable","14":"product-type-simple"},"yoast_head":"<!-- This site is optimized with the Yoast SEO plugin v27.4 - https:\/\/yoast.com\/product\/yoast-seo-wordpress\/ -->\n<title>Waterzone Wasserspritzb\u00e4lle 9er Set<\/title>\n<meta name=\"description\" content=\"Perfekt f\u00fcr den Sommer und Wasseraktivit\u00e4ten: Mit den Waterzone Spritzb\u00e4llen erleben Kinder ab 3 Jahren jede Menge spritzigen Spielspa\u00df. Die bunten B\u00e4lle in Gel\" \/>\n<meta name=\"robots\" content=\"index, follow, max-snippet:-1, max-image-preview:large, max-video-preview:-1\" \/>\n<link rel=\"canonical\" href=\"https:\/\/schweizversand.ch\/fr\/produkt\/waterzone-wasserspritzbaelle-9er-set\/\" \/>\n<meta property=\"og:locale\" content=\"fr_FR\" \/>\n<meta property=\"og:type\" content=\"article\" \/>\n<meta property=\"og:title\" content=\"Waterzone Wasserspritzb\u00e4lle 9er Set\" \/>\n<meta property=\"og:description\" content=\"Perfekt f\u00fcr den Sommer und Wasseraktivit\u00e4ten: Mit den Waterzone Spritzb\u00e4llen erleben Kinder ab 3 Jahren jede Menge spritzigen Spielspa\u00df. Die bunten B\u00e4lle in Gel\" \/>\n<meta property=\"og:url\" content=\"https:\/\/schweizversand.ch\/fr\/produkt\/waterzone-wasserspritzbaelle-9er-set\/\" \/>\n<meta property=\"og:site_name\" content=\"Schweizer Shop f\u00fcr Sport, Spiel und Freizeit\" \/>\n<meta property=\"article:publisher\" content=\"https:\/\/www.facebook.com\/Schweizversand\" \/>\n<meta property=\"article:modified_time\" content=\"2026-04-19T00:03:14+00:00\" \/>\n<meta property=\"og:image\" content=\"https:\/\/schweizversand.ch\/wp-content\/uploads\/2026\/02\/5471531272.jpg\" \/>\n\t<meta property=\"og:image:width\" content=\"989\" \/>\n\t<meta property=\"og:image:height\" content=\"1024\" \/>\n\t<meta property=\"og:image:type\" content=\"image\/jpeg\" \/>\n<meta name=\"twitter:card\" content=\"summary_large_image\" \/>\n<meta name=\"twitter:label1\" content=\"Dur\u00e9e de lecture estim\u00e9e\" \/>\n\t<meta name=\"twitter:data1\" content=\"1 minute\" \/>\n<script type=\"application\/ld+json\" class=\"yoast-schema-graph\">{\"@context\":\"https:\\\/\\\/schema.org\",\"@graph\":[{\"@type\":\"WebPage\",\"@id\":\"https:\\\/\\\/schweizversand.ch\\\/fr\\\/produkt\\\/waterzone-wasserspritzbaelle-9er-set\\\/\",\"url\":\"https:\\\/\\\/schweizversand.ch\\\/fr\\\/produkt\\\/waterzone-wasserspritzbaelle-9er-set\\\/\",\"name\":\"Waterzone Wasserspritzb\u00e4lle 9er Set\",\"isPartOf\":{\"@id\":\"https:\\\/\\\/schweizversand.ch\\\/fr\\\/#website\"},\"primaryImageOfPage\":{\"@id\":\"https:\\\/\\\/schweizversand.ch\\\/fr\\\/produkt\\\/waterzone-wasserspritzbaelle-9er-set\\\/#primaryimage\"},\"image\":{\"@id\":\"https:\\\/\\\/schweizversand.ch\\\/fr\\\/produkt\\\/waterzone-wasserspritzbaelle-9er-set\\\/#primaryimage\"},\"thumbnailUrl\":\"https:\\\/\\\/schweizversand.ch\\\/wp-content\\\/uploads\\\/2026\\\/02\\\/5471531272.jpg\",\"datePublished\":\"2026-03-14T23:06:08+00:00\",\"dateModified\":\"2026-04-19T00:03:14+00:00\",\"description\":\"Perfekt f\u00fcr den Sommer und Wasseraktivit\u00e4ten: Mit den Waterzone Spritzb\u00e4llen erleben Kinder ab 3 Jahren jede Menge spritzigen Spielspa\u00df. Die bunten B\u00e4lle in Gel\",\"breadcrumb\":{\"@id\":\"https:\\\/\\\/schweizversand.ch\\\/fr\\\/produkt\\\/waterzone-wasserspritzbaelle-9er-set\\\/#breadcrumb\"},\"inLanguage\":\"fr-FR\",\"potentialAction\":[{\"@type\":\"ReadAction\",\"target\":[\"https:\\\/\\\/schweizversand.ch\\\/fr\\\/produkt\\\/waterzone-wasserspritzbaelle-9er-set\\\/\"]}]},{\"@type\":\"ImageObject\",\"inLanguage\":\"fr-FR\",\"@id\":\"https:\\\/\\\/schweizversand.ch\\\/fr\\\/produkt\\\/waterzone-wasserspritzbaelle-9er-set\\\/#primaryimage\",\"url\":\"https:\\\/\\\/schweizversand.ch\\\/wp-content\\\/uploads\\\/2026\\\/02\\\/5471531272.jpg\",\"contentUrl\":\"https:\\\/\\\/schweizversand.ch\\\/wp-content\\\/uploads\\\/2026\\\/02\\\/5471531272.jpg\",\"width\":989,\"height\":1024},{\"@type\":\"BreadcrumbList\",\"@id\":\"https:\\\/\\\/schweizversand.ch\\\/fr\\\/produkt\\\/waterzone-wasserspritzbaelle-9er-set\\\/#breadcrumb\",\"itemListElement\":[{\"@type\":\"ListItem\",\"position\":1,\"name\":\"Startseite\",\"item\":\"https:\\\/\\\/schweizversand.ch\\\/fr\\\/home\\\/\"},{\"@type\":\"ListItem\",\"position\":2,\"name\":\"Boutique\",\"item\":\"https:\\\/\\\/schweizversand.ch\\\/fr\\\/boutique\\\/\"},{\"@type\":\"ListItem\",\"position\":3,\"name\":\"Jouets et jeux\",\"item\":\"https:\\\/\\\/schweizversand.ch\\\/fr\\\/produkt-kategorie\\\/jouets-et-jeux\\\/\"},{\"@type\":\"ListItem\",\"position\":4,\"name\":\"Jeux d'ext\u00e9rieur\",\"item\":\"https:\\\/\\\/schweizversand.ch\\\/fr\\\/produkt-kategorie\\\/jouets-et-jeux\\\/jeux-dexterieur\\\/\"},{\"@type\":\"ListItem\",\"position\":5,\"name\":\"Jeux d'eau\",\"item\":\"https:\\\/\\\/schweizversand.ch\\\/fr\\\/produkt-kategorie\\\/jouets-et-jeux\\\/jeux-dexterieur\\\/wasserspielzeug\\\/\"},{\"@type\":\"ListItem\",\"position\":6,\"name\":\"Boules de pulv\u00e9risation d&#8217;eau Waterzone lot de 9\"}]},{\"@type\":\"WebSite\",\"@id\":\"https:\\\/\\\/schweizversand.ch\\\/fr\\\/#website\",\"url\":\"https:\\\/\\\/schweizversand.ch\\\/fr\\\/\",\"name\":\"Schweizer Shop f\u00fcr Sport, Spiel und Freizeit\",\"description\":\"Gratisversand ab 50.- (netto), ab eigenem schweizer Lager, Lieferung innert 48h\",\"publisher\":{\"@id\":\"https:\\\/\\\/schweizversand.ch\\\/fr\\\/#organization\"},\"alternateName\":\"Schweizversand.ch\",\"potentialAction\":[{\"@type\":\"SearchAction\",\"target\":{\"@type\":\"EntryPoint\",\"urlTemplate\":\"https:\\\/\\\/schweizversand.ch\\\/fr\\\/?s={search_term_string}\"},\"query-input\":{\"@type\":\"PropertyValueSpecification\",\"valueRequired\":true,\"valueName\":\"search_term_string\"}}],\"inLanguage\":\"fr-FR\"},{\"@type\":\"Organization\",\"@id\":\"https:\\\/\\\/schweizversand.ch\\\/fr\\\/#organization\",\"name\":\"Schweizversand.ch\",\"url\":\"https:\\\/\\\/schweizversand.ch\\\/fr\\\/\",\"logo\":{\"@type\":\"ImageObject\",\"inLanguage\":\"fr-FR\",\"@id\":\"https:\\\/\\\/schweizversand.ch\\\/fr\\\/#\\\/schema\\\/logo\\\/image\\\/\",\"url\":\"https:\\\/\\\/schweizversand.ch\\\/wp-content\\\/uploads\\\/2026\\\/03\\\/Logo_Rund_Final-1.png\",\"contentUrl\":\"https:\\\/\\\/schweizversand.ch\\\/wp-content\\\/uploads\\\/2026\\\/03\\\/Logo_Rund_Final-1.png\",\"width\":404,\"height\":404,\"caption\":\"Schweizversand.ch\"},\"image\":{\"@id\":\"https:\\\/\\\/schweizversand.ch\\\/fr\\\/#\\\/schema\\\/logo\\\/image\\\/\"},\"sameAs\":[\"https:\\\/\\\/www.facebook.com\\\/Schweizversand\",\"https:\\\/\\\/www.instagram.com\\\/schweizversand.ch\\\/\"]}]}<\/script>\n<!-- \/ Yoast SEO plugin. -->","yoast_head_json":{"title":"Waterzone Wasserspritzb\u00e4lle 9er Set","description":"Perfekt f\u00fcr den Sommer und Wasseraktivit\u00e4ten: Mit den Waterzone Spritzb\u00e4llen erleben Kinder ab 3 Jahren jede Menge spritzigen Spielspa\u00df. Die bunten B\u00e4lle in Gel","robots":{"index":"index","follow":"follow","max-snippet":"max-snippet:-1","max-image-preview":"max-image-preview:large","max-video-preview":"max-video-preview:-1"},"canonical":"https:\/\/schweizversand.ch\/fr\/produkt\/waterzone-wasserspritzbaelle-9er-set\/","og_locale":"fr_FR","og_type":"article","og_title":"Waterzone Wasserspritzb\u00e4lle 9er Set","og_description":"Perfekt f\u00fcr den Sommer und Wasseraktivit\u00e4ten: Mit den Waterzone Spritzb\u00e4llen erleben Kinder ab 3 Jahren jede Menge spritzigen Spielspa\u00df. Die bunten B\u00e4lle in Gel","og_url":"https:\/\/schweizversand.ch\/fr\/produkt\/waterzone-wasserspritzbaelle-9er-set\/","og_site_name":"Schweizer Shop f\u00fcr Sport, Spiel und Freizeit","article_publisher":"https:\/\/www.facebook.com\/Schweizversand","article_modified_time":"2026-04-19T00:03:14+00:00","og_image":[{"width":989,"height":1024,"url":"https:\/\/schweizversand.ch\/wp-content\/uploads\/2026\/02\/5471531272.jpg","type":"image\/jpeg"}],"twitter_card":"summary_large_image","twitter_misc":{"Dur\u00e9e de lecture estim\u00e9e":"1 minute"},"schema":{"@context":"https:\/\/schema.org","@graph":[{"@type":"WebPage","@id":"https:\/\/schweizversand.ch\/fr\/produkt\/waterzone-wasserspritzbaelle-9er-set\/","url":"https:\/\/schweizversand.ch\/fr\/produkt\/waterzone-wasserspritzbaelle-9er-set\/","name":"Waterzone Wasserspritzb\u00e4lle 9er Set","isPartOf":{"@id":"https:\/\/schweizversand.ch\/fr\/#website"},"primaryImageOfPage":{"@id":"https:\/\/schweizversand.ch\/fr\/produkt\/waterzone-wasserspritzbaelle-9er-set\/#primaryimage"},"image":{"@id":"https:\/\/schweizversand.ch\/fr\/produkt\/waterzone-wasserspritzbaelle-9er-set\/#primaryimage"},"thumbnailUrl":"https:\/\/schweizversand.ch\/wp-content\/uploads\/2026\/02\/5471531272.jpg","datePublished":"2026-03-14T23:06:08+00:00","dateModified":"2026-04-19T00:03:14+00:00","description":"Perfekt f\u00fcr den Sommer und Wasseraktivit\u00e4ten: Mit den Waterzone Spritzb\u00e4llen erleben Kinder ab 3 Jahren jede Menge spritzigen Spielspa\u00df. Die bunten B\u00e4lle in Gel","breadcrumb":{"@id":"https:\/\/schweizversand.ch\/fr\/produkt\/waterzone-wasserspritzbaelle-9er-set\/#breadcrumb"},"inLanguage":"fr-FR","potentialAction":[{"@type":"ReadAction","target":["https:\/\/schweizversand.ch\/fr\/produkt\/waterzone-wasserspritzbaelle-9er-set\/"]}]},{"@type":"ImageObject","inLanguage":"fr-FR","@id":"https:\/\/schweizversand.ch\/fr\/produkt\/waterzone-wasserspritzbaelle-9er-set\/#primaryimage","url":"https:\/\/schweizversand.ch\/wp-content\/uploads\/2026\/02\/5471531272.jpg","contentUrl":"https:\/\/schweizversand.ch\/wp-content\/uploads\/2026\/02\/5471531272.jpg","width":989,"height":1024},{"@type":"BreadcrumbList","@id":"https:\/\/schweizversand.ch\/fr\/produkt\/waterzone-wasserspritzbaelle-9er-set\/#breadcrumb","itemListElement":[{"@type":"ListItem","position":1,"name":"Startseite","item":"https:\/\/schweizversand.ch\/fr\/home\/"},{"@type":"ListItem","position":2,"name":"Boutique","item":"https:\/\/schweizversand.ch\/fr\/boutique\/"},{"@type":"ListItem","position":3,"name":"Jouets et jeux","item":"https:\/\/schweizversand.ch\/fr\/produkt-kategorie\/jouets-et-jeux\/"},{"@type":"ListItem","position":4,"name":"Jeux d'ext\u00e9rieur","item":"https:\/\/schweizversand.ch\/fr\/produkt-kategorie\/jouets-et-jeux\/jeux-dexterieur\/"},{"@type":"ListItem","position":5,"name":"Jeux d'eau","item":"https:\/\/schweizversand.ch\/fr\/produkt-kategorie\/jouets-et-jeux\/jeux-dexterieur\/wasserspielzeug\/"},{"@type":"ListItem","position":6,"name":"Boules de pulv\u00e9risation d&#8217;eau Waterzone lot de 9"}]},{"@type":"WebSite","@id":"https:\/\/schweizversand.ch\/fr\/#website","url":"https:\/\/schweizversand.ch\/fr\/","name":"Schweizer Shop f\u00fcr Sport, Spiel und Freizeit","description":"Gratisversand ab 50.- (netto), ab eigenem schweizer Lager, Lieferung innert 48h","publisher":{"@id":"https:\/\/schweizversand.ch\/fr\/#organization"},"alternateName":"Schweizversand.ch","potentialAction":[{"@type":"SearchAction","target":{"@type":"EntryPoint","urlTemplate":"https:\/\/schweizversand.ch\/fr\/?s={search_term_string}"},"query-input":{"@type":"PropertyValueSpecification","valueRequired":true,"valueName":"search_term_string"}}],"inLanguage":"fr-FR"},{"@type":"Organization","@id":"https:\/\/schweizversand.ch\/fr\/#organization","name":"Schweizversand.ch","url":"https:\/\/schweizversand.ch\/fr\/","logo":{"@type":"ImageObject","inLanguage":"fr-FR","@id":"https:\/\/schweizversand.ch\/fr\/#\/schema\/logo\/image\/","url":"https:\/\/schweizversand.ch\/wp-content\/uploads\/2026\/03\/Logo_Rund_Final-1.png","contentUrl":"https:\/\/schweizversand.ch\/wp-content\/uploads\/2026\/03\/Logo_Rund_Final-1.png","width":404,"height":404,"caption":"Schweizversand.ch"},"image":{"@id":"https:\/\/schweizversand.ch\/fr\/#\/schema\/logo\/image\/"},"sameAs":["https:\/\/www.facebook.com\/Schweizversand","https:\/\/www.instagram.com\/schweizversand.ch\/"]}]}},"jetpack_sharing_enabled":true,"_links":{"self":[{"href":"https:\/\/schweizversand.ch\/fr\/wp-json\/wp\/v2\/product\/259766","targetHints":{"allow":["GET"]}}],"collection":[{"href":"https:\/\/schweizversand.ch\/fr\/wp-json\/wp\/v2\/product"}],"about":[{"href":"https:\/\/schweizversand.ch\/fr\/wp-json\/wp\/v2\/types\/product"}],"replies":[{"embeddable":true,"href":"https:\/\/schweizversand.ch\/fr\/wp-json\/wp\/v2\/comments?post=259766"}],"wp:featuredmedia":[{"embeddable":true,"href":"https:\/\/schweizversand.ch\/fr\/wp-json\/wp\/v2\/media\/158165"}],"wp:attachment":[{"href":"https:\/\/schweizversand.ch\/fr\/wp-json\/wp\/v2\/media?parent=259766"}],"wp:term":[{"taxonomy":"product_brand","embeddable":true,"href":"https:\/\/schweizversand.ch\/fr\/wp-json\/wp\/v2\/product_brand?post=259766"},{"taxonomy":"product_cat","embeddable":true,"href":"https:\/\/schweizversand.ch\/fr\/wp-json\/wp\/v2\/product_cat?post=259766"},{"taxonomy":"product_tag","embeddable":true,"href":"https:\/\/schweizversand.ch\/fr\/wp-json\/wp\/v2\/product_tag?post=259766"}],"curies":[{"name":"wp","href":"https:\/\/api.w.org\/{rel}","templated":true}]}}