{"id":259768,"date":"2026-03-15T00:06:13","date_gmt":"2026-03-14T23:06:13","guid":{"rendered":"https:\/\/schweizversand.ch\/produkt\/fyasa-kinderkostuem-schuettelfrost-maedchen\/"},"modified":"2026-04-20T02:03:02","modified_gmt":"2026-04-20T00:03:02","slug":"fyasa-kinderkostuem-schuettelfrost-maedchen","status":"publish","type":"product","link":"https:\/\/schweizversand.ch\/fr\/produkt\/fyasa-kinderkostuem-schuettelfrost-maedchen\/","title":{"rendered":"D\u00e9guisement pour enfants fyasa \u00ab Fille frissonnante \u00bb"},"content":{"rendered":"<p>D\u00e9guisement enfant \u00ab\u00a0Fille frissonnante\u00a0\u00bb &#8211; Effrayant et magnifique pour Halloween\u00a0!<\/p>\n<p>Avec ce d\u00e9guisement, votre enfant fera frissonner tout le monde\u00a0! Le costume de Fyasa est parfait pour Halloween, les f\u00eates \u00e0 th\u00e8me horreur ou les \u00e9v\u00e9nements scolaires effrayants. \u00c0 la fois mignon et inqui\u00e9tant, il ne passera pas inaper\u00e7u\u00a0!<\/p>\n<p>D\u00e9tails du produit\u00a0:<\/p>\n<p>\u2022 Comprend\u00a0: Robe style jumeaux effrayant<\/p>\n<p>\u2022 Id\u00e9al pour Halloween et les f\u00eates \u00e0 th\u00e8me horreur<\/p>\n","protected":false},"excerpt":{"rendered":"<p>fyasa Kinderkost\u00fcm \u00ab\u00a0Sch\u00fcttelfrost M\u00e4dchen\u00a0\u00bb \u2013 Schaurig niedlich und perfekt f\u00fcr Halloween. Grusel-Zwillingskleid sorgt f\u00fcr G\u00e4nsehaut bei jeder Horror-Party und Schulveranstaltung!<\/p>\n","protected":false},"featured_media":158308,"comment_status":"open","ping_status":"closed","template":"","meta":[],"product_brand":[],"product_cat":[38120],"product_tag":[],"class_list":{"0":"post-259768","1":"product","2":"type-product","3":"status-publish","4":"has-post-thumbnail","6":"product_cat-kostueme","7":"product_shipping_class-global_methods","9":"first","10":"instock","11":"taxable","12":"shipping-taxable","13":"purchasable","14":"product-type-simple"},"yoast_head":"<!-- This site is optimized with the Yoast SEO plugin v27.4 - https:\/\/yoast.com\/product\/yoast-seo-wordpress\/ -->\n<title>fyasa Kinderkost\u00fcm &quot;Sch\u00fcttelfrost M\u00e4dchen&quot;<\/title>\n<meta name=\"description\" content=\"Kinderkost\u00fcm &quot;Sch\u00fcttelfrost M\u00e4dchen&quot; \u2013 Schaurig sch\u00f6n zu Halloween! Mit diesem Kinderkost\u00fcm sorgt dein Kind garantiert f\u00fcr G\u00e4nsehaut! Das Kost\u00fcm von Fyasa ist\" \/>\n<meta name=\"robots\" content=\"index, follow, max-snippet:-1, max-image-preview:large, max-video-preview:-1\" \/>\n<link rel=\"canonical\" href=\"https:\/\/schweizversand.ch\/fr\/produkt\/fyasa-kinderkostuem-schuettelfrost-maedchen\/\" \/>\n<meta property=\"og:locale\" content=\"fr_FR\" \/>\n<meta property=\"og:type\" content=\"article\" \/>\n<meta property=\"og:title\" content=\"fyasa Kinderkost\u00fcm &quot;Sch\u00fcttelfrost M\u00e4dchen&quot;\" \/>\n<meta property=\"og:description\" content=\"Kinderkost\u00fcm &quot;Sch\u00fcttelfrost M\u00e4dchen&quot; \u2013 Schaurig sch\u00f6n zu Halloween! Mit diesem Kinderkost\u00fcm sorgt dein Kind garantiert f\u00fcr G\u00e4nsehaut! Das Kost\u00fcm von Fyasa ist\" \/>\n<meta property=\"og:url\" content=\"https:\/\/schweizversand.ch\/fr\/produkt\/fyasa-kinderkostuem-schuettelfrost-maedchen\/\" \/>\n<meta property=\"og:site_name\" content=\"Schweizer Shop f\u00fcr Sport, Spiel und Freizeit\" \/>\n<meta property=\"article:publisher\" content=\"https:\/\/www.facebook.com\/Schweizversand\" \/>\n<meta property=\"article:modified_time\" content=\"2026-04-20T00:03:02+00:00\" \/>\n<meta property=\"og:image\" content=\"https:\/\/schweizversand.ch\/wp-content\/uploads\/2026\/02\/5471919664.jpg\" \/>\n\t<meta property=\"og:image:width\" content=\"1024\" \/>\n\t<meta property=\"og:image:height\" content=\"1024\" \/>\n\t<meta property=\"og:image:type\" content=\"image\/jpeg\" \/>\n<meta name=\"twitter:card\" content=\"summary_large_image\" \/>\n<script type=\"application\/ld+json\" class=\"yoast-schema-graph\">{\"@context\":\"https:\\\/\\\/schema.org\",\"@graph\":[{\"@type\":\"WebPage\",\"@id\":\"https:\\\/\\\/schweizversand.ch\\\/fr\\\/produkt\\\/fyasa-kinderkostuem-schuettelfrost-maedchen\\\/\",\"url\":\"https:\\\/\\\/schweizversand.ch\\\/fr\\\/produkt\\\/fyasa-kinderkostuem-schuettelfrost-maedchen\\\/\",\"name\":\"fyasa Kinderkost\u00fcm \\\"Sch\u00fcttelfrost M\u00e4dchen\\\"\",\"isPartOf\":{\"@id\":\"https:\\\/\\\/schweizversand.ch\\\/fr\\\/#website\"},\"primaryImageOfPage\":{\"@id\":\"https:\\\/\\\/schweizversand.ch\\\/fr\\\/produkt\\\/fyasa-kinderkostuem-schuettelfrost-maedchen\\\/#primaryimage\"},\"image\":{\"@id\":\"https:\\\/\\\/schweizversand.ch\\\/fr\\\/produkt\\\/fyasa-kinderkostuem-schuettelfrost-maedchen\\\/#primaryimage\"},\"thumbnailUrl\":\"https:\\\/\\\/schweizversand.ch\\\/wp-content\\\/uploads\\\/2026\\\/02\\\/5471919664.jpg\",\"datePublished\":\"2026-03-14T23:06:13+00:00\",\"dateModified\":\"2026-04-20T00:03:02+00:00\",\"description\":\"Kinderkost\u00fcm \\\"Sch\u00fcttelfrost M\u00e4dchen\\\" \u2013 Schaurig sch\u00f6n zu Halloween! Mit diesem Kinderkost\u00fcm sorgt dein Kind garantiert f\u00fcr G\u00e4nsehaut! Das Kost\u00fcm von Fyasa ist\",\"breadcrumb\":{\"@id\":\"https:\\\/\\\/schweizversand.ch\\\/fr\\\/produkt\\\/fyasa-kinderkostuem-schuettelfrost-maedchen\\\/#breadcrumb\"},\"inLanguage\":\"fr-FR\",\"potentialAction\":[{\"@type\":\"ReadAction\",\"target\":[\"https:\\\/\\\/schweizversand.ch\\\/fr\\\/produkt\\\/fyasa-kinderkostuem-schuettelfrost-maedchen\\\/\"]}]},{\"@type\":\"ImageObject\",\"inLanguage\":\"fr-FR\",\"@id\":\"https:\\\/\\\/schweizversand.ch\\\/fr\\\/produkt\\\/fyasa-kinderkostuem-schuettelfrost-maedchen\\\/#primaryimage\",\"url\":\"https:\\\/\\\/schweizversand.ch\\\/wp-content\\\/uploads\\\/2026\\\/02\\\/5471919664.jpg\",\"contentUrl\":\"https:\\\/\\\/schweizversand.ch\\\/wp-content\\\/uploads\\\/2026\\\/02\\\/5471919664.jpg\",\"width\":1024,\"height\":1024},{\"@type\":\"BreadcrumbList\",\"@id\":\"https:\\\/\\\/schweizversand.ch\\\/fr\\\/produkt\\\/fyasa-kinderkostuem-schuettelfrost-maedchen\\\/#breadcrumb\",\"itemListElement\":[{\"@type\":\"ListItem\",\"position\":1,\"name\":\"Startseite\",\"item\":\"https:\\\/\\\/schweizversand.ch\\\/fr\\\/home\\\/\"},{\"@type\":\"ListItem\",\"position\":2,\"name\":\"Boutique\",\"item\":\"https:\\\/\\\/schweizversand.ch\\\/fr\\\/boutique\\\/\"},{\"@type\":\"ListItem\",\"position\":3,\"name\":\"Mode\",\"item\":\"https:\\\/\\\/schweizversand.ch\\\/fr\\\/produkt-kategorie\\\/mode-fr\\\/\"},{\"@type\":\"ListItem\",\"position\":4,\"name\":\"Mode unisexe\",\"item\":\"https:\\\/\\\/schweizversand.ch\\\/fr\\\/produkt-kategorie\\\/mode-fr\\\/mode-unisexe\\\/\"},{\"@type\":\"ListItem\",\"position\":5,\"name\":\"Costumes\",\"item\":\"https:\\\/\\\/schweizversand.ch\\\/fr\\\/produkt-kategorie\\\/mode-fr\\\/mode-unisexe\\\/kostueme\\\/\"},{\"@type\":\"ListItem\",\"position\":6,\"name\":\"D\u00e9guisement pour enfants fyasa \u00ab Fille frissonnante \u00bb\"}]},{\"@type\":\"WebSite\",\"@id\":\"https:\\\/\\\/schweizversand.ch\\\/fr\\\/#website\",\"url\":\"https:\\\/\\\/schweizversand.ch\\\/fr\\\/\",\"name\":\"Schweizer Shop f\u00fcr Sport, Spiel und Freizeit\",\"description\":\"Gratisversand ab 50.- (netto), ab eigenem schweizer Lager, Lieferung innert 48h\",\"publisher\":{\"@id\":\"https:\\\/\\\/schweizversand.ch\\\/fr\\\/#organization\"},\"alternateName\":\"Schweizversand.ch\",\"potentialAction\":[{\"@type\":\"SearchAction\",\"target\":{\"@type\":\"EntryPoint\",\"urlTemplate\":\"https:\\\/\\\/schweizversand.ch\\\/fr\\\/?s={search_term_string}\"},\"query-input\":{\"@type\":\"PropertyValueSpecification\",\"valueRequired\":true,\"valueName\":\"search_term_string\"}}],\"inLanguage\":\"fr-FR\"},{\"@type\":\"Organization\",\"@id\":\"https:\\\/\\\/schweizversand.ch\\\/fr\\\/#organization\",\"name\":\"Schweizversand.ch\",\"url\":\"https:\\\/\\\/schweizversand.ch\\\/fr\\\/\",\"logo\":{\"@type\":\"ImageObject\",\"inLanguage\":\"fr-FR\",\"@id\":\"https:\\\/\\\/schweizversand.ch\\\/fr\\\/#\\\/schema\\\/logo\\\/image\\\/\",\"url\":\"https:\\\/\\\/schweizversand.ch\\\/wp-content\\\/uploads\\\/2026\\\/03\\\/Logo_Rund_Final-1.png\",\"contentUrl\":\"https:\\\/\\\/schweizversand.ch\\\/wp-content\\\/uploads\\\/2026\\\/03\\\/Logo_Rund_Final-1.png\",\"width\":404,\"height\":404,\"caption\":\"Schweizversand.ch\"},\"image\":{\"@id\":\"https:\\\/\\\/schweizversand.ch\\\/fr\\\/#\\\/schema\\\/logo\\\/image\\\/\"},\"sameAs\":[\"https:\\\/\\\/www.facebook.com\\\/Schweizversand\",\"https:\\\/\\\/www.instagram.com\\\/schweizversand.ch\\\/\"]}]}<\/script>\n<!-- \/ Yoast SEO plugin. -->","yoast_head_json":{"title":"fyasa Kinderkost\u00fcm \"Sch\u00fcttelfrost M\u00e4dchen\"","description":"Kinderkost\u00fcm \"Sch\u00fcttelfrost M\u00e4dchen\" \u2013 Schaurig sch\u00f6n zu Halloween! Mit diesem Kinderkost\u00fcm sorgt dein Kind garantiert f\u00fcr G\u00e4nsehaut! Das Kost\u00fcm von Fyasa ist","robots":{"index":"index","follow":"follow","max-snippet":"max-snippet:-1","max-image-preview":"max-image-preview:large","max-video-preview":"max-video-preview:-1"},"canonical":"https:\/\/schweizversand.ch\/fr\/produkt\/fyasa-kinderkostuem-schuettelfrost-maedchen\/","og_locale":"fr_FR","og_type":"article","og_title":"fyasa Kinderkost\u00fcm \"Sch\u00fcttelfrost M\u00e4dchen\"","og_description":"Kinderkost\u00fcm \"Sch\u00fcttelfrost M\u00e4dchen\" \u2013 Schaurig sch\u00f6n zu Halloween! Mit diesem Kinderkost\u00fcm sorgt dein Kind garantiert f\u00fcr G\u00e4nsehaut! Das Kost\u00fcm von Fyasa ist","og_url":"https:\/\/schweizversand.ch\/fr\/produkt\/fyasa-kinderkostuem-schuettelfrost-maedchen\/","og_site_name":"Schweizer Shop f\u00fcr Sport, Spiel und Freizeit","article_publisher":"https:\/\/www.facebook.com\/Schweizversand","article_modified_time":"2026-04-20T00:03:02+00:00","og_image":[{"width":1024,"height":1024,"url":"https:\/\/schweizversand.ch\/wp-content\/uploads\/2026\/02\/5471919664.jpg","type":"image\/jpeg"}],"twitter_card":"summary_large_image","schema":{"@context":"https:\/\/schema.org","@graph":[{"@type":"WebPage","@id":"https:\/\/schweizversand.ch\/fr\/produkt\/fyasa-kinderkostuem-schuettelfrost-maedchen\/","url":"https:\/\/schweizversand.ch\/fr\/produkt\/fyasa-kinderkostuem-schuettelfrost-maedchen\/","name":"fyasa Kinderkost\u00fcm \"Sch\u00fcttelfrost M\u00e4dchen\"","isPartOf":{"@id":"https:\/\/schweizversand.ch\/fr\/#website"},"primaryImageOfPage":{"@id":"https:\/\/schweizversand.ch\/fr\/produkt\/fyasa-kinderkostuem-schuettelfrost-maedchen\/#primaryimage"},"image":{"@id":"https:\/\/schweizversand.ch\/fr\/produkt\/fyasa-kinderkostuem-schuettelfrost-maedchen\/#primaryimage"},"thumbnailUrl":"https:\/\/schweizversand.ch\/wp-content\/uploads\/2026\/02\/5471919664.jpg","datePublished":"2026-03-14T23:06:13+00:00","dateModified":"2026-04-20T00:03:02+00:00","description":"Kinderkost\u00fcm \"Sch\u00fcttelfrost M\u00e4dchen\" \u2013 Schaurig sch\u00f6n zu Halloween! Mit diesem Kinderkost\u00fcm sorgt dein Kind garantiert f\u00fcr G\u00e4nsehaut! Das Kost\u00fcm von Fyasa ist","breadcrumb":{"@id":"https:\/\/schweizversand.ch\/fr\/produkt\/fyasa-kinderkostuem-schuettelfrost-maedchen\/#breadcrumb"},"inLanguage":"fr-FR","potentialAction":[{"@type":"ReadAction","target":["https:\/\/schweizversand.ch\/fr\/produkt\/fyasa-kinderkostuem-schuettelfrost-maedchen\/"]}]},{"@type":"ImageObject","inLanguage":"fr-FR","@id":"https:\/\/schweizversand.ch\/fr\/produkt\/fyasa-kinderkostuem-schuettelfrost-maedchen\/#primaryimage","url":"https:\/\/schweizversand.ch\/wp-content\/uploads\/2026\/02\/5471919664.jpg","contentUrl":"https:\/\/schweizversand.ch\/wp-content\/uploads\/2026\/02\/5471919664.jpg","width":1024,"height":1024},{"@type":"BreadcrumbList","@id":"https:\/\/schweizversand.ch\/fr\/produkt\/fyasa-kinderkostuem-schuettelfrost-maedchen\/#breadcrumb","itemListElement":[{"@type":"ListItem","position":1,"name":"Startseite","item":"https:\/\/schweizversand.ch\/fr\/home\/"},{"@type":"ListItem","position":2,"name":"Boutique","item":"https:\/\/schweizversand.ch\/fr\/boutique\/"},{"@type":"ListItem","position":3,"name":"Mode","item":"https:\/\/schweizversand.ch\/fr\/produkt-kategorie\/mode-fr\/"},{"@type":"ListItem","position":4,"name":"Mode unisexe","item":"https:\/\/schweizversand.ch\/fr\/produkt-kategorie\/mode-fr\/mode-unisexe\/"},{"@type":"ListItem","position":5,"name":"Costumes","item":"https:\/\/schweizversand.ch\/fr\/produkt-kategorie\/mode-fr\/mode-unisexe\/kostueme\/"},{"@type":"ListItem","position":6,"name":"D\u00e9guisement pour enfants fyasa \u00ab Fille frissonnante \u00bb"}]},{"@type":"WebSite","@id":"https:\/\/schweizversand.ch\/fr\/#website","url":"https:\/\/schweizversand.ch\/fr\/","name":"Schweizer Shop f\u00fcr Sport, Spiel und Freizeit","description":"Gratisversand ab 50.- (netto), ab eigenem schweizer Lager, Lieferung innert 48h","publisher":{"@id":"https:\/\/schweizversand.ch\/fr\/#organization"},"alternateName":"Schweizversand.ch","potentialAction":[{"@type":"SearchAction","target":{"@type":"EntryPoint","urlTemplate":"https:\/\/schweizversand.ch\/fr\/?s={search_term_string}"},"query-input":{"@type":"PropertyValueSpecification","valueRequired":true,"valueName":"search_term_string"}}],"inLanguage":"fr-FR"},{"@type":"Organization","@id":"https:\/\/schweizversand.ch\/fr\/#organization","name":"Schweizversand.ch","url":"https:\/\/schweizversand.ch\/fr\/","logo":{"@type":"ImageObject","inLanguage":"fr-FR","@id":"https:\/\/schweizversand.ch\/fr\/#\/schema\/logo\/image\/","url":"https:\/\/schweizversand.ch\/wp-content\/uploads\/2026\/03\/Logo_Rund_Final-1.png","contentUrl":"https:\/\/schweizversand.ch\/wp-content\/uploads\/2026\/03\/Logo_Rund_Final-1.png","width":404,"height":404,"caption":"Schweizversand.ch"},"image":{"@id":"https:\/\/schweizversand.ch\/fr\/#\/schema\/logo\/image\/"},"sameAs":["https:\/\/www.facebook.com\/Schweizversand","https:\/\/www.instagram.com\/schweizversand.ch\/"]}]}},"jetpack_sharing_enabled":true,"_links":{"self":[{"href":"https:\/\/schweizversand.ch\/fr\/wp-json\/wp\/v2\/product\/259768","targetHints":{"allow":["GET"]}}],"collection":[{"href":"https:\/\/schweizversand.ch\/fr\/wp-json\/wp\/v2\/product"}],"about":[{"href":"https:\/\/schweizversand.ch\/fr\/wp-json\/wp\/v2\/types\/product"}],"replies":[{"embeddable":true,"href":"https:\/\/schweizversand.ch\/fr\/wp-json\/wp\/v2\/comments?post=259768"}],"wp:featuredmedia":[{"embeddable":true,"href":"https:\/\/schweizversand.ch\/fr\/wp-json\/wp\/v2\/media\/158308"}],"wp:attachment":[{"href":"https:\/\/schweizversand.ch\/fr\/wp-json\/wp\/v2\/media?parent=259768"}],"wp:term":[{"taxonomy":"product_brand","embeddable":true,"href":"https:\/\/schweizversand.ch\/fr\/wp-json\/wp\/v2\/product_brand?post=259768"},{"taxonomy":"product_cat","embeddable":true,"href":"https:\/\/schweizversand.ch\/fr\/wp-json\/wp\/v2\/product_cat?post=259768"},{"taxonomy":"product_tag","embeddable":true,"href":"https:\/\/schweizversand.ch\/fr\/wp-json\/wp\/v2\/product_tag?post=259768"}],"curies":[{"name":"wp","href":"https:\/\/api.w.org\/{rel}","templated":true}]}}