{"id":259771,"date":"2026-03-15T00:06:13","date_gmt":"2026-03-14T23:06:13","guid":{"rendered":"https:\/\/schweizversand.ch\/produkt\/fyasa-lange-blonde-peruecke\/"},"modified":"2026-04-19T02:03:15","modified_gmt":"2026-04-19T00:03:15","slug":"fyasa-lange-blonde-peruecke","status":"publish","type":"product","link":"https:\/\/schweizversand.ch\/fr\/produkt\/fyasa-lange-blonde-peruecke\/","title":{"rendered":"perruque blonde longue fyasa"},"content":{"rendered":"<p>Perruque blonde longue \u2013 Un look \u00e9l\u00e9gant pour tous vos d\u00e9guisements<\/p>\n<p>Transformez votre look en un instant avec cette perruque blonde longue\u00a0! Id\u00e9ale pour le carnaval, Mardi Gras, les soir\u00e9es \u00e0 th\u00e8me, le th\u00e9\u00e2tre ou vos d\u00e9guisements du quotidien, elle vous offre une allure glamour et une multitude de possibilit\u00e9s de coiffure.<\/p>\n<p>Confectionn\u00e9e en cheveux synth\u00e9tiques de haute qualit\u00e9, cette perruque est confortable et tient parfaitement en place gr\u00e2ce \u00e0 son filet \u00e9lastique.<\/p>\n","protected":false},"excerpt":{"rendered":"<p>fyasa Lange blonde Per\u00fccke \u00fcberzeugt mit hochwertigem Kunsthaar, bequemem Sitz und glamour\u00f6sem Look \u2013 perfekt f\u00fcr Karneval, Mottopartys und vielseitige Verkleidungen.<\/p>\n","protected":false},"featured_media":158311,"comment_status":"open","ping_status":"closed","template":"","meta":[],"product_brand":[],"product_cat":[38120],"product_tag":[],"class_list":{"0":"post-259771","1":"product","2":"type-product","3":"status-publish","4":"has-post-thumbnail","6":"product_cat-kostueme","7":"product_shipping_class-global_methods","9":"first","10":"instock","11":"taxable","12":"shipping-taxable","13":"purchasable","14":"product-type-simple"},"yoast_head":"<!-- This site is optimized with the Yoast SEO plugin v27.4 - https:\/\/yoast.com\/product\/yoast-seo-wordpress\/ -->\n<title>fyasa Lange blonde Per\u00fccke<\/title>\n<meta name=\"description\" content=\"Lange blonde Per\u00fccke \u2013 Eleganter Look f\u00fcr jede Verkleidung Verwandle deinen Look im Handumdrehen mit dieser langen, blonden Per\u00fccke! Ideal f\u00fcr Karneval, Faschi\" \/>\n<meta name=\"robots\" content=\"index, follow, max-snippet:-1, max-image-preview:large, max-video-preview:-1\" \/>\n<link rel=\"canonical\" href=\"https:\/\/schweizversand.ch\/fr\/produkt\/fyasa-lange-blonde-peruecke\/\" \/>\n<meta property=\"og:locale\" content=\"fr_FR\" \/>\n<meta property=\"og:type\" content=\"article\" \/>\n<meta property=\"og:title\" content=\"fyasa Lange blonde Per\u00fccke\" \/>\n<meta property=\"og:description\" content=\"Lange blonde Per\u00fccke \u2013 Eleganter Look f\u00fcr jede Verkleidung Verwandle deinen Look im Handumdrehen mit dieser langen, blonden Per\u00fccke! Ideal f\u00fcr Karneval, Faschi\" \/>\n<meta property=\"og:url\" content=\"https:\/\/schweizversand.ch\/fr\/produkt\/fyasa-lange-blonde-peruecke\/\" \/>\n<meta property=\"og:site_name\" content=\"Schweizer Shop f\u00fcr Sport, Spiel und Freizeit\" \/>\n<meta property=\"article:publisher\" content=\"https:\/\/www.facebook.com\/Schweizversand\" \/>\n<meta property=\"article:modified_time\" content=\"2026-04-19T00:03:15+00:00\" \/>\n<meta property=\"og:image\" content=\"https:\/\/schweizversand.ch\/wp-content\/uploads\/2026\/02\/5471926254.jpg\" \/>\n\t<meta property=\"og:image:width\" content=\"1024\" \/>\n\t<meta property=\"og:image:height\" content=\"1024\" \/>\n\t<meta property=\"og:image:type\" content=\"image\/jpeg\" \/>\n<meta name=\"twitter:card\" content=\"summary_large_image\" \/>\n<script type=\"application\/ld+json\" class=\"yoast-schema-graph\">{\"@context\":\"https:\\\/\\\/schema.org\",\"@graph\":[{\"@type\":\"WebPage\",\"@id\":\"https:\\\/\\\/schweizversand.ch\\\/fr\\\/produkt\\\/fyasa-lange-blonde-peruecke\\\/\",\"url\":\"https:\\\/\\\/schweizversand.ch\\\/fr\\\/produkt\\\/fyasa-lange-blonde-peruecke\\\/\",\"name\":\"fyasa Lange blonde Per\u00fccke\",\"isPartOf\":{\"@id\":\"https:\\\/\\\/schweizversand.ch\\\/fr\\\/#website\"},\"primaryImageOfPage\":{\"@id\":\"https:\\\/\\\/schweizversand.ch\\\/fr\\\/produkt\\\/fyasa-lange-blonde-peruecke\\\/#primaryimage\"},\"image\":{\"@id\":\"https:\\\/\\\/schweizversand.ch\\\/fr\\\/produkt\\\/fyasa-lange-blonde-peruecke\\\/#primaryimage\"},\"thumbnailUrl\":\"https:\\\/\\\/schweizversand.ch\\\/wp-content\\\/uploads\\\/2026\\\/02\\\/5471926254.jpg\",\"datePublished\":\"2026-03-14T23:06:13+00:00\",\"dateModified\":\"2026-04-19T00:03:15+00:00\",\"description\":\"Lange blonde Per\u00fccke \u2013 Eleganter Look f\u00fcr jede Verkleidung Verwandle deinen Look im Handumdrehen mit dieser langen, blonden Per\u00fccke! Ideal f\u00fcr Karneval, Faschi\",\"breadcrumb\":{\"@id\":\"https:\\\/\\\/schweizversand.ch\\\/fr\\\/produkt\\\/fyasa-lange-blonde-peruecke\\\/#breadcrumb\"},\"inLanguage\":\"fr-FR\",\"potentialAction\":[{\"@type\":\"ReadAction\",\"target\":[\"https:\\\/\\\/schweizversand.ch\\\/fr\\\/produkt\\\/fyasa-lange-blonde-peruecke\\\/\"]}]},{\"@type\":\"ImageObject\",\"inLanguage\":\"fr-FR\",\"@id\":\"https:\\\/\\\/schweizversand.ch\\\/fr\\\/produkt\\\/fyasa-lange-blonde-peruecke\\\/#primaryimage\",\"url\":\"https:\\\/\\\/schweizversand.ch\\\/wp-content\\\/uploads\\\/2026\\\/02\\\/5471926254.jpg\",\"contentUrl\":\"https:\\\/\\\/schweizversand.ch\\\/wp-content\\\/uploads\\\/2026\\\/02\\\/5471926254.jpg\",\"width\":1024,\"height\":1024},{\"@type\":\"BreadcrumbList\",\"@id\":\"https:\\\/\\\/schweizversand.ch\\\/fr\\\/produkt\\\/fyasa-lange-blonde-peruecke\\\/#breadcrumb\",\"itemListElement\":[{\"@type\":\"ListItem\",\"position\":1,\"name\":\"Startseite\",\"item\":\"https:\\\/\\\/schweizversand.ch\\\/fr\\\/home\\\/\"},{\"@type\":\"ListItem\",\"position\":2,\"name\":\"Boutique\",\"item\":\"https:\\\/\\\/schweizversand.ch\\\/fr\\\/boutique\\\/\"},{\"@type\":\"ListItem\",\"position\":3,\"name\":\"Mode\",\"item\":\"https:\\\/\\\/schweizversand.ch\\\/fr\\\/produkt-kategorie\\\/mode-fr\\\/\"},{\"@type\":\"ListItem\",\"position\":4,\"name\":\"Mode unisexe\",\"item\":\"https:\\\/\\\/schweizversand.ch\\\/fr\\\/produkt-kategorie\\\/mode-fr\\\/mode-unisexe\\\/\"},{\"@type\":\"ListItem\",\"position\":5,\"name\":\"Costumes\",\"item\":\"https:\\\/\\\/schweizversand.ch\\\/fr\\\/produkt-kategorie\\\/mode-fr\\\/mode-unisexe\\\/kostueme\\\/\"},{\"@type\":\"ListItem\",\"position\":6,\"name\":\"perruque blonde longue fyasa\"}]},{\"@type\":\"WebSite\",\"@id\":\"https:\\\/\\\/schweizversand.ch\\\/fr\\\/#website\",\"url\":\"https:\\\/\\\/schweizversand.ch\\\/fr\\\/\",\"name\":\"Schweizer Shop f\u00fcr Sport, Spiel und Freizeit\",\"description\":\"Gratisversand ab 50.- (netto), ab eigenem schweizer Lager, Lieferung innert 48h\",\"publisher\":{\"@id\":\"https:\\\/\\\/schweizversand.ch\\\/fr\\\/#organization\"},\"alternateName\":\"Schweizversand.ch\",\"potentialAction\":[{\"@type\":\"SearchAction\",\"target\":{\"@type\":\"EntryPoint\",\"urlTemplate\":\"https:\\\/\\\/schweizversand.ch\\\/fr\\\/?s={search_term_string}\"},\"query-input\":{\"@type\":\"PropertyValueSpecification\",\"valueRequired\":true,\"valueName\":\"search_term_string\"}}],\"inLanguage\":\"fr-FR\"},{\"@type\":\"Organization\",\"@id\":\"https:\\\/\\\/schweizversand.ch\\\/fr\\\/#organization\",\"name\":\"Schweizversand.ch\",\"url\":\"https:\\\/\\\/schweizversand.ch\\\/fr\\\/\",\"logo\":{\"@type\":\"ImageObject\",\"inLanguage\":\"fr-FR\",\"@id\":\"https:\\\/\\\/schweizversand.ch\\\/fr\\\/#\\\/schema\\\/logo\\\/image\\\/\",\"url\":\"https:\\\/\\\/schweizversand.ch\\\/wp-content\\\/uploads\\\/2026\\\/03\\\/Logo_Rund_Final-1.png\",\"contentUrl\":\"https:\\\/\\\/schweizversand.ch\\\/wp-content\\\/uploads\\\/2026\\\/03\\\/Logo_Rund_Final-1.png\",\"width\":404,\"height\":404,\"caption\":\"Schweizversand.ch\"},\"image\":{\"@id\":\"https:\\\/\\\/schweizversand.ch\\\/fr\\\/#\\\/schema\\\/logo\\\/image\\\/\"},\"sameAs\":[\"https:\\\/\\\/www.facebook.com\\\/Schweizversand\",\"https:\\\/\\\/www.instagram.com\\\/schweizversand.ch\\\/\"]}]}<\/script>\n<!-- \/ Yoast SEO plugin. -->","yoast_head_json":{"title":"fyasa Lange blonde Per\u00fccke","description":"Lange blonde Per\u00fccke \u2013 Eleganter Look f\u00fcr jede Verkleidung Verwandle deinen Look im Handumdrehen mit dieser langen, blonden Per\u00fccke! Ideal f\u00fcr Karneval, Faschi","robots":{"index":"index","follow":"follow","max-snippet":"max-snippet:-1","max-image-preview":"max-image-preview:large","max-video-preview":"max-video-preview:-1"},"canonical":"https:\/\/schweizversand.ch\/fr\/produkt\/fyasa-lange-blonde-peruecke\/","og_locale":"fr_FR","og_type":"article","og_title":"fyasa Lange blonde Per\u00fccke","og_description":"Lange blonde Per\u00fccke \u2013 Eleganter Look f\u00fcr jede Verkleidung Verwandle deinen Look im Handumdrehen mit dieser langen, blonden Per\u00fccke! Ideal f\u00fcr Karneval, Faschi","og_url":"https:\/\/schweizversand.ch\/fr\/produkt\/fyasa-lange-blonde-peruecke\/","og_site_name":"Schweizer Shop f\u00fcr Sport, Spiel und Freizeit","article_publisher":"https:\/\/www.facebook.com\/Schweizversand","article_modified_time":"2026-04-19T00:03:15+00:00","og_image":[{"width":1024,"height":1024,"url":"https:\/\/schweizversand.ch\/wp-content\/uploads\/2026\/02\/5471926254.jpg","type":"image\/jpeg"}],"twitter_card":"summary_large_image","schema":{"@context":"https:\/\/schema.org","@graph":[{"@type":"WebPage","@id":"https:\/\/schweizversand.ch\/fr\/produkt\/fyasa-lange-blonde-peruecke\/","url":"https:\/\/schweizversand.ch\/fr\/produkt\/fyasa-lange-blonde-peruecke\/","name":"fyasa Lange blonde Per\u00fccke","isPartOf":{"@id":"https:\/\/schweizversand.ch\/fr\/#website"},"primaryImageOfPage":{"@id":"https:\/\/schweizversand.ch\/fr\/produkt\/fyasa-lange-blonde-peruecke\/#primaryimage"},"image":{"@id":"https:\/\/schweizversand.ch\/fr\/produkt\/fyasa-lange-blonde-peruecke\/#primaryimage"},"thumbnailUrl":"https:\/\/schweizversand.ch\/wp-content\/uploads\/2026\/02\/5471926254.jpg","datePublished":"2026-03-14T23:06:13+00:00","dateModified":"2026-04-19T00:03:15+00:00","description":"Lange blonde Per\u00fccke \u2013 Eleganter Look f\u00fcr jede Verkleidung Verwandle deinen Look im Handumdrehen mit dieser langen, blonden Per\u00fccke! Ideal f\u00fcr Karneval, Faschi","breadcrumb":{"@id":"https:\/\/schweizversand.ch\/fr\/produkt\/fyasa-lange-blonde-peruecke\/#breadcrumb"},"inLanguage":"fr-FR","potentialAction":[{"@type":"ReadAction","target":["https:\/\/schweizversand.ch\/fr\/produkt\/fyasa-lange-blonde-peruecke\/"]}]},{"@type":"ImageObject","inLanguage":"fr-FR","@id":"https:\/\/schweizversand.ch\/fr\/produkt\/fyasa-lange-blonde-peruecke\/#primaryimage","url":"https:\/\/schweizversand.ch\/wp-content\/uploads\/2026\/02\/5471926254.jpg","contentUrl":"https:\/\/schweizversand.ch\/wp-content\/uploads\/2026\/02\/5471926254.jpg","width":1024,"height":1024},{"@type":"BreadcrumbList","@id":"https:\/\/schweizversand.ch\/fr\/produkt\/fyasa-lange-blonde-peruecke\/#breadcrumb","itemListElement":[{"@type":"ListItem","position":1,"name":"Startseite","item":"https:\/\/schweizversand.ch\/fr\/home\/"},{"@type":"ListItem","position":2,"name":"Boutique","item":"https:\/\/schweizversand.ch\/fr\/boutique\/"},{"@type":"ListItem","position":3,"name":"Mode","item":"https:\/\/schweizversand.ch\/fr\/produkt-kategorie\/mode-fr\/"},{"@type":"ListItem","position":4,"name":"Mode unisexe","item":"https:\/\/schweizversand.ch\/fr\/produkt-kategorie\/mode-fr\/mode-unisexe\/"},{"@type":"ListItem","position":5,"name":"Costumes","item":"https:\/\/schweizversand.ch\/fr\/produkt-kategorie\/mode-fr\/mode-unisexe\/kostueme\/"},{"@type":"ListItem","position":6,"name":"perruque blonde longue fyasa"}]},{"@type":"WebSite","@id":"https:\/\/schweizversand.ch\/fr\/#website","url":"https:\/\/schweizversand.ch\/fr\/","name":"Schweizer Shop f\u00fcr Sport, Spiel und Freizeit","description":"Gratisversand ab 50.- (netto), ab eigenem schweizer Lager, Lieferung innert 48h","publisher":{"@id":"https:\/\/schweizversand.ch\/fr\/#organization"},"alternateName":"Schweizversand.ch","potentialAction":[{"@type":"SearchAction","target":{"@type":"EntryPoint","urlTemplate":"https:\/\/schweizversand.ch\/fr\/?s={search_term_string}"},"query-input":{"@type":"PropertyValueSpecification","valueRequired":true,"valueName":"search_term_string"}}],"inLanguage":"fr-FR"},{"@type":"Organization","@id":"https:\/\/schweizversand.ch\/fr\/#organization","name":"Schweizversand.ch","url":"https:\/\/schweizversand.ch\/fr\/","logo":{"@type":"ImageObject","inLanguage":"fr-FR","@id":"https:\/\/schweizversand.ch\/fr\/#\/schema\/logo\/image\/","url":"https:\/\/schweizversand.ch\/wp-content\/uploads\/2026\/03\/Logo_Rund_Final-1.png","contentUrl":"https:\/\/schweizversand.ch\/wp-content\/uploads\/2026\/03\/Logo_Rund_Final-1.png","width":404,"height":404,"caption":"Schweizversand.ch"},"image":{"@id":"https:\/\/schweizversand.ch\/fr\/#\/schema\/logo\/image\/"},"sameAs":["https:\/\/www.facebook.com\/Schweizversand","https:\/\/www.instagram.com\/schweizversand.ch\/"]}]}},"jetpack_sharing_enabled":true,"_links":{"self":[{"href":"https:\/\/schweizversand.ch\/fr\/wp-json\/wp\/v2\/product\/259771","targetHints":{"allow":["GET"]}}],"collection":[{"href":"https:\/\/schweizversand.ch\/fr\/wp-json\/wp\/v2\/product"}],"about":[{"href":"https:\/\/schweizversand.ch\/fr\/wp-json\/wp\/v2\/types\/product"}],"replies":[{"embeddable":true,"href":"https:\/\/schweizversand.ch\/fr\/wp-json\/wp\/v2\/comments?post=259771"}],"wp:featuredmedia":[{"embeddable":true,"href":"https:\/\/schweizversand.ch\/fr\/wp-json\/wp\/v2\/media\/158311"}],"wp:attachment":[{"href":"https:\/\/schweizversand.ch\/fr\/wp-json\/wp\/v2\/media?parent=259771"}],"wp:term":[{"taxonomy":"product_brand","embeddable":true,"href":"https:\/\/schweizversand.ch\/fr\/wp-json\/wp\/v2\/product_brand?post=259771"},{"taxonomy":"product_cat","embeddable":true,"href":"https:\/\/schweizversand.ch\/fr\/wp-json\/wp\/v2\/product_cat?post=259771"},{"taxonomy":"product_tag","embeddable":true,"href":"https:\/\/schweizversand.ch\/fr\/wp-json\/wp\/v2\/product_tag?post=259771"}],"curies":[{"name":"wp","href":"https:\/\/api.w.org\/{rel}","templated":true}]}}