{"id":259772,"date":"2026-03-15T00:06:16","date_gmt":"2026-03-14T23:06:16","guid":{"rendered":"https:\/\/schweizversand.ch\/produkt\/waboba-wieners-circle-spiel\/"},"modified":"2026-04-21T15:33:31","modified_gmt":"2026-04-21T13:33:31","slug":"waboba-wieners-circle-spiel","status":"publish","type":"product","link":"https:\/\/schweizversand.ch\/fr\/produkt\/waboba-wieners-circle-spiel\/","title":{"rendered":"Le jeu du cercle de Waboba Wiener"},"content":{"rendered":"<div><strong>Le jeu du cercle de Wiener \u2013 Un jeu de lancer loufoque pour petits et grands\u00a0!<\/strong>\u00a0<\/p>\n<\/div>\n<div>Pr\u00eat pour des fous rires\u00a0? Dans le <strong>jeu du cercle de Wiener<\/strong>, le but est simple\u00a0: <strong>lancez la saucisse, visez la bouche et gagnez\u00a0!<\/strong><br \/> Ce jeu de cible hilarant garantit des heures de plaisir, o\u00f9 que ce soit\u00a0: <strong>dans le jardin, dans le jacuzzi, lors d\u2019une soir\u00e9e entre amis ou dans le salon<\/strong>.<\/strong>\u00a0<\/p>\n<\/div>\n<div>L\u00e9ger, portable et rapide \u00e0 installer, ce jeu promet des moments de pur bonheur.<\/strong> Accrochez la cible, prenez les saucisses et lancez-les\u00a0! Qui a le meilleur \u0153il pour viser\u00a0?<\/p>\n<\/div>\n<div><strong>Points forts\u00a0:<br \/><\/strong><\/div>\n<ul>\n<li><strong>Jeu de lancer amusant<\/strong> pour enfants, adolescents et Adultes\n<\/li>\n<li>Convient \u00e0 une utilisation int\u00e9rieure et ext\u00e9rieure \u2013 id\u00e9al pour les f\u00eates, les garden-parties et les soir\u00e9es en famille\n<\/li>\n<li><strong>Installation rapide et utilisable partout\n<\/li>\n<li>Comprend 1 cible + 2 saucisses AIRLYFT \u00e0 lancer\n<\/li>\n<li>Parfait pour les comp\u00e9titions et les d\u00e9fis \u2013 qui sera le \u00ab\u00a0Roi de Vienne\u00a0\u00bb\u00a0?\n<\/li>\n<li>Un cadeau id\u00e9al pour les anniversaires, No\u00ebl ou simplement pour rire un bon coup\n<\/li>\n<\/ul>\n<div><strong>Le jeu du cercle de Vienne<\/strong> \u2013 le jeu de lancer le plus dr\u00f4le depuis l\u2019invention des saucisses\u00a0!<br \/>Id\u00e9al pour tous ceux qui ont le sens de l\u2019humour et l\u2019envie de vivre une exp\u00e9rience totalement diff\u00e9rente\u00a0!<\/p>\n<\/div>\n","protected":false},"excerpt":{"rendered":"<p>Waboba Wiener\u2019s Circle Spiel \u2013 Lustiges Wurfspiel f\u00fcr drinnen und drau\u00dfen. Schnell aufgebaut, tragbar und ideal f\u00fcr Partys, Familie &amp; spannende Wettk\u00e4mpfe!<\/p>\n","protected":false},"featured_media":158383,"comment_status":"open","ping_status":"closed","template":"","meta":[],"product_brand":[],"product_cat":[38099],"product_tag":[],"class_list":{"0":"post-259772","1":"product","2":"type-product","3":"status-publish","4":"has-post-thumbnail","6":"product_cat-gesellschaftsspiel","7":"product_shipping_class-global_methods","9":"first","10":"instock","11":"taxable","12":"shipping-taxable","13":"purchasable","14":"product-type-simple"},"yoast_head":"<!-- This site is optimized with the Yoast SEO plugin v27.4 - https:\/\/yoast.com\/product\/yoast-seo-wordpress\/ -->\n<title>Waboba Wiener\u2019s Circle Spiel<\/title>\n<meta name=\"description\" content=\"Wiener\u2019s Circle Game \u2013 Das abgefahrene Wurfspiel f\u00fcr Gro\u00df und Klein! \u00a0 Bereit f\u00fcr jede Menge Lacher? Beim Wiener\u2019s Circle Game hei\u00dft es: Wirf die Wurst \u2013 triff\" \/>\n<meta name=\"robots\" content=\"index, follow, max-snippet:-1, max-image-preview:large, max-video-preview:-1\" \/>\n<link rel=\"canonical\" href=\"https:\/\/schweizversand.ch\/fr\/produkt\/waboba-wieners-circle-spiel\/\" \/>\n<meta property=\"og:locale\" content=\"fr_FR\" \/>\n<meta property=\"og:type\" content=\"article\" \/>\n<meta property=\"og:title\" content=\"Waboba Wiener\u2019s Circle Spiel\" \/>\n<meta property=\"og:description\" content=\"Wiener\u2019s Circle Game \u2013 Das abgefahrene Wurfspiel f\u00fcr Gro\u00df und Klein! \u00a0 Bereit f\u00fcr jede Menge Lacher? Beim Wiener\u2019s Circle Game hei\u00dft es: Wirf die Wurst \u2013 triff\" \/>\n<meta property=\"og:url\" content=\"https:\/\/schweizversand.ch\/fr\/produkt\/waboba-wieners-circle-spiel\/\" \/>\n<meta property=\"og:site_name\" content=\"Schweizer Shop f\u00fcr Sport, Spiel und Freizeit\" \/>\n<meta property=\"article:publisher\" content=\"https:\/\/www.facebook.com\/Schweizversand\" \/>\n<meta property=\"article:modified_time\" content=\"2026-04-21T13:33:31+00:00\" \/>\n<meta property=\"og:image\" content=\"https:\/\/schweizversand.ch\/wp-content\/uploads\/2026\/02\/5472035312.jpg\" \/>\n\t<meta property=\"og:image:width\" content=\"1024\" \/>\n\t<meta property=\"og:image:height\" content=\"683\" \/>\n\t<meta property=\"og:image:type\" content=\"image\/jpeg\" \/>\n<meta name=\"twitter:card\" content=\"summary_large_image\" \/>\n<meta name=\"twitter:label1\" content=\"Dur\u00e9e de lecture estim\u00e9e\" \/>\n\t<meta name=\"twitter:data1\" content=\"1 minute\" \/>\n<script type=\"application\/ld+json\" class=\"yoast-schema-graph\">{\"@context\":\"https:\\\/\\\/schema.org\",\"@graph\":[{\"@type\":\"WebPage\",\"@id\":\"https:\\\/\\\/schweizversand.ch\\\/fr\\\/produkt\\\/waboba-wieners-circle-spiel\\\/\",\"url\":\"https:\\\/\\\/schweizversand.ch\\\/fr\\\/produkt\\\/waboba-wieners-circle-spiel\\\/\",\"name\":\"Waboba Wiener\u2019s Circle Spiel\",\"isPartOf\":{\"@id\":\"https:\\\/\\\/schweizversand.ch\\\/fr\\\/#website\"},\"primaryImageOfPage\":{\"@id\":\"https:\\\/\\\/schweizversand.ch\\\/fr\\\/produkt\\\/waboba-wieners-circle-spiel\\\/#primaryimage\"},\"image\":{\"@id\":\"https:\\\/\\\/schweizversand.ch\\\/fr\\\/produkt\\\/waboba-wieners-circle-spiel\\\/#primaryimage\"},\"thumbnailUrl\":\"https:\\\/\\\/schweizversand.ch\\\/wp-content\\\/uploads\\\/2026\\\/02\\\/5472035312.jpg\",\"datePublished\":\"2026-03-14T23:06:16+00:00\",\"dateModified\":\"2026-04-21T13:33:31+00:00\",\"description\":\"Wiener\u2019s Circle Game \u2013 Das abgefahrene Wurfspiel f\u00fcr Gro\u00df und Klein! \u00a0 Bereit f\u00fcr jede Menge Lacher? Beim Wiener\u2019s Circle Game hei\u00dft es: Wirf die Wurst \u2013 triff\",\"breadcrumb\":{\"@id\":\"https:\\\/\\\/schweizversand.ch\\\/fr\\\/produkt\\\/waboba-wieners-circle-spiel\\\/#breadcrumb\"},\"inLanguage\":\"fr-FR\",\"potentialAction\":[{\"@type\":\"ReadAction\",\"target\":[\"https:\\\/\\\/schweizversand.ch\\\/fr\\\/produkt\\\/waboba-wieners-circle-spiel\\\/\"]}]},{\"@type\":\"ImageObject\",\"inLanguage\":\"fr-FR\",\"@id\":\"https:\\\/\\\/schweizversand.ch\\\/fr\\\/produkt\\\/waboba-wieners-circle-spiel\\\/#primaryimage\",\"url\":\"https:\\\/\\\/schweizversand.ch\\\/wp-content\\\/uploads\\\/2026\\\/02\\\/5472035312.jpg\",\"contentUrl\":\"https:\\\/\\\/schweizversand.ch\\\/wp-content\\\/uploads\\\/2026\\\/02\\\/5472035312.jpg\",\"width\":1024,\"height\":683},{\"@type\":\"BreadcrumbList\",\"@id\":\"https:\\\/\\\/schweizversand.ch\\\/fr\\\/produkt\\\/waboba-wieners-circle-spiel\\\/#breadcrumb\",\"itemListElement\":[{\"@type\":\"ListItem\",\"position\":1,\"name\":\"Startseite\",\"item\":\"https:\\\/\\\/schweizversand.ch\\\/fr\\\/home\\\/\"},{\"@type\":\"ListItem\",\"position\":2,\"name\":\"Boutique\",\"item\":\"https:\\\/\\\/schweizversand.ch\\\/fr\\\/boutique\\\/\"},{\"@type\":\"ListItem\",\"position\":3,\"name\":\"Jouets et jeux\",\"item\":\"https:\\\/\\\/schweizversand.ch\\\/fr\\\/produkt-kategorie\\\/jouets-et-jeux\\\/\"},{\"@type\":\"ListItem\",\"position\":4,\"name\":\"Jeux et puzzles\",\"item\":\"https:\\\/\\\/schweizversand.ch\\\/fr\\\/produkt-kategorie\\\/jouets-et-jeux\\\/jeux-et-puzzles\\\/\"},{\"@type\":\"ListItem\",\"position\":5,\"name\":\"Jeux de soci\u00e9t\u00e9\",\"item\":\"https:\\\/\\\/schweizversand.ch\\\/fr\\\/produkt-kategorie\\\/gesellschaftsspiel\\\/\"},{\"@type\":\"ListItem\",\"position\":6,\"name\":\"Le jeu du cercle de Waboba Wiener\"}]},{\"@type\":\"WebSite\",\"@id\":\"https:\\\/\\\/schweizversand.ch\\\/fr\\\/#website\",\"url\":\"https:\\\/\\\/schweizversand.ch\\\/fr\\\/\",\"name\":\"Schweizer Shop f\u00fcr Sport, Spiel und Freizeit\",\"description\":\"Gratisversand ab 50.- (netto), ab eigenem schweizer Lager, Lieferung innert 48h\",\"publisher\":{\"@id\":\"https:\\\/\\\/schweizversand.ch\\\/fr\\\/#organization\"},\"alternateName\":\"Schweizversand.ch\",\"potentialAction\":[{\"@type\":\"SearchAction\",\"target\":{\"@type\":\"EntryPoint\",\"urlTemplate\":\"https:\\\/\\\/schweizversand.ch\\\/fr\\\/?s={search_term_string}\"},\"query-input\":{\"@type\":\"PropertyValueSpecification\",\"valueRequired\":true,\"valueName\":\"search_term_string\"}}],\"inLanguage\":\"fr-FR\"},{\"@type\":\"Organization\",\"@id\":\"https:\\\/\\\/schweizversand.ch\\\/fr\\\/#organization\",\"name\":\"Schweizversand.ch\",\"url\":\"https:\\\/\\\/schweizversand.ch\\\/fr\\\/\",\"logo\":{\"@type\":\"ImageObject\",\"inLanguage\":\"fr-FR\",\"@id\":\"https:\\\/\\\/schweizversand.ch\\\/fr\\\/#\\\/schema\\\/logo\\\/image\\\/\",\"url\":\"https:\\\/\\\/schweizversand.ch\\\/wp-content\\\/uploads\\\/2026\\\/03\\\/Logo_Rund_Final-1.png\",\"contentUrl\":\"https:\\\/\\\/schweizversand.ch\\\/wp-content\\\/uploads\\\/2026\\\/03\\\/Logo_Rund_Final-1.png\",\"width\":404,\"height\":404,\"caption\":\"Schweizversand.ch\"},\"image\":{\"@id\":\"https:\\\/\\\/schweizversand.ch\\\/fr\\\/#\\\/schema\\\/logo\\\/image\\\/\"},\"sameAs\":[\"https:\\\/\\\/www.facebook.com\\\/Schweizversand\",\"https:\\\/\\\/www.instagram.com\\\/schweizversand.ch\\\/\"]}]}<\/script>\n<!-- \/ Yoast SEO plugin. -->","yoast_head_json":{"title":"Waboba Wiener\u2019s Circle Spiel","description":"Wiener\u2019s Circle Game \u2013 Das abgefahrene Wurfspiel f\u00fcr Gro\u00df und Klein! \u00a0 Bereit f\u00fcr jede Menge Lacher? Beim Wiener\u2019s Circle Game hei\u00dft es: Wirf die Wurst \u2013 triff","robots":{"index":"index","follow":"follow","max-snippet":"max-snippet:-1","max-image-preview":"max-image-preview:large","max-video-preview":"max-video-preview:-1"},"canonical":"https:\/\/schweizversand.ch\/fr\/produkt\/waboba-wieners-circle-spiel\/","og_locale":"fr_FR","og_type":"article","og_title":"Waboba Wiener\u2019s Circle Spiel","og_description":"Wiener\u2019s Circle Game \u2013 Das abgefahrene Wurfspiel f\u00fcr Gro\u00df und Klein! \u00a0 Bereit f\u00fcr jede Menge Lacher? Beim Wiener\u2019s Circle Game hei\u00dft es: Wirf die Wurst \u2013 triff","og_url":"https:\/\/schweizversand.ch\/fr\/produkt\/waboba-wieners-circle-spiel\/","og_site_name":"Schweizer Shop f\u00fcr Sport, Spiel und Freizeit","article_publisher":"https:\/\/www.facebook.com\/Schweizversand","article_modified_time":"2026-04-21T13:33:31+00:00","og_image":[{"width":1024,"height":683,"url":"https:\/\/schweizversand.ch\/wp-content\/uploads\/2026\/02\/5472035312.jpg","type":"image\/jpeg"}],"twitter_card":"summary_large_image","twitter_misc":{"Dur\u00e9e de lecture estim\u00e9e":"1 minute"},"schema":{"@context":"https:\/\/schema.org","@graph":[{"@type":"WebPage","@id":"https:\/\/schweizversand.ch\/fr\/produkt\/waboba-wieners-circle-spiel\/","url":"https:\/\/schweizversand.ch\/fr\/produkt\/waboba-wieners-circle-spiel\/","name":"Waboba Wiener\u2019s Circle Spiel","isPartOf":{"@id":"https:\/\/schweizversand.ch\/fr\/#website"},"primaryImageOfPage":{"@id":"https:\/\/schweizversand.ch\/fr\/produkt\/waboba-wieners-circle-spiel\/#primaryimage"},"image":{"@id":"https:\/\/schweizversand.ch\/fr\/produkt\/waboba-wieners-circle-spiel\/#primaryimage"},"thumbnailUrl":"https:\/\/schweizversand.ch\/wp-content\/uploads\/2026\/02\/5472035312.jpg","datePublished":"2026-03-14T23:06:16+00:00","dateModified":"2026-04-21T13:33:31+00:00","description":"Wiener\u2019s Circle Game \u2013 Das abgefahrene Wurfspiel f\u00fcr Gro\u00df und Klein! \u00a0 Bereit f\u00fcr jede Menge Lacher? Beim Wiener\u2019s Circle Game hei\u00dft es: Wirf die Wurst \u2013 triff","breadcrumb":{"@id":"https:\/\/schweizversand.ch\/fr\/produkt\/waboba-wieners-circle-spiel\/#breadcrumb"},"inLanguage":"fr-FR","potentialAction":[{"@type":"ReadAction","target":["https:\/\/schweizversand.ch\/fr\/produkt\/waboba-wieners-circle-spiel\/"]}]},{"@type":"ImageObject","inLanguage":"fr-FR","@id":"https:\/\/schweizversand.ch\/fr\/produkt\/waboba-wieners-circle-spiel\/#primaryimage","url":"https:\/\/schweizversand.ch\/wp-content\/uploads\/2026\/02\/5472035312.jpg","contentUrl":"https:\/\/schweizversand.ch\/wp-content\/uploads\/2026\/02\/5472035312.jpg","width":1024,"height":683},{"@type":"BreadcrumbList","@id":"https:\/\/schweizversand.ch\/fr\/produkt\/waboba-wieners-circle-spiel\/#breadcrumb","itemListElement":[{"@type":"ListItem","position":1,"name":"Startseite","item":"https:\/\/schweizversand.ch\/fr\/home\/"},{"@type":"ListItem","position":2,"name":"Boutique","item":"https:\/\/schweizversand.ch\/fr\/boutique\/"},{"@type":"ListItem","position":3,"name":"Jouets et jeux","item":"https:\/\/schweizversand.ch\/fr\/produkt-kategorie\/jouets-et-jeux\/"},{"@type":"ListItem","position":4,"name":"Jeux et puzzles","item":"https:\/\/schweizversand.ch\/fr\/produkt-kategorie\/jouets-et-jeux\/jeux-et-puzzles\/"},{"@type":"ListItem","position":5,"name":"Jeux de soci\u00e9t\u00e9","item":"https:\/\/schweizversand.ch\/fr\/produkt-kategorie\/gesellschaftsspiel\/"},{"@type":"ListItem","position":6,"name":"Le jeu du cercle de Waboba Wiener"}]},{"@type":"WebSite","@id":"https:\/\/schweizversand.ch\/fr\/#website","url":"https:\/\/schweizversand.ch\/fr\/","name":"Schweizer Shop f\u00fcr Sport, Spiel und Freizeit","description":"Gratisversand ab 50.- (netto), ab eigenem schweizer Lager, Lieferung innert 48h","publisher":{"@id":"https:\/\/schweizversand.ch\/fr\/#organization"},"alternateName":"Schweizversand.ch","potentialAction":[{"@type":"SearchAction","target":{"@type":"EntryPoint","urlTemplate":"https:\/\/schweizversand.ch\/fr\/?s={search_term_string}"},"query-input":{"@type":"PropertyValueSpecification","valueRequired":true,"valueName":"search_term_string"}}],"inLanguage":"fr-FR"},{"@type":"Organization","@id":"https:\/\/schweizversand.ch\/fr\/#organization","name":"Schweizversand.ch","url":"https:\/\/schweizversand.ch\/fr\/","logo":{"@type":"ImageObject","inLanguage":"fr-FR","@id":"https:\/\/schweizversand.ch\/fr\/#\/schema\/logo\/image\/","url":"https:\/\/schweizversand.ch\/wp-content\/uploads\/2026\/03\/Logo_Rund_Final-1.png","contentUrl":"https:\/\/schweizversand.ch\/wp-content\/uploads\/2026\/03\/Logo_Rund_Final-1.png","width":404,"height":404,"caption":"Schweizversand.ch"},"image":{"@id":"https:\/\/schweizversand.ch\/fr\/#\/schema\/logo\/image\/"},"sameAs":["https:\/\/www.facebook.com\/Schweizversand","https:\/\/www.instagram.com\/schweizversand.ch\/"]}]}},"jetpack_sharing_enabled":true,"_links":{"self":[{"href":"https:\/\/schweizversand.ch\/fr\/wp-json\/wp\/v2\/product\/259772","targetHints":{"allow":["GET"]}}],"collection":[{"href":"https:\/\/schweizversand.ch\/fr\/wp-json\/wp\/v2\/product"}],"about":[{"href":"https:\/\/schweizversand.ch\/fr\/wp-json\/wp\/v2\/types\/product"}],"replies":[{"embeddable":true,"href":"https:\/\/schweizversand.ch\/fr\/wp-json\/wp\/v2\/comments?post=259772"}],"wp:featuredmedia":[{"embeddable":true,"href":"https:\/\/schweizversand.ch\/fr\/wp-json\/wp\/v2\/media\/158383"}],"wp:attachment":[{"href":"https:\/\/schweizversand.ch\/fr\/wp-json\/wp\/v2\/media?parent=259772"}],"wp:term":[{"taxonomy":"product_brand","embeddable":true,"href":"https:\/\/schweizversand.ch\/fr\/wp-json\/wp\/v2\/product_brand?post=259772"},{"taxonomy":"product_cat","embeddable":true,"href":"https:\/\/schweizversand.ch\/fr\/wp-json\/wp\/v2\/product_cat?post=259772"},{"taxonomy":"product_tag","embeddable":true,"href":"https:\/\/schweizversand.ch\/fr\/wp-json\/wp\/v2\/product_tag?post=259772"}],"curies":[{"name":"wp","href":"https:\/\/api.w.org\/{rel}","templated":true}]}}