{"id":259773,"date":"2026-03-15T00:06:17","date_gmt":"2026-03-14T23:06:17","guid":{"rendered":"https:\/\/schweizversand.ch\/produkt\/xq-max-ellenbogenstuetze\/"},"modified":"2026-05-02T02:02:56","modified_gmt":"2026-05-02T00:02:56","slug":"xq-max-ellenbogenstuetze","status":"publish","type":"product","link":"https:\/\/schweizversand.ch\/fr\/produkt\/xq-max-ellenbogenstuetze\/","title":{"rendered":"Support de coude XQ Max"},"content":{"rendered":"<p>Cette coudi\u00e8re taille unique est fabriqu\u00e9e \u00e0 partir d&rsquo;un m\u00e9lange de mat\u00e9riaux sp\u00e9cialement s\u00e9lectionn\u00e9s pour offrir \u00e0 la fois soutien et confort. Voici le d\u00e9tail des mat\u00e9riaux utilis\u00e9s\u00a0:<\/p>\n<\/p>\n<p>\u2022 70\u00a0% laine\u00a0: La laine est une mati\u00e8re naturelle reconnue pour sa douceur et sa chaleur. Dans cette coudi\u00e8re, elle assure un confort optimal tout en offrant l&rsquo;\u00e9lasticit\u00e9 n\u00e9cessaire pour un bon ajustement.<\/p>\n<\/p>\n<p>\u2022 20\u00a0% \u00e9lasthanne\u00a0: L&rsquo;\u00e9lasthanne, \u00e9galement appel\u00e9 spandex, est une mati\u00e8re synth\u00e9tique tr\u00e8s \u00e9lastique. Son \u00e9lasticit\u00e9 permet un maintien confortable et ajust\u00e9 autour du coude.<\/p>\n<\/p>\n<p>\u2022 10\u00a0% polypropyl\u00e8ne\u00a0: Le polypropyl\u00e8ne est une mati\u00e8re synth\u00e9tique r\u00e9sistante \u00e0 l&rsquo;humidit\u00e9 et \u00e0 l&rsquo;abrasion. Il assure la durabilit\u00e9 et la long\u00e9vit\u00e9 de la coudi\u00e8re, lui permettant de conserver sa forme m\u00eame en cas d&rsquo;utilisation r\u00e9guli\u00e8re.<\/p>\n","protected":false},"excerpt":{"rendered":"<p>XQ Max Ellenbogenst\u00fctze: w\u00e4rmend &amp; elastisch dank 70% Wolle, 20% Elastan; robust durch Polypropylen; bietet optimalen Halt, Komfort &amp; Langlebigkeit bei Bewegung und Alltag.<\/p>\n","protected":false},"featured_media":243063,"comment_status":"open","ping_status":"closed","template":"","meta":[],"product_brand":[],"product_cat":[38645],"product_tag":[],"class_list":{"0":"post-259773","1":"product","2":"type-product","3":"status-publish","4":"has-post-thumbnail","6":"product_cat-fitnessartikel","7":"product_shipping_class-global_methods","9":"first","10":"instock","11":"taxable","12":"shipping-taxable","13":"purchasable","14":"product-type-simple"},"yoast_head":"<!-- This site is optimized with the Yoast SEO plugin v27.5 - https:\/\/yoast.com\/product\/yoast-seo-wordpress\/ -->\n<title>XQ Max Ellenbogenst\u00fctze<\/title>\n<meta name=\"description\" content=\"Hierbei handelt es sich um Restware. Die Ellenbogenst\u00fctze ist ungebraucht und originalverpackt. Produktbeschreibung: Die Ellenbogenst\u00fctze in Einheitsgr\u00f6\u00dfe beste\" \/>\n<meta name=\"robots\" content=\"index, follow, max-snippet:-1, max-image-preview:large, max-video-preview:-1\" \/>\n<link rel=\"canonical\" href=\"https:\/\/schweizversand.ch\/fr\/produkt\/xq-max-ellenbogenstuetze\/\" \/>\n<meta property=\"og:locale\" content=\"fr_FR\" \/>\n<meta property=\"og:type\" content=\"article\" \/>\n<meta property=\"og:title\" content=\"XQ Max Ellenbogenst\u00fctze\" \/>\n<meta property=\"og:description\" content=\"Hierbei handelt es sich um Restware. Die Ellenbogenst\u00fctze ist ungebraucht und originalverpackt. Produktbeschreibung: Die Ellenbogenst\u00fctze in Einheitsgr\u00f6\u00dfe beste\" \/>\n<meta property=\"og:url\" content=\"https:\/\/schweizversand.ch\/fr\/produkt\/xq-max-ellenbogenstuetze\/\" \/>\n<meta property=\"og:site_name\" content=\"Schweizer Shop f\u00fcr Sport, Spiel und Freizeit\" \/>\n<meta property=\"article:publisher\" content=\"https:\/\/www.facebook.com\/Schweizversand\" \/>\n<meta property=\"article:modified_time\" content=\"2026-05-02T00:02:56+00:00\" \/>\n<meta property=\"og:image\" content=\"https:\/\/schweizversand.ch\/wp-content\/uploads\/2026\/03\/5473307875-scaled.jpg\" \/>\n\t<meta property=\"og:image:width\" content=\"1920\" \/>\n\t<meta property=\"og:image:height\" content=\"2560\" \/>\n\t<meta property=\"og:image:type\" content=\"image\/jpeg\" \/>\n<meta name=\"twitter:card\" content=\"summary_large_image\" \/>\n<meta name=\"twitter:label1\" content=\"Dur\u00e9e de lecture estim\u00e9e\" \/>\n\t<meta name=\"twitter:data1\" content=\"1 minute\" \/>\n<script type=\"application\/ld+json\" class=\"yoast-schema-graph\">{\"@context\":\"https:\\\/\\\/schema.org\",\"@graph\":[{\"@type\":\"WebPage\",\"@id\":\"https:\\\/\\\/schweizversand.ch\\\/fr\\\/produkt\\\/xq-max-ellenbogenstuetze\\\/\",\"url\":\"https:\\\/\\\/schweizversand.ch\\\/fr\\\/produkt\\\/xq-max-ellenbogenstuetze\\\/\",\"name\":\"XQ Max Ellenbogenst\u00fctze\",\"isPartOf\":{\"@id\":\"https:\\\/\\\/schweizversand.ch\\\/fr\\\/#website\"},\"primaryImageOfPage\":{\"@id\":\"https:\\\/\\\/schweizversand.ch\\\/fr\\\/produkt\\\/xq-max-ellenbogenstuetze\\\/#primaryimage\"},\"image\":{\"@id\":\"https:\\\/\\\/schweizversand.ch\\\/fr\\\/produkt\\\/xq-max-ellenbogenstuetze\\\/#primaryimage\"},\"thumbnailUrl\":\"https:\\\/\\\/schweizversand.ch\\\/wp-content\\\/uploads\\\/2026\\\/03\\\/5473307875-scaled.jpg\",\"datePublished\":\"2026-03-14T23:06:17+00:00\",\"dateModified\":\"2026-05-02T00:02:56+00:00\",\"description\":\"Hierbei handelt es sich um Restware. Die Ellenbogenst\u00fctze ist ungebraucht und originalverpackt. Produktbeschreibung: Die Ellenbogenst\u00fctze in Einheitsgr\u00f6\u00dfe beste\",\"breadcrumb\":{\"@id\":\"https:\\\/\\\/schweizversand.ch\\\/fr\\\/produkt\\\/xq-max-ellenbogenstuetze\\\/#breadcrumb\"},\"inLanguage\":\"fr-FR\",\"potentialAction\":[{\"@type\":\"ReadAction\",\"target\":[\"https:\\\/\\\/schweizversand.ch\\\/fr\\\/produkt\\\/xq-max-ellenbogenstuetze\\\/\"]}]},{\"@type\":\"ImageObject\",\"inLanguage\":\"fr-FR\",\"@id\":\"https:\\\/\\\/schweizversand.ch\\\/fr\\\/produkt\\\/xq-max-ellenbogenstuetze\\\/#primaryimage\",\"url\":\"https:\\\/\\\/schweizversand.ch\\\/wp-content\\\/uploads\\\/2026\\\/03\\\/5473307875-scaled.jpg\",\"contentUrl\":\"https:\\\/\\\/schweizversand.ch\\\/wp-content\\\/uploads\\\/2026\\\/03\\\/5473307875-scaled.jpg\",\"width\":1920,\"height\":2560},{\"@type\":\"BreadcrumbList\",\"@id\":\"https:\\\/\\\/schweizversand.ch\\\/fr\\\/produkt\\\/xq-max-ellenbogenstuetze\\\/#breadcrumb\",\"itemListElement\":[{\"@type\":\"ListItem\",\"position\":1,\"name\":\"Startseite\",\"item\":\"https:\\\/\\\/schweizversand.ch\\\/fr\\\/home\\\/\"},{\"@type\":\"ListItem\",\"position\":2,\"name\":\"Boutique\",\"item\":\"https:\\\/\\\/schweizversand.ch\\\/fr\\\/boutique\\\/\"},{\"@type\":\"ListItem\",\"position\":3,\"name\":\"Articles de seconde qualit\u00e9\",\"item\":\"https:\\\/\\\/schweizversand.ch\\\/fr\\\/produkt-kategorie\\\/articles-de-seconde-qualite\\\/\"},{\"@type\":\"ListItem\",\"position\":4,\"name\":\"Sant\u00e9\",\"item\":\"https:\\\/\\\/schweizversand.ch\\\/fr\\\/produkt-kategorie\\\/articles-de-seconde-qualite\\\/fitnessartikel\\\/\"},{\"@type\":\"ListItem\",\"position\":5,\"name\":\"Support de coude XQ Max\"}]},{\"@type\":\"WebSite\",\"@id\":\"https:\\\/\\\/schweizversand.ch\\\/fr\\\/#website\",\"url\":\"https:\\\/\\\/schweizversand.ch\\\/fr\\\/\",\"name\":\"Schweizer Shop f\u00fcr Sport, Spiel und Freizeit\",\"description\":\"Gratisversand ab 50.- (netto), ab eigenem schweizer Lager, Lieferung innert 48h\",\"publisher\":{\"@id\":\"https:\\\/\\\/schweizversand.ch\\\/fr\\\/#organization\"},\"alternateName\":\"Schweizversand.ch\",\"potentialAction\":[{\"@type\":\"SearchAction\",\"target\":{\"@type\":\"EntryPoint\",\"urlTemplate\":\"https:\\\/\\\/schweizversand.ch\\\/fr\\\/?s={search_term_string}\"},\"query-input\":{\"@type\":\"PropertyValueSpecification\",\"valueRequired\":true,\"valueName\":\"search_term_string\"}}],\"inLanguage\":\"fr-FR\"},{\"@type\":\"Organization\",\"@id\":\"https:\\\/\\\/schweizversand.ch\\\/fr\\\/#organization\",\"name\":\"Schweizversand.ch\",\"url\":\"https:\\\/\\\/schweizversand.ch\\\/fr\\\/\",\"logo\":{\"@type\":\"ImageObject\",\"inLanguage\":\"fr-FR\",\"@id\":\"https:\\\/\\\/schweizversand.ch\\\/fr\\\/#\\\/schema\\\/logo\\\/image\\\/\",\"url\":\"https:\\\/\\\/schweizversand.ch\\\/wp-content\\\/uploads\\\/2026\\\/03\\\/Logo_Rund_Final-1.png\",\"contentUrl\":\"https:\\\/\\\/schweizversand.ch\\\/wp-content\\\/uploads\\\/2026\\\/03\\\/Logo_Rund_Final-1.png\",\"width\":404,\"height\":404,\"caption\":\"Schweizversand.ch\"},\"image\":{\"@id\":\"https:\\\/\\\/schweizversand.ch\\\/fr\\\/#\\\/schema\\\/logo\\\/image\\\/\"},\"sameAs\":[\"https:\\\/\\\/www.facebook.com\\\/Schweizversand\",\"https:\\\/\\\/www.instagram.com\\\/schweizversand.ch\\\/\"]}]}<\/script>\n<!-- \/ Yoast SEO plugin. -->","yoast_head_json":{"title":"XQ Max Ellenbogenst\u00fctze","description":"Hierbei handelt es sich um Restware. Die Ellenbogenst\u00fctze ist ungebraucht und originalverpackt. Produktbeschreibung: Die Ellenbogenst\u00fctze in Einheitsgr\u00f6\u00dfe beste","robots":{"index":"index","follow":"follow","max-snippet":"max-snippet:-1","max-image-preview":"max-image-preview:large","max-video-preview":"max-video-preview:-1"},"canonical":"https:\/\/schweizversand.ch\/fr\/produkt\/xq-max-ellenbogenstuetze\/","og_locale":"fr_FR","og_type":"article","og_title":"XQ Max Ellenbogenst\u00fctze","og_description":"Hierbei handelt es sich um Restware. Die Ellenbogenst\u00fctze ist ungebraucht und originalverpackt. Produktbeschreibung: Die Ellenbogenst\u00fctze in Einheitsgr\u00f6\u00dfe beste","og_url":"https:\/\/schweizversand.ch\/fr\/produkt\/xq-max-ellenbogenstuetze\/","og_site_name":"Schweizer Shop f\u00fcr Sport, Spiel und Freizeit","article_publisher":"https:\/\/www.facebook.com\/Schweizversand","article_modified_time":"2026-05-02T00:02:56+00:00","og_image":[{"width":1920,"height":2560,"url":"https:\/\/schweizversand.ch\/wp-content\/uploads\/2026\/03\/5473307875-scaled.jpg","type":"image\/jpeg"}],"twitter_card":"summary_large_image","twitter_misc":{"Dur\u00e9e de lecture estim\u00e9e":"1 minute"},"schema":{"@context":"https:\/\/schema.org","@graph":[{"@type":"WebPage","@id":"https:\/\/schweizversand.ch\/fr\/produkt\/xq-max-ellenbogenstuetze\/","url":"https:\/\/schweizversand.ch\/fr\/produkt\/xq-max-ellenbogenstuetze\/","name":"XQ Max Ellenbogenst\u00fctze","isPartOf":{"@id":"https:\/\/schweizversand.ch\/fr\/#website"},"primaryImageOfPage":{"@id":"https:\/\/schweizversand.ch\/fr\/produkt\/xq-max-ellenbogenstuetze\/#primaryimage"},"image":{"@id":"https:\/\/schweizversand.ch\/fr\/produkt\/xq-max-ellenbogenstuetze\/#primaryimage"},"thumbnailUrl":"https:\/\/schweizversand.ch\/wp-content\/uploads\/2026\/03\/5473307875-scaled.jpg","datePublished":"2026-03-14T23:06:17+00:00","dateModified":"2026-05-02T00:02:56+00:00","description":"Hierbei handelt es sich um Restware. Die Ellenbogenst\u00fctze ist ungebraucht und originalverpackt. Produktbeschreibung: Die Ellenbogenst\u00fctze in Einheitsgr\u00f6\u00dfe beste","breadcrumb":{"@id":"https:\/\/schweizversand.ch\/fr\/produkt\/xq-max-ellenbogenstuetze\/#breadcrumb"},"inLanguage":"fr-FR","potentialAction":[{"@type":"ReadAction","target":["https:\/\/schweizversand.ch\/fr\/produkt\/xq-max-ellenbogenstuetze\/"]}]},{"@type":"ImageObject","inLanguage":"fr-FR","@id":"https:\/\/schweizversand.ch\/fr\/produkt\/xq-max-ellenbogenstuetze\/#primaryimage","url":"https:\/\/schweizversand.ch\/wp-content\/uploads\/2026\/03\/5473307875-scaled.jpg","contentUrl":"https:\/\/schweizversand.ch\/wp-content\/uploads\/2026\/03\/5473307875-scaled.jpg","width":1920,"height":2560},{"@type":"BreadcrumbList","@id":"https:\/\/schweizversand.ch\/fr\/produkt\/xq-max-ellenbogenstuetze\/#breadcrumb","itemListElement":[{"@type":"ListItem","position":1,"name":"Startseite","item":"https:\/\/schweizversand.ch\/fr\/home\/"},{"@type":"ListItem","position":2,"name":"Boutique","item":"https:\/\/schweizversand.ch\/fr\/boutique\/"},{"@type":"ListItem","position":3,"name":"Articles de seconde qualit\u00e9","item":"https:\/\/schweizversand.ch\/fr\/produkt-kategorie\/articles-de-seconde-qualite\/"},{"@type":"ListItem","position":4,"name":"Sant\u00e9","item":"https:\/\/schweizversand.ch\/fr\/produkt-kategorie\/articles-de-seconde-qualite\/fitnessartikel\/"},{"@type":"ListItem","position":5,"name":"Support de coude XQ Max"}]},{"@type":"WebSite","@id":"https:\/\/schweizversand.ch\/fr\/#website","url":"https:\/\/schweizversand.ch\/fr\/","name":"Schweizer Shop f\u00fcr Sport, Spiel und Freizeit","description":"Gratisversand ab 50.- (netto), ab eigenem schweizer Lager, Lieferung innert 48h","publisher":{"@id":"https:\/\/schweizversand.ch\/fr\/#organization"},"alternateName":"Schweizversand.ch","potentialAction":[{"@type":"SearchAction","target":{"@type":"EntryPoint","urlTemplate":"https:\/\/schweizversand.ch\/fr\/?s={search_term_string}"},"query-input":{"@type":"PropertyValueSpecification","valueRequired":true,"valueName":"search_term_string"}}],"inLanguage":"fr-FR"},{"@type":"Organization","@id":"https:\/\/schweizversand.ch\/fr\/#organization","name":"Schweizversand.ch","url":"https:\/\/schweizversand.ch\/fr\/","logo":{"@type":"ImageObject","inLanguage":"fr-FR","@id":"https:\/\/schweizversand.ch\/fr\/#\/schema\/logo\/image\/","url":"https:\/\/schweizversand.ch\/wp-content\/uploads\/2026\/03\/Logo_Rund_Final-1.png","contentUrl":"https:\/\/schweizversand.ch\/wp-content\/uploads\/2026\/03\/Logo_Rund_Final-1.png","width":404,"height":404,"caption":"Schweizversand.ch"},"image":{"@id":"https:\/\/schweizversand.ch\/fr\/#\/schema\/logo\/image\/"},"sameAs":["https:\/\/www.facebook.com\/Schweizversand","https:\/\/www.instagram.com\/schweizversand.ch\/"]}]}},"jetpack_sharing_enabled":true,"_links":{"self":[{"href":"https:\/\/schweizversand.ch\/fr\/wp-json\/wp\/v2\/product\/259773","targetHints":{"allow":["GET"]}}],"collection":[{"href":"https:\/\/schweizversand.ch\/fr\/wp-json\/wp\/v2\/product"}],"about":[{"href":"https:\/\/schweizversand.ch\/fr\/wp-json\/wp\/v2\/types\/product"}],"replies":[{"embeddable":true,"href":"https:\/\/schweizversand.ch\/fr\/wp-json\/wp\/v2\/comments?post=259773"}],"wp:featuredmedia":[{"embeddable":true,"href":"https:\/\/schweizversand.ch\/fr\/wp-json\/wp\/v2\/media\/243063"}],"wp:attachment":[{"href":"https:\/\/schweizversand.ch\/fr\/wp-json\/wp\/v2\/media?parent=259773"}],"wp:term":[{"taxonomy":"product_brand","embeddable":true,"href":"https:\/\/schweizversand.ch\/fr\/wp-json\/wp\/v2\/product_brand?post=259773"},{"taxonomy":"product_cat","embeddable":true,"href":"https:\/\/schweizversand.ch\/fr\/wp-json\/wp\/v2\/product_cat?post=259773"},{"taxonomy":"product_tag","embeddable":true,"href":"https:\/\/schweizversand.ch\/fr\/wp-json\/wp\/v2\/product_tag?post=259773"}],"curies":[{"name":"wp","href":"https:\/\/api.w.org\/{rel}","templated":true}]}}