{"id":259776,"date":"2026-03-15T00:27:50","date_gmt":"2026-03-14T23:27:50","guid":{"rendered":"https:\/\/schweizversand.ch\/produkt\/trudi-einhorn-pompons\/"},"modified":"2026-04-19T02:03:17","modified_gmt":"2026-04-19T00:03:17","slug":"trudi-einhorn-pompons","status":"publish","type":"product","link":"https:\/\/schweizversand.ch\/fr\/produkt\/trudi-einhorn-pompons\/","title":{"rendered":"Pompons licorne Trudi"},"content":{"rendered":"<h1><strong>Porte-cl\u00e9s Trudi Pompons Licorne<\/strong><\/h1>\n<div>D\u00e9couvrez les adorables <strong>pompons licorne<\/strong> de la nouvelle collection color\u00e9e de Trudi. Ces <strong>porte-cl\u00e9s peluche<\/strong> sont non seulement irr\u00e9sistibles, mais aussi le compagnon id\u00e9al pour vos sacs, sacs \u00e0 dos ou trousseaux de cl\u00e9s.<\/p>\n<\/div>\n<div><strong>Design et Charme<\/strong><br \/>Chaque porte-cl\u00e9s <strong>Trudi<\/strong> s\u00e9duit par sa douce expression et l&rsquo;association originale de sa longue crini\u00e8re et de ses \u00e9l\u00e9ments scintillants. Le ruban de satin parfaitement assorti souligne la magie de cette <strong>petite peluche licorne<\/strong>.<\/p>\n<\/div>\n<div><strong>Mat\u00e9riaux de Haute Qualit\u00e9 et Entretien<\/strong><br \/>Fabriqu\u00e9s en <strong>fibre de polyester<\/strong> douce, ces petits jouets tout doux offrent un toucher agr\u00e9able. La licorne en peluche est con\u00e7ue pour conserver son \u00e9clat, notamment son pompon scintillant \u00e0 paillettes.<\/p>\n<\/div>\n<div><strong>D\u00e9tails du produit et s\u00e9curit\u00e9<\/strong><br \/>&#8211; Dimensions\u00a0: H 13 x L 8 x P 8 cm environ.<br \/>&#8211; Mati\u00e8re\u00a0: Fibre de polyester<br \/>&#8211; \u00c2ge recommand\u00e9\u00a0: \u00c0 partir de 3\u00a0ans<br \/>&#8211; Conseils d\u2019entretien\u00a0: Lavage \u00e0 la main ou en machine \u00e0 30\u00a0\u00b0C recommand\u00e9.<\/p>\n<\/div>\n<div>Offrez-vous d\u00e8s maintenant cette adorable licorne \u00e0 pompon et ajoutez une touche de magie \u00e0 votre quotidien\u00a0!<\/p>\n","protected":false},"excerpt":{"rendered":"<p>Trudi Einhorn Pompons begeistern mit weicher Polyesterfaser, funkelndem Glitzer und farbenfrohem Design \u2013 der perfekte, magische Schl\u00fcsselanh\u00e4nger f\u00fcr jeden Tag.<\/p>\n","protected":false},"featured_media":158400,"comment_status":"open","ping_status":"closed","template":"","meta":[],"product_brand":[],"product_cat":[38942],"product_tag":[],"class_list":{"0":"post-259776","1":"product","2":"type-product","3":"status-publish","4":"has-post-thumbnail","6":"product_cat-plueschtier","7":"product_shipping_class-global_methods","9":"first","10":"instock","11":"taxable","12":"shipping-taxable","13":"purchasable","14":"product-type-simple"},"yoast_head":"<!-- This site is optimized with the Yoast SEO plugin v27.4 - https:\/\/yoast.com\/product\/yoast-seo-wordpress\/ -->\n<title>Trudi Einhorn Pompons<\/title>\n<meta name=\"description\" content=\"Einhorn Pompons Trudi Schl\u00fcsselanh\u00e4nger Entdecken Sie die bezaubernden Einhorn Pompons aus der neuen, farbenfrohen Kollektion von Trudi. Diese Pl\u00fcschtier Schl\u00fcs\" \/>\n<meta name=\"robots\" content=\"index, follow, max-snippet:-1, max-image-preview:large, max-video-preview:-1\" \/>\n<link rel=\"canonical\" href=\"https:\/\/schweizversand.ch\/fr\/produkt\/trudi-einhorn-pompons\/\" \/>\n<meta property=\"og:locale\" content=\"fr_FR\" \/>\n<meta property=\"og:type\" content=\"article\" \/>\n<meta property=\"og:title\" content=\"Trudi Einhorn Pompons\" \/>\n<meta property=\"og:description\" content=\"Einhorn Pompons Trudi Schl\u00fcsselanh\u00e4nger Entdecken Sie die bezaubernden Einhorn Pompons aus der neuen, farbenfrohen Kollektion von Trudi. Diese Pl\u00fcschtier Schl\u00fcs\" \/>\n<meta property=\"og:url\" content=\"https:\/\/schweizversand.ch\/fr\/produkt\/trudi-einhorn-pompons\/\" \/>\n<meta property=\"og:site_name\" content=\"Schweizer Shop f\u00fcr Sport, Spiel und Freizeit\" \/>\n<meta property=\"article:publisher\" content=\"https:\/\/www.facebook.com\/Schweizversand\" \/>\n<meta property=\"article:modified_time\" content=\"2026-04-19T00:03:17+00:00\" \/>\n<meta property=\"og:image\" content=\"https:\/\/schweizversand.ch\/wp-content\/uploads\/2026\/02\/5472097066.jpg\" \/>\n\t<meta property=\"og:image:width\" content=\"1024\" \/>\n\t<meta property=\"og:image:height\" content=\"974\" \/>\n\t<meta property=\"og:image:type\" content=\"image\/jpeg\" \/>\n<meta name=\"twitter:card\" content=\"summary_large_image\" \/>\n<meta name=\"twitter:label1\" content=\"Dur\u00e9e de lecture estim\u00e9e\" \/>\n\t<meta name=\"twitter:data1\" content=\"1 minute\" \/>\n<script type=\"application\/ld+json\" class=\"yoast-schema-graph\">{\"@context\":\"https:\\\/\\\/schema.org\",\"@graph\":[{\"@type\":\"WebPage\",\"@id\":\"https:\\\/\\\/schweizversand.ch\\\/fr\\\/produkt\\\/trudi-einhorn-pompons\\\/\",\"url\":\"https:\\\/\\\/schweizversand.ch\\\/fr\\\/produkt\\\/trudi-einhorn-pompons\\\/\",\"name\":\"Trudi Einhorn Pompons\",\"isPartOf\":{\"@id\":\"https:\\\/\\\/schweizversand.ch\\\/fr\\\/#website\"},\"primaryImageOfPage\":{\"@id\":\"https:\\\/\\\/schweizversand.ch\\\/fr\\\/produkt\\\/trudi-einhorn-pompons\\\/#primaryimage\"},\"image\":{\"@id\":\"https:\\\/\\\/schweizversand.ch\\\/fr\\\/produkt\\\/trudi-einhorn-pompons\\\/#primaryimage\"},\"thumbnailUrl\":\"https:\\\/\\\/schweizversand.ch\\\/wp-content\\\/uploads\\\/2026\\\/02\\\/5472097066.jpg\",\"datePublished\":\"2026-03-14T23:27:50+00:00\",\"dateModified\":\"2026-04-19T00:03:17+00:00\",\"description\":\"Einhorn Pompons Trudi Schl\u00fcsselanh\u00e4nger Entdecken Sie die bezaubernden Einhorn Pompons aus der neuen, farbenfrohen Kollektion von Trudi. Diese Pl\u00fcschtier Schl\u00fcs\",\"breadcrumb\":{\"@id\":\"https:\\\/\\\/schweizversand.ch\\\/fr\\\/produkt\\\/trudi-einhorn-pompons\\\/#breadcrumb\"},\"inLanguage\":\"fr-FR\",\"potentialAction\":[{\"@type\":\"ReadAction\",\"target\":[\"https:\\\/\\\/schweizversand.ch\\\/fr\\\/produkt\\\/trudi-einhorn-pompons\\\/\"]}]},{\"@type\":\"ImageObject\",\"inLanguage\":\"fr-FR\",\"@id\":\"https:\\\/\\\/schweizversand.ch\\\/fr\\\/produkt\\\/trudi-einhorn-pompons\\\/#primaryimage\",\"url\":\"https:\\\/\\\/schweizversand.ch\\\/wp-content\\\/uploads\\\/2026\\\/02\\\/5472097066.jpg\",\"contentUrl\":\"https:\\\/\\\/schweizversand.ch\\\/wp-content\\\/uploads\\\/2026\\\/02\\\/5472097066.jpg\",\"width\":1024,\"height\":974},{\"@type\":\"BreadcrumbList\",\"@id\":\"https:\\\/\\\/schweizversand.ch\\\/fr\\\/produkt\\\/trudi-einhorn-pompons\\\/#breadcrumb\",\"itemListElement\":[{\"@type\":\"ListItem\",\"position\":1,\"name\":\"Startseite\",\"item\":\"https:\\\/\\\/schweizversand.ch\\\/fr\\\/home\\\/\"},{\"@type\":\"ListItem\",\"position\":2,\"name\":\"Boutique\",\"item\":\"https:\\\/\\\/schweizversand.ch\\\/fr\\\/boutique\\\/\"},{\"@type\":\"ListItem\",\"position\":3,\"name\":\"Jouets et jeux\",\"item\":\"https:\\\/\\\/schweizversand.ch\\\/fr\\\/produkt-kategorie\\\/jouets-et-jeux\\\/\"},{\"@type\":\"ListItem\",\"position\":4,\"name\":\"Figurines et poup\u00e9es\",\"item\":\"https:\\\/\\\/schweizversand.ch\\\/fr\\\/produkt-kategorie\\\/jouets-et-jeux\\\/figurines-et-poupees\\\/\"},{\"@type\":\"ListItem\",\"position\":5,\"name\":\"Peluches\",\"item\":\"https:\\\/\\\/schweizversand.ch\\\/fr\\\/produkt-kategorie\\\/plueschtier\\\/\"},{\"@type\":\"ListItem\",\"position\":6,\"name\":\"Pompons licorne Trudi\"}]},{\"@type\":\"WebSite\",\"@id\":\"https:\\\/\\\/schweizversand.ch\\\/fr\\\/#website\",\"url\":\"https:\\\/\\\/schweizversand.ch\\\/fr\\\/\",\"name\":\"Schweizer Shop f\u00fcr Sport, Spiel und Freizeit\",\"description\":\"Gratisversand ab 50.- (netto), ab eigenem schweizer Lager, Lieferung innert 48h\",\"publisher\":{\"@id\":\"https:\\\/\\\/schweizversand.ch\\\/fr\\\/#organization\"},\"alternateName\":\"Schweizversand.ch\",\"potentialAction\":[{\"@type\":\"SearchAction\",\"target\":{\"@type\":\"EntryPoint\",\"urlTemplate\":\"https:\\\/\\\/schweizversand.ch\\\/fr\\\/?s={search_term_string}\"},\"query-input\":{\"@type\":\"PropertyValueSpecification\",\"valueRequired\":true,\"valueName\":\"search_term_string\"}}],\"inLanguage\":\"fr-FR\"},{\"@type\":\"Organization\",\"@id\":\"https:\\\/\\\/schweizversand.ch\\\/fr\\\/#organization\",\"name\":\"Schweizversand.ch\",\"url\":\"https:\\\/\\\/schweizversand.ch\\\/fr\\\/\",\"logo\":{\"@type\":\"ImageObject\",\"inLanguage\":\"fr-FR\",\"@id\":\"https:\\\/\\\/schweizversand.ch\\\/fr\\\/#\\\/schema\\\/logo\\\/image\\\/\",\"url\":\"https:\\\/\\\/schweizversand.ch\\\/wp-content\\\/uploads\\\/2026\\\/03\\\/Logo_Rund_Final-1.png\",\"contentUrl\":\"https:\\\/\\\/schweizversand.ch\\\/wp-content\\\/uploads\\\/2026\\\/03\\\/Logo_Rund_Final-1.png\",\"width\":404,\"height\":404,\"caption\":\"Schweizversand.ch\"},\"image\":{\"@id\":\"https:\\\/\\\/schweizversand.ch\\\/fr\\\/#\\\/schema\\\/logo\\\/image\\\/\"},\"sameAs\":[\"https:\\\/\\\/www.facebook.com\\\/Schweizversand\",\"https:\\\/\\\/www.instagram.com\\\/schweizversand.ch\\\/\"]}]}<\/script>\n<!-- \/ Yoast SEO plugin. -->","yoast_head_json":{"title":"Trudi Einhorn Pompons","description":"Einhorn Pompons Trudi Schl\u00fcsselanh\u00e4nger Entdecken Sie die bezaubernden Einhorn Pompons aus der neuen, farbenfrohen Kollektion von Trudi. Diese Pl\u00fcschtier Schl\u00fcs","robots":{"index":"index","follow":"follow","max-snippet":"max-snippet:-1","max-image-preview":"max-image-preview:large","max-video-preview":"max-video-preview:-1"},"canonical":"https:\/\/schweizversand.ch\/fr\/produkt\/trudi-einhorn-pompons\/","og_locale":"fr_FR","og_type":"article","og_title":"Trudi Einhorn Pompons","og_description":"Einhorn Pompons Trudi Schl\u00fcsselanh\u00e4nger Entdecken Sie die bezaubernden Einhorn Pompons aus der neuen, farbenfrohen Kollektion von Trudi. Diese Pl\u00fcschtier Schl\u00fcs","og_url":"https:\/\/schweizversand.ch\/fr\/produkt\/trudi-einhorn-pompons\/","og_site_name":"Schweizer Shop f\u00fcr Sport, Spiel und Freizeit","article_publisher":"https:\/\/www.facebook.com\/Schweizversand","article_modified_time":"2026-04-19T00:03:17+00:00","og_image":[{"width":1024,"height":974,"url":"https:\/\/schweizversand.ch\/wp-content\/uploads\/2026\/02\/5472097066.jpg","type":"image\/jpeg"}],"twitter_card":"summary_large_image","twitter_misc":{"Dur\u00e9e de lecture estim\u00e9e":"1 minute"},"schema":{"@context":"https:\/\/schema.org","@graph":[{"@type":"WebPage","@id":"https:\/\/schweizversand.ch\/fr\/produkt\/trudi-einhorn-pompons\/","url":"https:\/\/schweizversand.ch\/fr\/produkt\/trudi-einhorn-pompons\/","name":"Trudi Einhorn Pompons","isPartOf":{"@id":"https:\/\/schweizversand.ch\/fr\/#website"},"primaryImageOfPage":{"@id":"https:\/\/schweizversand.ch\/fr\/produkt\/trudi-einhorn-pompons\/#primaryimage"},"image":{"@id":"https:\/\/schweizversand.ch\/fr\/produkt\/trudi-einhorn-pompons\/#primaryimage"},"thumbnailUrl":"https:\/\/schweizversand.ch\/wp-content\/uploads\/2026\/02\/5472097066.jpg","datePublished":"2026-03-14T23:27:50+00:00","dateModified":"2026-04-19T00:03:17+00:00","description":"Einhorn Pompons Trudi Schl\u00fcsselanh\u00e4nger Entdecken Sie die bezaubernden Einhorn Pompons aus der neuen, farbenfrohen Kollektion von Trudi. Diese Pl\u00fcschtier Schl\u00fcs","breadcrumb":{"@id":"https:\/\/schweizversand.ch\/fr\/produkt\/trudi-einhorn-pompons\/#breadcrumb"},"inLanguage":"fr-FR","potentialAction":[{"@type":"ReadAction","target":["https:\/\/schweizversand.ch\/fr\/produkt\/trudi-einhorn-pompons\/"]}]},{"@type":"ImageObject","inLanguage":"fr-FR","@id":"https:\/\/schweizversand.ch\/fr\/produkt\/trudi-einhorn-pompons\/#primaryimage","url":"https:\/\/schweizversand.ch\/wp-content\/uploads\/2026\/02\/5472097066.jpg","contentUrl":"https:\/\/schweizversand.ch\/wp-content\/uploads\/2026\/02\/5472097066.jpg","width":1024,"height":974},{"@type":"BreadcrumbList","@id":"https:\/\/schweizversand.ch\/fr\/produkt\/trudi-einhorn-pompons\/#breadcrumb","itemListElement":[{"@type":"ListItem","position":1,"name":"Startseite","item":"https:\/\/schweizversand.ch\/fr\/home\/"},{"@type":"ListItem","position":2,"name":"Boutique","item":"https:\/\/schweizversand.ch\/fr\/boutique\/"},{"@type":"ListItem","position":3,"name":"Jouets et jeux","item":"https:\/\/schweizversand.ch\/fr\/produkt-kategorie\/jouets-et-jeux\/"},{"@type":"ListItem","position":4,"name":"Figurines et poup\u00e9es","item":"https:\/\/schweizversand.ch\/fr\/produkt-kategorie\/jouets-et-jeux\/figurines-et-poupees\/"},{"@type":"ListItem","position":5,"name":"Peluches","item":"https:\/\/schweizversand.ch\/fr\/produkt-kategorie\/plueschtier\/"},{"@type":"ListItem","position":6,"name":"Pompons licorne Trudi"}]},{"@type":"WebSite","@id":"https:\/\/schweizversand.ch\/fr\/#website","url":"https:\/\/schweizversand.ch\/fr\/","name":"Schweizer Shop f\u00fcr Sport, Spiel und Freizeit","description":"Gratisversand ab 50.- (netto), ab eigenem schweizer Lager, Lieferung innert 48h","publisher":{"@id":"https:\/\/schweizversand.ch\/fr\/#organization"},"alternateName":"Schweizversand.ch","potentialAction":[{"@type":"SearchAction","target":{"@type":"EntryPoint","urlTemplate":"https:\/\/schweizversand.ch\/fr\/?s={search_term_string}"},"query-input":{"@type":"PropertyValueSpecification","valueRequired":true,"valueName":"search_term_string"}}],"inLanguage":"fr-FR"},{"@type":"Organization","@id":"https:\/\/schweizversand.ch\/fr\/#organization","name":"Schweizversand.ch","url":"https:\/\/schweizversand.ch\/fr\/","logo":{"@type":"ImageObject","inLanguage":"fr-FR","@id":"https:\/\/schweizversand.ch\/fr\/#\/schema\/logo\/image\/","url":"https:\/\/schweizversand.ch\/wp-content\/uploads\/2026\/03\/Logo_Rund_Final-1.png","contentUrl":"https:\/\/schweizversand.ch\/wp-content\/uploads\/2026\/03\/Logo_Rund_Final-1.png","width":404,"height":404,"caption":"Schweizversand.ch"},"image":{"@id":"https:\/\/schweizversand.ch\/fr\/#\/schema\/logo\/image\/"},"sameAs":["https:\/\/www.facebook.com\/Schweizversand","https:\/\/www.instagram.com\/schweizversand.ch\/"]}]}},"jetpack_sharing_enabled":true,"_links":{"self":[{"href":"https:\/\/schweizversand.ch\/fr\/wp-json\/wp\/v2\/product\/259776","targetHints":{"allow":["GET"]}}],"collection":[{"href":"https:\/\/schweizversand.ch\/fr\/wp-json\/wp\/v2\/product"}],"about":[{"href":"https:\/\/schweizversand.ch\/fr\/wp-json\/wp\/v2\/types\/product"}],"replies":[{"embeddable":true,"href":"https:\/\/schweizversand.ch\/fr\/wp-json\/wp\/v2\/comments?post=259776"}],"wp:featuredmedia":[{"embeddable":true,"href":"https:\/\/schweizversand.ch\/fr\/wp-json\/wp\/v2\/media\/158400"}],"wp:attachment":[{"href":"https:\/\/schweizversand.ch\/fr\/wp-json\/wp\/v2\/media?parent=259776"}],"wp:term":[{"taxonomy":"product_brand","embeddable":true,"href":"https:\/\/schweizversand.ch\/fr\/wp-json\/wp\/v2\/product_brand?post=259776"},{"taxonomy":"product_cat","embeddable":true,"href":"https:\/\/schweizversand.ch\/fr\/wp-json\/wp\/v2\/product_cat?post=259776"},{"taxonomy":"product_tag","embeddable":true,"href":"https:\/\/schweizversand.ch\/fr\/wp-json\/wp\/v2\/product_tag?post=259776"}],"curies":[{"name":"wp","href":"https:\/\/api.w.org\/{rel}","templated":true}]}}