{"id":259781,"date":"2026-03-15T00:28:08","date_gmt":"2026-03-14T23:28:08","guid":{"rendered":"https:\/\/schweizversand.ch\/produkt\/airboom-konfetti-shooter-silber\/"},"modified":"2026-04-19T02:03:28","modified_gmt":"2026-04-19T00:03:28","slug":"airboom-konfetti-shooter-silber","status":"publish","type":"product","link":"https:\/\/schweizversand.ch\/fr\/produkt\/airboom-konfetti-shooter-silber\/","title":{"rendered":"lance-confettis airBoom argent\u00e9"},"content":{"rendered":"<div>Lanceur de confettis Airboom Argent \u2013 \u200b\u200b60 cm Ambiance festive garantie<br \/>Apportez de l&rsquo;\u00e9clat et du glamour \u00e0 toutes vos c\u00e9l\u00e9brations\u00a0!<br \/>Avec le lanceur de confettis Airboom argent\u00e9 (60 cm), cr\u00e9ez un moment inoubliable en un clin d&rsquo;\u0153il. Un simple tour suffit pour qu&rsquo;une pluie de confettis argent\u00e9s scintillants s&rsquo;abatte dans les airs. Id\u00e9al pour les mariages, le Nouvel An, les anniversaires, les concerts et autres occasions sp\u00e9ciales, ce lanceur transforme chaque \u00e9v\u00e9nement en un moment magique. D\u00e9tails du produit\u00a0: \u2022 Longueur\u00a0: 60 cm \u2022 Couleur\u00a0: Argent \u2022 Contenu\u00a0: 1 pi\u00e8ce \u2022 Utilisation\u00a0: D\u00e9clenchement par simple rotation \u2022 Id\u00e9al pour\u00a0: Mariages, Nouvel An, anniversaires, \u00e9v\u00e9nements et f\u00eates<br \/>\u2022 Remarque\u00a0: R\u00e9serv\u00e9 aux adultes<br \/>Avantages\u00a0:<br \/>Effet confettis spectaculaire en argent \u00e9l\u00e9gant<br \/>Facile \u00e0 utiliser \u2013 pr\u00eat \u00e0 l&#8217;emploi<br \/>Parfait pour des c\u00e9l\u00e9brations glamour et des moments uniques<br \/>Effet \u00ab\u00a0wahou\u00a0\u00bb garanti \u00e0 chaque \u00e9v\u00e9nement<\/p>\n<\/div>\n","protected":false},"excerpt":{"rendered":"<p>airBoom Konfetti-Shooter Silber sorgt mit 60 cm funkelndem Silberkonfetti f\u00fcr glamour\u00f6se Highlights. Einfach drehen, Party starten \u2013 perfekt f\u00fcr unvergessliche Feiern!<\/p>\n","protected":false},"featured_media":158459,"comment_status":"open","ping_status":"closed","template":"","meta":[],"product_brand":[],"product_cat":[39093],"product_tag":[],"class_list":{"0":"post-259781","1":"product","2":"type-product","3":"status-publish","4":"has-post-thumbnail","6":"product_cat-konfettikanone","7":"product_shipping_class-global_methods","9":"first","10":"instock","11":"taxable","12":"shipping-taxable","13":"purchasable","14":"product-type-simple"},"yoast_head":"<!-- This site is optimized with the Yoast SEO plugin v27.4 - https:\/\/yoast.com\/product\/yoast-seo-wordpress\/ -->\n<title>airBoom Konfetti-Shooter Silber<\/title>\n<meta name=\"description\" content=\"Airboom Konfetti-Shooter Silber \u2013 60 cm pure Partystimmung\u00a0 Bringe Glanz und Glamour auf jede Feier!\u00a0 \u00a0Mit dem Airboom Konfetti-Shooter in edlem Silber (60 cm)\" \/>\n<meta name=\"robots\" content=\"index, follow, max-snippet:-1, max-image-preview:large, max-video-preview:-1\" \/>\n<link rel=\"canonical\" href=\"https:\/\/schweizversand.ch\/fr\/produkt\/airboom-konfetti-shooter-silber\/\" \/>\n<meta property=\"og:locale\" content=\"fr_FR\" \/>\n<meta property=\"og:type\" content=\"article\" \/>\n<meta property=\"og:title\" content=\"airBoom Konfetti-Shooter Silber\" \/>\n<meta property=\"og:description\" content=\"Airboom Konfetti-Shooter Silber \u2013 60 cm pure Partystimmung\u00a0 Bringe Glanz und Glamour auf jede Feier!\u00a0 \u00a0Mit dem Airboom Konfetti-Shooter in edlem Silber (60 cm)\" \/>\n<meta property=\"og:url\" content=\"https:\/\/schweizversand.ch\/fr\/produkt\/airboom-konfetti-shooter-silber\/\" \/>\n<meta property=\"og:site_name\" content=\"Schweizer Shop f\u00fcr Sport, Spiel und Freizeit\" \/>\n<meta property=\"article:publisher\" content=\"https:\/\/www.facebook.com\/Schweizversand\" \/>\n<meta property=\"article:modified_time\" content=\"2026-04-19T00:03:28+00:00\" \/>\n<meta property=\"og:image\" content=\"https:\/\/schweizversand.ch\/wp-content\/uploads\/2026\/02\/5471921693.png\" \/>\n\t<meta property=\"og:image:width\" content=\"1024\" \/>\n\t<meta property=\"og:image:height\" content=\"768\" \/>\n\t<meta property=\"og:image:type\" content=\"image\/png\" \/>\n<meta name=\"twitter:card\" content=\"summary_large_image\" \/>\n<meta name=\"twitter:label1\" content=\"Dur\u00e9e de lecture estim\u00e9e\" \/>\n\t<meta name=\"twitter:data1\" content=\"1 minute\" \/>\n<script type=\"application\/ld+json\" class=\"yoast-schema-graph\">{\"@context\":\"https:\\\/\\\/schema.org\",\"@graph\":[{\"@type\":\"WebPage\",\"@id\":\"https:\\\/\\\/schweizversand.ch\\\/fr\\\/produkt\\\/airboom-konfetti-shooter-silber\\\/\",\"url\":\"https:\\\/\\\/schweizversand.ch\\\/fr\\\/produkt\\\/airboom-konfetti-shooter-silber\\\/\",\"name\":\"airBoom Konfetti-Shooter Silber\",\"isPartOf\":{\"@id\":\"https:\\\/\\\/schweizversand.ch\\\/fr\\\/#website\"},\"primaryImageOfPage\":{\"@id\":\"https:\\\/\\\/schweizversand.ch\\\/fr\\\/produkt\\\/airboom-konfetti-shooter-silber\\\/#primaryimage\"},\"image\":{\"@id\":\"https:\\\/\\\/schweizversand.ch\\\/fr\\\/produkt\\\/airboom-konfetti-shooter-silber\\\/#primaryimage\"},\"thumbnailUrl\":\"https:\\\/\\\/schweizversand.ch\\\/wp-content\\\/uploads\\\/2026\\\/02\\\/5471921693.png\",\"datePublished\":\"2026-03-14T23:28:08+00:00\",\"dateModified\":\"2026-04-19T00:03:28+00:00\",\"description\":\"Airboom Konfetti-Shooter Silber \u2013 60 cm pure Partystimmung\u00a0 Bringe Glanz und Glamour auf jede Feier!\u00a0 \u00a0Mit dem Airboom Konfetti-Shooter in edlem Silber (60 cm)\",\"breadcrumb\":{\"@id\":\"https:\\\/\\\/schweizversand.ch\\\/fr\\\/produkt\\\/airboom-konfetti-shooter-silber\\\/#breadcrumb\"},\"inLanguage\":\"fr-FR\",\"potentialAction\":[{\"@type\":\"ReadAction\",\"target\":[\"https:\\\/\\\/schweizversand.ch\\\/fr\\\/produkt\\\/airboom-konfetti-shooter-silber\\\/\"]}]},{\"@type\":\"ImageObject\",\"inLanguage\":\"fr-FR\",\"@id\":\"https:\\\/\\\/schweizversand.ch\\\/fr\\\/produkt\\\/airboom-konfetti-shooter-silber\\\/#primaryimage\",\"url\":\"https:\\\/\\\/schweizversand.ch\\\/wp-content\\\/uploads\\\/2026\\\/02\\\/5471921693.png\",\"contentUrl\":\"https:\\\/\\\/schweizversand.ch\\\/wp-content\\\/uploads\\\/2026\\\/02\\\/5471921693.png\",\"width\":1024,\"height\":768},{\"@type\":\"BreadcrumbList\",\"@id\":\"https:\\\/\\\/schweizversand.ch\\\/fr\\\/produkt\\\/airboom-konfetti-shooter-silber\\\/#breadcrumb\",\"itemListElement\":[{\"@type\":\"ListItem\",\"position\":1,\"name\":\"Startseite\",\"item\":\"https:\\\/\\\/schweizversand.ch\\\/fr\\\/home\\\/\"},{\"@type\":\"ListItem\",\"position\":2,\"name\":\"Boutique\",\"item\":\"https:\\\/\\\/schweizversand.ch\\\/fr\\\/boutique\\\/\"},{\"@type\":\"ListItem\",\"position\":3,\"name\":\"Jouets et jeux\",\"item\":\"https:\\\/\\\/schweizversand.ch\\\/fr\\\/produkt-kategorie\\\/jouets-et-jeux\\\/\"},{\"@type\":\"ListItem\",\"position\":4,\"name\":\"F\u00eates et divertissements\",\"item\":\"https:\\\/\\\/schweizversand.ch\\\/fr\\\/produkt-kategorie\\\/jouets-et-jeux\\\/fetes-et-divertissements\\\/\"},{\"@type\":\"ListItem\",\"position\":5,\"name\":\"Konfettikanone\",\"item\":\"https:\\\/\\\/schweizversand.ch\\\/fr\\\/produkt-kategorie\\\/konfettikanone\\\/\"},{\"@type\":\"ListItem\",\"position\":6,\"name\":\"lance-confettis airBoom argent\u00e9\"}]},{\"@type\":\"WebSite\",\"@id\":\"https:\\\/\\\/schweizversand.ch\\\/fr\\\/#website\",\"url\":\"https:\\\/\\\/schweizversand.ch\\\/fr\\\/\",\"name\":\"Schweizer Shop f\u00fcr Sport, Spiel und Freizeit\",\"description\":\"Gratisversand ab 50.- (netto), ab eigenem schweizer Lager, Lieferung innert 48h\",\"publisher\":{\"@id\":\"https:\\\/\\\/schweizversand.ch\\\/fr\\\/#organization\"},\"alternateName\":\"Schweizversand.ch\",\"potentialAction\":[{\"@type\":\"SearchAction\",\"target\":{\"@type\":\"EntryPoint\",\"urlTemplate\":\"https:\\\/\\\/schweizversand.ch\\\/fr\\\/?s={search_term_string}\"},\"query-input\":{\"@type\":\"PropertyValueSpecification\",\"valueRequired\":true,\"valueName\":\"search_term_string\"}}],\"inLanguage\":\"fr-FR\"},{\"@type\":\"Organization\",\"@id\":\"https:\\\/\\\/schweizversand.ch\\\/fr\\\/#organization\",\"name\":\"Schweizversand.ch\",\"url\":\"https:\\\/\\\/schweizversand.ch\\\/fr\\\/\",\"logo\":{\"@type\":\"ImageObject\",\"inLanguage\":\"fr-FR\",\"@id\":\"https:\\\/\\\/schweizversand.ch\\\/fr\\\/#\\\/schema\\\/logo\\\/image\\\/\",\"url\":\"https:\\\/\\\/schweizversand.ch\\\/wp-content\\\/uploads\\\/2026\\\/03\\\/Logo_Rund_Final-1.png\",\"contentUrl\":\"https:\\\/\\\/schweizversand.ch\\\/wp-content\\\/uploads\\\/2026\\\/03\\\/Logo_Rund_Final-1.png\",\"width\":404,\"height\":404,\"caption\":\"Schweizversand.ch\"},\"image\":{\"@id\":\"https:\\\/\\\/schweizversand.ch\\\/fr\\\/#\\\/schema\\\/logo\\\/image\\\/\"},\"sameAs\":[\"https:\\\/\\\/www.facebook.com\\\/Schweizversand\",\"https:\\\/\\\/www.instagram.com\\\/schweizversand.ch\\\/\"]}]}<\/script>\n<!-- \/ Yoast SEO plugin. -->","yoast_head_json":{"title":"airBoom Konfetti-Shooter Silber","description":"Airboom Konfetti-Shooter Silber \u2013 60 cm pure Partystimmung\u00a0 Bringe Glanz und Glamour auf jede Feier!\u00a0 \u00a0Mit dem Airboom Konfetti-Shooter in edlem Silber (60 cm)","robots":{"index":"index","follow":"follow","max-snippet":"max-snippet:-1","max-image-preview":"max-image-preview:large","max-video-preview":"max-video-preview:-1"},"canonical":"https:\/\/schweizversand.ch\/fr\/produkt\/airboom-konfetti-shooter-silber\/","og_locale":"fr_FR","og_type":"article","og_title":"airBoom Konfetti-Shooter Silber","og_description":"Airboom Konfetti-Shooter Silber \u2013 60 cm pure Partystimmung\u00a0 Bringe Glanz und Glamour auf jede Feier!\u00a0 \u00a0Mit dem Airboom Konfetti-Shooter in edlem Silber (60 cm)","og_url":"https:\/\/schweizversand.ch\/fr\/produkt\/airboom-konfetti-shooter-silber\/","og_site_name":"Schweizer Shop f\u00fcr Sport, Spiel und Freizeit","article_publisher":"https:\/\/www.facebook.com\/Schweizversand","article_modified_time":"2026-04-19T00:03:28+00:00","og_image":[{"width":1024,"height":768,"url":"https:\/\/schweizversand.ch\/wp-content\/uploads\/2026\/02\/5471921693.png","type":"image\/png"}],"twitter_card":"summary_large_image","twitter_misc":{"Dur\u00e9e de lecture estim\u00e9e":"1 minute"},"schema":{"@context":"https:\/\/schema.org","@graph":[{"@type":"WebPage","@id":"https:\/\/schweizversand.ch\/fr\/produkt\/airboom-konfetti-shooter-silber\/","url":"https:\/\/schweizversand.ch\/fr\/produkt\/airboom-konfetti-shooter-silber\/","name":"airBoom Konfetti-Shooter Silber","isPartOf":{"@id":"https:\/\/schweizversand.ch\/fr\/#website"},"primaryImageOfPage":{"@id":"https:\/\/schweizversand.ch\/fr\/produkt\/airboom-konfetti-shooter-silber\/#primaryimage"},"image":{"@id":"https:\/\/schweizversand.ch\/fr\/produkt\/airboom-konfetti-shooter-silber\/#primaryimage"},"thumbnailUrl":"https:\/\/schweizversand.ch\/wp-content\/uploads\/2026\/02\/5471921693.png","datePublished":"2026-03-14T23:28:08+00:00","dateModified":"2026-04-19T00:03:28+00:00","description":"Airboom Konfetti-Shooter Silber \u2013 60 cm pure Partystimmung\u00a0 Bringe Glanz und Glamour auf jede Feier!\u00a0 \u00a0Mit dem Airboom Konfetti-Shooter in edlem Silber (60 cm)","breadcrumb":{"@id":"https:\/\/schweizversand.ch\/fr\/produkt\/airboom-konfetti-shooter-silber\/#breadcrumb"},"inLanguage":"fr-FR","potentialAction":[{"@type":"ReadAction","target":["https:\/\/schweizversand.ch\/fr\/produkt\/airboom-konfetti-shooter-silber\/"]}]},{"@type":"ImageObject","inLanguage":"fr-FR","@id":"https:\/\/schweizversand.ch\/fr\/produkt\/airboom-konfetti-shooter-silber\/#primaryimage","url":"https:\/\/schweizversand.ch\/wp-content\/uploads\/2026\/02\/5471921693.png","contentUrl":"https:\/\/schweizversand.ch\/wp-content\/uploads\/2026\/02\/5471921693.png","width":1024,"height":768},{"@type":"BreadcrumbList","@id":"https:\/\/schweizversand.ch\/fr\/produkt\/airboom-konfetti-shooter-silber\/#breadcrumb","itemListElement":[{"@type":"ListItem","position":1,"name":"Startseite","item":"https:\/\/schweizversand.ch\/fr\/home\/"},{"@type":"ListItem","position":2,"name":"Boutique","item":"https:\/\/schweizversand.ch\/fr\/boutique\/"},{"@type":"ListItem","position":3,"name":"Jouets et jeux","item":"https:\/\/schweizversand.ch\/fr\/produkt-kategorie\/jouets-et-jeux\/"},{"@type":"ListItem","position":4,"name":"F\u00eates et divertissements","item":"https:\/\/schweizversand.ch\/fr\/produkt-kategorie\/jouets-et-jeux\/fetes-et-divertissements\/"},{"@type":"ListItem","position":5,"name":"Konfettikanone","item":"https:\/\/schweizversand.ch\/fr\/produkt-kategorie\/konfettikanone\/"},{"@type":"ListItem","position":6,"name":"lance-confettis airBoom argent\u00e9"}]},{"@type":"WebSite","@id":"https:\/\/schweizversand.ch\/fr\/#website","url":"https:\/\/schweizversand.ch\/fr\/","name":"Schweizer Shop f\u00fcr Sport, Spiel und Freizeit","description":"Gratisversand ab 50.- (netto), ab eigenem schweizer Lager, Lieferung innert 48h","publisher":{"@id":"https:\/\/schweizversand.ch\/fr\/#organization"},"alternateName":"Schweizversand.ch","potentialAction":[{"@type":"SearchAction","target":{"@type":"EntryPoint","urlTemplate":"https:\/\/schweizversand.ch\/fr\/?s={search_term_string}"},"query-input":{"@type":"PropertyValueSpecification","valueRequired":true,"valueName":"search_term_string"}}],"inLanguage":"fr-FR"},{"@type":"Organization","@id":"https:\/\/schweizversand.ch\/fr\/#organization","name":"Schweizversand.ch","url":"https:\/\/schweizversand.ch\/fr\/","logo":{"@type":"ImageObject","inLanguage":"fr-FR","@id":"https:\/\/schweizversand.ch\/fr\/#\/schema\/logo\/image\/","url":"https:\/\/schweizversand.ch\/wp-content\/uploads\/2026\/03\/Logo_Rund_Final-1.png","contentUrl":"https:\/\/schweizversand.ch\/wp-content\/uploads\/2026\/03\/Logo_Rund_Final-1.png","width":404,"height":404,"caption":"Schweizversand.ch"},"image":{"@id":"https:\/\/schweizversand.ch\/fr\/#\/schema\/logo\/image\/"},"sameAs":["https:\/\/www.facebook.com\/Schweizversand","https:\/\/www.instagram.com\/schweizversand.ch\/"]}]}},"jetpack_sharing_enabled":true,"_links":{"self":[{"href":"https:\/\/schweizversand.ch\/fr\/wp-json\/wp\/v2\/product\/259781","targetHints":{"allow":["GET"]}}],"collection":[{"href":"https:\/\/schweizversand.ch\/fr\/wp-json\/wp\/v2\/product"}],"about":[{"href":"https:\/\/schweizversand.ch\/fr\/wp-json\/wp\/v2\/types\/product"}],"replies":[{"embeddable":true,"href":"https:\/\/schweizversand.ch\/fr\/wp-json\/wp\/v2\/comments?post=259781"}],"wp:featuredmedia":[{"embeddable":true,"href":"https:\/\/schweizversand.ch\/fr\/wp-json\/wp\/v2\/media\/158459"}],"wp:attachment":[{"href":"https:\/\/schweizversand.ch\/fr\/wp-json\/wp\/v2\/media?parent=259781"}],"wp:term":[{"taxonomy":"product_brand","embeddable":true,"href":"https:\/\/schweizversand.ch\/fr\/wp-json\/wp\/v2\/product_brand?post=259781"},{"taxonomy":"product_cat","embeddable":true,"href":"https:\/\/schweizversand.ch\/fr\/wp-json\/wp\/v2\/product_cat?post=259781"},{"taxonomy":"product_tag","embeddable":true,"href":"https:\/\/schweizversand.ch\/fr\/wp-json\/wp\/v2\/product_tag?post=259781"}],"curies":[{"name":"wp","href":"https:\/\/api.w.org\/{rel}","templated":true}]}}