{"id":259783,"date":"2026-03-15T00:28:09","date_gmt":"2026-03-14T23:28:09","guid":{"rendered":"https:\/\/schweizversand.ch\/produkt\/trudi-rehkitz-berty-gross\/"},"modified":"2026-04-19T02:03:28","modified_gmt":"2026-04-19T00:03:28","slug":"trudi-rehkitz-berty-gross","status":"publish","type":"product","link":"https:\/\/schweizversand.ch\/fr\/produkt\/trudi-rehkitz-berty-gross\/","title":{"rendered":"Trudi Rehkitz Berty gross"},"content":{"rendered":"<h1><strong>Peluche Trudi Classique \u2013 Cerf (28 cm)<\/strong><\/h1>\n<div>D\u00e9couvrez les peluches <strong>Trudi<\/strong> intemporelles qui enchantent les enfants depuis des g\u00e9n\u00e9rations. Ce cerf d\u00e9taill\u00e9 de la collection Trudi Classique incarne la c\u00e9l\u00e8bre peluche <strong>C\u0153ur Trudi<\/strong> et deviendra le fid\u00e8le compagnon de votre enfant.<\/p>\n<\/div>\n<div><strong>La famille Trudi Classique<\/strong><br \/>Les h\u00e9ros de cet univers sont repr\u00e9sent\u00e9s au sein de familles de peluches affectueuses. Comme dans la vraie vie, les peluches grandissent avec votre enfant\u00a0: plus il grandit, plus les peluches deviennent grandes. Ce cerf impressionne par sa pose r\u00e9aliste et son regard doux, devenant ainsi un v\u00e9ritable ami pour la vie.<\/p>\n<\/div>\n<div><strong>Qualit\u00e9 et s\u00e9curit\u00e9 optimales<\/strong><br \/>Chaque peluche Trudi est confectionn\u00e9e avec soin et garantie pour durer. Seuls des mat\u00e9riaux de haute qualit\u00e9 sont utilis\u00e9s pour sa fabrication. Ce doudou d\u00e9taill\u00e9 n&rsquo;est pas qu&rsquo;un simple jouet\u00a0: il favorise \u00e9galement le d\u00e9veloppement sensoriel et psychomoteur des jeunes enfants. Il est particuli\u00e8rement adapt\u00e9 aux b\u00e9b\u00e9s et offre une s\u00e9curit\u00e9 maximale.<\/p>\n<\/div>\n<div><strong>D\u00e9tails du produit et entretien<\/strong><br \/>Vous trouverez ici les informations les plus importantes concernant votre nouveau doudou classique de haute qualit\u00e9\u00a0:<br \/>&#8211; Licence\u00a0: Trudi Classic<br \/>&#8211; Type d&rsquo;animal\u00a0: Cerf<br \/>&#8211; Couleur exacte\u00a0: Brun rouge\u00e2tre, blanc<br \/>&#8211; Fonctions\u00a0: Interactif<br \/>&#8211; Hauteur\u00a0: 28\u00a0cm<br \/>&#8211; Entretien\u00a0: Lavable en machine<\/p>\n<\/div>\n<div>Offrez \u00e0 votre enfant ce doudou classique, qui impressionne par sa qualit\u00e9 et son charme et lui procurera de nombreuses heures de bonheur.<\/p>\n","protected":false},"excerpt":{"rendered":"<p>Trudi Rehkitz Berty gross \u2013 28 cm hochwertiges Pl\u00fcschtier mit liebevollen Details, sicher und langlebig. Ein treuer Kuschelfreund f\u00fcr Kinderherzen seit Generationen.<\/p>\n","protected":false},"featured_media":158468,"comment_status":"open","ping_status":"closed","template":"","meta":[],"product_brand":[],"product_cat":[38942],"product_tag":[],"class_list":{"0":"post-259783","1":"product","2":"type-product","3":"status-publish","4":"has-post-thumbnail","6":"product_cat-plueschtier","7":"product_shipping_class-global_methods","9":"first","10":"instock","11":"taxable","12":"shipping-taxable","13":"purchasable","14":"product-type-simple"},"yoast_head":"<!-- This site is optimized with the Yoast SEO plugin v27.4 - https:\/\/yoast.com\/product\/yoast-seo-wordpress\/ -->\n<title>Trudi Rehkitz Berty gross<\/title>\n<meta name=\"description\" content=\"Trudi Pl\u00fcschtier Klassiker \u2013 Reh (28 cm) Entdecken Sie die zeitlosen Trudi Pl\u00fcschtiere , die seit Generationen Kinderherzen h\u00f6herschlagen lassen. Dieses detailr\" \/>\n<meta name=\"robots\" content=\"index, follow, max-snippet:-1, max-image-preview:large, max-video-preview:-1\" \/>\n<link rel=\"canonical\" href=\"https:\/\/schweizversand.ch\/fr\/produkt\/trudi-rehkitz-berty-gross\/\" \/>\n<meta property=\"og:locale\" content=\"fr_FR\" \/>\n<meta property=\"og:type\" content=\"article\" \/>\n<meta property=\"og:title\" content=\"Trudi Rehkitz Berty gross\" \/>\n<meta property=\"og:description\" content=\"Trudi Pl\u00fcschtier Klassiker \u2013 Reh (28 cm) Entdecken Sie die zeitlosen Trudi Pl\u00fcschtiere , die seit Generationen Kinderherzen h\u00f6herschlagen lassen. Dieses detailr\" \/>\n<meta property=\"og:url\" content=\"https:\/\/schweizversand.ch\/fr\/produkt\/trudi-rehkitz-berty-gross\/\" \/>\n<meta property=\"og:site_name\" content=\"Schweizer Shop f\u00fcr Sport, Spiel und Freizeit\" \/>\n<meta property=\"article:publisher\" content=\"https:\/\/www.facebook.com\/Schweizversand\" \/>\n<meta property=\"article:modified_time\" content=\"2026-04-19T00:03:28+00:00\" \/>\n<meta property=\"og:image\" content=\"https:\/\/schweizversand.ch\/wp-content\/uploads\/2026\/02\/5504963999.jpg\" \/>\n\t<meta property=\"og:image:width\" content=\"1024\" \/>\n\t<meta property=\"og:image:height\" content=\"895\" \/>\n\t<meta property=\"og:image:type\" content=\"image\/jpeg\" \/>\n<meta name=\"twitter:card\" content=\"summary_large_image\" \/>\n<meta name=\"twitter:label1\" content=\"Dur\u00e9e de lecture estim\u00e9e\" \/>\n\t<meta name=\"twitter:data1\" content=\"1 minute\" \/>\n<script type=\"application\/ld+json\" class=\"yoast-schema-graph\">{\"@context\":\"https:\\\/\\\/schema.org\",\"@graph\":[{\"@type\":\"WebPage\",\"@id\":\"https:\\\/\\\/schweizversand.ch\\\/fr\\\/produkt\\\/trudi-rehkitz-berty-gross\\\/\",\"url\":\"https:\\\/\\\/schweizversand.ch\\\/fr\\\/produkt\\\/trudi-rehkitz-berty-gross\\\/\",\"name\":\"Trudi Rehkitz Berty gross\",\"isPartOf\":{\"@id\":\"https:\\\/\\\/schweizversand.ch\\\/fr\\\/#website\"},\"primaryImageOfPage\":{\"@id\":\"https:\\\/\\\/schweizversand.ch\\\/fr\\\/produkt\\\/trudi-rehkitz-berty-gross\\\/#primaryimage\"},\"image\":{\"@id\":\"https:\\\/\\\/schweizversand.ch\\\/fr\\\/produkt\\\/trudi-rehkitz-berty-gross\\\/#primaryimage\"},\"thumbnailUrl\":\"https:\\\/\\\/schweizversand.ch\\\/wp-content\\\/uploads\\\/2026\\\/02\\\/5504963999.jpg\",\"datePublished\":\"2026-03-14T23:28:09+00:00\",\"dateModified\":\"2026-04-19T00:03:28+00:00\",\"description\":\"Trudi Pl\u00fcschtier Klassiker \u2013 Reh (28 cm) Entdecken Sie die zeitlosen Trudi Pl\u00fcschtiere , die seit Generationen Kinderherzen h\u00f6herschlagen lassen. Dieses detailr\",\"breadcrumb\":{\"@id\":\"https:\\\/\\\/schweizversand.ch\\\/fr\\\/produkt\\\/trudi-rehkitz-berty-gross\\\/#breadcrumb\"},\"inLanguage\":\"fr-FR\",\"potentialAction\":[{\"@type\":\"ReadAction\",\"target\":[\"https:\\\/\\\/schweizversand.ch\\\/fr\\\/produkt\\\/trudi-rehkitz-berty-gross\\\/\"]}]},{\"@type\":\"ImageObject\",\"inLanguage\":\"fr-FR\",\"@id\":\"https:\\\/\\\/schweizversand.ch\\\/fr\\\/produkt\\\/trudi-rehkitz-berty-gross\\\/#primaryimage\",\"url\":\"https:\\\/\\\/schweizversand.ch\\\/wp-content\\\/uploads\\\/2026\\\/02\\\/5504963999.jpg\",\"contentUrl\":\"https:\\\/\\\/schweizversand.ch\\\/wp-content\\\/uploads\\\/2026\\\/02\\\/5504963999.jpg\",\"width\":1024,\"height\":895},{\"@type\":\"BreadcrumbList\",\"@id\":\"https:\\\/\\\/schweizversand.ch\\\/fr\\\/produkt\\\/trudi-rehkitz-berty-gross\\\/#breadcrumb\",\"itemListElement\":[{\"@type\":\"ListItem\",\"position\":1,\"name\":\"Startseite\",\"item\":\"https:\\\/\\\/schweizversand.ch\\\/fr\\\/home\\\/\"},{\"@type\":\"ListItem\",\"position\":2,\"name\":\"Boutique\",\"item\":\"https:\\\/\\\/schweizversand.ch\\\/fr\\\/boutique\\\/\"},{\"@type\":\"ListItem\",\"position\":3,\"name\":\"Jouets et jeux\",\"item\":\"https:\\\/\\\/schweizversand.ch\\\/fr\\\/produkt-kategorie\\\/jouets-et-jeux\\\/\"},{\"@type\":\"ListItem\",\"position\":4,\"name\":\"Figuren &amp; Puppen\",\"item\":\"https:\\\/\\\/schweizversand.ch\\\/produkt-kategorie\\\/spielzeuge-spiele\\\/figuren-puppen-spielzeuge-spiele\\\/\"},{\"@type\":\"ListItem\",\"position\":5,\"name\":\"Peluches\",\"item\":\"https:\\\/\\\/schweizversand.ch\\\/fr\\\/produkt-kategorie\\\/plueschtier\\\/\"},{\"@type\":\"ListItem\",\"position\":6,\"name\":\"Trudi Rehkitz Berty gross\"}]},{\"@type\":\"WebSite\",\"@id\":\"https:\\\/\\\/schweizversand.ch\\\/fr\\\/#website\",\"url\":\"https:\\\/\\\/schweizversand.ch\\\/fr\\\/\",\"name\":\"Schweizer Shop f\u00fcr Sport, Spiel und Freizeit\",\"description\":\"Gratisversand ab 50.- (netto), ab eigenem schweizer Lager, Lieferung innert 48h\",\"publisher\":{\"@id\":\"https:\\\/\\\/schweizversand.ch\\\/fr\\\/#organization\"},\"alternateName\":\"Schweizversand.ch\",\"potentialAction\":[{\"@type\":\"SearchAction\",\"target\":{\"@type\":\"EntryPoint\",\"urlTemplate\":\"https:\\\/\\\/schweizversand.ch\\\/fr\\\/?s={search_term_string}\"},\"query-input\":{\"@type\":\"PropertyValueSpecification\",\"valueRequired\":true,\"valueName\":\"search_term_string\"}}],\"inLanguage\":\"fr-FR\"},{\"@type\":\"Organization\",\"@id\":\"https:\\\/\\\/schweizversand.ch\\\/fr\\\/#organization\",\"name\":\"Schweizversand.ch\",\"url\":\"https:\\\/\\\/schweizversand.ch\\\/fr\\\/\",\"logo\":{\"@type\":\"ImageObject\",\"inLanguage\":\"fr-FR\",\"@id\":\"https:\\\/\\\/schweizversand.ch\\\/fr\\\/#\\\/schema\\\/logo\\\/image\\\/\",\"url\":\"https:\\\/\\\/schweizversand.ch\\\/wp-content\\\/uploads\\\/2026\\\/03\\\/Logo_Rund_Final-1.png\",\"contentUrl\":\"https:\\\/\\\/schweizversand.ch\\\/wp-content\\\/uploads\\\/2026\\\/03\\\/Logo_Rund_Final-1.png\",\"width\":404,\"height\":404,\"caption\":\"Schweizversand.ch\"},\"image\":{\"@id\":\"https:\\\/\\\/schweizversand.ch\\\/fr\\\/#\\\/schema\\\/logo\\\/image\\\/\"},\"sameAs\":[\"https:\\\/\\\/www.facebook.com\\\/Schweizversand\",\"https:\\\/\\\/www.instagram.com\\\/schweizversand.ch\\\/\"]}]}<\/script>\n<!-- \/ Yoast SEO plugin. -->","yoast_head_json":{"title":"Trudi Rehkitz Berty gross","description":"Trudi Pl\u00fcschtier Klassiker \u2013 Reh (28 cm) Entdecken Sie die zeitlosen Trudi Pl\u00fcschtiere , die seit Generationen Kinderherzen h\u00f6herschlagen lassen. Dieses detailr","robots":{"index":"index","follow":"follow","max-snippet":"max-snippet:-1","max-image-preview":"max-image-preview:large","max-video-preview":"max-video-preview:-1"},"canonical":"https:\/\/schweizversand.ch\/fr\/produkt\/trudi-rehkitz-berty-gross\/","og_locale":"fr_FR","og_type":"article","og_title":"Trudi Rehkitz Berty gross","og_description":"Trudi Pl\u00fcschtier Klassiker \u2013 Reh (28 cm) Entdecken Sie die zeitlosen Trudi Pl\u00fcschtiere , die seit Generationen Kinderherzen h\u00f6herschlagen lassen. Dieses detailr","og_url":"https:\/\/schweizversand.ch\/fr\/produkt\/trudi-rehkitz-berty-gross\/","og_site_name":"Schweizer Shop f\u00fcr Sport, Spiel und Freizeit","article_publisher":"https:\/\/www.facebook.com\/Schweizversand","article_modified_time":"2026-04-19T00:03:28+00:00","og_image":[{"width":1024,"height":895,"url":"https:\/\/schweizversand.ch\/wp-content\/uploads\/2026\/02\/5504963999.jpg","type":"image\/jpeg"}],"twitter_card":"summary_large_image","twitter_misc":{"Dur\u00e9e de lecture estim\u00e9e":"1 minute"},"schema":{"@context":"https:\/\/schema.org","@graph":[{"@type":"WebPage","@id":"https:\/\/schweizversand.ch\/fr\/produkt\/trudi-rehkitz-berty-gross\/","url":"https:\/\/schweizversand.ch\/fr\/produkt\/trudi-rehkitz-berty-gross\/","name":"Trudi Rehkitz Berty gross","isPartOf":{"@id":"https:\/\/schweizversand.ch\/fr\/#website"},"primaryImageOfPage":{"@id":"https:\/\/schweizversand.ch\/fr\/produkt\/trudi-rehkitz-berty-gross\/#primaryimage"},"image":{"@id":"https:\/\/schweizversand.ch\/fr\/produkt\/trudi-rehkitz-berty-gross\/#primaryimage"},"thumbnailUrl":"https:\/\/schweizversand.ch\/wp-content\/uploads\/2026\/02\/5504963999.jpg","datePublished":"2026-03-14T23:28:09+00:00","dateModified":"2026-04-19T00:03:28+00:00","description":"Trudi Pl\u00fcschtier Klassiker \u2013 Reh (28 cm) Entdecken Sie die zeitlosen Trudi Pl\u00fcschtiere , die seit Generationen Kinderherzen h\u00f6herschlagen lassen. Dieses detailr","breadcrumb":{"@id":"https:\/\/schweizversand.ch\/fr\/produkt\/trudi-rehkitz-berty-gross\/#breadcrumb"},"inLanguage":"fr-FR","potentialAction":[{"@type":"ReadAction","target":["https:\/\/schweizversand.ch\/fr\/produkt\/trudi-rehkitz-berty-gross\/"]}]},{"@type":"ImageObject","inLanguage":"fr-FR","@id":"https:\/\/schweizversand.ch\/fr\/produkt\/trudi-rehkitz-berty-gross\/#primaryimage","url":"https:\/\/schweizversand.ch\/wp-content\/uploads\/2026\/02\/5504963999.jpg","contentUrl":"https:\/\/schweizversand.ch\/wp-content\/uploads\/2026\/02\/5504963999.jpg","width":1024,"height":895},{"@type":"BreadcrumbList","@id":"https:\/\/schweizversand.ch\/fr\/produkt\/trudi-rehkitz-berty-gross\/#breadcrumb","itemListElement":[{"@type":"ListItem","position":1,"name":"Startseite","item":"https:\/\/schweizversand.ch\/fr\/home\/"},{"@type":"ListItem","position":2,"name":"Boutique","item":"https:\/\/schweizversand.ch\/fr\/boutique\/"},{"@type":"ListItem","position":3,"name":"Jouets et jeux","item":"https:\/\/schweizversand.ch\/fr\/produkt-kategorie\/jouets-et-jeux\/"},{"@type":"ListItem","position":4,"name":"Figuren &amp; Puppen","item":"https:\/\/schweizversand.ch\/produkt-kategorie\/spielzeuge-spiele\/figuren-puppen-spielzeuge-spiele\/"},{"@type":"ListItem","position":5,"name":"Peluches","item":"https:\/\/schweizversand.ch\/fr\/produkt-kategorie\/plueschtier\/"},{"@type":"ListItem","position":6,"name":"Trudi Rehkitz Berty gross"}]},{"@type":"WebSite","@id":"https:\/\/schweizversand.ch\/fr\/#website","url":"https:\/\/schweizversand.ch\/fr\/","name":"Schweizer Shop f\u00fcr Sport, Spiel und Freizeit","description":"Gratisversand ab 50.- (netto), ab eigenem schweizer Lager, Lieferung innert 48h","publisher":{"@id":"https:\/\/schweizversand.ch\/fr\/#organization"},"alternateName":"Schweizversand.ch","potentialAction":[{"@type":"SearchAction","target":{"@type":"EntryPoint","urlTemplate":"https:\/\/schweizversand.ch\/fr\/?s={search_term_string}"},"query-input":{"@type":"PropertyValueSpecification","valueRequired":true,"valueName":"search_term_string"}}],"inLanguage":"fr-FR"},{"@type":"Organization","@id":"https:\/\/schweizversand.ch\/fr\/#organization","name":"Schweizversand.ch","url":"https:\/\/schweizversand.ch\/fr\/","logo":{"@type":"ImageObject","inLanguage":"fr-FR","@id":"https:\/\/schweizversand.ch\/fr\/#\/schema\/logo\/image\/","url":"https:\/\/schweizversand.ch\/wp-content\/uploads\/2026\/03\/Logo_Rund_Final-1.png","contentUrl":"https:\/\/schweizversand.ch\/wp-content\/uploads\/2026\/03\/Logo_Rund_Final-1.png","width":404,"height":404,"caption":"Schweizversand.ch"},"image":{"@id":"https:\/\/schweizversand.ch\/fr\/#\/schema\/logo\/image\/"},"sameAs":["https:\/\/www.facebook.com\/Schweizversand","https:\/\/www.instagram.com\/schweizversand.ch\/"]}]}},"jetpack_sharing_enabled":true,"_links":{"self":[{"href":"https:\/\/schweizversand.ch\/fr\/wp-json\/wp\/v2\/product\/259783","targetHints":{"allow":["GET"]}}],"collection":[{"href":"https:\/\/schweizversand.ch\/fr\/wp-json\/wp\/v2\/product"}],"about":[{"href":"https:\/\/schweizversand.ch\/fr\/wp-json\/wp\/v2\/types\/product"}],"replies":[{"embeddable":true,"href":"https:\/\/schweizversand.ch\/fr\/wp-json\/wp\/v2\/comments?post=259783"}],"wp:featuredmedia":[{"embeddable":true,"href":"https:\/\/schweizversand.ch\/fr\/wp-json\/wp\/v2\/media\/158468"}],"wp:attachment":[{"href":"https:\/\/schweizversand.ch\/fr\/wp-json\/wp\/v2\/media?parent=259783"}],"wp:term":[{"taxonomy":"product_brand","embeddable":true,"href":"https:\/\/schweizversand.ch\/fr\/wp-json\/wp\/v2\/product_brand?post=259783"},{"taxonomy":"product_cat","embeddable":true,"href":"https:\/\/schweizversand.ch\/fr\/wp-json\/wp\/v2\/product_cat?post=259783"},{"taxonomy":"product_tag","embeddable":true,"href":"https:\/\/schweizversand.ch\/fr\/wp-json\/wp\/v2\/product_tag?post=259783"}],"curies":[{"name":"wp","href":"https:\/\/api.w.org\/{rel}","templated":true}]}}