{"id":259785,"date":"2026-03-15T00:28:09","date_gmt":"2026-03-14T23:28:09","guid":{"rendered":"https:\/\/schweizversand.ch\/produkt\/widmann-kostuem-super-muskel-ninja\/"},"modified":"2026-04-20T02:03:10","modified_gmt":"2026-04-20T00:03:10","slug":"widmann-kostuem-super-muskel-ninja","status":"publish","type":"product","link":"https:\/\/schweizversand.ch\/fr\/produkt\/widmann-kostuem-super-muskel-ninja\/","title":{"rendered":"WIDMANN D\u00e9guisement Super Ninja Muscl\u00e9"},"content":{"rendered":"<p>D\u00e9guisement de Ninja Super Muscl\u00e9 pour Adultes<\/p>\n<p>Transformez-vous en un guerrier des ombres intr\u00e9pide avec le d\u00e9guisement de Ninja Super Muscl\u00e9 en taille S pour adultes ! Gr\u00e2ce \u00e0 son d\u00e9bardeur int\u00e9gr\u00e9, cette tenue impressionnante vous offre une silhouette saisissante et vous garantit des heures de divertissement pour le Carnaval, Halloween, les \u00e9v\u00e9nements cosplay ou les soir\u00e9es \u00e0 th\u00e8me.<\/p>\n<p>Le d\u00e9guisement comprend un d\u00e9bardeur \u00e0 capuche, un masque, un pantalon assorti et une ceinture \u2013 tout le n\u00e9cessaire pour incarner un ninja redoutable.<\/p>\n<p>D\u00e9tails du produit :<\/p>\n<p>\u2022 Contenu : D\u00e9bardeur \u00e0 capuche, masque, pantalon, ceinture<\/p>\n<p>\u2022 Couleur : Ninja classique (ex. : noir avec d\u00e9tails \u2013 personnalisable)<\/p>\n<p>\u2022 Mati\u00e8re : Confortable et extensible \u2013 id\u00e9al pour faire la f\u00eate toute la nuit<\/p>\n<p>\u2022 Parfait pour le Carnaval, Halloween, les soir\u00e9es \u00e0 th\u00e8me ou les spectacles<\/p>\n","protected":false},"excerpt":{"rendered":"<p>WIDMANN Kost\u00fcm Super Muskel Ninja verwandelt dich in einen furchtlosen K\u00e4mpfer mit integriertem Muskelshirt, Maske und Hose \u2013 perfekt f\u00fcr Fasching, Halloween und Mottopartys!<\/p>\n","protected":false},"featured_media":158482,"comment_status":"open","ping_status":"closed","template":"","meta":[],"product_brand":[],"product_cat":[38120],"product_tag":[],"class_list":{"0":"post-259785","1":"product","2":"type-product","3":"status-publish","4":"has-post-thumbnail","6":"product_cat-kostueme","7":"product_shipping_class-global_methods","9":"first","10":"instock","11":"taxable","12":"shipping-taxable","13":"purchasable","14":"product-type-simple"},"yoast_head":"<!-- This site is optimized with the Yoast SEO plugin v27.4 - https:\/\/yoast.com\/product\/yoast-seo-wordpress\/ -->\n<title>WIDMANN Kost\u00fcm Super Muskel Ninja<\/title>\n<meta name=\"description\" content=\"Super Muskel Ninja Kost\u00fcm f\u00fcr Erwachsene\u00a0 Verwandle dich in einen furchtlosen K\u00e4mpfer der Schatten mit dem Super Muskel Ninja Kost\u00fcm in Gr\u00f6\u00dfe S f\u00fcr Erwachsene!\" \/>\n<meta name=\"robots\" content=\"index, follow, max-snippet:-1, max-image-preview:large, max-video-preview:-1\" \/>\n<link rel=\"canonical\" href=\"https:\/\/schweizversand.ch\/fr\/produkt\/widmann-kostuem-super-muskel-ninja\/\" \/>\n<meta property=\"og:locale\" content=\"fr_FR\" \/>\n<meta property=\"og:type\" content=\"article\" \/>\n<meta property=\"og:title\" content=\"WIDMANN Kost\u00fcm Super Muskel Ninja\" \/>\n<meta property=\"og:description\" content=\"Super Muskel Ninja Kost\u00fcm f\u00fcr Erwachsene\u00a0 Verwandle dich in einen furchtlosen K\u00e4mpfer der Schatten mit dem Super Muskel Ninja Kost\u00fcm in Gr\u00f6\u00dfe S f\u00fcr Erwachsene!\" \/>\n<meta property=\"og:url\" content=\"https:\/\/schweizversand.ch\/fr\/produkt\/widmann-kostuem-super-muskel-ninja\/\" \/>\n<meta property=\"og:site_name\" content=\"Schweizer Shop f\u00fcr Sport, Spiel und Freizeit\" \/>\n<meta property=\"article:publisher\" content=\"https:\/\/www.facebook.com\/Schweizversand\" \/>\n<meta property=\"article:modified_time\" content=\"2026-04-20T00:03:10+00:00\" \/>\n<meta property=\"og:image\" content=\"https:\/\/schweizversand.ch\/wp-content\/uploads\/2026\/02\/5471919847.png\" \/>\n\t<meta property=\"og:image:width\" content=\"734\" \/>\n\t<meta property=\"og:image:height\" content=\"1024\" \/>\n\t<meta property=\"og:image:type\" content=\"image\/png\" \/>\n<meta name=\"twitter:card\" content=\"summary_large_image\" \/>\n<meta name=\"twitter:label1\" content=\"Dur\u00e9e de lecture estim\u00e9e\" \/>\n\t<meta name=\"twitter:data1\" content=\"1 minute\" \/>\n<script type=\"application\/ld+json\" class=\"yoast-schema-graph\">{\"@context\":\"https:\\\/\\\/schema.org\",\"@graph\":[{\"@type\":\"WebPage\",\"@id\":\"https:\\\/\\\/schweizversand.ch\\\/fr\\\/produkt\\\/widmann-kostuem-super-muskel-ninja\\\/\",\"url\":\"https:\\\/\\\/schweizversand.ch\\\/fr\\\/produkt\\\/widmann-kostuem-super-muskel-ninja\\\/\",\"name\":\"WIDMANN Kost\u00fcm Super Muskel Ninja\",\"isPartOf\":{\"@id\":\"https:\\\/\\\/schweizversand.ch\\\/fr\\\/#website\"},\"primaryImageOfPage\":{\"@id\":\"https:\\\/\\\/schweizversand.ch\\\/fr\\\/produkt\\\/widmann-kostuem-super-muskel-ninja\\\/#primaryimage\"},\"image\":{\"@id\":\"https:\\\/\\\/schweizversand.ch\\\/fr\\\/produkt\\\/widmann-kostuem-super-muskel-ninja\\\/#primaryimage\"},\"thumbnailUrl\":\"https:\\\/\\\/schweizversand.ch\\\/wp-content\\\/uploads\\\/2026\\\/02\\\/5471919847.png\",\"datePublished\":\"2026-03-14T23:28:09+00:00\",\"dateModified\":\"2026-04-20T00:03:10+00:00\",\"description\":\"Super Muskel Ninja Kost\u00fcm f\u00fcr Erwachsene\u00a0 Verwandle dich in einen furchtlosen K\u00e4mpfer der Schatten mit dem Super Muskel Ninja Kost\u00fcm in Gr\u00f6\u00dfe S f\u00fcr Erwachsene!\",\"breadcrumb\":{\"@id\":\"https:\\\/\\\/schweizversand.ch\\\/fr\\\/produkt\\\/widmann-kostuem-super-muskel-ninja\\\/#breadcrumb\"},\"inLanguage\":\"fr-FR\",\"potentialAction\":[{\"@type\":\"ReadAction\",\"target\":[\"https:\\\/\\\/schweizversand.ch\\\/fr\\\/produkt\\\/widmann-kostuem-super-muskel-ninja\\\/\"]}]},{\"@type\":\"ImageObject\",\"inLanguage\":\"fr-FR\",\"@id\":\"https:\\\/\\\/schweizversand.ch\\\/fr\\\/produkt\\\/widmann-kostuem-super-muskel-ninja\\\/#primaryimage\",\"url\":\"https:\\\/\\\/schweizversand.ch\\\/wp-content\\\/uploads\\\/2026\\\/02\\\/5471919847.png\",\"contentUrl\":\"https:\\\/\\\/schweizversand.ch\\\/wp-content\\\/uploads\\\/2026\\\/02\\\/5471919847.png\",\"width\":734,\"height\":1024},{\"@type\":\"BreadcrumbList\",\"@id\":\"https:\\\/\\\/schweizversand.ch\\\/fr\\\/produkt\\\/widmann-kostuem-super-muskel-ninja\\\/#breadcrumb\",\"itemListElement\":[{\"@type\":\"ListItem\",\"position\":1,\"name\":\"Startseite\",\"item\":\"https:\\\/\\\/schweizversand.ch\\\/fr\\\/home\\\/\"},{\"@type\":\"ListItem\",\"position\":2,\"name\":\"Boutique\",\"item\":\"https:\\\/\\\/schweizversand.ch\\\/fr\\\/boutique\\\/\"},{\"@type\":\"ListItem\",\"position\":3,\"name\":\"Mode\",\"item\":\"https:\\\/\\\/schweizversand.ch\\\/fr\\\/produkt-kategorie\\\/mode-fr\\\/\"},{\"@type\":\"ListItem\",\"position\":4,\"name\":\"Mode unisexe\",\"item\":\"https:\\\/\\\/schweizversand.ch\\\/fr\\\/produkt-kategorie\\\/mode-fr\\\/mode-unisexe\\\/\"},{\"@type\":\"ListItem\",\"position\":5,\"name\":\"Costumes\",\"item\":\"https:\\\/\\\/schweizversand.ch\\\/fr\\\/produkt-kategorie\\\/mode-fr\\\/mode-unisexe\\\/kostueme\\\/\"},{\"@type\":\"ListItem\",\"position\":6,\"name\":\"WIDMANN D\u00e9guisement Super Ninja Muscl\u00e9\"}]},{\"@type\":\"WebSite\",\"@id\":\"https:\\\/\\\/schweizversand.ch\\\/fr\\\/#website\",\"url\":\"https:\\\/\\\/schweizversand.ch\\\/fr\\\/\",\"name\":\"Schweizer Shop f\u00fcr Sport, Spiel und Freizeit\",\"description\":\"Gratisversand ab 50.- (netto), ab eigenem schweizer Lager, Lieferung innert 48h\",\"publisher\":{\"@id\":\"https:\\\/\\\/schweizversand.ch\\\/fr\\\/#organization\"},\"alternateName\":\"Schweizversand.ch\",\"potentialAction\":[{\"@type\":\"SearchAction\",\"target\":{\"@type\":\"EntryPoint\",\"urlTemplate\":\"https:\\\/\\\/schweizversand.ch\\\/fr\\\/?s={search_term_string}\"},\"query-input\":{\"@type\":\"PropertyValueSpecification\",\"valueRequired\":true,\"valueName\":\"search_term_string\"}}],\"inLanguage\":\"fr-FR\"},{\"@type\":\"Organization\",\"@id\":\"https:\\\/\\\/schweizversand.ch\\\/fr\\\/#organization\",\"name\":\"Schweizversand.ch\",\"url\":\"https:\\\/\\\/schweizversand.ch\\\/fr\\\/\",\"logo\":{\"@type\":\"ImageObject\",\"inLanguage\":\"fr-FR\",\"@id\":\"https:\\\/\\\/schweizversand.ch\\\/fr\\\/#\\\/schema\\\/logo\\\/image\\\/\",\"url\":\"https:\\\/\\\/schweizversand.ch\\\/wp-content\\\/uploads\\\/2026\\\/03\\\/Logo_Rund_Final-1.png\",\"contentUrl\":\"https:\\\/\\\/schweizversand.ch\\\/wp-content\\\/uploads\\\/2026\\\/03\\\/Logo_Rund_Final-1.png\",\"width\":404,\"height\":404,\"caption\":\"Schweizversand.ch\"},\"image\":{\"@id\":\"https:\\\/\\\/schweizversand.ch\\\/fr\\\/#\\\/schema\\\/logo\\\/image\\\/\"},\"sameAs\":[\"https:\\\/\\\/www.facebook.com\\\/Schweizversand\",\"https:\\\/\\\/www.instagram.com\\\/schweizversand.ch\\\/\"]}]}<\/script>\n<!-- \/ Yoast SEO plugin. -->","yoast_head_json":{"title":"WIDMANN Kost\u00fcm Super Muskel Ninja","description":"Super Muskel Ninja Kost\u00fcm f\u00fcr Erwachsene\u00a0 Verwandle dich in einen furchtlosen K\u00e4mpfer der Schatten mit dem Super Muskel Ninja Kost\u00fcm in Gr\u00f6\u00dfe S f\u00fcr Erwachsene!","robots":{"index":"index","follow":"follow","max-snippet":"max-snippet:-1","max-image-preview":"max-image-preview:large","max-video-preview":"max-video-preview:-1"},"canonical":"https:\/\/schweizversand.ch\/fr\/produkt\/widmann-kostuem-super-muskel-ninja\/","og_locale":"fr_FR","og_type":"article","og_title":"WIDMANN Kost\u00fcm Super Muskel Ninja","og_description":"Super Muskel Ninja Kost\u00fcm f\u00fcr Erwachsene\u00a0 Verwandle dich in einen furchtlosen K\u00e4mpfer der Schatten mit dem Super Muskel Ninja Kost\u00fcm in Gr\u00f6\u00dfe S f\u00fcr Erwachsene!","og_url":"https:\/\/schweizversand.ch\/fr\/produkt\/widmann-kostuem-super-muskel-ninja\/","og_site_name":"Schweizer Shop f\u00fcr Sport, Spiel und Freizeit","article_publisher":"https:\/\/www.facebook.com\/Schweizversand","article_modified_time":"2026-04-20T00:03:10+00:00","og_image":[{"width":734,"height":1024,"url":"https:\/\/schweizversand.ch\/wp-content\/uploads\/2026\/02\/5471919847.png","type":"image\/png"}],"twitter_card":"summary_large_image","twitter_misc":{"Dur\u00e9e de lecture estim\u00e9e":"1 minute"},"schema":{"@context":"https:\/\/schema.org","@graph":[{"@type":"WebPage","@id":"https:\/\/schweizversand.ch\/fr\/produkt\/widmann-kostuem-super-muskel-ninja\/","url":"https:\/\/schweizversand.ch\/fr\/produkt\/widmann-kostuem-super-muskel-ninja\/","name":"WIDMANN Kost\u00fcm Super Muskel Ninja","isPartOf":{"@id":"https:\/\/schweizversand.ch\/fr\/#website"},"primaryImageOfPage":{"@id":"https:\/\/schweizversand.ch\/fr\/produkt\/widmann-kostuem-super-muskel-ninja\/#primaryimage"},"image":{"@id":"https:\/\/schweizversand.ch\/fr\/produkt\/widmann-kostuem-super-muskel-ninja\/#primaryimage"},"thumbnailUrl":"https:\/\/schweizversand.ch\/wp-content\/uploads\/2026\/02\/5471919847.png","datePublished":"2026-03-14T23:28:09+00:00","dateModified":"2026-04-20T00:03:10+00:00","description":"Super Muskel Ninja Kost\u00fcm f\u00fcr Erwachsene\u00a0 Verwandle dich in einen furchtlosen K\u00e4mpfer der Schatten mit dem Super Muskel Ninja Kost\u00fcm in Gr\u00f6\u00dfe S f\u00fcr Erwachsene!","breadcrumb":{"@id":"https:\/\/schweizversand.ch\/fr\/produkt\/widmann-kostuem-super-muskel-ninja\/#breadcrumb"},"inLanguage":"fr-FR","potentialAction":[{"@type":"ReadAction","target":["https:\/\/schweizversand.ch\/fr\/produkt\/widmann-kostuem-super-muskel-ninja\/"]}]},{"@type":"ImageObject","inLanguage":"fr-FR","@id":"https:\/\/schweizversand.ch\/fr\/produkt\/widmann-kostuem-super-muskel-ninja\/#primaryimage","url":"https:\/\/schweizversand.ch\/wp-content\/uploads\/2026\/02\/5471919847.png","contentUrl":"https:\/\/schweizversand.ch\/wp-content\/uploads\/2026\/02\/5471919847.png","width":734,"height":1024},{"@type":"BreadcrumbList","@id":"https:\/\/schweizversand.ch\/fr\/produkt\/widmann-kostuem-super-muskel-ninja\/#breadcrumb","itemListElement":[{"@type":"ListItem","position":1,"name":"Startseite","item":"https:\/\/schweizversand.ch\/fr\/home\/"},{"@type":"ListItem","position":2,"name":"Boutique","item":"https:\/\/schweizversand.ch\/fr\/boutique\/"},{"@type":"ListItem","position":3,"name":"Mode","item":"https:\/\/schweizversand.ch\/fr\/produkt-kategorie\/mode-fr\/"},{"@type":"ListItem","position":4,"name":"Mode unisexe","item":"https:\/\/schweizversand.ch\/fr\/produkt-kategorie\/mode-fr\/mode-unisexe\/"},{"@type":"ListItem","position":5,"name":"Costumes","item":"https:\/\/schweizversand.ch\/fr\/produkt-kategorie\/mode-fr\/mode-unisexe\/kostueme\/"},{"@type":"ListItem","position":6,"name":"WIDMANN D\u00e9guisement Super Ninja Muscl\u00e9"}]},{"@type":"WebSite","@id":"https:\/\/schweizversand.ch\/fr\/#website","url":"https:\/\/schweizversand.ch\/fr\/","name":"Schweizer Shop f\u00fcr Sport, Spiel und Freizeit","description":"Gratisversand ab 50.- (netto), ab eigenem schweizer Lager, Lieferung innert 48h","publisher":{"@id":"https:\/\/schweizversand.ch\/fr\/#organization"},"alternateName":"Schweizversand.ch","potentialAction":[{"@type":"SearchAction","target":{"@type":"EntryPoint","urlTemplate":"https:\/\/schweizversand.ch\/fr\/?s={search_term_string}"},"query-input":{"@type":"PropertyValueSpecification","valueRequired":true,"valueName":"search_term_string"}}],"inLanguage":"fr-FR"},{"@type":"Organization","@id":"https:\/\/schweizversand.ch\/fr\/#organization","name":"Schweizversand.ch","url":"https:\/\/schweizversand.ch\/fr\/","logo":{"@type":"ImageObject","inLanguage":"fr-FR","@id":"https:\/\/schweizversand.ch\/fr\/#\/schema\/logo\/image\/","url":"https:\/\/schweizversand.ch\/wp-content\/uploads\/2026\/03\/Logo_Rund_Final-1.png","contentUrl":"https:\/\/schweizversand.ch\/wp-content\/uploads\/2026\/03\/Logo_Rund_Final-1.png","width":404,"height":404,"caption":"Schweizversand.ch"},"image":{"@id":"https:\/\/schweizversand.ch\/fr\/#\/schema\/logo\/image\/"},"sameAs":["https:\/\/www.facebook.com\/Schweizversand","https:\/\/www.instagram.com\/schweizversand.ch\/"]}]}},"jetpack_sharing_enabled":true,"_links":{"self":[{"href":"https:\/\/schweizversand.ch\/fr\/wp-json\/wp\/v2\/product\/259785","targetHints":{"allow":["GET"]}}],"collection":[{"href":"https:\/\/schweizversand.ch\/fr\/wp-json\/wp\/v2\/product"}],"about":[{"href":"https:\/\/schweizversand.ch\/fr\/wp-json\/wp\/v2\/types\/product"}],"replies":[{"embeddable":true,"href":"https:\/\/schweizversand.ch\/fr\/wp-json\/wp\/v2\/comments?post=259785"}],"wp:featuredmedia":[{"embeddable":true,"href":"https:\/\/schweizversand.ch\/fr\/wp-json\/wp\/v2\/media\/158482"}],"wp:attachment":[{"href":"https:\/\/schweizversand.ch\/fr\/wp-json\/wp\/v2\/media?parent=259785"}],"wp:term":[{"taxonomy":"product_brand","embeddable":true,"href":"https:\/\/schweizversand.ch\/fr\/wp-json\/wp\/v2\/product_brand?post=259785"},{"taxonomy":"product_cat","embeddable":true,"href":"https:\/\/schweizversand.ch\/fr\/wp-json\/wp\/v2\/product_cat?post=259785"},{"taxonomy":"product_tag","embeddable":true,"href":"https:\/\/schweizversand.ch\/fr\/wp-json\/wp\/v2\/product_tag?post=259785"}],"curies":[{"name":"wp","href":"https:\/\/api.w.org\/{rel}","templated":true}]}}