{"id":259789,"date":"2026-03-15T00:55:15","date_gmt":"2026-03-14T23:55:15","guid":{"rendered":"https:\/\/schweizversand.ch\/produkt\/wunder-baum-duft-clip-bubble-gum\/"},"modified":"2026-04-19T15:35:09","modified_gmt":"2026-04-19T13:35:09","slug":"wunder-baum-duft-clip-bubble-gum","status":"publish","type":"product","link":"https:\/\/schweizversand.ch\/fr\/produkt\/wunder-baum-duft-clip-bubble-gum\/","title":{"rendered":"Parfum Miracle Tree \u00ab Clip Bubble Gum \u00bb"},"content":{"rendered":"<p>D\u00e9sodorisant \u00e0 clip Wunderbaum \u2013 Parfum Bubble Gum pour votre voiture<\/p>\n<p>Le d\u00e9sodorisant \u00e0 clip Wunderbaum Bubble Gum diffuse un parfum frais, sucr\u00e9 et fruit\u00e9 dans votre v\u00e9hicule. Pratique et discret, il suffit de le fixer \u00e0 la grille d&rsquo;a\u00e9ration pour que l&rsquo;agr\u00e9able parfum de bubble-gum embaume l&rsquo;habitacle.<\/p>\n<p>Gr\u00e2ce \u00e0 son design compact, le clip est quasiment invisible, tout en \u00e9tant tr\u00e8s efficace. Id\u00e9al pour tous ceux qui appr\u00e9cient le parfum signature Wunderbaum mais recherchent une alternative plus discr\u00e8te au sapin traditionnel.<\/p>\n<p>Aper\u00e7u des avantages du produit\u00a0:<\/p>\n<p>\u2022 Parfum Bubble Gum\u00a0: Doux, frais et agr\u00e9able pour l\u2019habitacle de votre voiture.<\/p>\n<p>\u2022 Application facile\u00a0: Fixation simple sur la grille d\u2019a\u00e9ration.<\/p>\n<p>\u2022 Design discret\u00a0: Discret, efficace.<\/p>\n<p>\u2022 Qualit\u00e9 Wunderbaum originale\u00a0: Fra\u00eecheur longue dur\u00e9e dans votre voiture.<\/p>\n<p>\u2022 Format compact\u00a0: Compatible avec tous les v\u00e9hicules.<\/p>\n<p>Avec le clip parfum Bubble Gum de Wunderbaum, profitez d\u2019un parfum agr\u00e9able et d\u2019une conduite fra\u00eeche \u00e0 tout moment\u00a0: \u00e9l\u00e9gant, pratique et fiable.<\/p>\n","protected":false},"excerpt":{"rendered":"<p>Wunder-Baum Duft \u00ab\u00a0Clip Bubble Gum\u00a0\u00bb sorgt mit s\u00fc\u00df-frischem Kaugummi-Duft f\u00fcr angenehme Frische im Auto. Praktischer Clip, unauff\u00e4lliges Design, starke Wirkung garantiert.<\/p>\n","protected":false},"featured_media":160157,"comment_status":"open","ping_status":"closed","template":"","meta":[],"product_brand":[],"product_cat":[38340],"product_tag":[],"class_list":{"0":"post-259789","1":"product","2":"type-product","3":"status-publish","4":"has-post-thumbnail","6":"product_cat-raumduft","7":"product_shipping_class-global_methods","9":"first","10":"instock","11":"taxable","12":"shipping-taxable","13":"purchasable","14":"product-type-simple"},"yoast_head":"<!-- This site is optimized with the Yoast SEO plugin v27.4 - https:\/\/yoast.com\/product\/yoast-seo-wordpress\/ -->\n<title>Wunder-Baum Duft &quot;Clip Bubble Gum&quot;<\/title>\n<meta name=\"description\" content=\"Wunderbaum Lufterfrischer Clip \u2013 Bubble Gum Duft f\u00fcr Ihr Auto Der Wunderbaum Lufterfrischer Clip Bubble Gum sorgt f\u00fcr einen frischen, s\u00fc\u00dflich-fruchtigen Duft i\" \/>\n<meta name=\"robots\" content=\"index, follow, max-snippet:-1, max-image-preview:large, max-video-preview:-1\" \/>\n<link rel=\"canonical\" href=\"https:\/\/schweizversand.ch\/fr\/produkt\/wunder-baum-duft-clip-bubble-gum\/\" \/>\n<meta property=\"og:locale\" content=\"fr_FR\" \/>\n<meta property=\"og:type\" content=\"article\" \/>\n<meta property=\"og:title\" content=\"Wunder-Baum Duft &quot;Clip Bubble Gum&quot;\" \/>\n<meta property=\"og:description\" content=\"Wunderbaum Lufterfrischer Clip \u2013 Bubble Gum Duft f\u00fcr Ihr Auto Der Wunderbaum Lufterfrischer Clip Bubble Gum sorgt f\u00fcr einen frischen, s\u00fc\u00dflich-fruchtigen Duft i\" \/>\n<meta property=\"og:url\" content=\"https:\/\/schweizversand.ch\/fr\/produkt\/wunder-baum-duft-clip-bubble-gum\/\" \/>\n<meta property=\"og:site_name\" content=\"Schweizer Shop f\u00fcr Sport, Spiel und Freizeit\" \/>\n<meta property=\"article:publisher\" content=\"https:\/\/www.facebook.com\/Schweizversand\" \/>\n<meta property=\"article:modified_time\" content=\"2026-04-19T13:35:09+00:00\" \/>\n<meta property=\"og:image\" content=\"https:\/\/schweizversand.ch\/wp-content\/uploads\/2026\/02\/5471985186.jpg\" \/>\n\t<meta property=\"og:image:width\" content=\"686\" \/>\n\t<meta property=\"og:image:height\" content=\"1024\" \/>\n\t<meta property=\"og:image:type\" content=\"image\/jpeg\" \/>\n<meta name=\"twitter:card\" content=\"summary_large_image\" \/>\n<meta name=\"twitter:label1\" content=\"Dur\u00e9e de lecture estim\u00e9e\" \/>\n\t<meta name=\"twitter:data1\" content=\"1 minute\" \/>\n<script type=\"application\/ld+json\" class=\"yoast-schema-graph\">{\"@context\":\"https:\\\/\\\/schema.org\",\"@graph\":[{\"@type\":\"WebPage\",\"@id\":\"https:\\\/\\\/schweizversand.ch\\\/fr\\\/produkt\\\/wunder-baum-duft-clip-bubble-gum\\\/\",\"url\":\"https:\\\/\\\/schweizversand.ch\\\/fr\\\/produkt\\\/wunder-baum-duft-clip-bubble-gum\\\/\",\"name\":\"Wunder-Baum Duft \\\"Clip Bubble Gum\\\"\",\"isPartOf\":{\"@id\":\"https:\\\/\\\/schweizversand.ch\\\/fr\\\/#website\"},\"primaryImageOfPage\":{\"@id\":\"https:\\\/\\\/schweizversand.ch\\\/fr\\\/produkt\\\/wunder-baum-duft-clip-bubble-gum\\\/#primaryimage\"},\"image\":{\"@id\":\"https:\\\/\\\/schweizversand.ch\\\/fr\\\/produkt\\\/wunder-baum-duft-clip-bubble-gum\\\/#primaryimage\"},\"thumbnailUrl\":\"https:\\\/\\\/schweizversand.ch\\\/wp-content\\\/uploads\\\/2026\\\/02\\\/5471985186.jpg\",\"datePublished\":\"2026-03-14T23:55:15+00:00\",\"dateModified\":\"2026-04-19T13:35:09+00:00\",\"description\":\"Wunderbaum Lufterfrischer Clip \u2013 Bubble Gum Duft f\u00fcr Ihr Auto Der Wunderbaum Lufterfrischer Clip Bubble Gum sorgt f\u00fcr einen frischen, s\u00fc\u00dflich-fruchtigen Duft i\",\"breadcrumb\":{\"@id\":\"https:\\\/\\\/schweizversand.ch\\\/fr\\\/produkt\\\/wunder-baum-duft-clip-bubble-gum\\\/#breadcrumb\"},\"inLanguage\":\"fr-FR\",\"potentialAction\":[{\"@type\":\"ReadAction\",\"target\":[\"https:\\\/\\\/schweizversand.ch\\\/fr\\\/produkt\\\/wunder-baum-duft-clip-bubble-gum\\\/\"]}]},{\"@type\":\"ImageObject\",\"inLanguage\":\"fr-FR\",\"@id\":\"https:\\\/\\\/schweizversand.ch\\\/fr\\\/produkt\\\/wunder-baum-duft-clip-bubble-gum\\\/#primaryimage\",\"url\":\"https:\\\/\\\/schweizversand.ch\\\/wp-content\\\/uploads\\\/2026\\\/02\\\/5471985186.jpg\",\"contentUrl\":\"https:\\\/\\\/schweizversand.ch\\\/wp-content\\\/uploads\\\/2026\\\/02\\\/5471985186.jpg\",\"width\":686,\"height\":1024},{\"@type\":\"BreadcrumbList\",\"@id\":\"https:\\\/\\\/schweizversand.ch\\\/fr\\\/produkt\\\/wunder-baum-duft-clip-bubble-gum\\\/#breadcrumb\",\"itemListElement\":[{\"@type\":\"ListItem\",\"position\":1,\"name\":\"Startseite\",\"item\":\"https:\\\/\\\/schweizversand.ch\\\/fr\\\/home\\\/\"},{\"@type\":\"ListItem\",\"position\":2,\"name\":\"Boutique\",\"item\":\"https:\\\/\\\/schweizversand.ch\\\/fr\\\/boutique\\\/\"},{\"@type\":\"ListItem\",\"position\":3,\"name\":\"Accueil\",\"item\":\"https:\\\/\\\/schweizversand.ch\\\/fr\\\/produkt-kategorie\\\/accueil\\\/\"},{\"@type\":\"ListItem\",\"position\":4,\"name\":\"D\u00e9coration et accessoires\",\"item\":\"https:\\\/\\\/schweizversand.ch\\\/fr\\\/produkt-kategorie\\\/accueil\\\/decoration-et-accessoires\\\/\"},{\"@type\":\"ListItem\",\"position\":5,\"name\":\"Parfums d'ambiance\",\"item\":\"https:\\\/\\\/schweizversand.ch\\\/fr\\\/produkt-kategorie\\\/raumduft\\\/\"},{\"@type\":\"ListItem\",\"position\":6,\"name\":\"Parfum Miracle Tree \u00ab Clip Bubble Gum \u00bb\"}]},{\"@type\":\"WebSite\",\"@id\":\"https:\\\/\\\/schweizversand.ch\\\/fr\\\/#website\",\"url\":\"https:\\\/\\\/schweizversand.ch\\\/fr\\\/\",\"name\":\"Schweizer Shop f\u00fcr Sport, Spiel und Freizeit\",\"description\":\"Gratisversand ab 50.- (netto), ab eigenem schweizer Lager, Lieferung innert 48h\",\"publisher\":{\"@id\":\"https:\\\/\\\/schweizversand.ch\\\/fr\\\/#organization\"},\"alternateName\":\"Schweizversand.ch\",\"potentialAction\":[{\"@type\":\"SearchAction\",\"target\":{\"@type\":\"EntryPoint\",\"urlTemplate\":\"https:\\\/\\\/schweizversand.ch\\\/fr\\\/?s={search_term_string}\"},\"query-input\":{\"@type\":\"PropertyValueSpecification\",\"valueRequired\":true,\"valueName\":\"search_term_string\"}}],\"inLanguage\":\"fr-FR\"},{\"@type\":\"Organization\",\"@id\":\"https:\\\/\\\/schweizversand.ch\\\/fr\\\/#organization\",\"name\":\"Schweizversand.ch\",\"url\":\"https:\\\/\\\/schweizversand.ch\\\/fr\\\/\",\"logo\":{\"@type\":\"ImageObject\",\"inLanguage\":\"fr-FR\",\"@id\":\"https:\\\/\\\/schweizversand.ch\\\/fr\\\/#\\\/schema\\\/logo\\\/image\\\/\",\"url\":\"https:\\\/\\\/schweizversand.ch\\\/wp-content\\\/uploads\\\/2026\\\/03\\\/Logo_Rund_Final-1.png\",\"contentUrl\":\"https:\\\/\\\/schweizversand.ch\\\/wp-content\\\/uploads\\\/2026\\\/03\\\/Logo_Rund_Final-1.png\",\"width\":404,\"height\":404,\"caption\":\"Schweizversand.ch\"},\"image\":{\"@id\":\"https:\\\/\\\/schweizversand.ch\\\/fr\\\/#\\\/schema\\\/logo\\\/image\\\/\"},\"sameAs\":[\"https:\\\/\\\/www.facebook.com\\\/Schweizversand\",\"https:\\\/\\\/www.instagram.com\\\/schweizversand.ch\\\/\"]}]}<\/script>\n<!-- \/ Yoast SEO plugin. -->","yoast_head_json":{"title":"Wunder-Baum Duft \"Clip Bubble Gum\"","description":"Wunderbaum Lufterfrischer Clip \u2013 Bubble Gum Duft f\u00fcr Ihr Auto Der Wunderbaum Lufterfrischer Clip Bubble Gum sorgt f\u00fcr einen frischen, s\u00fc\u00dflich-fruchtigen Duft i","robots":{"index":"index","follow":"follow","max-snippet":"max-snippet:-1","max-image-preview":"max-image-preview:large","max-video-preview":"max-video-preview:-1"},"canonical":"https:\/\/schweizversand.ch\/fr\/produkt\/wunder-baum-duft-clip-bubble-gum\/","og_locale":"fr_FR","og_type":"article","og_title":"Wunder-Baum Duft \"Clip Bubble Gum\"","og_description":"Wunderbaum Lufterfrischer Clip \u2013 Bubble Gum Duft f\u00fcr Ihr Auto Der Wunderbaum Lufterfrischer Clip Bubble Gum sorgt f\u00fcr einen frischen, s\u00fc\u00dflich-fruchtigen Duft i","og_url":"https:\/\/schweizversand.ch\/fr\/produkt\/wunder-baum-duft-clip-bubble-gum\/","og_site_name":"Schweizer Shop f\u00fcr Sport, Spiel und Freizeit","article_publisher":"https:\/\/www.facebook.com\/Schweizversand","article_modified_time":"2026-04-19T13:35:09+00:00","og_image":[{"width":686,"height":1024,"url":"https:\/\/schweizversand.ch\/wp-content\/uploads\/2026\/02\/5471985186.jpg","type":"image\/jpeg"}],"twitter_card":"summary_large_image","twitter_misc":{"Dur\u00e9e de lecture estim\u00e9e":"1 minute"},"schema":{"@context":"https:\/\/schema.org","@graph":[{"@type":"WebPage","@id":"https:\/\/schweizversand.ch\/fr\/produkt\/wunder-baum-duft-clip-bubble-gum\/","url":"https:\/\/schweizversand.ch\/fr\/produkt\/wunder-baum-duft-clip-bubble-gum\/","name":"Wunder-Baum Duft \"Clip Bubble Gum\"","isPartOf":{"@id":"https:\/\/schweizversand.ch\/fr\/#website"},"primaryImageOfPage":{"@id":"https:\/\/schweizversand.ch\/fr\/produkt\/wunder-baum-duft-clip-bubble-gum\/#primaryimage"},"image":{"@id":"https:\/\/schweizversand.ch\/fr\/produkt\/wunder-baum-duft-clip-bubble-gum\/#primaryimage"},"thumbnailUrl":"https:\/\/schweizversand.ch\/wp-content\/uploads\/2026\/02\/5471985186.jpg","datePublished":"2026-03-14T23:55:15+00:00","dateModified":"2026-04-19T13:35:09+00:00","description":"Wunderbaum Lufterfrischer Clip \u2013 Bubble Gum Duft f\u00fcr Ihr Auto Der Wunderbaum Lufterfrischer Clip Bubble Gum sorgt f\u00fcr einen frischen, s\u00fc\u00dflich-fruchtigen Duft i","breadcrumb":{"@id":"https:\/\/schweizversand.ch\/fr\/produkt\/wunder-baum-duft-clip-bubble-gum\/#breadcrumb"},"inLanguage":"fr-FR","potentialAction":[{"@type":"ReadAction","target":["https:\/\/schweizversand.ch\/fr\/produkt\/wunder-baum-duft-clip-bubble-gum\/"]}]},{"@type":"ImageObject","inLanguage":"fr-FR","@id":"https:\/\/schweizversand.ch\/fr\/produkt\/wunder-baum-duft-clip-bubble-gum\/#primaryimage","url":"https:\/\/schweizversand.ch\/wp-content\/uploads\/2026\/02\/5471985186.jpg","contentUrl":"https:\/\/schweizversand.ch\/wp-content\/uploads\/2026\/02\/5471985186.jpg","width":686,"height":1024},{"@type":"BreadcrumbList","@id":"https:\/\/schweizversand.ch\/fr\/produkt\/wunder-baum-duft-clip-bubble-gum\/#breadcrumb","itemListElement":[{"@type":"ListItem","position":1,"name":"Startseite","item":"https:\/\/schweizversand.ch\/fr\/home\/"},{"@type":"ListItem","position":2,"name":"Boutique","item":"https:\/\/schweizversand.ch\/fr\/boutique\/"},{"@type":"ListItem","position":3,"name":"Accueil","item":"https:\/\/schweizversand.ch\/fr\/produkt-kategorie\/accueil\/"},{"@type":"ListItem","position":4,"name":"D\u00e9coration et accessoires","item":"https:\/\/schweizversand.ch\/fr\/produkt-kategorie\/accueil\/decoration-et-accessoires\/"},{"@type":"ListItem","position":5,"name":"Parfums d'ambiance","item":"https:\/\/schweizversand.ch\/fr\/produkt-kategorie\/raumduft\/"},{"@type":"ListItem","position":6,"name":"Parfum Miracle Tree \u00ab Clip Bubble Gum \u00bb"}]},{"@type":"WebSite","@id":"https:\/\/schweizversand.ch\/fr\/#website","url":"https:\/\/schweizversand.ch\/fr\/","name":"Schweizer Shop f\u00fcr Sport, Spiel und Freizeit","description":"Gratisversand ab 50.- (netto), ab eigenem schweizer Lager, Lieferung innert 48h","publisher":{"@id":"https:\/\/schweizversand.ch\/fr\/#organization"},"alternateName":"Schweizversand.ch","potentialAction":[{"@type":"SearchAction","target":{"@type":"EntryPoint","urlTemplate":"https:\/\/schweizversand.ch\/fr\/?s={search_term_string}"},"query-input":{"@type":"PropertyValueSpecification","valueRequired":true,"valueName":"search_term_string"}}],"inLanguage":"fr-FR"},{"@type":"Organization","@id":"https:\/\/schweizversand.ch\/fr\/#organization","name":"Schweizversand.ch","url":"https:\/\/schweizversand.ch\/fr\/","logo":{"@type":"ImageObject","inLanguage":"fr-FR","@id":"https:\/\/schweizversand.ch\/fr\/#\/schema\/logo\/image\/","url":"https:\/\/schweizversand.ch\/wp-content\/uploads\/2026\/03\/Logo_Rund_Final-1.png","contentUrl":"https:\/\/schweizversand.ch\/wp-content\/uploads\/2026\/03\/Logo_Rund_Final-1.png","width":404,"height":404,"caption":"Schweizversand.ch"},"image":{"@id":"https:\/\/schweizversand.ch\/fr\/#\/schema\/logo\/image\/"},"sameAs":["https:\/\/www.facebook.com\/Schweizversand","https:\/\/www.instagram.com\/schweizversand.ch\/"]}]}},"jetpack_sharing_enabled":true,"_links":{"self":[{"href":"https:\/\/schweizversand.ch\/fr\/wp-json\/wp\/v2\/product\/259789","targetHints":{"allow":["GET"]}}],"collection":[{"href":"https:\/\/schweizversand.ch\/fr\/wp-json\/wp\/v2\/product"}],"about":[{"href":"https:\/\/schweizversand.ch\/fr\/wp-json\/wp\/v2\/types\/product"}],"replies":[{"embeddable":true,"href":"https:\/\/schweizversand.ch\/fr\/wp-json\/wp\/v2\/comments?post=259789"}],"wp:featuredmedia":[{"embeddable":true,"href":"https:\/\/schweizversand.ch\/fr\/wp-json\/wp\/v2\/media\/160157"}],"wp:attachment":[{"href":"https:\/\/schweizversand.ch\/fr\/wp-json\/wp\/v2\/media?parent=259789"}],"wp:term":[{"taxonomy":"product_brand","embeddable":true,"href":"https:\/\/schweizversand.ch\/fr\/wp-json\/wp\/v2\/product_brand?post=259789"},{"taxonomy":"product_cat","embeddable":true,"href":"https:\/\/schweizversand.ch\/fr\/wp-json\/wp\/v2\/product_cat?post=259789"},{"taxonomy":"product_tag","embeddable":true,"href":"https:\/\/schweizversand.ch\/fr\/wp-json\/wp\/v2\/product_tag?post=259789"}],"curies":[{"name":"wp","href":"https:\/\/api.w.org\/{rel}","templated":true}]}}