{"id":259790,"date":"2026-03-15T00:55:15","date_gmt":"2026-03-14T23:55:15","guid":{"rendered":"https:\/\/schweizversand.ch\/produkt\/wunder-baum-lufterfrischer-jungle-fever\/"},"modified":"2026-04-19T15:35:09","modified_gmt":"2026-04-19T13:35:09","slug":"wunder-baum-lufterfrischer-jungle-fever","status":"publish","type":"product","link":"https:\/\/schweizversand.ch\/fr\/produkt\/wunder-baum-lufterfrischer-jungle-fever\/","title":{"rendered":"D\u00e9sodorisant Miracle Tree \u00ab Fi\u00e8vre de la jungle \u00bb"},"content":{"rendered":"<p>D\u00e9couvrez le d\u00e9sodorisant Wunder-Baum, un accessoire indispensable pour votre voiture ou votre maison. Fabriqu\u00e9 par Wunder-Baum AG, ce d\u00e9sodorisant diffuse un parfum agr\u00e9able et apporte une touche de fra\u00eecheur \u00e0 votre int\u00e9rieur.<\/p>\n<\/p>\n<p>En forme d&rsquo;arbre charmant, il cr\u00e9e instantan\u00e9ment une atmosph\u00e8re vivifiante. Son parfum, tr\u00e8s appr\u00e9ci\u00e9, se d\u00e9ploie progressivement, offrant une exp\u00e9rience rafra\u00eechissante qui \u00e9veille vos sens.<\/p>\n<\/p>\n<p>Attention<\/p>\n<\/p>\n<p>\u2022 Mention de danger\u00a0: Peut provoquer une allergie cutan\u00e9e. Toxique pour les organismes aquatiques, entra\u00eene des effets n\u00e9fastes \u00e0 long terme.<\/p>\n<\/p>\n<p>\u2022 Parfum\u00a0: Jungle Fever<\/p>\n<\/p>\n<p>\u2022 Conseils de prudence\u00a0: En cas de consultation d&rsquo;un m\u00e9decin, garder \u00e0 disposition le r\u00e9cipient ou l&rsquo;\u00e9tiquette. Tenir hors de port\u00e9e des enfants. En cas de contact avec la peau\u00a0: laver abondamment \u00e0 l&rsquo;eau et au savon. Jeter les produits usag\u00e9s avec les ordures m\u00e9nag\u00e8res\u00a0; d\u00e9poser les produits non utilis\u00e9s dans un point de collecte des d\u00e9chets dangereux.<\/p>\n","protected":false},"excerpt":{"rendered":"<p>Wunder-Baum Lufterfrischer \u00ab\u00a0Jungle Fever\u00a0\u00bb verleiht Ihrem Auto und Zuhause einen belebenden, langanhaltenden Dschungelduft \u2013 f\u00fcr frische Luft und gute Stimmung jederzeit.<\/p>\n","protected":false},"featured_media":160159,"comment_status":"open","ping_status":"closed","template":"","meta":[],"product_brand":[],"product_cat":[],"product_tag":[],"class_list":{"0":"post-259790","1":"product","2":"type-product","3":"status-publish","4":"has-post-thumbnail","6":"product_shipping_class-global_methods","8":"first","9":"instock","10":"taxable","11":"shipping-taxable","12":"purchasable","13":"product-type-simple"},"yoast_head":"<!-- This site is optimized with the Yoast SEO plugin v27.4 - https:\/\/yoast.com\/product\/yoast-seo-wordpress\/ -->\n<title>Wunder-Baum Lufterfrischer &quot;Jungle Fever&quot;<\/title>\n<meta name=\"description\" content=\"Entdecken Sie den Wunder-Baum Lufterfrischer ein unverzichtbares Zubeh\u00f6r f\u00fcr Ihr Fahrzeug oder Ihren Wohnraum. Hergestellt von der Wunder-Baum AG, sorgt dieser\" \/>\n<meta name=\"robots\" content=\"index, follow, max-snippet:-1, max-image-preview:large, max-video-preview:-1\" \/>\n<link rel=\"canonical\" href=\"https:\/\/schweizversand.ch\/fr\/produkt\/wunder-baum-lufterfrischer-jungle-fever\/\" \/>\n<meta property=\"og:locale\" content=\"fr_FR\" \/>\n<meta property=\"og:type\" content=\"article\" \/>\n<meta property=\"og:title\" content=\"Wunder-Baum Lufterfrischer &quot;Jungle Fever&quot;\" \/>\n<meta property=\"og:description\" content=\"Entdecken Sie den Wunder-Baum Lufterfrischer ein unverzichtbares Zubeh\u00f6r f\u00fcr Ihr Fahrzeug oder Ihren Wohnraum. Hergestellt von der Wunder-Baum AG, sorgt dieser\" \/>\n<meta property=\"og:url\" content=\"https:\/\/schweizversand.ch\/fr\/produkt\/wunder-baum-lufterfrischer-jungle-fever\/\" \/>\n<meta property=\"og:site_name\" content=\"Schweizer Shop f\u00fcr Sport, Spiel und Freizeit\" \/>\n<meta property=\"article:publisher\" content=\"https:\/\/www.facebook.com\/Schweizversand\" \/>\n<meta property=\"article:modified_time\" content=\"2026-04-19T13:35:09+00:00\" \/>\n<meta property=\"og:image\" content=\"https:\/\/schweizversand.ch\/wp-content\/uploads\/2026\/02\/5471974802.png\" \/>\n\t<meta property=\"og:image:width\" content=\"1024\" \/>\n\t<meta property=\"og:image:height\" content=\"1024\" \/>\n\t<meta property=\"og:image:type\" content=\"image\/png\" \/>\n<meta name=\"twitter:card\" content=\"summary_large_image\" \/>\n<meta name=\"twitter:label1\" content=\"Dur\u00e9e de lecture estim\u00e9e\" \/>\n\t<meta name=\"twitter:data1\" content=\"1 minute\" \/>\n<script type=\"application\/ld+json\" class=\"yoast-schema-graph\">{\"@context\":\"https:\\\/\\\/schema.org\",\"@graph\":[{\"@type\":\"WebPage\",\"@id\":\"https:\\\/\\\/schweizversand.ch\\\/fr\\\/produkt\\\/wunder-baum-lufterfrischer-jungle-fever\\\/\",\"url\":\"https:\\\/\\\/schweizversand.ch\\\/fr\\\/produkt\\\/wunder-baum-lufterfrischer-jungle-fever\\\/\",\"name\":\"Wunder-Baum Lufterfrischer \\\"Jungle Fever\\\"\",\"isPartOf\":{\"@id\":\"https:\\\/\\\/schweizversand.ch\\\/fr\\\/#website\"},\"primaryImageOfPage\":{\"@id\":\"https:\\\/\\\/schweizversand.ch\\\/fr\\\/produkt\\\/wunder-baum-lufterfrischer-jungle-fever\\\/#primaryimage\"},\"image\":{\"@id\":\"https:\\\/\\\/schweizversand.ch\\\/fr\\\/produkt\\\/wunder-baum-lufterfrischer-jungle-fever\\\/#primaryimage\"},\"thumbnailUrl\":\"https:\\\/\\\/schweizversand.ch\\\/wp-content\\\/uploads\\\/2026\\\/02\\\/5471974802.png\",\"datePublished\":\"2026-03-14T23:55:15+00:00\",\"dateModified\":\"2026-04-19T13:35:09+00:00\",\"description\":\"Entdecken Sie den Wunder-Baum Lufterfrischer ein unverzichtbares Zubeh\u00f6r f\u00fcr Ihr Fahrzeug oder Ihren Wohnraum. Hergestellt von der Wunder-Baum AG, sorgt dieser\",\"breadcrumb\":{\"@id\":\"https:\\\/\\\/schweizversand.ch\\\/fr\\\/produkt\\\/wunder-baum-lufterfrischer-jungle-fever\\\/#breadcrumb\"},\"inLanguage\":\"fr-FR\",\"potentialAction\":[{\"@type\":\"ReadAction\",\"target\":[\"https:\\\/\\\/schweizversand.ch\\\/fr\\\/produkt\\\/wunder-baum-lufterfrischer-jungle-fever\\\/\"]}]},{\"@type\":\"ImageObject\",\"inLanguage\":\"fr-FR\",\"@id\":\"https:\\\/\\\/schweizversand.ch\\\/fr\\\/produkt\\\/wunder-baum-lufterfrischer-jungle-fever\\\/#primaryimage\",\"url\":\"https:\\\/\\\/schweizversand.ch\\\/wp-content\\\/uploads\\\/2026\\\/02\\\/5471974802.png\",\"contentUrl\":\"https:\\\/\\\/schweizversand.ch\\\/wp-content\\\/uploads\\\/2026\\\/02\\\/5471974802.png\",\"width\":1024,\"height\":1024},{\"@type\":\"BreadcrumbList\",\"@id\":\"https:\\\/\\\/schweizversand.ch\\\/fr\\\/produkt\\\/wunder-baum-lufterfrischer-jungle-fever\\\/#breadcrumb\",\"itemListElement\":[{\"@type\":\"ListItem\",\"position\":1,\"name\":\"Startseite\",\"item\":\"https:\\\/\\\/schweizversand.ch\\\/fr\\\/home\\\/\"},{\"@type\":\"ListItem\",\"position\":2,\"name\":\"Boutique\",\"item\":\"https:\\\/\\\/schweizversand.ch\\\/fr\\\/boutique\\\/\"},{\"@type\":\"ListItem\",\"position\":3,\"name\":\"Accueil\",\"item\":\"https:\\\/\\\/schweizversand.ch\\\/fr\\\/produkt-kategorie\\\/accueil\\\/\"},{\"@type\":\"ListItem\",\"position\":4,\"name\":\"D\u00e9coration et accessoires\",\"item\":\"https:\\\/\\\/schweizversand.ch\\\/fr\\\/produkt-kategorie\\\/accueil\\\/decoration-et-accessoires\\\/\"},{\"@type\":\"ListItem\",\"position\":5,\"name\":\"Parfums d'ambiance\",\"item\":\"https:\\\/\\\/schweizversand.ch\\\/fr\\\/produkt-kategorie\\\/raumduft\\\/\"},{\"@type\":\"ListItem\",\"position\":6,\"name\":\"D\u00e9sodorisant Miracle Tree \u00ab Fi\u00e8vre de la jungle \u00bb\"}]},{\"@type\":\"WebSite\",\"@id\":\"https:\\\/\\\/schweizversand.ch\\\/fr\\\/#website\",\"url\":\"https:\\\/\\\/schweizversand.ch\\\/fr\\\/\",\"name\":\"Schweizer Shop f\u00fcr Sport, Spiel und Freizeit\",\"description\":\"Gratisversand ab 50.- (netto), ab eigenem schweizer Lager, Lieferung innert 48h\",\"publisher\":{\"@id\":\"https:\\\/\\\/schweizversand.ch\\\/fr\\\/#organization\"},\"alternateName\":\"Schweizversand.ch\",\"potentialAction\":[{\"@type\":\"SearchAction\",\"target\":{\"@type\":\"EntryPoint\",\"urlTemplate\":\"https:\\\/\\\/schweizversand.ch\\\/fr\\\/?s={search_term_string}\"},\"query-input\":{\"@type\":\"PropertyValueSpecification\",\"valueRequired\":true,\"valueName\":\"search_term_string\"}}],\"inLanguage\":\"fr-FR\"},{\"@type\":\"Organization\",\"@id\":\"https:\\\/\\\/schweizversand.ch\\\/fr\\\/#organization\",\"name\":\"Schweizversand.ch\",\"url\":\"https:\\\/\\\/schweizversand.ch\\\/fr\\\/\",\"logo\":{\"@type\":\"ImageObject\",\"inLanguage\":\"fr-FR\",\"@id\":\"https:\\\/\\\/schweizversand.ch\\\/fr\\\/#\\\/schema\\\/logo\\\/image\\\/\",\"url\":\"https:\\\/\\\/schweizversand.ch\\\/wp-content\\\/uploads\\\/2026\\\/03\\\/Logo_Rund_Final-1.png\",\"contentUrl\":\"https:\\\/\\\/schweizversand.ch\\\/wp-content\\\/uploads\\\/2026\\\/03\\\/Logo_Rund_Final-1.png\",\"width\":404,\"height\":404,\"caption\":\"Schweizversand.ch\"},\"image\":{\"@id\":\"https:\\\/\\\/schweizversand.ch\\\/fr\\\/#\\\/schema\\\/logo\\\/image\\\/\"},\"sameAs\":[\"https:\\\/\\\/www.facebook.com\\\/Schweizversand\",\"https:\\\/\\\/www.instagram.com\\\/schweizversand.ch\\\/\"]}]}<\/script>\n<!-- \/ Yoast SEO plugin. -->","yoast_head_json":{"title":"Wunder-Baum Lufterfrischer \"Jungle Fever\"","description":"Entdecken Sie den Wunder-Baum Lufterfrischer ein unverzichtbares Zubeh\u00f6r f\u00fcr Ihr Fahrzeug oder Ihren Wohnraum. Hergestellt von der Wunder-Baum AG, sorgt dieser","robots":{"index":"index","follow":"follow","max-snippet":"max-snippet:-1","max-image-preview":"max-image-preview:large","max-video-preview":"max-video-preview:-1"},"canonical":"https:\/\/schweizversand.ch\/fr\/produkt\/wunder-baum-lufterfrischer-jungle-fever\/","og_locale":"fr_FR","og_type":"article","og_title":"Wunder-Baum Lufterfrischer \"Jungle Fever\"","og_description":"Entdecken Sie den Wunder-Baum Lufterfrischer ein unverzichtbares Zubeh\u00f6r f\u00fcr Ihr Fahrzeug oder Ihren Wohnraum. Hergestellt von der Wunder-Baum AG, sorgt dieser","og_url":"https:\/\/schweizversand.ch\/fr\/produkt\/wunder-baum-lufterfrischer-jungle-fever\/","og_site_name":"Schweizer Shop f\u00fcr Sport, Spiel und Freizeit","article_publisher":"https:\/\/www.facebook.com\/Schweizversand","article_modified_time":"2026-04-19T13:35:09+00:00","og_image":[{"width":1024,"height":1024,"url":"https:\/\/schweizversand.ch\/wp-content\/uploads\/2026\/02\/5471974802.png","type":"image\/png"}],"twitter_card":"summary_large_image","twitter_misc":{"Dur\u00e9e de lecture estim\u00e9e":"1 minute"},"schema":{"@context":"https:\/\/schema.org","@graph":[{"@type":"WebPage","@id":"https:\/\/schweizversand.ch\/fr\/produkt\/wunder-baum-lufterfrischer-jungle-fever\/","url":"https:\/\/schweizversand.ch\/fr\/produkt\/wunder-baum-lufterfrischer-jungle-fever\/","name":"Wunder-Baum Lufterfrischer \"Jungle Fever\"","isPartOf":{"@id":"https:\/\/schweizversand.ch\/fr\/#website"},"primaryImageOfPage":{"@id":"https:\/\/schweizversand.ch\/fr\/produkt\/wunder-baum-lufterfrischer-jungle-fever\/#primaryimage"},"image":{"@id":"https:\/\/schweizversand.ch\/fr\/produkt\/wunder-baum-lufterfrischer-jungle-fever\/#primaryimage"},"thumbnailUrl":"https:\/\/schweizversand.ch\/wp-content\/uploads\/2026\/02\/5471974802.png","datePublished":"2026-03-14T23:55:15+00:00","dateModified":"2026-04-19T13:35:09+00:00","description":"Entdecken Sie den Wunder-Baum Lufterfrischer ein unverzichtbares Zubeh\u00f6r f\u00fcr Ihr Fahrzeug oder Ihren Wohnraum. Hergestellt von der Wunder-Baum AG, sorgt dieser","breadcrumb":{"@id":"https:\/\/schweizversand.ch\/fr\/produkt\/wunder-baum-lufterfrischer-jungle-fever\/#breadcrumb"},"inLanguage":"fr-FR","potentialAction":[{"@type":"ReadAction","target":["https:\/\/schweizversand.ch\/fr\/produkt\/wunder-baum-lufterfrischer-jungle-fever\/"]}]},{"@type":"ImageObject","inLanguage":"fr-FR","@id":"https:\/\/schweizversand.ch\/fr\/produkt\/wunder-baum-lufterfrischer-jungle-fever\/#primaryimage","url":"https:\/\/schweizversand.ch\/wp-content\/uploads\/2026\/02\/5471974802.png","contentUrl":"https:\/\/schweizversand.ch\/wp-content\/uploads\/2026\/02\/5471974802.png","width":1024,"height":1024},{"@type":"BreadcrumbList","@id":"https:\/\/schweizversand.ch\/fr\/produkt\/wunder-baum-lufterfrischer-jungle-fever\/#breadcrumb","itemListElement":[{"@type":"ListItem","position":1,"name":"Startseite","item":"https:\/\/schweizversand.ch\/fr\/home\/"},{"@type":"ListItem","position":2,"name":"Boutique","item":"https:\/\/schweizversand.ch\/fr\/boutique\/"},{"@type":"ListItem","position":3,"name":"Accueil","item":"https:\/\/schweizversand.ch\/fr\/produkt-kategorie\/accueil\/"},{"@type":"ListItem","position":4,"name":"D\u00e9coration et accessoires","item":"https:\/\/schweizversand.ch\/fr\/produkt-kategorie\/accueil\/decoration-et-accessoires\/"},{"@type":"ListItem","position":5,"name":"Parfums d'ambiance","item":"https:\/\/schweizversand.ch\/fr\/produkt-kategorie\/raumduft\/"},{"@type":"ListItem","position":6,"name":"D\u00e9sodorisant Miracle Tree \u00ab Fi\u00e8vre de la jungle \u00bb"}]},{"@type":"WebSite","@id":"https:\/\/schweizversand.ch\/fr\/#website","url":"https:\/\/schweizversand.ch\/fr\/","name":"Schweizer Shop f\u00fcr Sport, Spiel und Freizeit","description":"Gratisversand ab 50.- (netto), ab eigenem schweizer Lager, Lieferung innert 48h","publisher":{"@id":"https:\/\/schweizversand.ch\/fr\/#organization"},"alternateName":"Schweizversand.ch","potentialAction":[{"@type":"SearchAction","target":{"@type":"EntryPoint","urlTemplate":"https:\/\/schweizversand.ch\/fr\/?s={search_term_string}"},"query-input":{"@type":"PropertyValueSpecification","valueRequired":true,"valueName":"search_term_string"}}],"inLanguage":"fr-FR"},{"@type":"Organization","@id":"https:\/\/schweizversand.ch\/fr\/#organization","name":"Schweizversand.ch","url":"https:\/\/schweizversand.ch\/fr\/","logo":{"@type":"ImageObject","inLanguage":"fr-FR","@id":"https:\/\/schweizversand.ch\/fr\/#\/schema\/logo\/image\/","url":"https:\/\/schweizversand.ch\/wp-content\/uploads\/2026\/03\/Logo_Rund_Final-1.png","contentUrl":"https:\/\/schweizversand.ch\/wp-content\/uploads\/2026\/03\/Logo_Rund_Final-1.png","width":404,"height":404,"caption":"Schweizversand.ch"},"image":{"@id":"https:\/\/schweizversand.ch\/fr\/#\/schema\/logo\/image\/"},"sameAs":["https:\/\/www.facebook.com\/Schweizversand","https:\/\/www.instagram.com\/schweizversand.ch\/"]}]}},"jetpack_sharing_enabled":true,"_links":{"self":[{"href":"https:\/\/schweizversand.ch\/fr\/wp-json\/wp\/v2\/product\/259790","targetHints":{"allow":["GET"]}}],"collection":[{"href":"https:\/\/schweizversand.ch\/fr\/wp-json\/wp\/v2\/product"}],"about":[{"href":"https:\/\/schweizversand.ch\/fr\/wp-json\/wp\/v2\/types\/product"}],"replies":[{"embeddable":true,"href":"https:\/\/schweizversand.ch\/fr\/wp-json\/wp\/v2\/comments?post=259790"}],"wp:featuredmedia":[{"embeddable":true,"href":"https:\/\/schweizversand.ch\/fr\/wp-json\/wp\/v2\/media\/160159"}],"wp:attachment":[{"href":"https:\/\/schweizversand.ch\/fr\/wp-json\/wp\/v2\/media?parent=259790"}],"wp:term":[{"taxonomy":"product_brand","embeddable":true,"href":"https:\/\/schweizversand.ch\/fr\/wp-json\/wp\/v2\/product_brand?post=259790"},{"taxonomy":"product_cat","embeddable":true,"href":"https:\/\/schweizversand.ch\/fr\/wp-json\/wp\/v2\/product_cat?post=259790"},{"taxonomy":"product_tag","embeddable":true,"href":"https:\/\/schweizversand.ch\/fr\/wp-json\/wp\/v2\/product_tag?post=259790"}],"curies":[{"name":"wp","href":"https:\/\/api.w.org\/{rel}","templated":true}]}}