{"id":259791,"date":"2026-03-15T00:55:15","date_gmt":"2026-03-14T23:55:15","guid":{"rendered":"https:\/\/schweizversand.ch\/produkt\/wunder-baum-lufterfrischer-new-car\/"},"modified":"2026-04-19T15:35:10","modified_gmt":"2026-04-19T13:35:10","slug":"wunder-baum-lufterfrischer-new-car","status":"publish","type":"product","link":"https:\/\/schweizversand.ch\/fr\/produkt\/wunder-baum-lufterfrischer-new-car\/","title":{"rendered":"D\u00e9sodorisant Miracle Tree \u00ab Voiture neuve \u00bb"},"content":{"rendered":"<p>D\u00e9couvrez le d\u00e9sodorisant Wunder-Baum \u2013 un accessoire indispensable pour votre voiture ou votre maison. Fabriqu\u00e9 par Wunder-Baum AG, ce d\u00e9sodorisant diffuse un parfum agr\u00e9able et apporte une touche de fra\u00eecheur \u00e0 votre int\u00e9rieur.<\/p>\n<\/p>\n<p>En forme d&rsquo;arbre charmant, il cr\u00e9e instantan\u00e9ment une atmosph\u00e8re vivifiante. Son parfum appr\u00e9ci\u00e9 se d\u00e9ploie, offrant une exp\u00e9rience rafra\u00eechissante qui \u00e9veille vos sens.<\/p>\n<\/p>\n<p>Attention<\/p>\n<\/p>\n<p>\u2022 Mention de danger\u00a0: Peut provoquer une allergie cutan\u00e9e. Toxique pour les organismes aquatiques, entra\u00eene des effets n\u00e9fastes \u00e0 long terme.<\/p>\n<\/p>\n<p>\u2022 Parfum\u00a0: Voiture neuve<\/p>\n<\/p>\n<p>\u2022 Conseils de prudence\u00a0: En cas de consultation d&rsquo;un m\u00e9decin, garder \u00e0 disposition le r\u00e9cipient ou l&rsquo;\u00e9tiquette. Tenir hors de port\u00e9e des enfants. En cas de contact avec la peau\u00a0: laver abondamment \u00e0 l&rsquo;eau et au savon. Jeter les produits usag\u00e9s avec les ordures m\u00e9nag\u00e8res. D\u00e9poser les produits non utilis\u00e9s dans les points de collecte des d\u00e9chets dangereux ou sp\u00e9ciaux.<\/p>\n","protected":false},"excerpt":{"rendered":"<p>Wunder-Baum Lufterfrischer \u00ab\u00a0New Car\u00a0\u00bb bringt frischen Neuwagenduft und belebende Atmosph\u00e4re ins Auto oder Zuhause \u2013 charmant, effektiv und unverzichtbar f\u00fcr jeden Raum.<\/p>\n","protected":false},"featured_media":160160,"comment_status":"open","ping_status":"closed","template":"","meta":[],"product_brand":[],"product_cat":[38340],"product_tag":[],"class_list":{"0":"post-259791","1":"product","2":"type-product","3":"status-publish","4":"has-post-thumbnail","6":"product_cat-raumduft","7":"product_shipping_class-global_methods","9":"first","10":"instock","11":"taxable","12":"shipping-taxable","13":"purchasable","14":"product-type-simple"},"yoast_head":"<!-- This site is optimized with the Yoast SEO plugin v27.4 - https:\/\/yoast.com\/product\/yoast-seo-wordpress\/ -->\n<title>Wunder-Baum Lufterfrischer &quot;New Car&quot;<\/title>\n<meta name=\"description\" content=\"Entdecken Sie den Wunder-Baum Lufterfrischer\u00a0ein unverzichtbares Zubeh\u00f6r f\u00fcr Ihr Fahrzeug oder Ihren Wohnraum. Hergestellt von der Wunder-Baum AG, sorgt dieser\" \/>\n<meta name=\"robots\" content=\"index, follow, max-snippet:-1, max-image-preview:large, max-video-preview:-1\" \/>\n<link rel=\"canonical\" href=\"https:\/\/schweizversand.ch\/fr\/produkt\/wunder-baum-lufterfrischer-new-car\/\" \/>\n<meta property=\"og:locale\" content=\"fr_FR\" \/>\n<meta property=\"og:type\" content=\"article\" \/>\n<meta property=\"og:title\" content=\"Wunder-Baum Lufterfrischer &quot;New Car&quot;\" \/>\n<meta property=\"og:description\" content=\"Entdecken Sie den Wunder-Baum Lufterfrischer\u00a0ein unverzichtbares Zubeh\u00f6r f\u00fcr Ihr Fahrzeug oder Ihren Wohnraum. Hergestellt von der Wunder-Baum AG, sorgt dieser\" \/>\n<meta property=\"og:url\" content=\"https:\/\/schweizversand.ch\/fr\/produkt\/wunder-baum-lufterfrischer-new-car\/\" \/>\n<meta property=\"og:site_name\" content=\"Schweizer Shop f\u00fcr Sport, Spiel und Freizeit\" \/>\n<meta property=\"article:publisher\" content=\"https:\/\/www.facebook.com\/Schweizversand\" \/>\n<meta property=\"article:modified_time\" content=\"2026-04-19T13:35:10+00:00\" \/>\n<meta property=\"og:image\" content=\"https:\/\/schweizversand.ch\/wp-content\/uploads\/2026\/02\/5471973332.jpg\" \/>\n\t<meta property=\"og:image:width\" content=\"1024\" \/>\n\t<meta property=\"og:image:height\" content=\"1024\" \/>\n\t<meta property=\"og:image:type\" content=\"image\/jpeg\" \/>\n<meta name=\"twitter:card\" content=\"summary_large_image\" \/>\n<meta name=\"twitter:label1\" content=\"Dur\u00e9e de lecture estim\u00e9e\" \/>\n\t<meta name=\"twitter:data1\" content=\"1 minute\" \/>\n<script type=\"application\/ld+json\" class=\"yoast-schema-graph\">{\"@context\":\"https:\\\/\\\/schema.org\",\"@graph\":[{\"@type\":\"WebPage\",\"@id\":\"https:\\\/\\\/schweizversand.ch\\\/fr\\\/produkt\\\/wunder-baum-lufterfrischer-new-car\\\/\",\"url\":\"https:\\\/\\\/schweizversand.ch\\\/fr\\\/produkt\\\/wunder-baum-lufterfrischer-new-car\\\/\",\"name\":\"Wunder-Baum Lufterfrischer \\\"New Car\\\"\",\"isPartOf\":{\"@id\":\"https:\\\/\\\/schweizversand.ch\\\/fr\\\/#website\"},\"primaryImageOfPage\":{\"@id\":\"https:\\\/\\\/schweizversand.ch\\\/fr\\\/produkt\\\/wunder-baum-lufterfrischer-new-car\\\/#primaryimage\"},\"image\":{\"@id\":\"https:\\\/\\\/schweizversand.ch\\\/fr\\\/produkt\\\/wunder-baum-lufterfrischer-new-car\\\/#primaryimage\"},\"thumbnailUrl\":\"https:\\\/\\\/schweizversand.ch\\\/wp-content\\\/uploads\\\/2026\\\/02\\\/5471973332.jpg\",\"datePublished\":\"2026-03-14T23:55:15+00:00\",\"dateModified\":\"2026-04-19T13:35:10+00:00\",\"description\":\"Entdecken Sie den Wunder-Baum Lufterfrischer\u00a0ein unverzichtbares Zubeh\u00f6r f\u00fcr Ihr Fahrzeug oder Ihren Wohnraum. Hergestellt von der Wunder-Baum AG, sorgt dieser\",\"breadcrumb\":{\"@id\":\"https:\\\/\\\/schweizversand.ch\\\/fr\\\/produkt\\\/wunder-baum-lufterfrischer-new-car\\\/#breadcrumb\"},\"inLanguage\":\"fr-FR\",\"potentialAction\":[{\"@type\":\"ReadAction\",\"target\":[\"https:\\\/\\\/schweizversand.ch\\\/fr\\\/produkt\\\/wunder-baum-lufterfrischer-new-car\\\/\"]}]},{\"@type\":\"ImageObject\",\"inLanguage\":\"fr-FR\",\"@id\":\"https:\\\/\\\/schweizversand.ch\\\/fr\\\/produkt\\\/wunder-baum-lufterfrischer-new-car\\\/#primaryimage\",\"url\":\"https:\\\/\\\/schweizversand.ch\\\/wp-content\\\/uploads\\\/2026\\\/02\\\/5471973332.jpg\",\"contentUrl\":\"https:\\\/\\\/schweizversand.ch\\\/wp-content\\\/uploads\\\/2026\\\/02\\\/5471973332.jpg\",\"width\":1024,\"height\":1024},{\"@type\":\"BreadcrumbList\",\"@id\":\"https:\\\/\\\/schweizversand.ch\\\/fr\\\/produkt\\\/wunder-baum-lufterfrischer-new-car\\\/#breadcrumb\",\"itemListElement\":[{\"@type\":\"ListItem\",\"position\":1,\"name\":\"Startseite\",\"item\":\"https:\\\/\\\/schweizversand.ch\\\/fr\\\/home\\\/\"},{\"@type\":\"ListItem\",\"position\":2,\"name\":\"Boutique\",\"item\":\"https:\\\/\\\/schweizversand.ch\\\/fr\\\/boutique\\\/\"},{\"@type\":\"ListItem\",\"position\":3,\"name\":\"Accueil\",\"item\":\"https:\\\/\\\/schweizversand.ch\\\/fr\\\/produkt-kategorie\\\/accueil\\\/\"},{\"@type\":\"ListItem\",\"position\":4,\"name\":\"D\u00e9coration et accessoires\",\"item\":\"https:\\\/\\\/schweizversand.ch\\\/fr\\\/produkt-kategorie\\\/accueil\\\/decoration-et-accessoires\\\/\"},{\"@type\":\"ListItem\",\"position\":5,\"name\":\"Parfums d'ambiance\",\"item\":\"https:\\\/\\\/schweizversand.ch\\\/fr\\\/produkt-kategorie\\\/raumduft\\\/\"},{\"@type\":\"ListItem\",\"position\":6,\"name\":\"D\u00e9sodorisant Miracle Tree \u00ab Voiture neuve \u00bb\"}]},{\"@type\":\"WebSite\",\"@id\":\"https:\\\/\\\/schweizversand.ch\\\/fr\\\/#website\",\"url\":\"https:\\\/\\\/schweizversand.ch\\\/fr\\\/\",\"name\":\"Schweizer Shop f\u00fcr Sport, Spiel und Freizeit\",\"description\":\"Gratisversand ab 50.- (netto), ab eigenem schweizer Lager, Lieferung innert 48h\",\"publisher\":{\"@id\":\"https:\\\/\\\/schweizversand.ch\\\/fr\\\/#organization\"},\"alternateName\":\"Schweizversand.ch\",\"potentialAction\":[{\"@type\":\"SearchAction\",\"target\":{\"@type\":\"EntryPoint\",\"urlTemplate\":\"https:\\\/\\\/schweizversand.ch\\\/fr\\\/?s={search_term_string}\"},\"query-input\":{\"@type\":\"PropertyValueSpecification\",\"valueRequired\":true,\"valueName\":\"search_term_string\"}}],\"inLanguage\":\"fr-FR\"},{\"@type\":\"Organization\",\"@id\":\"https:\\\/\\\/schweizversand.ch\\\/fr\\\/#organization\",\"name\":\"Schweizversand.ch\",\"url\":\"https:\\\/\\\/schweizversand.ch\\\/fr\\\/\",\"logo\":{\"@type\":\"ImageObject\",\"inLanguage\":\"fr-FR\",\"@id\":\"https:\\\/\\\/schweizversand.ch\\\/fr\\\/#\\\/schema\\\/logo\\\/image\\\/\",\"url\":\"https:\\\/\\\/schweizversand.ch\\\/wp-content\\\/uploads\\\/2026\\\/03\\\/Logo_Rund_Final-1.png\",\"contentUrl\":\"https:\\\/\\\/schweizversand.ch\\\/wp-content\\\/uploads\\\/2026\\\/03\\\/Logo_Rund_Final-1.png\",\"width\":404,\"height\":404,\"caption\":\"Schweizversand.ch\"},\"image\":{\"@id\":\"https:\\\/\\\/schweizversand.ch\\\/fr\\\/#\\\/schema\\\/logo\\\/image\\\/\"},\"sameAs\":[\"https:\\\/\\\/www.facebook.com\\\/Schweizversand\",\"https:\\\/\\\/www.instagram.com\\\/schweizversand.ch\\\/\"]}]}<\/script>\n<!-- \/ Yoast SEO plugin. -->","yoast_head_json":{"title":"Wunder-Baum Lufterfrischer \"New Car\"","description":"Entdecken Sie den Wunder-Baum Lufterfrischer\u00a0ein unverzichtbares Zubeh\u00f6r f\u00fcr Ihr Fahrzeug oder Ihren Wohnraum. Hergestellt von der Wunder-Baum AG, sorgt dieser","robots":{"index":"index","follow":"follow","max-snippet":"max-snippet:-1","max-image-preview":"max-image-preview:large","max-video-preview":"max-video-preview:-1"},"canonical":"https:\/\/schweizversand.ch\/fr\/produkt\/wunder-baum-lufterfrischer-new-car\/","og_locale":"fr_FR","og_type":"article","og_title":"Wunder-Baum Lufterfrischer \"New Car\"","og_description":"Entdecken Sie den Wunder-Baum Lufterfrischer\u00a0ein unverzichtbares Zubeh\u00f6r f\u00fcr Ihr Fahrzeug oder Ihren Wohnraum. Hergestellt von der Wunder-Baum AG, sorgt dieser","og_url":"https:\/\/schweizversand.ch\/fr\/produkt\/wunder-baum-lufterfrischer-new-car\/","og_site_name":"Schweizer Shop f\u00fcr Sport, Spiel und Freizeit","article_publisher":"https:\/\/www.facebook.com\/Schweizversand","article_modified_time":"2026-04-19T13:35:10+00:00","og_image":[{"width":1024,"height":1024,"url":"https:\/\/schweizversand.ch\/wp-content\/uploads\/2026\/02\/5471973332.jpg","type":"image\/jpeg"}],"twitter_card":"summary_large_image","twitter_misc":{"Dur\u00e9e de lecture estim\u00e9e":"1 minute"},"schema":{"@context":"https:\/\/schema.org","@graph":[{"@type":"WebPage","@id":"https:\/\/schweizversand.ch\/fr\/produkt\/wunder-baum-lufterfrischer-new-car\/","url":"https:\/\/schweizversand.ch\/fr\/produkt\/wunder-baum-lufterfrischer-new-car\/","name":"Wunder-Baum Lufterfrischer \"New Car\"","isPartOf":{"@id":"https:\/\/schweizversand.ch\/fr\/#website"},"primaryImageOfPage":{"@id":"https:\/\/schweizversand.ch\/fr\/produkt\/wunder-baum-lufterfrischer-new-car\/#primaryimage"},"image":{"@id":"https:\/\/schweizversand.ch\/fr\/produkt\/wunder-baum-lufterfrischer-new-car\/#primaryimage"},"thumbnailUrl":"https:\/\/schweizversand.ch\/wp-content\/uploads\/2026\/02\/5471973332.jpg","datePublished":"2026-03-14T23:55:15+00:00","dateModified":"2026-04-19T13:35:10+00:00","description":"Entdecken Sie den Wunder-Baum Lufterfrischer\u00a0ein unverzichtbares Zubeh\u00f6r f\u00fcr Ihr Fahrzeug oder Ihren Wohnraum. Hergestellt von der Wunder-Baum AG, sorgt dieser","breadcrumb":{"@id":"https:\/\/schweizversand.ch\/fr\/produkt\/wunder-baum-lufterfrischer-new-car\/#breadcrumb"},"inLanguage":"fr-FR","potentialAction":[{"@type":"ReadAction","target":["https:\/\/schweizversand.ch\/fr\/produkt\/wunder-baum-lufterfrischer-new-car\/"]}]},{"@type":"ImageObject","inLanguage":"fr-FR","@id":"https:\/\/schweizversand.ch\/fr\/produkt\/wunder-baum-lufterfrischer-new-car\/#primaryimage","url":"https:\/\/schweizversand.ch\/wp-content\/uploads\/2026\/02\/5471973332.jpg","contentUrl":"https:\/\/schweizversand.ch\/wp-content\/uploads\/2026\/02\/5471973332.jpg","width":1024,"height":1024},{"@type":"BreadcrumbList","@id":"https:\/\/schweizversand.ch\/fr\/produkt\/wunder-baum-lufterfrischer-new-car\/#breadcrumb","itemListElement":[{"@type":"ListItem","position":1,"name":"Startseite","item":"https:\/\/schweizversand.ch\/fr\/home\/"},{"@type":"ListItem","position":2,"name":"Boutique","item":"https:\/\/schweizversand.ch\/fr\/boutique\/"},{"@type":"ListItem","position":3,"name":"Accueil","item":"https:\/\/schweizversand.ch\/fr\/produkt-kategorie\/accueil\/"},{"@type":"ListItem","position":4,"name":"D\u00e9coration et accessoires","item":"https:\/\/schweizversand.ch\/fr\/produkt-kategorie\/accueil\/decoration-et-accessoires\/"},{"@type":"ListItem","position":5,"name":"Parfums d'ambiance","item":"https:\/\/schweizversand.ch\/fr\/produkt-kategorie\/raumduft\/"},{"@type":"ListItem","position":6,"name":"D\u00e9sodorisant Miracle Tree \u00ab Voiture neuve \u00bb"}]},{"@type":"WebSite","@id":"https:\/\/schweizversand.ch\/fr\/#website","url":"https:\/\/schweizversand.ch\/fr\/","name":"Schweizer Shop f\u00fcr Sport, Spiel und Freizeit","description":"Gratisversand ab 50.- (netto), ab eigenem schweizer Lager, Lieferung innert 48h","publisher":{"@id":"https:\/\/schweizversand.ch\/fr\/#organization"},"alternateName":"Schweizversand.ch","potentialAction":[{"@type":"SearchAction","target":{"@type":"EntryPoint","urlTemplate":"https:\/\/schweizversand.ch\/fr\/?s={search_term_string}"},"query-input":{"@type":"PropertyValueSpecification","valueRequired":true,"valueName":"search_term_string"}}],"inLanguage":"fr-FR"},{"@type":"Organization","@id":"https:\/\/schweizversand.ch\/fr\/#organization","name":"Schweizversand.ch","url":"https:\/\/schweizversand.ch\/fr\/","logo":{"@type":"ImageObject","inLanguage":"fr-FR","@id":"https:\/\/schweizversand.ch\/fr\/#\/schema\/logo\/image\/","url":"https:\/\/schweizversand.ch\/wp-content\/uploads\/2026\/03\/Logo_Rund_Final-1.png","contentUrl":"https:\/\/schweizversand.ch\/wp-content\/uploads\/2026\/03\/Logo_Rund_Final-1.png","width":404,"height":404,"caption":"Schweizversand.ch"},"image":{"@id":"https:\/\/schweizversand.ch\/fr\/#\/schema\/logo\/image\/"},"sameAs":["https:\/\/www.facebook.com\/Schweizversand","https:\/\/www.instagram.com\/schweizversand.ch\/"]}]}},"jetpack_sharing_enabled":true,"_links":{"self":[{"href":"https:\/\/schweizversand.ch\/fr\/wp-json\/wp\/v2\/product\/259791","targetHints":{"allow":["GET"]}}],"collection":[{"href":"https:\/\/schweizversand.ch\/fr\/wp-json\/wp\/v2\/product"}],"about":[{"href":"https:\/\/schweizversand.ch\/fr\/wp-json\/wp\/v2\/types\/product"}],"replies":[{"embeddable":true,"href":"https:\/\/schweizversand.ch\/fr\/wp-json\/wp\/v2\/comments?post=259791"}],"wp:featuredmedia":[{"embeddable":true,"href":"https:\/\/schweizversand.ch\/fr\/wp-json\/wp\/v2\/media\/160160"}],"wp:attachment":[{"href":"https:\/\/schweizversand.ch\/fr\/wp-json\/wp\/v2\/media?parent=259791"}],"wp:term":[{"taxonomy":"product_brand","embeddable":true,"href":"https:\/\/schweizversand.ch\/fr\/wp-json\/wp\/v2\/product_brand?post=259791"},{"taxonomy":"product_cat","embeddable":true,"href":"https:\/\/schweizversand.ch\/fr\/wp-json\/wp\/v2\/product_cat?post=259791"},{"taxonomy":"product_tag","embeddable":true,"href":"https:\/\/schweizversand.ch\/fr\/wp-json\/wp\/v2\/product_tag?post=259791"}],"curies":[{"name":"wp","href":"https:\/\/api.w.org\/{rel}","templated":true}]}}