{"id":259793,"date":"2026-03-15T00:55:16","date_gmt":"2026-03-14T23:55:16","guid":{"rendered":"https:\/\/schweizversand.ch\/produkt\/wunder-baum-lufterfrischer-kirsche\/"},"modified":"2026-04-19T02:03:57","modified_gmt":"2026-04-19T00:03:57","slug":"wunder-baum-lufterfrischer-kirsche","status":"publish","type":"product","link":"https:\/\/schweizversand.ch\/fr\/produkt\/wunder-baum-lufterfrischer-kirsche\/","title":{"rendered":"D\u00e9sodorisant Miracle Tree \u00ab Cerise \u00bb"},"content":{"rendered":"<h1><strong>D\u00e9sodorisant Wonder Tree \u2013 Cerise<\/strong><\/h1>\n<div>D\u00e9couvrez le <strong>d\u00e9sodorisant Wonder Tree<\/strong>, un accessoire indispensable pour votre voiture ou votre int\u00e9rieur. Ce <strong>d\u00e9sodorisant pour voiture<\/strong> de Wonder Tree diffuse un parfum agr\u00e9able et apporte une touche de fra\u00eecheur et une atmosph\u00e8re vivifiante \u00e0 votre environnement.<\/p>\n<p><strong>Design et parfum<\/strong><br \/>Le d\u00e9sodorisant <strong>en forme d&rsquo;arbre<\/strong> arbore sa forme embl\u00e9matique et apporte instantan\u00e9ment une touche charmante \u00e0 votre int\u00e9rieur. Son parfum \u00ab\u00a0Cerise\u00a0\u00bb, tr\u00e8s appr\u00e9ci\u00e9, se diffuse d\u00e9licatement, offrant une exp\u00e9rience rafra\u00eechissante qui \u00e9veille les sens et cr\u00e9e une ambiance positive. Utilisation polyvalente\u00a0: Que ce soit en voiture, au bureau ou \u00e0 la maison, ce d\u00e9sodorisant est id\u00e9al pour neutraliser les odeurs ind\u00e9sirables et diffuser un parfum agr\u00e9able et constant. Facile \u00e0 utiliser, il vous accompagnera au quotidien. D\u00e9tails du produit\u00a0: &#8211; Parfum\u00a0: Cerise &#8211; Fabricant\u00a0: Wunder-Baum AG &#8211; Utilisation\u00a0: Voiture, Maison, Bureau &#8211; Informations importantes de s\u00e9curit\u00e9\u00a0: &#8211; Avertissement\u00a0: Peut provoquer une r\u00e9action allergique cutan\u00e9e. Toxique pour les organismes aquatiques, entra\u00eene des effets n\u00e9fastes \u00e0 long terme. &#8211; Conseils m\u00e9dicaux\u00a0: En cas de consultation d&rsquo;un m\u00e9decin, garder \u00e0 disposition le r\u00e9cipient ou l&rsquo;\u00e9tiquette. &#8211; \u00c9limination\u00a0: Jeter les produits usag\u00e9s avec les ordures m\u00e9nag\u00e8res\u00a0; \u00e9liminer les produits non utilis\u00e9s dans les points de collecte des d\u00e9chets dangereux. &#8211; Enfants\u00a0: Tenir hors de port\u00e9e des enfants. &#8211; Contact avec la peau\u00a0: En cas de contact avec la peau, laver abondamment \u00e0 l&rsquo;eau et au savon. &#8211; Cr\u00e9ez une atmosph\u00e8re fra\u00eeche et accueillante o\u00f9 que vous soyez avec le d\u00e9sodorisant <strong>Miracle Tree<\/strong>. Un petit arbre pour un grand bien-\u00eatre.<\/p>\n","protected":false},"excerpt":{"rendered":"<p>D\u00e9sodorisant Wonder Tree \u2013 Cerise D\u00e9couvrez le d\u00e9sodorisant Wonder Tree, un accessoire indispensable pour votre voiture ou votre int\u00e9rieur. Ce d\u00e9sodorisant pour voiture de Wonder Tree diffuse un parfum agr\u00e9able et apporte une touche de fra\u00eecheur et une atmosph\u00e8re vivifiante \u00e0 votre environnement. Design et parfumLe d\u00e9sodorisant en forme d&rsquo;arbre arbore sa forme embl\u00e9matique et apporte instantan\u00e9ment une touche charmante \u00e0 votre int\u00e9rieur. Son parfum \u00ab\u00a0Cerise\u00a0\u00bb, tr\u00e8s appr\u00e9ci\u00e9, se diffuse d\u00e9licatement, offrant une exp\u00e9rience rafra\u00eechissante&hellip;<\/p>\n","protected":false},"featured_media":160165,"comment_status":"open","ping_status":"closed","template":"","meta":[],"product_brand":[],"product_cat":[38646],"product_tag":[],"class_list":{"0":"post-259793","1":"product","2":"type-product","3":"status-publish","4":"has-post-thumbnail","6":"product_cat-diverse","7":"product_shipping_class-global_methods","9":"first","10":"instock","11":"taxable","12":"shipping-taxable","13":"purchasable","14":"product-type-simple"},"yoast_head":"<!-- This site is optimized with the Yoast SEO plugin v27.4 - https:\/\/yoast.com\/product\/yoast-seo-wordpress\/ -->\n<title>Wunder-Baum Lufterfrischer &quot;Kirsche&quot;<\/title>\n<meta name=\"description\" content=\"Wunder-Baum Lufterfrischer \u2013 Kirsche Entdecken Sie den Wunder-Baum Lufterfrischer , ein unverzichtbares Zubeh\u00f6r f\u00fcr Ihr Fahrzeug oder Ihren Wohnraum. Dieser Aut\" \/>\n<meta name=\"robots\" content=\"index, follow, max-snippet:-1, max-image-preview:large, max-video-preview:-1\" \/>\n<link rel=\"canonical\" href=\"https:\/\/schweizversand.ch\/fr\/produkt\/wunder-baum-lufterfrischer-kirsche\/\" \/>\n<meta property=\"og:locale\" content=\"fr_FR\" \/>\n<meta property=\"og:type\" content=\"article\" \/>\n<meta property=\"og:title\" content=\"Wunder-Baum Lufterfrischer &quot;Kirsche&quot;\" \/>\n<meta property=\"og:description\" content=\"Wunder-Baum Lufterfrischer \u2013 Kirsche Entdecken Sie den Wunder-Baum Lufterfrischer , ein unverzichtbares Zubeh\u00f6r f\u00fcr Ihr Fahrzeug oder Ihren Wohnraum. Dieser Aut\" \/>\n<meta property=\"og:url\" content=\"https:\/\/schweizversand.ch\/fr\/produkt\/wunder-baum-lufterfrischer-kirsche\/\" \/>\n<meta property=\"og:site_name\" content=\"Schweizer Shop f\u00fcr Sport, Spiel und Freizeit\" \/>\n<meta property=\"article:publisher\" content=\"https:\/\/www.facebook.com\/Schweizversand\" \/>\n<meta property=\"article:modified_time\" content=\"2026-04-19T00:03:57+00:00\" \/>\n<meta property=\"og:image\" content=\"https:\/\/schweizversand.ch\/wp-content\/uploads\/2026\/02\/5513183511.jpg\" \/>\n\t<meta property=\"og:image:width\" content=\"1024\" \/>\n\t<meta property=\"og:image:height\" content=\"1024\" \/>\n\t<meta property=\"og:image:type\" content=\"image\/jpeg\" \/>\n<meta name=\"twitter:card\" content=\"summary_large_image\" \/>\n<meta name=\"twitter:label1\" content=\"Dur\u00e9e de lecture estim\u00e9e\" \/>\n\t<meta name=\"twitter:data1\" content=\"1 minute\" \/>\n<script type=\"application\/ld+json\" class=\"yoast-schema-graph\">{\"@context\":\"https:\\\/\\\/schema.org\",\"@graph\":[{\"@type\":\"WebPage\",\"@id\":\"https:\\\/\\\/schweizversand.ch\\\/fr\\\/produkt\\\/wunder-baum-lufterfrischer-kirsche\\\/\",\"url\":\"https:\\\/\\\/schweizversand.ch\\\/fr\\\/produkt\\\/wunder-baum-lufterfrischer-kirsche\\\/\",\"name\":\"Wunder-Baum Lufterfrischer \\\"Kirsche\\\"\",\"isPartOf\":{\"@id\":\"https:\\\/\\\/schweizversand.ch\\\/fr\\\/#website\"},\"primaryImageOfPage\":{\"@id\":\"https:\\\/\\\/schweizversand.ch\\\/fr\\\/produkt\\\/wunder-baum-lufterfrischer-kirsche\\\/#primaryimage\"},\"image\":{\"@id\":\"https:\\\/\\\/schweizversand.ch\\\/fr\\\/produkt\\\/wunder-baum-lufterfrischer-kirsche\\\/#primaryimage\"},\"thumbnailUrl\":\"https:\\\/\\\/schweizversand.ch\\\/wp-content\\\/uploads\\\/2026\\\/02\\\/5513183511.jpg\",\"datePublished\":\"2026-03-14T23:55:16+00:00\",\"dateModified\":\"2026-04-19T00:03:57+00:00\",\"description\":\"Wunder-Baum Lufterfrischer \u2013 Kirsche Entdecken Sie den Wunder-Baum Lufterfrischer , ein unverzichtbares Zubeh\u00f6r f\u00fcr Ihr Fahrzeug oder Ihren Wohnraum. Dieser Aut\",\"breadcrumb\":{\"@id\":\"https:\\\/\\\/schweizversand.ch\\\/fr\\\/produkt\\\/wunder-baum-lufterfrischer-kirsche\\\/#breadcrumb\"},\"inLanguage\":\"fr-FR\",\"potentialAction\":[{\"@type\":\"ReadAction\",\"target\":[\"https:\\\/\\\/schweizversand.ch\\\/fr\\\/produkt\\\/wunder-baum-lufterfrischer-kirsche\\\/\"]}]},{\"@type\":\"ImageObject\",\"inLanguage\":\"fr-FR\",\"@id\":\"https:\\\/\\\/schweizversand.ch\\\/fr\\\/produkt\\\/wunder-baum-lufterfrischer-kirsche\\\/#primaryimage\",\"url\":\"https:\\\/\\\/schweizversand.ch\\\/wp-content\\\/uploads\\\/2026\\\/02\\\/5513183511.jpg\",\"contentUrl\":\"https:\\\/\\\/schweizversand.ch\\\/wp-content\\\/uploads\\\/2026\\\/02\\\/5513183511.jpg\",\"width\":1024,\"height\":1024},{\"@type\":\"BreadcrumbList\",\"@id\":\"https:\\\/\\\/schweizversand.ch\\\/fr\\\/produkt\\\/wunder-baum-lufterfrischer-kirsche\\\/#breadcrumb\",\"itemListElement\":[{\"@type\":\"ListItem\",\"position\":1,\"name\":\"Startseite\",\"item\":\"https:\\\/\\\/schweizversand.ch\\\/fr\\\/home\\\/\"},{\"@type\":\"ListItem\",\"position\":2,\"name\":\"Boutique\",\"item\":\"https:\\\/\\\/schweizversand.ch\\\/fr\\\/boutique\\\/\"},{\"@type\":\"ListItem\",\"position\":3,\"name\":\"Accessoires pour v\u00e9hicules\",\"item\":\"https:\\\/\\\/schweizversand.ch\\\/fr\\\/produkt-kategorie\\\/accessoires-pour-vehicules\\\/\"},{\"@type\":\"ListItem\",\"position\":4,\"name\":\"Voiture\",\"item\":\"https:\\\/\\\/schweizversand.ch\\\/fr\\\/produkt-kategorie\\\/accessoires-pour-vehicules\\\/voiture\\\/\"},{\"@type\":\"ListItem\",\"position\":5,\"name\":\"Divers\",\"item\":\"https:\\\/\\\/schweizversand.ch\\\/fr\\\/produkt-kategorie\\\/accessoires-pour-vehicules\\\/voiture\\\/diverse\\\/\"},{\"@type\":\"ListItem\",\"position\":6,\"name\":\"D\u00e9sodorisant Miracle Tree \u00ab Cerise \u00bb\"}]},{\"@type\":\"WebSite\",\"@id\":\"https:\\\/\\\/schweizversand.ch\\\/fr\\\/#website\",\"url\":\"https:\\\/\\\/schweizversand.ch\\\/fr\\\/\",\"name\":\"Schweizer Shop f\u00fcr Sport, Spiel und Freizeit\",\"description\":\"Gratisversand ab 50.- (netto), ab eigenem schweizer Lager, Lieferung innert 48h\",\"publisher\":{\"@id\":\"https:\\\/\\\/schweizversand.ch\\\/fr\\\/#organization\"},\"alternateName\":\"Schweizversand.ch\",\"potentialAction\":[{\"@type\":\"SearchAction\",\"target\":{\"@type\":\"EntryPoint\",\"urlTemplate\":\"https:\\\/\\\/schweizversand.ch\\\/fr\\\/?s={search_term_string}\"},\"query-input\":{\"@type\":\"PropertyValueSpecification\",\"valueRequired\":true,\"valueName\":\"search_term_string\"}}],\"inLanguage\":\"fr-FR\"},{\"@type\":\"Organization\",\"@id\":\"https:\\\/\\\/schweizversand.ch\\\/fr\\\/#organization\",\"name\":\"Schweizversand.ch\",\"url\":\"https:\\\/\\\/schweizversand.ch\\\/fr\\\/\",\"logo\":{\"@type\":\"ImageObject\",\"inLanguage\":\"fr-FR\",\"@id\":\"https:\\\/\\\/schweizversand.ch\\\/fr\\\/#\\\/schema\\\/logo\\\/image\\\/\",\"url\":\"https:\\\/\\\/schweizversand.ch\\\/wp-content\\\/uploads\\\/2026\\\/03\\\/Logo_Rund_Final-1.png\",\"contentUrl\":\"https:\\\/\\\/schweizversand.ch\\\/wp-content\\\/uploads\\\/2026\\\/03\\\/Logo_Rund_Final-1.png\",\"width\":404,\"height\":404,\"caption\":\"Schweizversand.ch\"},\"image\":{\"@id\":\"https:\\\/\\\/schweizversand.ch\\\/fr\\\/#\\\/schema\\\/logo\\\/image\\\/\"},\"sameAs\":[\"https:\\\/\\\/www.facebook.com\\\/Schweizversand\",\"https:\\\/\\\/www.instagram.com\\\/schweizversand.ch\\\/\"]}]}<\/script>\n<!-- \/ Yoast SEO plugin. -->","yoast_head_json":{"title":"Wunder-Baum Lufterfrischer \"Kirsche\"","description":"Wunder-Baum Lufterfrischer \u2013 Kirsche Entdecken Sie den Wunder-Baum Lufterfrischer , ein unverzichtbares Zubeh\u00f6r f\u00fcr Ihr Fahrzeug oder Ihren Wohnraum. Dieser Aut","robots":{"index":"index","follow":"follow","max-snippet":"max-snippet:-1","max-image-preview":"max-image-preview:large","max-video-preview":"max-video-preview:-1"},"canonical":"https:\/\/schweizversand.ch\/fr\/produkt\/wunder-baum-lufterfrischer-kirsche\/","og_locale":"fr_FR","og_type":"article","og_title":"Wunder-Baum Lufterfrischer \"Kirsche\"","og_description":"Wunder-Baum Lufterfrischer \u2013 Kirsche Entdecken Sie den Wunder-Baum Lufterfrischer , ein unverzichtbares Zubeh\u00f6r f\u00fcr Ihr Fahrzeug oder Ihren Wohnraum. Dieser Aut","og_url":"https:\/\/schweizversand.ch\/fr\/produkt\/wunder-baum-lufterfrischer-kirsche\/","og_site_name":"Schweizer Shop f\u00fcr Sport, Spiel und Freizeit","article_publisher":"https:\/\/www.facebook.com\/Schweizversand","article_modified_time":"2026-04-19T00:03:57+00:00","og_image":[{"width":1024,"height":1024,"url":"https:\/\/schweizversand.ch\/wp-content\/uploads\/2026\/02\/5513183511.jpg","type":"image\/jpeg"}],"twitter_card":"summary_large_image","twitter_misc":{"Dur\u00e9e de lecture estim\u00e9e":"1 minute"},"schema":{"@context":"https:\/\/schema.org","@graph":[{"@type":"WebPage","@id":"https:\/\/schweizversand.ch\/fr\/produkt\/wunder-baum-lufterfrischer-kirsche\/","url":"https:\/\/schweizversand.ch\/fr\/produkt\/wunder-baum-lufterfrischer-kirsche\/","name":"Wunder-Baum Lufterfrischer \"Kirsche\"","isPartOf":{"@id":"https:\/\/schweizversand.ch\/fr\/#website"},"primaryImageOfPage":{"@id":"https:\/\/schweizversand.ch\/fr\/produkt\/wunder-baum-lufterfrischer-kirsche\/#primaryimage"},"image":{"@id":"https:\/\/schweizversand.ch\/fr\/produkt\/wunder-baum-lufterfrischer-kirsche\/#primaryimage"},"thumbnailUrl":"https:\/\/schweizversand.ch\/wp-content\/uploads\/2026\/02\/5513183511.jpg","datePublished":"2026-03-14T23:55:16+00:00","dateModified":"2026-04-19T00:03:57+00:00","description":"Wunder-Baum Lufterfrischer \u2013 Kirsche Entdecken Sie den Wunder-Baum Lufterfrischer , ein unverzichtbares Zubeh\u00f6r f\u00fcr Ihr Fahrzeug oder Ihren Wohnraum. Dieser Aut","breadcrumb":{"@id":"https:\/\/schweizversand.ch\/fr\/produkt\/wunder-baum-lufterfrischer-kirsche\/#breadcrumb"},"inLanguage":"fr-FR","potentialAction":[{"@type":"ReadAction","target":["https:\/\/schweizversand.ch\/fr\/produkt\/wunder-baum-lufterfrischer-kirsche\/"]}]},{"@type":"ImageObject","inLanguage":"fr-FR","@id":"https:\/\/schweizversand.ch\/fr\/produkt\/wunder-baum-lufterfrischer-kirsche\/#primaryimage","url":"https:\/\/schweizversand.ch\/wp-content\/uploads\/2026\/02\/5513183511.jpg","contentUrl":"https:\/\/schweizversand.ch\/wp-content\/uploads\/2026\/02\/5513183511.jpg","width":1024,"height":1024},{"@type":"BreadcrumbList","@id":"https:\/\/schweizversand.ch\/fr\/produkt\/wunder-baum-lufterfrischer-kirsche\/#breadcrumb","itemListElement":[{"@type":"ListItem","position":1,"name":"Startseite","item":"https:\/\/schweizversand.ch\/fr\/home\/"},{"@type":"ListItem","position":2,"name":"Boutique","item":"https:\/\/schweizversand.ch\/fr\/boutique\/"},{"@type":"ListItem","position":3,"name":"Accessoires pour v\u00e9hicules","item":"https:\/\/schweizversand.ch\/fr\/produkt-kategorie\/accessoires-pour-vehicules\/"},{"@type":"ListItem","position":4,"name":"Voiture","item":"https:\/\/schweizversand.ch\/fr\/produkt-kategorie\/accessoires-pour-vehicules\/voiture\/"},{"@type":"ListItem","position":5,"name":"Divers","item":"https:\/\/schweizversand.ch\/fr\/produkt-kategorie\/accessoires-pour-vehicules\/voiture\/diverse\/"},{"@type":"ListItem","position":6,"name":"D\u00e9sodorisant Miracle Tree \u00ab Cerise \u00bb"}]},{"@type":"WebSite","@id":"https:\/\/schweizversand.ch\/fr\/#website","url":"https:\/\/schweizversand.ch\/fr\/","name":"Schweizer Shop f\u00fcr Sport, Spiel und Freizeit","description":"Gratisversand ab 50.- (netto), ab eigenem schweizer Lager, Lieferung innert 48h","publisher":{"@id":"https:\/\/schweizversand.ch\/fr\/#organization"},"alternateName":"Schweizversand.ch","potentialAction":[{"@type":"SearchAction","target":{"@type":"EntryPoint","urlTemplate":"https:\/\/schweizversand.ch\/fr\/?s={search_term_string}"},"query-input":{"@type":"PropertyValueSpecification","valueRequired":true,"valueName":"search_term_string"}}],"inLanguage":"fr-FR"},{"@type":"Organization","@id":"https:\/\/schweizversand.ch\/fr\/#organization","name":"Schweizversand.ch","url":"https:\/\/schweizversand.ch\/fr\/","logo":{"@type":"ImageObject","inLanguage":"fr-FR","@id":"https:\/\/schweizversand.ch\/fr\/#\/schema\/logo\/image\/","url":"https:\/\/schweizversand.ch\/wp-content\/uploads\/2026\/03\/Logo_Rund_Final-1.png","contentUrl":"https:\/\/schweizversand.ch\/wp-content\/uploads\/2026\/03\/Logo_Rund_Final-1.png","width":404,"height":404,"caption":"Schweizversand.ch"},"image":{"@id":"https:\/\/schweizversand.ch\/fr\/#\/schema\/logo\/image\/"},"sameAs":["https:\/\/www.facebook.com\/Schweizversand","https:\/\/www.instagram.com\/schweizversand.ch\/"]}]}},"jetpack_sharing_enabled":true,"_links":{"self":[{"href":"https:\/\/schweizversand.ch\/fr\/wp-json\/wp\/v2\/product\/259793","targetHints":{"allow":["GET"]}}],"collection":[{"href":"https:\/\/schweizversand.ch\/fr\/wp-json\/wp\/v2\/product"}],"about":[{"href":"https:\/\/schweizversand.ch\/fr\/wp-json\/wp\/v2\/types\/product"}],"replies":[{"embeddable":true,"href":"https:\/\/schweizversand.ch\/fr\/wp-json\/wp\/v2\/comments?post=259793"}],"wp:featuredmedia":[{"embeddable":true,"href":"https:\/\/schweizversand.ch\/fr\/wp-json\/wp\/v2\/media\/160165"}],"wp:attachment":[{"href":"https:\/\/schweizversand.ch\/fr\/wp-json\/wp\/v2\/media?parent=259793"}],"wp:term":[{"taxonomy":"product_brand","embeddable":true,"href":"https:\/\/schweizversand.ch\/fr\/wp-json\/wp\/v2\/product_brand?post=259793"},{"taxonomy":"product_cat","embeddable":true,"href":"https:\/\/schweizversand.ch\/fr\/wp-json\/wp\/v2\/product_cat?post=259793"},{"taxonomy":"product_tag","embeddable":true,"href":"https:\/\/schweizversand.ch\/fr\/wp-json\/wp\/v2\/product_tag?post=259793"}],"curies":[{"name":"wp","href":"https:\/\/api.w.org\/{rel}","templated":true}]}}