{"id":259796,"date":"2026-03-15T00:55:18","date_gmt":"2026-03-14T23:55:18","guid":{"rendered":"https:\/\/schweizversand.ch\/produkt\/zoggs-dc-superhero-wonder-woman-tauchball-2er-pack\/"},"modified":"2026-04-19T02:03:58","modified_gmt":"2026-04-19T00:03:58","slug":"zoggs-dc-superhero-wonder-woman-tauchball-2er-pack","status":"publish","type":"product","link":"https:\/\/schweizversand.ch\/fr\/produkt\/zoggs-dc-superhero-wonder-woman-tauchball-2er-pack\/","title":{"rendered":"Ballon de plong\u00e9e Zoggs DC Superhero Wonder Woman, lot de 2"},"content":{"rendered":"<h1><strong>Boule de plong\u00e9e Wonder Woman en n\u00e9opr\u00e8ne<\/strong><\/h1>\n<div>La <strong>balle de plong\u00e9e Wonder Woman<\/strong> est le jouet de piscine id\u00e9al pour tous les petits super-h\u00e9ros. Ce jeu d&rsquo;eau passionnant favorise la confiance en soi dans l&rsquo;eau et offre des heures d&rsquo;amusement dans la piscine.<\/p>\n<\/div>\n<div><strong>Amusant et stimulant la confiance en soi<\/strong><br \/>Mettez vos enfants au d\u00e9fi de r\u00e9cup\u00e9rer la balle au fond de la piscine. La balle coule rapidement et est id\u00e9ale pour une course endiabl\u00e9e o\u00f9 les nageurs confirm\u00e9s peuvent montrer leurs talents. Ce jouet de plong\u00e9e <strong>Wonder Woman<\/strong> transforme l&rsquo;entra\u00eenement en un v\u00e9ritable plaisir.<\/p>\n<\/div>\n<div><strong>Mat\u00e9riaux et conception de haute qualit\u00e9<\/strong><br \/>Cette <strong>balle de plong\u00e9e en n\u00e9opr\u00e8ne<\/strong> est sp\u00e9cialement con\u00e7ue pour une utilisation dans l&rsquo;eau et est extr\u00eamement r\u00e9sistante. Son design attrayant, orn\u00e9 d&rsquo;un imprim\u00e9 Wonder Woman int\u00e9gral, rend ce ballon tr\u00e8s visible et ne manquera pas d&rsquo;attirer tous les regards.<\/p>\n<\/div>\n<div><strong>Caract\u00e9ristiques du produit<\/strong><br \/>&#8211; Diam\u00e8tre\u00a0: 55\u00a0mm<br \/>&#8211; Mati\u00e8re\u00a0: Ballon recouvert de n\u00e9opr\u00e8ne<br \/>&#8211; Particularit\u00e9\u00a0: \u00c9quip\u00e9 d&rsquo;une bande de flottaison pour une meilleure prise en main<br \/>&#8211; Fonction\u00a0: Coule dans l&rsquo;eau et peut servir de ballon de plong\u00e9e ou pour jouer \u00e0 la balle<br \/>&#8211; Design\u00a0: Imprim\u00e9 Wonder Woman int\u00e9gral<\/p>\n<\/div>\n<div>Offrez ce super jouet de piscine pour enfants et vivez des moments inoubliables d&rsquo;action et de plaisir dans l&rsquo;eau fra\u00eeche\u00a0!<\/p>\n<\/div>\n<div><\/div>\n","protected":false},"excerpt":{"rendered":"<p>Zoggs DC Superhero Wonder Woman Tauchball, 2er Pack: F\u00f6rdert spielerisch Wassersicherheit und Spa\u00df mit robustem Neopren-Design. Perfekt f\u00fcr kleine Superhelden im Pool!<\/p>\n","protected":false},"featured_media":160197,"comment_status":"open","ping_status":"closed","template":"","meta":[],"product_brand":[],"product_cat":[38366],"product_tag":[],"class_list":{"0":"post-259796","1":"product","2":"type-product","3":"status-publish","4":"has-post-thumbnail","6":"product_cat-wasserspielzeug","7":"product_shipping_class-global_methods","9":"first","10":"instock","11":"taxable","12":"shipping-taxable","13":"purchasable","14":"product-type-simple"},"yoast_head":"<!-- This site is optimized with the Yoast SEO plugin v27.4 - https:\/\/yoast.com\/product\/yoast-seo-wordpress\/ -->\n<title>Zoggs DC Superhero Wonder Woman Tauchball, 2er Pack<\/title>\n<meta name=\"description\" content=\"Wonder Woman Tauchball Neopren Der Wonder Woman Tauchball ist das perfekte Tauchspielzeug Pool f\u00fcr alle kleinen Superhelden. Dieses spannende Wasser Apportiersp\" \/>\n<meta name=\"robots\" content=\"index, follow, max-snippet:-1, max-image-preview:large, max-video-preview:-1\" \/>\n<link rel=\"canonical\" href=\"https:\/\/schweizversand.ch\/fr\/produkt\/zoggs-dc-superhero-wonder-woman-tauchball-2er-pack\/\" \/>\n<meta property=\"og:locale\" content=\"fr_FR\" \/>\n<meta property=\"og:type\" content=\"article\" \/>\n<meta property=\"og:title\" content=\"Zoggs DC Superhero Wonder Woman Tauchball, 2er Pack\" \/>\n<meta property=\"og:description\" content=\"Wonder Woman Tauchball Neopren Der Wonder Woman Tauchball ist das perfekte Tauchspielzeug Pool f\u00fcr alle kleinen Superhelden. Dieses spannende Wasser Apportiersp\" \/>\n<meta property=\"og:url\" content=\"https:\/\/schweizversand.ch\/fr\/produkt\/zoggs-dc-superhero-wonder-woman-tauchball-2er-pack\/\" \/>\n<meta property=\"og:site_name\" content=\"Schweizer Shop f\u00fcr Sport, Spiel und Freizeit\" \/>\n<meta property=\"article:publisher\" content=\"https:\/\/www.facebook.com\/Schweizversand\" \/>\n<meta property=\"article:modified_time\" content=\"2026-04-19T00:03:58+00:00\" \/>\n<meta property=\"og:image\" content=\"https:\/\/schweizversand.ch\/wp-content\/uploads\/2026\/02\/5471671259.jpg\" \/>\n\t<meta property=\"og:image:width\" content=\"1024\" \/>\n\t<meta property=\"og:image:height\" content=\"296\" \/>\n\t<meta property=\"og:image:type\" content=\"image\/jpeg\" \/>\n<meta name=\"twitter:card\" content=\"summary_large_image\" \/>\n<meta name=\"twitter:label1\" content=\"Dur\u00e9e de lecture estim\u00e9e\" \/>\n\t<meta name=\"twitter:data1\" content=\"1 minute\" \/>\n<script type=\"application\/ld+json\" class=\"yoast-schema-graph\">{\"@context\":\"https:\\\/\\\/schema.org\",\"@graph\":[{\"@type\":\"WebPage\",\"@id\":\"https:\\\/\\\/schweizversand.ch\\\/fr\\\/produkt\\\/zoggs-dc-superhero-wonder-woman-tauchball-2er-pack\\\/\",\"url\":\"https:\\\/\\\/schweizversand.ch\\\/fr\\\/produkt\\\/zoggs-dc-superhero-wonder-woman-tauchball-2er-pack\\\/\",\"name\":\"Zoggs DC Superhero Wonder Woman Tauchball, 2er Pack\",\"isPartOf\":{\"@id\":\"https:\\\/\\\/schweizversand.ch\\\/fr\\\/#website\"},\"primaryImageOfPage\":{\"@id\":\"https:\\\/\\\/schweizversand.ch\\\/fr\\\/produkt\\\/zoggs-dc-superhero-wonder-woman-tauchball-2er-pack\\\/#primaryimage\"},\"image\":{\"@id\":\"https:\\\/\\\/schweizversand.ch\\\/fr\\\/produkt\\\/zoggs-dc-superhero-wonder-woman-tauchball-2er-pack\\\/#primaryimage\"},\"thumbnailUrl\":\"https:\\\/\\\/schweizversand.ch\\\/wp-content\\\/uploads\\\/2026\\\/02\\\/5471671259.jpg\",\"datePublished\":\"2026-03-14T23:55:18+00:00\",\"dateModified\":\"2026-04-19T00:03:58+00:00\",\"description\":\"Wonder Woman Tauchball Neopren Der Wonder Woman Tauchball ist das perfekte Tauchspielzeug Pool f\u00fcr alle kleinen Superhelden. Dieses spannende Wasser Apportiersp\",\"breadcrumb\":{\"@id\":\"https:\\\/\\\/schweizversand.ch\\\/fr\\\/produkt\\\/zoggs-dc-superhero-wonder-woman-tauchball-2er-pack\\\/#breadcrumb\"},\"inLanguage\":\"fr-FR\",\"potentialAction\":[{\"@type\":\"ReadAction\",\"target\":[\"https:\\\/\\\/schweizversand.ch\\\/fr\\\/produkt\\\/zoggs-dc-superhero-wonder-woman-tauchball-2er-pack\\\/\"]}]},{\"@type\":\"ImageObject\",\"inLanguage\":\"fr-FR\",\"@id\":\"https:\\\/\\\/schweizversand.ch\\\/fr\\\/produkt\\\/zoggs-dc-superhero-wonder-woman-tauchball-2er-pack\\\/#primaryimage\",\"url\":\"https:\\\/\\\/schweizversand.ch\\\/wp-content\\\/uploads\\\/2026\\\/02\\\/5471671259.jpg\",\"contentUrl\":\"https:\\\/\\\/schweizversand.ch\\\/wp-content\\\/uploads\\\/2026\\\/02\\\/5471671259.jpg\",\"width\":1024,\"height\":296},{\"@type\":\"BreadcrumbList\",\"@id\":\"https:\\\/\\\/schweizversand.ch\\\/fr\\\/produkt\\\/zoggs-dc-superhero-wonder-woman-tauchball-2er-pack\\\/#breadcrumb\",\"itemListElement\":[{\"@type\":\"ListItem\",\"position\":1,\"name\":\"Startseite\",\"item\":\"https:\\\/\\\/schweizversand.ch\\\/fr\\\/home\\\/\"},{\"@type\":\"ListItem\",\"position\":2,\"name\":\"Boutique\",\"item\":\"https:\\\/\\\/schweizversand.ch\\\/fr\\\/boutique\\\/\"},{\"@type\":\"ListItem\",\"position\":3,\"name\":\"Jouets et jeux\",\"item\":\"https:\\\/\\\/schweizversand.ch\\\/fr\\\/produkt-kategorie\\\/jouets-et-jeux\\\/\"},{\"@type\":\"ListItem\",\"position\":4,\"name\":\"Jeux d'ext\u00e9rieur\",\"item\":\"https:\\\/\\\/schweizversand.ch\\\/fr\\\/produkt-kategorie\\\/jouets-et-jeux\\\/jeux-dexterieur\\\/\"},{\"@type\":\"ListItem\",\"position\":5,\"name\":\"Jeux d'eau\",\"item\":\"https:\\\/\\\/schweizversand.ch\\\/fr\\\/produkt-kategorie\\\/jouets-et-jeux\\\/jeux-dexterieur\\\/wasserspielzeug\\\/\"},{\"@type\":\"ListItem\",\"position\":6,\"name\":\"Ballon de plong\u00e9e Zoggs DC Superhero Wonder Woman, lot de 2\"}]},{\"@type\":\"WebSite\",\"@id\":\"https:\\\/\\\/schweizversand.ch\\\/fr\\\/#website\",\"url\":\"https:\\\/\\\/schweizversand.ch\\\/fr\\\/\",\"name\":\"Schweizer Shop f\u00fcr Sport, Spiel und Freizeit\",\"description\":\"Gratisversand ab 50.- (netto), ab eigenem schweizer Lager, Lieferung innert 48h\",\"publisher\":{\"@id\":\"https:\\\/\\\/schweizversand.ch\\\/fr\\\/#organization\"},\"alternateName\":\"Schweizversand.ch\",\"potentialAction\":[{\"@type\":\"SearchAction\",\"target\":{\"@type\":\"EntryPoint\",\"urlTemplate\":\"https:\\\/\\\/schweizversand.ch\\\/fr\\\/?s={search_term_string}\"},\"query-input\":{\"@type\":\"PropertyValueSpecification\",\"valueRequired\":true,\"valueName\":\"search_term_string\"}}],\"inLanguage\":\"fr-FR\"},{\"@type\":\"Organization\",\"@id\":\"https:\\\/\\\/schweizversand.ch\\\/fr\\\/#organization\",\"name\":\"Schweizversand.ch\",\"url\":\"https:\\\/\\\/schweizversand.ch\\\/fr\\\/\",\"logo\":{\"@type\":\"ImageObject\",\"inLanguage\":\"fr-FR\",\"@id\":\"https:\\\/\\\/schweizversand.ch\\\/fr\\\/#\\\/schema\\\/logo\\\/image\\\/\",\"url\":\"https:\\\/\\\/schweizversand.ch\\\/wp-content\\\/uploads\\\/2026\\\/03\\\/Logo_Rund_Final-1.png\",\"contentUrl\":\"https:\\\/\\\/schweizversand.ch\\\/wp-content\\\/uploads\\\/2026\\\/03\\\/Logo_Rund_Final-1.png\",\"width\":404,\"height\":404,\"caption\":\"Schweizversand.ch\"},\"image\":{\"@id\":\"https:\\\/\\\/schweizversand.ch\\\/fr\\\/#\\\/schema\\\/logo\\\/image\\\/\"},\"sameAs\":[\"https:\\\/\\\/www.facebook.com\\\/Schweizversand\",\"https:\\\/\\\/www.instagram.com\\\/schweizversand.ch\\\/\"]}]}<\/script>\n<!-- \/ Yoast SEO plugin. -->","yoast_head_json":{"title":"Zoggs DC Superhero Wonder Woman Tauchball, 2er Pack","description":"Wonder Woman Tauchball Neopren Der Wonder Woman Tauchball ist das perfekte Tauchspielzeug Pool f\u00fcr alle kleinen Superhelden. Dieses spannende Wasser Apportiersp","robots":{"index":"index","follow":"follow","max-snippet":"max-snippet:-1","max-image-preview":"max-image-preview:large","max-video-preview":"max-video-preview:-1"},"canonical":"https:\/\/schweizversand.ch\/fr\/produkt\/zoggs-dc-superhero-wonder-woman-tauchball-2er-pack\/","og_locale":"fr_FR","og_type":"article","og_title":"Zoggs DC Superhero Wonder Woman Tauchball, 2er Pack","og_description":"Wonder Woman Tauchball Neopren Der Wonder Woman Tauchball ist das perfekte Tauchspielzeug Pool f\u00fcr alle kleinen Superhelden. Dieses spannende Wasser Apportiersp","og_url":"https:\/\/schweizversand.ch\/fr\/produkt\/zoggs-dc-superhero-wonder-woman-tauchball-2er-pack\/","og_site_name":"Schweizer Shop f\u00fcr Sport, Spiel und Freizeit","article_publisher":"https:\/\/www.facebook.com\/Schweizversand","article_modified_time":"2026-04-19T00:03:58+00:00","og_image":[{"width":1024,"height":296,"url":"https:\/\/schweizversand.ch\/wp-content\/uploads\/2026\/02\/5471671259.jpg","type":"image\/jpeg"}],"twitter_card":"summary_large_image","twitter_misc":{"Dur\u00e9e de lecture estim\u00e9e":"1 minute"},"schema":{"@context":"https:\/\/schema.org","@graph":[{"@type":"WebPage","@id":"https:\/\/schweizversand.ch\/fr\/produkt\/zoggs-dc-superhero-wonder-woman-tauchball-2er-pack\/","url":"https:\/\/schweizversand.ch\/fr\/produkt\/zoggs-dc-superhero-wonder-woman-tauchball-2er-pack\/","name":"Zoggs DC Superhero Wonder Woman Tauchball, 2er Pack","isPartOf":{"@id":"https:\/\/schweizversand.ch\/fr\/#website"},"primaryImageOfPage":{"@id":"https:\/\/schweizversand.ch\/fr\/produkt\/zoggs-dc-superhero-wonder-woman-tauchball-2er-pack\/#primaryimage"},"image":{"@id":"https:\/\/schweizversand.ch\/fr\/produkt\/zoggs-dc-superhero-wonder-woman-tauchball-2er-pack\/#primaryimage"},"thumbnailUrl":"https:\/\/schweizversand.ch\/wp-content\/uploads\/2026\/02\/5471671259.jpg","datePublished":"2026-03-14T23:55:18+00:00","dateModified":"2026-04-19T00:03:58+00:00","description":"Wonder Woman Tauchball Neopren Der Wonder Woman Tauchball ist das perfekte Tauchspielzeug Pool f\u00fcr alle kleinen Superhelden. Dieses spannende Wasser Apportiersp","breadcrumb":{"@id":"https:\/\/schweizversand.ch\/fr\/produkt\/zoggs-dc-superhero-wonder-woman-tauchball-2er-pack\/#breadcrumb"},"inLanguage":"fr-FR","potentialAction":[{"@type":"ReadAction","target":["https:\/\/schweizversand.ch\/fr\/produkt\/zoggs-dc-superhero-wonder-woman-tauchball-2er-pack\/"]}]},{"@type":"ImageObject","inLanguage":"fr-FR","@id":"https:\/\/schweizversand.ch\/fr\/produkt\/zoggs-dc-superhero-wonder-woman-tauchball-2er-pack\/#primaryimage","url":"https:\/\/schweizversand.ch\/wp-content\/uploads\/2026\/02\/5471671259.jpg","contentUrl":"https:\/\/schweizversand.ch\/wp-content\/uploads\/2026\/02\/5471671259.jpg","width":1024,"height":296},{"@type":"BreadcrumbList","@id":"https:\/\/schweizversand.ch\/fr\/produkt\/zoggs-dc-superhero-wonder-woman-tauchball-2er-pack\/#breadcrumb","itemListElement":[{"@type":"ListItem","position":1,"name":"Startseite","item":"https:\/\/schweizversand.ch\/fr\/home\/"},{"@type":"ListItem","position":2,"name":"Boutique","item":"https:\/\/schweizversand.ch\/fr\/boutique\/"},{"@type":"ListItem","position":3,"name":"Jouets et jeux","item":"https:\/\/schweizversand.ch\/fr\/produkt-kategorie\/jouets-et-jeux\/"},{"@type":"ListItem","position":4,"name":"Jeux d'ext\u00e9rieur","item":"https:\/\/schweizversand.ch\/fr\/produkt-kategorie\/jouets-et-jeux\/jeux-dexterieur\/"},{"@type":"ListItem","position":5,"name":"Jeux d'eau","item":"https:\/\/schweizversand.ch\/fr\/produkt-kategorie\/jouets-et-jeux\/jeux-dexterieur\/wasserspielzeug\/"},{"@type":"ListItem","position":6,"name":"Ballon de plong\u00e9e Zoggs DC Superhero Wonder Woman, lot de 2"}]},{"@type":"WebSite","@id":"https:\/\/schweizversand.ch\/fr\/#website","url":"https:\/\/schweizversand.ch\/fr\/","name":"Schweizer Shop f\u00fcr Sport, Spiel und Freizeit","description":"Gratisversand ab 50.- (netto), ab eigenem schweizer Lager, Lieferung innert 48h","publisher":{"@id":"https:\/\/schweizversand.ch\/fr\/#organization"},"alternateName":"Schweizversand.ch","potentialAction":[{"@type":"SearchAction","target":{"@type":"EntryPoint","urlTemplate":"https:\/\/schweizversand.ch\/fr\/?s={search_term_string}"},"query-input":{"@type":"PropertyValueSpecification","valueRequired":true,"valueName":"search_term_string"}}],"inLanguage":"fr-FR"},{"@type":"Organization","@id":"https:\/\/schweizversand.ch\/fr\/#organization","name":"Schweizversand.ch","url":"https:\/\/schweizversand.ch\/fr\/","logo":{"@type":"ImageObject","inLanguage":"fr-FR","@id":"https:\/\/schweizversand.ch\/fr\/#\/schema\/logo\/image\/","url":"https:\/\/schweizversand.ch\/wp-content\/uploads\/2026\/03\/Logo_Rund_Final-1.png","contentUrl":"https:\/\/schweizversand.ch\/wp-content\/uploads\/2026\/03\/Logo_Rund_Final-1.png","width":404,"height":404,"caption":"Schweizversand.ch"},"image":{"@id":"https:\/\/schweizversand.ch\/fr\/#\/schema\/logo\/image\/"},"sameAs":["https:\/\/www.facebook.com\/Schweizversand","https:\/\/www.instagram.com\/schweizversand.ch\/"]}]}},"jetpack_sharing_enabled":true,"_links":{"self":[{"href":"https:\/\/schweizversand.ch\/fr\/wp-json\/wp\/v2\/product\/259796","targetHints":{"allow":["GET"]}}],"collection":[{"href":"https:\/\/schweizversand.ch\/fr\/wp-json\/wp\/v2\/product"}],"about":[{"href":"https:\/\/schweizversand.ch\/fr\/wp-json\/wp\/v2\/types\/product"}],"replies":[{"embeddable":true,"href":"https:\/\/schweizversand.ch\/fr\/wp-json\/wp\/v2\/comments?post=259796"}],"wp:featuredmedia":[{"embeddable":true,"href":"https:\/\/schweizversand.ch\/fr\/wp-json\/wp\/v2\/media\/160197"}],"wp:attachment":[{"href":"https:\/\/schweizversand.ch\/fr\/wp-json\/wp\/v2\/media?parent=259796"}],"wp:term":[{"taxonomy":"product_brand","embeddable":true,"href":"https:\/\/schweizversand.ch\/fr\/wp-json\/wp\/v2\/product_brand?post=259796"},{"taxonomy":"product_cat","embeddable":true,"href":"https:\/\/schweizversand.ch\/fr\/wp-json\/wp\/v2\/product_cat?post=259796"},{"taxonomy":"product_tag","embeddable":true,"href":"https:\/\/schweizversand.ch\/fr\/wp-json\/wp\/v2\/product_tag?post=259796"}],"curies":[{"name":"wp","href":"https:\/\/api.w.org\/{rel}","templated":true}]}}