{"id":259797,"date":"2026-03-15T00:55:18","date_gmt":"2026-03-14T23:55:18","guid":{"rendered":"https:\/\/schweizversand.ch\/produkt\/zoggs-dc-superhero-superman-tauchball-2er-pack\/"},"modified":"2026-04-29T15:33:49","modified_gmt":"2026-04-29T13:33:49","slug":"zoggs-dc-superhero-superman-tauchball-2er-pack","status":"publish","type":"product","link":"https:\/\/schweizversand.ch\/fr\/produkt\/zoggs-dc-superhero-superman-tauchball-2er-pack\/","title":{"rendered":"Ballon de plong\u00e9e Zoggs DC Super-h\u00e9ros Superman, lot de 2"},"content":{"rendered":"<h1><strong>Boule de plong\u00e9e Superman en n\u00e9opr\u00e8ne<\/strong><\/h1>\n<div>Pr\u00e9parez-vous \u00e0 des heures d&rsquo;amusement aquatique ! La <strong>Boule de plong\u00e9e Superman<\/strong> est le jouet de plong\u00e9e id\u00e9al pour les enfants. Elle leur permettra de d\u00e9velopper leur confiance dans l&rsquo;eau et d&rsquo;am\u00e9liorer leurs comp\u00e9tences de plongeon tout en s&rsquo;amusant. Un incontournable pour tous les petits super-h\u00e9ros !<\/p>\n<\/div>\n<div><strong>Du plaisir pour toute la famille !<\/strong><br \/>Ce jouet de piscine innovant garantit des moments palpitants dans l&rsquo;eau. Que vous soyez un nageur confirm\u00e9 ou que vous d\u00e9couvriez tout juste le monde sous-marin, ce jeu de plong\u00e9e, o\u00f9 il faut r\u00e9cup\u00e9rer la balle au fond de la piscine, est un vrai r\u00e9gal pour les petits comme pour les grands. Organisez des comp\u00e9titions endiabl\u00e9es pour voir qui attrapera la balle le plus vite !<\/strong><\/div>\n<div><strong>Mat\u00e9riaux et conception de haute qualit\u00e9<\/strong><br \/>La balle de plong\u00e9e est sp\u00e9cialement con\u00e7ue pour une utilisation dans l&rsquo;eau. Son rev\u00eatement en n\u00e9opr\u00e8ne robuste la rend particuli\u00e8rement r\u00e9sistante et adh\u00e9rente. Son design attrayant, orn\u00e9 d&rsquo;un imprim\u00e9 int\u00e9gral Superman, le rend parfaitement visible sous l&rsquo;eau et lui donne un look unique. Caract\u00e9ristiques et avantages du produit\u00a0: &#8211; Jouet de plong\u00e9e id\u00e9al pour initier les enfants \u00e0 la s\u00e9curit\u00e9 aquatique &#8211; Balle recouverte de n\u00e9opr\u00e8ne pour une prise en main optimale &#8211; Diam\u00e8tre de 55\u00a0mm, parfait pour les petites mains &#8211; Coule dans l&rsquo;eau et se transforme en un jeu de plong\u00e9e et de r\u00e9cup\u00e9ration passionnant &#8211; Un imprim\u00e9 Superman attrayant pour tous les fans du h\u00e9ros DC. Offrez-vous cette balle de plong\u00e9e Superman et transformez votre piscine en un terrain d&rsquo;aventures sous-marines h\u00e9ro\u00efques. Un cadeau id\u00e9al qui garantit des heures d&rsquo;amusement dans le bain\u00a0!<\/p>\n","protected":false},"excerpt":{"rendered":"<p>Zoggs DC Superhero Superman Tauchball, 2er Pack: F\u00f6rdern Sie spielerisch Tauchf\u00e4higkeiten und Wasserspa\u00df mit robustem Neopren-Design \u2013 perfekt f\u00fcr kleine Superhelden im Pool!<\/p>\n","protected":false},"featured_media":160203,"comment_status":"open","ping_status":"closed","template":"","meta":[],"product_brand":[],"product_cat":[38366],"product_tag":[],"class_list":{"0":"post-259797","1":"product","2":"type-product","3":"status-publish","4":"has-post-thumbnail","6":"product_cat-wasserspielzeug","7":"product_shipping_class-global_methods","9":"first","10":"instock","11":"taxable","12":"shipping-taxable","13":"purchasable","14":"product-type-simple"},"yoast_head":"<!-- This site is optimized with the Yoast SEO plugin v27.5 - https:\/\/yoast.com\/product\/yoast-seo-wordpress\/ -->\n<title>Zoggs DC Superhero Superman Tauchball, 2er Pack<\/title>\n<meta name=\"description\" content=\"Superman Tauchball aus Neopren Bereiten Sie sich auf actionreichen Wasserspass vor! Der Superman Tauchball ist das perfekte Tauchspielzeug Kinder , um spieleris\" \/>\n<meta name=\"robots\" content=\"index, follow, max-snippet:-1, max-image-preview:large, max-video-preview:-1\" \/>\n<link rel=\"canonical\" href=\"https:\/\/schweizversand.ch\/fr\/produkt\/zoggs-dc-superhero-superman-tauchball-2er-pack\/\" \/>\n<meta property=\"og:locale\" content=\"fr_FR\" \/>\n<meta property=\"og:type\" content=\"article\" \/>\n<meta property=\"og:title\" content=\"Zoggs DC Superhero Superman Tauchball, 2er Pack\" \/>\n<meta property=\"og:description\" content=\"Superman Tauchball aus Neopren Bereiten Sie sich auf actionreichen Wasserspass vor! Der Superman Tauchball ist das perfekte Tauchspielzeug Kinder , um spieleris\" \/>\n<meta property=\"og:url\" content=\"https:\/\/schweizversand.ch\/fr\/produkt\/zoggs-dc-superhero-superman-tauchball-2er-pack\/\" \/>\n<meta property=\"og:site_name\" content=\"Schweizer Shop f\u00fcr Sport, Spiel und Freizeit\" \/>\n<meta property=\"article:publisher\" content=\"https:\/\/www.facebook.com\/Schweizversand\" \/>\n<meta property=\"article:modified_time\" content=\"2026-04-29T13:33:49+00:00\" \/>\n<meta property=\"og:image\" content=\"https:\/\/schweizversand.ch\/wp-content\/uploads\/2026\/02\/5471671321.jpg\" \/>\n\t<meta property=\"og:image:width\" content=\"1024\" \/>\n\t<meta property=\"og:image:height\" content=\"283\" \/>\n\t<meta property=\"og:image:type\" content=\"image\/jpeg\" \/>\n<meta name=\"twitter:card\" content=\"summary_large_image\" \/>\n<meta name=\"twitter:label1\" content=\"Dur\u00e9e de lecture estim\u00e9e\" \/>\n\t<meta name=\"twitter:data1\" content=\"2 minutes\" \/>\n<script type=\"application\/ld+json\" class=\"yoast-schema-graph\">{\"@context\":\"https:\\\/\\\/schema.org\",\"@graph\":[{\"@type\":\"WebPage\",\"@id\":\"https:\\\/\\\/schweizversand.ch\\\/fr\\\/produkt\\\/zoggs-dc-superhero-superman-tauchball-2er-pack\\\/\",\"url\":\"https:\\\/\\\/schweizversand.ch\\\/fr\\\/produkt\\\/zoggs-dc-superhero-superman-tauchball-2er-pack\\\/\",\"name\":\"Zoggs DC Superhero Superman Tauchball, 2er Pack\",\"isPartOf\":{\"@id\":\"https:\\\/\\\/schweizversand.ch\\\/fr\\\/#website\"},\"primaryImageOfPage\":{\"@id\":\"https:\\\/\\\/schweizversand.ch\\\/fr\\\/produkt\\\/zoggs-dc-superhero-superman-tauchball-2er-pack\\\/#primaryimage\"},\"image\":{\"@id\":\"https:\\\/\\\/schweizversand.ch\\\/fr\\\/produkt\\\/zoggs-dc-superhero-superman-tauchball-2er-pack\\\/#primaryimage\"},\"thumbnailUrl\":\"https:\\\/\\\/schweizversand.ch\\\/wp-content\\\/uploads\\\/2026\\\/02\\\/5471671321.jpg\",\"datePublished\":\"2026-03-14T23:55:18+00:00\",\"dateModified\":\"2026-04-29T13:33:49+00:00\",\"description\":\"Superman Tauchball aus Neopren Bereiten Sie sich auf actionreichen Wasserspass vor! Der Superman Tauchball ist das perfekte Tauchspielzeug Kinder , um spieleris\",\"breadcrumb\":{\"@id\":\"https:\\\/\\\/schweizversand.ch\\\/fr\\\/produkt\\\/zoggs-dc-superhero-superman-tauchball-2er-pack\\\/#breadcrumb\"},\"inLanguage\":\"fr-FR\",\"potentialAction\":[{\"@type\":\"ReadAction\",\"target\":[\"https:\\\/\\\/schweizversand.ch\\\/fr\\\/produkt\\\/zoggs-dc-superhero-superman-tauchball-2er-pack\\\/\"]}]},{\"@type\":\"ImageObject\",\"inLanguage\":\"fr-FR\",\"@id\":\"https:\\\/\\\/schweizversand.ch\\\/fr\\\/produkt\\\/zoggs-dc-superhero-superman-tauchball-2er-pack\\\/#primaryimage\",\"url\":\"https:\\\/\\\/schweizversand.ch\\\/wp-content\\\/uploads\\\/2026\\\/02\\\/5471671321.jpg\",\"contentUrl\":\"https:\\\/\\\/schweizversand.ch\\\/wp-content\\\/uploads\\\/2026\\\/02\\\/5471671321.jpg\",\"width\":1024,\"height\":283},{\"@type\":\"BreadcrumbList\",\"@id\":\"https:\\\/\\\/schweizversand.ch\\\/fr\\\/produkt\\\/zoggs-dc-superhero-superman-tauchball-2er-pack\\\/#breadcrumb\",\"itemListElement\":[{\"@type\":\"ListItem\",\"position\":1,\"name\":\"Startseite\",\"item\":\"https:\\\/\\\/schweizversand.ch\\\/fr\\\/home\\\/\"},{\"@type\":\"ListItem\",\"position\":2,\"name\":\"Boutique\",\"item\":\"https:\\\/\\\/schweizversand.ch\\\/fr\\\/boutique\\\/\"},{\"@type\":\"ListItem\",\"position\":3,\"name\":\"Jouets et jeux\",\"item\":\"https:\\\/\\\/schweizversand.ch\\\/fr\\\/produkt-kategorie\\\/jouets-et-jeux\\\/\"},{\"@type\":\"ListItem\",\"position\":4,\"name\":\"Jeux d'ext\u00e9rieur\",\"item\":\"https:\\\/\\\/schweizversand.ch\\\/fr\\\/produkt-kategorie\\\/jouets-et-jeux\\\/jeux-dexterieur\\\/\"},{\"@type\":\"ListItem\",\"position\":5,\"name\":\"Jeux d'eau\",\"item\":\"https:\\\/\\\/schweizversand.ch\\\/fr\\\/produkt-kategorie\\\/jouets-et-jeux\\\/jeux-dexterieur\\\/wasserspielzeug\\\/\"},{\"@type\":\"ListItem\",\"position\":6,\"name\":\"Ballon de plong\u00e9e Zoggs DC Super-h\u00e9ros Superman, lot de 2\"}]},{\"@type\":\"WebSite\",\"@id\":\"https:\\\/\\\/schweizversand.ch\\\/fr\\\/#website\",\"url\":\"https:\\\/\\\/schweizversand.ch\\\/fr\\\/\",\"name\":\"Schweizer Shop f\u00fcr Sport, Spiel und Freizeit\",\"description\":\"Gratisversand ab 50.- (netto), ab eigenem schweizer Lager, Lieferung innert 48h\",\"publisher\":{\"@id\":\"https:\\\/\\\/schweizversand.ch\\\/fr\\\/#organization\"},\"alternateName\":\"Schweizversand.ch\",\"potentialAction\":[{\"@type\":\"SearchAction\",\"target\":{\"@type\":\"EntryPoint\",\"urlTemplate\":\"https:\\\/\\\/schweizversand.ch\\\/fr\\\/?s={search_term_string}\"},\"query-input\":{\"@type\":\"PropertyValueSpecification\",\"valueRequired\":true,\"valueName\":\"search_term_string\"}}],\"inLanguage\":\"fr-FR\"},{\"@type\":\"Organization\",\"@id\":\"https:\\\/\\\/schweizversand.ch\\\/fr\\\/#organization\",\"name\":\"Schweizversand.ch\",\"url\":\"https:\\\/\\\/schweizversand.ch\\\/fr\\\/\",\"logo\":{\"@type\":\"ImageObject\",\"inLanguage\":\"fr-FR\",\"@id\":\"https:\\\/\\\/schweizversand.ch\\\/fr\\\/#\\\/schema\\\/logo\\\/image\\\/\",\"url\":\"https:\\\/\\\/schweizversand.ch\\\/wp-content\\\/uploads\\\/2026\\\/03\\\/Logo_Rund_Final-1.png\",\"contentUrl\":\"https:\\\/\\\/schweizversand.ch\\\/wp-content\\\/uploads\\\/2026\\\/03\\\/Logo_Rund_Final-1.png\",\"width\":404,\"height\":404,\"caption\":\"Schweizversand.ch\"},\"image\":{\"@id\":\"https:\\\/\\\/schweizversand.ch\\\/fr\\\/#\\\/schema\\\/logo\\\/image\\\/\"},\"sameAs\":[\"https:\\\/\\\/www.facebook.com\\\/Schweizversand\",\"https:\\\/\\\/www.instagram.com\\\/schweizversand.ch\\\/\"]}]}<\/script>\n<!-- \/ Yoast SEO plugin. -->","yoast_head_json":{"title":"Zoggs DC Superhero Superman Tauchball, 2er Pack","description":"Superman Tauchball aus Neopren Bereiten Sie sich auf actionreichen Wasserspass vor! Der Superman Tauchball ist das perfekte Tauchspielzeug Kinder , um spieleris","robots":{"index":"index","follow":"follow","max-snippet":"max-snippet:-1","max-image-preview":"max-image-preview:large","max-video-preview":"max-video-preview:-1"},"canonical":"https:\/\/schweizversand.ch\/fr\/produkt\/zoggs-dc-superhero-superman-tauchball-2er-pack\/","og_locale":"fr_FR","og_type":"article","og_title":"Zoggs DC Superhero Superman Tauchball, 2er Pack","og_description":"Superman Tauchball aus Neopren Bereiten Sie sich auf actionreichen Wasserspass vor! Der Superman Tauchball ist das perfekte Tauchspielzeug Kinder , um spieleris","og_url":"https:\/\/schweizversand.ch\/fr\/produkt\/zoggs-dc-superhero-superman-tauchball-2er-pack\/","og_site_name":"Schweizer Shop f\u00fcr Sport, Spiel und Freizeit","article_publisher":"https:\/\/www.facebook.com\/Schweizversand","article_modified_time":"2026-04-29T13:33:49+00:00","og_image":[{"width":1024,"height":283,"url":"https:\/\/schweizversand.ch\/wp-content\/uploads\/2026\/02\/5471671321.jpg","type":"image\/jpeg"}],"twitter_card":"summary_large_image","twitter_misc":{"Dur\u00e9e de lecture estim\u00e9e":"2 minutes"},"schema":{"@context":"https:\/\/schema.org","@graph":[{"@type":"WebPage","@id":"https:\/\/schweizversand.ch\/fr\/produkt\/zoggs-dc-superhero-superman-tauchball-2er-pack\/","url":"https:\/\/schweizversand.ch\/fr\/produkt\/zoggs-dc-superhero-superman-tauchball-2er-pack\/","name":"Zoggs DC Superhero Superman Tauchball, 2er Pack","isPartOf":{"@id":"https:\/\/schweizversand.ch\/fr\/#website"},"primaryImageOfPage":{"@id":"https:\/\/schweizversand.ch\/fr\/produkt\/zoggs-dc-superhero-superman-tauchball-2er-pack\/#primaryimage"},"image":{"@id":"https:\/\/schweizversand.ch\/fr\/produkt\/zoggs-dc-superhero-superman-tauchball-2er-pack\/#primaryimage"},"thumbnailUrl":"https:\/\/schweizversand.ch\/wp-content\/uploads\/2026\/02\/5471671321.jpg","datePublished":"2026-03-14T23:55:18+00:00","dateModified":"2026-04-29T13:33:49+00:00","description":"Superman Tauchball aus Neopren Bereiten Sie sich auf actionreichen Wasserspass vor! Der Superman Tauchball ist das perfekte Tauchspielzeug Kinder , um spieleris","breadcrumb":{"@id":"https:\/\/schweizversand.ch\/fr\/produkt\/zoggs-dc-superhero-superman-tauchball-2er-pack\/#breadcrumb"},"inLanguage":"fr-FR","potentialAction":[{"@type":"ReadAction","target":["https:\/\/schweizversand.ch\/fr\/produkt\/zoggs-dc-superhero-superman-tauchball-2er-pack\/"]}]},{"@type":"ImageObject","inLanguage":"fr-FR","@id":"https:\/\/schweizversand.ch\/fr\/produkt\/zoggs-dc-superhero-superman-tauchball-2er-pack\/#primaryimage","url":"https:\/\/schweizversand.ch\/wp-content\/uploads\/2026\/02\/5471671321.jpg","contentUrl":"https:\/\/schweizversand.ch\/wp-content\/uploads\/2026\/02\/5471671321.jpg","width":1024,"height":283},{"@type":"BreadcrumbList","@id":"https:\/\/schweizversand.ch\/fr\/produkt\/zoggs-dc-superhero-superman-tauchball-2er-pack\/#breadcrumb","itemListElement":[{"@type":"ListItem","position":1,"name":"Startseite","item":"https:\/\/schweizversand.ch\/fr\/home\/"},{"@type":"ListItem","position":2,"name":"Boutique","item":"https:\/\/schweizversand.ch\/fr\/boutique\/"},{"@type":"ListItem","position":3,"name":"Jouets et jeux","item":"https:\/\/schweizversand.ch\/fr\/produkt-kategorie\/jouets-et-jeux\/"},{"@type":"ListItem","position":4,"name":"Jeux d'ext\u00e9rieur","item":"https:\/\/schweizversand.ch\/fr\/produkt-kategorie\/jouets-et-jeux\/jeux-dexterieur\/"},{"@type":"ListItem","position":5,"name":"Jeux d'eau","item":"https:\/\/schweizversand.ch\/fr\/produkt-kategorie\/jouets-et-jeux\/jeux-dexterieur\/wasserspielzeug\/"},{"@type":"ListItem","position":6,"name":"Ballon de plong\u00e9e Zoggs DC Super-h\u00e9ros Superman, lot de 2"}]},{"@type":"WebSite","@id":"https:\/\/schweizversand.ch\/fr\/#website","url":"https:\/\/schweizversand.ch\/fr\/","name":"Schweizer Shop f\u00fcr Sport, Spiel und Freizeit","description":"Gratisversand ab 50.- (netto), ab eigenem schweizer Lager, Lieferung innert 48h","publisher":{"@id":"https:\/\/schweizversand.ch\/fr\/#organization"},"alternateName":"Schweizversand.ch","potentialAction":[{"@type":"SearchAction","target":{"@type":"EntryPoint","urlTemplate":"https:\/\/schweizversand.ch\/fr\/?s={search_term_string}"},"query-input":{"@type":"PropertyValueSpecification","valueRequired":true,"valueName":"search_term_string"}}],"inLanguage":"fr-FR"},{"@type":"Organization","@id":"https:\/\/schweizversand.ch\/fr\/#organization","name":"Schweizversand.ch","url":"https:\/\/schweizversand.ch\/fr\/","logo":{"@type":"ImageObject","inLanguage":"fr-FR","@id":"https:\/\/schweizversand.ch\/fr\/#\/schema\/logo\/image\/","url":"https:\/\/schweizversand.ch\/wp-content\/uploads\/2026\/03\/Logo_Rund_Final-1.png","contentUrl":"https:\/\/schweizversand.ch\/wp-content\/uploads\/2026\/03\/Logo_Rund_Final-1.png","width":404,"height":404,"caption":"Schweizversand.ch"},"image":{"@id":"https:\/\/schweizversand.ch\/fr\/#\/schema\/logo\/image\/"},"sameAs":["https:\/\/www.facebook.com\/Schweizversand","https:\/\/www.instagram.com\/schweizversand.ch\/"]}]}},"jetpack_sharing_enabled":true,"_links":{"self":[{"href":"https:\/\/schweizversand.ch\/fr\/wp-json\/wp\/v2\/product\/259797","targetHints":{"allow":["GET"]}}],"collection":[{"href":"https:\/\/schweizversand.ch\/fr\/wp-json\/wp\/v2\/product"}],"about":[{"href":"https:\/\/schweizversand.ch\/fr\/wp-json\/wp\/v2\/types\/product"}],"replies":[{"embeddable":true,"href":"https:\/\/schweizversand.ch\/fr\/wp-json\/wp\/v2\/comments?post=259797"}],"wp:featuredmedia":[{"embeddable":true,"href":"https:\/\/schweizversand.ch\/fr\/wp-json\/wp\/v2\/media\/160203"}],"wp:attachment":[{"href":"https:\/\/schweizversand.ch\/fr\/wp-json\/wp\/v2\/media?parent=259797"}],"wp:term":[{"taxonomy":"product_brand","embeddable":true,"href":"https:\/\/schweizversand.ch\/fr\/wp-json\/wp\/v2\/product_brand?post=259797"},{"taxonomy":"product_cat","embeddable":true,"href":"https:\/\/schweizversand.ch\/fr\/wp-json\/wp\/v2\/product_cat?post=259797"},{"taxonomy":"product_tag","embeddable":true,"href":"https:\/\/schweizversand.ch\/fr\/wp-json\/wp\/v2\/product_tag?post=259797"}],"curies":[{"name":"wp","href":"https:\/\/api.w.org\/{rel}","templated":true}]}}