{"id":259803,"date":"2026-03-15T00:55:28","date_gmt":"2026-03-14T23:55:28","guid":{"rendered":"https:\/\/schweizversand.ch\/produkt\/aqua-marina-super-trip-isup-126\/"},"modified":"2026-04-15T02:03:32","modified_gmt":"2026-04-15T00:03:32","slug":"aqua-marina-super-trip-isup-126","status":"publish","type":"product","link":"https:\/\/schweizversand.ch\/fr\/produkt\/aqua-marina-super-trip-isup-126\/","title":{"rendered":"Aqua Marina Super Trip iSUP 12&Prime;6"},"content":{"rendered":"<p>Plongez dans l&rsquo;univers du stand-up paddle avec l&rsquo;Aqua Marina SUPER TRIP 12&rsquo;6&Prime; !<\/p>\n<p>Vivez des aventures inoubliables sur l&rsquo;eau, que ce soit avec vos proches, vos amis, votre famille ou m\u00eame votre animal de compagnie ! La gamme SUPER TRIP rend le stand-up paddle accessible et amusant pour tous.<\/p>\n<p>Avec sa longueur impressionnante de 381 cm (12&rsquo;6&Prime;) et sa largeur g\u00e9n\u00e9reuse de 86 cm (34&Prime;), la SUPER TRIP offre une stabilit\u00e9 et une s\u00e9curit\u00e9 exceptionnelles sur l&rsquo;eau. Que vous soyez un pagayeur exp\u00e9riment\u00e9 ou un d\u00e9butant, cette planche vous ravira.<\/p>\n<p>La SUPER TRIP est non seulement stable, mais aussi \u00e9tonnamment rapide gr\u00e2ce \u00e0 ses lignes longues et parall\u00e8les. Vous appr\u00e9cierez sa l\u00e9g\u00e8ret\u00e9 et sa vitesse. Et le meilleur ? Elle peut supporter deux personnes, avec une capacit\u00e9 de charge maximale impressionnante de 220 kg (485 lbs).<\/p>\n<p>Avec Avec un volume de 430 litres, vous disposez de suffisamment d&rsquo;espace pour emporter votre \u00e9quipement, votre pique-nique ou tout autre indispensable pour vos aventures. Cette planche offre non seulement d&rsquo;excellentes performances, mais aussi un espace de rangement g\u00e9n\u00e9reux.<\/p>\n<p>La SUPER TRIP 12\u20196\u201d est livr\u00e9e avec un sac pratique, un aileron et une pompe pour que vous puissiez commencer votre aventure imm\u00e9diatement. Il suffit de la gonfler et de pagayer !<\/p>\n<p>Que vous souhaitiez explorer de nouveaux plans d&rsquo;eau, passer des heures de d\u00e9tente sur un lac ou simplement profiter de la libert\u00e9 que procure l&rsquo;eau, l&rsquo;Aqua Marina SUPER TRIP 12\u20196\u201d est votre compagnon id\u00e9al pour des aventures inoubliables. Pr\u00e9parez-vous \u00e0 vivre la magie du stand-up paddle !<\/p>\n","protected":false},"excerpt":{"rendered":"<p>Aqua Marina Super Trip iSUP 12&rsquo;6 bietet maximale Stabilit\u00e4t und Geschwindigkeit f\u00fcr unvergessliche SUP-Abenteuer \u2013 ideal f\u00fcr Einsteiger, Familien und Freunde auf dem Wasser.<\/p>\n","protected":false},"featured_media":230229,"comment_status":"open","ping_status":"closed","template":"","meta":[],"product_brand":[],"product_cat":[39091],"product_tag":[],"class_list":{"0":"post-259803","1":"product","2":"type-product","3":"status-publish","4":"has-post-thumbnail","6":"product_cat-uncategorized","7":"product_shipping_class-global_methods","9":"first","10":"instock","11":"taxable","12":"shipping-taxable","13":"purchasable","14":"product-type-simple"},"yoast_head":"<!-- This site is optimized with the Yoast SEO plugin v27.4 - https:\/\/yoast.com\/product\/yoast-seo-wordpress\/ -->\n<title>Aqua Marina Super Trip iSUP 12&quot;6<\/title>\n<meta name=\"description\" content=\"Tauchen Sie ein in die Welt des Stand-Up Paddelns mit dem Aqua Marina SUPER TRIP 12\u20196\u201d! Erleben Sie unvergessliche Abenteuer auf dem Wasser, sei es mit Ihren\" \/>\n<meta name=\"robots\" content=\"index, follow, max-snippet:-1, max-image-preview:large, max-video-preview:-1\" \/>\n<link rel=\"canonical\" href=\"https:\/\/schweizversand.ch\/fr\/produkt\/aqua-marina-super-trip-isup-126\/\" \/>\n<meta property=\"og:locale\" content=\"fr_FR\" \/>\n<meta property=\"og:type\" content=\"article\" \/>\n<meta property=\"og:title\" content=\"Aqua Marina Super Trip iSUP 12&quot;6\" \/>\n<meta property=\"og:description\" content=\"Tauchen Sie ein in die Welt des Stand-Up Paddelns mit dem Aqua Marina SUPER TRIP 12\u20196\u201d! Erleben Sie unvergessliche Abenteuer auf dem Wasser, sei es mit Ihren\" \/>\n<meta property=\"og:url\" content=\"https:\/\/schweizversand.ch\/fr\/produkt\/aqua-marina-super-trip-isup-126\/\" \/>\n<meta property=\"og:site_name\" content=\"Schweizer Shop f\u00fcr Sport, Spiel und Freizeit\" \/>\n<meta property=\"article:publisher\" content=\"https:\/\/www.facebook.com\/Schweizversand\" \/>\n<meta property=\"article:modified_time\" content=\"2026-04-15T00:03:32+00:00\" \/>\n<meta property=\"og:image\" content=\"https:\/\/schweizversand.ch\/wp-content\/uploads\/2026\/03\/5471701675.png\" \/>\n\t<meta property=\"og:image:width\" content=\"291\" \/>\n\t<meta property=\"og:image:height\" content=\"1024\" \/>\n\t<meta property=\"og:image:type\" content=\"image\/png\" \/>\n<meta name=\"twitter:card\" content=\"summary_large_image\" \/>\n<meta name=\"twitter:label1\" content=\"Dur\u00e9e de lecture estim\u00e9e\" \/>\n\t<meta name=\"twitter:data1\" content=\"1 minute\" \/>\n<script type=\"application\/ld+json\" class=\"yoast-schema-graph\">{\"@context\":\"https:\\\/\\\/schema.org\",\"@graph\":[{\"@type\":\"WebPage\",\"@id\":\"https:\\\/\\\/schweizversand.ch\\\/fr\\\/produkt\\\/aqua-marina-super-trip-isup-126\\\/\",\"url\":\"https:\\\/\\\/schweizversand.ch\\\/fr\\\/produkt\\\/aqua-marina-super-trip-isup-126\\\/\",\"name\":\"Aqua Marina Super Trip iSUP 12\\\"6\",\"isPartOf\":{\"@id\":\"https:\\\/\\\/schweizversand.ch\\\/fr\\\/#website\"},\"primaryImageOfPage\":{\"@id\":\"https:\\\/\\\/schweizversand.ch\\\/fr\\\/produkt\\\/aqua-marina-super-trip-isup-126\\\/#primaryimage\"},\"image\":{\"@id\":\"https:\\\/\\\/schweizversand.ch\\\/fr\\\/produkt\\\/aqua-marina-super-trip-isup-126\\\/#primaryimage\"},\"thumbnailUrl\":\"https:\\\/\\\/schweizversand.ch\\\/wp-content\\\/uploads\\\/2026\\\/03\\\/5471701675.png\",\"datePublished\":\"2026-03-14T23:55:28+00:00\",\"dateModified\":\"2026-04-15T00:03:32+00:00\",\"description\":\"Tauchen Sie ein in die Welt des Stand-Up Paddelns mit dem Aqua Marina SUPER TRIP 12\u20196\u201d! Erleben Sie unvergessliche Abenteuer auf dem Wasser, sei es mit Ihren\",\"breadcrumb\":{\"@id\":\"https:\\\/\\\/schweizversand.ch\\\/fr\\\/produkt\\\/aqua-marina-super-trip-isup-126\\\/#breadcrumb\"},\"inLanguage\":\"fr-FR\",\"potentialAction\":[{\"@type\":\"ReadAction\",\"target\":[\"https:\\\/\\\/schweizversand.ch\\\/fr\\\/produkt\\\/aqua-marina-super-trip-isup-126\\\/\"]}]},{\"@type\":\"ImageObject\",\"inLanguage\":\"fr-FR\",\"@id\":\"https:\\\/\\\/schweizversand.ch\\\/fr\\\/produkt\\\/aqua-marina-super-trip-isup-126\\\/#primaryimage\",\"url\":\"https:\\\/\\\/schweizversand.ch\\\/wp-content\\\/uploads\\\/2026\\\/03\\\/5471701675.png\",\"contentUrl\":\"https:\\\/\\\/schweizversand.ch\\\/wp-content\\\/uploads\\\/2026\\\/03\\\/5471701675.png\",\"width\":291,\"height\":1024},{\"@type\":\"BreadcrumbList\",\"@id\":\"https:\\\/\\\/schweizversand.ch\\\/fr\\\/produkt\\\/aqua-marina-super-trip-isup-126\\\/#breadcrumb\",\"itemListElement\":[{\"@type\":\"ListItem\",\"position\":1,\"name\":\"Startseite\",\"item\":\"https:\\\/\\\/schweizversand.ch\\\/fr\\\/\"},{\"@type\":\"ListItem\",\"position\":2,\"name\":\"Boutique\",\"item\":\"https:\\\/\\\/schweizversand.ch\\\/fr\\\/boutique\\\/\"},{\"@type\":\"ListItem\",\"position\":3,\"name\":\"Uncategorized\",\"item\":\"https:\\\/\\\/schweizversand.ch\\\/fr\\\/produkt-kategorie\\\/uncategorized\\\/\"},{\"@type\":\"ListItem\",\"position\":4,\"name\":\"Aqua Marina Super Trip iSUP 12&Prime;6\"}]},{\"@type\":\"WebSite\",\"@id\":\"https:\\\/\\\/schweizversand.ch\\\/fr\\\/#website\",\"url\":\"https:\\\/\\\/schweizversand.ch\\\/fr\\\/\",\"name\":\"Schweizer Shop f\u00fcr Sport, Spiel und Freizeit\",\"description\":\"Gratisversand ab 50.- (netto), ab eigenem schweizer Lager, Lieferung innert 48h\",\"publisher\":{\"@id\":\"https:\\\/\\\/schweizversand.ch\\\/fr\\\/#organization\"},\"alternateName\":\"Schweizversand.ch\",\"potentialAction\":[{\"@type\":\"SearchAction\",\"target\":{\"@type\":\"EntryPoint\",\"urlTemplate\":\"https:\\\/\\\/schweizversand.ch\\\/fr\\\/?s={search_term_string}\"},\"query-input\":{\"@type\":\"PropertyValueSpecification\",\"valueRequired\":true,\"valueName\":\"search_term_string\"}}],\"inLanguage\":\"fr-FR\"},{\"@type\":\"Organization\",\"@id\":\"https:\\\/\\\/schweizversand.ch\\\/fr\\\/#organization\",\"name\":\"Schweizversand.ch\",\"url\":\"https:\\\/\\\/schweizversand.ch\\\/fr\\\/\",\"logo\":{\"@type\":\"ImageObject\",\"inLanguage\":\"fr-FR\",\"@id\":\"https:\\\/\\\/schweizversand.ch\\\/fr\\\/#\\\/schema\\\/logo\\\/image\\\/\",\"url\":\"https:\\\/\\\/schweizversand.ch\\\/wp-content\\\/uploads\\\/2026\\\/03\\\/Logo_Rund_Final-1.png\",\"contentUrl\":\"https:\\\/\\\/schweizversand.ch\\\/wp-content\\\/uploads\\\/2026\\\/03\\\/Logo_Rund_Final-1.png\",\"width\":404,\"height\":404,\"caption\":\"Schweizversand.ch\"},\"image\":{\"@id\":\"https:\\\/\\\/schweizversand.ch\\\/fr\\\/#\\\/schema\\\/logo\\\/image\\\/\"},\"sameAs\":[\"https:\\\/\\\/www.facebook.com\\\/Schweizversand\",\"https:\\\/\\\/www.instagram.com\\\/schweizversand.ch\\\/\"]}]}<\/script>\n<!-- \/ Yoast SEO plugin. -->","yoast_head_json":{"title":"Aqua Marina Super Trip iSUP 12\"6","description":"Tauchen Sie ein in die Welt des Stand-Up Paddelns mit dem Aqua Marina SUPER TRIP 12\u20196\u201d! Erleben Sie unvergessliche Abenteuer auf dem Wasser, sei es mit Ihren","robots":{"index":"index","follow":"follow","max-snippet":"max-snippet:-1","max-image-preview":"max-image-preview:large","max-video-preview":"max-video-preview:-1"},"canonical":"https:\/\/schweizversand.ch\/fr\/produkt\/aqua-marina-super-trip-isup-126\/","og_locale":"fr_FR","og_type":"article","og_title":"Aqua Marina Super Trip iSUP 12\"6","og_description":"Tauchen Sie ein in die Welt des Stand-Up Paddelns mit dem Aqua Marina SUPER TRIP 12\u20196\u201d! Erleben Sie unvergessliche Abenteuer auf dem Wasser, sei es mit Ihren","og_url":"https:\/\/schweizversand.ch\/fr\/produkt\/aqua-marina-super-trip-isup-126\/","og_site_name":"Schweizer Shop f\u00fcr Sport, Spiel und Freizeit","article_publisher":"https:\/\/www.facebook.com\/Schweizversand","article_modified_time":"2026-04-15T00:03:32+00:00","og_image":[{"width":291,"height":1024,"url":"https:\/\/schweizversand.ch\/wp-content\/uploads\/2026\/03\/5471701675.png","type":"image\/png"}],"twitter_card":"summary_large_image","twitter_misc":{"Dur\u00e9e de lecture estim\u00e9e":"1 minute"},"schema":{"@context":"https:\/\/schema.org","@graph":[{"@type":"WebPage","@id":"https:\/\/schweizversand.ch\/fr\/produkt\/aqua-marina-super-trip-isup-126\/","url":"https:\/\/schweizversand.ch\/fr\/produkt\/aqua-marina-super-trip-isup-126\/","name":"Aqua Marina Super Trip iSUP 12\"6","isPartOf":{"@id":"https:\/\/schweizversand.ch\/fr\/#website"},"primaryImageOfPage":{"@id":"https:\/\/schweizversand.ch\/fr\/produkt\/aqua-marina-super-trip-isup-126\/#primaryimage"},"image":{"@id":"https:\/\/schweizversand.ch\/fr\/produkt\/aqua-marina-super-trip-isup-126\/#primaryimage"},"thumbnailUrl":"https:\/\/schweizversand.ch\/wp-content\/uploads\/2026\/03\/5471701675.png","datePublished":"2026-03-14T23:55:28+00:00","dateModified":"2026-04-15T00:03:32+00:00","description":"Tauchen Sie ein in die Welt des Stand-Up Paddelns mit dem Aqua Marina SUPER TRIP 12\u20196\u201d! Erleben Sie unvergessliche Abenteuer auf dem Wasser, sei es mit Ihren","breadcrumb":{"@id":"https:\/\/schweizversand.ch\/fr\/produkt\/aqua-marina-super-trip-isup-126\/#breadcrumb"},"inLanguage":"fr-FR","potentialAction":[{"@type":"ReadAction","target":["https:\/\/schweizversand.ch\/fr\/produkt\/aqua-marina-super-trip-isup-126\/"]}]},{"@type":"ImageObject","inLanguage":"fr-FR","@id":"https:\/\/schweizversand.ch\/fr\/produkt\/aqua-marina-super-trip-isup-126\/#primaryimage","url":"https:\/\/schweizversand.ch\/wp-content\/uploads\/2026\/03\/5471701675.png","contentUrl":"https:\/\/schweizversand.ch\/wp-content\/uploads\/2026\/03\/5471701675.png","width":291,"height":1024},{"@type":"BreadcrumbList","@id":"https:\/\/schweizversand.ch\/fr\/produkt\/aqua-marina-super-trip-isup-126\/#breadcrumb","itemListElement":[{"@type":"ListItem","position":1,"name":"Startseite","item":"https:\/\/schweizversand.ch\/fr\/"},{"@type":"ListItem","position":2,"name":"Boutique","item":"https:\/\/schweizversand.ch\/fr\/boutique\/"},{"@type":"ListItem","position":3,"name":"Uncategorized","item":"https:\/\/schweizversand.ch\/fr\/produkt-kategorie\/uncategorized\/"},{"@type":"ListItem","position":4,"name":"Aqua Marina Super Trip iSUP 12&Prime;6"}]},{"@type":"WebSite","@id":"https:\/\/schweizversand.ch\/fr\/#website","url":"https:\/\/schweizversand.ch\/fr\/","name":"Schweizer Shop f\u00fcr Sport, Spiel und Freizeit","description":"Gratisversand ab 50.- (netto), ab eigenem schweizer Lager, Lieferung innert 48h","publisher":{"@id":"https:\/\/schweizversand.ch\/fr\/#organization"},"alternateName":"Schweizversand.ch","potentialAction":[{"@type":"SearchAction","target":{"@type":"EntryPoint","urlTemplate":"https:\/\/schweizversand.ch\/fr\/?s={search_term_string}"},"query-input":{"@type":"PropertyValueSpecification","valueRequired":true,"valueName":"search_term_string"}}],"inLanguage":"fr-FR"},{"@type":"Organization","@id":"https:\/\/schweizversand.ch\/fr\/#organization","name":"Schweizversand.ch","url":"https:\/\/schweizversand.ch\/fr\/","logo":{"@type":"ImageObject","inLanguage":"fr-FR","@id":"https:\/\/schweizversand.ch\/fr\/#\/schema\/logo\/image\/","url":"https:\/\/schweizversand.ch\/wp-content\/uploads\/2026\/03\/Logo_Rund_Final-1.png","contentUrl":"https:\/\/schweizversand.ch\/wp-content\/uploads\/2026\/03\/Logo_Rund_Final-1.png","width":404,"height":404,"caption":"Schweizversand.ch"},"image":{"@id":"https:\/\/schweizversand.ch\/fr\/#\/schema\/logo\/image\/"},"sameAs":["https:\/\/www.facebook.com\/Schweizversand","https:\/\/www.instagram.com\/schweizversand.ch\/"]}]}},"jetpack_sharing_enabled":true,"_links":{"self":[{"href":"https:\/\/schweizversand.ch\/fr\/wp-json\/wp\/v2\/product\/259803","targetHints":{"allow":["GET"]}}],"collection":[{"href":"https:\/\/schweizversand.ch\/fr\/wp-json\/wp\/v2\/product"}],"about":[{"href":"https:\/\/schweizversand.ch\/fr\/wp-json\/wp\/v2\/types\/product"}],"replies":[{"embeddable":true,"href":"https:\/\/schweizversand.ch\/fr\/wp-json\/wp\/v2\/comments?post=259803"}],"wp:featuredmedia":[{"embeddable":true,"href":"https:\/\/schweizversand.ch\/fr\/wp-json\/wp\/v2\/media\/230229"}],"wp:attachment":[{"href":"https:\/\/schweizversand.ch\/fr\/wp-json\/wp\/v2\/media?parent=259803"}],"wp:term":[{"taxonomy":"product_brand","embeddable":true,"href":"https:\/\/schweizversand.ch\/fr\/wp-json\/wp\/v2\/product_brand?post=259803"},{"taxonomy":"product_cat","embeddable":true,"href":"https:\/\/schweizversand.ch\/fr\/wp-json\/wp\/v2\/product_cat?post=259803"},{"taxonomy":"product_tag","embeddable":true,"href":"https:\/\/schweizversand.ch\/fr\/wp-json\/wp\/v2\/product_tag?post=259803"}],"curies":[{"name":"wp","href":"https:\/\/api.w.org\/{rel}","templated":true}]}}