{"id":259811,"date":"2026-03-20T02:00:37","date_gmt":"2026-03-20T01:00:37","guid":{"rendered":"https:\/\/schweizversand.ch\/produkt\/trespass-snuggles-fleece-decke-4\/"},"modified":"2026-04-09T15:34:00","modified_gmt":"2026-04-09T13:34:00","slug":"trespass-snuggles-fleece-decke-4","status":"publish","type":"product","link":"https:\/\/schweizversand.ch\/fr\/produkt\/trespass-snuggles-fleece-decke-4\/","title":{"rendered":"Couverture polaire Trespass SNUGGLES"},"content":{"rendered":"<p>La couverture polaire Trespass\u00a0: votre alli\u00e9e id\u00e9ale pour rester au chaud et confortablement install\u00e9(e) partout\u00a0!<\/p>\n<p>La couverture polaire Trespass est une couverture polyvalente, parfaite pour de nombreuses situations. Que ce soit lors de longs trajets en voiture, au camping ou lors d&rsquo;autres activit\u00e9s de plein air, cette couverture vous apporte chaleur et confort o\u00f9 que vous soyez.<\/p>\n<p>Caract\u00e9ristiques principales de la couverture polaire Trespass\u00a0:<\/p>\n<p>\u2022 L\u00e9g\u00e8re et pliable\u00a0: L\u00e9g\u00e8re et facile \u00e0 rouler, cette couverture est la compagne de voyage id\u00e9ale. Elle se range facilement dans le coffre de votre voiture et est toujours \u00e0 port\u00e9e de main.<\/p>\n<p>\u2022 Polaire douce\u00a0: Fabriqu\u00e9e en 100\u00a0% polyester, la couverture est dot\u00e9e d&rsquo;une polaire douce et agr\u00e9able au toucher, pour un confort et une chaleur incomparables.<\/p>\n<p>\u2022 Isolante et chaude\u00a0: La polaire de la couverture est isolante et vous garde au chaud, que vous soyez \u00e0 l&rsquo;ext\u00e9rieur ou bien au chaud \u00e0 l&rsquo;int\u00e9rieur.<\/p>\n<p>\u2022 Durable et facile d&rsquo;entretien\u00a0: Cette couverture est non seulement chaude, mais aussi tr\u00e8s r\u00e9sistante. Facile \u00e0 nettoyer, \u00e0 s\u00e9cher et \u00e0 entretenir, cette couverture polaire est un compagnon pratique.<\/p>\n<p>Mesurant 120 x 180 cm, elle offre un espace g\u00e9n\u00e9reux pour se d\u00e9tendre et se sentir bien. Que vous soyez en voyage, en camping ou \u00e0 la maison, la couverture polaire Trespass est id\u00e9ale pour rester bien au chaud et confortablement install\u00e9.<\/p>\n","protected":false},"excerpt":{"rendered":"<p>Trespass SNUGGLES &#8211; Fleece Decke bietet leichte, weich isolierende W\u00e4rme f\u00fcr unterwegs. Perfekt faltbar und ideal f\u00fcr Camping, Reisen und Outdoor-Komfort.<\/p>\n","protected":false},"featured_media":258019,"comment_status":"open","ping_status":"closed","template":"","meta":[],"product_brand":[],"product_cat":[38157],"product_tag":[],"class_list":{"0":"post-259811","1":"product","2":"type-product","3":"status-publish","4":"has-post-thumbnail","6":"product_cat-wohntextilien-teppiche","7":"product_shipping_class-global_methods","9":"first","10":"instock","11":"taxable","12":"shipping-taxable","13":"purchasable","14":"product-type-simple"},"yoast_head":"<!-- This site is optimized with the Yoast SEO plugin v27.3 - https:\/\/yoast.com\/product\/yoast-seo-wordpress\/ -->\n<title>Trespass SNUGGLES - Fleece Decke<\/title>\n<meta name=\"description\" content=\"Die Trespass Fleecedecke - Ihre ideale Begleitung f\u00fcr W\u00e4rme und Komfort unterwegs!\u00a0 Die Trespass Fleecedecke ist eine vielseitige Decke, die f\u00fcr zahlreiche Sit\" \/>\n<meta name=\"robots\" content=\"index, follow, max-snippet:-1, max-image-preview:large, max-video-preview:-1\" \/>\n<link rel=\"canonical\" href=\"https:\/\/schweizversand.ch\/fr\/produkt\/trespass-snuggles-fleece-decke-4\/\" \/>\n<meta property=\"og:locale\" content=\"fr_FR\" \/>\n<meta property=\"og:type\" content=\"article\" \/>\n<meta property=\"og:title\" content=\"Trespass SNUGGLES - Fleece Decke\" \/>\n<meta property=\"og:description\" content=\"Die Trespass Fleecedecke - Ihre ideale Begleitung f\u00fcr W\u00e4rme und Komfort unterwegs!\u00a0 Die Trespass Fleecedecke ist eine vielseitige Decke, die f\u00fcr zahlreiche Sit\" \/>\n<meta property=\"og:url\" content=\"https:\/\/schweizversand.ch\/fr\/produkt\/trespass-snuggles-fleece-decke-4\/\" \/>\n<meta property=\"og:site_name\" content=\"Schweizer Shop f\u00fcr Sport, Spiel und Freizeit\" \/>\n<meta property=\"article:publisher\" content=\"https:\/\/www.facebook.com\/Schweizversand\" \/>\n<meta property=\"article:modified_time\" content=\"2026-04-09T13:34:00+00:00\" \/>\n<meta property=\"og:image\" content=\"https:\/\/schweizversand.ch\/wp-content\/uploads\/2026\/03\/5471594081.jpg\" \/>\n\t<meta property=\"og:image:width\" content=\"1024\" \/>\n\t<meta property=\"og:image:height\" content=\"1024\" \/>\n\t<meta property=\"og:image:type\" content=\"image\/jpeg\" \/>\n<meta name=\"twitter:card\" content=\"summary_large_image\" \/>\n<meta name=\"twitter:label1\" content=\"Dur\u00e9e de lecture estim\u00e9e\" \/>\n\t<meta name=\"twitter:data1\" content=\"1 minute\" \/>\n<script type=\"application\/ld+json\" class=\"yoast-schema-graph\">{\"@context\":\"https:\\\/\\\/schema.org\",\"@graph\":[{\"@type\":\"WebPage\",\"@id\":\"https:\\\/\\\/schweizversand.ch\\\/fr\\\/produkt\\\/trespass-snuggles-fleece-decke-4\\\/\",\"url\":\"https:\\\/\\\/schweizversand.ch\\\/fr\\\/produkt\\\/trespass-snuggles-fleece-decke-4\\\/\",\"name\":\"Trespass SNUGGLES - Fleece Decke\",\"isPartOf\":{\"@id\":\"https:\\\/\\\/schweizversand.ch\\\/fr\\\/#website\"},\"primaryImageOfPage\":{\"@id\":\"https:\\\/\\\/schweizversand.ch\\\/fr\\\/produkt\\\/trespass-snuggles-fleece-decke-4\\\/#primaryimage\"},\"image\":{\"@id\":\"https:\\\/\\\/schweizversand.ch\\\/fr\\\/produkt\\\/trespass-snuggles-fleece-decke-4\\\/#primaryimage\"},\"thumbnailUrl\":\"https:\\\/\\\/schweizversand.ch\\\/wp-content\\\/uploads\\\/2026\\\/03\\\/5471594081.jpg\",\"datePublished\":\"2026-03-20T01:00:37+00:00\",\"dateModified\":\"2026-04-09T13:34:00+00:00\",\"description\":\"Die Trespass Fleecedecke - Ihre ideale Begleitung f\u00fcr W\u00e4rme und Komfort unterwegs!\u00a0 Die Trespass Fleecedecke ist eine vielseitige Decke, die f\u00fcr zahlreiche Sit\",\"breadcrumb\":{\"@id\":\"https:\\\/\\\/schweizversand.ch\\\/fr\\\/produkt\\\/trespass-snuggles-fleece-decke-4\\\/#breadcrumb\"},\"inLanguage\":\"fr-FR\",\"potentialAction\":[{\"@type\":\"ReadAction\",\"target\":[\"https:\\\/\\\/schweizversand.ch\\\/fr\\\/produkt\\\/trespass-snuggles-fleece-decke-4\\\/\"]}]},{\"@type\":\"ImageObject\",\"inLanguage\":\"fr-FR\",\"@id\":\"https:\\\/\\\/schweizversand.ch\\\/fr\\\/produkt\\\/trespass-snuggles-fleece-decke-4\\\/#primaryimage\",\"url\":\"https:\\\/\\\/schweizversand.ch\\\/wp-content\\\/uploads\\\/2026\\\/03\\\/5471594081.jpg\",\"contentUrl\":\"https:\\\/\\\/schweizversand.ch\\\/wp-content\\\/uploads\\\/2026\\\/03\\\/5471594081.jpg\",\"width\":1024,\"height\":1024},{\"@type\":\"BreadcrumbList\",\"@id\":\"https:\\\/\\\/schweizversand.ch\\\/fr\\\/produkt\\\/trespass-snuggles-fleece-decke-4\\\/#breadcrumb\",\"itemListElement\":[{\"@type\":\"ListItem\",\"position\":1,\"name\":\"Startseite\",\"item\":\"https:\\\/\\\/schweizversand.ch\\\/fr\\\/\"},{\"@type\":\"ListItem\",\"position\":2,\"name\":\"Boutique\",\"item\":\"https:\\\/\\\/schweizversand.ch\\\/fr\\\/boutique\\\/\"},{\"@type\":\"ListItem\",\"position\":3,\"name\":\"Couverture polaire Trespass SNUGGLES\"}]},{\"@type\":\"WebSite\",\"@id\":\"https:\\\/\\\/schweizversand.ch\\\/fr\\\/#website\",\"url\":\"https:\\\/\\\/schweizversand.ch\\\/fr\\\/\",\"name\":\"Schweizer Shop f\u00fcr Sport, Spiel und Freizeit\",\"description\":\"Gratisversand ab 50.- (netto), ab eigenem schweizer Lager, Lieferung innert 48h\",\"publisher\":{\"@id\":\"https:\\\/\\\/schweizversand.ch\\\/fr\\\/#organization\"},\"alternateName\":\"Schweizversand.ch\",\"potentialAction\":[{\"@type\":\"SearchAction\",\"target\":{\"@type\":\"EntryPoint\",\"urlTemplate\":\"https:\\\/\\\/schweizversand.ch\\\/fr\\\/?s={search_term_string}\"},\"query-input\":{\"@type\":\"PropertyValueSpecification\",\"valueRequired\":true,\"valueName\":\"search_term_string\"}}],\"inLanguage\":\"fr-FR\"},{\"@type\":\"Organization\",\"@id\":\"https:\\\/\\\/schweizversand.ch\\\/fr\\\/#organization\",\"name\":\"Schweizversand.ch\",\"url\":\"https:\\\/\\\/schweizversand.ch\\\/fr\\\/\",\"logo\":{\"@type\":\"ImageObject\",\"inLanguage\":\"fr-FR\",\"@id\":\"https:\\\/\\\/schweizversand.ch\\\/fr\\\/#\\\/schema\\\/logo\\\/image\\\/\",\"url\":\"https:\\\/\\\/schweizversand.ch\\\/wp-content\\\/uploads\\\/2026\\\/03\\\/Logo_Rund_Final-1.png\",\"contentUrl\":\"https:\\\/\\\/schweizversand.ch\\\/wp-content\\\/uploads\\\/2026\\\/03\\\/Logo_Rund_Final-1.png\",\"width\":404,\"height\":404,\"caption\":\"Schweizversand.ch\"},\"image\":{\"@id\":\"https:\\\/\\\/schweizversand.ch\\\/fr\\\/#\\\/schema\\\/logo\\\/image\\\/\"},\"sameAs\":[\"https:\\\/\\\/www.facebook.com\\\/Schweizversand\",\"https:\\\/\\\/www.instagram.com\\\/schweizversand.ch\\\/\"]}]}<\/script>\n<!-- \/ Yoast SEO plugin. -->","yoast_head_json":{"title":"Trespass SNUGGLES - Fleece Decke","description":"Die Trespass Fleecedecke - Ihre ideale Begleitung f\u00fcr W\u00e4rme und Komfort unterwegs!\u00a0 Die Trespass Fleecedecke ist eine vielseitige Decke, die f\u00fcr zahlreiche Sit","robots":{"index":"index","follow":"follow","max-snippet":"max-snippet:-1","max-image-preview":"max-image-preview:large","max-video-preview":"max-video-preview:-1"},"canonical":"https:\/\/schweizversand.ch\/fr\/produkt\/trespass-snuggles-fleece-decke-4\/","og_locale":"fr_FR","og_type":"article","og_title":"Trespass SNUGGLES - Fleece Decke","og_description":"Die Trespass Fleecedecke - Ihre ideale Begleitung f\u00fcr W\u00e4rme und Komfort unterwegs!\u00a0 Die Trespass Fleecedecke ist eine vielseitige Decke, die f\u00fcr zahlreiche Sit","og_url":"https:\/\/schweizversand.ch\/fr\/produkt\/trespass-snuggles-fleece-decke-4\/","og_site_name":"Schweizer Shop f\u00fcr Sport, Spiel und Freizeit","article_publisher":"https:\/\/www.facebook.com\/Schweizversand","article_modified_time":"2026-04-09T13:34:00+00:00","og_image":[{"width":1024,"height":1024,"url":"https:\/\/schweizversand.ch\/wp-content\/uploads\/2026\/03\/5471594081.jpg","type":"image\/jpeg"}],"twitter_card":"summary_large_image","twitter_misc":{"Dur\u00e9e de lecture estim\u00e9e":"1 minute"},"schema":{"@context":"https:\/\/schema.org","@graph":[{"@type":"WebPage","@id":"https:\/\/schweizversand.ch\/fr\/produkt\/trespass-snuggles-fleece-decke-4\/","url":"https:\/\/schweizversand.ch\/fr\/produkt\/trespass-snuggles-fleece-decke-4\/","name":"Trespass SNUGGLES - Fleece Decke","isPartOf":{"@id":"https:\/\/schweizversand.ch\/fr\/#website"},"primaryImageOfPage":{"@id":"https:\/\/schweizversand.ch\/fr\/produkt\/trespass-snuggles-fleece-decke-4\/#primaryimage"},"image":{"@id":"https:\/\/schweizversand.ch\/fr\/produkt\/trespass-snuggles-fleece-decke-4\/#primaryimage"},"thumbnailUrl":"https:\/\/schweizversand.ch\/wp-content\/uploads\/2026\/03\/5471594081.jpg","datePublished":"2026-03-20T01:00:37+00:00","dateModified":"2026-04-09T13:34:00+00:00","description":"Die Trespass Fleecedecke - Ihre ideale Begleitung f\u00fcr W\u00e4rme und Komfort unterwegs!\u00a0 Die Trespass Fleecedecke ist eine vielseitige Decke, die f\u00fcr zahlreiche Sit","breadcrumb":{"@id":"https:\/\/schweizversand.ch\/fr\/produkt\/trespass-snuggles-fleece-decke-4\/#breadcrumb"},"inLanguage":"fr-FR","potentialAction":[{"@type":"ReadAction","target":["https:\/\/schweizversand.ch\/fr\/produkt\/trespass-snuggles-fleece-decke-4\/"]}]},{"@type":"ImageObject","inLanguage":"fr-FR","@id":"https:\/\/schweizversand.ch\/fr\/produkt\/trespass-snuggles-fleece-decke-4\/#primaryimage","url":"https:\/\/schweizversand.ch\/wp-content\/uploads\/2026\/03\/5471594081.jpg","contentUrl":"https:\/\/schweizversand.ch\/wp-content\/uploads\/2026\/03\/5471594081.jpg","width":1024,"height":1024},{"@type":"BreadcrumbList","@id":"https:\/\/schweizversand.ch\/fr\/produkt\/trespass-snuggles-fleece-decke-4\/#breadcrumb","itemListElement":[{"@type":"ListItem","position":1,"name":"Startseite","item":"https:\/\/schweizversand.ch\/fr\/"},{"@type":"ListItem","position":2,"name":"Boutique","item":"https:\/\/schweizversand.ch\/fr\/boutique\/"},{"@type":"ListItem","position":3,"name":"Couverture polaire Trespass SNUGGLES"}]},{"@type":"WebSite","@id":"https:\/\/schweizversand.ch\/fr\/#website","url":"https:\/\/schweizversand.ch\/fr\/","name":"Schweizer Shop f\u00fcr Sport, Spiel und Freizeit","description":"Gratisversand ab 50.- (netto), ab eigenem schweizer Lager, Lieferung innert 48h","publisher":{"@id":"https:\/\/schweizversand.ch\/fr\/#organization"},"alternateName":"Schweizversand.ch","potentialAction":[{"@type":"SearchAction","target":{"@type":"EntryPoint","urlTemplate":"https:\/\/schweizversand.ch\/fr\/?s={search_term_string}"},"query-input":{"@type":"PropertyValueSpecification","valueRequired":true,"valueName":"search_term_string"}}],"inLanguage":"fr-FR"},{"@type":"Organization","@id":"https:\/\/schweizversand.ch\/fr\/#organization","name":"Schweizversand.ch","url":"https:\/\/schweizversand.ch\/fr\/","logo":{"@type":"ImageObject","inLanguage":"fr-FR","@id":"https:\/\/schweizversand.ch\/fr\/#\/schema\/logo\/image\/","url":"https:\/\/schweizversand.ch\/wp-content\/uploads\/2026\/03\/Logo_Rund_Final-1.png","contentUrl":"https:\/\/schweizversand.ch\/wp-content\/uploads\/2026\/03\/Logo_Rund_Final-1.png","width":404,"height":404,"caption":"Schweizversand.ch"},"image":{"@id":"https:\/\/schweizversand.ch\/fr\/#\/schema\/logo\/image\/"},"sameAs":["https:\/\/www.facebook.com\/Schweizversand","https:\/\/www.instagram.com\/schweizversand.ch\/"]}]}},"jetpack_sharing_enabled":true,"_links":{"self":[{"href":"https:\/\/schweizversand.ch\/fr\/wp-json\/wp\/v2\/product\/259811","targetHints":{"allow":["GET"]}}],"collection":[{"href":"https:\/\/schweizversand.ch\/fr\/wp-json\/wp\/v2\/product"}],"about":[{"href":"https:\/\/schweizversand.ch\/fr\/wp-json\/wp\/v2\/types\/product"}],"replies":[{"embeddable":true,"href":"https:\/\/schweizversand.ch\/fr\/wp-json\/wp\/v2\/comments?post=259811"}],"wp:featuredmedia":[{"embeddable":true,"href":"https:\/\/schweizversand.ch\/fr\/wp-json\/wp\/v2\/media\/258019"}],"wp:attachment":[{"href":"https:\/\/schweizversand.ch\/fr\/wp-json\/wp\/v2\/media?parent=259811"}],"wp:term":[{"taxonomy":"product_brand","embeddable":true,"href":"https:\/\/schweizversand.ch\/fr\/wp-json\/wp\/v2\/product_brand?post=259811"},{"taxonomy":"product_cat","embeddable":true,"href":"https:\/\/schweizversand.ch\/fr\/wp-json\/wp\/v2\/product_cat?post=259811"},{"taxonomy":"product_tag","embeddable":true,"href":"https:\/\/schweizversand.ch\/fr\/wp-json\/wp\/v2\/product_tag?post=259811"}],"curies":[{"name":"wp","href":"https:\/\/api.w.org\/{rel}","templated":true}]}}