{"id":259812,"date":"2026-03-15T00:55:44","date_gmt":"2026-03-14T23:55:44","guid":{"rendered":"https:\/\/schweizversand.ch\/produkt\/trespass-snuggles-fleece-decke-2\/"},"modified":"2026-04-20T02:03:48","modified_gmt":"2026-04-20T00:03:48","slug":"trespass-snuggles-fleece-decke-2","status":"publish","type":"product","link":"https:\/\/schweizversand.ch\/fr\/produkt\/trespass-snuggles-fleece-decke-2\/","title":{"rendered":"Couverture polaire Trespass SNUGGLES"},"content":{"rendered":"<h1><strong>Couverture polaire Trespass \u2013 120 x 180 cm<\/strong><\/h1>\n<div>La couverture polaire Trespass est votre alli\u00e9e indispensable pour rester au chaud et confortablement install\u00e9(e) o\u00f9 que vos voyages vous m\u00e8nent. Cette couverture de voyage polyvalente allie l\u00e9g\u00e8ret\u00e9 et confort optimal et est id\u00e9ale pour tous ceux qui ne veulent faire aucun compromis sur leur confort en d\u00e9placement.<\/p>\n<\/div>\n<div><strong>Id\u00e9ale pour les activit\u00e9s de plein air et les voyages<\/strong><br \/>Que ce soit lors de longs trajets en voiture, de pique-niques ou comme couverture de camping, cette couverture vous offre une chaleur fiable. Gr\u00e2ce \u00e0 sa conception compacte et enroulable, la couverture polaire l\u00e9g\u00e8re se range facilement, ce qui en fait le compagnon de voyage id\u00e9al en toutes circonstances.<\/p>\n<\/div>\n<div><strong>Mati\u00e8re et confort<\/strong><br \/>La couverture est fabriqu\u00e9e en 100 % polyester et poss\u00e8de une polaire particuli\u00e8rement douce au toucher. Ce mat\u00e9riau est doux au toucher et procure un confort imm\u00e9diat. La polaire est \u00e9galement isolante et chaude, ce qui en fait la couverture id\u00e9ale pour les activit\u00e9s ext\u00e9rieures lorsque les temp\u00e9ratures baissent.<\/p>\n<\/div>\n<div><strong>Caract\u00e9ristiques et dimensions du produit<\/strong><br \/>&#8211; Dimensions\u00a0: 120 x 180\u00a0cm<br \/>&#8211; Mati\u00e8re\u00a0: 100\u00a0% polyester (polaire douce au toucher)<br \/>&#8211; Caract\u00e9ristiques\u00a0: L\u00e9g\u00e8re, pliable et isolante<br \/>&#8211; Entretien\u00a0: Durable et facile \u00e0 nettoyer<\/p>\n<\/div>\n<div>Procurez-vous d\u00e8s maintenant votre couverture Trespass et profitez d\u2019un confort et d\u2019une chaleur exceptionnels en voyage, en camping ou simplement pour vous d\u00e9tendre sur le canap\u00e9. Cette couverture en polaire est la solution pratique et douillette id\u00e9ale pour tous vos besoins.<\/p>\n<\/div>\n<div><\/div>\n","protected":false},"excerpt":{"rendered":"<p>Trespass SNUGGLES &#8211; Fleece Decke bietet leichte W\u00e4rme und weichen Komfort auf Reisen. Kompakt, kuschelig und ideal f\u00fcr Outdoor, Camping oder gem\u00fctliche Momente unterwegs.<\/p>\n","protected":false},"featured_media":166937,"comment_status":"open","ping_status":"closed","template":"","meta":[],"product_brand":[],"product_cat":[38157],"product_tag":[],"class_list":{"0":"post-259812","1":"product","2":"type-product","3":"status-publish","4":"has-post-thumbnail","6":"product_cat-wohntextilien-teppiche","7":"product_shipping_class-global_methods","9":"first","10":"instock","11":"taxable","12":"shipping-taxable","13":"purchasable","14":"product-type-simple"},"yoast_head":"<!-- This site is optimized with the Yoast SEO plugin v27.4 - https:\/\/yoast.com\/product\/yoast-seo-wordpress\/ -->\n<title>Trespass SNUGGLES - Fleece Decke<\/title>\n<meta name=\"description\" content=\"Trespass Fleecedecke \u2013 120x180 cm Die Trespass Fleecedecke ist Ihr unverzichtbarer Begleiter f\u00fcr W\u00e4rme und Gem\u00fctlichkeit, egal wohin die Reise geht. Diese viels\" \/>\n<meta name=\"robots\" content=\"index, follow, max-snippet:-1, max-image-preview:large, max-video-preview:-1\" \/>\n<link rel=\"canonical\" href=\"https:\/\/schweizversand.ch\/fr\/produkt\/trespass-snuggles-fleece-decke-2\/\" \/>\n<meta property=\"og:locale\" content=\"fr_FR\" \/>\n<meta property=\"og:type\" content=\"article\" \/>\n<meta property=\"og:title\" content=\"Trespass SNUGGLES - Fleece Decke\" \/>\n<meta property=\"og:description\" content=\"Trespass Fleecedecke \u2013 120x180 cm Die Trespass Fleecedecke ist Ihr unverzichtbarer Begleiter f\u00fcr W\u00e4rme und Gem\u00fctlichkeit, egal wohin die Reise geht. Diese viels\" \/>\n<meta property=\"og:url\" content=\"https:\/\/schweizversand.ch\/fr\/produkt\/trespass-snuggles-fleece-decke-2\/\" \/>\n<meta property=\"og:site_name\" content=\"Schweizer Shop f\u00fcr Sport, Spiel und Freizeit\" \/>\n<meta property=\"article:publisher\" content=\"https:\/\/www.facebook.com\/Schweizversand\" \/>\n<meta property=\"article:modified_time\" content=\"2026-04-20T00:03:48+00:00\" \/>\n<meta property=\"og:image\" content=\"https:\/\/schweizversand.ch\/wp-content\/uploads\/2026\/02\/5594858034.jpg\" \/>\n\t<meta property=\"og:image:width\" content=\"1024\" \/>\n\t<meta property=\"og:image:height\" content=\"1024\" \/>\n\t<meta property=\"og:image:type\" content=\"image\/jpeg\" \/>\n<meta name=\"twitter:card\" content=\"summary_large_image\" \/>\n<meta name=\"twitter:label1\" content=\"Dur\u00e9e de lecture estim\u00e9e\" \/>\n\t<meta name=\"twitter:data1\" content=\"1 minute\" \/>\n<script type=\"application\/ld+json\" class=\"yoast-schema-graph\">{\"@context\":\"https:\\\/\\\/schema.org\",\"@graph\":[{\"@type\":\"WebPage\",\"@id\":\"https:\\\/\\\/schweizversand.ch\\\/fr\\\/produkt\\\/trespass-snuggles-fleece-decke-2\\\/\",\"url\":\"https:\\\/\\\/schweizversand.ch\\\/fr\\\/produkt\\\/trespass-snuggles-fleece-decke-2\\\/\",\"name\":\"Trespass SNUGGLES - Fleece Decke\",\"isPartOf\":{\"@id\":\"https:\\\/\\\/schweizversand.ch\\\/fr\\\/#website\"},\"primaryImageOfPage\":{\"@id\":\"https:\\\/\\\/schweizversand.ch\\\/fr\\\/produkt\\\/trespass-snuggles-fleece-decke-2\\\/#primaryimage\"},\"image\":{\"@id\":\"https:\\\/\\\/schweizversand.ch\\\/fr\\\/produkt\\\/trespass-snuggles-fleece-decke-2\\\/#primaryimage\"},\"thumbnailUrl\":\"https:\\\/\\\/schweizversand.ch\\\/wp-content\\\/uploads\\\/2026\\\/02\\\/5594858034.jpg\",\"datePublished\":\"2026-03-14T23:55:44+00:00\",\"dateModified\":\"2026-04-20T00:03:48+00:00\",\"description\":\"Trespass Fleecedecke \u2013 120x180 cm Die Trespass Fleecedecke ist Ihr unverzichtbarer Begleiter f\u00fcr W\u00e4rme und Gem\u00fctlichkeit, egal wohin die Reise geht. Diese viels\",\"breadcrumb\":{\"@id\":\"https:\\\/\\\/schweizversand.ch\\\/fr\\\/produkt\\\/trespass-snuggles-fleece-decke-2\\\/#breadcrumb\"},\"inLanguage\":\"fr-FR\",\"potentialAction\":[{\"@type\":\"ReadAction\",\"target\":[\"https:\\\/\\\/schweizversand.ch\\\/fr\\\/produkt\\\/trespass-snuggles-fleece-decke-2\\\/\"]}]},{\"@type\":\"ImageObject\",\"inLanguage\":\"fr-FR\",\"@id\":\"https:\\\/\\\/schweizversand.ch\\\/fr\\\/produkt\\\/trespass-snuggles-fleece-decke-2\\\/#primaryimage\",\"url\":\"https:\\\/\\\/schweizversand.ch\\\/wp-content\\\/uploads\\\/2026\\\/02\\\/5594858034.jpg\",\"contentUrl\":\"https:\\\/\\\/schweizversand.ch\\\/wp-content\\\/uploads\\\/2026\\\/02\\\/5594858034.jpg\",\"width\":1024,\"height\":1024},{\"@type\":\"BreadcrumbList\",\"@id\":\"https:\\\/\\\/schweizversand.ch\\\/fr\\\/produkt\\\/trespass-snuggles-fleece-decke-2\\\/#breadcrumb\",\"itemListElement\":[{\"@type\":\"ListItem\",\"position\":1,\"name\":\"Startseite\",\"item\":\"https:\\\/\\\/schweizversand.ch\\\/fr\\\/home\\\/\"},{\"@type\":\"ListItem\",\"position\":2,\"name\":\"Boutique\",\"item\":\"https:\\\/\\\/schweizversand.ch\\\/fr\\\/boutique\\\/\"},{\"@type\":\"ListItem\",\"position\":3,\"name\":\"Accueil\",\"item\":\"https:\\\/\\\/schweizversand.ch\\\/fr\\\/produkt-kategorie\\\/accueil\\\/\"},{\"@type\":\"ListItem\",\"position\":4,\"name\":\"Linge de maison\",\"item\":\"https:\\\/\\\/schweizversand.ch\\\/fr\\\/produkt-kategorie\\\/accueil\\\/textiles-de-maison\\\/\"},{\"@type\":\"ListItem\",\"position\":5,\"name\":\"Textiles et tapis de maison\",\"item\":\"https:\\\/\\\/schweizversand.ch\\\/fr\\\/produkt-kategorie\\\/accueil\\\/textiles-de-maison\\\/wohntextilien-teppiche\\\/\"},{\"@type\":\"ListItem\",\"position\":6,\"name\":\"Couverture polaire Trespass SNUGGLES\"}]},{\"@type\":\"WebSite\",\"@id\":\"https:\\\/\\\/schweizversand.ch\\\/fr\\\/#website\",\"url\":\"https:\\\/\\\/schweizversand.ch\\\/fr\\\/\",\"name\":\"Schweizer Shop f\u00fcr Sport, Spiel und Freizeit\",\"description\":\"Gratisversand ab 50.- (netto), ab eigenem schweizer Lager, Lieferung innert 48h\",\"publisher\":{\"@id\":\"https:\\\/\\\/schweizversand.ch\\\/fr\\\/#organization\"},\"alternateName\":\"Schweizversand.ch\",\"potentialAction\":[{\"@type\":\"SearchAction\",\"target\":{\"@type\":\"EntryPoint\",\"urlTemplate\":\"https:\\\/\\\/schweizversand.ch\\\/fr\\\/?s={search_term_string}\"},\"query-input\":{\"@type\":\"PropertyValueSpecification\",\"valueRequired\":true,\"valueName\":\"search_term_string\"}}],\"inLanguage\":\"fr-FR\"},{\"@type\":\"Organization\",\"@id\":\"https:\\\/\\\/schweizversand.ch\\\/fr\\\/#organization\",\"name\":\"Schweizversand.ch\",\"url\":\"https:\\\/\\\/schweizversand.ch\\\/fr\\\/\",\"logo\":{\"@type\":\"ImageObject\",\"inLanguage\":\"fr-FR\",\"@id\":\"https:\\\/\\\/schweizversand.ch\\\/fr\\\/#\\\/schema\\\/logo\\\/image\\\/\",\"url\":\"https:\\\/\\\/schweizversand.ch\\\/wp-content\\\/uploads\\\/2026\\\/03\\\/Logo_Rund_Final-1.png\",\"contentUrl\":\"https:\\\/\\\/schweizversand.ch\\\/wp-content\\\/uploads\\\/2026\\\/03\\\/Logo_Rund_Final-1.png\",\"width\":404,\"height\":404,\"caption\":\"Schweizversand.ch\"},\"image\":{\"@id\":\"https:\\\/\\\/schweizversand.ch\\\/fr\\\/#\\\/schema\\\/logo\\\/image\\\/\"},\"sameAs\":[\"https:\\\/\\\/www.facebook.com\\\/Schweizversand\",\"https:\\\/\\\/www.instagram.com\\\/schweizversand.ch\\\/\"]}]}<\/script>\n<!-- \/ Yoast SEO plugin. -->","yoast_head_json":{"title":"Trespass SNUGGLES - Fleece Decke","description":"Trespass Fleecedecke \u2013 120x180 cm Die Trespass Fleecedecke ist Ihr unverzichtbarer Begleiter f\u00fcr W\u00e4rme und Gem\u00fctlichkeit, egal wohin die Reise geht. Diese viels","robots":{"index":"index","follow":"follow","max-snippet":"max-snippet:-1","max-image-preview":"max-image-preview:large","max-video-preview":"max-video-preview:-1"},"canonical":"https:\/\/schweizversand.ch\/fr\/produkt\/trespass-snuggles-fleece-decke-2\/","og_locale":"fr_FR","og_type":"article","og_title":"Trespass SNUGGLES - Fleece Decke","og_description":"Trespass Fleecedecke \u2013 120x180 cm Die Trespass Fleecedecke ist Ihr unverzichtbarer Begleiter f\u00fcr W\u00e4rme und Gem\u00fctlichkeit, egal wohin die Reise geht. Diese viels","og_url":"https:\/\/schweizversand.ch\/fr\/produkt\/trespass-snuggles-fleece-decke-2\/","og_site_name":"Schweizer Shop f\u00fcr Sport, Spiel und Freizeit","article_publisher":"https:\/\/www.facebook.com\/Schweizversand","article_modified_time":"2026-04-20T00:03:48+00:00","og_image":[{"width":1024,"height":1024,"url":"https:\/\/schweizversand.ch\/wp-content\/uploads\/2026\/02\/5594858034.jpg","type":"image\/jpeg"}],"twitter_card":"summary_large_image","twitter_misc":{"Dur\u00e9e de lecture estim\u00e9e":"1 minute"},"schema":{"@context":"https:\/\/schema.org","@graph":[{"@type":"WebPage","@id":"https:\/\/schweizversand.ch\/fr\/produkt\/trespass-snuggles-fleece-decke-2\/","url":"https:\/\/schweizversand.ch\/fr\/produkt\/trespass-snuggles-fleece-decke-2\/","name":"Trespass SNUGGLES - Fleece Decke","isPartOf":{"@id":"https:\/\/schweizversand.ch\/fr\/#website"},"primaryImageOfPage":{"@id":"https:\/\/schweizversand.ch\/fr\/produkt\/trespass-snuggles-fleece-decke-2\/#primaryimage"},"image":{"@id":"https:\/\/schweizversand.ch\/fr\/produkt\/trespass-snuggles-fleece-decke-2\/#primaryimage"},"thumbnailUrl":"https:\/\/schweizversand.ch\/wp-content\/uploads\/2026\/02\/5594858034.jpg","datePublished":"2026-03-14T23:55:44+00:00","dateModified":"2026-04-20T00:03:48+00:00","description":"Trespass Fleecedecke \u2013 120x180 cm Die Trespass Fleecedecke ist Ihr unverzichtbarer Begleiter f\u00fcr W\u00e4rme und Gem\u00fctlichkeit, egal wohin die Reise geht. Diese viels","breadcrumb":{"@id":"https:\/\/schweizversand.ch\/fr\/produkt\/trespass-snuggles-fleece-decke-2\/#breadcrumb"},"inLanguage":"fr-FR","potentialAction":[{"@type":"ReadAction","target":["https:\/\/schweizversand.ch\/fr\/produkt\/trespass-snuggles-fleece-decke-2\/"]}]},{"@type":"ImageObject","inLanguage":"fr-FR","@id":"https:\/\/schweizversand.ch\/fr\/produkt\/trespass-snuggles-fleece-decke-2\/#primaryimage","url":"https:\/\/schweizversand.ch\/wp-content\/uploads\/2026\/02\/5594858034.jpg","contentUrl":"https:\/\/schweizversand.ch\/wp-content\/uploads\/2026\/02\/5594858034.jpg","width":1024,"height":1024},{"@type":"BreadcrumbList","@id":"https:\/\/schweizversand.ch\/fr\/produkt\/trespass-snuggles-fleece-decke-2\/#breadcrumb","itemListElement":[{"@type":"ListItem","position":1,"name":"Startseite","item":"https:\/\/schweizversand.ch\/fr\/home\/"},{"@type":"ListItem","position":2,"name":"Boutique","item":"https:\/\/schweizversand.ch\/fr\/boutique\/"},{"@type":"ListItem","position":3,"name":"Accueil","item":"https:\/\/schweizversand.ch\/fr\/produkt-kategorie\/accueil\/"},{"@type":"ListItem","position":4,"name":"Linge de maison","item":"https:\/\/schweizversand.ch\/fr\/produkt-kategorie\/accueil\/textiles-de-maison\/"},{"@type":"ListItem","position":5,"name":"Textiles et tapis de maison","item":"https:\/\/schweizversand.ch\/fr\/produkt-kategorie\/accueil\/textiles-de-maison\/wohntextilien-teppiche\/"},{"@type":"ListItem","position":6,"name":"Couverture polaire Trespass SNUGGLES"}]},{"@type":"WebSite","@id":"https:\/\/schweizversand.ch\/fr\/#website","url":"https:\/\/schweizversand.ch\/fr\/","name":"Schweizer Shop f\u00fcr Sport, Spiel und Freizeit","description":"Gratisversand ab 50.- (netto), ab eigenem schweizer Lager, Lieferung innert 48h","publisher":{"@id":"https:\/\/schweizversand.ch\/fr\/#organization"},"alternateName":"Schweizversand.ch","potentialAction":[{"@type":"SearchAction","target":{"@type":"EntryPoint","urlTemplate":"https:\/\/schweizversand.ch\/fr\/?s={search_term_string}"},"query-input":{"@type":"PropertyValueSpecification","valueRequired":true,"valueName":"search_term_string"}}],"inLanguage":"fr-FR"},{"@type":"Organization","@id":"https:\/\/schweizversand.ch\/fr\/#organization","name":"Schweizversand.ch","url":"https:\/\/schweizversand.ch\/fr\/","logo":{"@type":"ImageObject","inLanguage":"fr-FR","@id":"https:\/\/schweizversand.ch\/fr\/#\/schema\/logo\/image\/","url":"https:\/\/schweizversand.ch\/wp-content\/uploads\/2026\/03\/Logo_Rund_Final-1.png","contentUrl":"https:\/\/schweizversand.ch\/wp-content\/uploads\/2026\/03\/Logo_Rund_Final-1.png","width":404,"height":404,"caption":"Schweizversand.ch"},"image":{"@id":"https:\/\/schweizversand.ch\/fr\/#\/schema\/logo\/image\/"},"sameAs":["https:\/\/www.facebook.com\/Schweizversand","https:\/\/www.instagram.com\/schweizversand.ch\/"]}]}},"jetpack_sharing_enabled":true,"_links":{"self":[{"href":"https:\/\/schweizversand.ch\/fr\/wp-json\/wp\/v2\/product\/259812","targetHints":{"allow":["GET"]}}],"collection":[{"href":"https:\/\/schweizversand.ch\/fr\/wp-json\/wp\/v2\/product"}],"about":[{"href":"https:\/\/schweizversand.ch\/fr\/wp-json\/wp\/v2\/types\/product"}],"replies":[{"embeddable":true,"href":"https:\/\/schweizversand.ch\/fr\/wp-json\/wp\/v2\/comments?post=259812"}],"wp:featuredmedia":[{"embeddable":true,"href":"https:\/\/schweizversand.ch\/fr\/wp-json\/wp\/v2\/media\/166937"}],"wp:attachment":[{"href":"https:\/\/schweizversand.ch\/fr\/wp-json\/wp\/v2\/media?parent=259812"}],"wp:term":[{"taxonomy":"product_brand","embeddable":true,"href":"https:\/\/schweizversand.ch\/fr\/wp-json\/wp\/v2\/product_brand?post=259812"},{"taxonomy":"product_cat","embeddable":true,"href":"https:\/\/schweizversand.ch\/fr\/wp-json\/wp\/v2\/product_cat?post=259812"},{"taxonomy":"product_tag","embeddable":true,"href":"https:\/\/schweizversand.ch\/fr\/wp-json\/wp\/v2\/product_tag?post=259812"}],"curies":[{"name":"wp","href":"https:\/\/api.w.org\/{rel}","templated":true}]}}