{"id":259819,"date":"2026-03-15T00:55:45","date_gmt":"2026-03-14T23:55:45","guid":{"rendered":"https:\/\/schweizversand.ch\/produkt\/trespass-qikpac-jacket-kinder-regenjacke-unisex\/"},"modified":"2026-04-19T15:35:22","modified_gmt":"2026-04-19T13:35:22","slug":"trespass-qikpac-jacket-kinder-regenjacke-unisex","status":"publish","type":"product","link":"https:\/\/schweizversand.ch\/fr\/produkt\/trespass-qikpac-jacket-kinder-regenjacke-unisex\/","title":{"rendered":"Veste imperm\u00e9able Trespass QIKPAC &#8211; Veste imperm\u00e9able unisexe pour enfants"},"content":{"rendered":"<p>La veste QIKPAK est une veste de pluie minimaliste pour enfants, con\u00e7ue pour une fonctionnalit\u00e9 optimale. Notre technologie Tres-Tex imperm\u00e9able, coupe-vent et respirante utilise des couches ext\u00e9rieures souples et fonctionnelles avec des traitements de surface d\u00e9perlants qui, associ\u00e9s aux couches int\u00e9rieures, \u00e9vacuent efficacement l&rsquo;humidit\u00e9. La QIKPAK r\u00e9siste ainsi \u00e0 une colonne d&rsquo;eau de 5\u00a0000 mm et offre une respirabilit\u00e9 de 5\u00a0000 g\/m\u00b2\/24 h. Elle est \u00e9galement dot\u00e9e de deux poches, permettant de ranger tout le n\u00e9cessaire pour la randonn\u00e9e, le v\u00e9lo ou le trajet \u00e0 pied jusqu&rsquo;\u00e0 l&rsquo;\u00e9cole. Et d\u00e8s que le soleil pointe le bout de son nez, la QIKPAK se range facilement dans son sac en filet inclus\u00a0!<\/p>\n<\/p>\n<p>&#8211; Veste de pluie compacte et enroulable<\/p>\n<\/p>\n<p>&#8211; Imperm\u00e9abilit\u00e9 jusqu&rsquo;\u00e0 5\u00a0000 mm<\/p>\n<\/p>\n<p>&#8211; Respirabilit\u00e9 jusqu&rsquo;\u00e0 5\u00a0000 g\/m\u00b2\/24 h<\/p>\n<\/p>\n<p>&#8211; Coutures \u00e9tanches et coupe-vent<\/p>\n<\/p>\n<p>&#8211; 2 poches zipp\u00e9es<\/p>\n<\/p>\n<p>&#8211; 100\u00a0% polyamide<\/p>\n","protected":false},"excerpt":{"rendered":"<p>Trespass QIKPAC JACKET sch\u00fctzt Kinder zuverl\u00e4ssig vor Regen und Wind. Wasserdicht, atmungsaktiv und kompakt verstaubar \u2013 ideal f\u00fcr Schule, Freizeit und Abenteuer.<\/p>\n","protected":false},"featured_media":160718,"comment_status":"open","ping_status":"closed","template":"","meta":[],"product_brand":[],"product_cat":[38521],"product_tag":[],"class_list":{"0":"post-259819","1":"product","2":"type-product","3":"status-publish","4":"has-post-thumbnail","6":"product_cat-outdoorbekleidung","7":"product_shipping_class-global_methods","9":"first","10":"instock","11":"taxable","12":"shipping-taxable","13":"purchasable","14":"product-type-simple"},"yoast_head":"<!-- This site is optimized with the Yoast SEO plugin v27.4 - https:\/\/yoast.com\/product\/yoast-seo-wordpress\/ -->\n<title>Trespass QIKPAC JACKET - Kinder Regenjacke unisex<\/title>\n<meta name=\"description\" content=\"QIKPAK JACKET ist eine minimale Regenjacke f\u00fcr Kinder, die pur auf Funktion gedrillt ist. Unsere wasserdichte, winddichte und atmungsaktive Tres-Tex Technologie\" \/>\n<meta name=\"robots\" content=\"index, follow, max-snippet:-1, max-image-preview:large, max-video-preview:-1\" \/>\n<link rel=\"canonical\" href=\"https:\/\/schweizversand.ch\/fr\/produkt\/trespass-qikpac-jacket-kinder-regenjacke-unisex\/\" \/>\n<meta property=\"og:locale\" content=\"fr_FR\" \/>\n<meta property=\"og:type\" content=\"article\" \/>\n<meta property=\"og:title\" content=\"Trespass QIKPAC JACKET - Kinder Regenjacke unisex\" \/>\n<meta property=\"og:description\" content=\"QIKPAK JACKET ist eine minimale Regenjacke f\u00fcr Kinder, die pur auf Funktion gedrillt ist. Unsere wasserdichte, winddichte und atmungsaktive Tres-Tex Technologie\" \/>\n<meta property=\"og:url\" content=\"https:\/\/schweizversand.ch\/fr\/produkt\/trespass-qikpac-jacket-kinder-regenjacke-unisex\/\" \/>\n<meta property=\"og:site_name\" content=\"Schweizer Shop f\u00fcr Sport, Spiel und Freizeit\" \/>\n<meta property=\"article:publisher\" content=\"https:\/\/www.facebook.com\/Schweizversand\" \/>\n<meta property=\"article:modified_time\" content=\"2026-04-19T13:35:22+00:00\" \/>\n<meta property=\"og:image\" content=\"https:\/\/schweizversand.ch\/wp-content\/uploads\/2026\/02\/5471492665.jpg\" \/>\n\t<meta property=\"og:image:width\" content=\"1024\" \/>\n\t<meta property=\"og:image:height\" content=\"1024\" \/>\n\t<meta property=\"og:image:type\" content=\"image\/jpeg\" \/>\n<meta name=\"twitter:card\" content=\"summary_large_image\" \/>\n<meta name=\"twitter:label1\" content=\"Dur\u00e9e de lecture estim\u00e9e\" \/>\n\t<meta name=\"twitter:data1\" content=\"1 minute\" \/>\n<script type=\"application\/ld+json\" class=\"yoast-schema-graph\">{\"@context\":\"https:\\\/\\\/schema.org\",\"@graph\":[{\"@type\":\"WebPage\",\"@id\":\"https:\\\/\\\/schweizversand.ch\\\/fr\\\/produkt\\\/trespass-qikpac-jacket-kinder-regenjacke-unisex\\\/\",\"url\":\"https:\\\/\\\/schweizversand.ch\\\/fr\\\/produkt\\\/trespass-qikpac-jacket-kinder-regenjacke-unisex\\\/\",\"name\":\"Trespass QIKPAC JACKET - Kinder Regenjacke unisex\",\"isPartOf\":{\"@id\":\"https:\\\/\\\/schweizversand.ch\\\/fr\\\/#website\"},\"primaryImageOfPage\":{\"@id\":\"https:\\\/\\\/schweizversand.ch\\\/fr\\\/produkt\\\/trespass-qikpac-jacket-kinder-regenjacke-unisex\\\/#primaryimage\"},\"image\":{\"@id\":\"https:\\\/\\\/schweizversand.ch\\\/fr\\\/produkt\\\/trespass-qikpac-jacket-kinder-regenjacke-unisex\\\/#primaryimage\"},\"thumbnailUrl\":\"https:\\\/\\\/schweizversand.ch\\\/wp-content\\\/uploads\\\/2026\\\/02\\\/5471492665.jpg\",\"datePublished\":\"2026-03-14T23:55:45+00:00\",\"dateModified\":\"2026-04-19T13:35:22+00:00\",\"description\":\"QIKPAK JACKET ist eine minimale Regenjacke f\u00fcr Kinder, die pur auf Funktion gedrillt ist. Unsere wasserdichte, winddichte und atmungsaktive Tres-Tex Technologie\",\"breadcrumb\":{\"@id\":\"https:\\\/\\\/schweizversand.ch\\\/fr\\\/produkt\\\/trespass-qikpac-jacket-kinder-regenjacke-unisex\\\/#breadcrumb\"},\"inLanguage\":\"fr-FR\",\"potentialAction\":[{\"@type\":\"ReadAction\",\"target\":[\"https:\\\/\\\/schweizversand.ch\\\/fr\\\/produkt\\\/trespass-qikpac-jacket-kinder-regenjacke-unisex\\\/\"]}]},{\"@type\":\"ImageObject\",\"inLanguage\":\"fr-FR\",\"@id\":\"https:\\\/\\\/schweizversand.ch\\\/fr\\\/produkt\\\/trespass-qikpac-jacket-kinder-regenjacke-unisex\\\/#primaryimage\",\"url\":\"https:\\\/\\\/schweizversand.ch\\\/wp-content\\\/uploads\\\/2026\\\/02\\\/5471492665.jpg\",\"contentUrl\":\"https:\\\/\\\/schweizversand.ch\\\/wp-content\\\/uploads\\\/2026\\\/02\\\/5471492665.jpg\",\"width\":1024,\"height\":1024},{\"@type\":\"BreadcrumbList\",\"@id\":\"https:\\\/\\\/schweizversand.ch\\\/fr\\\/produkt\\\/trespass-qikpac-jacket-kinder-regenjacke-unisex\\\/#breadcrumb\",\"itemListElement\":[{\"@type\":\"ListItem\",\"position\":1,\"name\":\"Startseite\",\"item\":\"https:\\\/\\\/schweizversand.ch\\\/fr\\\/home\\\/\"},{\"@type\":\"ListItem\",\"position\":2,\"name\":\"Boutique\",\"item\":\"https:\\\/\\\/schweizversand.ch\\\/fr\\\/boutique\\\/\"},{\"@type\":\"ListItem\",\"position\":3,\"name\":\"Sports\",\"item\":\"https:\\\/\\\/schweizversand.ch\\\/fr\\\/produkt-kategorie\\\/sports\\\/\"},{\"@type\":\"ListItem\",\"position\":4,\"name\":\"Plein air\",\"item\":\"https:\\\/\\\/schweizversand.ch\\\/fr\\\/produkt-kategorie\\\/sports\\\/plein-air\\\/\"},{\"@type\":\"ListItem\",\"position\":5,\"name\":\"V\u00eatements de plein air\",\"item\":\"https:\\\/\\\/schweizversand.ch\\\/fr\\\/produkt-kategorie\\\/sports\\\/plein-air\\\/outdoorbekleidung\\\/\"},{\"@type\":\"ListItem\",\"position\":6,\"name\":\"Veste imperm\u00e9able Trespass QIKPAC &#8211; Veste imperm\u00e9able unisexe pour enfants\"}]},{\"@type\":\"WebSite\",\"@id\":\"https:\\\/\\\/schweizversand.ch\\\/fr\\\/#website\",\"url\":\"https:\\\/\\\/schweizversand.ch\\\/fr\\\/\",\"name\":\"Schweizer Shop f\u00fcr Sport, Spiel und Freizeit\",\"description\":\"Gratisversand ab 50.- (netto), ab eigenem schweizer Lager, Lieferung innert 48h\",\"publisher\":{\"@id\":\"https:\\\/\\\/schweizversand.ch\\\/fr\\\/#organization\"},\"alternateName\":\"Schweizversand.ch\",\"potentialAction\":[{\"@type\":\"SearchAction\",\"target\":{\"@type\":\"EntryPoint\",\"urlTemplate\":\"https:\\\/\\\/schweizversand.ch\\\/fr\\\/?s={search_term_string}\"},\"query-input\":{\"@type\":\"PropertyValueSpecification\",\"valueRequired\":true,\"valueName\":\"search_term_string\"}}],\"inLanguage\":\"fr-FR\"},{\"@type\":\"Organization\",\"@id\":\"https:\\\/\\\/schweizversand.ch\\\/fr\\\/#organization\",\"name\":\"Schweizversand.ch\",\"url\":\"https:\\\/\\\/schweizversand.ch\\\/fr\\\/\",\"logo\":{\"@type\":\"ImageObject\",\"inLanguage\":\"fr-FR\",\"@id\":\"https:\\\/\\\/schweizversand.ch\\\/fr\\\/#\\\/schema\\\/logo\\\/image\\\/\",\"url\":\"https:\\\/\\\/schweizversand.ch\\\/wp-content\\\/uploads\\\/2026\\\/03\\\/Logo_Rund_Final-1.png\",\"contentUrl\":\"https:\\\/\\\/schweizversand.ch\\\/wp-content\\\/uploads\\\/2026\\\/03\\\/Logo_Rund_Final-1.png\",\"width\":404,\"height\":404,\"caption\":\"Schweizversand.ch\"},\"image\":{\"@id\":\"https:\\\/\\\/schweizversand.ch\\\/fr\\\/#\\\/schema\\\/logo\\\/image\\\/\"},\"sameAs\":[\"https:\\\/\\\/www.facebook.com\\\/Schweizversand\",\"https:\\\/\\\/www.instagram.com\\\/schweizversand.ch\\\/\"]}]}<\/script>\n<!-- \/ Yoast SEO plugin. -->","yoast_head_json":{"title":"Trespass QIKPAC JACKET - Kinder Regenjacke unisex","description":"QIKPAK JACKET ist eine minimale Regenjacke f\u00fcr Kinder, die pur auf Funktion gedrillt ist. Unsere wasserdichte, winddichte und atmungsaktive Tres-Tex Technologie","robots":{"index":"index","follow":"follow","max-snippet":"max-snippet:-1","max-image-preview":"max-image-preview:large","max-video-preview":"max-video-preview:-1"},"canonical":"https:\/\/schweizversand.ch\/fr\/produkt\/trespass-qikpac-jacket-kinder-regenjacke-unisex\/","og_locale":"fr_FR","og_type":"article","og_title":"Trespass QIKPAC JACKET - Kinder Regenjacke unisex","og_description":"QIKPAK JACKET ist eine minimale Regenjacke f\u00fcr Kinder, die pur auf Funktion gedrillt ist. Unsere wasserdichte, winddichte und atmungsaktive Tres-Tex Technologie","og_url":"https:\/\/schweizversand.ch\/fr\/produkt\/trespass-qikpac-jacket-kinder-regenjacke-unisex\/","og_site_name":"Schweizer Shop f\u00fcr Sport, Spiel und Freizeit","article_publisher":"https:\/\/www.facebook.com\/Schweizversand","article_modified_time":"2026-04-19T13:35:22+00:00","og_image":[{"width":1024,"height":1024,"url":"https:\/\/schweizversand.ch\/wp-content\/uploads\/2026\/02\/5471492665.jpg","type":"image\/jpeg"}],"twitter_card":"summary_large_image","twitter_misc":{"Dur\u00e9e de lecture estim\u00e9e":"1 minute"},"schema":{"@context":"https:\/\/schema.org","@graph":[{"@type":"WebPage","@id":"https:\/\/schweizversand.ch\/fr\/produkt\/trespass-qikpac-jacket-kinder-regenjacke-unisex\/","url":"https:\/\/schweizversand.ch\/fr\/produkt\/trespass-qikpac-jacket-kinder-regenjacke-unisex\/","name":"Trespass QIKPAC JACKET - Kinder Regenjacke unisex","isPartOf":{"@id":"https:\/\/schweizversand.ch\/fr\/#website"},"primaryImageOfPage":{"@id":"https:\/\/schweizversand.ch\/fr\/produkt\/trespass-qikpac-jacket-kinder-regenjacke-unisex\/#primaryimage"},"image":{"@id":"https:\/\/schweizversand.ch\/fr\/produkt\/trespass-qikpac-jacket-kinder-regenjacke-unisex\/#primaryimage"},"thumbnailUrl":"https:\/\/schweizversand.ch\/wp-content\/uploads\/2026\/02\/5471492665.jpg","datePublished":"2026-03-14T23:55:45+00:00","dateModified":"2026-04-19T13:35:22+00:00","description":"QIKPAK JACKET ist eine minimale Regenjacke f\u00fcr Kinder, die pur auf Funktion gedrillt ist. Unsere wasserdichte, winddichte und atmungsaktive Tres-Tex Technologie","breadcrumb":{"@id":"https:\/\/schweizversand.ch\/fr\/produkt\/trespass-qikpac-jacket-kinder-regenjacke-unisex\/#breadcrumb"},"inLanguage":"fr-FR","potentialAction":[{"@type":"ReadAction","target":["https:\/\/schweizversand.ch\/fr\/produkt\/trespass-qikpac-jacket-kinder-regenjacke-unisex\/"]}]},{"@type":"ImageObject","inLanguage":"fr-FR","@id":"https:\/\/schweizversand.ch\/fr\/produkt\/trespass-qikpac-jacket-kinder-regenjacke-unisex\/#primaryimage","url":"https:\/\/schweizversand.ch\/wp-content\/uploads\/2026\/02\/5471492665.jpg","contentUrl":"https:\/\/schweizversand.ch\/wp-content\/uploads\/2026\/02\/5471492665.jpg","width":1024,"height":1024},{"@type":"BreadcrumbList","@id":"https:\/\/schweizversand.ch\/fr\/produkt\/trespass-qikpac-jacket-kinder-regenjacke-unisex\/#breadcrumb","itemListElement":[{"@type":"ListItem","position":1,"name":"Startseite","item":"https:\/\/schweizversand.ch\/fr\/home\/"},{"@type":"ListItem","position":2,"name":"Boutique","item":"https:\/\/schweizversand.ch\/fr\/boutique\/"},{"@type":"ListItem","position":3,"name":"Sports","item":"https:\/\/schweizversand.ch\/fr\/produkt-kategorie\/sports\/"},{"@type":"ListItem","position":4,"name":"Plein air","item":"https:\/\/schweizversand.ch\/fr\/produkt-kategorie\/sports\/plein-air\/"},{"@type":"ListItem","position":5,"name":"V\u00eatements de plein air","item":"https:\/\/schweizversand.ch\/fr\/produkt-kategorie\/sports\/plein-air\/outdoorbekleidung\/"},{"@type":"ListItem","position":6,"name":"Veste imperm\u00e9able Trespass QIKPAC &#8211; Veste imperm\u00e9able unisexe pour enfants"}]},{"@type":"WebSite","@id":"https:\/\/schweizversand.ch\/fr\/#website","url":"https:\/\/schweizversand.ch\/fr\/","name":"Schweizer Shop f\u00fcr Sport, Spiel und Freizeit","description":"Gratisversand ab 50.- (netto), ab eigenem schweizer Lager, Lieferung innert 48h","publisher":{"@id":"https:\/\/schweizversand.ch\/fr\/#organization"},"alternateName":"Schweizversand.ch","potentialAction":[{"@type":"SearchAction","target":{"@type":"EntryPoint","urlTemplate":"https:\/\/schweizversand.ch\/fr\/?s={search_term_string}"},"query-input":{"@type":"PropertyValueSpecification","valueRequired":true,"valueName":"search_term_string"}}],"inLanguage":"fr-FR"},{"@type":"Organization","@id":"https:\/\/schweizversand.ch\/fr\/#organization","name":"Schweizversand.ch","url":"https:\/\/schweizversand.ch\/fr\/","logo":{"@type":"ImageObject","inLanguage":"fr-FR","@id":"https:\/\/schweizversand.ch\/fr\/#\/schema\/logo\/image\/","url":"https:\/\/schweizversand.ch\/wp-content\/uploads\/2026\/03\/Logo_Rund_Final-1.png","contentUrl":"https:\/\/schweizversand.ch\/wp-content\/uploads\/2026\/03\/Logo_Rund_Final-1.png","width":404,"height":404,"caption":"Schweizversand.ch"},"image":{"@id":"https:\/\/schweizversand.ch\/fr\/#\/schema\/logo\/image\/"},"sameAs":["https:\/\/www.facebook.com\/Schweizversand","https:\/\/www.instagram.com\/schweizversand.ch\/"]}]}},"jetpack_sharing_enabled":true,"_links":{"self":[{"href":"https:\/\/schweizversand.ch\/fr\/wp-json\/wp\/v2\/product\/259819","targetHints":{"allow":["GET"]}}],"collection":[{"href":"https:\/\/schweizversand.ch\/fr\/wp-json\/wp\/v2\/product"}],"about":[{"href":"https:\/\/schweizversand.ch\/fr\/wp-json\/wp\/v2\/types\/product"}],"replies":[{"embeddable":true,"href":"https:\/\/schweizversand.ch\/fr\/wp-json\/wp\/v2\/comments?post=259819"}],"wp:featuredmedia":[{"embeddable":true,"href":"https:\/\/schweizversand.ch\/fr\/wp-json\/wp\/v2\/media\/160718"}],"wp:attachment":[{"href":"https:\/\/schweizversand.ch\/fr\/wp-json\/wp\/v2\/media?parent=259819"}],"wp:term":[{"taxonomy":"product_brand","embeddable":true,"href":"https:\/\/schweizversand.ch\/fr\/wp-json\/wp\/v2\/product_brand?post=259819"},{"taxonomy":"product_cat","embeddable":true,"href":"https:\/\/schweizversand.ch\/fr\/wp-json\/wp\/v2\/product_cat?post=259819"},{"taxonomy":"product_tag","embeddable":true,"href":"https:\/\/schweizversand.ch\/fr\/wp-json\/wp\/v2\/product_tag?post=259819"}],"curies":[{"name":"wp","href":"https:\/\/api.w.org\/{rel}","templated":true}]}}