{"id":259820,"date":"2026-03-15T00:55:45","date_gmt":"2026-03-14T23:55:45","guid":{"rendered":"https:\/\/schweizversand.ch\/produkt\/trespass-qikpac-kinder-regenjacke\/"},"modified":"2026-04-19T15:35:22","modified_gmt":"2026-04-19T13:35:22","slug":"trespass-qikpac-kinder-regenjacke","status":"publish","type":"product","link":"https:\/\/schweizversand.ch\/fr\/produkt\/trespass-qikpac-kinder-regenjacke\/","title":{"rendered":"Veste de pluie pour enfants Trespass QIKPAC"},"content":{"rendered":"<p>La veste QIKPAK est une veste de pluie imperm\u00e9able pour enfants, con\u00e7ue pour \u00eatre pratique. Elle utilise la technologie Tres-Tex, qui lui conf\u00e8re des propri\u00e9t\u00e9s imperm\u00e9ables, coupe-vent et respirantes. Les surfaces de la veste sont trait\u00e9es pour repousser l&rsquo;eau et \u00e9vacuer l&rsquo;humidit\u00e9. Gr\u00e2ce \u00e0 ces caract\u00e9ristiques, la veste r\u00e9siste \u00e0 une colonne d&rsquo;eau de 5\u00a0000 mm tout en conservant une respirabilit\u00e9 optimale avec un taux de transmission de la vapeur d&rsquo;eau de 5\u00a0000 g\/m\u00b2\/24 h. Coupe-vent, elle est \u00e9galement dot\u00e9e de coutures \u00e9tanches pour une protection accrue contre les intemp\u00e9ries. Elle est \u00e9quip\u00e9e de deux poches zipp\u00e9es pour ranger les petits objets essentiels lors d&rsquo;activit\u00e9s de plein air comme la randonn\u00e9e, le v\u00e9lo ou les trajets scolaires. Son format compact est un atout majeur\u00a0: elle se roule facilement et se range dans son sac en filet inclus. C&rsquo;est un avantage consid\u00e9rable pour les voyages, car elle se range facilement. La veste QIKPAK est fabriqu\u00e9e en polyamide 100\u00a0%, une mati\u00e8re r\u00e9sistante id\u00e9ale pour les activit\u00e9s de plein air. &#8211; Veste imperm\u00e9able compacte et enroulable &#8211; Imperm\u00e9abilit\u00e9 jusqu&rsquo;\u00e0 5\u00a0000 mm de colonne d&rsquo;eau &#8211; Respirabilit\u00e9 jusqu&rsquo;\u00e0 5\u00a0000 g\/m\u00b2\/24 h &#8211; Coupe-vent\u00a0; coutures \u00e9tanches &#8211; 2 poches zipp\u00e9es &#8211; 100\u00a0% polyamide<\/p>\n","protected":false},"excerpt":{"rendered":"<p>Trespass QIKPAC Kinder Regenjacke sch\u00fctzt wasserdicht, winddicht und atmungsaktiv mit Tres-Tex Technologie. Praktisch mit Rei\u00dfverschlusstaschen f\u00fcr jedes Abenteuer.<\/p>\n","protected":false},"featured_media":160720,"comment_status":"open","ping_status":"closed","template":"","meta":[],"product_brand":[],"product_cat":[38521],"product_tag":[],"class_list":{"0":"post-259820","1":"product","2":"type-product","3":"status-publish","4":"has-post-thumbnail","6":"product_cat-outdoorbekleidung","7":"product_shipping_class-global_methods","9":"first","10":"instock","11":"taxable","12":"shipping-taxable","13":"purchasable","14":"product-type-simple"},"yoast_head":"<!-- This site is optimized with the Yoast SEO plugin v27.4 - https:\/\/yoast.com\/product\/yoast-seo-wordpress\/ -->\n<title>Trespass QIKPAC Kinder Regenjacke<\/title>\n<meta name=\"description\" content=\"Die QIKPAK JACKET ist eine wasserdichte Regenjacke f\u00fcr Kinder, die auf praktische Funktionen ausgerichtet ist. Sie verwendet die Tres-Tex Technologie, die wasse\" \/>\n<meta name=\"robots\" content=\"index, follow, max-snippet:-1, max-image-preview:large, max-video-preview:-1\" \/>\n<link rel=\"canonical\" href=\"https:\/\/schweizversand.ch\/fr\/produkt\/trespass-qikpac-kinder-regenjacke\/\" \/>\n<meta property=\"og:locale\" content=\"fr_FR\" \/>\n<meta property=\"og:type\" content=\"article\" \/>\n<meta property=\"og:title\" content=\"Trespass QIKPAC Kinder Regenjacke\" \/>\n<meta property=\"og:description\" content=\"Die QIKPAK JACKET ist eine wasserdichte Regenjacke f\u00fcr Kinder, die auf praktische Funktionen ausgerichtet ist. Sie verwendet die Tres-Tex Technologie, die wasse\" \/>\n<meta property=\"og:url\" content=\"https:\/\/schweizversand.ch\/fr\/produkt\/trespass-qikpac-kinder-regenjacke\/\" \/>\n<meta property=\"og:site_name\" content=\"Schweizer Shop f\u00fcr Sport, Spiel und Freizeit\" \/>\n<meta property=\"article:publisher\" content=\"https:\/\/www.facebook.com\/Schweizversand\" \/>\n<meta property=\"article:modified_time\" content=\"2026-04-19T13:35:22+00:00\" \/>\n<meta property=\"og:image\" content=\"https:\/\/schweizversand.ch\/wp-content\/uploads\/2026\/02\/5471489739.jpg\" \/>\n\t<meta property=\"og:image:width\" content=\"754\" \/>\n\t<meta property=\"og:image:height\" content=\"1024\" \/>\n\t<meta property=\"og:image:type\" content=\"image\/jpeg\" \/>\n<meta name=\"twitter:card\" content=\"summary_large_image\" \/>\n<meta name=\"twitter:label1\" content=\"Dur\u00e9e de lecture estim\u00e9e\" \/>\n\t<meta name=\"twitter:data1\" content=\"1 minute\" \/>\n<script type=\"application\/ld+json\" class=\"yoast-schema-graph\">{\"@context\":\"https:\\\/\\\/schema.org\",\"@graph\":[{\"@type\":\"WebPage\",\"@id\":\"https:\\\/\\\/schweizversand.ch\\\/fr\\\/produkt\\\/trespass-qikpac-kinder-regenjacke\\\/\",\"url\":\"https:\\\/\\\/schweizversand.ch\\\/fr\\\/produkt\\\/trespass-qikpac-kinder-regenjacke\\\/\",\"name\":\"Trespass QIKPAC Kinder Regenjacke\",\"isPartOf\":{\"@id\":\"https:\\\/\\\/schweizversand.ch\\\/fr\\\/#website\"},\"primaryImageOfPage\":{\"@id\":\"https:\\\/\\\/schweizversand.ch\\\/fr\\\/produkt\\\/trespass-qikpac-kinder-regenjacke\\\/#primaryimage\"},\"image\":{\"@id\":\"https:\\\/\\\/schweizversand.ch\\\/fr\\\/produkt\\\/trespass-qikpac-kinder-regenjacke\\\/#primaryimage\"},\"thumbnailUrl\":\"https:\\\/\\\/schweizversand.ch\\\/wp-content\\\/uploads\\\/2026\\\/02\\\/5471489739.jpg\",\"datePublished\":\"2026-03-14T23:55:45+00:00\",\"dateModified\":\"2026-04-19T13:35:22+00:00\",\"description\":\"Die QIKPAK JACKET ist eine wasserdichte Regenjacke f\u00fcr Kinder, die auf praktische Funktionen ausgerichtet ist. Sie verwendet die Tres-Tex Technologie, die wasse\",\"breadcrumb\":{\"@id\":\"https:\\\/\\\/schweizversand.ch\\\/fr\\\/produkt\\\/trespass-qikpac-kinder-regenjacke\\\/#breadcrumb\"},\"inLanguage\":\"fr-FR\",\"potentialAction\":[{\"@type\":\"ReadAction\",\"target\":[\"https:\\\/\\\/schweizversand.ch\\\/fr\\\/produkt\\\/trespass-qikpac-kinder-regenjacke\\\/\"]}]},{\"@type\":\"ImageObject\",\"inLanguage\":\"fr-FR\",\"@id\":\"https:\\\/\\\/schweizversand.ch\\\/fr\\\/produkt\\\/trespass-qikpac-kinder-regenjacke\\\/#primaryimage\",\"url\":\"https:\\\/\\\/schweizversand.ch\\\/wp-content\\\/uploads\\\/2026\\\/02\\\/5471489739.jpg\",\"contentUrl\":\"https:\\\/\\\/schweizversand.ch\\\/wp-content\\\/uploads\\\/2026\\\/02\\\/5471489739.jpg\",\"width\":754,\"height\":1024},{\"@type\":\"BreadcrumbList\",\"@id\":\"https:\\\/\\\/schweizversand.ch\\\/fr\\\/produkt\\\/trespass-qikpac-kinder-regenjacke\\\/#breadcrumb\",\"itemListElement\":[{\"@type\":\"ListItem\",\"position\":1,\"name\":\"Startseite\",\"item\":\"https:\\\/\\\/schweizversand.ch\\\/fr\\\/home\\\/\"},{\"@type\":\"ListItem\",\"position\":2,\"name\":\"Boutique\",\"item\":\"https:\\\/\\\/schweizversand.ch\\\/fr\\\/boutique\\\/\"},{\"@type\":\"ListItem\",\"position\":3,\"name\":\"Sports\",\"item\":\"https:\\\/\\\/schweizversand.ch\\\/fr\\\/produkt-kategorie\\\/sports\\\/\"},{\"@type\":\"ListItem\",\"position\":4,\"name\":\"Plein air\",\"item\":\"https:\\\/\\\/schweizversand.ch\\\/fr\\\/produkt-kategorie\\\/sports\\\/plein-air\\\/\"},{\"@type\":\"ListItem\",\"position\":5,\"name\":\"V\u00eatements de plein air\",\"item\":\"https:\\\/\\\/schweizversand.ch\\\/fr\\\/produkt-kategorie\\\/sports\\\/plein-air\\\/outdoorbekleidung\\\/\"},{\"@type\":\"ListItem\",\"position\":6,\"name\":\"Veste de pluie pour enfants Trespass QIKPAC\"}]},{\"@type\":\"WebSite\",\"@id\":\"https:\\\/\\\/schweizversand.ch\\\/fr\\\/#website\",\"url\":\"https:\\\/\\\/schweizversand.ch\\\/fr\\\/\",\"name\":\"Schweizer Shop f\u00fcr Sport, Spiel und Freizeit\",\"description\":\"Gratisversand ab 50.- (netto), ab eigenem schweizer Lager, Lieferung innert 48h\",\"publisher\":{\"@id\":\"https:\\\/\\\/schweizversand.ch\\\/fr\\\/#organization\"},\"alternateName\":\"Schweizversand.ch\",\"potentialAction\":[{\"@type\":\"SearchAction\",\"target\":{\"@type\":\"EntryPoint\",\"urlTemplate\":\"https:\\\/\\\/schweizversand.ch\\\/fr\\\/?s={search_term_string}\"},\"query-input\":{\"@type\":\"PropertyValueSpecification\",\"valueRequired\":true,\"valueName\":\"search_term_string\"}}],\"inLanguage\":\"fr-FR\"},{\"@type\":\"Organization\",\"@id\":\"https:\\\/\\\/schweizversand.ch\\\/fr\\\/#organization\",\"name\":\"Schweizversand.ch\",\"url\":\"https:\\\/\\\/schweizversand.ch\\\/fr\\\/\",\"logo\":{\"@type\":\"ImageObject\",\"inLanguage\":\"fr-FR\",\"@id\":\"https:\\\/\\\/schweizversand.ch\\\/fr\\\/#\\\/schema\\\/logo\\\/image\\\/\",\"url\":\"https:\\\/\\\/schweizversand.ch\\\/wp-content\\\/uploads\\\/2026\\\/03\\\/Logo_Rund_Final-1.png\",\"contentUrl\":\"https:\\\/\\\/schweizversand.ch\\\/wp-content\\\/uploads\\\/2026\\\/03\\\/Logo_Rund_Final-1.png\",\"width\":404,\"height\":404,\"caption\":\"Schweizversand.ch\"},\"image\":{\"@id\":\"https:\\\/\\\/schweizversand.ch\\\/fr\\\/#\\\/schema\\\/logo\\\/image\\\/\"},\"sameAs\":[\"https:\\\/\\\/www.facebook.com\\\/Schweizversand\",\"https:\\\/\\\/www.instagram.com\\\/schweizversand.ch\\\/\"]}]}<\/script>\n<!-- \/ Yoast SEO plugin. -->","yoast_head_json":{"title":"Trespass QIKPAC Kinder Regenjacke","description":"Die QIKPAK JACKET ist eine wasserdichte Regenjacke f\u00fcr Kinder, die auf praktische Funktionen ausgerichtet ist. Sie verwendet die Tres-Tex Technologie, die wasse","robots":{"index":"index","follow":"follow","max-snippet":"max-snippet:-1","max-image-preview":"max-image-preview:large","max-video-preview":"max-video-preview:-1"},"canonical":"https:\/\/schweizversand.ch\/fr\/produkt\/trespass-qikpac-kinder-regenjacke\/","og_locale":"fr_FR","og_type":"article","og_title":"Trespass QIKPAC Kinder Regenjacke","og_description":"Die QIKPAK JACKET ist eine wasserdichte Regenjacke f\u00fcr Kinder, die auf praktische Funktionen ausgerichtet ist. Sie verwendet die Tres-Tex Technologie, die wasse","og_url":"https:\/\/schweizversand.ch\/fr\/produkt\/trespass-qikpac-kinder-regenjacke\/","og_site_name":"Schweizer Shop f\u00fcr Sport, Spiel und Freizeit","article_publisher":"https:\/\/www.facebook.com\/Schweizversand","article_modified_time":"2026-04-19T13:35:22+00:00","og_image":[{"width":754,"height":1024,"url":"https:\/\/schweizversand.ch\/wp-content\/uploads\/2026\/02\/5471489739.jpg","type":"image\/jpeg"}],"twitter_card":"summary_large_image","twitter_misc":{"Dur\u00e9e de lecture estim\u00e9e":"1 minute"},"schema":{"@context":"https:\/\/schema.org","@graph":[{"@type":"WebPage","@id":"https:\/\/schweizversand.ch\/fr\/produkt\/trespass-qikpac-kinder-regenjacke\/","url":"https:\/\/schweizversand.ch\/fr\/produkt\/trespass-qikpac-kinder-regenjacke\/","name":"Trespass QIKPAC Kinder Regenjacke","isPartOf":{"@id":"https:\/\/schweizversand.ch\/fr\/#website"},"primaryImageOfPage":{"@id":"https:\/\/schweizversand.ch\/fr\/produkt\/trespass-qikpac-kinder-regenjacke\/#primaryimage"},"image":{"@id":"https:\/\/schweizversand.ch\/fr\/produkt\/trespass-qikpac-kinder-regenjacke\/#primaryimage"},"thumbnailUrl":"https:\/\/schweizversand.ch\/wp-content\/uploads\/2026\/02\/5471489739.jpg","datePublished":"2026-03-14T23:55:45+00:00","dateModified":"2026-04-19T13:35:22+00:00","description":"Die QIKPAK JACKET ist eine wasserdichte Regenjacke f\u00fcr Kinder, die auf praktische Funktionen ausgerichtet ist. Sie verwendet die Tres-Tex Technologie, die wasse","breadcrumb":{"@id":"https:\/\/schweizversand.ch\/fr\/produkt\/trespass-qikpac-kinder-regenjacke\/#breadcrumb"},"inLanguage":"fr-FR","potentialAction":[{"@type":"ReadAction","target":["https:\/\/schweizversand.ch\/fr\/produkt\/trespass-qikpac-kinder-regenjacke\/"]}]},{"@type":"ImageObject","inLanguage":"fr-FR","@id":"https:\/\/schweizversand.ch\/fr\/produkt\/trespass-qikpac-kinder-regenjacke\/#primaryimage","url":"https:\/\/schweizversand.ch\/wp-content\/uploads\/2026\/02\/5471489739.jpg","contentUrl":"https:\/\/schweizversand.ch\/wp-content\/uploads\/2026\/02\/5471489739.jpg","width":754,"height":1024},{"@type":"BreadcrumbList","@id":"https:\/\/schweizversand.ch\/fr\/produkt\/trespass-qikpac-kinder-regenjacke\/#breadcrumb","itemListElement":[{"@type":"ListItem","position":1,"name":"Startseite","item":"https:\/\/schweizversand.ch\/fr\/home\/"},{"@type":"ListItem","position":2,"name":"Boutique","item":"https:\/\/schweizversand.ch\/fr\/boutique\/"},{"@type":"ListItem","position":3,"name":"Sports","item":"https:\/\/schweizversand.ch\/fr\/produkt-kategorie\/sports\/"},{"@type":"ListItem","position":4,"name":"Plein air","item":"https:\/\/schweizversand.ch\/fr\/produkt-kategorie\/sports\/plein-air\/"},{"@type":"ListItem","position":5,"name":"V\u00eatements de plein air","item":"https:\/\/schweizversand.ch\/fr\/produkt-kategorie\/sports\/plein-air\/outdoorbekleidung\/"},{"@type":"ListItem","position":6,"name":"Veste de pluie pour enfants Trespass QIKPAC"}]},{"@type":"WebSite","@id":"https:\/\/schweizversand.ch\/fr\/#website","url":"https:\/\/schweizversand.ch\/fr\/","name":"Schweizer Shop f\u00fcr Sport, Spiel und Freizeit","description":"Gratisversand ab 50.- (netto), ab eigenem schweizer Lager, Lieferung innert 48h","publisher":{"@id":"https:\/\/schweizversand.ch\/fr\/#organization"},"alternateName":"Schweizversand.ch","potentialAction":[{"@type":"SearchAction","target":{"@type":"EntryPoint","urlTemplate":"https:\/\/schweizversand.ch\/fr\/?s={search_term_string}"},"query-input":{"@type":"PropertyValueSpecification","valueRequired":true,"valueName":"search_term_string"}}],"inLanguage":"fr-FR"},{"@type":"Organization","@id":"https:\/\/schweizversand.ch\/fr\/#organization","name":"Schweizversand.ch","url":"https:\/\/schweizversand.ch\/fr\/","logo":{"@type":"ImageObject","inLanguage":"fr-FR","@id":"https:\/\/schweizversand.ch\/fr\/#\/schema\/logo\/image\/","url":"https:\/\/schweizversand.ch\/wp-content\/uploads\/2026\/03\/Logo_Rund_Final-1.png","contentUrl":"https:\/\/schweizversand.ch\/wp-content\/uploads\/2026\/03\/Logo_Rund_Final-1.png","width":404,"height":404,"caption":"Schweizversand.ch"},"image":{"@id":"https:\/\/schweizversand.ch\/fr\/#\/schema\/logo\/image\/"},"sameAs":["https:\/\/www.facebook.com\/Schweizversand","https:\/\/www.instagram.com\/schweizversand.ch\/"]}]}},"jetpack_sharing_enabled":true,"_links":{"self":[{"href":"https:\/\/schweizversand.ch\/fr\/wp-json\/wp\/v2\/product\/259820","targetHints":{"allow":["GET"]}}],"collection":[{"href":"https:\/\/schweizversand.ch\/fr\/wp-json\/wp\/v2\/product"}],"about":[{"href":"https:\/\/schweizversand.ch\/fr\/wp-json\/wp\/v2\/types\/product"}],"replies":[{"embeddable":true,"href":"https:\/\/schweizversand.ch\/fr\/wp-json\/wp\/v2\/comments?post=259820"}],"wp:featuredmedia":[{"embeddable":true,"href":"https:\/\/schweizversand.ch\/fr\/wp-json\/wp\/v2\/media\/160720"}],"wp:attachment":[{"href":"https:\/\/schweizversand.ch\/fr\/wp-json\/wp\/v2\/media?parent=259820"}],"wp:term":[{"taxonomy":"product_brand","embeddable":true,"href":"https:\/\/schweizversand.ch\/fr\/wp-json\/wp\/v2\/product_brand?post=259820"},{"taxonomy":"product_cat","embeddable":true,"href":"https:\/\/schweizversand.ch\/fr\/wp-json\/wp\/v2\/product_cat?post=259820"},{"taxonomy":"product_tag","embeddable":true,"href":"https:\/\/schweizversand.ch\/fr\/wp-json\/wp\/v2\/product_tag?post=259820"}],"curies":[{"name":"wp","href":"https:\/\/api.w.org\/{rel}","templated":true}]}}