{"id":259823,"date":"2026-03-15T00:55:46","date_gmt":"2026-03-14T23:55:46","guid":{"rendered":"https:\/\/schweizversand.ch\/produkt\/trespass-qikpac-regenhose-unisex-2\/"},"modified":"2026-04-12T02:06:32","modified_gmt":"2026-04-12T00:06:32","slug":"trespass-qikpac-regenhose-unisex-2","status":"publish","type":"product","link":"https:\/\/schweizversand.ch\/fr\/produkt\/trespass-qikpac-regenhose-unisex-2\/","title":{"rendered":"Pantalon de pluie Trespass QIKPAC &#8211; UNISEXE"},"content":{"rendered":"<p>Le pantalon de pluie Trespass offre une protection optimale contre les intemp\u00e9ries et est dot\u00e9 de caract\u00e9ristiques pratiques.<\/p>\n<p>Voici les d\u00e9tails de ce pantalon de pluie\u00a0:<\/p>\n<p>Description\u00a0:<\/p>\n<p>Les coutures \u00e9tanches garantissent une imperm\u00e9abilit\u00e9 parfaite.<\/p>\n<p>La taille \u00e9lastique assure un confort optimal et facilite l\u2019enfilage et le retrait.<\/p>\n<p>Le pantalon poss\u00e8de deux ouvertures lat\u00e9rales faisant office de poches, ainsi qu\u2019une ouverture \u00e0 l\u2019arri\u00e8re.<\/p>\n<p>Les bas de jambes sont r\u00e9glables par boutons-pression, permettant un ajustement personnalis\u00e9.<\/p>\n<p>Le pantalon est livr\u00e9 dans un sac \u00e0 cordon, facilitant son rangement et son transport.<\/p>\n<p>Fabriqu\u00e9 en Tres-Tex, un tissu imperm\u00e9able jusqu\u2019\u00e0 5\u00a0000\u00a0mm, coupe-vent et respirant, pour vous garder au sec et \u00e0 l\u2019aise.<\/p>\n<p>Taille (tour de taille)\u00a0: XS\u00a0&#8211; 71\/76\u00a0cm<\/p>\n<p>Longueur d\u2019entrejambe\u00a0: XS\u00a0&#8211; 75\u00a0cm<\/p>\n<p>Tissu Tres-Tex, imperm\u00e9able jusqu\u2019\u00e0 5\u00a0000\u00a0mm, coupe-vent et respirant.<\/p>\n<p>Livr\u00e9 dans un sac \u00e0 cordon.<\/p>\n","protected":false},"excerpt":{"rendered":"<p>Trespass QIKPAC Regenhose &#8211; UNISEX sch\u00fctzt wasserdicht und winddicht bis 5000 mm, bietet verstellbare B\u00fcndchen, praktische Taschen und sitzt dank elastischem Bund bequem.<\/p>\n","protected":false},"featured_media":160734,"comment_status":"open","ping_status":"closed","template":"","meta":[],"product_brand":[],"product_cat":[38521],"product_tag":[],"class_list":{"0":"post-259823","1":"product","2":"type-product","3":"status-publish","4":"has-post-thumbnail","6":"product_cat-outdoorbekleidung","7":"product_shipping_class-global_methods","9":"first","10":"instock","11":"taxable","12":"shipping-taxable","13":"purchasable","14":"product-type-simple"},"yoast_head":"<!-- This site is optimized with the Yoast SEO plugin v27.3 - https:\/\/yoast.com\/product\/yoast-seo-wordpress\/ -->\n<title>Trespass QIKPAC Regenhose - UNISEX<\/title>\n<meta name=\"description\" content=\"Die Trespass Regenhose bietet Schutz vor schlechtem Wetter und ist mit praktischen Funktionen ausgestattet.\u00a0 Hier sind die Details dieser Regenhose:\u00a0 Beschrei\" \/>\n<meta name=\"robots\" content=\"index, follow, max-snippet:-1, max-image-preview:large, max-video-preview:-1\" \/>\n<link rel=\"canonical\" href=\"https:\/\/schweizversand.ch\/fr\/produkt\/trespass-qikpac-regenhose-unisex-2\/\" \/>\n<meta property=\"og:locale\" content=\"fr_FR\" \/>\n<meta property=\"og:type\" content=\"article\" \/>\n<meta property=\"og:title\" content=\"Trespass QIKPAC Regenhose - UNISEX\" \/>\n<meta property=\"og:description\" content=\"Die Trespass Regenhose bietet Schutz vor schlechtem Wetter und ist mit praktischen Funktionen ausgestattet.\u00a0 Hier sind die Details dieser Regenhose:\u00a0 Beschrei\" \/>\n<meta property=\"og:url\" content=\"https:\/\/schweizversand.ch\/fr\/produkt\/trespass-qikpac-regenhose-unisex-2\/\" \/>\n<meta property=\"og:site_name\" content=\"Schweizer Shop f\u00fcr Sport, Spiel und Freizeit\" \/>\n<meta property=\"article:publisher\" content=\"https:\/\/www.facebook.com\/Schweizversand\" \/>\n<meta property=\"article:modified_time\" content=\"2026-04-12T00:06:32+00:00\" \/>\n<meta property=\"og:image\" content=\"https:\/\/schweizversand.ch\/wp-content\/uploads\/2026\/02\/5471487921.jpg\" \/>\n\t<meta property=\"og:image:width\" content=\"343\" \/>\n\t<meta property=\"og:image:height\" content=\"1024\" \/>\n\t<meta property=\"og:image:type\" content=\"image\/jpeg\" \/>\n<meta name=\"twitter:card\" content=\"summary_large_image\" \/>\n<meta name=\"twitter:label1\" content=\"Dur\u00e9e de lecture estim\u00e9e\" \/>\n\t<meta name=\"twitter:data1\" content=\"1 minute\" \/>\n<script type=\"application\/ld+json\" class=\"yoast-schema-graph\">{\"@context\":\"https:\\\/\\\/schema.org\",\"@graph\":[{\"@type\":\"WebPage\",\"@id\":\"https:\\\/\\\/schweizversand.ch\\\/fr\\\/produkt\\\/trespass-qikpac-regenhose-unisex-2\\\/\",\"url\":\"https:\\\/\\\/schweizversand.ch\\\/fr\\\/produkt\\\/trespass-qikpac-regenhose-unisex-2\\\/\",\"name\":\"Trespass QIKPAC Regenhose - UNISEX\",\"isPartOf\":{\"@id\":\"https:\\\/\\\/schweizversand.ch\\\/fr\\\/#website\"},\"primaryImageOfPage\":{\"@id\":\"https:\\\/\\\/schweizversand.ch\\\/fr\\\/produkt\\\/trespass-qikpac-regenhose-unisex-2\\\/#primaryimage\"},\"image\":{\"@id\":\"https:\\\/\\\/schweizversand.ch\\\/fr\\\/produkt\\\/trespass-qikpac-regenhose-unisex-2\\\/#primaryimage\"},\"thumbnailUrl\":\"https:\\\/\\\/schweizversand.ch\\\/wp-content\\\/uploads\\\/2026\\\/02\\\/5471487921.jpg\",\"datePublished\":\"2026-03-14T23:55:46+00:00\",\"dateModified\":\"2026-04-12T00:06:32+00:00\",\"description\":\"Die Trespass Regenhose bietet Schutz vor schlechtem Wetter und ist mit praktischen Funktionen ausgestattet.\u00a0 Hier sind die Details dieser Regenhose:\u00a0 Beschrei\",\"breadcrumb\":{\"@id\":\"https:\\\/\\\/schweizversand.ch\\\/fr\\\/produkt\\\/trespass-qikpac-regenhose-unisex-2\\\/#breadcrumb\"},\"inLanguage\":\"fr-FR\",\"potentialAction\":[{\"@type\":\"ReadAction\",\"target\":[\"https:\\\/\\\/schweizversand.ch\\\/fr\\\/produkt\\\/trespass-qikpac-regenhose-unisex-2\\\/\"]}]},{\"@type\":\"ImageObject\",\"inLanguage\":\"fr-FR\",\"@id\":\"https:\\\/\\\/schweizversand.ch\\\/fr\\\/produkt\\\/trespass-qikpac-regenhose-unisex-2\\\/#primaryimage\",\"url\":\"https:\\\/\\\/schweizversand.ch\\\/wp-content\\\/uploads\\\/2026\\\/02\\\/5471487921.jpg\",\"contentUrl\":\"https:\\\/\\\/schweizversand.ch\\\/wp-content\\\/uploads\\\/2026\\\/02\\\/5471487921.jpg\",\"width\":343,\"height\":1024},{\"@type\":\"BreadcrumbList\",\"@id\":\"https:\\\/\\\/schweizversand.ch\\\/fr\\\/produkt\\\/trespass-qikpac-regenhose-unisex-2\\\/#breadcrumb\",\"itemListElement\":[{\"@type\":\"ListItem\",\"position\":1,\"name\":\"Startseite\",\"item\":\"https:\\\/\\\/schweizversand.ch\\\/fr\\\/\"},{\"@type\":\"ListItem\",\"position\":2,\"name\":\"Boutique\",\"item\":\"https:\\\/\\\/schweizversand.ch\\\/fr\\\/boutique\\\/\"},{\"@type\":\"ListItem\",\"position\":3,\"name\":\"Pantalon de pluie Trespass QIKPAC &#8211; UNISEXE\"}]},{\"@type\":\"WebSite\",\"@id\":\"https:\\\/\\\/schweizversand.ch\\\/fr\\\/#website\",\"url\":\"https:\\\/\\\/schweizversand.ch\\\/fr\\\/\",\"name\":\"Schweizer Shop f\u00fcr Sport, Spiel und Freizeit\",\"description\":\"Gratisversand ab 50.- (netto), ab eigenem schweizer Lager, Lieferung innert 48h\",\"publisher\":{\"@id\":\"https:\\\/\\\/schweizversand.ch\\\/fr\\\/#organization\"},\"alternateName\":\"Schweizversand.ch\",\"potentialAction\":[{\"@type\":\"SearchAction\",\"target\":{\"@type\":\"EntryPoint\",\"urlTemplate\":\"https:\\\/\\\/schweizversand.ch\\\/fr\\\/?s={search_term_string}\"},\"query-input\":{\"@type\":\"PropertyValueSpecification\",\"valueRequired\":true,\"valueName\":\"search_term_string\"}}],\"inLanguage\":\"fr-FR\"},{\"@type\":\"Organization\",\"@id\":\"https:\\\/\\\/schweizversand.ch\\\/fr\\\/#organization\",\"name\":\"Schweizversand.ch\",\"url\":\"https:\\\/\\\/schweizversand.ch\\\/fr\\\/\",\"logo\":{\"@type\":\"ImageObject\",\"inLanguage\":\"fr-FR\",\"@id\":\"https:\\\/\\\/schweizversand.ch\\\/fr\\\/#\\\/schema\\\/logo\\\/image\\\/\",\"url\":\"https:\\\/\\\/schweizversand.ch\\\/wp-content\\\/uploads\\\/2026\\\/03\\\/Logo_Rund_Final-1.png\",\"contentUrl\":\"https:\\\/\\\/schweizversand.ch\\\/wp-content\\\/uploads\\\/2026\\\/03\\\/Logo_Rund_Final-1.png\",\"width\":404,\"height\":404,\"caption\":\"Schweizversand.ch\"},\"image\":{\"@id\":\"https:\\\/\\\/schweizversand.ch\\\/fr\\\/#\\\/schema\\\/logo\\\/image\\\/\"},\"sameAs\":[\"https:\\\/\\\/www.facebook.com\\\/Schweizversand\",\"https:\\\/\\\/www.instagram.com\\\/schweizversand.ch\\\/\"]}]}<\/script>\n<!-- \/ Yoast SEO plugin. -->","yoast_head_json":{"title":"Trespass QIKPAC Regenhose - UNISEX","description":"Die Trespass Regenhose bietet Schutz vor schlechtem Wetter und ist mit praktischen Funktionen ausgestattet.\u00a0 Hier sind die Details dieser Regenhose:\u00a0 Beschrei","robots":{"index":"index","follow":"follow","max-snippet":"max-snippet:-1","max-image-preview":"max-image-preview:large","max-video-preview":"max-video-preview:-1"},"canonical":"https:\/\/schweizversand.ch\/fr\/produkt\/trespass-qikpac-regenhose-unisex-2\/","og_locale":"fr_FR","og_type":"article","og_title":"Trespass QIKPAC Regenhose - UNISEX","og_description":"Die Trespass Regenhose bietet Schutz vor schlechtem Wetter und ist mit praktischen Funktionen ausgestattet.\u00a0 Hier sind die Details dieser Regenhose:\u00a0 Beschrei","og_url":"https:\/\/schweizversand.ch\/fr\/produkt\/trespass-qikpac-regenhose-unisex-2\/","og_site_name":"Schweizer Shop f\u00fcr Sport, Spiel und Freizeit","article_publisher":"https:\/\/www.facebook.com\/Schweizversand","article_modified_time":"2026-04-12T00:06:32+00:00","og_image":[{"width":343,"height":1024,"url":"https:\/\/schweizversand.ch\/wp-content\/uploads\/2026\/02\/5471487921.jpg","type":"image\/jpeg"}],"twitter_card":"summary_large_image","twitter_misc":{"Dur\u00e9e de lecture estim\u00e9e":"1 minute"},"schema":{"@context":"https:\/\/schema.org","@graph":[{"@type":"WebPage","@id":"https:\/\/schweizversand.ch\/fr\/produkt\/trespass-qikpac-regenhose-unisex-2\/","url":"https:\/\/schweizversand.ch\/fr\/produkt\/trespass-qikpac-regenhose-unisex-2\/","name":"Trespass QIKPAC Regenhose - UNISEX","isPartOf":{"@id":"https:\/\/schweizversand.ch\/fr\/#website"},"primaryImageOfPage":{"@id":"https:\/\/schweizversand.ch\/fr\/produkt\/trespass-qikpac-regenhose-unisex-2\/#primaryimage"},"image":{"@id":"https:\/\/schweizversand.ch\/fr\/produkt\/trespass-qikpac-regenhose-unisex-2\/#primaryimage"},"thumbnailUrl":"https:\/\/schweizversand.ch\/wp-content\/uploads\/2026\/02\/5471487921.jpg","datePublished":"2026-03-14T23:55:46+00:00","dateModified":"2026-04-12T00:06:32+00:00","description":"Die Trespass Regenhose bietet Schutz vor schlechtem Wetter und ist mit praktischen Funktionen ausgestattet.\u00a0 Hier sind die Details dieser Regenhose:\u00a0 Beschrei","breadcrumb":{"@id":"https:\/\/schweizversand.ch\/fr\/produkt\/trespass-qikpac-regenhose-unisex-2\/#breadcrumb"},"inLanguage":"fr-FR","potentialAction":[{"@type":"ReadAction","target":["https:\/\/schweizversand.ch\/fr\/produkt\/trespass-qikpac-regenhose-unisex-2\/"]}]},{"@type":"ImageObject","inLanguage":"fr-FR","@id":"https:\/\/schweizversand.ch\/fr\/produkt\/trespass-qikpac-regenhose-unisex-2\/#primaryimage","url":"https:\/\/schweizversand.ch\/wp-content\/uploads\/2026\/02\/5471487921.jpg","contentUrl":"https:\/\/schweizversand.ch\/wp-content\/uploads\/2026\/02\/5471487921.jpg","width":343,"height":1024},{"@type":"BreadcrumbList","@id":"https:\/\/schweizversand.ch\/fr\/produkt\/trespass-qikpac-regenhose-unisex-2\/#breadcrumb","itemListElement":[{"@type":"ListItem","position":1,"name":"Startseite","item":"https:\/\/schweizversand.ch\/fr\/"},{"@type":"ListItem","position":2,"name":"Boutique","item":"https:\/\/schweizversand.ch\/fr\/boutique\/"},{"@type":"ListItem","position":3,"name":"Pantalon de pluie Trespass QIKPAC &#8211; UNISEXE"}]},{"@type":"WebSite","@id":"https:\/\/schweizversand.ch\/fr\/#website","url":"https:\/\/schweizversand.ch\/fr\/","name":"Schweizer Shop f\u00fcr Sport, Spiel und Freizeit","description":"Gratisversand ab 50.- (netto), ab eigenem schweizer Lager, Lieferung innert 48h","publisher":{"@id":"https:\/\/schweizversand.ch\/fr\/#organization"},"alternateName":"Schweizversand.ch","potentialAction":[{"@type":"SearchAction","target":{"@type":"EntryPoint","urlTemplate":"https:\/\/schweizversand.ch\/fr\/?s={search_term_string}"},"query-input":{"@type":"PropertyValueSpecification","valueRequired":true,"valueName":"search_term_string"}}],"inLanguage":"fr-FR"},{"@type":"Organization","@id":"https:\/\/schweizversand.ch\/fr\/#organization","name":"Schweizversand.ch","url":"https:\/\/schweizversand.ch\/fr\/","logo":{"@type":"ImageObject","inLanguage":"fr-FR","@id":"https:\/\/schweizversand.ch\/fr\/#\/schema\/logo\/image\/","url":"https:\/\/schweizversand.ch\/wp-content\/uploads\/2026\/03\/Logo_Rund_Final-1.png","contentUrl":"https:\/\/schweizversand.ch\/wp-content\/uploads\/2026\/03\/Logo_Rund_Final-1.png","width":404,"height":404,"caption":"Schweizversand.ch"},"image":{"@id":"https:\/\/schweizversand.ch\/fr\/#\/schema\/logo\/image\/"},"sameAs":["https:\/\/www.facebook.com\/Schweizversand","https:\/\/www.instagram.com\/schweizversand.ch\/"]}]}},"jetpack_sharing_enabled":true,"_links":{"self":[{"href":"https:\/\/schweizversand.ch\/fr\/wp-json\/wp\/v2\/product\/259823","targetHints":{"allow":["GET"]}}],"collection":[{"href":"https:\/\/schweizversand.ch\/fr\/wp-json\/wp\/v2\/product"}],"about":[{"href":"https:\/\/schweizversand.ch\/fr\/wp-json\/wp\/v2\/types\/product"}],"replies":[{"embeddable":true,"href":"https:\/\/schweizversand.ch\/fr\/wp-json\/wp\/v2\/comments?post=259823"}],"wp:featuredmedia":[{"embeddable":true,"href":"https:\/\/schweizversand.ch\/fr\/wp-json\/wp\/v2\/media\/160734"}],"wp:attachment":[{"href":"https:\/\/schweizversand.ch\/fr\/wp-json\/wp\/v2\/media?parent=259823"}],"wp:term":[{"taxonomy":"product_brand","embeddable":true,"href":"https:\/\/schweizversand.ch\/fr\/wp-json\/wp\/v2\/product_brand?post=259823"},{"taxonomy":"product_cat","embeddable":true,"href":"https:\/\/schweizversand.ch\/fr\/wp-json\/wp\/v2\/product_cat?post=259823"},{"taxonomy":"product_tag","embeddable":true,"href":"https:\/\/schweizversand.ch\/fr\/wp-json\/wp\/v2\/product_tag?post=259823"}],"curies":[{"name":"wp","href":"https:\/\/api.w.org\/{rel}","templated":true}]}}