{"id":259843,"date":"2026-03-15T00:55:48","date_gmt":"2026-03-14T23:55:48","guid":{"rendered":"https:\/\/schweizversand.ch\/produkt\/trespass-softly-damen-kaputzenpullover-16\/"},"modified":"2026-04-19T02:04:36","modified_gmt":"2026-04-19T00:04:36","slug":"trespass-softly-damen-kaputzenpullover-16","status":"publish","type":"product","link":"https:\/\/schweizversand.ch\/fr\/produkt\/trespass-softly-damen-kaputzenpullover-16\/","title":{"rendered":"Intrusion DOUCEMENT &#8211; sweat \u00e0 capuche pour femmes"},"content":{"rendered":"<p>Confort et fonctionnalit\u00e9 r\u00e9unis : votre nouveau sweat \u00e0 capuche pr\u00e9f\u00e9r\u00e9 !<\/p>\n<\/p>\n<p>Ce sweat \u00e0 capuche allie design moderne, confort optimal et fonctionnalit\u00e9s pratiques. Gr\u00e2ce \u00e0 sa mati\u00e8re de haute qualit\u00e9 et \u00e0 ses d\u00e9tails bien pens\u00e9s, il est le compagnon id\u00e9al en toutes occasions : loisirs, sport ou d\u00e9tente \u00e0 la maison.<\/p>\n<\/p>\n<p>Points forts et caract\u00e9ristiques :<\/p>\n<\/p>\n<p>Rayures teintes dans la masse sur tissu chin\u00e9 \u2013 rehaussent l&rsquo;esth\u00e9tique avec un aspect textur\u00e9 unique.<\/p>\n<\/p>\n<p>Tissu doux et doublement bross\u00e9 \u2013 pour un confort optimal.<\/p>\n<\/p>\n<p>Capuche fixe avec cordon de serrage pour plus de protection et de style \u2013 offre une couverture optimale et un look sportif.<\/p>\n<\/p>\n<p>Demi-zip au col \u2013 pour un enfilage et un retrait faciles et une ventilation ajustable.<\/p>\n<\/p>\n<p>Poche kangourou \u2013 une poche pratique pour garder les mains au chaud ou ranger de petits objets.<\/p>\n<\/p>\n<p>Filets lat\u00e9raux \u00e0 l&rsquo;ourlet \u2013 pour une plus grande libert\u00e9 de mouvement et une coupe d\u00e9contract\u00e9e.<\/p>\n<\/p>\n<p>Manches longues avec liser\u00e9 contrastant \u2013 une touche d&rsquo;\u00e9l\u00e9gance pour un look moderne.<\/p>\n<\/p>\n<p>Tissu de haute qualit\u00e9 :<\/p>\n<\/p>\n<p>Composition : Tissu tricot\u00e9 compos\u00e9 de 88 % de polyester et de 12 % d&rsquo;\u00e9lasthanne \u2013 souple, r\u00e9sistant et facile d&rsquo;entretien.<\/p>\n<\/p>\n<p>Grammage : 270 g\/m\u00b2 \u2013 id\u00e9al pour un \u00e9quilibre parfait entre chaleur et respirabilit\u00e9.<\/p>\n<\/p>\n<p>Que ce soit pour compl\u00e9ter votre garde-robe streetwear avec style, pour vos activit\u00e9s outdoor ou pour un sweat \u00e0 capuche confortable pour vos moments de d\u00e9tente, ce mod\u00e8le vous offre un confort optimal. Fonctionnalit\u00e9 et style r\u00e9unis.<\/p>\n","protected":false},"excerpt":{"rendered":"<p>Trespass SOFTLY \u2013 Damen Kapuzenpullover mit kuscheligem, geb\u00fcrstetem Stoff, stylischem Streifen, praktischer Kapuze und halbem Rei\u00dfverschluss f\u00fcr Komfort und Funktion.<\/p>\n","protected":false},"featured_media":160803,"comment_status":"open","ping_status":"closed","template":"","meta":[],"product_brand":[],"product_cat":[38148],"product_tag":[],"class_list":{"0":"post-259843","1":"product","2":"type-product","3":"status-publish","4":"has-post-thumbnail","6":"product_cat-damenbekleidung","7":"product_shipping_class-global_methods","9":"first","10":"instock","11":"taxable","12":"shipping-taxable","13":"purchasable","14":"product-type-simple"},"yoast_head":"<!-- This site is optimized with the Yoast SEO plugin v27.4 - https:\/\/yoast.com\/product\/yoast-seo-wordpress\/ -->\n<title>Trespass SOFTLY - Damen Kaputzenpullover<\/title>\n<meta name=\"description\" content=\"Komfort trifft auf Funktionalit\u00e4t \u2013 Dein neuer Lieblings-Hoodie! Dieser Hoodie vereint modernes Design mit maximaler Bequemlichkeit und praktischen Features. D\" \/>\n<meta name=\"robots\" content=\"index, follow, max-snippet:-1, max-image-preview:large, max-video-preview:-1\" \/>\n<link rel=\"canonical\" href=\"https:\/\/schweizversand.ch\/fr\/produkt\/trespass-softly-damen-kaputzenpullover-16\/\" \/>\n<meta property=\"og:locale\" content=\"fr_FR\" \/>\n<meta property=\"og:type\" content=\"article\" \/>\n<meta property=\"og:title\" content=\"Trespass SOFTLY - Damen Kaputzenpullover\" \/>\n<meta property=\"og:description\" content=\"Komfort trifft auf Funktionalit\u00e4t \u2013 Dein neuer Lieblings-Hoodie! Dieser Hoodie vereint modernes Design mit maximaler Bequemlichkeit und praktischen Features. D\" \/>\n<meta property=\"og:url\" content=\"https:\/\/schweizversand.ch\/fr\/produkt\/trespass-softly-damen-kaputzenpullover-16\/\" \/>\n<meta property=\"og:site_name\" content=\"Schweizer Shop f\u00fcr Sport, Spiel und Freizeit\" \/>\n<meta property=\"article:publisher\" content=\"https:\/\/www.facebook.com\/Schweizversand\" \/>\n<meta property=\"article:modified_time\" content=\"2026-04-19T00:04:36+00:00\" \/>\n<meta property=\"og:image\" content=\"https:\/\/schweizversand.ch\/wp-content\/uploads\/2026\/02\/5471841427.jpg\" \/>\n\t<meta property=\"og:image:width\" content=\"731\" \/>\n\t<meta property=\"og:image:height\" content=\"1024\" \/>\n\t<meta property=\"og:image:type\" content=\"image\/jpeg\" \/>\n<meta name=\"twitter:card\" content=\"summary_large_image\" \/>\n<meta name=\"twitter:label1\" content=\"Dur\u00e9e de lecture estim\u00e9e\" \/>\n\t<meta name=\"twitter:data1\" content=\"1 minute\" \/>\n<script type=\"application\/ld+json\" class=\"yoast-schema-graph\">{\"@context\":\"https:\\\/\\\/schema.org\",\"@graph\":[{\"@type\":\"WebPage\",\"@id\":\"https:\\\/\\\/schweizversand.ch\\\/fr\\\/produkt\\\/trespass-softly-damen-kaputzenpullover-16\\\/\",\"url\":\"https:\\\/\\\/schweizversand.ch\\\/fr\\\/produkt\\\/trespass-softly-damen-kaputzenpullover-16\\\/\",\"name\":\"Trespass SOFTLY - Damen Kaputzenpullover\",\"isPartOf\":{\"@id\":\"https:\\\/\\\/schweizversand.ch\\\/fr\\\/#website\"},\"primaryImageOfPage\":{\"@id\":\"https:\\\/\\\/schweizversand.ch\\\/fr\\\/produkt\\\/trespass-softly-damen-kaputzenpullover-16\\\/#primaryimage\"},\"image\":{\"@id\":\"https:\\\/\\\/schweizversand.ch\\\/fr\\\/produkt\\\/trespass-softly-damen-kaputzenpullover-16\\\/#primaryimage\"},\"thumbnailUrl\":\"https:\\\/\\\/schweizversand.ch\\\/wp-content\\\/uploads\\\/2026\\\/02\\\/5471841427.jpg\",\"datePublished\":\"2026-03-14T23:55:48+00:00\",\"dateModified\":\"2026-04-19T00:04:36+00:00\",\"description\":\"Komfort trifft auf Funktionalit\u00e4t \u2013 Dein neuer Lieblings-Hoodie! Dieser Hoodie vereint modernes Design mit maximaler Bequemlichkeit und praktischen Features. D\",\"breadcrumb\":{\"@id\":\"https:\\\/\\\/schweizversand.ch\\\/fr\\\/produkt\\\/trespass-softly-damen-kaputzenpullover-16\\\/#breadcrumb\"},\"inLanguage\":\"fr-FR\",\"potentialAction\":[{\"@type\":\"ReadAction\",\"target\":[\"https:\\\/\\\/schweizversand.ch\\\/fr\\\/produkt\\\/trespass-softly-damen-kaputzenpullover-16\\\/\"]}]},{\"@type\":\"ImageObject\",\"inLanguage\":\"fr-FR\",\"@id\":\"https:\\\/\\\/schweizversand.ch\\\/fr\\\/produkt\\\/trespass-softly-damen-kaputzenpullover-16\\\/#primaryimage\",\"url\":\"https:\\\/\\\/schweizversand.ch\\\/wp-content\\\/uploads\\\/2026\\\/02\\\/5471841427.jpg\",\"contentUrl\":\"https:\\\/\\\/schweizversand.ch\\\/wp-content\\\/uploads\\\/2026\\\/02\\\/5471841427.jpg\",\"width\":731,\"height\":1024},{\"@type\":\"BreadcrumbList\",\"@id\":\"https:\\\/\\\/schweizversand.ch\\\/fr\\\/produkt\\\/trespass-softly-damen-kaputzenpullover-16\\\/#breadcrumb\",\"itemListElement\":[{\"@type\":\"ListItem\",\"position\":1,\"name\":\"Startseite\",\"item\":\"https:\\\/\\\/schweizversand.ch\\\/fr\\\/home\\\/\"},{\"@type\":\"ListItem\",\"position\":2,\"name\":\"Boutique\",\"item\":\"https:\\\/\\\/schweizversand.ch\\\/fr\\\/boutique\\\/\"},{\"@type\":\"ListItem\",\"position\":3,\"name\":\"Mode\",\"item\":\"https:\\\/\\\/schweizversand.ch\\\/fr\\\/produkt-kategorie\\\/mode-fr\\\/\"},{\"@type\":\"ListItem\",\"position\":4,\"name\":\"Mode f\u00e9minine\",\"item\":\"https:\\\/\\\/schweizversand.ch\\\/fr\\\/produkt-kategorie\\\/mode-fr\\\/mode-feminine\\\/\"},{\"@type\":\"ListItem\",\"position\":5,\"name\":\"V\u00eatements pour femmes\",\"item\":\"https:\\\/\\\/schweizversand.ch\\\/fr\\\/produkt-kategorie\\\/mode-fr\\\/mode-feminine\\\/damenbekleidung\\\/\"},{\"@type\":\"ListItem\",\"position\":6,\"name\":\"Intrusion DOUCEMENT &#8211; sweat \u00e0 capuche pour femmes\"}]},{\"@type\":\"WebSite\",\"@id\":\"https:\\\/\\\/schweizversand.ch\\\/fr\\\/#website\",\"url\":\"https:\\\/\\\/schweizversand.ch\\\/fr\\\/\",\"name\":\"Schweizer Shop f\u00fcr Sport, Spiel und Freizeit\",\"description\":\"Gratisversand ab 50.- (netto), ab eigenem schweizer Lager, Lieferung innert 48h\",\"publisher\":{\"@id\":\"https:\\\/\\\/schweizversand.ch\\\/fr\\\/#organization\"},\"alternateName\":\"Schweizversand.ch\",\"potentialAction\":[{\"@type\":\"SearchAction\",\"target\":{\"@type\":\"EntryPoint\",\"urlTemplate\":\"https:\\\/\\\/schweizversand.ch\\\/fr\\\/?s={search_term_string}\"},\"query-input\":{\"@type\":\"PropertyValueSpecification\",\"valueRequired\":true,\"valueName\":\"search_term_string\"}}],\"inLanguage\":\"fr-FR\"},{\"@type\":\"Organization\",\"@id\":\"https:\\\/\\\/schweizversand.ch\\\/fr\\\/#organization\",\"name\":\"Schweizversand.ch\",\"url\":\"https:\\\/\\\/schweizversand.ch\\\/fr\\\/\",\"logo\":{\"@type\":\"ImageObject\",\"inLanguage\":\"fr-FR\",\"@id\":\"https:\\\/\\\/schweizversand.ch\\\/fr\\\/#\\\/schema\\\/logo\\\/image\\\/\",\"url\":\"https:\\\/\\\/schweizversand.ch\\\/wp-content\\\/uploads\\\/2026\\\/03\\\/Logo_Rund_Final-1.png\",\"contentUrl\":\"https:\\\/\\\/schweizversand.ch\\\/wp-content\\\/uploads\\\/2026\\\/03\\\/Logo_Rund_Final-1.png\",\"width\":404,\"height\":404,\"caption\":\"Schweizversand.ch\"},\"image\":{\"@id\":\"https:\\\/\\\/schweizversand.ch\\\/fr\\\/#\\\/schema\\\/logo\\\/image\\\/\"},\"sameAs\":[\"https:\\\/\\\/www.facebook.com\\\/Schweizversand\",\"https:\\\/\\\/www.instagram.com\\\/schweizversand.ch\\\/\"]}]}<\/script>\n<!-- \/ Yoast SEO plugin. -->","yoast_head_json":{"title":"Trespass SOFTLY - Damen Kaputzenpullover","description":"Komfort trifft auf Funktionalit\u00e4t \u2013 Dein neuer Lieblings-Hoodie! Dieser Hoodie vereint modernes Design mit maximaler Bequemlichkeit und praktischen Features. D","robots":{"index":"index","follow":"follow","max-snippet":"max-snippet:-1","max-image-preview":"max-image-preview:large","max-video-preview":"max-video-preview:-1"},"canonical":"https:\/\/schweizversand.ch\/fr\/produkt\/trespass-softly-damen-kaputzenpullover-16\/","og_locale":"fr_FR","og_type":"article","og_title":"Trespass SOFTLY - Damen Kaputzenpullover","og_description":"Komfort trifft auf Funktionalit\u00e4t \u2013 Dein neuer Lieblings-Hoodie! Dieser Hoodie vereint modernes Design mit maximaler Bequemlichkeit und praktischen Features. D","og_url":"https:\/\/schweizversand.ch\/fr\/produkt\/trespass-softly-damen-kaputzenpullover-16\/","og_site_name":"Schweizer Shop f\u00fcr Sport, Spiel und Freizeit","article_publisher":"https:\/\/www.facebook.com\/Schweizversand","article_modified_time":"2026-04-19T00:04:36+00:00","og_image":[{"width":731,"height":1024,"url":"https:\/\/schweizversand.ch\/wp-content\/uploads\/2026\/02\/5471841427.jpg","type":"image\/jpeg"}],"twitter_card":"summary_large_image","twitter_misc":{"Dur\u00e9e de lecture estim\u00e9e":"1 minute"},"schema":{"@context":"https:\/\/schema.org","@graph":[{"@type":"WebPage","@id":"https:\/\/schweizversand.ch\/fr\/produkt\/trespass-softly-damen-kaputzenpullover-16\/","url":"https:\/\/schweizversand.ch\/fr\/produkt\/trespass-softly-damen-kaputzenpullover-16\/","name":"Trespass SOFTLY - Damen Kaputzenpullover","isPartOf":{"@id":"https:\/\/schweizversand.ch\/fr\/#website"},"primaryImageOfPage":{"@id":"https:\/\/schweizversand.ch\/fr\/produkt\/trespass-softly-damen-kaputzenpullover-16\/#primaryimage"},"image":{"@id":"https:\/\/schweizversand.ch\/fr\/produkt\/trespass-softly-damen-kaputzenpullover-16\/#primaryimage"},"thumbnailUrl":"https:\/\/schweizversand.ch\/wp-content\/uploads\/2026\/02\/5471841427.jpg","datePublished":"2026-03-14T23:55:48+00:00","dateModified":"2026-04-19T00:04:36+00:00","description":"Komfort trifft auf Funktionalit\u00e4t \u2013 Dein neuer Lieblings-Hoodie! Dieser Hoodie vereint modernes Design mit maximaler Bequemlichkeit und praktischen Features. D","breadcrumb":{"@id":"https:\/\/schweizversand.ch\/fr\/produkt\/trespass-softly-damen-kaputzenpullover-16\/#breadcrumb"},"inLanguage":"fr-FR","potentialAction":[{"@type":"ReadAction","target":["https:\/\/schweizversand.ch\/fr\/produkt\/trespass-softly-damen-kaputzenpullover-16\/"]}]},{"@type":"ImageObject","inLanguage":"fr-FR","@id":"https:\/\/schweizversand.ch\/fr\/produkt\/trespass-softly-damen-kaputzenpullover-16\/#primaryimage","url":"https:\/\/schweizversand.ch\/wp-content\/uploads\/2026\/02\/5471841427.jpg","contentUrl":"https:\/\/schweizversand.ch\/wp-content\/uploads\/2026\/02\/5471841427.jpg","width":731,"height":1024},{"@type":"BreadcrumbList","@id":"https:\/\/schweizversand.ch\/fr\/produkt\/trespass-softly-damen-kaputzenpullover-16\/#breadcrumb","itemListElement":[{"@type":"ListItem","position":1,"name":"Startseite","item":"https:\/\/schweizversand.ch\/fr\/home\/"},{"@type":"ListItem","position":2,"name":"Boutique","item":"https:\/\/schweizversand.ch\/fr\/boutique\/"},{"@type":"ListItem","position":3,"name":"Mode","item":"https:\/\/schweizversand.ch\/fr\/produkt-kategorie\/mode-fr\/"},{"@type":"ListItem","position":4,"name":"Mode f\u00e9minine","item":"https:\/\/schweizversand.ch\/fr\/produkt-kategorie\/mode-fr\/mode-feminine\/"},{"@type":"ListItem","position":5,"name":"V\u00eatements pour femmes","item":"https:\/\/schweizversand.ch\/fr\/produkt-kategorie\/mode-fr\/mode-feminine\/damenbekleidung\/"},{"@type":"ListItem","position":6,"name":"Intrusion DOUCEMENT &#8211; sweat \u00e0 capuche pour femmes"}]},{"@type":"WebSite","@id":"https:\/\/schweizversand.ch\/fr\/#website","url":"https:\/\/schweizversand.ch\/fr\/","name":"Schweizer Shop f\u00fcr Sport, Spiel und Freizeit","description":"Gratisversand ab 50.- (netto), ab eigenem schweizer Lager, Lieferung innert 48h","publisher":{"@id":"https:\/\/schweizversand.ch\/fr\/#organization"},"alternateName":"Schweizversand.ch","potentialAction":[{"@type":"SearchAction","target":{"@type":"EntryPoint","urlTemplate":"https:\/\/schweizversand.ch\/fr\/?s={search_term_string}"},"query-input":{"@type":"PropertyValueSpecification","valueRequired":true,"valueName":"search_term_string"}}],"inLanguage":"fr-FR"},{"@type":"Organization","@id":"https:\/\/schweizversand.ch\/fr\/#organization","name":"Schweizversand.ch","url":"https:\/\/schweizversand.ch\/fr\/","logo":{"@type":"ImageObject","inLanguage":"fr-FR","@id":"https:\/\/schweizversand.ch\/fr\/#\/schema\/logo\/image\/","url":"https:\/\/schweizversand.ch\/wp-content\/uploads\/2026\/03\/Logo_Rund_Final-1.png","contentUrl":"https:\/\/schweizversand.ch\/wp-content\/uploads\/2026\/03\/Logo_Rund_Final-1.png","width":404,"height":404,"caption":"Schweizversand.ch"},"image":{"@id":"https:\/\/schweizversand.ch\/fr\/#\/schema\/logo\/image\/"},"sameAs":["https:\/\/www.facebook.com\/Schweizversand","https:\/\/www.instagram.com\/schweizversand.ch\/"]}]}},"jetpack_sharing_enabled":true,"_links":{"self":[{"href":"https:\/\/schweizversand.ch\/fr\/wp-json\/wp\/v2\/product\/259843","targetHints":{"allow":["GET"]}}],"collection":[{"href":"https:\/\/schweizversand.ch\/fr\/wp-json\/wp\/v2\/product"}],"about":[{"href":"https:\/\/schweizversand.ch\/fr\/wp-json\/wp\/v2\/types\/product"}],"replies":[{"embeddable":true,"href":"https:\/\/schweizversand.ch\/fr\/wp-json\/wp\/v2\/comments?post=259843"}],"wp:featuredmedia":[{"embeddable":true,"href":"https:\/\/schweizversand.ch\/fr\/wp-json\/wp\/v2\/media\/160803"}],"wp:attachment":[{"href":"https:\/\/schweizversand.ch\/fr\/wp-json\/wp\/v2\/media?parent=259843"}],"wp:term":[{"taxonomy":"product_brand","embeddable":true,"href":"https:\/\/schweizversand.ch\/fr\/wp-json\/wp\/v2\/product_brand?post=259843"},{"taxonomy":"product_cat","embeddable":true,"href":"https:\/\/schweizversand.ch\/fr\/wp-json\/wp\/v2\/product_cat?post=259843"},{"taxonomy":"product_tag","embeddable":true,"href":"https:\/\/schweizversand.ch\/fr\/wp-json\/wp\/v2\/product_tag?post=259843"}],"curies":[{"name":"wp","href":"https:\/\/api.w.org\/{rel}","templated":true}]}}