{"id":259858,"date":"2026-03-15T00:55:49","date_gmt":"2026-03-14T23:55:49","guid":{"rendered":"https:\/\/schweizversand.ch\/produkt\/trespass-metraya-damenpullover-mit-kapuze-13\/"},"modified":"2026-04-19T15:35:23","modified_gmt":"2026-04-19T13:35:23","slug":"trespass-metraya-damenpullover-mit-kapuze-13","status":"publish","type":"product","link":"https:\/\/schweizversand.ch\/fr\/produkt\/trespass-metraya-damenpullover-mit-kapuze-13\/","title":{"rendered":"Pull \u00e0 capuche pour femme Trespass METRAYA"},"content":{"rendered":"<p>D\u00e9couvrez le confort de la polaire doublement bross\u00e9e \u2013 votre alli\u00e9e id\u00e9ale pour les journ\u00e9es froides ! Ce pull de haute qualit\u00e9, 100 % polyester, offre une excellente isolation thermique et un confort exceptionnel. La polaire doublement bross\u00e9e vous assure un confort optimal m\u00eame par basses temp\u00e9ratures. La technologie Airtrap vous prot\u00e8ge du froid, tandis que la mati\u00e8re respirante assure une r\u00e9gulation thermique parfaite. Le demi-zip au niveau du col permet un ajustement flexible selon la m\u00e9t\u00e9o et vos besoins. La capuche et la poche kangourou offrent un confort et un espace de rangement suppl\u00e9mentaires. Les finitions \u00e0 l&rsquo;ourlet et \u00e0 la capuche conf\u00e8rent au pull une allure moderne, tandis que l&rsquo;\u00e9cusson \u00e9l\u00e9gant sur la manche compl\u00e8te parfaitement son design. Gr\u00e2ce \u00e0 sa maille robuste et \u00e0 son tissu l\u00e9ger de 200 g\/m\u00b2, ce pull convient aussi bien aux activit\u00e9s sportives qu&rsquo;au quotidien. Adoptez-le ! Id\u00e9al pour les personnes actives qui ne font aucun compromis sur le style et la fonctionnalit\u00e9.<\/p>\n","protected":false},"excerpt":{"rendered":"<p>Trespass METRAYA \u2013 Damenpullover mit Kapuze aus doppelseitig geb\u00fcrstetem Vlies f\u00fcr W\u00e4rme, Komfort und Stil. Airtrap-Technologie und halber Rei\u00dfverschluss f\u00fcr perfekte Passform.<\/p>\n","protected":false},"featured_media":160858,"comment_status":"open","ping_status":"closed","template":"","meta":[],"product_brand":[],"product_cat":[38148],"product_tag":[],"class_list":{"0":"post-259858","1":"product","2":"type-product","3":"status-publish","4":"has-post-thumbnail","6":"product_cat-damenbekleidung","7":"product_shipping_class-global_methods","9":"first","10":"instock","11":"taxable","12":"shipping-taxable","13":"purchasable","14":"product-type-simple"},"yoast_head":"<!-- This site is optimized with the Yoast SEO plugin v27.4 - https:\/\/yoast.com\/product\/yoast-seo-wordpress\/ -->\n<title>Trespass METRAYA - Damenpullover mit Kapuze<\/title>\n<meta name=\"description\" content=\"Entdecke den Komfort des doppelseitig geb\u00fcrstete Vlies\u00a0 \u2013 Dein perfekter Begleiter f\u00fcr kalte Tage! \u00a0 Mit diesem hochwertigen Pullover aus 100% Polyester setzt d\" \/>\n<meta name=\"robots\" content=\"index, follow, max-snippet:-1, max-image-preview:large, max-video-preview:-1\" \/>\n<link rel=\"canonical\" href=\"https:\/\/schweizversand.ch\/fr\/produkt\/trespass-metraya-damenpullover-mit-kapuze-13\/\" \/>\n<meta property=\"og:locale\" content=\"fr_FR\" \/>\n<meta property=\"og:type\" content=\"article\" \/>\n<meta property=\"og:title\" content=\"Trespass METRAYA - Damenpullover mit Kapuze\" \/>\n<meta property=\"og:description\" content=\"Entdecke den Komfort des doppelseitig geb\u00fcrstete Vlies\u00a0 \u2013 Dein perfekter Begleiter f\u00fcr kalte Tage! \u00a0 Mit diesem hochwertigen Pullover aus 100% Polyester setzt d\" \/>\n<meta property=\"og:url\" content=\"https:\/\/schweizversand.ch\/fr\/produkt\/trespass-metraya-damenpullover-mit-kapuze-13\/\" \/>\n<meta property=\"og:site_name\" content=\"Schweizer Shop f\u00fcr Sport, Spiel und Freizeit\" \/>\n<meta property=\"article:publisher\" content=\"https:\/\/www.facebook.com\/Schweizversand\" \/>\n<meta property=\"article:modified_time\" content=\"2026-04-19T13:35:23+00:00\" \/>\n<meta property=\"og:image\" content=\"https:\/\/schweizversand.ch\/wp-content\/uploads\/2026\/02\/5471875974.jpg\" \/>\n\t<meta property=\"og:image:width\" content=\"732\" \/>\n\t<meta property=\"og:image:height\" content=\"1024\" \/>\n\t<meta property=\"og:image:type\" content=\"image\/jpeg\" \/>\n<meta name=\"twitter:card\" content=\"summary_large_image\" \/>\n<meta name=\"twitter:label1\" content=\"Dur\u00e9e de lecture estim\u00e9e\" \/>\n\t<meta name=\"twitter:data1\" content=\"1 minute\" \/>\n<script type=\"application\/ld+json\" class=\"yoast-schema-graph\">{\"@context\":\"https:\\\/\\\/schema.org\",\"@graph\":[{\"@type\":\"WebPage\",\"@id\":\"https:\\\/\\\/schweizversand.ch\\\/fr\\\/produkt\\\/trespass-metraya-damenpullover-mit-kapuze-13\\\/\",\"url\":\"https:\\\/\\\/schweizversand.ch\\\/fr\\\/produkt\\\/trespass-metraya-damenpullover-mit-kapuze-13\\\/\",\"name\":\"Trespass METRAYA - Damenpullover mit Kapuze\",\"isPartOf\":{\"@id\":\"https:\\\/\\\/schweizversand.ch\\\/fr\\\/#website\"},\"primaryImageOfPage\":{\"@id\":\"https:\\\/\\\/schweizversand.ch\\\/fr\\\/produkt\\\/trespass-metraya-damenpullover-mit-kapuze-13\\\/#primaryimage\"},\"image\":{\"@id\":\"https:\\\/\\\/schweizversand.ch\\\/fr\\\/produkt\\\/trespass-metraya-damenpullover-mit-kapuze-13\\\/#primaryimage\"},\"thumbnailUrl\":\"https:\\\/\\\/schweizversand.ch\\\/wp-content\\\/uploads\\\/2026\\\/02\\\/5471875974.jpg\",\"datePublished\":\"2026-03-14T23:55:49+00:00\",\"dateModified\":\"2026-04-19T13:35:23+00:00\",\"description\":\"Entdecke den Komfort des doppelseitig geb\u00fcrstete Vlies\u00a0 \u2013 Dein perfekter Begleiter f\u00fcr kalte Tage! \u00a0 Mit diesem hochwertigen Pullover aus 100% Polyester setzt d\",\"breadcrumb\":{\"@id\":\"https:\\\/\\\/schweizversand.ch\\\/fr\\\/produkt\\\/trespass-metraya-damenpullover-mit-kapuze-13\\\/#breadcrumb\"},\"inLanguage\":\"fr-FR\",\"potentialAction\":[{\"@type\":\"ReadAction\",\"target\":[\"https:\\\/\\\/schweizversand.ch\\\/fr\\\/produkt\\\/trespass-metraya-damenpullover-mit-kapuze-13\\\/\"]}]},{\"@type\":\"ImageObject\",\"inLanguage\":\"fr-FR\",\"@id\":\"https:\\\/\\\/schweizversand.ch\\\/fr\\\/produkt\\\/trespass-metraya-damenpullover-mit-kapuze-13\\\/#primaryimage\",\"url\":\"https:\\\/\\\/schweizversand.ch\\\/wp-content\\\/uploads\\\/2026\\\/02\\\/5471875974.jpg\",\"contentUrl\":\"https:\\\/\\\/schweizversand.ch\\\/wp-content\\\/uploads\\\/2026\\\/02\\\/5471875974.jpg\",\"width\":732,\"height\":1024},{\"@type\":\"BreadcrumbList\",\"@id\":\"https:\\\/\\\/schweizversand.ch\\\/fr\\\/produkt\\\/trespass-metraya-damenpullover-mit-kapuze-13\\\/#breadcrumb\",\"itemListElement\":[{\"@type\":\"ListItem\",\"position\":1,\"name\":\"Startseite\",\"item\":\"https:\\\/\\\/schweizversand.ch\\\/fr\\\/home\\\/\"},{\"@type\":\"ListItem\",\"position\":2,\"name\":\"Boutique\",\"item\":\"https:\\\/\\\/schweizversand.ch\\\/fr\\\/boutique\\\/\"},{\"@type\":\"ListItem\",\"position\":3,\"name\":\"Mode\",\"item\":\"https:\\\/\\\/schweizversand.ch\\\/fr\\\/produkt-kategorie\\\/mode-fr\\\/\"},{\"@type\":\"ListItem\",\"position\":4,\"name\":\"Mode f\u00e9minine\",\"item\":\"https:\\\/\\\/schweizversand.ch\\\/fr\\\/produkt-kategorie\\\/mode-fr\\\/mode-feminine\\\/\"},{\"@type\":\"ListItem\",\"position\":5,\"name\":\"V\u00eatements pour femmes\",\"item\":\"https:\\\/\\\/schweizversand.ch\\\/fr\\\/produkt-kategorie\\\/mode-fr\\\/mode-feminine\\\/damenbekleidung\\\/\"},{\"@type\":\"ListItem\",\"position\":6,\"name\":\"Pull \u00e0 capuche pour femme Trespass METRAYA\"}]},{\"@type\":\"WebSite\",\"@id\":\"https:\\\/\\\/schweizversand.ch\\\/fr\\\/#website\",\"url\":\"https:\\\/\\\/schweizversand.ch\\\/fr\\\/\",\"name\":\"Schweizer Shop f\u00fcr Sport, Spiel und Freizeit\",\"description\":\"Gratisversand ab 50.- (netto), ab eigenem schweizer Lager, Lieferung innert 48h\",\"publisher\":{\"@id\":\"https:\\\/\\\/schweizversand.ch\\\/fr\\\/#organization\"},\"alternateName\":\"Schweizversand.ch\",\"potentialAction\":[{\"@type\":\"SearchAction\",\"target\":{\"@type\":\"EntryPoint\",\"urlTemplate\":\"https:\\\/\\\/schweizversand.ch\\\/fr\\\/?s={search_term_string}\"},\"query-input\":{\"@type\":\"PropertyValueSpecification\",\"valueRequired\":true,\"valueName\":\"search_term_string\"}}],\"inLanguage\":\"fr-FR\"},{\"@type\":\"Organization\",\"@id\":\"https:\\\/\\\/schweizversand.ch\\\/fr\\\/#organization\",\"name\":\"Schweizversand.ch\",\"url\":\"https:\\\/\\\/schweizversand.ch\\\/fr\\\/\",\"logo\":{\"@type\":\"ImageObject\",\"inLanguage\":\"fr-FR\",\"@id\":\"https:\\\/\\\/schweizversand.ch\\\/fr\\\/#\\\/schema\\\/logo\\\/image\\\/\",\"url\":\"https:\\\/\\\/schweizversand.ch\\\/wp-content\\\/uploads\\\/2026\\\/03\\\/Logo_Rund_Final-1.png\",\"contentUrl\":\"https:\\\/\\\/schweizversand.ch\\\/wp-content\\\/uploads\\\/2026\\\/03\\\/Logo_Rund_Final-1.png\",\"width\":404,\"height\":404,\"caption\":\"Schweizversand.ch\"},\"image\":{\"@id\":\"https:\\\/\\\/schweizversand.ch\\\/fr\\\/#\\\/schema\\\/logo\\\/image\\\/\"},\"sameAs\":[\"https:\\\/\\\/www.facebook.com\\\/Schweizversand\",\"https:\\\/\\\/www.instagram.com\\\/schweizversand.ch\\\/\"]}]}<\/script>\n<!-- \/ Yoast SEO plugin. -->","yoast_head_json":{"title":"Trespass METRAYA - Damenpullover mit Kapuze","description":"Entdecke den Komfort des doppelseitig geb\u00fcrstete Vlies\u00a0 \u2013 Dein perfekter Begleiter f\u00fcr kalte Tage! \u00a0 Mit diesem hochwertigen Pullover aus 100% Polyester setzt d","robots":{"index":"index","follow":"follow","max-snippet":"max-snippet:-1","max-image-preview":"max-image-preview:large","max-video-preview":"max-video-preview:-1"},"canonical":"https:\/\/schweizversand.ch\/fr\/produkt\/trespass-metraya-damenpullover-mit-kapuze-13\/","og_locale":"fr_FR","og_type":"article","og_title":"Trespass METRAYA - Damenpullover mit Kapuze","og_description":"Entdecke den Komfort des doppelseitig geb\u00fcrstete Vlies\u00a0 \u2013 Dein perfekter Begleiter f\u00fcr kalte Tage! \u00a0 Mit diesem hochwertigen Pullover aus 100% Polyester setzt d","og_url":"https:\/\/schweizversand.ch\/fr\/produkt\/trespass-metraya-damenpullover-mit-kapuze-13\/","og_site_name":"Schweizer Shop f\u00fcr Sport, Spiel und Freizeit","article_publisher":"https:\/\/www.facebook.com\/Schweizversand","article_modified_time":"2026-04-19T13:35:23+00:00","og_image":[{"width":732,"height":1024,"url":"https:\/\/schweizversand.ch\/wp-content\/uploads\/2026\/02\/5471875974.jpg","type":"image\/jpeg"}],"twitter_card":"summary_large_image","twitter_misc":{"Dur\u00e9e de lecture estim\u00e9e":"1 minute"},"schema":{"@context":"https:\/\/schema.org","@graph":[{"@type":"WebPage","@id":"https:\/\/schweizversand.ch\/fr\/produkt\/trespass-metraya-damenpullover-mit-kapuze-13\/","url":"https:\/\/schweizversand.ch\/fr\/produkt\/trespass-metraya-damenpullover-mit-kapuze-13\/","name":"Trespass METRAYA - Damenpullover mit Kapuze","isPartOf":{"@id":"https:\/\/schweizversand.ch\/fr\/#website"},"primaryImageOfPage":{"@id":"https:\/\/schweizversand.ch\/fr\/produkt\/trespass-metraya-damenpullover-mit-kapuze-13\/#primaryimage"},"image":{"@id":"https:\/\/schweizversand.ch\/fr\/produkt\/trespass-metraya-damenpullover-mit-kapuze-13\/#primaryimage"},"thumbnailUrl":"https:\/\/schweizversand.ch\/wp-content\/uploads\/2026\/02\/5471875974.jpg","datePublished":"2026-03-14T23:55:49+00:00","dateModified":"2026-04-19T13:35:23+00:00","description":"Entdecke den Komfort des doppelseitig geb\u00fcrstete Vlies\u00a0 \u2013 Dein perfekter Begleiter f\u00fcr kalte Tage! \u00a0 Mit diesem hochwertigen Pullover aus 100% Polyester setzt d","breadcrumb":{"@id":"https:\/\/schweizversand.ch\/fr\/produkt\/trespass-metraya-damenpullover-mit-kapuze-13\/#breadcrumb"},"inLanguage":"fr-FR","potentialAction":[{"@type":"ReadAction","target":["https:\/\/schweizversand.ch\/fr\/produkt\/trespass-metraya-damenpullover-mit-kapuze-13\/"]}]},{"@type":"ImageObject","inLanguage":"fr-FR","@id":"https:\/\/schweizversand.ch\/fr\/produkt\/trespass-metraya-damenpullover-mit-kapuze-13\/#primaryimage","url":"https:\/\/schweizversand.ch\/wp-content\/uploads\/2026\/02\/5471875974.jpg","contentUrl":"https:\/\/schweizversand.ch\/wp-content\/uploads\/2026\/02\/5471875974.jpg","width":732,"height":1024},{"@type":"BreadcrumbList","@id":"https:\/\/schweizversand.ch\/fr\/produkt\/trespass-metraya-damenpullover-mit-kapuze-13\/#breadcrumb","itemListElement":[{"@type":"ListItem","position":1,"name":"Startseite","item":"https:\/\/schweizversand.ch\/fr\/home\/"},{"@type":"ListItem","position":2,"name":"Boutique","item":"https:\/\/schweizversand.ch\/fr\/boutique\/"},{"@type":"ListItem","position":3,"name":"Mode","item":"https:\/\/schweizversand.ch\/fr\/produkt-kategorie\/mode-fr\/"},{"@type":"ListItem","position":4,"name":"Mode f\u00e9minine","item":"https:\/\/schweizversand.ch\/fr\/produkt-kategorie\/mode-fr\/mode-feminine\/"},{"@type":"ListItem","position":5,"name":"V\u00eatements pour femmes","item":"https:\/\/schweizversand.ch\/fr\/produkt-kategorie\/mode-fr\/mode-feminine\/damenbekleidung\/"},{"@type":"ListItem","position":6,"name":"Pull \u00e0 capuche pour femme Trespass METRAYA"}]},{"@type":"WebSite","@id":"https:\/\/schweizversand.ch\/fr\/#website","url":"https:\/\/schweizversand.ch\/fr\/","name":"Schweizer Shop f\u00fcr Sport, Spiel und Freizeit","description":"Gratisversand ab 50.- (netto), ab eigenem schweizer Lager, Lieferung innert 48h","publisher":{"@id":"https:\/\/schweizversand.ch\/fr\/#organization"},"alternateName":"Schweizversand.ch","potentialAction":[{"@type":"SearchAction","target":{"@type":"EntryPoint","urlTemplate":"https:\/\/schweizversand.ch\/fr\/?s={search_term_string}"},"query-input":{"@type":"PropertyValueSpecification","valueRequired":true,"valueName":"search_term_string"}}],"inLanguage":"fr-FR"},{"@type":"Organization","@id":"https:\/\/schweizversand.ch\/fr\/#organization","name":"Schweizversand.ch","url":"https:\/\/schweizversand.ch\/fr\/","logo":{"@type":"ImageObject","inLanguage":"fr-FR","@id":"https:\/\/schweizversand.ch\/fr\/#\/schema\/logo\/image\/","url":"https:\/\/schweizversand.ch\/wp-content\/uploads\/2026\/03\/Logo_Rund_Final-1.png","contentUrl":"https:\/\/schweizversand.ch\/wp-content\/uploads\/2026\/03\/Logo_Rund_Final-1.png","width":404,"height":404,"caption":"Schweizversand.ch"},"image":{"@id":"https:\/\/schweizversand.ch\/fr\/#\/schema\/logo\/image\/"},"sameAs":["https:\/\/www.facebook.com\/Schweizversand","https:\/\/www.instagram.com\/schweizversand.ch\/"]}]}},"jetpack_sharing_enabled":true,"_links":{"self":[{"href":"https:\/\/schweizversand.ch\/fr\/wp-json\/wp\/v2\/product\/259858","targetHints":{"allow":["GET"]}}],"collection":[{"href":"https:\/\/schweizversand.ch\/fr\/wp-json\/wp\/v2\/product"}],"about":[{"href":"https:\/\/schweizversand.ch\/fr\/wp-json\/wp\/v2\/types\/product"}],"replies":[{"embeddable":true,"href":"https:\/\/schweizversand.ch\/fr\/wp-json\/wp\/v2\/comments?post=259858"}],"wp:featuredmedia":[{"embeddable":true,"href":"https:\/\/schweizversand.ch\/fr\/wp-json\/wp\/v2\/media\/160858"}],"wp:attachment":[{"href":"https:\/\/schweizversand.ch\/fr\/wp-json\/wp\/v2\/media?parent=259858"}],"wp:term":[{"taxonomy":"product_brand","embeddable":true,"href":"https:\/\/schweizversand.ch\/fr\/wp-json\/wp\/v2\/product_brand?post=259858"},{"taxonomy":"product_cat","embeddable":true,"href":"https:\/\/schweizversand.ch\/fr\/wp-json\/wp\/v2\/product_cat?post=259858"},{"taxonomy":"product_tag","embeddable":true,"href":"https:\/\/schweizversand.ch\/fr\/wp-json\/wp\/v2\/product_tag?post=259858"}],"curies":[{"name":"wp","href":"https:\/\/api.w.org\/{rel}","templated":true}]}}