{"id":259864,"date":"2026-03-20T02:00:43","date_gmt":"2026-03-20T01:00:43","guid":{"rendered":"https:\/\/schweizversand.ch\/produkt\/trespass-throw-picknickdecke-wasserdicht-2\/"},"modified":"2026-04-13T02:05:57","modified_gmt":"2026-04-13T00:05:57","slug":"trespass-throw-picknickdecke-wasserdicht-2","status":"publish","type":"product","link":"https:\/\/schweizversand.ch\/fr\/produkt\/trespass-throw-picknickdecke-wasserdicht-2\/","title":{"rendered":"Couverture de pique-nique imperm\u00e9able Trespass THROW"},"content":{"rendered":"<h1><strong>Couverture de pique-nique Trespass THROW \u2013 Imperm\u00e9able et compacte<\/strong><\/h1>\n<div>La couverture de pique-nique Trespass THROW est votre compagnon id\u00e9al pour toutes vos aventures en plein air. Que ce soit pour camper, randonner ou simplement profiter d&rsquo;un apr\u00e8s-midi de d\u00e9tente au parc, cette couverture imperm\u00e9able vous offre confort et une protection fiable contre l&rsquo;humidit\u00e9.<\/p>\n<\/div>\n<div><strong>Points forts et confort<\/strong><br \/>Cette couverture d&rsquo;ext\u00e9rieur s\u00e9duit par son design \u00e0 rayures gaies et sa grande fonctionnalit\u00e9. Elle vous garantit, \u00e0 vous et \u00e0 vos proches, un endroit sec et confortable en ext\u00e9rieur, quel que soit le terrain.<\/p>\n<\/div>\n<div><strong>Protection et mat\u00e9riau<\/strong><br \/>Gr\u00e2ce \u00e0 son mat\u00e9riau imperm\u00e9able, cette couverture de camping n&rsquo;absorbe pas l&rsquo;eau du sol. Vous avez ainsi la garantie d&rsquo;une surface toujours propre et s\u00e8che. Cette couverture THROW est id\u00e9ale comme couverture de plage ou pour les prairies humides.<\/p>\n<\/div>\n<div><strong>Caract\u00e9ristiques de la couverture Trespass THROW<\/strong><br \/>&#8211; Utilisation polyvalente pour le camping, la randonn\u00e9e et les pique-niques<br \/>&#8211; Couverture de pique-nique imperm\u00e9able pour une protection fiable contre l&rsquo;humidit\u00e9<br \/>&#8211; Compacte et facile \u00e0 transporter\u00a0: se plie et se roule facilement<br \/>&#8211; Grande surface de couchage\u00a0: 135 x 120\u00a0cm pour s&rsquo;asseoir ou s&rsquo;allonger confortablement<br \/>&#8211; Facile \u00e0 ranger et \u00e0 transporter<\/p>\n<\/div>\n<div>Pr\u00e9parez votre prochaine aventure avec la couverture Trespass THROW. Munissez-vous de cette couverture de pique-nique pratique et fonctionnelle pour profiter pleinement de vos moments en pleine nature.<\/p>\n","protected":false},"excerpt":{"rendered":"<p>Trespass THROW Picknickdecke bietet wasserdichten Schutz und hohen Komfort \u2013 ideal f\u00fcr Camping, Wandern und entspannte Stunden im Freien bei jedem Wetter.<\/p>\n","protected":false},"featured_media":258087,"comment_status":"open","ping_status":"closed","template":"","meta":[],"product_brand":[],"product_cat":[38126],"product_tag":[],"class_list":{"0":"post-259864","1":"product","2":"type-product","3":"status-publish","4":"has-post-thumbnail","6":"product_cat-camping","7":"product_shipping_class-global_methods","9":"first","10":"instock","11":"taxable","12":"shipping-taxable","13":"purchasable","14":"product-type-simple"},"yoast_head":"<!-- This site is optimized with the Yoast SEO plugin v27.3 - https:\/\/yoast.com\/product\/yoast-seo-wordpress\/ -->\n<title>Trespass THROW - Picknickdecke Wasserdicht<\/title>\n<meta name=\"description\" content=\"Die Trespass THROW Picknickdecke - Praktisch, wasserdicht und ideal f\u00fcr Outdoor-Aktivit\u00e4ten! \u00a0 Die Trespass THROW Picknickdecke ist die perfekte Begleitung f\u00fcr\" \/>\n<meta name=\"robots\" content=\"index, follow, max-snippet:-1, max-image-preview:large, max-video-preview:-1\" \/>\n<link rel=\"canonical\" href=\"https:\/\/schweizversand.ch\/fr\/produkt\/trespass-throw-picknickdecke-wasserdicht-2\/\" \/>\n<meta property=\"og:locale\" content=\"fr_FR\" \/>\n<meta property=\"og:type\" content=\"article\" \/>\n<meta property=\"og:title\" content=\"Trespass THROW - Picknickdecke Wasserdicht\" \/>\n<meta property=\"og:description\" content=\"Die Trespass THROW Picknickdecke - Praktisch, wasserdicht und ideal f\u00fcr Outdoor-Aktivit\u00e4ten! \u00a0 Die Trespass THROW Picknickdecke ist die perfekte Begleitung f\u00fcr\" \/>\n<meta property=\"og:url\" content=\"https:\/\/schweizversand.ch\/fr\/produkt\/trespass-throw-picknickdecke-wasserdicht-2\/\" \/>\n<meta property=\"og:site_name\" content=\"Schweizer Shop f\u00fcr Sport, Spiel und Freizeit\" \/>\n<meta property=\"article:publisher\" content=\"https:\/\/www.facebook.com\/Schweizversand\" \/>\n<meta property=\"article:modified_time\" content=\"2026-04-13T00:05:57+00:00\" \/>\n<meta property=\"og:image\" content=\"https:\/\/schweizversand.ch\/wp-content\/uploads\/2026\/03\/5477735297.jpg\" \/>\n\t<meta property=\"og:image:width\" content=\"731\" \/>\n\t<meta property=\"og:image:height\" content=\"1024\" \/>\n\t<meta property=\"og:image:type\" content=\"image\/jpeg\" \/>\n<meta name=\"twitter:card\" content=\"summary_large_image\" \/>\n<meta name=\"twitter:label1\" content=\"Dur\u00e9e de lecture estim\u00e9e\" \/>\n\t<meta name=\"twitter:data1\" content=\"1 minute\" \/>\n<script type=\"application\/ld+json\" class=\"yoast-schema-graph\">{\"@context\":\"https:\\\/\\\/schema.org\",\"@graph\":[{\"@type\":\"WebPage\",\"@id\":\"https:\\\/\\\/schweizversand.ch\\\/fr\\\/produkt\\\/trespass-throw-picknickdecke-wasserdicht-2\\\/\",\"url\":\"https:\\\/\\\/schweizversand.ch\\\/fr\\\/produkt\\\/trespass-throw-picknickdecke-wasserdicht-2\\\/\",\"name\":\"Trespass THROW - Picknickdecke Wasserdicht\",\"isPartOf\":{\"@id\":\"https:\\\/\\\/schweizversand.ch\\\/fr\\\/#website\"},\"primaryImageOfPage\":{\"@id\":\"https:\\\/\\\/schweizversand.ch\\\/fr\\\/produkt\\\/trespass-throw-picknickdecke-wasserdicht-2\\\/#primaryimage\"},\"image\":{\"@id\":\"https:\\\/\\\/schweizversand.ch\\\/fr\\\/produkt\\\/trespass-throw-picknickdecke-wasserdicht-2\\\/#primaryimage\"},\"thumbnailUrl\":\"https:\\\/\\\/schweizversand.ch\\\/wp-content\\\/uploads\\\/2026\\\/03\\\/5477735297.jpg\",\"datePublished\":\"2026-03-20T01:00:43+00:00\",\"dateModified\":\"2026-04-13T00:05:57+00:00\",\"description\":\"Die Trespass THROW Picknickdecke - Praktisch, wasserdicht und ideal f\u00fcr Outdoor-Aktivit\u00e4ten! \u00a0 Die Trespass THROW Picknickdecke ist die perfekte Begleitung f\u00fcr\",\"breadcrumb\":{\"@id\":\"https:\\\/\\\/schweizversand.ch\\\/fr\\\/produkt\\\/trespass-throw-picknickdecke-wasserdicht-2\\\/#breadcrumb\"},\"inLanguage\":\"fr-FR\",\"potentialAction\":[{\"@type\":\"ReadAction\",\"target\":[\"https:\\\/\\\/schweizversand.ch\\\/fr\\\/produkt\\\/trespass-throw-picknickdecke-wasserdicht-2\\\/\"]}]},{\"@type\":\"ImageObject\",\"inLanguage\":\"fr-FR\",\"@id\":\"https:\\\/\\\/schweizversand.ch\\\/fr\\\/produkt\\\/trespass-throw-picknickdecke-wasserdicht-2\\\/#primaryimage\",\"url\":\"https:\\\/\\\/schweizversand.ch\\\/wp-content\\\/uploads\\\/2026\\\/03\\\/5477735297.jpg\",\"contentUrl\":\"https:\\\/\\\/schweizversand.ch\\\/wp-content\\\/uploads\\\/2026\\\/03\\\/5477735297.jpg\",\"width\":731,\"height\":1024},{\"@type\":\"BreadcrumbList\",\"@id\":\"https:\\\/\\\/schweizversand.ch\\\/fr\\\/produkt\\\/trespass-throw-picknickdecke-wasserdicht-2\\\/#breadcrumb\",\"itemListElement\":[{\"@type\":\"ListItem\",\"position\":1,\"name\":\"Startseite\",\"item\":\"https:\\\/\\\/schweizversand.ch\\\/fr\\\/\"},{\"@type\":\"ListItem\",\"position\":2,\"name\":\"Boutique\",\"item\":\"https:\\\/\\\/schweizversand.ch\\\/fr\\\/boutique\\\/\"},{\"@type\":\"ListItem\",\"position\":3,\"name\":\"Couverture de pique-nique imperm\u00e9able Trespass THROW\"}]},{\"@type\":\"WebSite\",\"@id\":\"https:\\\/\\\/schweizversand.ch\\\/fr\\\/#website\",\"url\":\"https:\\\/\\\/schweizversand.ch\\\/fr\\\/\",\"name\":\"Schweizer Shop f\u00fcr Sport, Spiel und Freizeit\",\"description\":\"Gratisversand ab 50.- (netto), ab eigenem schweizer Lager, Lieferung innert 48h\",\"publisher\":{\"@id\":\"https:\\\/\\\/schweizversand.ch\\\/fr\\\/#organization\"},\"alternateName\":\"Schweizversand.ch\",\"potentialAction\":[{\"@type\":\"SearchAction\",\"target\":{\"@type\":\"EntryPoint\",\"urlTemplate\":\"https:\\\/\\\/schweizversand.ch\\\/fr\\\/?s={search_term_string}\"},\"query-input\":{\"@type\":\"PropertyValueSpecification\",\"valueRequired\":true,\"valueName\":\"search_term_string\"}}],\"inLanguage\":\"fr-FR\"},{\"@type\":\"Organization\",\"@id\":\"https:\\\/\\\/schweizversand.ch\\\/fr\\\/#organization\",\"name\":\"Schweizversand.ch\",\"url\":\"https:\\\/\\\/schweizversand.ch\\\/fr\\\/\",\"logo\":{\"@type\":\"ImageObject\",\"inLanguage\":\"fr-FR\",\"@id\":\"https:\\\/\\\/schweizversand.ch\\\/fr\\\/#\\\/schema\\\/logo\\\/image\\\/\",\"url\":\"https:\\\/\\\/schweizversand.ch\\\/wp-content\\\/uploads\\\/2026\\\/03\\\/Logo_Rund_Final-1.png\",\"contentUrl\":\"https:\\\/\\\/schweizversand.ch\\\/wp-content\\\/uploads\\\/2026\\\/03\\\/Logo_Rund_Final-1.png\",\"width\":404,\"height\":404,\"caption\":\"Schweizversand.ch\"},\"image\":{\"@id\":\"https:\\\/\\\/schweizversand.ch\\\/fr\\\/#\\\/schema\\\/logo\\\/image\\\/\"},\"sameAs\":[\"https:\\\/\\\/www.facebook.com\\\/Schweizversand\",\"https:\\\/\\\/www.instagram.com\\\/schweizversand.ch\\\/\"]}]}<\/script>\n<!-- \/ Yoast SEO plugin. -->","yoast_head_json":{"title":"Trespass THROW - Picknickdecke Wasserdicht","description":"Die Trespass THROW Picknickdecke - Praktisch, wasserdicht und ideal f\u00fcr Outdoor-Aktivit\u00e4ten! \u00a0 Die Trespass THROW Picknickdecke ist die perfekte Begleitung f\u00fcr","robots":{"index":"index","follow":"follow","max-snippet":"max-snippet:-1","max-image-preview":"max-image-preview:large","max-video-preview":"max-video-preview:-1"},"canonical":"https:\/\/schweizversand.ch\/fr\/produkt\/trespass-throw-picknickdecke-wasserdicht-2\/","og_locale":"fr_FR","og_type":"article","og_title":"Trespass THROW - Picknickdecke Wasserdicht","og_description":"Die Trespass THROW Picknickdecke - Praktisch, wasserdicht und ideal f\u00fcr Outdoor-Aktivit\u00e4ten! \u00a0 Die Trespass THROW Picknickdecke ist die perfekte Begleitung f\u00fcr","og_url":"https:\/\/schweizversand.ch\/fr\/produkt\/trespass-throw-picknickdecke-wasserdicht-2\/","og_site_name":"Schweizer Shop f\u00fcr Sport, Spiel und Freizeit","article_publisher":"https:\/\/www.facebook.com\/Schweizversand","article_modified_time":"2026-04-13T00:05:57+00:00","og_image":[{"width":731,"height":1024,"url":"https:\/\/schweizversand.ch\/wp-content\/uploads\/2026\/03\/5477735297.jpg","type":"image\/jpeg"}],"twitter_card":"summary_large_image","twitter_misc":{"Dur\u00e9e de lecture estim\u00e9e":"1 minute"},"schema":{"@context":"https:\/\/schema.org","@graph":[{"@type":"WebPage","@id":"https:\/\/schweizversand.ch\/fr\/produkt\/trespass-throw-picknickdecke-wasserdicht-2\/","url":"https:\/\/schweizversand.ch\/fr\/produkt\/trespass-throw-picknickdecke-wasserdicht-2\/","name":"Trespass THROW - Picknickdecke Wasserdicht","isPartOf":{"@id":"https:\/\/schweizversand.ch\/fr\/#website"},"primaryImageOfPage":{"@id":"https:\/\/schweizversand.ch\/fr\/produkt\/trespass-throw-picknickdecke-wasserdicht-2\/#primaryimage"},"image":{"@id":"https:\/\/schweizversand.ch\/fr\/produkt\/trespass-throw-picknickdecke-wasserdicht-2\/#primaryimage"},"thumbnailUrl":"https:\/\/schweizversand.ch\/wp-content\/uploads\/2026\/03\/5477735297.jpg","datePublished":"2026-03-20T01:00:43+00:00","dateModified":"2026-04-13T00:05:57+00:00","description":"Die Trespass THROW Picknickdecke - Praktisch, wasserdicht und ideal f\u00fcr Outdoor-Aktivit\u00e4ten! \u00a0 Die Trespass THROW Picknickdecke ist die perfekte Begleitung f\u00fcr","breadcrumb":{"@id":"https:\/\/schweizversand.ch\/fr\/produkt\/trespass-throw-picknickdecke-wasserdicht-2\/#breadcrumb"},"inLanguage":"fr-FR","potentialAction":[{"@type":"ReadAction","target":["https:\/\/schweizversand.ch\/fr\/produkt\/trespass-throw-picknickdecke-wasserdicht-2\/"]}]},{"@type":"ImageObject","inLanguage":"fr-FR","@id":"https:\/\/schweizversand.ch\/fr\/produkt\/trespass-throw-picknickdecke-wasserdicht-2\/#primaryimage","url":"https:\/\/schweizversand.ch\/wp-content\/uploads\/2026\/03\/5477735297.jpg","contentUrl":"https:\/\/schweizversand.ch\/wp-content\/uploads\/2026\/03\/5477735297.jpg","width":731,"height":1024},{"@type":"BreadcrumbList","@id":"https:\/\/schweizversand.ch\/fr\/produkt\/trespass-throw-picknickdecke-wasserdicht-2\/#breadcrumb","itemListElement":[{"@type":"ListItem","position":1,"name":"Startseite","item":"https:\/\/schweizversand.ch\/fr\/"},{"@type":"ListItem","position":2,"name":"Boutique","item":"https:\/\/schweizversand.ch\/fr\/boutique\/"},{"@type":"ListItem","position":3,"name":"Couverture de pique-nique imperm\u00e9able Trespass THROW"}]},{"@type":"WebSite","@id":"https:\/\/schweizversand.ch\/fr\/#website","url":"https:\/\/schweizversand.ch\/fr\/","name":"Schweizer Shop f\u00fcr Sport, Spiel und Freizeit","description":"Gratisversand ab 50.- (netto), ab eigenem schweizer Lager, Lieferung innert 48h","publisher":{"@id":"https:\/\/schweizversand.ch\/fr\/#organization"},"alternateName":"Schweizversand.ch","potentialAction":[{"@type":"SearchAction","target":{"@type":"EntryPoint","urlTemplate":"https:\/\/schweizversand.ch\/fr\/?s={search_term_string}"},"query-input":{"@type":"PropertyValueSpecification","valueRequired":true,"valueName":"search_term_string"}}],"inLanguage":"fr-FR"},{"@type":"Organization","@id":"https:\/\/schweizversand.ch\/fr\/#organization","name":"Schweizversand.ch","url":"https:\/\/schweizversand.ch\/fr\/","logo":{"@type":"ImageObject","inLanguage":"fr-FR","@id":"https:\/\/schweizversand.ch\/fr\/#\/schema\/logo\/image\/","url":"https:\/\/schweizversand.ch\/wp-content\/uploads\/2026\/03\/Logo_Rund_Final-1.png","contentUrl":"https:\/\/schweizversand.ch\/wp-content\/uploads\/2026\/03\/Logo_Rund_Final-1.png","width":404,"height":404,"caption":"Schweizversand.ch"},"image":{"@id":"https:\/\/schweizversand.ch\/fr\/#\/schema\/logo\/image\/"},"sameAs":["https:\/\/www.facebook.com\/Schweizversand","https:\/\/www.instagram.com\/schweizversand.ch\/"]}]}},"jetpack_sharing_enabled":true,"_links":{"self":[{"href":"https:\/\/schweizversand.ch\/fr\/wp-json\/wp\/v2\/product\/259864","targetHints":{"allow":["GET"]}}],"collection":[{"href":"https:\/\/schweizversand.ch\/fr\/wp-json\/wp\/v2\/product"}],"about":[{"href":"https:\/\/schweizversand.ch\/fr\/wp-json\/wp\/v2\/types\/product"}],"replies":[{"embeddable":true,"href":"https:\/\/schweizversand.ch\/fr\/wp-json\/wp\/v2\/comments?post=259864"}],"wp:featuredmedia":[{"embeddable":true,"href":"https:\/\/schweizversand.ch\/fr\/wp-json\/wp\/v2\/media\/258087"}],"wp:attachment":[{"href":"https:\/\/schweizversand.ch\/fr\/wp-json\/wp\/v2\/media?parent=259864"}],"wp:term":[{"taxonomy":"product_brand","embeddable":true,"href":"https:\/\/schweizversand.ch\/fr\/wp-json\/wp\/v2\/product_brand?post=259864"},{"taxonomy":"product_cat","embeddable":true,"href":"https:\/\/schweizversand.ch\/fr\/wp-json\/wp\/v2\/product_cat?post=259864"},{"taxonomy":"product_tag","embeddable":true,"href":"https:\/\/schweizversand.ch\/fr\/wp-json\/wp\/v2\/product_tag?post=259864"}],"curies":[{"name":"wp","href":"https:\/\/api.w.org\/{rel}","templated":true}]}}