{"id":259871,"date":"2026-03-15T00:55:51","date_gmt":"2026-03-14T23:55:51","guid":{"rendered":"https:\/\/schweizversand.ch\/produkt\/trespass-turzo-rucksack\/"},"modified":"2026-04-19T02:04:43","modified_gmt":"2026-04-19T00:04:43","slug":"trespass-turzo-rucksack","status":"publish","type":"product","link":"https:\/\/schweizversand.ch\/fr\/produkt\/trespass-turzo-rucksack\/","title":{"rendered":"Sac \u00e0 dos Trespass TURZO"},"content":{"rendered":"<p>Toujours pr\u00eat \u00e0 l&#8217;emploi \u2013 le sac \u00e0 dos pliable de 22 litres<\/p>\n<\/p>\n<p>Compact et performant : notre sac \u00e0 dos ultral\u00e9ger de 22 litres est le compagnon id\u00e9al pour vos aventures improvis\u00e9es, vos excursions d&rsquo;une journ\u00e9e ou votre quotidien. Une fois pli\u00e9, il ne mesure que 20 x 16 x 8 cm et se glisse facilement dans n&rsquo;importe quel sac de voyage ou bo\u00eete \u00e0 gants.<\/p>\n<\/p>\n<p>Ses atouts en un coup d&rsquo;\u0153il :<\/p>\n<\/p>\n<p>\u2022 Grande capacit\u00e9 de 22 litres \u2013 pour emporter tout ce dont vous avez besoin<\/p>\n<\/p>\n<p>\u2022 Ultra-compact et facile \u00e0 plier \u2013 parfait pour voyager ou comme second sac \u00e0 dos<\/p>\n<\/p>\n<p>\u2022 Bretelles r\u00e9glables et poign\u00e9e de transport \u2013 pour un confort optimal<\/p>\n<\/p>\n<p>\u2022 Deux poches lat\u00e9rales en filet \u2013 id\u00e9ales pour une bouteille d&rsquo;eau ou un parapluie<\/p>\n<\/p>\n<p>\u2022 Grande poche avant \u2013 pour acc\u00e9der rapidement \u00e0 vos essentiels<\/p>\n<\/p>\n<p>\u2022 L\u00e9ger et robuste \u2013 fabriqu\u00e9 en 100 % polyester avec un rev\u00eatement PU pour une protection contre la pluie fine<\/p>\n<\/p>\n<p>Fermeture s\u00e9curis\u00e9e \u2013 gr\u00e2ce \u00e0 un clip en plastique pratique<\/p>\n<\/p>\n<p>Que vous fl\u00e2niez en ville, partiez en randonn\u00e9e ou transportiez du mat\u00e9riel de rechange, ce sac \u00e0 dos est toujours pr\u00eat \u00e0 vous accompagner.<\/p>\n","protected":false},"excerpt":{"rendered":"<p>Trespass TURZO Rucksack: Ultraleicht, 22 Liter Stauraum, kompakt faltbar auf 20x16x8 cm \u2013 ideal f\u00fcr spontane Abenteuer, Tagesausfl\u00fcge und den Alltag.<\/p>\n","protected":false},"featured_media":160953,"comment_status":"open","ping_status":"closed","template":"","meta":[],"product_brand":[],"product_cat":[38090],"product_tag":[],"class_list":{"0":"post-259871","1":"product","2":"type-product","3":"status-publish","4":"has-post-thumbnail","6":"product_cat-taschen-rucksack","7":"product_shipping_class-global_methods","9":"first","10":"instock","11":"taxable","12":"shipping-taxable","13":"purchasable","14":"product-type-simple"},"yoast_head":"<!-- This site is optimized with the Yoast SEO plugin v27.4 - https:\/\/yoast.com\/product\/yoast-seo-wordpress\/ -->\n<title>Trespass TURZO Rucksack<\/title>\n<meta name=\"description\" content=\"Immer dabei, wenn du ihn brauchst \u2013 der 22-Liter-Packaway-Rucksack Kompakt verstaut, gro\u00df in der Leistung: Unser ultraleichter 22-Liter-Rucksack ist dein ideal\" \/>\n<meta name=\"robots\" content=\"index, follow, max-snippet:-1, max-image-preview:large, max-video-preview:-1\" \/>\n<link rel=\"canonical\" href=\"https:\/\/schweizversand.ch\/fr\/produkt\/trespass-turzo-rucksack\/\" \/>\n<meta property=\"og:locale\" content=\"fr_FR\" \/>\n<meta property=\"og:type\" content=\"article\" \/>\n<meta property=\"og:title\" content=\"Trespass TURZO Rucksack\" \/>\n<meta property=\"og:description\" content=\"Immer dabei, wenn du ihn brauchst \u2013 der 22-Liter-Packaway-Rucksack Kompakt verstaut, gro\u00df in der Leistung: Unser ultraleichter 22-Liter-Rucksack ist dein ideal\" \/>\n<meta property=\"og:url\" content=\"https:\/\/schweizversand.ch\/fr\/produkt\/trespass-turzo-rucksack\/\" \/>\n<meta property=\"og:site_name\" content=\"Schweizer Shop f\u00fcr Sport, Spiel und Freizeit\" \/>\n<meta property=\"article:publisher\" content=\"https:\/\/www.facebook.com\/Schweizversand\" \/>\n<meta property=\"article:modified_time\" content=\"2026-04-19T00:04:43+00:00\" \/>\n<meta property=\"og:image\" content=\"https:\/\/schweizversand.ch\/wp-content\/uploads\/2026\/02\/5471896174.jpg\" \/>\n\t<meta property=\"og:image:width\" content=\"732\" \/>\n\t<meta property=\"og:image:height\" content=\"1024\" \/>\n\t<meta property=\"og:image:type\" content=\"image\/jpeg\" \/>\n<meta name=\"twitter:card\" content=\"summary_large_image\" \/>\n<meta name=\"twitter:label1\" content=\"Dur\u00e9e de lecture estim\u00e9e\" \/>\n\t<meta name=\"twitter:data1\" content=\"1 minute\" \/>\n<script type=\"application\/ld+json\" class=\"yoast-schema-graph\">{\"@context\":\"https:\\\/\\\/schema.org\",\"@graph\":[{\"@type\":\"WebPage\",\"@id\":\"https:\\\/\\\/schweizversand.ch\\\/fr\\\/produkt\\\/trespass-turzo-rucksack\\\/\",\"url\":\"https:\\\/\\\/schweizversand.ch\\\/fr\\\/produkt\\\/trespass-turzo-rucksack\\\/\",\"name\":\"Trespass TURZO Rucksack\",\"isPartOf\":{\"@id\":\"https:\\\/\\\/schweizversand.ch\\\/fr\\\/#website\"},\"primaryImageOfPage\":{\"@id\":\"https:\\\/\\\/schweizversand.ch\\\/fr\\\/produkt\\\/trespass-turzo-rucksack\\\/#primaryimage\"},\"image\":{\"@id\":\"https:\\\/\\\/schweizversand.ch\\\/fr\\\/produkt\\\/trespass-turzo-rucksack\\\/#primaryimage\"},\"thumbnailUrl\":\"https:\\\/\\\/schweizversand.ch\\\/wp-content\\\/uploads\\\/2026\\\/02\\\/5471896174.jpg\",\"datePublished\":\"2026-03-14T23:55:51+00:00\",\"dateModified\":\"2026-04-19T00:04:43+00:00\",\"description\":\"Immer dabei, wenn du ihn brauchst \u2013 der 22-Liter-Packaway-Rucksack Kompakt verstaut, gro\u00df in der Leistung: Unser ultraleichter 22-Liter-Rucksack ist dein ideal\",\"breadcrumb\":{\"@id\":\"https:\\\/\\\/schweizversand.ch\\\/fr\\\/produkt\\\/trespass-turzo-rucksack\\\/#breadcrumb\"},\"inLanguage\":\"fr-FR\",\"potentialAction\":[{\"@type\":\"ReadAction\",\"target\":[\"https:\\\/\\\/schweizversand.ch\\\/fr\\\/produkt\\\/trespass-turzo-rucksack\\\/\"]}]},{\"@type\":\"ImageObject\",\"inLanguage\":\"fr-FR\",\"@id\":\"https:\\\/\\\/schweizversand.ch\\\/fr\\\/produkt\\\/trespass-turzo-rucksack\\\/#primaryimage\",\"url\":\"https:\\\/\\\/schweizversand.ch\\\/wp-content\\\/uploads\\\/2026\\\/02\\\/5471896174.jpg\",\"contentUrl\":\"https:\\\/\\\/schweizversand.ch\\\/wp-content\\\/uploads\\\/2026\\\/02\\\/5471896174.jpg\",\"width\":732,\"height\":1024},{\"@type\":\"BreadcrumbList\",\"@id\":\"https:\\\/\\\/schweizversand.ch\\\/fr\\\/produkt\\\/trespass-turzo-rucksack\\\/#breadcrumb\",\"itemListElement\":[{\"@type\":\"ListItem\",\"position\":1,\"name\":\"Startseite\",\"item\":\"https:\\\/\\\/schweizversand.ch\\\/fr\\\/home\\\/\"},{\"@type\":\"ListItem\",\"position\":2,\"name\":\"Boutique\",\"item\":\"https:\\\/\\\/schweizversand.ch\\\/fr\\\/boutique\\\/\"},{\"@type\":\"ListItem\",\"position\":3,\"name\":\"Voyages\",\"item\":\"https:\\\/\\\/schweizversand.ch\\\/fr\\\/produkt-kategorie\\\/voyages\\\/\"},{\"@type\":\"ListItem\",\"position\":4,\"name\":\"Sacs et bagages\",\"item\":\"https:\\\/\\\/schweizversand.ch\\\/fr\\\/produkt-kategorie\\\/voyages\\\/sacs-et-bagages\\\/\"},{\"@type\":\"ListItem\",\"position\":5,\"name\":\"Sacs et sacs \u00e0 dos\",\"item\":\"https:\\\/\\\/schweizversand.ch\\\/fr\\\/produkt-kategorie\\\/voyages\\\/sacs-et-bagages\\\/taschen-rucksack\\\/\"},{\"@type\":\"ListItem\",\"position\":6,\"name\":\"Sac \u00e0 dos Trespass TURZO\"}]},{\"@type\":\"WebSite\",\"@id\":\"https:\\\/\\\/schweizversand.ch\\\/fr\\\/#website\",\"url\":\"https:\\\/\\\/schweizversand.ch\\\/fr\\\/\",\"name\":\"Schweizer Shop f\u00fcr Sport, Spiel und Freizeit\",\"description\":\"Gratisversand ab 50.- (netto), ab eigenem schweizer Lager, Lieferung innert 48h\",\"publisher\":{\"@id\":\"https:\\\/\\\/schweizversand.ch\\\/fr\\\/#organization\"},\"alternateName\":\"Schweizversand.ch\",\"potentialAction\":[{\"@type\":\"SearchAction\",\"target\":{\"@type\":\"EntryPoint\",\"urlTemplate\":\"https:\\\/\\\/schweizversand.ch\\\/fr\\\/?s={search_term_string}\"},\"query-input\":{\"@type\":\"PropertyValueSpecification\",\"valueRequired\":true,\"valueName\":\"search_term_string\"}}],\"inLanguage\":\"fr-FR\"},{\"@type\":\"Organization\",\"@id\":\"https:\\\/\\\/schweizversand.ch\\\/fr\\\/#organization\",\"name\":\"Schweizversand.ch\",\"url\":\"https:\\\/\\\/schweizversand.ch\\\/fr\\\/\",\"logo\":{\"@type\":\"ImageObject\",\"inLanguage\":\"fr-FR\",\"@id\":\"https:\\\/\\\/schweizversand.ch\\\/fr\\\/#\\\/schema\\\/logo\\\/image\\\/\",\"url\":\"https:\\\/\\\/schweizversand.ch\\\/wp-content\\\/uploads\\\/2026\\\/03\\\/Logo_Rund_Final-1.png\",\"contentUrl\":\"https:\\\/\\\/schweizversand.ch\\\/wp-content\\\/uploads\\\/2026\\\/03\\\/Logo_Rund_Final-1.png\",\"width\":404,\"height\":404,\"caption\":\"Schweizversand.ch\"},\"image\":{\"@id\":\"https:\\\/\\\/schweizversand.ch\\\/fr\\\/#\\\/schema\\\/logo\\\/image\\\/\"},\"sameAs\":[\"https:\\\/\\\/www.facebook.com\\\/Schweizversand\",\"https:\\\/\\\/www.instagram.com\\\/schweizversand.ch\\\/\"]}]}<\/script>\n<!-- \/ Yoast SEO plugin. -->","yoast_head_json":{"title":"Trespass TURZO Rucksack","description":"Immer dabei, wenn du ihn brauchst \u2013 der 22-Liter-Packaway-Rucksack Kompakt verstaut, gro\u00df in der Leistung: Unser ultraleichter 22-Liter-Rucksack ist dein ideal","robots":{"index":"index","follow":"follow","max-snippet":"max-snippet:-1","max-image-preview":"max-image-preview:large","max-video-preview":"max-video-preview:-1"},"canonical":"https:\/\/schweizversand.ch\/fr\/produkt\/trespass-turzo-rucksack\/","og_locale":"fr_FR","og_type":"article","og_title":"Trespass TURZO Rucksack","og_description":"Immer dabei, wenn du ihn brauchst \u2013 der 22-Liter-Packaway-Rucksack Kompakt verstaut, gro\u00df in der Leistung: Unser ultraleichter 22-Liter-Rucksack ist dein ideal","og_url":"https:\/\/schweizversand.ch\/fr\/produkt\/trespass-turzo-rucksack\/","og_site_name":"Schweizer Shop f\u00fcr Sport, Spiel und Freizeit","article_publisher":"https:\/\/www.facebook.com\/Schweizversand","article_modified_time":"2026-04-19T00:04:43+00:00","og_image":[{"width":732,"height":1024,"url":"https:\/\/schweizversand.ch\/wp-content\/uploads\/2026\/02\/5471896174.jpg","type":"image\/jpeg"}],"twitter_card":"summary_large_image","twitter_misc":{"Dur\u00e9e de lecture estim\u00e9e":"1 minute"},"schema":{"@context":"https:\/\/schema.org","@graph":[{"@type":"WebPage","@id":"https:\/\/schweizversand.ch\/fr\/produkt\/trespass-turzo-rucksack\/","url":"https:\/\/schweizversand.ch\/fr\/produkt\/trespass-turzo-rucksack\/","name":"Trespass TURZO Rucksack","isPartOf":{"@id":"https:\/\/schweizversand.ch\/fr\/#website"},"primaryImageOfPage":{"@id":"https:\/\/schweizversand.ch\/fr\/produkt\/trespass-turzo-rucksack\/#primaryimage"},"image":{"@id":"https:\/\/schweizversand.ch\/fr\/produkt\/trespass-turzo-rucksack\/#primaryimage"},"thumbnailUrl":"https:\/\/schweizversand.ch\/wp-content\/uploads\/2026\/02\/5471896174.jpg","datePublished":"2026-03-14T23:55:51+00:00","dateModified":"2026-04-19T00:04:43+00:00","description":"Immer dabei, wenn du ihn brauchst \u2013 der 22-Liter-Packaway-Rucksack Kompakt verstaut, gro\u00df in der Leistung: Unser ultraleichter 22-Liter-Rucksack ist dein ideal","breadcrumb":{"@id":"https:\/\/schweizversand.ch\/fr\/produkt\/trespass-turzo-rucksack\/#breadcrumb"},"inLanguage":"fr-FR","potentialAction":[{"@type":"ReadAction","target":["https:\/\/schweizversand.ch\/fr\/produkt\/trespass-turzo-rucksack\/"]}]},{"@type":"ImageObject","inLanguage":"fr-FR","@id":"https:\/\/schweizversand.ch\/fr\/produkt\/trespass-turzo-rucksack\/#primaryimage","url":"https:\/\/schweizversand.ch\/wp-content\/uploads\/2026\/02\/5471896174.jpg","contentUrl":"https:\/\/schweizversand.ch\/wp-content\/uploads\/2026\/02\/5471896174.jpg","width":732,"height":1024},{"@type":"BreadcrumbList","@id":"https:\/\/schweizversand.ch\/fr\/produkt\/trespass-turzo-rucksack\/#breadcrumb","itemListElement":[{"@type":"ListItem","position":1,"name":"Startseite","item":"https:\/\/schweizversand.ch\/fr\/home\/"},{"@type":"ListItem","position":2,"name":"Boutique","item":"https:\/\/schweizversand.ch\/fr\/boutique\/"},{"@type":"ListItem","position":3,"name":"Voyages","item":"https:\/\/schweizversand.ch\/fr\/produkt-kategorie\/voyages\/"},{"@type":"ListItem","position":4,"name":"Sacs et bagages","item":"https:\/\/schweizversand.ch\/fr\/produkt-kategorie\/voyages\/sacs-et-bagages\/"},{"@type":"ListItem","position":5,"name":"Sacs et sacs \u00e0 dos","item":"https:\/\/schweizversand.ch\/fr\/produkt-kategorie\/voyages\/sacs-et-bagages\/taschen-rucksack\/"},{"@type":"ListItem","position":6,"name":"Sac \u00e0 dos Trespass TURZO"}]},{"@type":"WebSite","@id":"https:\/\/schweizversand.ch\/fr\/#website","url":"https:\/\/schweizversand.ch\/fr\/","name":"Schweizer Shop f\u00fcr Sport, Spiel und Freizeit","description":"Gratisversand ab 50.- (netto), ab eigenem schweizer Lager, Lieferung innert 48h","publisher":{"@id":"https:\/\/schweizversand.ch\/fr\/#organization"},"alternateName":"Schweizversand.ch","potentialAction":[{"@type":"SearchAction","target":{"@type":"EntryPoint","urlTemplate":"https:\/\/schweizversand.ch\/fr\/?s={search_term_string}"},"query-input":{"@type":"PropertyValueSpecification","valueRequired":true,"valueName":"search_term_string"}}],"inLanguage":"fr-FR"},{"@type":"Organization","@id":"https:\/\/schweizversand.ch\/fr\/#organization","name":"Schweizversand.ch","url":"https:\/\/schweizversand.ch\/fr\/","logo":{"@type":"ImageObject","inLanguage":"fr-FR","@id":"https:\/\/schweizversand.ch\/fr\/#\/schema\/logo\/image\/","url":"https:\/\/schweizversand.ch\/wp-content\/uploads\/2026\/03\/Logo_Rund_Final-1.png","contentUrl":"https:\/\/schweizversand.ch\/wp-content\/uploads\/2026\/03\/Logo_Rund_Final-1.png","width":404,"height":404,"caption":"Schweizversand.ch"},"image":{"@id":"https:\/\/schweizversand.ch\/fr\/#\/schema\/logo\/image\/"},"sameAs":["https:\/\/www.facebook.com\/Schweizversand","https:\/\/www.instagram.com\/schweizversand.ch\/"]}]}},"jetpack_sharing_enabled":true,"_links":{"self":[{"href":"https:\/\/schweizversand.ch\/fr\/wp-json\/wp\/v2\/product\/259871","targetHints":{"allow":["GET"]}}],"collection":[{"href":"https:\/\/schweizversand.ch\/fr\/wp-json\/wp\/v2\/product"}],"about":[{"href":"https:\/\/schweizversand.ch\/fr\/wp-json\/wp\/v2\/types\/product"}],"replies":[{"embeddable":true,"href":"https:\/\/schweizversand.ch\/fr\/wp-json\/wp\/v2\/comments?post=259871"}],"wp:featuredmedia":[{"embeddable":true,"href":"https:\/\/schweizversand.ch\/fr\/wp-json\/wp\/v2\/media\/160953"}],"wp:attachment":[{"href":"https:\/\/schweizversand.ch\/fr\/wp-json\/wp\/v2\/media?parent=259871"}],"wp:term":[{"taxonomy":"product_brand","embeddable":true,"href":"https:\/\/schweizversand.ch\/fr\/wp-json\/wp\/v2\/product_brand?post=259871"},{"taxonomy":"product_cat","embeddable":true,"href":"https:\/\/schweizversand.ch\/fr\/wp-json\/wp\/v2\/product_cat?post=259871"},{"taxonomy":"product_tag","embeddable":true,"href":"https:\/\/schweizversand.ch\/fr\/wp-json\/wp\/v2\/product_tag?post=259871"}],"curies":[{"name":"wp","href":"https:\/\/api.w.org\/{rel}","templated":true}]}}