{"id":259895,"date":"2026-03-15T00:55:57","date_gmt":"2026-03-14T23:55:57","guid":{"rendered":"https:\/\/schweizversand.ch\/produkt\/trespass-osten-led-stirnband\/"},"modified":"2026-04-19T02:04:52","modified_gmt":"2026-04-19T00:04:52","slug":"trespass-osten-led-stirnband","status":"publish","type":"product","link":"https:\/\/schweizversand.ch\/fr\/produkt\/trespass-osten-led-stirnband\/","title":{"rendered":"Bandeau LED Trespass EAST"},"content":{"rendered":"<h1><strong>Bandeau lumineux 4 LED \u2013 Rechargeable<\/strong><\/h1>\n<div>Ce bandeau innovant \u00e0 4 LED allie confort optimal et \u00e9clairage puissant. C&rsquo;est le compagnon id\u00e9al pour toutes vos activit\u00e9s de plein air. Ce bandeau rechargeable assure une vision claire et un maintien s\u00fbr, que vous fassiez du sport ou travailliez.<\/p>\n<\/div>\n<div><strong>Fonctionnalit\u00e9s et \u00e9clairage<\/strong><br \/>Ce bandeau lumineux est \u00e9quip\u00e9 de quatre LED puissantes, faciles \u00e0 retirer et \u00e0 recharger. Il offre un \u00e9clairage pratique et flexible pour toutes les situations. Choisissez parmi trois modes d&rsquo;\u00e9clairage pour une adaptation optimale\u00a0: faible, fort ou rouge clignotant pour plus de s\u00e9curit\u00e9.<\/p>\n<\/div>\n<div><strong>Confort et mat\u00e9riaux<\/strong><br \/>Le bandeau LED \u00e9lastique, 100\u00a0% acrylique, est tricot\u00e9 et garantit un maintien s\u00fbr et un confort optimal. Sa fabrication de haute qualit\u00e9 assure sa durabilit\u00e9 et vous garde au chaud par temps frais. C&rsquo;est l&rsquo;alternative parfaite \u00e0 un bonnet LED classique ou \u00e0 une lampe frontale. D\u00e9tails techniques et chargement\u00a0: La lampe int\u00e9gr\u00e9e est rechargeable par USB, ce qui permet une utilisation prolong\u00e9e et fr\u00e9quente sans avoir \u00e0 changer les piles. Ce bandeau lumineux est donc id\u00e9al pour une utilisation en ext\u00e9rieur et extr\u00eamement pratique. &#8211; Mati\u00e8re\u00a0: 100\u00a0% acrylique (tricot) &#8211; Source lumineuse\u00a0: 4\u00a0LED lumineuses &#8211; Chargement\u00a0: USB (lampe d\u00e9tachable) &#8211; Modes\u00a0: Faible, Fort, Rouge clignotant. Pr\u00e9parez-vous pour vos prochaines aventures et profitez d\u2019une vision claire en toutes circonstances. Ce bandeau \u00e0 4\u00a0LED est un accessoire indispensable pour tous les passionn\u00e9s de plein air.<\/p>\n","protected":false},"excerpt":{"rendered":"<p>Trespass OSTEN LED Stirnband bietet 4 leistungsstarke, wiederaufladbare LEDs, drei Lichtmodi und hohen Tragekomfort \u2013 perfekt f\u00fcr sicheres Outdoor-Erlebnis bei jedem Wetter.<\/p>\n","protected":false},"featured_media":161101,"comment_status":"open","ping_status":"closed","template":"","meta":[],"product_brand":[],"product_cat":[38164],"product_tag":[],"class_list":{"0":"post-259895","1":"product","2":"type-product","3":"status-publish","4":"has-post-thumbnail","6":"product_cat-diverses","7":"product_shipping_class-global_methods","9":"first","10":"instock","11":"taxable","12":"shipping-taxable","13":"purchasable","14":"product-type-simple"},"yoast_head":"<!-- This site is optimized with the Yoast SEO plugin v27.4 - https:\/\/yoast.com\/product\/yoast-seo-wordpress\/ -->\n<title>Trespass OSTEN LED Stirnband<\/title>\n<meta name=\"description\" content=\"4-LED-Stirnband mit Licht \u2013 Wiederaufladbar Das innovative 4-LED-Stirnband kombiniert h\u00f6chsten Tragekomfort mit leistungsstarker Beleuchtung und ist der ideale\" \/>\n<meta name=\"robots\" content=\"index, follow, max-snippet:-1, max-image-preview:large, max-video-preview:-1\" \/>\n<link rel=\"canonical\" href=\"https:\/\/schweizversand.ch\/fr\/produkt\/trespass-osten-led-stirnband\/\" \/>\n<meta property=\"og:locale\" content=\"fr_FR\" \/>\n<meta property=\"og:type\" content=\"article\" \/>\n<meta property=\"og:title\" content=\"Trespass OSTEN LED Stirnband\" \/>\n<meta property=\"og:description\" content=\"4-LED-Stirnband mit Licht \u2013 Wiederaufladbar Das innovative 4-LED-Stirnband kombiniert h\u00f6chsten Tragekomfort mit leistungsstarker Beleuchtung und ist der ideale\" \/>\n<meta property=\"og:url\" content=\"https:\/\/schweizversand.ch\/fr\/produkt\/trespass-osten-led-stirnband\/\" \/>\n<meta property=\"og:site_name\" content=\"Schweizer Shop f\u00fcr Sport, Spiel und Freizeit\" \/>\n<meta property=\"article:publisher\" content=\"https:\/\/www.facebook.com\/Schweizversand\" \/>\n<meta property=\"article:modified_time\" content=\"2026-04-19T00:04:52+00:00\" \/>\n<meta property=\"og:image\" content=\"https:\/\/schweizversand.ch\/wp-content\/uploads\/2026\/02\/5471841524.jpg\" \/>\n\t<meta property=\"og:image:width\" content=\"732\" \/>\n\t<meta property=\"og:image:height\" content=\"1024\" \/>\n\t<meta property=\"og:image:type\" content=\"image\/jpeg\" \/>\n<meta name=\"twitter:card\" content=\"summary_large_image\" \/>\n<meta name=\"twitter:label1\" content=\"Dur\u00e9e de lecture estim\u00e9e\" \/>\n\t<meta name=\"twitter:data1\" content=\"1 minute\" \/>\n<script type=\"application\/ld+json\" class=\"yoast-schema-graph\">{\"@context\":\"https:\\\/\\\/schema.org\",\"@graph\":[{\"@type\":\"WebPage\",\"@id\":\"https:\\\/\\\/schweizversand.ch\\\/fr\\\/produkt\\\/trespass-osten-led-stirnband\\\/\",\"url\":\"https:\\\/\\\/schweizversand.ch\\\/fr\\\/produkt\\\/trespass-osten-led-stirnband\\\/\",\"name\":\"Trespass OSTEN LED Stirnband\",\"isPartOf\":{\"@id\":\"https:\\\/\\\/schweizversand.ch\\\/fr\\\/#website\"},\"primaryImageOfPage\":{\"@id\":\"https:\\\/\\\/schweizversand.ch\\\/fr\\\/produkt\\\/trespass-osten-led-stirnband\\\/#primaryimage\"},\"image\":{\"@id\":\"https:\\\/\\\/schweizversand.ch\\\/fr\\\/produkt\\\/trespass-osten-led-stirnband\\\/#primaryimage\"},\"thumbnailUrl\":\"https:\\\/\\\/schweizversand.ch\\\/wp-content\\\/uploads\\\/2026\\\/02\\\/5471841524.jpg\",\"datePublished\":\"2026-03-14T23:55:57+00:00\",\"dateModified\":\"2026-04-19T00:04:52+00:00\",\"description\":\"4-LED-Stirnband mit Licht \u2013 Wiederaufladbar Das innovative 4-LED-Stirnband kombiniert h\u00f6chsten Tragekomfort mit leistungsstarker Beleuchtung und ist der ideale\",\"breadcrumb\":{\"@id\":\"https:\\\/\\\/schweizversand.ch\\\/fr\\\/produkt\\\/trespass-osten-led-stirnband\\\/#breadcrumb\"},\"inLanguage\":\"fr-FR\",\"potentialAction\":[{\"@type\":\"ReadAction\",\"target\":[\"https:\\\/\\\/schweizversand.ch\\\/fr\\\/produkt\\\/trespass-osten-led-stirnband\\\/\"]}]},{\"@type\":\"ImageObject\",\"inLanguage\":\"fr-FR\",\"@id\":\"https:\\\/\\\/schweizversand.ch\\\/fr\\\/produkt\\\/trespass-osten-led-stirnband\\\/#primaryimage\",\"url\":\"https:\\\/\\\/schweizversand.ch\\\/wp-content\\\/uploads\\\/2026\\\/02\\\/5471841524.jpg\",\"contentUrl\":\"https:\\\/\\\/schweizversand.ch\\\/wp-content\\\/uploads\\\/2026\\\/02\\\/5471841524.jpg\",\"width\":732,\"height\":1024},{\"@type\":\"BreadcrumbList\",\"@id\":\"https:\\\/\\\/schweizversand.ch\\\/fr\\\/produkt\\\/trespass-osten-led-stirnband\\\/#breadcrumb\",\"itemListElement\":[{\"@type\":\"ListItem\",\"position\":1,\"name\":\"Startseite\",\"item\":\"https:\\\/\\\/schweizversand.ch\\\/fr\\\/home\\\/\"},{\"@type\":\"ListItem\",\"position\":2,\"name\":\"Boutique\",\"item\":\"https:\\\/\\\/schweizversand.ch\\\/fr\\\/boutique\\\/\"},{\"@type\":\"ListItem\",\"position\":3,\"name\":\"Mode\",\"item\":\"https:\\\/\\\/schweizversand.ch\\\/fr\\\/produkt-kategorie\\\/mode-fr\\\/\"},{\"@type\":\"ListItem\",\"position\":4,\"name\":\"Mode unisexe\",\"item\":\"https:\\\/\\\/schweizversand.ch\\\/fr\\\/produkt-kategorie\\\/mode-fr\\\/mode-unisexe\\\/\"},{\"@type\":\"ListItem\",\"position\":5,\"name\":\"Divers\",\"item\":\"https:\\\/\\\/schweizversand.ch\\\/fr\\\/produkt-kategorie\\\/mode-fr\\\/mode-unisexe\\\/diverses\\\/\"},{\"@type\":\"ListItem\",\"position\":6,\"name\":\"Bandeau LED Trespass EAST\"}]},{\"@type\":\"WebSite\",\"@id\":\"https:\\\/\\\/schweizversand.ch\\\/fr\\\/#website\",\"url\":\"https:\\\/\\\/schweizversand.ch\\\/fr\\\/\",\"name\":\"Schweizer Shop f\u00fcr Sport, Spiel und Freizeit\",\"description\":\"Gratisversand ab 50.- (netto), ab eigenem schweizer Lager, Lieferung innert 48h\",\"publisher\":{\"@id\":\"https:\\\/\\\/schweizversand.ch\\\/fr\\\/#organization\"},\"alternateName\":\"Schweizversand.ch\",\"potentialAction\":[{\"@type\":\"SearchAction\",\"target\":{\"@type\":\"EntryPoint\",\"urlTemplate\":\"https:\\\/\\\/schweizversand.ch\\\/fr\\\/?s={search_term_string}\"},\"query-input\":{\"@type\":\"PropertyValueSpecification\",\"valueRequired\":true,\"valueName\":\"search_term_string\"}}],\"inLanguage\":\"fr-FR\"},{\"@type\":\"Organization\",\"@id\":\"https:\\\/\\\/schweizversand.ch\\\/fr\\\/#organization\",\"name\":\"Schweizversand.ch\",\"url\":\"https:\\\/\\\/schweizversand.ch\\\/fr\\\/\",\"logo\":{\"@type\":\"ImageObject\",\"inLanguage\":\"fr-FR\",\"@id\":\"https:\\\/\\\/schweizversand.ch\\\/fr\\\/#\\\/schema\\\/logo\\\/image\\\/\",\"url\":\"https:\\\/\\\/schweizversand.ch\\\/wp-content\\\/uploads\\\/2026\\\/03\\\/Logo_Rund_Final-1.png\",\"contentUrl\":\"https:\\\/\\\/schweizversand.ch\\\/wp-content\\\/uploads\\\/2026\\\/03\\\/Logo_Rund_Final-1.png\",\"width\":404,\"height\":404,\"caption\":\"Schweizversand.ch\"},\"image\":{\"@id\":\"https:\\\/\\\/schweizversand.ch\\\/fr\\\/#\\\/schema\\\/logo\\\/image\\\/\"},\"sameAs\":[\"https:\\\/\\\/www.facebook.com\\\/Schweizversand\",\"https:\\\/\\\/www.instagram.com\\\/schweizversand.ch\\\/\"]}]}<\/script>\n<!-- \/ Yoast SEO plugin. -->","yoast_head_json":{"title":"Trespass OSTEN LED Stirnband","description":"4-LED-Stirnband mit Licht \u2013 Wiederaufladbar Das innovative 4-LED-Stirnband kombiniert h\u00f6chsten Tragekomfort mit leistungsstarker Beleuchtung und ist der ideale","robots":{"index":"index","follow":"follow","max-snippet":"max-snippet:-1","max-image-preview":"max-image-preview:large","max-video-preview":"max-video-preview:-1"},"canonical":"https:\/\/schweizversand.ch\/fr\/produkt\/trespass-osten-led-stirnband\/","og_locale":"fr_FR","og_type":"article","og_title":"Trespass OSTEN LED Stirnband","og_description":"4-LED-Stirnband mit Licht \u2013 Wiederaufladbar Das innovative 4-LED-Stirnband kombiniert h\u00f6chsten Tragekomfort mit leistungsstarker Beleuchtung und ist der ideale","og_url":"https:\/\/schweizversand.ch\/fr\/produkt\/trespass-osten-led-stirnband\/","og_site_name":"Schweizer Shop f\u00fcr Sport, Spiel und Freizeit","article_publisher":"https:\/\/www.facebook.com\/Schweizversand","article_modified_time":"2026-04-19T00:04:52+00:00","og_image":[{"width":732,"height":1024,"url":"https:\/\/schweizversand.ch\/wp-content\/uploads\/2026\/02\/5471841524.jpg","type":"image\/jpeg"}],"twitter_card":"summary_large_image","twitter_misc":{"Dur\u00e9e de lecture estim\u00e9e":"1 minute"},"schema":{"@context":"https:\/\/schema.org","@graph":[{"@type":"WebPage","@id":"https:\/\/schweizversand.ch\/fr\/produkt\/trespass-osten-led-stirnband\/","url":"https:\/\/schweizversand.ch\/fr\/produkt\/trespass-osten-led-stirnband\/","name":"Trespass OSTEN LED Stirnband","isPartOf":{"@id":"https:\/\/schweizversand.ch\/fr\/#website"},"primaryImageOfPage":{"@id":"https:\/\/schweizversand.ch\/fr\/produkt\/trespass-osten-led-stirnband\/#primaryimage"},"image":{"@id":"https:\/\/schweizversand.ch\/fr\/produkt\/trespass-osten-led-stirnband\/#primaryimage"},"thumbnailUrl":"https:\/\/schweizversand.ch\/wp-content\/uploads\/2026\/02\/5471841524.jpg","datePublished":"2026-03-14T23:55:57+00:00","dateModified":"2026-04-19T00:04:52+00:00","description":"4-LED-Stirnband mit Licht \u2013 Wiederaufladbar Das innovative 4-LED-Stirnband kombiniert h\u00f6chsten Tragekomfort mit leistungsstarker Beleuchtung und ist der ideale","breadcrumb":{"@id":"https:\/\/schweizversand.ch\/fr\/produkt\/trespass-osten-led-stirnband\/#breadcrumb"},"inLanguage":"fr-FR","potentialAction":[{"@type":"ReadAction","target":["https:\/\/schweizversand.ch\/fr\/produkt\/trespass-osten-led-stirnband\/"]}]},{"@type":"ImageObject","inLanguage":"fr-FR","@id":"https:\/\/schweizversand.ch\/fr\/produkt\/trespass-osten-led-stirnband\/#primaryimage","url":"https:\/\/schweizversand.ch\/wp-content\/uploads\/2026\/02\/5471841524.jpg","contentUrl":"https:\/\/schweizversand.ch\/wp-content\/uploads\/2026\/02\/5471841524.jpg","width":732,"height":1024},{"@type":"BreadcrumbList","@id":"https:\/\/schweizversand.ch\/fr\/produkt\/trespass-osten-led-stirnband\/#breadcrumb","itemListElement":[{"@type":"ListItem","position":1,"name":"Startseite","item":"https:\/\/schweizversand.ch\/fr\/home\/"},{"@type":"ListItem","position":2,"name":"Boutique","item":"https:\/\/schweizversand.ch\/fr\/boutique\/"},{"@type":"ListItem","position":3,"name":"Mode","item":"https:\/\/schweizversand.ch\/fr\/produkt-kategorie\/mode-fr\/"},{"@type":"ListItem","position":4,"name":"Mode unisexe","item":"https:\/\/schweizversand.ch\/fr\/produkt-kategorie\/mode-fr\/mode-unisexe\/"},{"@type":"ListItem","position":5,"name":"Divers","item":"https:\/\/schweizversand.ch\/fr\/produkt-kategorie\/mode-fr\/mode-unisexe\/diverses\/"},{"@type":"ListItem","position":6,"name":"Bandeau LED Trespass EAST"}]},{"@type":"WebSite","@id":"https:\/\/schweizversand.ch\/fr\/#website","url":"https:\/\/schweizversand.ch\/fr\/","name":"Schweizer Shop f\u00fcr Sport, Spiel und Freizeit","description":"Gratisversand ab 50.- (netto), ab eigenem schweizer Lager, Lieferung innert 48h","publisher":{"@id":"https:\/\/schweizversand.ch\/fr\/#organization"},"alternateName":"Schweizversand.ch","potentialAction":[{"@type":"SearchAction","target":{"@type":"EntryPoint","urlTemplate":"https:\/\/schweizversand.ch\/fr\/?s={search_term_string}"},"query-input":{"@type":"PropertyValueSpecification","valueRequired":true,"valueName":"search_term_string"}}],"inLanguage":"fr-FR"},{"@type":"Organization","@id":"https:\/\/schweizversand.ch\/fr\/#organization","name":"Schweizversand.ch","url":"https:\/\/schweizversand.ch\/fr\/","logo":{"@type":"ImageObject","inLanguage":"fr-FR","@id":"https:\/\/schweizversand.ch\/fr\/#\/schema\/logo\/image\/","url":"https:\/\/schweizversand.ch\/wp-content\/uploads\/2026\/03\/Logo_Rund_Final-1.png","contentUrl":"https:\/\/schweizversand.ch\/wp-content\/uploads\/2026\/03\/Logo_Rund_Final-1.png","width":404,"height":404,"caption":"Schweizversand.ch"},"image":{"@id":"https:\/\/schweizversand.ch\/fr\/#\/schema\/logo\/image\/"},"sameAs":["https:\/\/www.facebook.com\/Schweizversand","https:\/\/www.instagram.com\/schweizversand.ch\/"]}]}},"jetpack_sharing_enabled":true,"_links":{"self":[{"href":"https:\/\/schweizversand.ch\/fr\/wp-json\/wp\/v2\/product\/259895","targetHints":{"allow":["GET"]}}],"collection":[{"href":"https:\/\/schweizversand.ch\/fr\/wp-json\/wp\/v2\/product"}],"about":[{"href":"https:\/\/schweizversand.ch\/fr\/wp-json\/wp\/v2\/types\/product"}],"replies":[{"embeddable":true,"href":"https:\/\/schweizversand.ch\/fr\/wp-json\/wp\/v2\/comments?post=259895"}],"wp:featuredmedia":[{"embeddable":true,"href":"https:\/\/schweizversand.ch\/fr\/wp-json\/wp\/v2\/media\/161101"}],"wp:attachment":[{"href":"https:\/\/schweizversand.ch\/fr\/wp-json\/wp\/v2\/media?parent=259895"}],"wp:term":[{"taxonomy":"product_brand","embeddable":true,"href":"https:\/\/schweizversand.ch\/fr\/wp-json\/wp\/v2\/product_brand?post=259895"},{"taxonomy":"product_cat","embeddable":true,"href":"https:\/\/schweizversand.ch\/fr\/wp-json\/wp\/v2\/product_cat?post=259895"},{"taxonomy":"product_tag","embeddable":true,"href":"https:\/\/schweizversand.ch\/fr\/wp-json\/wp\/v2\/product_tag?post=259895"}],"curies":[{"name":"wp","href":"https:\/\/api.w.org\/{rel}","templated":true}]}}