{"id":259896,"date":"2026-03-15T00:55:57","date_gmt":"2026-03-14T23:55:57","guid":{"rendered":"https:\/\/schweizversand.ch\/produkt\/trespass-morty-pickleball-set\/"},"modified":"2026-04-20T02:03:51","modified_gmt":"2026-04-20T00:03:51","slug":"trespass-morty-pickleball-set","status":"publish","type":"product","link":"https:\/\/schweizversand.ch\/fr\/produkt\/trespass-morty-pickleball-set\/","title":{"rendered":"Ensemble de pickleball Trespass MORTY"},"content":{"rendered":"<h1><strong>Kit de pickleball Morty \u2013 Du plaisir pour tous, partout<\/strong><\/h1>\n<div>D\u00e9couvrez le monde fascinant du pickleball avec le kit de pickleball Morty. Ce kit de pickleball pour d\u00e9butants, soigneusement con\u00e7u, impressionne par ses mat\u00e9riaux de haute qualit\u00e9 et son design ing\u00e9nieux qui garantit un plaisir imm\u00e9diat. Que vous soyez d\u00e9butant ou joueur confirm\u00e9, ce kit de pickleball contient tout le n\u00e9cessaire pour une partie passionnante.<\/p>\n<\/div>\n<div><strong>Points forts et avantages<\/strong><br \/>Ce kit de pickleball est con\u00e7u pour durer et offrir des performances optimales. Les raquettes robustes sont fabriqu\u00e9es \u00e0 partir d&rsquo;un m\u00e9lange durable de polypropyl\u00e8ne, de bois et de cuir, vous offrant un excellent contr\u00f4le et une grande pr\u00e9cision pendant le jeu. Les balles de pickleball en poly\u00e9thyl\u00e8ne (PE) assurent un rebond constant et un jeu fiable sur toutes les surfaces. Ce kit de pickleball compact est pr\u00eat \u00e0 l&#8217;emploi et id\u00e9al pour les loisirs, les vacances ou un entra\u00eenement improvis\u00e9. Gr\u00e2ce au sac de transport pratique inclus, vous pouvez facilement transporter et ranger tout votre \u00e9quipement \u2013 \u200b\u200bid\u00e9al pour les parties au parc ou en salle.<\/p>\n<\/div>\n<div><strong>Contenu de la livraison et sp\u00e9cifications<\/strong><br \/>&#8211; 2 raquettes de pickleball de haute qualit\u00e9<br \/>&#8211; 4 balles de pickleball r\u00e9sistantes<br \/>&#8211; 1 sac de transport pratique en polyester<br \/>&#8211; Dimensions du set\u00a0: 40 x 20 x 6 cm (compact et maniable)<br \/>&#8211; Mat\u00e9riaux des raquettes\u00a0: PP \/ bois \/ cuir<br \/>&#8211; Mat\u00e9riaux des balles\u00a0: PE<\/p>\n<\/div>\n<div>Procurez-vous votre set de pickleball Morty d\u00e8s maintenant et d\u00e9couvrez ce sport tendance qui unit les g\u00e9n\u00e9rations. Commencez \u00e0 jouer aujourd&rsquo;hui\u00a0!<\/p>\n","protected":false},"excerpt":{"rendered":"<p>Trespass MORTY Pickleball Set bietet langlebige Schl\u00e4ger aus PP, Holz &amp; Leder sowie stabile PE-B\u00e4lle f\u00fcr pr\u00e4zise Kontrolle und grenzenlosen Spielspa\u00df \u2013 perfekt f\u00fcr alle!<\/p>\n","protected":false},"featured_media":161107,"comment_status":"open","ping_status":"closed","template":"","meta":[],"product_brand":[],"product_cat":[39230],"product_tag":[],"class_list":{"0":"post-259896","1":"product","2":"type-product","3":"status-publish","4":"has-post-thumbnail","6":"product_cat-racketsport","7":"product_shipping_class-global_methods","9":"first","10":"instock","11":"taxable","12":"shipping-taxable","13":"purchasable","14":"product-type-simple"},"yoast_head":"<!-- This site is optimized with the Yoast SEO plugin v27.4 - https:\/\/yoast.com\/product\/yoast-seo-wordpress\/ -->\n<title>Trespass MORTY Pickleball Set<\/title>\n<meta name=\"description\" content=\"Morty Pickleball Set \u2013 Spielspass f\u00fcr alle, \u00fcberall Steigen Sie ein in die faszinierende Welt des Pickleball mit dem Morty Pickleball Set . Dieses sorgf\u00e4ltig zu\" \/>\n<meta name=\"robots\" content=\"index, follow, max-snippet:-1, max-image-preview:large, max-video-preview:-1\" \/>\n<link rel=\"canonical\" href=\"https:\/\/schweizversand.ch\/fr\/produkt\/trespass-morty-pickleball-set\/\" \/>\n<meta property=\"og:locale\" content=\"fr_FR\" \/>\n<meta property=\"og:type\" content=\"article\" \/>\n<meta property=\"og:title\" content=\"Trespass MORTY Pickleball Set\" \/>\n<meta property=\"og:description\" content=\"Morty Pickleball Set \u2013 Spielspass f\u00fcr alle, \u00fcberall Steigen Sie ein in die faszinierende Welt des Pickleball mit dem Morty Pickleball Set . Dieses sorgf\u00e4ltig zu\" \/>\n<meta property=\"og:url\" content=\"https:\/\/schweizversand.ch\/fr\/produkt\/trespass-morty-pickleball-set\/\" \/>\n<meta property=\"og:site_name\" content=\"Schweizer Shop f\u00fcr Sport, Spiel und Freizeit\" \/>\n<meta property=\"article:publisher\" content=\"https:\/\/www.facebook.com\/Schweizversand\" \/>\n<meta property=\"article:modified_time\" content=\"2026-04-20T00:03:51+00:00\" \/>\n<meta property=\"og:image\" content=\"https:\/\/schweizversand.ch\/wp-content\/uploads\/2026\/02\/5471857263.jpg\" \/>\n\t<meta property=\"og:image:width\" content=\"543\" \/>\n\t<meta property=\"og:image:height\" content=\"1024\" \/>\n\t<meta property=\"og:image:type\" content=\"image\/jpeg\" \/>\n<meta name=\"twitter:card\" content=\"summary_large_image\" \/>\n<meta name=\"twitter:label1\" content=\"Dur\u00e9e de lecture estim\u00e9e\" \/>\n\t<meta name=\"twitter:data1\" content=\"1 minute\" \/>\n<script type=\"application\/ld+json\" class=\"yoast-schema-graph\">{\"@context\":\"https:\\\/\\\/schema.org\",\"@graph\":[{\"@type\":\"WebPage\",\"@id\":\"https:\\\/\\\/schweizversand.ch\\\/fr\\\/produkt\\\/trespass-morty-pickleball-set\\\/\",\"url\":\"https:\\\/\\\/schweizversand.ch\\\/fr\\\/produkt\\\/trespass-morty-pickleball-set\\\/\",\"name\":\"Trespass MORTY Pickleball Set\",\"isPartOf\":{\"@id\":\"https:\\\/\\\/schweizversand.ch\\\/fr\\\/#website\"},\"primaryImageOfPage\":{\"@id\":\"https:\\\/\\\/schweizversand.ch\\\/fr\\\/produkt\\\/trespass-morty-pickleball-set\\\/#primaryimage\"},\"image\":{\"@id\":\"https:\\\/\\\/schweizversand.ch\\\/fr\\\/produkt\\\/trespass-morty-pickleball-set\\\/#primaryimage\"},\"thumbnailUrl\":\"https:\\\/\\\/schweizversand.ch\\\/wp-content\\\/uploads\\\/2026\\\/02\\\/5471857263.jpg\",\"datePublished\":\"2026-03-14T23:55:57+00:00\",\"dateModified\":\"2026-04-20T00:03:51+00:00\",\"description\":\"Morty Pickleball Set \u2013 Spielspass f\u00fcr alle, \u00fcberall Steigen Sie ein in die faszinierende Welt des Pickleball mit dem Morty Pickleball Set . Dieses sorgf\u00e4ltig zu\",\"breadcrumb\":{\"@id\":\"https:\\\/\\\/schweizversand.ch\\\/fr\\\/produkt\\\/trespass-morty-pickleball-set\\\/#breadcrumb\"},\"inLanguage\":\"fr-FR\",\"potentialAction\":[{\"@type\":\"ReadAction\",\"target\":[\"https:\\\/\\\/schweizversand.ch\\\/fr\\\/produkt\\\/trespass-morty-pickleball-set\\\/\"]}]},{\"@type\":\"ImageObject\",\"inLanguage\":\"fr-FR\",\"@id\":\"https:\\\/\\\/schweizversand.ch\\\/fr\\\/produkt\\\/trespass-morty-pickleball-set\\\/#primaryimage\",\"url\":\"https:\\\/\\\/schweizversand.ch\\\/wp-content\\\/uploads\\\/2026\\\/02\\\/5471857263.jpg\",\"contentUrl\":\"https:\\\/\\\/schweizversand.ch\\\/wp-content\\\/uploads\\\/2026\\\/02\\\/5471857263.jpg\",\"width\":543,\"height\":1024},{\"@type\":\"BreadcrumbList\",\"@id\":\"https:\\\/\\\/schweizversand.ch\\\/fr\\\/produkt\\\/trespass-morty-pickleball-set\\\/#breadcrumb\",\"itemListElement\":[{\"@type\":\"ListItem\",\"position\":1,\"name\":\"Startseite\",\"item\":\"https:\\\/\\\/schweizversand.ch\\\/fr\\\/home\\\/\"},{\"@type\":\"ListItem\",\"position\":2,\"name\":\"Boutique\",\"item\":\"https:\\\/\\\/schweizversand.ch\\\/fr\\\/boutique\\\/\"},{\"@type\":\"ListItem\",\"position\":3,\"name\":\"sports de raquette\",\"item\":\"https:\\\/\\\/schweizversand.ch\\\/fr\\\/produkt-kategorie\\\/racketsport\\\/\"},{\"@type\":\"ListItem\",\"position\":4,\"name\":\"Ensemble de pickleball Trespass MORTY\"}]},{\"@type\":\"WebSite\",\"@id\":\"https:\\\/\\\/schweizversand.ch\\\/fr\\\/#website\",\"url\":\"https:\\\/\\\/schweizversand.ch\\\/fr\\\/\",\"name\":\"Schweizer Shop f\u00fcr Sport, Spiel und Freizeit\",\"description\":\"Gratisversand ab 50.- (netto), ab eigenem schweizer Lager, Lieferung innert 48h\",\"publisher\":{\"@id\":\"https:\\\/\\\/schweizversand.ch\\\/fr\\\/#organization\"},\"alternateName\":\"Schweizversand.ch\",\"potentialAction\":[{\"@type\":\"SearchAction\",\"target\":{\"@type\":\"EntryPoint\",\"urlTemplate\":\"https:\\\/\\\/schweizversand.ch\\\/fr\\\/?s={search_term_string}\"},\"query-input\":{\"@type\":\"PropertyValueSpecification\",\"valueRequired\":true,\"valueName\":\"search_term_string\"}}],\"inLanguage\":\"fr-FR\"},{\"@type\":\"Organization\",\"@id\":\"https:\\\/\\\/schweizversand.ch\\\/fr\\\/#organization\",\"name\":\"Schweizversand.ch\",\"url\":\"https:\\\/\\\/schweizversand.ch\\\/fr\\\/\",\"logo\":{\"@type\":\"ImageObject\",\"inLanguage\":\"fr-FR\",\"@id\":\"https:\\\/\\\/schweizversand.ch\\\/fr\\\/#\\\/schema\\\/logo\\\/image\\\/\",\"url\":\"https:\\\/\\\/schweizversand.ch\\\/wp-content\\\/uploads\\\/2026\\\/03\\\/Logo_Rund_Final-1.png\",\"contentUrl\":\"https:\\\/\\\/schweizversand.ch\\\/wp-content\\\/uploads\\\/2026\\\/03\\\/Logo_Rund_Final-1.png\",\"width\":404,\"height\":404,\"caption\":\"Schweizversand.ch\"},\"image\":{\"@id\":\"https:\\\/\\\/schweizversand.ch\\\/fr\\\/#\\\/schema\\\/logo\\\/image\\\/\"},\"sameAs\":[\"https:\\\/\\\/www.facebook.com\\\/Schweizversand\",\"https:\\\/\\\/www.instagram.com\\\/schweizversand.ch\\\/\"]}]}<\/script>\n<!-- \/ Yoast SEO plugin. -->","yoast_head_json":{"title":"Trespass MORTY Pickleball Set","description":"Morty Pickleball Set \u2013 Spielspass f\u00fcr alle, \u00fcberall Steigen Sie ein in die faszinierende Welt des Pickleball mit dem Morty Pickleball Set . Dieses sorgf\u00e4ltig zu","robots":{"index":"index","follow":"follow","max-snippet":"max-snippet:-1","max-image-preview":"max-image-preview:large","max-video-preview":"max-video-preview:-1"},"canonical":"https:\/\/schweizversand.ch\/fr\/produkt\/trespass-morty-pickleball-set\/","og_locale":"fr_FR","og_type":"article","og_title":"Trespass MORTY Pickleball Set","og_description":"Morty Pickleball Set \u2013 Spielspass f\u00fcr alle, \u00fcberall Steigen Sie ein in die faszinierende Welt des Pickleball mit dem Morty Pickleball Set . Dieses sorgf\u00e4ltig zu","og_url":"https:\/\/schweizversand.ch\/fr\/produkt\/trespass-morty-pickleball-set\/","og_site_name":"Schweizer Shop f\u00fcr Sport, Spiel und Freizeit","article_publisher":"https:\/\/www.facebook.com\/Schweizversand","article_modified_time":"2026-04-20T00:03:51+00:00","og_image":[{"width":543,"height":1024,"url":"https:\/\/schweizversand.ch\/wp-content\/uploads\/2026\/02\/5471857263.jpg","type":"image\/jpeg"}],"twitter_card":"summary_large_image","twitter_misc":{"Dur\u00e9e de lecture estim\u00e9e":"1 minute"},"schema":{"@context":"https:\/\/schema.org","@graph":[{"@type":"WebPage","@id":"https:\/\/schweizversand.ch\/fr\/produkt\/trespass-morty-pickleball-set\/","url":"https:\/\/schweizversand.ch\/fr\/produkt\/trespass-morty-pickleball-set\/","name":"Trespass MORTY Pickleball Set","isPartOf":{"@id":"https:\/\/schweizversand.ch\/fr\/#website"},"primaryImageOfPage":{"@id":"https:\/\/schweizversand.ch\/fr\/produkt\/trespass-morty-pickleball-set\/#primaryimage"},"image":{"@id":"https:\/\/schweizversand.ch\/fr\/produkt\/trespass-morty-pickleball-set\/#primaryimage"},"thumbnailUrl":"https:\/\/schweizversand.ch\/wp-content\/uploads\/2026\/02\/5471857263.jpg","datePublished":"2026-03-14T23:55:57+00:00","dateModified":"2026-04-20T00:03:51+00:00","description":"Morty Pickleball Set \u2013 Spielspass f\u00fcr alle, \u00fcberall Steigen Sie ein in die faszinierende Welt des Pickleball mit dem Morty Pickleball Set . Dieses sorgf\u00e4ltig zu","breadcrumb":{"@id":"https:\/\/schweizversand.ch\/fr\/produkt\/trespass-morty-pickleball-set\/#breadcrumb"},"inLanguage":"fr-FR","potentialAction":[{"@type":"ReadAction","target":["https:\/\/schweizversand.ch\/fr\/produkt\/trespass-morty-pickleball-set\/"]}]},{"@type":"ImageObject","inLanguage":"fr-FR","@id":"https:\/\/schweizversand.ch\/fr\/produkt\/trespass-morty-pickleball-set\/#primaryimage","url":"https:\/\/schweizversand.ch\/wp-content\/uploads\/2026\/02\/5471857263.jpg","contentUrl":"https:\/\/schweizversand.ch\/wp-content\/uploads\/2026\/02\/5471857263.jpg","width":543,"height":1024},{"@type":"BreadcrumbList","@id":"https:\/\/schweizversand.ch\/fr\/produkt\/trespass-morty-pickleball-set\/#breadcrumb","itemListElement":[{"@type":"ListItem","position":1,"name":"Startseite","item":"https:\/\/schweizversand.ch\/fr\/home\/"},{"@type":"ListItem","position":2,"name":"Boutique","item":"https:\/\/schweizversand.ch\/fr\/boutique\/"},{"@type":"ListItem","position":3,"name":"sports de raquette","item":"https:\/\/schweizversand.ch\/fr\/produkt-kategorie\/racketsport\/"},{"@type":"ListItem","position":4,"name":"Ensemble de pickleball Trespass MORTY"}]},{"@type":"WebSite","@id":"https:\/\/schweizversand.ch\/fr\/#website","url":"https:\/\/schweizversand.ch\/fr\/","name":"Schweizer Shop f\u00fcr Sport, Spiel und Freizeit","description":"Gratisversand ab 50.- (netto), ab eigenem schweizer Lager, Lieferung innert 48h","publisher":{"@id":"https:\/\/schweizversand.ch\/fr\/#organization"},"alternateName":"Schweizversand.ch","potentialAction":[{"@type":"SearchAction","target":{"@type":"EntryPoint","urlTemplate":"https:\/\/schweizversand.ch\/fr\/?s={search_term_string}"},"query-input":{"@type":"PropertyValueSpecification","valueRequired":true,"valueName":"search_term_string"}}],"inLanguage":"fr-FR"},{"@type":"Organization","@id":"https:\/\/schweizversand.ch\/fr\/#organization","name":"Schweizversand.ch","url":"https:\/\/schweizversand.ch\/fr\/","logo":{"@type":"ImageObject","inLanguage":"fr-FR","@id":"https:\/\/schweizversand.ch\/fr\/#\/schema\/logo\/image\/","url":"https:\/\/schweizversand.ch\/wp-content\/uploads\/2026\/03\/Logo_Rund_Final-1.png","contentUrl":"https:\/\/schweizversand.ch\/wp-content\/uploads\/2026\/03\/Logo_Rund_Final-1.png","width":404,"height":404,"caption":"Schweizversand.ch"},"image":{"@id":"https:\/\/schweizversand.ch\/fr\/#\/schema\/logo\/image\/"},"sameAs":["https:\/\/www.facebook.com\/Schweizversand","https:\/\/www.instagram.com\/schweizversand.ch\/"]}]}},"jetpack_sharing_enabled":true,"_links":{"self":[{"href":"https:\/\/schweizversand.ch\/fr\/wp-json\/wp\/v2\/product\/259896","targetHints":{"allow":["GET"]}}],"collection":[{"href":"https:\/\/schweizversand.ch\/fr\/wp-json\/wp\/v2\/product"}],"about":[{"href":"https:\/\/schweizversand.ch\/fr\/wp-json\/wp\/v2\/types\/product"}],"replies":[{"embeddable":true,"href":"https:\/\/schweizversand.ch\/fr\/wp-json\/wp\/v2\/comments?post=259896"}],"wp:featuredmedia":[{"embeddable":true,"href":"https:\/\/schweizversand.ch\/fr\/wp-json\/wp\/v2\/media\/161107"}],"wp:attachment":[{"href":"https:\/\/schweizversand.ch\/fr\/wp-json\/wp\/v2\/media?parent=259896"}],"wp:term":[{"taxonomy":"product_brand","embeddable":true,"href":"https:\/\/schweizversand.ch\/fr\/wp-json\/wp\/v2\/product_brand?post=259896"},{"taxonomy":"product_cat","embeddable":true,"href":"https:\/\/schweizversand.ch\/fr\/wp-json\/wp\/v2\/product_cat?post=259896"},{"taxonomy":"product_tag","embeddable":true,"href":"https:\/\/schweizversand.ch\/fr\/wp-json\/wp\/v2\/product_tag?post=259896"}],"curies":[{"name":"wp","href":"https:\/\/api.w.org\/{rel}","templated":true}]}}