{"id":259897,"date":"2026-03-15T00:55:57","date_gmt":"2026-03-14T23:55:57","guid":{"rendered":"https:\/\/schweizversand.ch\/produkt\/trespass-jayne-damen-skihose\/"},"modified":"2026-04-14T02:03:46","modified_gmt":"2026-04-14T00:03:46","slug":"trespass-jayne-damen-skihose","status":"publish","type":"product","link":"https:\/\/schweizversand.ch\/fr\/produkt\/trespass-jayne-damen-skihose\/","title":{"rendered":"Pantalon de ski femme Trespass JAYNE"},"content":{"rendered":"<p>Pantalon de ski femme \u2013 Pour une performance optimale sur les pistes !<\/p>\n<p>Profitez d&rsquo;un confort et d&rsquo;une protection ultimes avec notre pantalon de ski rembourr\u00e9 pour femme. La membrane TPU du tissu ext\u00e9rieur assure une excellente imperm\u00e9abilit\u00e9 (5000 mm) et une respirabilit\u00e9 optimale (5000 mvp), vous gardant au sec et au chaud m\u00eame dans les conditions climatiques les plus extr\u00eames. Le tissu coupe-vent et les coutures \u00e9tanches offrent une protection suppl\u00e9mentaire contre le vent froid et l&rsquo;humidit\u00e9.<\/p>\n<p>Gr\u00e2ce \u00e0 la doublure en jersey et aux genoux pr\u00e9form\u00e9s, vous b\u00e9n\u00e9ficierez d&rsquo;une libert\u00e9 de mouvement maximale sur chaque descente. Les bretelles amovibles et les ajusteurs lat\u00e9raux \u00e0 la taille permettent un ajustement personnalis\u00e9, tandis que les zips de ventilation sur les jambes assurent une r\u00e9gulation thermique id\u00e9ale.<\/p>\n<p>Des d\u00e9tails pratiques comme deux poches zipp\u00e9es, des renforts aux chevilles, des zips lat\u00e9raux aux chevilles et des gu\u00eatres int\u00e9gr\u00e9es rendent ce pantalon de ski non seulement fonctionnel, mais aussi exceptionnellement polyvalent. Il offre tout ce dont vous avez besoin pour une journ\u00e9e parfaite sur les pistes.<\/p>\n<p>Sa conception robuste et de haute qualit\u00e9 vous garantit de profiter longtemps de ce pantalon \u2013 id\u00e9al pour celles qui ne font aucun compromis sur le confort et la fonctionnalit\u00e9.<\/p>\n<p>Le pantalon de ski id\u00e9al pour les femmes qui veulent donner le meilleur d&rsquo;elles-m\u00eames, m\u00eame dans des conditions extr\u00eames.<\/p>\n","protected":false},"excerpt":{"rendered":"<p>Trespass JAYNE \u2013 Damen-Skihose mit wasserdichter TPU-Membran, winddicht, atmungsaktiv und verstellbar f\u00fcr perfekten Sitz und optimalen Schutz auf der Piste.<\/p>\n","protected":false},"featured_media":229384,"comment_status":"open","ping_status":"closed","template":"","meta":[],"product_brand":[],"product_cat":[38524],"product_tag":[],"class_list":{"0":"post-259897","1":"product","2":"type-product","3":"status-publish","4":"has-post-thumbnail","6":"product_cat-wintersportbekleidung","7":"product_shipping_class-global_methods","9":"first","10":"instock","11":"taxable","12":"shipping-taxable","13":"purchasable","14":"product-type-simple"},"yoast_head":"<!-- This site is optimized with the Yoast SEO plugin v27.4 - https:\/\/yoast.com\/product\/yoast-seo-wordpress\/ -->\n<title>Trespass JAYNE - Damen Skihose<\/title>\n<meta name=\"description\" content=\"Damen-Skihose \u2013 F\u00fcr perfekte Performance auf der Piste!\u00a0 Erlebe ultimativen Komfort und Schutz mit unserer gepolsterten Damen-Skihose. Die TPU-Membran des Auss\" \/>\n<meta name=\"robots\" content=\"index, follow, max-snippet:-1, max-image-preview:large, max-video-preview:-1\" \/>\n<link rel=\"canonical\" href=\"https:\/\/schweizversand.ch\/fr\/produkt\/trespass-jayne-damen-skihose\/\" \/>\n<meta property=\"og:locale\" content=\"fr_FR\" \/>\n<meta property=\"og:type\" content=\"article\" \/>\n<meta property=\"og:title\" content=\"Trespass JAYNE - Damen Skihose\" \/>\n<meta property=\"og:description\" content=\"Damen-Skihose \u2013 F\u00fcr perfekte Performance auf der Piste!\u00a0 Erlebe ultimativen Komfort und Schutz mit unserer gepolsterten Damen-Skihose. Die TPU-Membran des Auss\" \/>\n<meta property=\"og:url\" content=\"https:\/\/schweizversand.ch\/fr\/produkt\/trespass-jayne-damen-skihose\/\" \/>\n<meta property=\"og:site_name\" content=\"Schweizer Shop f\u00fcr Sport, Spiel und Freizeit\" \/>\n<meta property=\"article:publisher\" content=\"https:\/\/www.facebook.com\/Schweizversand\" \/>\n<meta property=\"article:modified_time\" content=\"2026-04-14T00:03:46+00:00\" \/>\n<meta property=\"og:image\" content=\"https:\/\/schweizversand.ch\/wp-content\/uploads\/2026\/03\/5471836261.jpg\" \/>\n\t<meta property=\"og:image:width\" content=\"732\" \/>\n\t<meta property=\"og:image:height\" content=\"1024\" \/>\n\t<meta property=\"og:image:type\" content=\"image\/jpeg\" \/>\n<meta name=\"twitter:card\" content=\"summary_large_image\" \/>\n<meta name=\"twitter:label1\" content=\"Dur\u00e9e de lecture estim\u00e9e\" \/>\n\t<meta name=\"twitter:data1\" content=\"1 minute\" \/>\n<script type=\"application\/ld+json\" class=\"yoast-schema-graph\">{\"@context\":\"https:\\\/\\\/schema.org\",\"@graph\":[{\"@type\":\"WebPage\",\"@id\":\"https:\\\/\\\/schweizversand.ch\\\/fr\\\/produkt\\\/trespass-jayne-damen-skihose\\\/\",\"url\":\"https:\\\/\\\/schweizversand.ch\\\/fr\\\/produkt\\\/trespass-jayne-damen-skihose\\\/\",\"name\":\"Trespass JAYNE - Damen Skihose\",\"isPartOf\":{\"@id\":\"https:\\\/\\\/schweizversand.ch\\\/fr\\\/#website\"},\"primaryImageOfPage\":{\"@id\":\"https:\\\/\\\/schweizversand.ch\\\/fr\\\/produkt\\\/trespass-jayne-damen-skihose\\\/#primaryimage\"},\"image\":{\"@id\":\"https:\\\/\\\/schweizversand.ch\\\/fr\\\/produkt\\\/trespass-jayne-damen-skihose\\\/#primaryimage\"},\"thumbnailUrl\":\"https:\\\/\\\/schweizversand.ch\\\/wp-content\\\/uploads\\\/2026\\\/03\\\/5471836261.jpg\",\"datePublished\":\"2026-03-14T23:55:57+00:00\",\"dateModified\":\"2026-04-14T00:03:46+00:00\",\"description\":\"Damen-Skihose \u2013 F\u00fcr perfekte Performance auf der Piste!\u00a0 Erlebe ultimativen Komfort und Schutz mit unserer gepolsterten Damen-Skihose. Die TPU-Membran des Auss\",\"breadcrumb\":{\"@id\":\"https:\\\/\\\/schweizversand.ch\\\/fr\\\/produkt\\\/trespass-jayne-damen-skihose\\\/#breadcrumb\"},\"inLanguage\":\"fr-FR\",\"potentialAction\":[{\"@type\":\"ReadAction\",\"target\":[\"https:\\\/\\\/schweizversand.ch\\\/fr\\\/produkt\\\/trespass-jayne-damen-skihose\\\/\"]}]},{\"@type\":\"ImageObject\",\"inLanguage\":\"fr-FR\",\"@id\":\"https:\\\/\\\/schweizversand.ch\\\/fr\\\/produkt\\\/trespass-jayne-damen-skihose\\\/#primaryimage\",\"url\":\"https:\\\/\\\/schweizversand.ch\\\/wp-content\\\/uploads\\\/2026\\\/03\\\/5471836261.jpg\",\"contentUrl\":\"https:\\\/\\\/schweizversand.ch\\\/wp-content\\\/uploads\\\/2026\\\/03\\\/5471836261.jpg\",\"width\":732,\"height\":1024},{\"@type\":\"BreadcrumbList\",\"@id\":\"https:\\\/\\\/schweizversand.ch\\\/fr\\\/produkt\\\/trespass-jayne-damen-skihose\\\/#breadcrumb\",\"itemListElement\":[{\"@type\":\"ListItem\",\"position\":1,\"name\":\"Startseite\",\"item\":\"https:\\\/\\\/schweizversand.ch\\\/fr\\\/\"},{\"@type\":\"ListItem\",\"position\":2,\"name\":\"Boutique\",\"item\":\"https:\\\/\\\/schweizversand.ch\\\/fr\\\/boutique\\\/\"},{\"@type\":\"ListItem\",\"position\":3,\"name\":\"Sports\",\"item\":\"https:\\\/\\\/schweizversand.ch\\\/fr\\\/produkt-kategorie\\\/sports\\\/\"},{\"@type\":\"ListItem\",\"position\":4,\"name\":\"Sports d'hiver\",\"item\":\"https:\\\/\\\/schweizversand.ch\\\/fr\\\/produkt-kategorie\\\/sports\\\/sports-dhiver\\\/\"},{\"@type\":\"ListItem\",\"position\":5,\"name\":\"V\u00eatements de sports d'hiver\",\"item\":\"https:\\\/\\\/schweizversand.ch\\\/fr\\\/produkt-kategorie\\\/sports\\\/sports-dhiver\\\/wintersportbekleidung\\\/\"},{\"@type\":\"ListItem\",\"position\":6,\"name\":\"Pantalon de ski femme Trespass JAYNE\"}]},{\"@type\":\"WebSite\",\"@id\":\"https:\\\/\\\/schweizversand.ch\\\/fr\\\/#website\",\"url\":\"https:\\\/\\\/schweizversand.ch\\\/fr\\\/\",\"name\":\"Schweizer Shop f\u00fcr Sport, Spiel und Freizeit\",\"description\":\"Gratisversand ab 50.- (netto), ab eigenem schweizer Lager, Lieferung innert 48h\",\"publisher\":{\"@id\":\"https:\\\/\\\/schweizversand.ch\\\/fr\\\/#organization\"},\"alternateName\":\"Schweizversand.ch\",\"potentialAction\":[{\"@type\":\"SearchAction\",\"target\":{\"@type\":\"EntryPoint\",\"urlTemplate\":\"https:\\\/\\\/schweizversand.ch\\\/fr\\\/?s={search_term_string}\"},\"query-input\":{\"@type\":\"PropertyValueSpecification\",\"valueRequired\":true,\"valueName\":\"search_term_string\"}}],\"inLanguage\":\"fr-FR\"},{\"@type\":\"Organization\",\"@id\":\"https:\\\/\\\/schweizversand.ch\\\/fr\\\/#organization\",\"name\":\"Schweizversand.ch\",\"url\":\"https:\\\/\\\/schweizversand.ch\\\/fr\\\/\",\"logo\":{\"@type\":\"ImageObject\",\"inLanguage\":\"fr-FR\",\"@id\":\"https:\\\/\\\/schweizversand.ch\\\/fr\\\/#\\\/schema\\\/logo\\\/image\\\/\",\"url\":\"https:\\\/\\\/schweizversand.ch\\\/wp-content\\\/uploads\\\/2026\\\/03\\\/Logo_Rund_Final-1.png\",\"contentUrl\":\"https:\\\/\\\/schweizversand.ch\\\/wp-content\\\/uploads\\\/2026\\\/03\\\/Logo_Rund_Final-1.png\",\"width\":404,\"height\":404,\"caption\":\"Schweizversand.ch\"},\"image\":{\"@id\":\"https:\\\/\\\/schweizversand.ch\\\/fr\\\/#\\\/schema\\\/logo\\\/image\\\/\"},\"sameAs\":[\"https:\\\/\\\/www.facebook.com\\\/Schweizversand\",\"https:\\\/\\\/www.instagram.com\\\/schweizversand.ch\\\/\"]}]}<\/script>\n<!-- \/ Yoast SEO plugin. -->","yoast_head_json":{"title":"Trespass JAYNE - Damen Skihose","description":"Damen-Skihose \u2013 F\u00fcr perfekte Performance auf der Piste!\u00a0 Erlebe ultimativen Komfort und Schutz mit unserer gepolsterten Damen-Skihose. Die TPU-Membran des Auss","robots":{"index":"index","follow":"follow","max-snippet":"max-snippet:-1","max-image-preview":"max-image-preview:large","max-video-preview":"max-video-preview:-1"},"canonical":"https:\/\/schweizversand.ch\/fr\/produkt\/trespass-jayne-damen-skihose\/","og_locale":"fr_FR","og_type":"article","og_title":"Trespass JAYNE - Damen Skihose","og_description":"Damen-Skihose \u2013 F\u00fcr perfekte Performance auf der Piste!\u00a0 Erlebe ultimativen Komfort und Schutz mit unserer gepolsterten Damen-Skihose. Die TPU-Membran des Auss","og_url":"https:\/\/schweizversand.ch\/fr\/produkt\/trespass-jayne-damen-skihose\/","og_site_name":"Schweizer Shop f\u00fcr Sport, Spiel und Freizeit","article_publisher":"https:\/\/www.facebook.com\/Schweizversand","article_modified_time":"2026-04-14T00:03:46+00:00","og_image":[{"width":732,"height":1024,"url":"https:\/\/schweizversand.ch\/wp-content\/uploads\/2026\/03\/5471836261.jpg","type":"image\/jpeg"}],"twitter_card":"summary_large_image","twitter_misc":{"Dur\u00e9e de lecture estim\u00e9e":"1 minute"},"schema":{"@context":"https:\/\/schema.org","@graph":[{"@type":"WebPage","@id":"https:\/\/schweizversand.ch\/fr\/produkt\/trespass-jayne-damen-skihose\/","url":"https:\/\/schweizversand.ch\/fr\/produkt\/trespass-jayne-damen-skihose\/","name":"Trespass JAYNE - Damen Skihose","isPartOf":{"@id":"https:\/\/schweizversand.ch\/fr\/#website"},"primaryImageOfPage":{"@id":"https:\/\/schweizversand.ch\/fr\/produkt\/trespass-jayne-damen-skihose\/#primaryimage"},"image":{"@id":"https:\/\/schweizversand.ch\/fr\/produkt\/trespass-jayne-damen-skihose\/#primaryimage"},"thumbnailUrl":"https:\/\/schweizversand.ch\/wp-content\/uploads\/2026\/03\/5471836261.jpg","datePublished":"2026-03-14T23:55:57+00:00","dateModified":"2026-04-14T00:03:46+00:00","description":"Damen-Skihose \u2013 F\u00fcr perfekte Performance auf der Piste!\u00a0 Erlebe ultimativen Komfort und Schutz mit unserer gepolsterten Damen-Skihose. Die TPU-Membran des Auss","breadcrumb":{"@id":"https:\/\/schweizversand.ch\/fr\/produkt\/trespass-jayne-damen-skihose\/#breadcrumb"},"inLanguage":"fr-FR","potentialAction":[{"@type":"ReadAction","target":["https:\/\/schweizversand.ch\/fr\/produkt\/trespass-jayne-damen-skihose\/"]}]},{"@type":"ImageObject","inLanguage":"fr-FR","@id":"https:\/\/schweizversand.ch\/fr\/produkt\/trespass-jayne-damen-skihose\/#primaryimage","url":"https:\/\/schweizversand.ch\/wp-content\/uploads\/2026\/03\/5471836261.jpg","contentUrl":"https:\/\/schweizversand.ch\/wp-content\/uploads\/2026\/03\/5471836261.jpg","width":732,"height":1024},{"@type":"BreadcrumbList","@id":"https:\/\/schweizversand.ch\/fr\/produkt\/trespass-jayne-damen-skihose\/#breadcrumb","itemListElement":[{"@type":"ListItem","position":1,"name":"Startseite","item":"https:\/\/schweizversand.ch\/fr\/"},{"@type":"ListItem","position":2,"name":"Boutique","item":"https:\/\/schweizversand.ch\/fr\/boutique\/"},{"@type":"ListItem","position":3,"name":"Sports","item":"https:\/\/schweizversand.ch\/fr\/produkt-kategorie\/sports\/"},{"@type":"ListItem","position":4,"name":"Sports d'hiver","item":"https:\/\/schweizversand.ch\/fr\/produkt-kategorie\/sports\/sports-dhiver\/"},{"@type":"ListItem","position":5,"name":"V\u00eatements de sports d'hiver","item":"https:\/\/schweizversand.ch\/fr\/produkt-kategorie\/sports\/sports-dhiver\/wintersportbekleidung\/"},{"@type":"ListItem","position":6,"name":"Pantalon de ski femme Trespass JAYNE"}]},{"@type":"WebSite","@id":"https:\/\/schweizversand.ch\/fr\/#website","url":"https:\/\/schweizversand.ch\/fr\/","name":"Schweizer Shop f\u00fcr Sport, Spiel und Freizeit","description":"Gratisversand ab 50.- (netto), ab eigenem schweizer Lager, Lieferung innert 48h","publisher":{"@id":"https:\/\/schweizversand.ch\/fr\/#organization"},"alternateName":"Schweizversand.ch","potentialAction":[{"@type":"SearchAction","target":{"@type":"EntryPoint","urlTemplate":"https:\/\/schweizversand.ch\/fr\/?s={search_term_string}"},"query-input":{"@type":"PropertyValueSpecification","valueRequired":true,"valueName":"search_term_string"}}],"inLanguage":"fr-FR"},{"@type":"Organization","@id":"https:\/\/schweizversand.ch\/fr\/#organization","name":"Schweizversand.ch","url":"https:\/\/schweizversand.ch\/fr\/","logo":{"@type":"ImageObject","inLanguage":"fr-FR","@id":"https:\/\/schweizversand.ch\/fr\/#\/schema\/logo\/image\/","url":"https:\/\/schweizversand.ch\/wp-content\/uploads\/2026\/03\/Logo_Rund_Final-1.png","contentUrl":"https:\/\/schweizversand.ch\/wp-content\/uploads\/2026\/03\/Logo_Rund_Final-1.png","width":404,"height":404,"caption":"Schweizversand.ch"},"image":{"@id":"https:\/\/schweizversand.ch\/fr\/#\/schema\/logo\/image\/"},"sameAs":["https:\/\/www.facebook.com\/Schweizversand","https:\/\/www.instagram.com\/schweizversand.ch\/"]}]}},"jetpack_sharing_enabled":true,"_links":{"self":[{"href":"https:\/\/schweizversand.ch\/fr\/wp-json\/wp\/v2\/product\/259897","targetHints":{"allow":["GET"]}}],"collection":[{"href":"https:\/\/schweizversand.ch\/fr\/wp-json\/wp\/v2\/product"}],"about":[{"href":"https:\/\/schweizversand.ch\/fr\/wp-json\/wp\/v2\/types\/product"}],"replies":[{"embeddable":true,"href":"https:\/\/schweizversand.ch\/fr\/wp-json\/wp\/v2\/comments?post=259897"}],"wp:featuredmedia":[{"embeddable":true,"href":"https:\/\/schweizversand.ch\/fr\/wp-json\/wp\/v2\/media\/229384"}],"wp:attachment":[{"href":"https:\/\/schweizversand.ch\/fr\/wp-json\/wp\/v2\/media?parent=259897"}],"wp:term":[{"taxonomy":"product_brand","embeddable":true,"href":"https:\/\/schweizversand.ch\/fr\/wp-json\/wp\/v2\/product_brand?post=259897"},{"taxonomy":"product_cat","embeddable":true,"href":"https:\/\/schweizversand.ch\/fr\/wp-json\/wp\/v2\/product_cat?post=259897"},{"taxonomy":"product_tag","embeddable":true,"href":"https:\/\/schweizversand.ch\/fr\/wp-json\/wp\/v2\/product_tag?post=259897"}],"curies":[{"name":"wp","href":"https:\/\/api.w.org\/{rel}","templated":true}]}}