{"id":259906,"date":"2026-03-15T00:06:39","date_gmt":"2026-03-14T23:06:39","guid":{"rendered":"https:\/\/schweizversand.ch\/produkt\/trespass-pitloch-30-liter-wanderrucksack\/"},"modified":"2026-04-20T02:03:52","modified_gmt":"2026-04-20T00:03:52","slug":"trespass-pitloch-30-liter-wanderrucksack","status":"publish","type":"product","link":"https:\/\/schweizversand.ch\/fr\/produkt\/trespass-pitloch-30-liter-wanderrucksack\/","title":{"rendered":"Sac \u00e0 dos de randonn\u00e9e Trespass PTLOCH de 30 litres"},"content":{"rendered":"<p>Pr\u00eat pour toutes les aventures\u00a0? Le sac \u00e0 dos Trespass Pitloch 30L<\/p>\n<p>Le sac \u00e0 dos Trespass Pitloch 30L est le compagnon id\u00e9al des passionn\u00e9s de plein air, que ce soit pour vos trajets quotidiens ou vos randonn\u00e9es les plus exigeantes. Fabriqu\u00e9 en polyester robuste avec un rev\u00eatement PU, il impressionne par sa durabilit\u00e9 et son design sportif et fonctionnel.<\/p>\n<p>Gr\u00e2ce \u00e0 son syst\u00e8me dorsal Airflow et \u00e0 ses bretelles et ceinture rembourr\u00e9es, le Pitloch offre un confort de portage exceptionnel, m\u00eame lors de longs voyages. Trois compartiments zipp\u00e9s permettent de garder votre \u00e9quipement bien organis\u00e9. Pour une protection optimale par mauvais temps, la housse de pluie int\u00e9gr\u00e9e prot\u00e8ge efficacement le sac \u00e0 dos et son contenu de l&rsquo;humidit\u00e9.<\/p>\n<p>Points forts\u00a0:<\/p>\n<p>\u2022 Capacit\u00e9 de 30 litres \u2013 id\u00e9ale pour les excursions \u00e0 la journ\u00e9e et les randonn\u00e9es de plusieurs jours<\/p>\n<p>\u2022 Sangle de poitrine avec sifflet de signalisation pour un maintien s\u00fbr et une s\u00e9curit\u00e9 accrue en cas d\u2019urgence<\/p>\n<p>\u2022 Acc\u00e8s pour syst\u00e8me d\u2019hydratation \u2013 pour s\u2019hydrater facilement en pleine marche<\/p>\n<p>\u2022 Boucles pour piolets et b\u00e2tons de randonn\u00e9e<\/p>\n<p>\u2022 Mat\u00e9riau r\u00e9sistant aux intemp\u00e9ries et durable pour toutes les saisons<\/p>\n<p>Alliant fonctionnalit\u00e9 et confort, d\u00e9couvrez d\u00e8s maintenant le sac \u00e0 dos Pitloch 30L et bien d\u2019autres mod\u00e8les de notre gamme\u00a0!<\/p>\n","protected":false},"excerpt":{"rendered":"<p>Trespass PITLOCH 30 Liter Wanderrucksack bietet robusten Schutz, 30L Volumen, Airflow-R\u00fcckensystem und integrierten Regenschutz f\u00fcr maximalen Komfort auf jedem Abenteuer.<\/p>\n","protected":false},"featured_media":161147,"comment_status":"open","ping_status":"closed","template":"","meta":[],"product_brand":[],"product_cat":[38335],"product_tag":[],"class_list":{"0":"post-259906","1":"product","2":"type-product","3":"status-publish","4":"has-post-thumbnail","6":"product_cat-wandern","7":"product_shipping_class-global_methods","9":"first","10":"instock","11":"taxable","12":"shipping-taxable","13":"purchasable","14":"product-type-simple"},"yoast_head":"<!-- This site is optimized with the Yoast SEO plugin v27.4 - https:\/\/yoast.com\/product\/yoast-seo-wordpress\/ -->\n<title>Trespass PITLOCH 30 Liter Wanderrucksack<\/title>\n<meta name=\"description\" content=\"Bereit f\u00fcr jedes Abenteuer \u2013 der Trespass Pitloch 30L Rucksack Der Trespass Pitloch 30L Rucksack ist der ideale Begleiter f\u00fcr Outdoor-Fans \u2013 egal ob beim t\u00e4gli\" \/>\n<meta name=\"robots\" content=\"index, follow, max-snippet:-1, max-image-preview:large, max-video-preview:-1\" \/>\n<link rel=\"canonical\" href=\"https:\/\/schweizversand.ch\/fr\/produkt\/trespass-pitloch-30-liter-wanderrucksack\/\" \/>\n<meta property=\"og:locale\" content=\"fr_FR\" \/>\n<meta property=\"og:type\" content=\"article\" \/>\n<meta property=\"og:title\" content=\"Trespass PITLOCH 30 Liter Wanderrucksack\" \/>\n<meta property=\"og:description\" content=\"Bereit f\u00fcr jedes Abenteuer \u2013 der Trespass Pitloch 30L Rucksack Der Trespass Pitloch 30L Rucksack ist der ideale Begleiter f\u00fcr Outdoor-Fans \u2013 egal ob beim t\u00e4gli\" \/>\n<meta property=\"og:url\" content=\"https:\/\/schweizversand.ch\/fr\/produkt\/trespass-pitloch-30-liter-wanderrucksack\/\" \/>\n<meta property=\"og:site_name\" content=\"Schweizer Shop f\u00fcr Sport, Spiel und Freizeit\" \/>\n<meta property=\"article:publisher\" content=\"https:\/\/www.facebook.com\/Schweizversand\" \/>\n<meta property=\"article:modified_time\" content=\"2026-04-20T00:03:52+00:00\" \/>\n<meta property=\"og:image\" content=\"https:\/\/schweizversand.ch\/wp-content\/uploads\/2026\/02\/5471871099.jpg\" \/>\n\t<meta property=\"og:image:width\" content=\"639\" \/>\n\t<meta property=\"og:image:height\" content=\"1024\" \/>\n\t<meta property=\"og:image:type\" content=\"image\/jpeg\" \/>\n<meta name=\"twitter:card\" content=\"summary_large_image\" \/>\n<meta name=\"twitter:label1\" content=\"Dur\u00e9e de lecture estim\u00e9e\" \/>\n\t<meta name=\"twitter:data1\" content=\"1 minute\" \/>\n<script type=\"application\/ld+json\" class=\"yoast-schema-graph\">{\"@context\":\"https:\\\/\\\/schema.org\",\"@graph\":[{\"@type\":\"WebPage\",\"@id\":\"https:\\\/\\\/schweizversand.ch\\\/fr\\\/produkt\\\/trespass-pitloch-30-liter-wanderrucksack\\\/\",\"url\":\"https:\\\/\\\/schweizversand.ch\\\/fr\\\/produkt\\\/trespass-pitloch-30-liter-wanderrucksack\\\/\",\"name\":\"Trespass PITLOCH 30 Liter Wanderrucksack\",\"isPartOf\":{\"@id\":\"https:\\\/\\\/schweizversand.ch\\\/fr\\\/#website\"},\"primaryImageOfPage\":{\"@id\":\"https:\\\/\\\/schweizversand.ch\\\/fr\\\/produkt\\\/trespass-pitloch-30-liter-wanderrucksack\\\/#primaryimage\"},\"image\":{\"@id\":\"https:\\\/\\\/schweizversand.ch\\\/fr\\\/produkt\\\/trespass-pitloch-30-liter-wanderrucksack\\\/#primaryimage\"},\"thumbnailUrl\":\"https:\\\/\\\/schweizversand.ch\\\/wp-content\\\/uploads\\\/2026\\\/02\\\/5471871099.jpg\",\"datePublished\":\"2026-03-14T23:06:39+00:00\",\"dateModified\":\"2026-04-20T00:03:52+00:00\",\"description\":\"Bereit f\u00fcr jedes Abenteuer \u2013 der Trespass Pitloch 30L Rucksack Der Trespass Pitloch 30L Rucksack ist der ideale Begleiter f\u00fcr Outdoor-Fans \u2013 egal ob beim t\u00e4gli\",\"breadcrumb\":{\"@id\":\"https:\\\/\\\/schweizversand.ch\\\/fr\\\/produkt\\\/trespass-pitloch-30-liter-wanderrucksack\\\/#breadcrumb\"},\"inLanguage\":\"fr-FR\",\"potentialAction\":[{\"@type\":\"ReadAction\",\"target\":[\"https:\\\/\\\/schweizversand.ch\\\/fr\\\/produkt\\\/trespass-pitloch-30-liter-wanderrucksack\\\/\"]}]},{\"@type\":\"ImageObject\",\"inLanguage\":\"fr-FR\",\"@id\":\"https:\\\/\\\/schweizversand.ch\\\/fr\\\/produkt\\\/trespass-pitloch-30-liter-wanderrucksack\\\/#primaryimage\",\"url\":\"https:\\\/\\\/schweizversand.ch\\\/wp-content\\\/uploads\\\/2026\\\/02\\\/5471871099.jpg\",\"contentUrl\":\"https:\\\/\\\/schweizversand.ch\\\/wp-content\\\/uploads\\\/2026\\\/02\\\/5471871099.jpg\",\"width\":639,\"height\":1024},{\"@type\":\"BreadcrumbList\",\"@id\":\"https:\\\/\\\/schweizversand.ch\\\/fr\\\/produkt\\\/trespass-pitloch-30-liter-wanderrucksack\\\/#breadcrumb\",\"itemListElement\":[{\"@type\":\"ListItem\",\"position\":1,\"name\":\"Startseite\",\"item\":\"https:\\\/\\\/schweizversand.ch\\\/fr\\\/home\\\/\"},{\"@type\":\"ListItem\",\"position\":2,\"name\":\"Boutique\",\"item\":\"https:\\\/\\\/schweizversand.ch\\\/fr\\\/boutique\\\/\"},{\"@type\":\"ListItem\",\"position\":3,\"name\":\"Sports\",\"item\":\"https:\\\/\\\/schweizversand.ch\\\/fr\\\/produkt-kategorie\\\/sports\\\/\"},{\"@type\":\"ListItem\",\"position\":4,\"name\":\"Plein air\",\"item\":\"https:\\\/\\\/schweizversand.ch\\\/fr\\\/produkt-kategorie\\\/sports\\\/plein-air\\\/\"},{\"@type\":\"ListItem\",\"position\":5,\"name\":\"Randonn\u00e9e\",\"item\":\"https:\\\/\\\/schweizversand.ch\\\/fr\\\/produkt-kategorie\\\/sports\\\/plein-air\\\/wandern\\\/\"},{\"@type\":\"ListItem\",\"position\":6,\"name\":\"Sac \u00e0 dos de randonn\u00e9e Trespass PTLOCH de 30 litres\"}]},{\"@type\":\"WebSite\",\"@id\":\"https:\\\/\\\/schweizversand.ch\\\/fr\\\/#website\",\"url\":\"https:\\\/\\\/schweizversand.ch\\\/fr\\\/\",\"name\":\"Schweizer Shop f\u00fcr Sport, Spiel und Freizeit\",\"description\":\"Gratisversand ab 50.- (netto), ab eigenem schweizer Lager, Lieferung innert 48h\",\"publisher\":{\"@id\":\"https:\\\/\\\/schweizversand.ch\\\/fr\\\/#organization\"},\"alternateName\":\"Schweizversand.ch\",\"potentialAction\":[{\"@type\":\"SearchAction\",\"target\":{\"@type\":\"EntryPoint\",\"urlTemplate\":\"https:\\\/\\\/schweizversand.ch\\\/fr\\\/?s={search_term_string}\"},\"query-input\":{\"@type\":\"PropertyValueSpecification\",\"valueRequired\":true,\"valueName\":\"search_term_string\"}}],\"inLanguage\":\"fr-FR\"},{\"@type\":\"Organization\",\"@id\":\"https:\\\/\\\/schweizversand.ch\\\/fr\\\/#organization\",\"name\":\"Schweizversand.ch\",\"url\":\"https:\\\/\\\/schweizversand.ch\\\/fr\\\/\",\"logo\":{\"@type\":\"ImageObject\",\"inLanguage\":\"fr-FR\",\"@id\":\"https:\\\/\\\/schweizversand.ch\\\/fr\\\/#\\\/schema\\\/logo\\\/image\\\/\",\"url\":\"https:\\\/\\\/schweizversand.ch\\\/wp-content\\\/uploads\\\/2026\\\/03\\\/Logo_Rund_Final-1.png\",\"contentUrl\":\"https:\\\/\\\/schweizversand.ch\\\/wp-content\\\/uploads\\\/2026\\\/03\\\/Logo_Rund_Final-1.png\",\"width\":404,\"height\":404,\"caption\":\"Schweizversand.ch\"},\"image\":{\"@id\":\"https:\\\/\\\/schweizversand.ch\\\/fr\\\/#\\\/schema\\\/logo\\\/image\\\/\"},\"sameAs\":[\"https:\\\/\\\/www.facebook.com\\\/Schweizversand\",\"https:\\\/\\\/www.instagram.com\\\/schweizversand.ch\\\/\"]}]}<\/script>\n<!-- \/ Yoast SEO plugin. -->","yoast_head_json":{"title":"Trespass PITLOCH 30 Liter Wanderrucksack","description":"Bereit f\u00fcr jedes Abenteuer \u2013 der Trespass Pitloch 30L Rucksack Der Trespass Pitloch 30L Rucksack ist der ideale Begleiter f\u00fcr Outdoor-Fans \u2013 egal ob beim t\u00e4gli","robots":{"index":"index","follow":"follow","max-snippet":"max-snippet:-1","max-image-preview":"max-image-preview:large","max-video-preview":"max-video-preview:-1"},"canonical":"https:\/\/schweizversand.ch\/fr\/produkt\/trespass-pitloch-30-liter-wanderrucksack\/","og_locale":"fr_FR","og_type":"article","og_title":"Trespass PITLOCH 30 Liter Wanderrucksack","og_description":"Bereit f\u00fcr jedes Abenteuer \u2013 der Trespass Pitloch 30L Rucksack Der Trespass Pitloch 30L Rucksack ist der ideale Begleiter f\u00fcr Outdoor-Fans \u2013 egal ob beim t\u00e4gli","og_url":"https:\/\/schweizversand.ch\/fr\/produkt\/trespass-pitloch-30-liter-wanderrucksack\/","og_site_name":"Schweizer Shop f\u00fcr Sport, Spiel und Freizeit","article_publisher":"https:\/\/www.facebook.com\/Schweizversand","article_modified_time":"2026-04-20T00:03:52+00:00","og_image":[{"width":639,"height":1024,"url":"https:\/\/schweizversand.ch\/wp-content\/uploads\/2026\/02\/5471871099.jpg","type":"image\/jpeg"}],"twitter_card":"summary_large_image","twitter_misc":{"Dur\u00e9e de lecture estim\u00e9e":"1 minute"},"schema":{"@context":"https:\/\/schema.org","@graph":[{"@type":"WebPage","@id":"https:\/\/schweizversand.ch\/fr\/produkt\/trespass-pitloch-30-liter-wanderrucksack\/","url":"https:\/\/schweizversand.ch\/fr\/produkt\/trespass-pitloch-30-liter-wanderrucksack\/","name":"Trespass PITLOCH 30 Liter Wanderrucksack","isPartOf":{"@id":"https:\/\/schweizversand.ch\/fr\/#website"},"primaryImageOfPage":{"@id":"https:\/\/schweizversand.ch\/fr\/produkt\/trespass-pitloch-30-liter-wanderrucksack\/#primaryimage"},"image":{"@id":"https:\/\/schweizversand.ch\/fr\/produkt\/trespass-pitloch-30-liter-wanderrucksack\/#primaryimage"},"thumbnailUrl":"https:\/\/schweizversand.ch\/wp-content\/uploads\/2026\/02\/5471871099.jpg","datePublished":"2026-03-14T23:06:39+00:00","dateModified":"2026-04-20T00:03:52+00:00","description":"Bereit f\u00fcr jedes Abenteuer \u2013 der Trespass Pitloch 30L Rucksack Der Trespass Pitloch 30L Rucksack ist der ideale Begleiter f\u00fcr Outdoor-Fans \u2013 egal ob beim t\u00e4gli","breadcrumb":{"@id":"https:\/\/schweizversand.ch\/fr\/produkt\/trespass-pitloch-30-liter-wanderrucksack\/#breadcrumb"},"inLanguage":"fr-FR","potentialAction":[{"@type":"ReadAction","target":["https:\/\/schweizversand.ch\/fr\/produkt\/trespass-pitloch-30-liter-wanderrucksack\/"]}]},{"@type":"ImageObject","inLanguage":"fr-FR","@id":"https:\/\/schweizversand.ch\/fr\/produkt\/trespass-pitloch-30-liter-wanderrucksack\/#primaryimage","url":"https:\/\/schweizversand.ch\/wp-content\/uploads\/2026\/02\/5471871099.jpg","contentUrl":"https:\/\/schweizversand.ch\/wp-content\/uploads\/2026\/02\/5471871099.jpg","width":639,"height":1024},{"@type":"BreadcrumbList","@id":"https:\/\/schweizversand.ch\/fr\/produkt\/trespass-pitloch-30-liter-wanderrucksack\/#breadcrumb","itemListElement":[{"@type":"ListItem","position":1,"name":"Startseite","item":"https:\/\/schweizversand.ch\/fr\/home\/"},{"@type":"ListItem","position":2,"name":"Boutique","item":"https:\/\/schweizversand.ch\/fr\/boutique\/"},{"@type":"ListItem","position":3,"name":"Sports","item":"https:\/\/schweizversand.ch\/fr\/produkt-kategorie\/sports\/"},{"@type":"ListItem","position":4,"name":"Plein air","item":"https:\/\/schweizversand.ch\/fr\/produkt-kategorie\/sports\/plein-air\/"},{"@type":"ListItem","position":5,"name":"Randonn\u00e9e","item":"https:\/\/schweizversand.ch\/fr\/produkt-kategorie\/sports\/plein-air\/wandern\/"},{"@type":"ListItem","position":6,"name":"Sac \u00e0 dos de randonn\u00e9e Trespass PTLOCH de 30 litres"}]},{"@type":"WebSite","@id":"https:\/\/schweizversand.ch\/fr\/#website","url":"https:\/\/schweizversand.ch\/fr\/","name":"Schweizer Shop f\u00fcr Sport, Spiel und Freizeit","description":"Gratisversand ab 50.- (netto), ab eigenem schweizer Lager, Lieferung innert 48h","publisher":{"@id":"https:\/\/schweizversand.ch\/fr\/#organization"},"alternateName":"Schweizversand.ch","potentialAction":[{"@type":"SearchAction","target":{"@type":"EntryPoint","urlTemplate":"https:\/\/schweizversand.ch\/fr\/?s={search_term_string}"},"query-input":{"@type":"PropertyValueSpecification","valueRequired":true,"valueName":"search_term_string"}}],"inLanguage":"fr-FR"},{"@type":"Organization","@id":"https:\/\/schweizversand.ch\/fr\/#organization","name":"Schweizversand.ch","url":"https:\/\/schweizversand.ch\/fr\/","logo":{"@type":"ImageObject","inLanguage":"fr-FR","@id":"https:\/\/schweizversand.ch\/fr\/#\/schema\/logo\/image\/","url":"https:\/\/schweizversand.ch\/wp-content\/uploads\/2026\/03\/Logo_Rund_Final-1.png","contentUrl":"https:\/\/schweizversand.ch\/wp-content\/uploads\/2026\/03\/Logo_Rund_Final-1.png","width":404,"height":404,"caption":"Schweizversand.ch"},"image":{"@id":"https:\/\/schweizversand.ch\/fr\/#\/schema\/logo\/image\/"},"sameAs":["https:\/\/www.facebook.com\/Schweizversand","https:\/\/www.instagram.com\/schweizversand.ch\/"]}]}},"jetpack_sharing_enabled":true,"_links":{"self":[{"href":"https:\/\/schweizversand.ch\/fr\/wp-json\/wp\/v2\/product\/259906","targetHints":{"allow":["GET"]}}],"collection":[{"href":"https:\/\/schweizversand.ch\/fr\/wp-json\/wp\/v2\/product"}],"about":[{"href":"https:\/\/schweizversand.ch\/fr\/wp-json\/wp\/v2\/types\/product"}],"replies":[{"embeddable":true,"href":"https:\/\/schweizversand.ch\/fr\/wp-json\/wp\/v2\/comments?post=259906"}],"wp:featuredmedia":[{"embeddable":true,"href":"https:\/\/schweizversand.ch\/fr\/wp-json\/wp\/v2\/media\/161147"}],"wp:attachment":[{"href":"https:\/\/schweizversand.ch\/fr\/wp-json\/wp\/v2\/media?parent=259906"}],"wp:term":[{"taxonomy":"product_brand","embeddable":true,"href":"https:\/\/schweizversand.ch\/fr\/wp-json\/wp\/v2\/product_brand?post=259906"},{"taxonomy":"product_cat","embeddable":true,"href":"https:\/\/schweizversand.ch\/fr\/wp-json\/wp\/v2\/product_cat?post=259906"},{"taxonomy":"product_tag","embeddable":true,"href":"https:\/\/schweizversand.ch\/fr\/wp-json\/wp\/v2\/product_tag?post=259906"}],"curies":[{"name":"wp","href":"https:\/\/api.w.org\/{rel}","templated":true}]}}