{"id":259948,"date":"2026-03-15T00:06:48","date_gmt":"2026-03-14T23:06:48","guid":{"rendered":"https:\/\/schweizversand.ch\/produkt\/trespass-leecana-herren-t-shirt-6\/"},"modified":"2026-04-19T02:04:55","modified_gmt":"2026-04-19T00:04:55","slug":"trespass-leecana-herren-t-shirt-6","status":"publish","type":"product","link":"https:\/\/schweizversand.ch\/fr\/produkt\/trespass-leecana-herren-t-shirt-6\/","title":{"rendered":"T-shirt homme Trespass LEECANA"},"content":{"rendered":"<h1><strong>T-shirt de performance Trespass pour homme &#8211; Manches courtes fonctionnelles<\/strong><\/h1>\n<div>Vous recherchez le t-shirt de sport id\u00e9al pour votre style de vie actif\u00a0? Ce t-shirt de performance Trespass est un chef-d&rsquo;\u0153uvre de technologie et de confort, con\u00e7u pour optimiser vos performances et vous offrir un maintien optimal lors de toutes vos activit\u00e9s.<\/p>\n<\/div>\n<div><strong>Design et confort<\/strong><br \/>Ce t-shirt d&rsquo;entra\u00eenement allie un design intemporel \u00e0 une fonctionnalit\u00e9 sup\u00e9rieure. Son col rond classique assure un confort optimal, tandis que ses manches courtes garantissent une libert\u00e9 de mouvement maximale, que ce soit \u00e0 la salle de sport, en randonn\u00e9e ou en course \u00e0 pied. Le logo Trespass discret sur la poitrine souligne la qualit\u00e9 de la marque. Technologie innovante\u00a0: ce t-shirt de performance \u00e0 manches courtes est fabriqu\u00e9 en polyester tricot\u00e9 100\u00a0% (160\u00a0g\/m\u00b2), une mati\u00e8re l\u00e9g\u00e8re et agr\u00e9able au toucher. Sa v\u00e9ritable force r\u00e9side dans sa technologie textile, qui garantit un confort optimal, au sec et au frais.<\/p>\n<\/div>\n<div><strong>Caract\u00e9ristiques cl\u00e9s du tissu<\/strong><br \/>&#8211; \u00c9vacuation de l&rsquo;humidit\u00e9\u00a0: La technologie textile unique \u00e9vacue efficacement la transpiration, pour une sensation de fra\u00eecheur et de confort permanent.<br \/>&#8211; S\u00e9chage rapide\u00a0: M\u00eame apr\u00e8s l&rsquo;entra\u00eenement le plus intense, ce t-shirt Trespass s\u00e8che en un temps record.<br \/>&#8211; Impression Duoskin au dos\u00a0: Notre technologie exclusive Duoskin optimise la gestion de l&rsquo;humidit\u00e9.<\/p>\n<\/div>\n<div><strong>Vos \u200b\u200bavantages en un coup d&rsquo;\u0153il<\/strong><br \/>D\u00e9couvrez la diff\u00e9rence en termes de qualit\u00e9 et de performance avec ce t-shirt technique de pointe. C&rsquo;est le compagnon id\u00e9al d&rsquo;un mode de vie actif, vous permettant de donner le meilleur de vous-m\u00eame sans compromis.<\/p>\n<\/div>\n<div>Procurez-vous votre <strong>T-shirt de performance Trespass<\/strong> d\u00e8s aujourd&rsquo;hui et d\u00e9couvrez un confort et des performances in\u00e9gal\u00e9s\u00a0!<\/p>\n<\/div>\n<div>\n<\/div>\n","protected":false},"excerpt":{"rendered":"<p>Trespass LEECANA Herren T-Shirt bietet h\u00f6chsten Komfort und optimale Atmungsaktivit\u00e4t f\u00fcr maximale Leistung bei jedem Workout. Perfekt f\u00fcr Sport und Alltag.<\/p>\n","protected":false},"featured_media":151511,"comment_status":"open","ping_status":"closed","template":"","meta":[],"product_brand":[],"product_cat":[38142],"product_tag":[],"class_list":{"0":"post-259948","1":"product","2":"type-product","3":"status-publish","4":"has-post-thumbnail","6":"product_cat-herrenbekleidung","7":"product_shipping_class-global_methods","9":"first","10":"instock","11":"taxable","12":"shipping-taxable","13":"purchasable","14":"product-type-simple"},"yoast_head":"<!-- This site is optimized with the Yoast SEO plugin v27.4 - https:\/\/yoast.com\/product\/yoast-seo-wordpress\/ -->\n<title>Trespass LEECANA Herren T-Shirt<\/title>\n<meta name=\"description\" content=\"Trespass Performance Shirt Herren \u2013 Funktionsshirt kurzarm Suchen Sie das perfekte Sport T-Shirt Herren f\u00fcr Ihr aktives Leben? Dieses Performance Shirt von Tres\" \/>\n<meta name=\"robots\" content=\"index, follow, max-snippet:-1, max-image-preview:large, max-video-preview:-1\" \/>\n<link rel=\"canonical\" href=\"https:\/\/schweizversand.ch\/fr\/produkt\/trespass-leecana-herren-t-shirt-6\/\" \/>\n<meta property=\"og:locale\" content=\"fr_FR\" \/>\n<meta property=\"og:type\" content=\"article\" \/>\n<meta property=\"og:title\" content=\"Trespass LEECANA Herren T-Shirt\" \/>\n<meta property=\"og:description\" content=\"Trespass Performance Shirt Herren \u2013 Funktionsshirt kurzarm Suchen Sie das perfekte Sport T-Shirt Herren f\u00fcr Ihr aktives Leben? Dieses Performance Shirt von Tres\" \/>\n<meta property=\"og:url\" content=\"https:\/\/schweizversand.ch\/fr\/produkt\/trespass-leecana-herren-t-shirt-6\/\" \/>\n<meta property=\"og:site_name\" content=\"Schweizer Shop f\u00fcr Sport, Spiel und Freizeit\" \/>\n<meta property=\"article:publisher\" content=\"https:\/\/www.facebook.com\/Schweizversand\" \/>\n<meta property=\"article:modified_time\" content=\"2026-04-19T00:04:55+00:00\" \/>\n<meta property=\"og:image\" content=\"https:\/\/schweizversand.ch\/wp-content\/uploads\/2026\/02\/5471759558.jpg\" \/>\n\t<meta property=\"og:image:width\" content=\"732\" \/>\n\t<meta property=\"og:image:height\" content=\"1024\" \/>\n\t<meta property=\"og:image:type\" content=\"image\/jpeg\" \/>\n<meta name=\"twitter:card\" content=\"summary_large_image\" \/>\n<meta name=\"twitter:label1\" content=\"Dur\u00e9e de lecture estim\u00e9e\" \/>\n\t<meta name=\"twitter:data1\" content=\"1 minute\" \/>\n<script type=\"application\/ld+json\" class=\"yoast-schema-graph\">{\"@context\":\"https:\\\/\\\/schema.org\",\"@graph\":[{\"@type\":\"WebPage\",\"@id\":\"https:\\\/\\\/schweizversand.ch\\\/fr\\\/produkt\\\/trespass-leecana-herren-t-shirt-6\\\/\",\"url\":\"https:\\\/\\\/schweizversand.ch\\\/fr\\\/produkt\\\/trespass-leecana-herren-t-shirt-6\\\/\",\"name\":\"Trespass LEECANA Herren T-Shirt\",\"isPartOf\":{\"@id\":\"https:\\\/\\\/schweizversand.ch\\\/fr\\\/#website\"},\"primaryImageOfPage\":{\"@id\":\"https:\\\/\\\/schweizversand.ch\\\/fr\\\/produkt\\\/trespass-leecana-herren-t-shirt-6\\\/#primaryimage\"},\"image\":{\"@id\":\"https:\\\/\\\/schweizversand.ch\\\/fr\\\/produkt\\\/trespass-leecana-herren-t-shirt-6\\\/#primaryimage\"},\"thumbnailUrl\":\"https:\\\/\\\/schweizversand.ch\\\/wp-content\\\/uploads\\\/2026\\\/02\\\/5471759558.jpg\",\"datePublished\":\"2026-03-14T23:06:48+00:00\",\"dateModified\":\"2026-04-19T00:04:55+00:00\",\"description\":\"Trespass Performance Shirt Herren \u2013 Funktionsshirt kurzarm Suchen Sie das perfekte Sport T-Shirt Herren f\u00fcr Ihr aktives Leben? Dieses Performance Shirt von Tres\",\"breadcrumb\":{\"@id\":\"https:\\\/\\\/schweizversand.ch\\\/fr\\\/produkt\\\/trespass-leecana-herren-t-shirt-6\\\/#breadcrumb\"},\"inLanguage\":\"fr-FR\",\"potentialAction\":[{\"@type\":\"ReadAction\",\"target\":[\"https:\\\/\\\/schweizversand.ch\\\/fr\\\/produkt\\\/trespass-leecana-herren-t-shirt-6\\\/\"]}]},{\"@type\":\"ImageObject\",\"inLanguage\":\"fr-FR\",\"@id\":\"https:\\\/\\\/schweizversand.ch\\\/fr\\\/produkt\\\/trespass-leecana-herren-t-shirt-6\\\/#primaryimage\",\"url\":\"https:\\\/\\\/schweizversand.ch\\\/wp-content\\\/uploads\\\/2026\\\/02\\\/5471759558.jpg\",\"contentUrl\":\"https:\\\/\\\/schweizversand.ch\\\/wp-content\\\/uploads\\\/2026\\\/02\\\/5471759558.jpg\",\"width\":732,\"height\":1024},{\"@type\":\"BreadcrumbList\",\"@id\":\"https:\\\/\\\/schweizversand.ch\\\/fr\\\/produkt\\\/trespass-leecana-herren-t-shirt-6\\\/#breadcrumb\",\"itemListElement\":[{\"@type\":\"ListItem\",\"position\":1,\"name\":\"Startseite\",\"item\":\"https:\\\/\\\/schweizversand.ch\\\/fr\\\/home\\\/\"},{\"@type\":\"ListItem\",\"position\":2,\"name\":\"Boutique\",\"item\":\"https:\\\/\\\/schweizversand.ch\\\/fr\\\/boutique\\\/\"},{\"@type\":\"ListItem\",\"position\":3,\"name\":\"Mode\",\"item\":\"https:\\\/\\\/schweizversand.ch\\\/fr\\\/produkt-kategorie\\\/mode-fr\\\/\"},{\"@type\":\"ListItem\",\"position\":4,\"name\":\"Mode masculine\",\"item\":\"https:\\\/\\\/schweizversand.ch\\\/fr\\\/produkt-kategorie\\\/mode-fr\\\/mode-masculine\\\/\"},{\"@type\":\"ListItem\",\"position\":5,\"name\":\"V\u00eatements pour hommes\",\"item\":\"https:\\\/\\\/schweizversand.ch\\\/fr\\\/produkt-kategorie\\\/mode-fr\\\/mode-masculine\\\/herrenbekleidung\\\/\"},{\"@type\":\"ListItem\",\"position\":6,\"name\":\"T-shirt homme Trespass LEECANA\"}]},{\"@type\":\"WebSite\",\"@id\":\"https:\\\/\\\/schweizversand.ch\\\/fr\\\/#website\",\"url\":\"https:\\\/\\\/schweizversand.ch\\\/fr\\\/\",\"name\":\"Schweizer Shop f\u00fcr Sport, Spiel und Freizeit\",\"description\":\"Gratisversand ab 50.- (netto), ab eigenem schweizer Lager, Lieferung innert 48h\",\"publisher\":{\"@id\":\"https:\\\/\\\/schweizversand.ch\\\/fr\\\/#organization\"},\"alternateName\":\"Schweizversand.ch\",\"potentialAction\":[{\"@type\":\"SearchAction\",\"target\":{\"@type\":\"EntryPoint\",\"urlTemplate\":\"https:\\\/\\\/schweizversand.ch\\\/fr\\\/?s={search_term_string}\"},\"query-input\":{\"@type\":\"PropertyValueSpecification\",\"valueRequired\":true,\"valueName\":\"search_term_string\"}}],\"inLanguage\":\"fr-FR\"},{\"@type\":\"Organization\",\"@id\":\"https:\\\/\\\/schweizversand.ch\\\/fr\\\/#organization\",\"name\":\"Schweizversand.ch\",\"url\":\"https:\\\/\\\/schweizversand.ch\\\/fr\\\/\",\"logo\":{\"@type\":\"ImageObject\",\"inLanguage\":\"fr-FR\",\"@id\":\"https:\\\/\\\/schweizversand.ch\\\/fr\\\/#\\\/schema\\\/logo\\\/image\\\/\",\"url\":\"https:\\\/\\\/schweizversand.ch\\\/wp-content\\\/uploads\\\/2026\\\/03\\\/Logo_Rund_Final-1.png\",\"contentUrl\":\"https:\\\/\\\/schweizversand.ch\\\/wp-content\\\/uploads\\\/2026\\\/03\\\/Logo_Rund_Final-1.png\",\"width\":404,\"height\":404,\"caption\":\"Schweizversand.ch\"},\"image\":{\"@id\":\"https:\\\/\\\/schweizversand.ch\\\/fr\\\/#\\\/schema\\\/logo\\\/image\\\/\"},\"sameAs\":[\"https:\\\/\\\/www.facebook.com\\\/Schweizversand\",\"https:\\\/\\\/www.instagram.com\\\/schweizversand.ch\\\/\"]}]}<\/script>\n<!-- \/ Yoast SEO plugin. -->","yoast_head_json":{"title":"Trespass LEECANA Herren T-Shirt","description":"Trespass Performance Shirt Herren \u2013 Funktionsshirt kurzarm Suchen Sie das perfekte Sport T-Shirt Herren f\u00fcr Ihr aktives Leben? Dieses Performance Shirt von Tres","robots":{"index":"index","follow":"follow","max-snippet":"max-snippet:-1","max-image-preview":"max-image-preview:large","max-video-preview":"max-video-preview:-1"},"canonical":"https:\/\/schweizversand.ch\/fr\/produkt\/trespass-leecana-herren-t-shirt-6\/","og_locale":"fr_FR","og_type":"article","og_title":"Trespass LEECANA Herren T-Shirt","og_description":"Trespass Performance Shirt Herren \u2013 Funktionsshirt kurzarm Suchen Sie das perfekte Sport T-Shirt Herren f\u00fcr Ihr aktives Leben? Dieses Performance Shirt von Tres","og_url":"https:\/\/schweizversand.ch\/fr\/produkt\/trespass-leecana-herren-t-shirt-6\/","og_site_name":"Schweizer Shop f\u00fcr Sport, Spiel und Freizeit","article_publisher":"https:\/\/www.facebook.com\/Schweizversand","article_modified_time":"2026-04-19T00:04:55+00:00","og_image":[{"width":732,"height":1024,"url":"https:\/\/schweizversand.ch\/wp-content\/uploads\/2026\/02\/5471759558.jpg","type":"image\/jpeg"}],"twitter_card":"summary_large_image","twitter_misc":{"Dur\u00e9e de lecture estim\u00e9e":"1 minute"},"schema":{"@context":"https:\/\/schema.org","@graph":[{"@type":"WebPage","@id":"https:\/\/schweizversand.ch\/fr\/produkt\/trespass-leecana-herren-t-shirt-6\/","url":"https:\/\/schweizversand.ch\/fr\/produkt\/trespass-leecana-herren-t-shirt-6\/","name":"Trespass LEECANA Herren T-Shirt","isPartOf":{"@id":"https:\/\/schweizversand.ch\/fr\/#website"},"primaryImageOfPage":{"@id":"https:\/\/schweizversand.ch\/fr\/produkt\/trespass-leecana-herren-t-shirt-6\/#primaryimage"},"image":{"@id":"https:\/\/schweizversand.ch\/fr\/produkt\/trespass-leecana-herren-t-shirt-6\/#primaryimage"},"thumbnailUrl":"https:\/\/schweizversand.ch\/wp-content\/uploads\/2026\/02\/5471759558.jpg","datePublished":"2026-03-14T23:06:48+00:00","dateModified":"2026-04-19T00:04:55+00:00","description":"Trespass Performance Shirt Herren \u2013 Funktionsshirt kurzarm Suchen Sie das perfekte Sport T-Shirt Herren f\u00fcr Ihr aktives Leben? Dieses Performance Shirt von Tres","breadcrumb":{"@id":"https:\/\/schweizversand.ch\/fr\/produkt\/trespass-leecana-herren-t-shirt-6\/#breadcrumb"},"inLanguage":"fr-FR","potentialAction":[{"@type":"ReadAction","target":["https:\/\/schweizversand.ch\/fr\/produkt\/trespass-leecana-herren-t-shirt-6\/"]}]},{"@type":"ImageObject","inLanguage":"fr-FR","@id":"https:\/\/schweizversand.ch\/fr\/produkt\/trespass-leecana-herren-t-shirt-6\/#primaryimage","url":"https:\/\/schweizversand.ch\/wp-content\/uploads\/2026\/02\/5471759558.jpg","contentUrl":"https:\/\/schweizversand.ch\/wp-content\/uploads\/2026\/02\/5471759558.jpg","width":732,"height":1024},{"@type":"BreadcrumbList","@id":"https:\/\/schweizversand.ch\/fr\/produkt\/trespass-leecana-herren-t-shirt-6\/#breadcrumb","itemListElement":[{"@type":"ListItem","position":1,"name":"Startseite","item":"https:\/\/schweizversand.ch\/fr\/home\/"},{"@type":"ListItem","position":2,"name":"Boutique","item":"https:\/\/schweizversand.ch\/fr\/boutique\/"},{"@type":"ListItem","position":3,"name":"Mode","item":"https:\/\/schweizversand.ch\/fr\/produkt-kategorie\/mode-fr\/"},{"@type":"ListItem","position":4,"name":"Mode masculine","item":"https:\/\/schweizversand.ch\/fr\/produkt-kategorie\/mode-fr\/mode-masculine\/"},{"@type":"ListItem","position":5,"name":"V\u00eatements pour hommes","item":"https:\/\/schweizversand.ch\/fr\/produkt-kategorie\/mode-fr\/mode-masculine\/herrenbekleidung\/"},{"@type":"ListItem","position":6,"name":"T-shirt homme Trespass LEECANA"}]},{"@type":"WebSite","@id":"https:\/\/schweizversand.ch\/fr\/#website","url":"https:\/\/schweizversand.ch\/fr\/","name":"Schweizer Shop f\u00fcr Sport, Spiel und Freizeit","description":"Gratisversand ab 50.- (netto), ab eigenem schweizer Lager, Lieferung innert 48h","publisher":{"@id":"https:\/\/schweizversand.ch\/fr\/#organization"},"alternateName":"Schweizversand.ch","potentialAction":[{"@type":"SearchAction","target":{"@type":"EntryPoint","urlTemplate":"https:\/\/schweizversand.ch\/fr\/?s={search_term_string}"},"query-input":{"@type":"PropertyValueSpecification","valueRequired":true,"valueName":"search_term_string"}}],"inLanguage":"fr-FR"},{"@type":"Organization","@id":"https:\/\/schweizversand.ch\/fr\/#organization","name":"Schweizversand.ch","url":"https:\/\/schweizversand.ch\/fr\/","logo":{"@type":"ImageObject","inLanguage":"fr-FR","@id":"https:\/\/schweizversand.ch\/fr\/#\/schema\/logo\/image\/","url":"https:\/\/schweizversand.ch\/wp-content\/uploads\/2026\/03\/Logo_Rund_Final-1.png","contentUrl":"https:\/\/schweizversand.ch\/wp-content\/uploads\/2026\/03\/Logo_Rund_Final-1.png","width":404,"height":404,"caption":"Schweizversand.ch"},"image":{"@id":"https:\/\/schweizversand.ch\/fr\/#\/schema\/logo\/image\/"},"sameAs":["https:\/\/www.facebook.com\/Schweizversand","https:\/\/www.instagram.com\/schweizversand.ch\/"]}]}},"jetpack_sharing_enabled":true,"_links":{"self":[{"href":"https:\/\/schweizversand.ch\/fr\/wp-json\/wp\/v2\/product\/259948","targetHints":{"allow":["GET"]}}],"collection":[{"href":"https:\/\/schweizversand.ch\/fr\/wp-json\/wp\/v2\/product"}],"about":[{"href":"https:\/\/schweizversand.ch\/fr\/wp-json\/wp\/v2\/types\/product"}],"replies":[{"embeddable":true,"href":"https:\/\/schweizversand.ch\/fr\/wp-json\/wp\/v2\/comments?post=259948"}],"wp:featuredmedia":[{"embeddable":true,"href":"https:\/\/schweizversand.ch\/fr\/wp-json\/wp\/v2\/media\/151511"}],"wp:attachment":[{"href":"https:\/\/schweizversand.ch\/fr\/wp-json\/wp\/v2\/media?parent=259948"}],"wp:term":[{"taxonomy":"product_brand","embeddable":true,"href":"https:\/\/schweizversand.ch\/fr\/wp-json\/wp\/v2\/product_brand?post=259948"},{"taxonomy":"product_cat","embeddable":true,"href":"https:\/\/schweizversand.ch\/fr\/wp-json\/wp\/v2\/product_cat?post=259948"},{"taxonomy":"product_tag","embeddable":true,"href":"https:\/\/schweizversand.ch\/fr\/wp-json\/wp\/v2\/product_tag?post=259948"}],"curies":[{"name":"wp","href":"https:\/\/api.w.org\/{rel}","templated":true}]}}