{"id":259951,"date":"2026-03-15T00:06:48","date_gmt":"2026-03-14T23:06:48","guid":{"rendered":"https:\/\/schweizversand.ch\/produkt\/trespass-leecana-herren-t-shirt-9\/"},"modified":"2026-04-19T02:04:55","modified_gmt":"2026-04-19T00:04:55","slug":"trespass-leecana-herren-t-shirt-9","status":"publish","type":"product","link":"https:\/\/schweizversand.ch\/fr\/produkt\/trespass-leecana-herren-t-shirt-9\/","title":{"rendered":"T-shirt homme Trespass LEECANA"},"content":{"rendered":"<h1><strong>T-shirt de performance Trespass pour homme &#8211; Manches courtes<\/strong><\/h1>\n<div>Si vous recherchez le t-shirt \u00e0 manches courtes id\u00e9al pour votre style de vie actif, le t-shirt de performance Trespass est le choix parfait. Ce t-shirt de performance est un chef-d&rsquo;\u0153uvre de technologie et de confort, con\u00e7u pour optimiser vos performances et vous garder au sec.<\/p>\n<\/div>\n<div><strong>Design et confort<\/strong><br \/>Ce t-shirt de sport pour homme arbore un design intemporel \u00e0 manches courtes qui garantit une libert\u00e9 de mouvement maximale. Son col rond classique s&rsquo;accorde parfaitement avec toutes vos tenues sportives, tandis que le logo Trespass sur la poitrine t\u00e9moigne de votre attachement \u00e0 la marque pour la qualit\u00e9 et l&rsquo;innovation.<\/p>\n<\/div>\n<div><strong>Technologie Duoskin innovante<\/strong><br \/>L&rsquo;un des principaux atouts de ce t-shirt est l&rsquo;impression Duoskin au dos. Notre technologie exclusive Duoskin vous assure de rester au sec et au frais gr\u00e2ce \u00e0 ses propri\u00e9t\u00e9s d&rsquo;\u00e9vacuation de l&rsquo;humidit\u00e9, m\u00eame pendant les entra\u00eenements les plus intenses. Ce tissu s\u00e8che extr\u00eamement vite, pour un confort optimal apr\u00e8s l&rsquo;effort. Caract\u00e9ristiques : &#8211; Tricot de haute qualit\u00e9 &#8211; Composition : 100 % polyester &#8211; Grammage : 160 g\/m\u00b2 &#8211; Mati\u00e8re l\u00e9g\u00e8re et confortable &#8211; Durable et r\u00e9sistant. Votre atout sport : Que vous soyez \u00e0 la salle de sport, en randonn\u00e9e, en course \u00e0 pied ou que vous meniez une vie active, ce t-shirt technique sera votre alli\u00e9 id\u00e9al. D\u00e9couvrez la diff\u00e9rence en mati\u00e8re de qualit\u00e9 et de performance avec ce t-shirt Trespass \u00e0 la pointe de la technologie. Commandez votre t-shirt technique Trespass d\u00e8s aujourd&rsquo;hui et atteignez un niveau de confort et de performance in\u00e9dit ! Pr\u00e9parez-vous \u00e0 donner le meilleur de vous-m\u00eame, sans compromis.<\/p>\n","protected":false},"excerpt":{"rendered":"<p>Trespass LEECANA Herren T-Shirt bietet optimale Atmungsaktivit\u00e4t und Bewegungsfreiheit. Mit Duoskin-Technologie h\u00e4lt es Sie trocken und unterst\u00fctzt Ihre Performance jederzeit.<\/p>\n","protected":false},"featured_media":161347,"comment_status":"open","ping_status":"closed","template":"","meta":[],"product_brand":[],"product_cat":[38142],"product_tag":[],"class_list":{"0":"post-259951","1":"product","2":"type-product","3":"status-publish","4":"has-post-thumbnail","6":"product_cat-herrenbekleidung","7":"product_shipping_class-global_methods","9":"first","10":"instock","11":"taxable","12":"shipping-taxable","13":"purchasable","14":"product-type-simple"},"yoast_head":"<!-- This site is optimized with the Yoast SEO plugin v27.4 - https:\/\/yoast.com\/product\/yoast-seo-wordpress\/ -->\n<title>Trespass LEECANA Herren T-Shirt<\/title>\n<meta name=\"description\" content=\"Trespass Performance Shirt Herren \u2013 Kurzarm Wenn Sie nach dem perfekten T-Shirt kurzarm f\u00fcr Ihr aktives Leben suchen, ist das Trespass Performance Shirt die opt\" \/>\n<meta name=\"robots\" content=\"index, follow, max-snippet:-1, max-image-preview:large, max-video-preview:-1\" \/>\n<link rel=\"canonical\" href=\"https:\/\/schweizversand.ch\/fr\/produkt\/trespass-leecana-herren-t-shirt-9\/\" \/>\n<meta property=\"og:locale\" content=\"fr_FR\" \/>\n<meta property=\"og:type\" content=\"article\" \/>\n<meta property=\"og:title\" content=\"Trespass LEECANA Herren T-Shirt\" \/>\n<meta property=\"og:description\" content=\"Trespass Performance Shirt Herren \u2013 Kurzarm Wenn Sie nach dem perfekten T-Shirt kurzarm f\u00fcr Ihr aktives Leben suchen, ist das Trespass Performance Shirt die opt\" \/>\n<meta property=\"og:url\" content=\"https:\/\/schweizversand.ch\/fr\/produkt\/trespass-leecana-herren-t-shirt-9\/\" \/>\n<meta property=\"og:site_name\" content=\"Schweizer Shop f\u00fcr Sport, Spiel und Freizeit\" \/>\n<meta property=\"article:publisher\" content=\"https:\/\/www.facebook.com\/Schweizversand\" \/>\n<meta property=\"article:modified_time\" content=\"2026-04-19T00:04:55+00:00\" \/>\n<meta property=\"og:image\" content=\"https:\/\/schweizversand.ch\/wp-content\/uploads\/2026\/02\/5471903521.jpg\" \/>\n\t<meta property=\"og:image:width\" content=\"732\" \/>\n\t<meta property=\"og:image:height\" content=\"1024\" \/>\n\t<meta property=\"og:image:type\" content=\"image\/jpeg\" \/>\n<meta name=\"twitter:card\" content=\"summary_large_image\" \/>\n<meta name=\"twitter:label1\" content=\"Dur\u00e9e de lecture estim\u00e9e\" \/>\n\t<meta name=\"twitter:data1\" content=\"1 minute\" \/>\n<script type=\"application\/ld+json\" class=\"yoast-schema-graph\">{\"@context\":\"https:\\\/\\\/schema.org\",\"@graph\":[{\"@type\":\"WebPage\",\"@id\":\"https:\\\/\\\/schweizversand.ch\\\/fr\\\/produkt\\\/trespass-leecana-herren-t-shirt-9\\\/\",\"url\":\"https:\\\/\\\/schweizversand.ch\\\/fr\\\/produkt\\\/trespass-leecana-herren-t-shirt-9\\\/\",\"name\":\"Trespass LEECANA Herren T-Shirt\",\"isPartOf\":{\"@id\":\"https:\\\/\\\/schweizversand.ch\\\/fr\\\/#website\"},\"primaryImageOfPage\":{\"@id\":\"https:\\\/\\\/schweizversand.ch\\\/fr\\\/produkt\\\/trespass-leecana-herren-t-shirt-9\\\/#primaryimage\"},\"image\":{\"@id\":\"https:\\\/\\\/schweizversand.ch\\\/fr\\\/produkt\\\/trespass-leecana-herren-t-shirt-9\\\/#primaryimage\"},\"thumbnailUrl\":\"https:\\\/\\\/schweizversand.ch\\\/wp-content\\\/uploads\\\/2026\\\/02\\\/5471903521.jpg\",\"datePublished\":\"2026-03-14T23:06:48+00:00\",\"dateModified\":\"2026-04-19T00:04:55+00:00\",\"description\":\"Trespass Performance Shirt Herren \u2013 Kurzarm Wenn Sie nach dem perfekten T-Shirt kurzarm f\u00fcr Ihr aktives Leben suchen, ist das Trespass Performance Shirt die opt\",\"breadcrumb\":{\"@id\":\"https:\\\/\\\/schweizversand.ch\\\/fr\\\/produkt\\\/trespass-leecana-herren-t-shirt-9\\\/#breadcrumb\"},\"inLanguage\":\"fr-FR\",\"potentialAction\":[{\"@type\":\"ReadAction\",\"target\":[\"https:\\\/\\\/schweizversand.ch\\\/fr\\\/produkt\\\/trespass-leecana-herren-t-shirt-9\\\/\"]}]},{\"@type\":\"ImageObject\",\"inLanguage\":\"fr-FR\",\"@id\":\"https:\\\/\\\/schweizversand.ch\\\/fr\\\/produkt\\\/trespass-leecana-herren-t-shirt-9\\\/#primaryimage\",\"url\":\"https:\\\/\\\/schweizversand.ch\\\/wp-content\\\/uploads\\\/2026\\\/02\\\/5471903521.jpg\",\"contentUrl\":\"https:\\\/\\\/schweizversand.ch\\\/wp-content\\\/uploads\\\/2026\\\/02\\\/5471903521.jpg\",\"width\":732,\"height\":1024},{\"@type\":\"BreadcrumbList\",\"@id\":\"https:\\\/\\\/schweizversand.ch\\\/fr\\\/produkt\\\/trespass-leecana-herren-t-shirt-9\\\/#breadcrumb\",\"itemListElement\":[{\"@type\":\"ListItem\",\"position\":1,\"name\":\"Startseite\",\"item\":\"https:\\\/\\\/schweizversand.ch\\\/fr\\\/home\\\/\"},{\"@type\":\"ListItem\",\"position\":2,\"name\":\"Boutique\",\"item\":\"https:\\\/\\\/schweizversand.ch\\\/fr\\\/boutique\\\/\"},{\"@type\":\"ListItem\",\"position\":3,\"name\":\"Mode\",\"item\":\"https:\\\/\\\/schweizversand.ch\\\/fr\\\/produkt-kategorie\\\/mode-fr\\\/\"},{\"@type\":\"ListItem\",\"position\":4,\"name\":\"Mode masculine\",\"item\":\"https:\\\/\\\/schweizversand.ch\\\/fr\\\/produkt-kategorie\\\/mode-fr\\\/mode-masculine\\\/\"},{\"@type\":\"ListItem\",\"position\":5,\"name\":\"V\u00eatements pour hommes\",\"item\":\"https:\\\/\\\/schweizversand.ch\\\/fr\\\/produkt-kategorie\\\/mode-fr\\\/mode-masculine\\\/herrenbekleidung\\\/\"},{\"@type\":\"ListItem\",\"position\":6,\"name\":\"T-shirt homme Trespass LEECANA\"}]},{\"@type\":\"WebSite\",\"@id\":\"https:\\\/\\\/schweizversand.ch\\\/fr\\\/#website\",\"url\":\"https:\\\/\\\/schweizversand.ch\\\/fr\\\/\",\"name\":\"Schweizer Shop f\u00fcr Sport, Spiel und Freizeit\",\"description\":\"Gratisversand ab 50.- (netto), ab eigenem schweizer Lager, Lieferung innert 48h\",\"publisher\":{\"@id\":\"https:\\\/\\\/schweizversand.ch\\\/fr\\\/#organization\"},\"alternateName\":\"Schweizversand.ch\",\"potentialAction\":[{\"@type\":\"SearchAction\",\"target\":{\"@type\":\"EntryPoint\",\"urlTemplate\":\"https:\\\/\\\/schweizversand.ch\\\/fr\\\/?s={search_term_string}\"},\"query-input\":{\"@type\":\"PropertyValueSpecification\",\"valueRequired\":true,\"valueName\":\"search_term_string\"}}],\"inLanguage\":\"fr-FR\"},{\"@type\":\"Organization\",\"@id\":\"https:\\\/\\\/schweizversand.ch\\\/fr\\\/#organization\",\"name\":\"Schweizversand.ch\",\"url\":\"https:\\\/\\\/schweizversand.ch\\\/fr\\\/\",\"logo\":{\"@type\":\"ImageObject\",\"inLanguage\":\"fr-FR\",\"@id\":\"https:\\\/\\\/schweizversand.ch\\\/fr\\\/#\\\/schema\\\/logo\\\/image\\\/\",\"url\":\"https:\\\/\\\/schweizversand.ch\\\/wp-content\\\/uploads\\\/2026\\\/03\\\/Logo_Rund_Final-1.png\",\"contentUrl\":\"https:\\\/\\\/schweizversand.ch\\\/wp-content\\\/uploads\\\/2026\\\/03\\\/Logo_Rund_Final-1.png\",\"width\":404,\"height\":404,\"caption\":\"Schweizversand.ch\"},\"image\":{\"@id\":\"https:\\\/\\\/schweizversand.ch\\\/fr\\\/#\\\/schema\\\/logo\\\/image\\\/\"},\"sameAs\":[\"https:\\\/\\\/www.facebook.com\\\/Schweizversand\",\"https:\\\/\\\/www.instagram.com\\\/schweizversand.ch\\\/\"]}]}<\/script>\n<!-- \/ Yoast SEO plugin. -->","yoast_head_json":{"title":"Trespass LEECANA Herren T-Shirt","description":"Trespass Performance Shirt Herren \u2013 Kurzarm Wenn Sie nach dem perfekten T-Shirt kurzarm f\u00fcr Ihr aktives Leben suchen, ist das Trespass Performance Shirt die opt","robots":{"index":"index","follow":"follow","max-snippet":"max-snippet:-1","max-image-preview":"max-image-preview:large","max-video-preview":"max-video-preview:-1"},"canonical":"https:\/\/schweizversand.ch\/fr\/produkt\/trespass-leecana-herren-t-shirt-9\/","og_locale":"fr_FR","og_type":"article","og_title":"Trespass LEECANA Herren T-Shirt","og_description":"Trespass Performance Shirt Herren \u2013 Kurzarm Wenn Sie nach dem perfekten T-Shirt kurzarm f\u00fcr Ihr aktives Leben suchen, ist das Trespass Performance Shirt die opt","og_url":"https:\/\/schweizversand.ch\/fr\/produkt\/trespass-leecana-herren-t-shirt-9\/","og_site_name":"Schweizer Shop f\u00fcr Sport, Spiel und Freizeit","article_publisher":"https:\/\/www.facebook.com\/Schweizversand","article_modified_time":"2026-04-19T00:04:55+00:00","og_image":[{"width":732,"height":1024,"url":"https:\/\/schweizversand.ch\/wp-content\/uploads\/2026\/02\/5471903521.jpg","type":"image\/jpeg"}],"twitter_card":"summary_large_image","twitter_misc":{"Dur\u00e9e de lecture estim\u00e9e":"1 minute"},"schema":{"@context":"https:\/\/schema.org","@graph":[{"@type":"WebPage","@id":"https:\/\/schweizversand.ch\/fr\/produkt\/trespass-leecana-herren-t-shirt-9\/","url":"https:\/\/schweizversand.ch\/fr\/produkt\/trespass-leecana-herren-t-shirt-9\/","name":"Trespass LEECANA Herren T-Shirt","isPartOf":{"@id":"https:\/\/schweizversand.ch\/fr\/#website"},"primaryImageOfPage":{"@id":"https:\/\/schweizversand.ch\/fr\/produkt\/trespass-leecana-herren-t-shirt-9\/#primaryimage"},"image":{"@id":"https:\/\/schweizversand.ch\/fr\/produkt\/trespass-leecana-herren-t-shirt-9\/#primaryimage"},"thumbnailUrl":"https:\/\/schweizversand.ch\/wp-content\/uploads\/2026\/02\/5471903521.jpg","datePublished":"2026-03-14T23:06:48+00:00","dateModified":"2026-04-19T00:04:55+00:00","description":"Trespass Performance Shirt Herren \u2013 Kurzarm Wenn Sie nach dem perfekten T-Shirt kurzarm f\u00fcr Ihr aktives Leben suchen, ist das Trespass Performance Shirt die opt","breadcrumb":{"@id":"https:\/\/schweizversand.ch\/fr\/produkt\/trespass-leecana-herren-t-shirt-9\/#breadcrumb"},"inLanguage":"fr-FR","potentialAction":[{"@type":"ReadAction","target":["https:\/\/schweizversand.ch\/fr\/produkt\/trespass-leecana-herren-t-shirt-9\/"]}]},{"@type":"ImageObject","inLanguage":"fr-FR","@id":"https:\/\/schweizversand.ch\/fr\/produkt\/trespass-leecana-herren-t-shirt-9\/#primaryimage","url":"https:\/\/schweizversand.ch\/wp-content\/uploads\/2026\/02\/5471903521.jpg","contentUrl":"https:\/\/schweizversand.ch\/wp-content\/uploads\/2026\/02\/5471903521.jpg","width":732,"height":1024},{"@type":"BreadcrumbList","@id":"https:\/\/schweizversand.ch\/fr\/produkt\/trespass-leecana-herren-t-shirt-9\/#breadcrumb","itemListElement":[{"@type":"ListItem","position":1,"name":"Startseite","item":"https:\/\/schweizversand.ch\/fr\/home\/"},{"@type":"ListItem","position":2,"name":"Boutique","item":"https:\/\/schweizversand.ch\/fr\/boutique\/"},{"@type":"ListItem","position":3,"name":"Mode","item":"https:\/\/schweizversand.ch\/fr\/produkt-kategorie\/mode-fr\/"},{"@type":"ListItem","position":4,"name":"Mode masculine","item":"https:\/\/schweizversand.ch\/fr\/produkt-kategorie\/mode-fr\/mode-masculine\/"},{"@type":"ListItem","position":5,"name":"V\u00eatements pour hommes","item":"https:\/\/schweizversand.ch\/fr\/produkt-kategorie\/mode-fr\/mode-masculine\/herrenbekleidung\/"},{"@type":"ListItem","position":6,"name":"T-shirt homme Trespass LEECANA"}]},{"@type":"WebSite","@id":"https:\/\/schweizversand.ch\/fr\/#website","url":"https:\/\/schweizversand.ch\/fr\/","name":"Schweizer Shop f\u00fcr Sport, Spiel und Freizeit","description":"Gratisversand ab 50.- (netto), ab eigenem schweizer Lager, Lieferung innert 48h","publisher":{"@id":"https:\/\/schweizversand.ch\/fr\/#organization"},"alternateName":"Schweizversand.ch","potentialAction":[{"@type":"SearchAction","target":{"@type":"EntryPoint","urlTemplate":"https:\/\/schweizversand.ch\/fr\/?s={search_term_string}"},"query-input":{"@type":"PropertyValueSpecification","valueRequired":true,"valueName":"search_term_string"}}],"inLanguage":"fr-FR"},{"@type":"Organization","@id":"https:\/\/schweizversand.ch\/fr\/#organization","name":"Schweizversand.ch","url":"https:\/\/schweizversand.ch\/fr\/","logo":{"@type":"ImageObject","inLanguage":"fr-FR","@id":"https:\/\/schweizversand.ch\/fr\/#\/schema\/logo\/image\/","url":"https:\/\/schweizversand.ch\/wp-content\/uploads\/2026\/03\/Logo_Rund_Final-1.png","contentUrl":"https:\/\/schweizversand.ch\/wp-content\/uploads\/2026\/03\/Logo_Rund_Final-1.png","width":404,"height":404,"caption":"Schweizversand.ch"},"image":{"@id":"https:\/\/schweizversand.ch\/fr\/#\/schema\/logo\/image\/"},"sameAs":["https:\/\/www.facebook.com\/Schweizversand","https:\/\/www.instagram.com\/schweizversand.ch\/"]}]}},"jetpack_sharing_enabled":true,"_links":{"self":[{"href":"https:\/\/schweizversand.ch\/fr\/wp-json\/wp\/v2\/product\/259951","targetHints":{"allow":["GET"]}}],"collection":[{"href":"https:\/\/schweizversand.ch\/fr\/wp-json\/wp\/v2\/product"}],"about":[{"href":"https:\/\/schweizversand.ch\/fr\/wp-json\/wp\/v2\/types\/product"}],"replies":[{"embeddable":true,"href":"https:\/\/schweizversand.ch\/fr\/wp-json\/wp\/v2\/comments?post=259951"}],"wp:featuredmedia":[{"embeddable":true,"href":"https:\/\/schweizversand.ch\/fr\/wp-json\/wp\/v2\/media\/161347"}],"wp:attachment":[{"href":"https:\/\/schweizversand.ch\/fr\/wp-json\/wp\/v2\/media?parent=259951"}],"wp:term":[{"taxonomy":"product_brand","embeddable":true,"href":"https:\/\/schweizversand.ch\/fr\/wp-json\/wp\/v2\/product_brand?post=259951"},{"taxonomy":"product_cat","embeddable":true,"href":"https:\/\/schweizversand.ch\/fr\/wp-json\/wp\/v2\/product_cat?post=259951"},{"taxonomy":"product_tag","embeddable":true,"href":"https:\/\/schweizversand.ch\/fr\/wp-json\/wp\/v2\/product_tag?post=259951"}],"curies":[{"name":"wp","href":"https:\/\/api.w.org\/{rel}","templated":true}]}}