{"id":259963,"date":"2026-03-15T00:06:53","date_gmt":"2026-03-14T23:06:53","guid":{"rendered":"https:\/\/schweizversand.ch\/produkt\/trespass-tarvie-reparaturband\/"},"modified":"2026-04-20T02:03:54","modified_gmt":"2026-04-20T00:03:54","slug":"trespass-tarvie-reparaturband","status":"publish","type":"product","link":"https:\/\/schweizversand.ch\/fr\/produkt\/trespass-tarvie-reparaturband\/","title":{"rendered":"Ruban de r\u00e9paration Trespass TARVIE"},"content":{"rendered":"<p>Ce ruban de r\u00e9paration en rouleau est un produit polyvalent et pratique pour r\u00e9parer et sceller divers mat\u00e9riaux.<\/p>\n<\/p>\n<p>Voici ses principales caract\u00e9ristiques\u00a0:<\/p>\n<\/p>\n<p>\u2022 Dimensions\u00a0: Le ruban mesure 6\u00a0cm x 300\u00a0cm, offrant une longueur suffisante pour de nombreuses applications.<\/p>\n<\/p>\n<p>\u2022 Durable et r\u00e9sistant\u00a0: Ce ruban de r\u00e9paration est durable et r\u00e9sistant, ce qui lui permet de supporter diverses contraintes et conditions environnementales.<\/p>\n<\/p>\n<p>\u2022 Structure imperm\u00e9able\u00a0: La structure du ruban est renforc\u00e9e pour garantir une \u00e9tanch\u00e9it\u00e9 et une r\u00e9paration fiables, m\u00eame en cas d\u2019exposition \u00e0 l\u2019eau et \u00e0 la pluie.<\/p>\n<\/p>\n<p>\u2022 Adh\u00e9sif solide et imperm\u00e9able\u00a0: Le ruban est dot\u00e9 d\u2019un adh\u00e9sif solide et imperm\u00e9able qui assure une forte adh\u00e9rence sur diverses surfaces.<\/p>\n<\/p>\n<p>\u2022 Adapt\u00e9 \u00e0 divers mat\u00e9riaux\u00a0: Ce ruban convient \u00e0 une vari\u00e9t\u00e9 de mat\u00e9riaux, notamment les tissus synth\u00e9tiques et en coton, les films plastiques, le cuir et les tiges.<\/p>\n<\/p>\n<p>Ce ruban de r\u00e9paration est utile pour une large gamme de travaux de r\u00e9paration et de scellement. Il peut \u00eatre utilis\u00e9 lors d\u2019activit\u00e9s de plein air, en camping, pour les r\u00e9parations domestiques et dans toutes les situations o\u00f9 une r\u00e9paration rapide et efficace est n\u00e9cessaire. Sa polyvalence et ses propri\u00e9t\u00e9s robustes en font un outil pratique.<\/p>\n","protected":false},"excerpt":{"rendered":"<p>Trespass TARVIE Reparaturband bietet 6&#215;300 cm wasserfeste, langlebige Abdichtung mit regenverst\u00e4rkter Struktur \u2013 ideal f\u00fcr schnelle und zuverl\u00e4ssige Reparaturen vielseitiger Materialien.<\/p>\n","protected":false},"featured_media":161432,"comment_status":"open","ping_status":"closed","template":"","meta":[],"product_brand":[],"product_cat":[38132],"product_tag":[],"class_list":{"0":"post-259963","1":"product","2":"type-product","3":"status-publish","4":"has-post-thumbnail","6":"product_cat-diverses","7":"product_shipping_class-global_methods","9":"first","10":"instock","11":"taxable","12":"shipping-taxable","13":"purchasable","14":"product-type-simple"},"yoast_head":"<!-- This site is optimized with the Yoast SEO plugin v27.4 - https:\/\/yoast.com\/product\/yoast-seo-wordpress\/ -->\n<title>Trespass TARVIE Reparaturband<\/title>\n<meta name=\"description\" content=\"Das Reparaturband auf Rolle ist ein vielseitiges und praktisches Produkt zur Reparatur und Abdichtung von verschiedenen Materialien.\u00a0 Hier sind die wichtigsten\" \/>\n<meta name=\"robots\" content=\"index, follow, max-snippet:-1, max-image-preview:large, max-video-preview:-1\" \/>\n<link rel=\"canonical\" href=\"https:\/\/schweizversand.ch\/fr\/produkt\/trespass-tarvie-reparaturband\/\" \/>\n<meta property=\"og:locale\" content=\"fr_FR\" \/>\n<meta property=\"og:type\" content=\"article\" \/>\n<meta property=\"og:title\" content=\"Trespass TARVIE Reparaturband\" \/>\n<meta property=\"og:description\" content=\"Das Reparaturband auf Rolle ist ein vielseitiges und praktisches Produkt zur Reparatur und Abdichtung von verschiedenen Materialien.\u00a0 Hier sind die wichtigsten\" \/>\n<meta property=\"og:url\" content=\"https:\/\/schweizversand.ch\/fr\/produkt\/trespass-tarvie-reparaturband\/\" \/>\n<meta property=\"og:site_name\" content=\"Schweizer Shop f\u00fcr Sport, Spiel und Freizeit\" \/>\n<meta property=\"article:publisher\" content=\"https:\/\/www.facebook.com\/Schweizversand\" \/>\n<meta property=\"article:modified_time\" content=\"2026-04-20T00:03:54+00:00\" \/>\n<meta property=\"og:image\" content=\"https:\/\/schweizversand.ch\/wp-content\/uploads\/2026\/02\/5471871629.jpg\" \/>\n\t<meta property=\"og:image:width\" content=\"732\" \/>\n\t<meta property=\"og:image:height\" content=\"1024\" \/>\n\t<meta property=\"og:image:type\" content=\"image\/jpeg\" \/>\n<meta name=\"twitter:card\" content=\"summary_large_image\" \/>\n<meta name=\"twitter:label1\" content=\"Dur\u00e9e de lecture estim\u00e9e\" \/>\n\t<meta name=\"twitter:data1\" content=\"1 minute\" \/>\n<script type=\"application\/ld+json\" class=\"yoast-schema-graph\">{\"@context\":\"https:\\\/\\\/schema.org\",\"@graph\":[{\"@type\":\"WebPage\",\"@id\":\"https:\\\/\\\/schweizversand.ch\\\/fr\\\/produkt\\\/trespass-tarvie-reparaturband\\\/\",\"url\":\"https:\\\/\\\/schweizversand.ch\\\/fr\\\/produkt\\\/trespass-tarvie-reparaturband\\\/\",\"name\":\"Trespass TARVIE Reparaturband\",\"isPartOf\":{\"@id\":\"https:\\\/\\\/schweizversand.ch\\\/fr\\\/#website\"},\"primaryImageOfPage\":{\"@id\":\"https:\\\/\\\/schweizversand.ch\\\/fr\\\/produkt\\\/trespass-tarvie-reparaturband\\\/#primaryimage\"},\"image\":{\"@id\":\"https:\\\/\\\/schweizversand.ch\\\/fr\\\/produkt\\\/trespass-tarvie-reparaturband\\\/#primaryimage\"},\"thumbnailUrl\":\"https:\\\/\\\/schweizversand.ch\\\/wp-content\\\/uploads\\\/2026\\\/02\\\/5471871629.jpg\",\"datePublished\":\"2026-03-14T23:06:53+00:00\",\"dateModified\":\"2026-04-20T00:03:54+00:00\",\"description\":\"Das Reparaturband auf Rolle ist ein vielseitiges und praktisches Produkt zur Reparatur und Abdichtung von verschiedenen Materialien.\u00a0 Hier sind die wichtigsten\",\"breadcrumb\":{\"@id\":\"https:\\\/\\\/schweizversand.ch\\\/fr\\\/produkt\\\/trespass-tarvie-reparaturband\\\/#breadcrumb\"},\"inLanguage\":\"fr-FR\",\"potentialAction\":[{\"@type\":\"ReadAction\",\"target\":[\"https:\\\/\\\/schweizversand.ch\\\/fr\\\/produkt\\\/trespass-tarvie-reparaturband\\\/\"]}]},{\"@type\":\"ImageObject\",\"inLanguage\":\"fr-FR\",\"@id\":\"https:\\\/\\\/schweizversand.ch\\\/fr\\\/produkt\\\/trespass-tarvie-reparaturband\\\/#primaryimage\",\"url\":\"https:\\\/\\\/schweizversand.ch\\\/wp-content\\\/uploads\\\/2026\\\/02\\\/5471871629.jpg\",\"contentUrl\":\"https:\\\/\\\/schweizversand.ch\\\/wp-content\\\/uploads\\\/2026\\\/02\\\/5471871629.jpg\",\"width\":732,\"height\":1024},{\"@type\":\"BreadcrumbList\",\"@id\":\"https:\\\/\\\/schweizversand.ch\\\/fr\\\/produkt\\\/trespass-tarvie-reparaturband\\\/#breadcrumb\",\"itemListElement\":[{\"@type\":\"ListItem\",\"position\":1,\"name\":\"Startseite\",\"item\":\"https:\\\/\\\/schweizversand.ch\\\/fr\\\/home\\\/\"},{\"@type\":\"ListItem\",\"position\":2,\"name\":\"Boutique\",\"item\":\"https:\\\/\\\/schweizversand.ch\\\/fr\\\/boutique\\\/\"},{\"@type\":\"ListItem\",\"position\":3,\"name\":\"Maison et jardin\",\"item\":\"https:\\\/\\\/schweizversand.ch\\\/fr\\\/produkt-kategorie\\\/maison-et-jardin\\\/\"},{\"@type\":\"ListItem\",\"position\":4,\"name\":\"Outils et atelier\",\"item\":\"https:\\\/\\\/schweizversand.ch\\\/fr\\\/produkt-kategorie\\\/maison-et-jardin\\\/outils-et-atelier\\\/\"},{\"@type\":\"ListItem\",\"position\":5,\"name\":\"Divers\",\"item\":\"https:\\\/\\\/schweizversand.ch\\\/fr\\\/produkt-kategorie\\\/maison-et-jardin\\\/outils-et-atelier\\\/diverses\\\/\"},{\"@type\":\"ListItem\",\"position\":6,\"name\":\"Ruban de r\u00e9paration Trespass TARVIE\"}]},{\"@type\":\"WebSite\",\"@id\":\"https:\\\/\\\/schweizversand.ch\\\/fr\\\/#website\",\"url\":\"https:\\\/\\\/schweizversand.ch\\\/fr\\\/\",\"name\":\"Schweizer Shop f\u00fcr Sport, Spiel und Freizeit\",\"description\":\"Gratisversand ab 50.- (netto), ab eigenem schweizer Lager, Lieferung innert 48h\",\"publisher\":{\"@id\":\"https:\\\/\\\/schweizversand.ch\\\/fr\\\/#organization\"},\"alternateName\":\"Schweizversand.ch\",\"potentialAction\":[{\"@type\":\"SearchAction\",\"target\":{\"@type\":\"EntryPoint\",\"urlTemplate\":\"https:\\\/\\\/schweizversand.ch\\\/fr\\\/?s={search_term_string}\"},\"query-input\":{\"@type\":\"PropertyValueSpecification\",\"valueRequired\":true,\"valueName\":\"search_term_string\"}}],\"inLanguage\":\"fr-FR\"},{\"@type\":\"Organization\",\"@id\":\"https:\\\/\\\/schweizversand.ch\\\/fr\\\/#organization\",\"name\":\"Schweizversand.ch\",\"url\":\"https:\\\/\\\/schweizversand.ch\\\/fr\\\/\",\"logo\":{\"@type\":\"ImageObject\",\"inLanguage\":\"fr-FR\",\"@id\":\"https:\\\/\\\/schweizversand.ch\\\/fr\\\/#\\\/schema\\\/logo\\\/image\\\/\",\"url\":\"https:\\\/\\\/schweizversand.ch\\\/wp-content\\\/uploads\\\/2026\\\/03\\\/Logo_Rund_Final-1.png\",\"contentUrl\":\"https:\\\/\\\/schweizversand.ch\\\/wp-content\\\/uploads\\\/2026\\\/03\\\/Logo_Rund_Final-1.png\",\"width\":404,\"height\":404,\"caption\":\"Schweizversand.ch\"},\"image\":{\"@id\":\"https:\\\/\\\/schweizversand.ch\\\/fr\\\/#\\\/schema\\\/logo\\\/image\\\/\"},\"sameAs\":[\"https:\\\/\\\/www.facebook.com\\\/Schweizversand\",\"https:\\\/\\\/www.instagram.com\\\/schweizversand.ch\\\/\"]}]}<\/script>\n<!-- \/ Yoast SEO plugin. -->","yoast_head_json":{"title":"Trespass TARVIE Reparaturband","description":"Das Reparaturband auf Rolle ist ein vielseitiges und praktisches Produkt zur Reparatur und Abdichtung von verschiedenen Materialien.\u00a0 Hier sind die wichtigsten","robots":{"index":"index","follow":"follow","max-snippet":"max-snippet:-1","max-image-preview":"max-image-preview:large","max-video-preview":"max-video-preview:-1"},"canonical":"https:\/\/schweizversand.ch\/fr\/produkt\/trespass-tarvie-reparaturband\/","og_locale":"fr_FR","og_type":"article","og_title":"Trespass TARVIE Reparaturband","og_description":"Das Reparaturband auf Rolle ist ein vielseitiges und praktisches Produkt zur Reparatur und Abdichtung von verschiedenen Materialien.\u00a0 Hier sind die wichtigsten","og_url":"https:\/\/schweizversand.ch\/fr\/produkt\/trespass-tarvie-reparaturband\/","og_site_name":"Schweizer Shop f\u00fcr Sport, Spiel und Freizeit","article_publisher":"https:\/\/www.facebook.com\/Schweizversand","article_modified_time":"2026-04-20T00:03:54+00:00","og_image":[{"width":732,"height":1024,"url":"https:\/\/schweizversand.ch\/wp-content\/uploads\/2026\/02\/5471871629.jpg","type":"image\/jpeg"}],"twitter_card":"summary_large_image","twitter_misc":{"Dur\u00e9e de lecture estim\u00e9e":"1 minute"},"schema":{"@context":"https:\/\/schema.org","@graph":[{"@type":"WebPage","@id":"https:\/\/schweizversand.ch\/fr\/produkt\/trespass-tarvie-reparaturband\/","url":"https:\/\/schweizversand.ch\/fr\/produkt\/trespass-tarvie-reparaturband\/","name":"Trespass TARVIE Reparaturband","isPartOf":{"@id":"https:\/\/schweizversand.ch\/fr\/#website"},"primaryImageOfPage":{"@id":"https:\/\/schweizversand.ch\/fr\/produkt\/trespass-tarvie-reparaturband\/#primaryimage"},"image":{"@id":"https:\/\/schweizversand.ch\/fr\/produkt\/trespass-tarvie-reparaturband\/#primaryimage"},"thumbnailUrl":"https:\/\/schweizversand.ch\/wp-content\/uploads\/2026\/02\/5471871629.jpg","datePublished":"2026-03-14T23:06:53+00:00","dateModified":"2026-04-20T00:03:54+00:00","description":"Das Reparaturband auf Rolle ist ein vielseitiges und praktisches Produkt zur Reparatur und Abdichtung von verschiedenen Materialien.\u00a0 Hier sind die wichtigsten","breadcrumb":{"@id":"https:\/\/schweizversand.ch\/fr\/produkt\/trespass-tarvie-reparaturband\/#breadcrumb"},"inLanguage":"fr-FR","potentialAction":[{"@type":"ReadAction","target":["https:\/\/schweizversand.ch\/fr\/produkt\/trespass-tarvie-reparaturband\/"]}]},{"@type":"ImageObject","inLanguage":"fr-FR","@id":"https:\/\/schweizversand.ch\/fr\/produkt\/trespass-tarvie-reparaturband\/#primaryimage","url":"https:\/\/schweizversand.ch\/wp-content\/uploads\/2026\/02\/5471871629.jpg","contentUrl":"https:\/\/schweizversand.ch\/wp-content\/uploads\/2026\/02\/5471871629.jpg","width":732,"height":1024},{"@type":"BreadcrumbList","@id":"https:\/\/schweizversand.ch\/fr\/produkt\/trespass-tarvie-reparaturband\/#breadcrumb","itemListElement":[{"@type":"ListItem","position":1,"name":"Startseite","item":"https:\/\/schweizversand.ch\/fr\/home\/"},{"@type":"ListItem","position":2,"name":"Boutique","item":"https:\/\/schweizversand.ch\/fr\/boutique\/"},{"@type":"ListItem","position":3,"name":"Maison et jardin","item":"https:\/\/schweizversand.ch\/fr\/produkt-kategorie\/maison-et-jardin\/"},{"@type":"ListItem","position":4,"name":"Outils et atelier","item":"https:\/\/schweizversand.ch\/fr\/produkt-kategorie\/maison-et-jardin\/outils-et-atelier\/"},{"@type":"ListItem","position":5,"name":"Divers","item":"https:\/\/schweizversand.ch\/fr\/produkt-kategorie\/maison-et-jardin\/outils-et-atelier\/diverses\/"},{"@type":"ListItem","position":6,"name":"Ruban de r\u00e9paration Trespass TARVIE"}]},{"@type":"WebSite","@id":"https:\/\/schweizversand.ch\/fr\/#website","url":"https:\/\/schweizversand.ch\/fr\/","name":"Schweizer Shop f\u00fcr Sport, Spiel und Freizeit","description":"Gratisversand ab 50.- (netto), ab eigenem schweizer Lager, Lieferung innert 48h","publisher":{"@id":"https:\/\/schweizversand.ch\/fr\/#organization"},"alternateName":"Schweizversand.ch","potentialAction":[{"@type":"SearchAction","target":{"@type":"EntryPoint","urlTemplate":"https:\/\/schweizversand.ch\/fr\/?s={search_term_string}"},"query-input":{"@type":"PropertyValueSpecification","valueRequired":true,"valueName":"search_term_string"}}],"inLanguage":"fr-FR"},{"@type":"Organization","@id":"https:\/\/schweizversand.ch\/fr\/#organization","name":"Schweizversand.ch","url":"https:\/\/schweizversand.ch\/fr\/","logo":{"@type":"ImageObject","inLanguage":"fr-FR","@id":"https:\/\/schweizversand.ch\/fr\/#\/schema\/logo\/image\/","url":"https:\/\/schweizversand.ch\/wp-content\/uploads\/2026\/03\/Logo_Rund_Final-1.png","contentUrl":"https:\/\/schweizversand.ch\/wp-content\/uploads\/2026\/03\/Logo_Rund_Final-1.png","width":404,"height":404,"caption":"Schweizversand.ch"},"image":{"@id":"https:\/\/schweizversand.ch\/fr\/#\/schema\/logo\/image\/"},"sameAs":["https:\/\/www.facebook.com\/Schweizversand","https:\/\/www.instagram.com\/schweizversand.ch\/"]}]}},"jetpack_sharing_enabled":true,"_links":{"self":[{"href":"https:\/\/schweizversand.ch\/fr\/wp-json\/wp\/v2\/product\/259963","targetHints":{"allow":["GET"]}}],"collection":[{"href":"https:\/\/schweizversand.ch\/fr\/wp-json\/wp\/v2\/product"}],"about":[{"href":"https:\/\/schweizversand.ch\/fr\/wp-json\/wp\/v2\/types\/product"}],"replies":[{"embeddable":true,"href":"https:\/\/schweizversand.ch\/fr\/wp-json\/wp\/v2\/comments?post=259963"}],"wp:featuredmedia":[{"embeddable":true,"href":"https:\/\/schweizversand.ch\/fr\/wp-json\/wp\/v2\/media\/161432"}],"wp:attachment":[{"href":"https:\/\/schweizversand.ch\/fr\/wp-json\/wp\/v2\/media?parent=259963"}],"wp:term":[{"taxonomy":"product_brand","embeddable":true,"href":"https:\/\/schweizversand.ch\/fr\/wp-json\/wp\/v2\/product_brand?post=259963"},{"taxonomy":"product_cat","embeddable":true,"href":"https:\/\/schweizversand.ch\/fr\/wp-json\/wp\/v2\/product_cat?post=259963"},{"taxonomy":"product_tag","embeddable":true,"href":"https:\/\/schweizversand.ch\/fr\/wp-json\/wp\/v2\/product_tag?post=259963"}],"curies":[{"name":"wp","href":"https:\/\/api.w.org\/{rel}","templated":true}]}}