{"id":259964,"date":"2026-03-15T00:06:53","date_gmt":"2026-03-14T23:06:53","guid":{"rendered":"https:\/\/schweizversand.ch\/produkt\/trespass-turzo-faltbarer-rucksack\/"},"modified":"2026-04-19T15:35:29","modified_gmt":"2026-04-19T13:35:29","slug":"trespass-turzo-faltbarer-rucksack","status":"publish","type":"product","link":"https:\/\/schweizversand.ch\/fr\/produkt\/trespass-turzo-faltbarer-rucksack\/","title":{"rendered":"Sac \u00e0 dos pliable Trespass TURZO"},"content":{"rendered":"<p>D\u00e9couvrez le sac \u00e0 dos pliable Trespass TURZO 22L \u2013 votre compagnon id\u00e9al pour toutes vos aventures !<\/p>\n<\/p>\n<p>Ce sac \u00e0 dos Trespass d&rsquo;une capacit\u00e9 de 22 litres est l\u00e9ger, compact et extr\u00eamement pratique. Il se plie facilement pour atteindre une taille compacte de 20 cm x 16 cm x 8 cm, se glissant ais\u00e9ment dans vos bagages. Id\u00e9al pour les escapades improvis\u00e9es ou au quotidien !<\/p>\n<\/p>\n<p>Caract\u00e9ristiques :<\/p>\n<\/p>\n<p>\u2022 Bretelles r\u00e9glables : Pour un confort de portage optimal, o\u00f9 que vous alliez.<\/p>\n<\/p>\n<p>\u2022 Poign\u00e9e de transport : Facile \u00e0 transporter, m\u00eame sans les bretelles.<\/p>\n<\/p>\n<p>\u2022 2 poches lat\u00e9rales en filet : Parfaites pour les bouteilles d&rsquo;eau ou les petits accessoires.<\/p>\n<\/p>\n<p>\u2022 Grande poche avant : Offre un espace de rangement suppl\u00e9mentaire pour les objets dont vous avez besoin rapidement.<\/p>\n<\/p>\n<p>\u2022 Mati\u00e8re robuste : Fabriqu\u00e9 en 100 % polyester avec un rev\u00eatement PU \u2013 l\u00e9ger, durable et d\u00e9perlant.<\/p>\n<\/p>\n<p>Que ce soit pour un usage quotidien, les voyages ou les aventures improvis\u00e9es, le sac \u00e0 dos pliable Trespass TURZO est le choix id\u00e9al pour celles et ceux qui privil\u00e9gient la fonctionnalit\u00e9 et le style. Saisissez-le et d\u00e9couvrez la libert\u00e9 de transporter plus sans le fardeau !<\/p>\n","protected":false},"excerpt":{"rendered":"<p>Trespass TURZO Faltbarer Rucksack 22L \u2013 Leicht, kompakt und robust. Perfekt f\u00fcr unterwegs mit verstellbaren Gurten, viel Stauraum und schnellem Zusammenfalten.<\/p>\n","protected":false},"featured_media":161442,"comment_status":"open","ping_status":"closed","template":"","meta":[],"product_brand":[],"product_cat":[38090],"product_tag":[],"class_list":{"0":"post-259964","1":"product","2":"type-product","3":"status-publish","4":"has-post-thumbnail","6":"product_cat-taschen-rucksack","7":"product_shipping_class-global_methods","9":"first","10":"instock","11":"taxable","12":"shipping-taxable","13":"purchasable","14":"product-type-simple"},"yoast_head":"<!-- This site is optimized with the Yoast SEO plugin v27.4 - https:\/\/yoast.com\/product\/yoast-seo-wordpress\/ -->\n<title>Trespass TURZO Faltbarer Rucksack<\/title>\n<meta name=\"description\" content=\"Entdecke den Trespass TURZO Faltbarer Rucksack 22L\u2013 Dein perfekter Begleiter f\u00fcr unterwegs!\u00a0 Dieser Trespass Rucksack hat ein 22 Liter Fassungsverm\u00f6gen, ist le\" \/>\n<meta name=\"robots\" content=\"index, follow, max-snippet:-1, max-image-preview:large, max-video-preview:-1\" \/>\n<link rel=\"canonical\" href=\"https:\/\/schweizversand.ch\/fr\/produkt\/trespass-turzo-faltbarer-rucksack\/\" \/>\n<meta property=\"og:locale\" content=\"fr_FR\" \/>\n<meta property=\"og:type\" content=\"article\" \/>\n<meta property=\"og:title\" content=\"Trespass TURZO Faltbarer Rucksack\" \/>\n<meta property=\"og:description\" content=\"Entdecke den Trespass TURZO Faltbarer Rucksack 22L\u2013 Dein perfekter Begleiter f\u00fcr unterwegs!\u00a0 Dieser Trespass Rucksack hat ein 22 Liter Fassungsverm\u00f6gen, ist le\" \/>\n<meta property=\"og:url\" content=\"https:\/\/schweizversand.ch\/fr\/produkt\/trespass-turzo-faltbarer-rucksack\/\" \/>\n<meta property=\"og:site_name\" content=\"Schweizer Shop f\u00fcr Sport, Spiel und Freizeit\" \/>\n<meta property=\"article:publisher\" content=\"https:\/\/www.facebook.com\/Schweizversand\" \/>\n<meta property=\"article:modified_time\" content=\"2026-04-19T13:35:29+00:00\" \/>\n<meta property=\"og:image\" content=\"https:\/\/schweizversand.ch\/wp-content\/uploads\/2026\/02\/5471766549.jpg\" \/>\n\t<meta property=\"og:image:width\" content=\"739\" \/>\n\t<meta property=\"og:image:height\" content=\"1024\" \/>\n\t<meta property=\"og:image:type\" content=\"image\/jpeg\" \/>\n<meta name=\"twitter:card\" content=\"summary_large_image\" \/>\n<meta name=\"twitter:label1\" content=\"Dur\u00e9e de lecture estim\u00e9e\" \/>\n\t<meta name=\"twitter:data1\" content=\"1 minute\" \/>\n<script type=\"application\/ld+json\" class=\"yoast-schema-graph\">{\"@context\":\"https:\\\/\\\/schema.org\",\"@graph\":[{\"@type\":\"WebPage\",\"@id\":\"https:\\\/\\\/schweizversand.ch\\\/fr\\\/produkt\\\/trespass-turzo-faltbarer-rucksack\\\/\",\"url\":\"https:\\\/\\\/schweizversand.ch\\\/fr\\\/produkt\\\/trespass-turzo-faltbarer-rucksack\\\/\",\"name\":\"Trespass TURZO Faltbarer Rucksack\",\"isPartOf\":{\"@id\":\"https:\\\/\\\/schweizversand.ch\\\/fr\\\/#website\"},\"primaryImageOfPage\":{\"@id\":\"https:\\\/\\\/schweizversand.ch\\\/fr\\\/produkt\\\/trespass-turzo-faltbarer-rucksack\\\/#primaryimage\"},\"image\":{\"@id\":\"https:\\\/\\\/schweizversand.ch\\\/fr\\\/produkt\\\/trespass-turzo-faltbarer-rucksack\\\/#primaryimage\"},\"thumbnailUrl\":\"https:\\\/\\\/schweizversand.ch\\\/wp-content\\\/uploads\\\/2026\\\/02\\\/5471766549.jpg\",\"datePublished\":\"2026-03-14T23:06:53+00:00\",\"dateModified\":\"2026-04-19T13:35:29+00:00\",\"description\":\"Entdecke den Trespass TURZO Faltbarer Rucksack 22L\u2013 Dein perfekter Begleiter f\u00fcr unterwegs!\u00a0 Dieser Trespass Rucksack hat ein 22 Liter Fassungsverm\u00f6gen, ist le\",\"breadcrumb\":{\"@id\":\"https:\\\/\\\/schweizversand.ch\\\/fr\\\/produkt\\\/trespass-turzo-faltbarer-rucksack\\\/#breadcrumb\"},\"inLanguage\":\"fr-FR\",\"potentialAction\":[{\"@type\":\"ReadAction\",\"target\":[\"https:\\\/\\\/schweizversand.ch\\\/fr\\\/produkt\\\/trespass-turzo-faltbarer-rucksack\\\/\"]}]},{\"@type\":\"ImageObject\",\"inLanguage\":\"fr-FR\",\"@id\":\"https:\\\/\\\/schweizversand.ch\\\/fr\\\/produkt\\\/trespass-turzo-faltbarer-rucksack\\\/#primaryimage\",\"url\":\"https:\\\/\\\/schweizversand.ch\\\/wp-content\\\/uploads\\\/2026\\\/02\\\/5471766549.jpg\",\"contentUrl\":\"https:\\\/\\\/schweizversand.ch\\\/wp-content\\\/uploads\\\/2026\\\/02\\\/5471766549.jpg\",\"width\":739,\"height\":1024},{\"@type\":\"BreadcrumbList\",\"@id\":\"https:\\\/\\\/schweizversand.ch\\\/fr\\\/produkt\\\/trespass-turzo-faltbarer-rucksack\\\/#breadcrumb\",\"itemListElement\":[{\"@type\":\"ListItem\",\"position\":1,\"name\":\"Startseite\",\"item\":\"https:\\\/\\\/schweizversand.ch\\\/fr\\\/home\\\/\"},{\"@type\":\"ListItem\",\"position\":2,\"name\":\"Boutique\",\"item\":\"https:\\\/\\\/schweizversand.ch\\\/fr\\\/boutique\\\/\"},{\"@type\":\"ListItem\",\"position\":3,\"name\":\"Voyages\",\"item\":\"https:\\\/\\\/schweizversand.ch\\\/fr\\\/produkt-kategorie\\\/voyages\\\/\"},{\"@type\":\"ListItem\",\"position\":4,\"name\":\"Sacs et bagages\",\"item\":\"https:\\\/\\\/schweizversand.ch\\\/fr\\\/produkt-kategorie\\\/voyages\\\/sacs-et-bagages\\\/\"},{\"@type\":\"ListItem\",\"position\":5,\"name\":\"Sacs et sacs \u00e0 dos\",\"item\":\"https:\\\/\\\/schweizversand.ch\\\/fr\\\/produkt-kategorie\\\/voyages\\\/sacs-et-bagages\\\/taschen-rucksack\\\/\"},{\"@type\":\"ListItem\",\"position\":6,\"name\":\"Sac \u00e0 dos pliable Trespass TURZO\"}]},{\"@type\":\"WebSite\",\"@id\":\"https:\\\/\\\/schweizversand.ch\\\/fr\\\/#website\",\"url\":\"https:\\\/\\\/schweizversand.ch\\\/fr\\\/\",\"name\":\"Schweizer Shop f\u00fcr Sport, Spiel und Freizeit\",\"description\":\"Gratisversand ab 50.- (netto), ab eigenem schweizer Lager, Lieferung innert 48h\",\"publisher\":{\"@id\":\"https:\\\/\\\/schweizversand.ch\\\/fr\\\/#organization\"},\"alternateName\":\"Schweizversand.ch\",\"potentialAction\":[{\"@type\":\"SearchAction\",\"target\":{\"@type\":\"EntryPoint\",\"urlTemplate\":\"https:\\\/\\\/schweizversand.ch\\\/fr\\\/?s={search_term_string}\"},\"query-input\":{\"@type\":\"PropertyValueSpecification\",\"valueRequired\":true,\"valueName\":\"search_term_string\"}}],\"inLanguage\":\"fr-FR\"},{\"@type\":\"Organization\",\"@id\":\"https:\\\/\\\/schweizversand.ch\\\/fr\\\/#organization\",\"name\":\"Schweizversand.ch\",\"url\":\"https:\\\/\\\/schweizversand.ch\\\/fr\\\/\",\"logo\":{\"@type\":\"ImageObject\",\"inLanguage\":\"fr-FR\",\"@id\":\"https:\\\/\\\/schweizversand.ch\\\/fr\\\/#\\\/schema\\\/logo\\\/image\\\/\",\"url\":\"https:\\\/\\\/schweizversand.ch\\\/wp-content\\\/uploads\\\/2026\\\/03\\\/Logo_Rund_Final-1.png\",\"contentUrl\":\"https:\\\/\\\/schweizversand.ch\\\/wp-content\\\/uploads\\\/2026\\\/03\\\/Logo_Rund_Final-1.png\",\"width\":404,\"height\":404,\"caption\":\"Schweizversand.ch\"},\"image\":{\"@id\":\"https:\\\/\\\/schweizversand.ch\\\/fr\\\/#\\\/schema\\\/logo\\\/image\\\/\"},\"sameAs\":[\"https:\\\/\\\/www.facebook.com\\\/Schweizversand\",\"https:\\\/\\\/www.instagram.com\\\/schweizversand.ch\\\/\"]}]}<\/script>\n<!-- \/ Yoast SEO plugin. -->","yoast_head_json":{"title":"Trespass TURZO Faltbarer Rucksack","description":"Entdecke den Trespass TURZO Faltbarer Rucksack 22L\u2013 Dein perfekter Begleiter f\u00fcr unterwegs!\u00a0 Dieser Trespass Rucksack hat ein 22 Liter Fassungsverm\u00f6gen, ist le","robots":{"index":"index","follow":"follow","max-snippet":"max-snippet:-1","max-image-preview":"max-image-preview:large","max-video-preview":"max-video-preview:-1"},"canonical":"https:\/\/schweizversand.ch\/fr\/produkt\/trespass-turzo-faltbarer-rucksack\/","og_locale":"fr_FR","og_type":"article","og_title":"Trespass TURZO Faltbarer Rucksack","og_description":"Entdecke den Trespass TURZO Faltbarer Rucksack 22L\u2013 Dein perfekter Begleiter f\u00fcr unterwegs!\u00a0 Dieser Trespass Rucksack hat ein 22 Liter Fassungsverm\u00f6gen, ist le","og_url":"https:\/\/schweizversand.ch\/fr\/produkt\/trespass-turzo-faltbarer-rucksack\/","og_site_name":"Schweizer Shop f\u00fcr Sport, Spiel und Freizeit","article_publisher":"https:\/\/www.facebook.com\/Schweizversand","article_modified_time":"2026-04-19T13:35:29+00:00","og_image":[{"width":739,"height":1024,"url":"https:\/\/schweizversand.ch\/wp-content\/uploads\/2026\/02\/5471766549.jpg","type":"image\/jpeg"}],"twitter_card":"summary_large_image","twitter_misc":{"Dur\u00e9e de lecture estim\u00e9e":"1 minute"},"schema":{"@context":"https:\/\/schema.org","@graph":[{"@type":"WebPage","@id":"https:\/\/schweizversand.ch\/fr\/produkt\/trespass-turzo-faltbarer-rucksack\/","url":"https:\/\/schweizversand.ch\/fr\/produkt\/trespass-turzo-faltbarer-rucksack\/","name":"Trespass TURZO Faltbarer Rucksack","isPartOf":{"@id":"https:\/\/schweizversand.ch\/fr\/#website"},"primaryImageOfPage":{"@id":"https:\/\/schweizversand.ch\/fr\/produkt\/trespass-turzo-faltbarer-rucksack\/#primaryimage"},"image":{"@id":"https:\/\/schweizversand.ch\/fr\/produkt\/trespass-turzo-faltbarer-rucksack\/#primaryimage"},"thumbnailUrl":"https:\/\/schweizversand.ch\/wp-content\/uploads\/2026\/02\/5471766549.jpg","datePublished":"2026-03-14T23:06:53+00:00","dateModified":"2026-04-19T13:35:29+00:00","description":"Entdecke den Trespass TURZO Faltbarer Rucksack 22L\u2013 Dein perfekter Begleiter f\u00fcr unterwegs!\u00a0 Dieser Trespass Rucksack hat ein 22 Liter Fassungsverm\u00f6gen, ist le","breadcrumb":{"@id":"https:\/\/schweizversand.ch\/fr\/produkt\/trespass-turzo-faltbarer-rucksack\/#breadcrumb"},"inLanguage":"fr-FR","potentialAction":[{"@type":"ReadAction","target":["https:\/\/schweizversand.ch\/fr\/produkt\/trespass-turzo-faltbarer-rucksack\/"]}]},{"@type":"ImageObject","inLanguage":"fr-FR","@id":"https:\/\/schweizversand.ch\/fr\/produkt\/trespass-turzo-faltbarer-rucksack\/#primaryimage","url":"https:\/\/schweizversand.ch\/wp-content\/uploads\/2026\/02\/5471766549.jpg","contentUrl":"https:\/\/schweizversand.ch\/wp-content\/uploads\/2026\/02\/5471766549.jpg","width":739,"height":1024},{"@type":"BreadcrumbList","@id":"https:\/\/schweizversand.ch\/fr\/produkt\/trespass-turzo-faltbarer-rucksack\/#breadcrumb","itemListElement":[{"@type":"ListItem","position":1,"name":"Startseite","item":"https:\/\/schweizversand.ch\/fr\/home\/"},{"@type":"ListItem","position":2,"name":"Boutique","item":"https:\/\/schweizversand.ch\/fr\/boutique\/"},{"@type":"ListItem","position":3,"name":"Voyages","item":"https:\/\/schweizversand.ch\/fr\/produkt-kategorie\/voyages\/"},{"@type":"ListItem","position":4,"name":"Sacs et bagages","item":"https:\/\/schweizversand.ch\/fr\/produkt-kategorie\/voyages\/sacs-et-bagages\/"},{"@type":"ListItem","position":5,"name":"Sacs et sacs \u00e0 dos","item":"https:\/\/schweizversand.ch\/fr\/produkt-kategorie\/voyages\/sacs-et-bagages\/taschen-rucksack\/"},{"@type":"ListItem","position":6,"name":"Sac \u00e0 dos pliable Trespass TURZO"}]},{"@type":"WebSite","@id":"https:\/\/schweizversand.ch\/fr\/#website","url":"https:\/\/schweizversand.ch\/fr\/","name":"Schweizer Shop f\u00fcr Sport, Spiel und Freizeit","description":"Gratisversand ab 50.- (netto), ab eigenem schweizer Lager, Lieferung innert 48h","publisher":{"@id":"https:\/\/schweizversand.ch\/fr\/#organization"},"alternateName":"Schweizversand.ch","potentialAction":[{"@type":"SearchAction","target":{"@type":"EntryPoint","urlTemplate":"https:\/\/schweizversand.ch\/fr\/?s={search_term_string}"},"query-input":{"@type":"PropertyValueSpecification","valueRequired":true,"valueName":"search_term_string"}}],"inLanguage":"fr-FR"},{"@type":"Organization","@id":"https:\/\/schweizversand.ch\/fr\/#organization","name":"Schweizversand.ch","url":"https:\/\/schweizversand.ch\/fr\/","logo":{"@type":"ImageObject","inLanguage":"fr-FR","@id":"https:\/\/schweizversand.ch\/fr\/#\/schema\/logo\/image\/","url":"https:\/\/schweizversand.ch\/wp-content\/uploads\/2026\/03\/Logo_Rund_Final-1.png","contentUrl":"https:\/\/schweizversand.ch\/wp-content\/uploads\/2026\/03\/Logo_Rund_Final-1.png","width":404,"height":404,"caption":"Schweizversand.ch"},"image":{"@id":"https:\/\/schweizversand.ch\/fr\/#\/schema\/logo\/image\/"},"sameAs":["https:\/\/www.facebook.com\/Schweizversand","https:\/\/www.instagram.com\/schweizversand.ch\/"]}]}},"jetpack_sharing_enabled":true,"_links":{"self":[{"href":"https:\/\/schweizversand.ch\/fr\/wp-json\/wp\/v2\/product\/259964","targetHints":{"allow":["GET"]}}],"collection":[{"href":"https:\/\/schweizversand.ch\/fr\/wp-json\/wp\/v2\/product"}],"about":[{"href":"https:\/\/schweizversand.ch\/fr\/wp-json\/wp\/v2\/types\/product"}],"replies":[{"embeddable":true,"href":"https:\/\/schweizversand.ch\/fr\/wp-json\/wp\/v2\/comments?post=259964"}],"wp:featuredmedia":[{"embeddable":true,"href":"https:\/\/schweizversand.ch\/fr\/wp-json\/wp\/v2\/media\/161442"}],"wp:attachment":[{"href":"https:\/\/schweizversand.ch\/fr\/wp-json\/wp\/v2\/media?parent=259964"}],"wp:term":[{"taxonomy":"product_brand","embeddable":true,"href":"https:\/\/schweizversand.ch\/fr\/wp-json\/wp\/v2\/product_brand?post=259964"},{"taxonomy":"product_cat","embeddable":true,"href":"https:\/\/schweizversand.ch\/fr\/wp-json\/wp\/v2\/product_cat?post=259964"},{"taxonomy":"product_tag","embeddable":true,"href":"https:\/\/schweizversand.ch\/fr\/wp-json\/wp\/v2\/product_tag?post=259964"}],"curies":[{"name":"wp","href":"https:\/\/api.w.org\/{rel}","templated":true}]}}