{"id":259982,"date":"2026-03-15T00:06:58","date_gmt":"2026-03-14T23:06:58","guid":{"rendered":"https:\/\/schweizversand.ch\/produkt\/trespass-softly-damen-kaputzenpullover-2\/"},"modified":"2026-05-02T02:03:40","modified_gmt":"2026-05-02T00:03:40","slug":"trespass-softly-damen-kaputzenpullover-2","status":"publish","type":"product","link":"https:\/\/schweizversand.ch\/fr\/produkt\/trespass-softly-damen-kaputzenpullover-2\/","title":{"rendered":"Intrusion DOUCEMENT &#8211; sweat \u00e0 capuche pour femmes"},"content":{"rendered":"<p>Ce sweat \u00e0 capuche allie style et fonctionnalit\u00e9, id\u00e9al au quotidien comme pour les activit\u00e9s sportives. Sa mati\u00e8re douce assure un confort exceptionnel, tandis que des d\u00e9tails bien pens\u00e9s, tels que le demi-zip et la poche kangourou, offrent une praticit\u00e9 accrue.<\/p>\n<\/p>\n<p>Caract\u00e9ristiques techniques &#8211; Sweat \u00e0 capuche<\/p>\n<\/p>\n<p>Design et confort :<\/p>\n<\/p>\n<p>\u2022 Style : Rayures teintes dans la masse sur tissu chin\u00e9 pour un look moderne<\/p>\n<\/p>\n<p>\u2022 Douceur : Doublure bross\u00e9e double face pour un confort optimal<\/p>\n<\/p>\n<p>\u2022 Capuche : Capuche fixe avec cordon de serrage pour plus de protection et de style<\/p>\n<\/p>\n<p>\u2022 Poche kangourou : Poche pratique pour garder les mains au chaud ou ranger de petits objets<\/p>\n<\/p>\n<p>\u2022 Fermeture : Demi-zip au col pour un enfilage et un retrait faciles<\/p>\n<\/p>\n<p>\u2022 Fentes lat\u00e9rales \u00e0 l&rsquo;ourlet : Pour une plus grande libert\u00e9 de mouvement<\/p>\n<\/p>\n<p>Composition et caract\u00e9ristiques :<\/p>\n<\/p>\n<p>\u2022 Composition : 88 % polyester, 12 % \u00e9lasthanne<\/p>\n<\/p>\n<p>\u2022 Grammage : 270 g, pour un \u00e9quilibre parfait entre chaleur et l\u00e9g\u00e8ret\u00e9<\/p>\n<\/p>\n<p>\u2022 Finitions : D\u00e9tails contrast\u00e9s pour une touche d&rsquo;\u00e9l\u00e9gance<\/p>\n","protected":false},"excerpt":{"rendered":"<p>Trespass SOFTLY &#8211; Damen Kapuzenpullover vereint weichen Tragekomfort mit stylischem Garnstreifen, praktischem \u00bd-Rei\u00dfverschluss und K\u00e4ngurutasche f\u00fcr Alltag und Sport.<\/p>\n","protected":false},"featured_media":161503,"comment_status":"open","ping_status":"closed","template":"","meta":[],"product_brand":[],"product_cat":[38148],"product_tag":[],"class_list":{"0":"post-259982","1":"product","2":"type-product","3":"status-publish","4":"has-post-thumbnail","6":"product_cat-damenbekleidung","7":"product_shipping_class-global_methods","9":"first","10":"instock","11":"taxable","12":"shipping-taxable","13":"purchasable","14":"product-type-simple"},"yoast_head":"<!-- This site is optimized with the Yoast SEO plugin v27.5 - https:\/\/yoast.com\/product\/yoast-seo-wordpress\/ -->\n<title>Trespass SOFTLY - Damen Kaputzenpullover<\/title>\n<meta name=\"description\" content=\"Dieser Kapuzenpullover vereint Stil und Funktionalit\u00e4t und ist ideal f\u00fcr den Alltag sowie sportliche Aktivit\u00e4ten. Das weiche Material sorgt f\u00fcr hohen Tragekomfo\" \/>\n<meta name=\"robots\" content=\"index, follow, max-snippet:-1, max-image-preview:large, max-video-preview:-1\" \/>\n<link rel=\"canonical\" href=\"https:\/\/schweizversand.ch\/fr\/produkt\/trespass-softly-damen-kaputzenpullover-2\/\" \/>\n<meta property=\"og:locale\" content=\"fr_FR\" \/>\n<meta property=\"og:type\" content=\"article\" \/>\n<meta property=\"og:title\" content=\"Trespass SOFTLY - Damen Kaputzenpullover\" \/>\n<meta property=\"og:description\" content=\"Dieser Kapuzenpullover vereint Stil und Funktionalit\u00e4t und ist ideal f\u00fcr den Alltag sowie sportliche Aktivit\u00e4ten. Das weiche Material sorgt f\u00fcr hohen Tragekomfo\" \/>\n<meta property=\"og:url\" content=\"https:\/\/schweizversand.ch\/fr\/produkt\/trespass-softly-damen-kaputzenpullover-2\/\" \/>\n<meta property=\"og:site_name\" content=\"Schweizer Shop f\u00fcr Sport, Spiel und Freizeit\" \/>\n<meta property=\"article:publisher\" content=\"https:\/\/www.facebook.com\/Schweizversand\" \/>\n<meta property=\"article:modified_time\" content=\"2026-05-02T00:03:40+00:00\" \/>\n<meta property=\"og:image\" content=\"https:\/\/schweizversand.ch\/wp-content\/uploads\/2026\/02\/5471841158.jpg\" \/>\n\t<meta property=\"og:image:width\" content=\"1024\" \/>\n\t<meta property=\"og:image:height\" content=\"1024\" \/>\n\t<meta property=\"og:image:type\" content=\"image\/jpeg\" \/>\n<meta name=\"twitter:card\" content=\"summary_large_image\" \/>\n<meta name=\"twitter:label1\" content=\"Dur\u00e9e de lecture estim\u00e9e\" \/>\n\t<meta name=\"twitter:data1\" content=\"1 minute\" \/>\n<script type=\"application\/ld+json\" class=\"yoast-schema-graph\">{\"@context\":\"https:\\\/\\\/schema.org\",\"@graph\":[{\"@type\":\"WebPage\",\"@id\":\"https:\\\/\\\/schweizversand.ch\\\/fr\\\/produkt\\\/trespass-softly-damen-kaputzenpullover-2\\\/\",\"url\":\"https:\\\/\\\/schweizversand.ch\\\/fr\\\/produkt\\\/trespass-softly-damen-kaputzenpullover-2\\\/\",\"name\":\"Trespass SOFTLY - Damen Kaputzenpullover\",\"isPartOf\":{\"@id\":\"https:\\\/\\\/schweizversand.ch\\\/fr\\\/#website\"},\"primaryImageOfPage\":{\"@id\":\"https:\\\/\\\/schweizversand.ch\\\/fr\\\/produkt\\\/trespass-softly-damen-kaputzenpullover-2\\\/#primaryimage\"},\"image\":{\"@id\":\"https:\\\/\\\/schweizversand.ch\\\/fr\\\/produkt\\\/trespass-softly-damen-kaputzenpullover-2\\\/#primaryimage\"},\"thumbnailUrl\":\"https:\\\/\\\/schweizversand.ch\\\/wp-content\\\/uploads\\\/2026\\\/02\\\/5471841158.jpg\",\"datePublished\":\"2026-03-14T23:06:58+00:00\",\"dateModified\":\"2026-05-02T00:03:40+00:00\",\"description\":\"Dieser Kapuzenpullover vereint Stil und Funktionalit\u00e4t und ist ideal f\u00fcr den Alltag sowie sportliche Aktivit\u00e4ten. Das weiche Material sorgt f\u00fcr hohen Tragekomfo\",\"breadcrumb\":{\"@id\":\"https:\\\/\\\/schweizversand.ch\\\/fr\\\/produkt\\\/trespass-softly-damen-kaputzenpullover-2\\\/#breadcrumb\"},\"inLanguage\":\"fr-FR\",\"potentialAction\":[{\"@type\":\"ReadAction\",\"target\":[\"https:\\\/\\\/schweizversand.ch\\\/fr\\\/produkt\\\/trespass-softly-damen-kaputzenpullover-2\\\/\"]}]},{\"@type\":\"ImageObject\",\"inLanguage\":\"fr-FR\",\"@id\":\"https:\\\/\\\/schweizversand.ch\\\/fr\\\/produkt\\\/trespass-softly-damen-kaputzenpullover-2\\\/#primaryimage\",\"url\":\"https:\\\/\\\/schweizversand.ch\\\/wp-content\\\/uploads\\\/2026\\\/02\\\/5471841158.jpg\",\"contentUrl\":\"https:\\\/\\\/schweizversand.ch\\\/wp-content\\\/uploads\\\/2026\\\/02\\\/5471841158.jpg\",\"width\":1024,\"height\":1024},{\"@type\":\"BreadcrumbList\",\"@id\":\"https:\\\/\\\/schweizversand.ch\\\/fr\\\/produkt\\\/trespass-softly-damen-kaputzenpullover-2\\\/#breadcrumb\",\"itemListElement\":[{\"@type\":\"ListItem\",\"position\":1,\"name\":\"Startseite\",\"item\":\"https:\\\/\\\/schweizversand.ch\\\/fr\\\/home\\\/\"},{\"@type\":\"ListItem\",\"position\":2,\"name\":\"Boutique\",\"item\":\"https:\\\/\\\/schweizversand.ch\\\/fr\\\/boutique\\\/\"},{\"@type\":\"ListItem\",\"position\":3,\"name\":\"Mode\",\"item\":\"https:\\\/\\\/schweizversand.ch\\\/fr\\\/produkt-kategorie\\\/mode-fr\\\/\"},{\"@type\":\"ListItem\",\"position\":4,\"name\":\"Mode f\u00e9minine\",\"item\":\"https:\\\/\\\/schweizversand.ch\\\/fr\\\/produkt-kategorie\\\/mode-fr\\\/mode-feminine\\\/\"},{\"@type\":\"ListItem\",\"position\":5,\"name\":\"V\u00eatements pour femmes\",\"item\":\"https:\\\/\\\/schweizversand.ch\\\/fr\\\/produkt-kategorie\\\/mode-fr\\\/mode-feminine\\\/damenbekleidung\\\/\"},{\"@type\":\"ListItem\",\"position\":6,\"name\":\"Intrusion DOUCEMENT &#8211; sweat \u00e0 capuche pour femmes\"}]},{\"@type\":\"WebSite\",\"@id\":\"https:\\\/\\\/schweizversand.ch\\\/fr\\\/#website\",\"url\":\"https:\\\/\\\/schweizversand.ch\\\/fr\\\/\",\"name\":\"Schweizer Shop f\u00fcr Sport, Spiel und Freizeit\",\"description\":\"Gratisversand ab 50.- (netto), ab eigenem schweizer Lager, Lieferung innert 48h\",\"publisher\":{\"@id\":\"https:\\\/\\\/schweizversand.ch\\\/fr\\\/#organization\"},\"alternateName\":\"Schweizversand.ch\",\"potentialAction\":[{\"@type\":\"SearchAction\",\"target\":{\"@type\":\"EntryPoint\",\"urlTemplate\":\"https:\\\/\\\/schweizversand.ch\\\/fr\\\/?s={search_term_string}\"},\"query-input\":{\"@type\":\"PropertyValueSpecification\",\"valueRequired\":true,\"valueName\":\"search_term_string\"}}],\"inLanguage\":\"fr-FR\"},{\"@type\":\"Organization\",\"@id\":\"https:\\\/\\\/schweizversand.ch\\\/fr\\\/#organization\",\"name\":\"Schweizversand.ch\",\"url\":\"https:\\\/\\\/schweizversand.ch\\\/fr\\\/\",\"logo\":{\"@type\":\"ImageObject\",\"inLanguage\":\"fr-FR\",\"@id\":\"https:\\\/\\\/schweizversand.ch\\\/fr\\\/#\\\/schema\\\/logo\\\/image\\\/\",\"url\":\"https:\\\/\\\/schweizversand.ch\\\/wp-content\\\/uploads\\\/2026\\\/03\\\/Logo_Rund_Final-1.png\",\"contentUrl\":\"https:\\\/\\\/schweizversand.ch\\\/wp-content\\\/uploads\\\/2026\\\/03\\\/Logo_Rund_Final-1.png\",\"width\":404,\"height\":404,\"caption\":\"Schweizversand.ch\"},\"image\":{\"@id\":\"https:\\\/\\\/schweizversand.ch\\\/fr\\\/#\\\/schema\\\/logo\\\/image\\\/\"},\"sameAs\":[\"https:\\\/\\\/www.facebook.com\\\/Schweizversand\",\"https:\\\/\\\/www.instagram.com\\\/schweizversand.ch\\\/\"]}]}<\/script>\n<!-- \/ Yoast SEO plugin. -->","yoast_head_json":{"title":"Trespass SOFTLY - Damen Kaputzenpullover","description":"Dieser Kapuzenpullover vereint Stil und Funktionalit\u00e4t und ist ideal f\u00fcr den Alltag sowie sportliche Aktivit\u00e4ten. Das weiche Material sorgt f\u00fcr hohen Tragekomfo","robots":{"index":"index","follow":"follow","max-snippet":"max-snippet:-1","max-image-preview":"max-image-preview:large","max-video-preview":"max-video-preview:-1"},"canonical":"https:\/\/schweizversand.ch\/fr\/produkt\/trespass-softly-damen-kaputzenpullover-2\/","og_locale":"fr_FR","og_type":"article","og_title":"Trespass SOFTLY - Damen Kaputzenpullover","og_description":"Dieser Kapuzenpullover vereint Stil und Funktionalit\u00e4t und ist ideal f\u00fcr den Alltag sowie sportliche Aktivit\u00e4ten. Das weiche Material sorgt f\u00fcr hohen Tragekomfo","og_url":"https:\/\/schweizversand.ch\/fr\/produkt\/trespass-softly-damen-kaputzenpullover-2\/","og_site_name":"Schweizer Shop f\u00fcr Sport, Spiel und Freizeit","article_publisher":"https:\/\/www.facebook.com\/Schweizversand","article_modified_time":"2026-05-02T00:03:40+00:00","og_image":[{"width":1024,"height":1024,"url":"https:\/\/schweizversand.ch\/wp-content\/uploads\/2026\/02\/5471841158.jpg","type":"image\/jpeg"}],"twitter_card":"summary_large_image","twitter_misc":{"Dur\u00e9e de lecture estim\u00e9e":"1 minute"},"schema":{"@context":"https:\/\/schema.org","@graph":[{"@type":"WebPage","@id":"https:\/\/schweizversand.ch\/fr\/produkt\/trespass-softly-damen-kaputzenpullover-2\/","url":"https:\/\/schweizversand.ch\/fr\/produkt\/trespass-softly-damen-kaputzenpullover-2\/","name":"Trespass SOFTLY - Damen Kaputzenpullover","isPartOf":{"@id":"https:\/\/schweizversand.ch\/fr\/#website"},"primaryImageOfPage":{"@id":"https:\/\/schweizversand.ch\/fr\/produkt\/trespass-softly-damen-kaputzenpullover-2\/#primaryimage"},"image":{"@id":"https:\/\/schweizversand.ch\/fr\/produkt\/trespass-softly-damen-kaputzenpullover-2\/#primaryimage"},"thumbnailUrl":"https:\/\/schweizversand.ch\/wp-content\/uploads\/2026\/02\/5471841158.jpg","datePublished":"2026-03-14T23:06:58+00:00","dateModified":"2026-05-02T00:03:40+00:00","description":"Dieser Kapuzenpullover vereint Stil und Funktionalit\u00e4t und ist ideal f\u00fcr den Alltag sowie sportliche Aktivit\u00e4ten. Das weiche Material sorgt f\u00fcr hohen Tragekomfo","breadcrumb":{"@id":"https:\/\/schweizversand.ch\/fr\/produkt\/trespass-softly-damen-kaputzenpullover-2\/#breadcrumb"},"inLanguage":"fr-FR","potentialAction":[{"@type":"ReadAction","target":["https:\/\/schweizversand.ch\/fr\/produkt\/trespass-softly-damen-kaputzenpullover-2\/"]}]},{"@type":"ImageObject","inLanguage":"fr-FR","@id":"https:\/\/schweizversand.ch\/fr\/produkt\/trespass-softly-damen-kaputzenpullover-2\/#primaryimage","url":"https:\/\/schweizversand.ch\/wp-content\/uploads\/2026\/02\/5471841158.jpg","contentUrl":"https:\/\/schweizversand.ch\/wp-content\/uploads\/2026\/02\/5471841158.jpg","width":1024,"height":1024},{"@type":"BreadcrumbList","@id":"https:\/\/schweizversand.ch\/fr\/produkt\/trespass-softly-damen-kaputzenpullover-2\/#breadcrumb","itemListElement":[{"@type":"ListItem","position":1,"name":"Startseite","item":"https:\/\/schweizversand.ch\/fr\/home\/"},{"@type":"ListItem","position":2,"name":"Boutique","item":"https:\/\/schweizversand.ch\/fr\/boutique\/"},{"@type":"ListItem","position":3,"name":"Mode","item":"https:\/\/schweizversand.ch\/fr\/produkt-kategorie\/mode-fr\/"},{"@type":"ListItem","position":4,"name":"Mode f\u00e9minine","item":"https:\/\/schweizversand.ch\/fr\/produkt-kategorie\/mode-fr\/mode-feminine\/"},{"@type":"ListItem","position":5,"name":"V\u00eatements pour femmes","item":"https:\/\/schweizversand.ch\/fr\/produkt-kategorie\/mode-fr\/mode-feminine\/damenbekleidung\/"},{"@type":"ListItem","position":6,"name":"Intrusion DOUCEMENT &#8211; sweat \u00e0 capuche pour femmes"}]},{"@type":"WebSite","@id":"https:\/\/schweizversand.ch\/fr\/#website","url":"https:\/\/schweizversand.ch\/fr\/","name":"Schweizer Shop f\u00fcr Sport, Spiel und Freizeit","description":"Gratisversand ab 50.- (netto), ab eigenem schweizer Lager, Lieferung innert 48h","publisher":{"@id":"https:\/\/schweizversand.ch\/fr\/#organization"},"alternateName":"Schweizversand.ch","potentialAction":[{"@type":"SearchAction","target":{"@type":"EntryPoint","urlTemplate":"https:\/\/schweizversand.ch\/fr\/?s={search_term_string}"},"query-input":{"@type":"PropertyValueSpecification","valueRequired":true,"valueName":"search_term_string"}}],"inLanguage":"fr-FR"},{"@type":"Organization","@id":"https:\/\/schweizversand.ch\/fr\/#organization","name":"Schweizversand.ch","url":"https:\/\/schweizversand.ch\/fr\/","logo":{"@type":"ImageObject","inLanguage":"fr-FR","@id":"https:\/\/schweizversand.ch\/fr\/#\/schema\/logo\/image\/","url":"https:\/\/schweizversand.ch\/wp-content\/uploads\/2026\/03\/Logo_Rund_Final-1.png","contentUrl":"https:\/\/schweizversand.ch\/wp-content\/uploads\/2026\/03\/Logo_Rund_Final-1.png","width":404,"height":404,"caption":"Schweizversand.ch"},"image":{"@id":"https:\/\/schweizversand.ch\/fr\/#\/schema\/logo\/image\/"},"sameAs":["https:\/\/www.facebook.com\/Schweizversand","https:\/\/www.instagram.com\/schweizversand.ch\/"]}]}},"jetpack_sharing_enabled":true,"_links":{"self":[{"href":"https:\/\/schweizversand.ch\/fr\/wp-json\/wp\/v2\/product\/259982","targetHints":{"allow":["GET"]}}],"collection":[{"href":"https:\/\/schweizversand.ch\/fr\/wp-json\/wp\/v2\/product"}],"about":[{"href":"https:\/\/schweizversand.ch\/fr\/wp-json\/wp\/v2\/types\/product"}],"replies":[{"embeddable":true,"href":"https:\/\/schweizversand.ch\/fr\/wp-json\/wp\/v2\/comments?post=259982"}],"wp:featuredmedia":[{"embeddable":true,"href":"https:\/\/schweizversand.ch\/fr\/wp-json\/wp\/v2\/media\/161503"}],"wp:attachment":[{"href":"https:\/\/schweizversand.ch\/fr\/wp-json\/wp\/v2\/media?parent=259982"}],"wp:term":[{"taxonomy":"product_brand","embeddable":true,"href":"https:\/\/schweizversand.ch\/fr\/wp-json\/wp\/v2\/product_brand?post=259982"},{"taxonomy":"product_cat","embeddable":true,"href":"https:\/\/schweizversand.ch\/fr\/wp-json\/wp\/v2\/product_cat?post=259982"},{"taxonomy":"product_tag","embeddable":true,"href":"https:\/\/schweizversand.ch\/fr\/wp-json\/wp\/v2\/product_tag?post=259982"}],"curies":[{"name":"wp","href":"https:\/\/api.w.org\/{rel}","templated":true}]}}