{"id":260016,"date":"2026-03-15T00:56:00","date_gmt":"2026-03-14T23:56:00","guid":{"rendered":"https:\/\/schweizversand.ch\/produkt\/trespass-vickland-damen-t-shirt-29\/"},"modified":"2026-05-01T15:34:07","modified_gmt":"2026-05-01T13:34:07","slug":"trespass-vickland-damen-t-shirt-29","status":"publish","type":"product","link":"https:\/\/schweizversand.ch\/fr\/produkt\/trespass-vickland-damen-t-shirt-29\/","title":{"rendered":"T-shirt femme Trespass VICKLAND"},"content":{"rendered":"<h1><strong>T-shirt outdoor homme VICKLAND<\/strong><\/h1>\n<div>D\u00e9couvrez le <strong>T-shirt outdoor VICKLAND<\/strong>, votre compagnon id\u00e9al pour les activit\u00e9s sportives et les randonn\u00e9es exigeantes. Ce <strong>t-shirt technique \u00e0 manches courtes<\/strong> a \u00e9t\u00e9 sp\u00e9cialement con\u00e7u pour vous offrir un confort maximal et une excellente <strong>gestion de l&rsquo;humidit\u00e9<\/strong> par temps chaud.<\/p>\n<\/div>\n<div><strong>Performances convaincantes<\/strong><br \/>Le <strong>T-shirt de sport homme<\/strong> allie l\u00e9g\u00e8ret\u00e9 et technologie de pointe. Gr\u00e2ce \u00e0 l&rsquo;impression Duoskin et \u00e0 sa construction en maille, il \u00e9vacue efficacement l&rsquo;humidit\u00e9, vous assurant de rester au sec et de donner le meilleur de vous-m\u00eame. C&rsquo;est le T-shirt de randonn\u00e9e id\u00e9al pour les longues journ\u00e9es en pleine nature. Mati\u00e8re et propri\u00e9t\u00e9s\u00a0: Le T-shirt VICKLAND est compos\u00e9 \u00e0 100\u00a0% de polyester, reconnu pour son s\u00e9chage rapide et sa durabilit\u00e9. Le grammage de 160 g\/m\u00b2 garantit une respirabilit\u00e9 optimale sans compromettre la durabilit\u00e9.<\/p>\n<\/div>\n<div><strong>Caract\u00e9ristiques principales<\/strong><br \/>&#8211; Mati\u00e8re : 100 % polyester (tricot)<br \/>&#8211; Coupe : Manches courtes et col rond classique<br \/>&#8211; Grammage : 160 g\/m\u00b2<br \/>&#8211; Technologie : Gestion efficace de l&rsquo;humidit\u00e9 et s\u00e9chage rapide<br \/>&#8211; Design : Logo Trespass au dos et impression Duoskin sur la manche<\/p>\n<\/div>\n<div>Investissez dans ce t-shirt technique \u00e0 manches courtes de haute qualit\u00e9 et constatez la diff\u00e9rence lors de vos prochaines aventures en plein air. Commandez d\u00e8s maintenant le t-shirt outdoor VICKLAND et profitez d&rsquo;un confort maximal.<\/p>\n<\/div>\n<div>\n<\/div>\n","protected":false},"excerpt":{"rendered":"<p>Trespass VICKLAND Damen-T-Shirt bietet optimalen Komfort und schnelles Feuchtigkeitsmanagement f\u00fcr aktive Outdoor-Tage. Leicht, atmungsaktiv und perfekt f\u00fcr Wanderungen.<\/p>\n","protected":false},"featured_media":151540,"comment_status":"open","ping_status":"closed","template":"","meta":[],"product_brand":[],"product_cat":[38520],"product_tag":[],"class_list":{"0":"post-260016","1":"product","2":"type-product","3":"status-publish","4":"has-post-thumbnail","6":"product_cat-fitness-textilien","7":"product_shipping_class-global_methods","9":"first","10":"instock","11":"taxable","12":"shipping-taxable","13":"purchasable","14":"product-type-simple"},"yoast_head":"<!-- This site is optimized with the Yoast SEO plugin v27.5 - https:\/\/yoast.com\/product\/yoast-seo-wordpress\/ -->\n<title>Trespass VICKLAND Damen-T-Shirt<\/title>\n<meta name=\"description\" content=\"VICKLAND T-Shirt Outdoor Herren Entdecken Sie das VICKLAND T-Shirt Outdoor , Ihr idealer Begleiter f\u00fcr anspruchsvolle sportliche Bet\u00e4tigungen und Wanderungen. D\" \/>\n<meta name=\"robots\" content=\"index, follow, max-snippet:-1, max-image-preview:large, max-video-preview:-1\" \/>\n<link rel=\"canonical\" href=\"https:\/\/schweizversand.ch\/fr\/produkt\/trespass-vickland-damen-t-shirt-29\/\" \/>\n<meta property=\"og:locale\" content=\"fr_FR\" \/>\n<meta property=\"og:type\" content=\"article\" \/>\n<meta property=\"og:title\" content=\"Trespass VICKLAND Damen-T-Shirt\" \/>\n<meta property=\"og:description\" content=\"VICKLAND T-Shirt Outdoor Herren Entdecken Sie das VICKLAND T-Shirt Outdoor , Ihr idealer Begleiter f\u00fcr anspruchsvolle sportliche Bet\u00e4tigungen und Wanderungen. D\" \/>\n<meta property=\"og:url\" content=\"https:\/\/schweizversand.ch\/fr\/produkt\/trespass-vickland-damen-t-shirt-29\/\" \/>\n<meta property=\"og:site_name\" content=\"Schweizer Shop f\u00fcr Sport, Spiel und Freizeit\" \/>\n<meta property=\"article:publisher\" content=\"https:\/\/www.facebook.com\/Schweizversand\" \/>\n<meta property=\"article:modified_time\" content=\"2026-05-01T13:34:07+00:00\" \/>\n<meta property=\"og:image\" content=\"https:\/\/schweizversand.ch\/wp-content\/uploads\/2026\/02\/5471696480.jpg\" \/>\n\t<meta property=\"og:image:width\" content=\"1024\" \/>\n\t<meta property=\"og:image:height\" content=\"1024\" \/>\n\t<meta property=\"og:image:type\" content=\"image\/jpeg\" \/>\n<meta name=\"twitter:card\" content=\"summary_large_image\" \/>\n<meta name=\"twitter:label1\" content=\"Dur\u00e9e de lecture estim\u00e9e\" \/>\n\t<meta name=\"twitter:data1\" content=\"1 minute\" \/>\n<script type=\"application\/ld+json\" class=\"yoast-schema-graph\">{\"@context\":\"https:\\\/\\\/schema.org\",\"@graph\":[{\"@type\":\"WebPage\",\"@id\":\"https:\\\/\\\/schweizversand.ch\\\/fr\\\/produkt\\\/trespass-vickland-damen-t-shirt-29\\\/\",\"url\":\"https:\\\/\\\/schweizversand.ch\\\/fr\\\/produkt\\\/trespass-vickland-damen-t-shirt-29\\\/\",\"name\":\"Trespass VICKLAND Damen-T-Shirt\",\"isPartOf\":{\"@id\":\"https:\\\/\\\/schweizversand.ch\\\/fr\\\/#website\"},\"primaryImageOfPage\":{\"@id\":\"https:\\\/\\\/schweizversand.ch\\\/fr\\\/produkt\\\/trespass-vickland-damen-t-shirt-29\\\/#primaryimage\"},\"image\":{\"@id\":\"https:\\\/\\\/schweizversand.ch\\\/fr\\\/produkt\\\/trespass-vickland-damen-t-shirt-29\\\/#primaryimage\"},\"thumbnailUrl\":\"https:\\\/\\\/schweizversand.ch\\\/wp-content\\\/uploads\\\/2026\\\/02\\\/5471696480.jpg\",\"datePublished\":\"2026-03-14T23:56:00+00:00\",\"dateModified\":\"2026-05-01T13:34:07+00:00\",\"description\":\"VICKLAND T-Shirt Outdoor Herren Entdecken Sie das VICKLAND T-Shirt Outdoor , Ihr idealer Begleiter f\u00fcr anspruchsvolle sportliche Bet\u00e4tigungen und Wanderungen. D\",\"breadcrumb\":{\"@id\":\"https:\\\/\\\/schweizversand.ch\\\/fr\\\/produkt\\\/trespass-vickland-damen-t-shirt-29\\\/#breadcrumb\"},\"inLanguage\":\"fr-FR\",\"potentialAction\":[{\"@type\":\"ReadAction\",\"target\":[\"https:\\\/\\\/schweizversand.ch\\\/fr\\\/produkt\\\/trespass-vickland-damen-t-shirt-29\\\/\"]}]},{\"@type\":\"ImageObject\",\"inLanguage\":\"fr-FR\",\"@id\":\"https:\\\/\\\/schweizversand.ch\\\/fr\\\/produkt\\\/trespass-vickland-damen-t-shirt-29\\\/#primaryimage\",\"url\":\"https:\\\/\\\/schweizversand.ch\\\/wp-content\\\/uploads\\\/2026\\\/02\\\/5471696480.jpg\",\"contentUrl\":\"https:\\\/\\\/schweizversand.ch\\\/wp-content\\\/uploads\\\/2026\\\/02\\\/5471696480.jpg\",\"width\":1024,\"height\":1024},{\"@type\":\"BreadcrumbList\",\"@id\":\"https:\\\/\\\/schweizversand.ch\\\/fr\\\/produkt\\\/trespass-vickland-damen-t-shirt-29\\\/#breadcrumb\",\"itemListElement\":[{\"@type\":\"ListItem\",\"position\":1,\"name\":\"Startseite\",\"item\":\"https:\\\/\\\/schweizversand.ch\\\/fr\\\/home\\\/\"},{\"@type\":\"ListItem\",\"position\":2,\"name\":\"Boutique\",\"item\":\"https:\\\/\\\/schweizversand.ch\\\/fr\\\/boutique\\\/\"},{\"@type\":\"ListItem\",\"position\":3,\"name\":\"Sports\",\"item\":\"https:\\\/\\\/schweizversand.ch\\\/fr\\\/produkt-kategorie\\\/sports\\\/\"},{\"@type\":\"ListItem\",\"position\":4,\"name\":\"Fitness\",\"item\":\"https:\\\/\\\/schweizversand.ch\\\/fr\\\/produkt-kategorie\\\/sports\\\/fitness\\\/\"},{\"@type\":\"ListItem\",\"position\":5,\"name\":\"Textiles de fitness\",\"item\":\"https:\\\/\\\/schweizversand.ch\\\/fr\\\/produkt-kategorie\\\/sports\\\/fitness\\\/fitness-textilien\\\/\"},{\"@type\":\"ListItem\",\"position\":6,\"name\":\"T-shirt femme Trespass VICKLAND\"}]},{\"@type\":\"WebSite\",\"@id\":\"https:\\\/\\\/schweizversand.ch\\\/fr\\\/#website\",\"url\":\"https:\\\/\\\/schweizversand.ch\\\/fr\\\/\",\"name\":\"Schweizer Shop f\u00fcr Sport, Spiel und Freizeit\",\"description\":\"Gratisversand ab 50.- (netto), ab eigenem schweizer Lager, Lieferung innert 48h\",\"publisher\":{\"@id\":\"https:\\\/\\\/schweizversand.ch\\\/fr\\\/#organization\"},\"alternateName\":\"Schweizversand.ch\",\"potentialAction\":[{\"@type\":\"SearchAction\",\"target\":{\"@type\":\"EntryPoint\",\"urlTemplate\":\"https:\\\/\\\/schweizversand.ch\\\/fr\\\/?s={search_term_string}\"},\"query-input\":{\"@type\":\"PropertyValueSpecification\",\"valueRequired\":true,\"valueName\":\"search_term_string\"}}],\"inLanguage\":\"fr-FR\"},{\"@type\":\"Organization\",\"@id\":\"https:\\\/\\\/schweizversand.ch\\\/fr\\\/#organization\",\"name\":\"Schweizversand.ch\",\"url\":\"https:\\\/\\\/schweizversand.ch\\\/fr\\\/\",\"logo\":{\"@type\":\"ImageObject\",\"inLanguage\":\"fr-FR\",\"@id\":\"https:\\\/\\\/schweizversand.ch\\\/fr\\\/#\\\/schema\\\/logo\\\/image\\\/\",\"url\":\"https:\\\/\\\/schweizversand.ch\\\/wp-content\\\/uploads\\\/2026\\\/03\\\/Logo_Rund_Final-1.png\",\"contentUrl\":\"https:\\\/\\\/schweizversand.ch\\\/wp-content\\\/uploads\\\/2026\\\/03\\\/Logo_Rund_Final-1.png\",\"width\":404,\"height\":404,\"caption\":\"Schweizversand.ch\"},\"image\":{\"@id\":\"https:\\\/\\\/schweizversand.ch\\\/fr\\\/#\\\/schema\\\/logo\\\/image\\\/\"},\"sameAs\":[\"https:\\\/\\\/www.facebook.com\\\/Schweizversand\",\"https:\\\/\\\/www.instagram.com\\\/schweizversand.ch\\\/\"]}]}<\/script>\n<!-- \/ Yoast SEO plugin. -->","yoast_head_json":{"title":"Trespass VICKLAND Damen-T-Shirt","description":"VICKLAND T-Shirt Outdoor Herren Entdecken Sie das VICKLAND T-Shirt Outdoor , Ihr idealer Begleiter f\u00fcr anspruchsvolle sportliche Bet\u00e4tigungen und Wanderungen. D","robots":{"index":"index","follow":"follow","max-snippet":"max-snippet:-1","max-image-preview":"max-image-preview:large","max-video-preview":"max-video-preview:-1"},"canonical":"https:\/\/schweizversand.ch\/fr\/produkt\/trespass-vickland-damen-t-shirt-29\/","og_locale":"fr_FR","og_type":"article","og_title":"Trespass VICKLAND Damen-T-Shirt","og_description":"VICKLAND T-Shirt Outdoor Herren Entdecken Sie das VICKLAND T-Shirt Outdoor , Ihr idealer Begleiter f\u00fcr anspruchsvolle sportliche Bet\u00e4tigungen und Wanderungen. D","og_url":"https:\/\/schweizversand.ch\/fr\/produkt\/trespass-vickland-damen-t-shirt-29\/","og_site_name":"Schweizer Shop f\u00fcr Sport, Spiel und Freizeit","article_publisher":"https:\/\/www.facebook.com\/Schweizversand","article_modified_time":"2026-05-01T13:34:07+00:00","og_image":[{"width":1024,"height":1024,"url":"https:\/\/schweizversand.ch\/wp-content\/uploads\/2026\/02\/5471696480.jpg","type":"image\/jpeg"}],"twitter_card":"summary_large_image","twitter_misc":{"Dur\u00e9e de lecture estim\u00e9e":"1 minute"},"schema":{"@context":"https:\/\/schema.org","@graph":[{"@type":"WebPage","@id":"https:\/\/schweizversand.ch\/fr\/produkt\/trespass-vickland-damen-t-shirt-29\/","url":"https:\/\/schweizversand.ch\/fr\/produkt\/trespass-vickland-damen-t-shirt-29\/","name":"Trespass VICKLAND Damen-T-Shirt","isPartOf":{"@id":"https:\/\/schweizversand.ch\/fr\/#website"},"primaryImageOfPage":{"@id":"https:\/\/schweizversand.ch\/fr\/produkt\/trespass-vickland-damen-t-shirt-29\/#primaryimage"},"image":{"@id":"https:\/\/schweizversand.ch\/fr\/produkt\/trespass-vickland-damen-t-shirt-29\/#primaryimage"},"thumbnailUrl":"https:\/\/schweizversand.ch\/wp-content\/uploads\/2026\/02\/5471696480.jpg","datePublished":"2026-03-14T23:56:00+00:00","dateModified":"2026-05-01T13:34:07+00:00","description":"VICKLAND T-Shirt Outdoor Herren Entdecken Sie das VICKLAND T-Shirt Outdoor , Ihr idealer Begleiter f\u00fcr anspruchsvolle sportliche Bet\u00e4tigungen und Wanderungen. D","breadcrumb":{"@id":"https:\/\/schweizversand.ch\/fr\/produkt\/trespass-vickland-damen-t-shirt-29\/#breadcrumb"},"inLanguage":"fr-FR","potentialAction":[{"@type":"ReadAction","target":["https:\/\/schweizversand.ch\/fr\/produkt\/trespass-vickland-damen-t-shirt-29\/"]}]},{"@type":"ImageObject","inLanguage":"fr-FR","@id":"https:\/\/schweizversand.ch\/fr\/produkt\/trespass-vickland-damen-t-shirt-29\/#primaryimage","url":"https:\/\/schweizversand.ch\/wp-content\/uploads\/2026\/02\/5471696480.jpg","contentUrl":"https:\/\/schweizversand.ch\/wp-content\/uploads\/2026\/02\/5471696480.jpg","width":1024,"height":1024},{"@type":"BreadcrumbList","@id":"https:\/\/schweizversand.ch\/fr\/produkt\/trespass-vickland-damen-t-shirt-29\/#breadcrumb","itemListElement":[{"@type":"ListItem","position":1,"name":"Startseite","item":"https:\/\/schweizversand.ch\/fr\/home\/"},{"@type":"ListItem","position":2,"name":"Boutique","item":"https:\/\/schweizversand.ch\/fr\/boutique\/"},{"@type":"ListItem","position":3,"name":"Sports","item":"https:\/\/schweizversand.ch\/fr\/produkt-kategorie\/sports\/"},{"@type":"ListItem","position":4,"name":"Fitness","item":"https:\/\/schweizversand.ch\/fr\/produkt-kategorie\/sports\/fitness\/"},{"@type":"ListItem","position":5,"name":"Textiles de fitness","item":"https:\/\/schweizversand.ch\/fr\/produkt-kategorie\/sports\/fitness\/fitness-textilien\/"},{"@type":"ListItem","position":6,"name":"T-shirt femme Trespass VICKLAND"}]},{"@type":"WebSite","@id":"https:\/\/schweizversand.ch\/fr\/#website","url":"https:\/\/schweizversand.ch\/fr\/","name":"Schweizer Shop f\u00fcr Sport, Spiel und Freizeit","description":"Gratisversand ab 50.- (netto), ab eigenem schweizer Lager, Lieferung innert 48h","publisher":{"@id":"https:\/\/schweizversand.ch\/fr\/#organization"},"alternateName":"Schweizversand.ch","potentialAction":[{"@type":"SearchAction","target":{"@type":"EntryPoint","urlTemplate":"https:\/\/schweizversand.ch\/fr\/?s={search_term_string}"},"query-input":{"@type":"PropertyValueSpecification","valueRequired":true,"valueName":"search_term_string"}}],"inLanguage":"fr-FR"},{"@type":"Organization","@id":"https:\/\/schweizversand.ch\/fr\/#organization","name":"Schweizversand.ch","url":"https:\/\/schweizversand.ch\/fr\/","logo":{"@type":"ImageObject","inLanguage":"fr-FR","@id":"https:\/\/schweizversand.ch\/fr\/#\/schema\/logo\/image\/","url":"https:\/\/schweizversand.ch\/wp-content\/uploads\/2026\/03\/Logo_Rund_Final-1.png","contentUrl":"https:\/\/schweizversand.ch\/wp-content\/uploads\/2026\/03\/Logo_Rund_Final-1.png","width":404,"height":404,"caption":"Schweizversand.ch"},"image":{"@id":"https:\/\/schweizversand.ch\/fr\/#\/schema\/logo\/image\/"},"sameAs":["https:\/\/www.facebook.com\/Schweizversand","https:\/\/www.instagram.com\/schweizversand.ch\/"]}]}},"jetpack_sharing_enabled":true,"_links":{"self":[{"href":"https:\/\/schweizversand.ch\/fr\/wp-json\/wp\/v2\/product\/260016","targetHints":{"allow":["GET"]}}],"collection":[{"href":"https:\/\/schweizversand.ch\/fr\/wp-json\/wp\/v2\/product"}],"about":[{"href":"https:\/\/schweizversand.ch\/fr\/wp-json\/wp\/v2\/types\/product"}],"replies":[{"embeddable":true,"href":"https:\/\/schweizversand.ch\/fr\/wp-json\/wp\/v2\/comments?post=260016"}],"wp:featuredmedia":[{"embeddable":true,"href":"https:\/\/schweizversand.ch\/fr\/wp-json\/wp\/v2\/media\/151540"}],"wp:attachment":[{"href":"https:\/\/schweizversand.ch\/fr\/wp-json\/wp\/v2\/media?parent=260016"}],"wp:term":[{"taxonomy":"product_brand","embeddable":true,"href":"https:\/\/schweizversand.ch\/fr\/wp-json\/wp\/v2\/product_brand?post=260016"},{"taxonomy":"product_cat","embeddable":true,"href":"https:\/\/schweizversand.ch\/fr\/wp-json\/wp\/v2\/product_cat?post=260016"},{"taxonomy":"product_tag","embeddable":true,"href":"https:\/\/schweizversand.ch\/fr\/wp-json\/wp\/v2\/product_tag?post=260016"}],"curies":[{"name":"wp","href":"https:\/\/api.w.org\/{rel}","templated":true}]}}