{"id":260042,"date":"2026-03-15T00:56:04","date_gmt":"2026-03-14T23:56:04","guid":{"rendered":"https:\/\/schweizversand.ch\/produkt\/trespass-shamshoo-damen-fleece-at200\/"},"modified":"2026-04-19T02:04:59","modified_gmt":"2026-04-19T00:04:59","slug":"trespass-shamshoo-damen-fleece-at200","status":"publish","type":"product","link":"https:\/\/schweizversand.ch\/fr\/produkt\/trespass-shamshoo-damen-fleece-at200\/","title":{"rendered":"Trespass SHAMSHOO &#8211; Polaire femme AT200"},"content":{"rendered":"<p>Con\u00e7u pour le confort, la fonctionnalit\u00e9 et l&rsquo;isolation thermique, ce sweat \u00e0 capuche est id\u00e9al pour diverses activit\u00e9s de plein air ou de loisirs.<\/p>\n<p>\u2022 Polaire chin\u00e9e : un aspect chin\u00e9 et marbr\u00e9 obtenu gr\u00e2ce \u00e0 l&rsquo;utilisation de fils ou de fibres de diff\u00e9rentes couleurs. La polaire chin\u00e9e offre une texture et un aspect attrayants.<\/p>\n<p>\u2022 Fermeture \u00e9clair demi-longueur<\/p>\n<p>\u2022 Cordons de serrage : pour ajuster la capuche.<\/p>\n<p>\u2022 Poche avant : une poche sur le devant pour ranger de petits objets.<\/p>\n<p>\u2022 Fentes lat\u00e9rales \u00e0 l&rsquo;ourlet : les fentes lat\u00e9rales \u00e0 l&rsquo;ourlet offrent une grande libert\u00e9 de mouvement.<\/p>\n<p>\u2022 100 % polyester Airtap, 230 g\/m\u00b2 : ce v\u00eatement est compos\u00e9 \u00e0 100 % de polyester et utilise la technologie Airtap pour emprisonner l&rsquo;air et assurer une isolation optimale. \u00ab 230 g\/m\u00b2 \u00bb indique la densit\u00e9 du tissu, ce qui signifie qu&rsquo;il s&rsquo;agit d&rsquo;un mat\u00e9riau de poids moyen offrant \u00e0 la fois chaleur et respirabilit\u00e9.<\/p>\n","protected":false},"excerpt":{"rendered":"<p>Trespass SHAMSHOO \u2013 Damen Fleece mit meliertem Look, w\u00e4rmendem Airtap-Material, verstellbarer Kapuze und praktischer Fronttasche f\u00fcr Komfort und Flexibilit\u00e4t im Outdoor-Einsatz.<\/p>\n","protected":false},"featured_media":161769,"comment_status":"open","ping_status":"closed","template":"","meta":[],"product_brand":[],"product_cat":[38148],"product_tag":[],"class_list":{"0":"post-260042","1":"product","2":"type-product","3":"status-publish","4":"has-post-thumbnail","6":"product_cat-damenbekleidung","7":"product_shipping_class-global_methods","9":"first","10":"instock","11":"taxable","12":"shipping-taxable","13":"purchasable","14":"product-type-simple"},"yoast_head":"<!-- This site is optimized with the Yoast SEO plugin v27.4 - https:\/\/yoast.com\/product\/yoast-seo-wordpress\/ -->\n<title>Trespass SHAMSHOO - Damen Fleece AT200<\/title>\n<meta name=\"description\" content=\"Mit dem Fokus auf Komfort, Funktionalit\u00e4t und W\u00e4rmeisolierung, ist dieser Hoody f\u00fcr verschiedene Outdoor- oder Freizeitaktivit\u00e4ten geeignet.\u00a0 \u2022 Gestrickter Mer\" \/>\n<meta name=\"robots\" content=\"index, follow, max-snippet:-1, max-image-preview:large, max-video-preview:-1\" \/>\n<link rel=\"canonical\" href=\"https:\/\/schweizversand.ch\/fr\/produkt\/trespass-shamshoo-damen-fleece-at200\/\" \/>\n<meta property=\"og:locale\" content=\"fr_FR\" \/>\n<meta property=\"og:type\" content=\"article\" \/>\n<meta property=\"og:title\" content=\"Trespass SHAMSHOO - Damen Fleece AT200\" \/>\n<meta property=\"og:description\" content=\"Mit dem Fokus auf Komfort, Funktionalit\u00e4t und W\u00e4rmeisolierung, ist dieser Hoody f\u00fcr verschiedene Outdoor- oder Freizeitaktivit\u00e4ten geeignet.\u00a0 \u2022 Gestrickter Mer\" \/>\n<meta property=\"og:url\" content=\"https:\/\/schweizversand.ch\/fr\/produkt\/trespass-shamshoo-damen-fleece-at200\/\" \/>\n<meta property=\"og:site_name\" content=\"Schweizer Shop f\u00fcr Sport, Spiel und Freizeit\" \/>\n<meta property=\"article:publisher\" content=\"https:\/\/www.facebook.com\/Schweizversand\" \/>\n<meta property=\"article:modified_time\" content=\"2026-04-19T00:04:59+00:00\" \/>\n<meta property=\"og:image\" content=\"https:\/\/schweizversand.ch\/wp-content\/uploads\/2026\/02\/5471717787.jpg\" \/>\n\t<meta property=\"og:image:width\" content=\"654\" \/>\n\t<meta property=\"og:image:height\" content=\"1024\" \/>\n\t<meta property=\"og:image:type\" content=\"image\/jpeg\" \/>\n<meta name=\"twitter:card\" content=\"summary_large_image\" \/>\n<meta name=\"twitter:label1\" content=\"Dur\u00e9e de lecture estim\u00e9e\" \/>\n\t<meta name=\"twitter:data1\" content=\"1 minute\" \/>\n<script type=\"application\/ld+json\" class=\"yoast-schema-graph\">{\"@context\":\"https:\\\/\\\/schema.org\",\"@graph\":[{\"@type\":\"WebPage\",\"@id\":\"https:\\\/\\\/schweizversand.ch\\\/fr\\\/produkt\\\/trespass-shamshoo-damen-fleece-at200\\\/\",\"url\":\"https:\\\/\\\/schweizversand.ch\\\/fr\\\/produkt\\\/trespass-shamshoo-damen-fleece-at200\\\/\",\"name\":\"Trespass SHAMSHOO - Damen Fleece AT200\",\"isPartOf\":{\"@id\":\"https:\\\/\\\/schweizversand.ch\\\/fr\\\/#website\"},\"primaryImageOfPage\":{\"@id\":\"https:\\\/\\\/schweizversand.ch\\\/fr\\\/produkt\\\/trespass-shamshoo-damen-fleece-at200\\\/#primaryimage\"},\"image\":{\"@id\":\"https:\\\/\\\/schweizversand.ch\\\/fr\\\/produkt\\\/trespass-shamshoo-damen-fleece-at200\\\/#primaryimage\"},\"thumbnailUrl\":\"https:\\\/\\\/schweizversand.ch\\\/wp-content\\\/uploads\\\/2026\\\/02\\\/5471717787.jpg\",\"datePublished\":\"2026-03-14T23:56:04+00:00\",\"dateModified\":\"2026-04-19T00:04:59+00:00\",\"description\":\"Mit dem Fokus auf Komfort, Funktionalit\u00e4t und W\u00e4rmeisolierung, ist dieser Hoody f\u00fcr verschiedene Outdoor- oder Freizeitaktivit\u00e4ten geeignet.\u00a0 \u2022 Gestrickter Mer\",\"breadcrumb\":{\"@id\":\"https:\\\/\\\/schweizversand.ch\\\/fr\\\/produkt\\\/trespass-shamshoo-damen-fleece-at200\\\/#breadcrumb\"},\"inLanguage\":\"fr-FR\",\"potentialAction\":[{\"@type\":\"ReadAction\",\"target\":[\"https:\\\/\\\/schweizversand.ch\\\/fr\\\/produkt\\\/trespass-shamshoo-damen-fleece-at200\\\/\"]}]},{\"@type\":\"ImageObject\",\"inLanguage\":\"fr-FR\",\"@id\":\"https:\\\/\\\/schweizversand.ch\\\/fr\\\/produkt\\\/trespass-shamshoo-damen-fleece-at200\\\/#primaryimage\",\"url\":\"https:\\\/\\\/schweizversand.ch\\\/wp-content\\\/uploads\\\/2026\\\/02\\\/5471717787.jpg\",\"contentUrl\":\"https:\\\/\\\/schweizversand.ch\\\/wp-content\\\/uploads\\\/2026\\\/02\\\/5471717787.jpg\",\"width\":654,\"height\":1024},{\"@type\":\"BreadcrumbList\",\"@id\":\"https:\\\/\\\/schweizversand.ch\\\/fr\\\/produkt\\\/trespass-shamshoo-damen-fleece-at200\\\/#breadcrumb\",\"itemListElement\":[{\"@type\":\"ListItem\",\"position\":1,\"name\":\"Startseite\",\"item\":\"https:\\\/\\\/schweizversand.ch\\\/fr\\\/home\\\/\"},{\"@type\":\"ListItem\",\"position\":2,\"name\":\"Boutique\",\"item\":\"https:\\\/\\\/schweizversand.ch\\\/fr\\\/boutique\\\/\"},{\"@type\":\"ListItem\",\"position\":3,\"name\":\"Mode\",\"item\":\"https:\\\/\\\/schweizversand.ch\\\/fr\\\/produkt-kategorie\\\/mode-fr\\\/\"},{\"@type\":\"ListItem\",\"position\":4,\"name\":\"Mode f\u00e9minine\",\"item\":\"https:\\\/\\\/schweizversand.ch\\\/fr\\\/produkt-kategorie\\\/mode-fr\\\/mode-feminine\\\/\"},{\"@type\":\"ListItem\",\"position\":5,\"name\":\"V\u00eatements pour femmes\",\"item\":\"https:\\\/\\\/schweizversand.ch\\\/fr\\\/produkt-kategorie\\\/mode-fr\\\/mode-feminine\\\/damenbekleidung\\\/\"},{\"@type\":\"ListItem\",\"position\":6,\"name\":\"Trespass SHAMSHOO &#8211; Polaire femme AT200\"}]},{\"@type\":\"WebSite\",\"@id\":\"https:\\\/\\\/schweizversand.ch\\\/fr\\\/#website\",\"url\":\"https:\\\/\\\/schweizversand.ch\\\/fr\\\/\",\"name\":\"Schweizer Shop f\u00fcr Sport, Spiel und Freizeit\",\"description\":\"Gratisversand ab 50.- (netto), ab eigenem schweizer Lager, Lieferung innert 48h\",\"publisher\":{\"@id\":\"https:\\\/\\\/schweizversand.ch\\\/fr\\\/#organization\"},\"alternateName\":\"Schweizversand.ch\",\"potentialAction\":[{\"@type\":\"SearchAction\",\"target\":{\"@type\":\"EntryPoint\",\"urlTemplate\":\"https:\\\/\\\/schweizversand.ch\\\/fr\\\/?s={search_term_string}\"},\"query-input\":{\"@type\":\"PropertyValueSpecification\",\"valueRequired\":true,\"valueName\":\"search_term_string\"}}],\"inLanguage\":\"fr-FR\"},{\"@type\":\"Organization\",\"@id\":\"https:\\\/\\\/schweizversand.ch\\\/fr\\\/#organization\",\"name\":\"Schweizversand.ch\",\"url\":\"https:\\\/\\\/schweizversand.ch\\\/fr\\\/\",\"logo\":{\"@type\":\"ImageObject\",\"inLanguage\":\"fr-FR\",\"@id\":\"https:\\\/\\\/schweizversand.ch\\\/fr\\\/#\\\/schema\\\/logo\\\/image\\\/\",\"url\":\"https:\\\/\\\/schweizversand.ch\\\/wp-content\\\/uploads\\\/2026\\\/03\\\/Logo_Rund_Final-1.png\",\"contentUrl\":\"https:\\\/\\\/schweizversand.ch\\\/wp-content\\\/uploads\\\/2026\\\/03\\\/Logo_Rund_Final-1.png\",\"width\":404,\"height\":404,\"caption\":\"Schweizversand.ch\"},\"image\":{\"@id\":\"https:\\\/\\\/schweizversand.ch\\\/fr\\\/#\\\/schema\\\/logo\\\/image\\\/\"},\"sameAs\":[\"https:\\\/\\\/www.facebook.com\\\/Schweizversand\",\"https:\\\/\\\/www.instagram.com\\\/schweizversand.ch\\\/\"]}]}<\/script>\n<!-- \/ Yoast SEO plugin. -->","yoast_head_json":{"title":"Trespass SHAMSHOO - Damen Fleece AT200","description":"Mit dem Fokus auf Komfort, Funktionalit\u00e4t und W\u00e4rmeisolierung, ist dieser Hoody f\u00fcr verschiedene Outdoor- oder Freizeitaktivit\u00e4ten geeignet.\u00a0 \u2022 Gestrickter Mer","robots":{"index":"index","follow":"follow","max-snippet":"max-snippet:-1","max-image-preview":"max-image-preview:large","max-video-preview":"max-video-preview:-1"},"canonical":"https:\/\/schweizversand.ch\/fr\/produkt\/trespass-shamshoo-damen-fleece-at200\/","og_locale":"fr_FR","og_type":"article","og_title":"Trespass SHAMSHOO - Damen Fleece AT200","og_description":"Mit dem Fokus auf Komfort, Funktionalit\u00e4t und W\u00e4rmeisolierung, ist dieser Hoody f\u00fcr verschiedene Outdoor- oder Freizeitaktivit\u00e4ten geeignet.\u00a0 \u2022 Gestrickter Mer","og_url":"https:\/\/schweizversand.ch\/fr\/produkt\/trespass-shamshoo-damen-fleece-at200\/","og_site_name":"Schweizer Shop f\u00fcr Sport, Spiel und Freizeit","article_publisher":"https:\/\/www.facebook.com\/Schweizversand","article_modified_time":"2026-04-19T00:04:59+00:00","og_image":[{"width":654,"height":1024,"url":"https:\/\/schweizversand.ch\/wp-content\/uploads\/2026\/02\/5471717787.jpg","type":"image\/jpeg"}],"twitter_card":"summary_large_image","twitter_misc":{"Dur\u00e9e de lecture estim\u00e9e":"1 minute"},"schema":{"@context":"https:\/\/schema.org","@graph":[{"@type":"WebPage","@id":"https:\/\/schweizversand.ch\/fr\/produkt\/trespass-shamshoo-damen-fleece-at200\/","url":"https:\/\/schweizversand.ch\/fr\/produkt\/trespass-shamshoo-damen-fleece-at200\/","name":"Trespass SHAMSHOO - Damen Fleece AT200","isPartOf":{"@id":"https:\/\/schweizversand.ch\/fr\/#website"},"primaryImageOfPage":{"@id":"https:\/\/schweizversand.ch\/fr\/produkt\/trespass-shamshoo-damen-fleece-at200\/#primaryimage"},"image":{"@id":"https:\/\/schweizversand.ch\/fr\/produkt\/trespass-shamshoo-damen-fleece-at200\/#primaryimage"},"thumbnailUrl":"https:\/\/schweizversand.ch\/wp-content\/uploads\/2026\/02\/5471717787.jpg","datePublished":"2026-03-14T23:56:04+00:00","dateModified":"2026-04-19T00:04:59+00:00","description":"Mit dem Fokus auf Komfort, Funktionalit\u00e4t und W\u00e4rmeisolierung, ist dieser Hoody f\u00fcr verschiedene Outdoor- oder Freizeitaktivit\u00e4ten geeignet.\u00a0 \u2022 Gestrickter Mer","breadcrumb":{"@id":"https:\/\/schweizversand.ch\/fr\/produkt\/trespass-shamshoo-damen-fleece-at200\/#breadcrumb"},"inLanguage":"fr-FR","potentialAction":[{"@type":"ReadAction","target":["https:\/\/schweizversand.ch\/fr\/produkt\/trespass-shamshoo-damen-fleece-at200\/"]}]},{"@type":"ImageObject","inLanguage":"fr-FR","@id":"https:\/\/schweizversand.ch\/fr\/produkt\/trespass-shamshoo-damen-fleece-at200\/#primaryimage","url":"https:\/\/schweizversand.ch\/wp-content\/uploads\/2026\/02\/5471717787.jpg","contentUrl":"https:\/\/schweizversand.ch\/wp-content\/uploads\/2026\/02\/5471717787.jpg","width":654,"height":1024},{"@type":"BreadcrumbList","@id":"https:\/\/schweizversand.ch\/fr\/produkt\/trespass-shamshoo-damen-fleece-at200\/#breadcrumb","itemListElement":[{"@type":"ListItem","position":1,"name":"Startseite","item":"https:\/\/schweizversand.ch\/fr\/home\/"},{"@type":"ListItem","position":2,"name":"Boutique","item":"https:\/\/schweizversand.ch\/fr\/boutique\/"},{"@type":"ListItem","position":3,"name":"Mode","item":"https:\/\/schweizversand.ch\/fr\/produkt-kategorie\/mode-fr\/"},{"@type":"ListItem","position":4,"name":"Mode f\u00e9minine","item":"https:\/\/schweizversand.ch\/fr\/produkt-kategorie\/mode-fr\/mode-feminine\/"},{"@type":"ListItem","position":5,"name":"V\u00eatements pour femmes","item":"https:\/\/schweizversand.ch\/fr\/produkt-kategorie\/mode-fr\/mode-feminine\/damenbekleidung\/"},{"@type":"ListItem","position":6,"name":"Trespass SHAMSHOO &#8211; Polaire femme AT200"}]},{"@type":"WebSite","@id":"https:\/\/schweizversand.ch\/fr\/#website","url":"https:\/\/schweizversand.ch\/fr\/","name":"Schweizer Shop f\u00fcr Sport, Spiel und Freizeit","description":"Gratisversand ab 50.- (netto), ab eigenem schweizer Lager, Lieferung innert 48h","publisher":{"@id":"https:\/\/schweizversand.ch\/fr\/#organization"},"alternateName":"Schweizversand.ch","potentialAction":[{"@type":"SearchAction","target":{"@type":"EntryPoint","urlTemplate":"https:\/\/schweizversand.ch\/fr\/?s={search_term_string}"},"query-input":{"@type":"PropertyValueSpecification","valueRequired":true,"valueName":"search_term_string"}}],"inLanguage":"fr-FR"},{"@type":"Organization","@id":"https:\/\/schweizversand.ch\/fr\/#organization","name":"Schweizversand.ch","url":"https:\/\/schweizversand.ch\/fr\/","logo":{"@type":"ImageObject","inLanguage":"fr-FR","@id":"https:\/\/schweizversand.ch\/fr\/#\/schema\/logo\/image\/","url":"https:\/\/schweizversand.ch\/wp-content\/uploads\/2026\/03\/Logo_Rund_Final-1.png","contentUrl":"https:\/\/schweizversand.ch\/wp-content\/uploads\/2026\/03\/Logo_Rund_Final-1.png","width":404,"height":404,"caption":"Schweizversand.ch"},"image":{"@id":"https:\/\/schweizversand.ch\/fr\/#\/schema\/logo\/image\/"},"sameAs":["https:\/\/www.facebook.com\/Schweizversand","https:\/\/www.instagram.com\/schweizversand.ch\/"]}]}},"jetpack_sharing_enabled":true,"_links":{"self":[{"href":"https:\/\/schweizversand.ch\/fr\/wp-json\/wp\/v2\/product\/260042","targetHints":{"allow":["GET"]}}],"collection":[{"href":"https:\/\/schweizversand.ch\/fr\/wp-json\/wp\/v2\/product"}],"about":[{"href":"https:\/\/schweizversand.ch\/fr\/wp-json\/wp\/v2\/types\/product"}],"replies":[{"embeddable":true,"href":"https:\/\/schweizversand.ch\/fr\/wp-json\/wp\/v2\/comments?post=260042"}],"wp:featuredmedia":[{"embeddable":true,"href":"https:\/\/schweizversand.ch\/fr\/wp-json\/wp\/v2\/media\/161769"}],"wp:attachment":[{"href":"https:\/\/schweizversand.ch\/fr\/wp-json\/wp\/v2\/media?parent=260042"}],"wp:term":[{"taxonomy":"product_brand","embeddable":true,"href":"https:\/\/schweizversand.ch\/fr\/wp-json\/wp\/v2\/product_brand?post=260042"},{"taxonomy":"product_cat","embeddable":true,"href":"https:\/\/schweizversand.ch\/fr\/wp-json\/wp\/v2\/product_cat?post=260042"},{"taxonomy":"product_tag","embeddable":true,"href":"https:\/\/schweizversand.ch\/fr\/wp-json\/wp\/v2\/product_tag?post=260042"}],"curies":[{"name":"wp","href":"https:\/\/api.w.org\/{rel}","templated":true}]}}