{"id":260055,"date":"2026-03-20T02:00:57","date_gmt":"2026-03-20T01:00:57","guid":{"rendered":"https:\/\/schweizversand.ch\/produkt\/trespass-qikpac-damen-regenhose-2\/"},"modified":"2026-04-12T02:07:05","modified_gmt":"2026-04-12T00:07:05","slug":"trespass-qikpac-damen-regenhose-2","status":"publish","type":"product","link":"https:\/\/schweizversand.ch\/fr\/produkt\/trespass-qikpac-damen-regenhose-2\/","title":{"rendered":"Pantalon de pluie pour femmes Trespass QIKPAC"},"content":{"rendered":"<p>Le pantalon Qikpac pour femme est un pantalon pratique et compact, id\u00e9al pour la randonn\u00e9e par tous les temps. Voici ses principales caract\u00e9ristiques\u00a0:<\/p>\n<\/p>\n<p>Description\u00a0:<\/p>\n<\/p>\n<p>\u2022 3 poches pour les mains (sans poches trop larges)<\/p>\n<\/p>\n<p>\u2022 Taille enti\u00e8rement \u00e9lastiqu\u00e9e<\/p>\n<\/p>\n<p>\u2022 Ourlet ajustable par bouton<\/p>\n<\/p>\n<p>Caract\u00e9ristiques principales\u00a0:<\/p>\n<\/p>\n<p>\u2022 Imperm\u00e9abilit\u00e9 5000\u00a0mm\u00a0: Ce pantalon offre une imperm\u00e9abilit\u00e9 \u00e9lev\u00e9e (5000\u00a0mm), ce qui le rend id\u00e9al par temps humide.<\/p>\n<\/p>\n<p>\u2022 Polyvalence\u00a0: Le pantalon Qikpac convient \u00e0 la randonn\u00e9e par tous les temps.<\/p>\n<\/p>\n<p>Autres caract\u00e9ristiques\u00a0:<\/p>\n<\/p>\n<p>\u2022 Mati\u00e8re\u00a0: Ce pantalon est fabriqu\u00e9 en polyamide 100\u00a0% avec un rev\u00eatement PU pour une protection accrue contre l\u2019humidit\u00e9.<\/p>\n<\/p>\n<p>\u2022 Respirant et coupe-vent\u00a0: Ce pantalon est respirant (indice de respirabilit\u00e9 de 5000\u00a0mvp) et coupe-vent pour un confort optimal quelles que soient les conditions.<\/p>\n<\/p>\n<p>\u2022 Coutures soud\u00e9es\u00a0: Les coutures de ce pantalon sont soud\u00e9es pour une imperm\u00e9abilit\u00e9 renforc\u00e9e.<\/p>\n<\/p>\n<p>\u2022 Entretien\u00a0: Lavage \u00e0 l\u2019eau froide (30\u00a0\u00b0C). Ne pas utiliser d&rsquo;eau de Javel, ne pas s\u00e9cher en machine, ne pas repasser, ne pas nettoyer \u00e0 sec.<\/p>\n<\/p>\n<p>Le pantalon \u00ab\u00a0Qikpac\u00a0\u00bb est donc un pantalon fonctionnel et imperm\u00e9able, id\u00e9al pour les activit\u00e9s de plein air et facile d&rsquo;entretien.<\/p>\n","protected":false},"excerpt":{"rendered":"<p>Trespass QIKPAC Damen Regenhose sch\u00fctzt mit 5000mm Wassers\u00e4ule, ist atmungsaktiv, winddicht und praktisch verstaubar \u2013 ideal f\u00fcr wechselhaftes Wetter auf Wanderungen.<\/p>\n","protected":false},"featured_media":258220,"comment_status":"open","ping_status":"closed","template":"","meta":[],"product_brand":[],"product_cat":[38521],"product_tag":[],"class_list":{"0":"post-260055","1":"product","2":"type-product","3":"status-publish","4":"has-post-thumbnail","6":"product_cat-outdoorbekleidung","7":"product_shipping_class-global_methods","9":"first","10":"instock","11":"taxable","12":"shipping-taxable","13":"purchasable","14":"product-type-simple"},"yoast_head":"<!-- This site is optimized with the Yoast SEO plugin v27.3 - https:\/\/yoast.com\/product\/yoast-seo-wordpress\/ -->\n<title>Trespass QIKPAC Damen Regenhose<\/title>\n<meta name=\"description\" content=\"Die &quot;Qikpac Pant&quot; f\u00fcr Frauen ist eine praktische Packaway-Hose, die sich hervorragend f\u00fcr Wanderungen bei unterschiedlichem Wetter eignet. Hier sind die wichtig\" \/>\n<meta name=\"robots\" content=\"index, follow, max-snippet:-1, max-image-preview:large, max-video-preview:-1\" \/>\n<link rel=\"canonical\" href=\"https:\/\/schweizversand.ch\/fr\/produkt\/trespass-qikpac-damen-regenhose-2\/\" \/>\n<meta property=\"og:locale\" content=\"fr_FR\" \/>\n<meta property=\"og:type\" content=\"article\" \/>\n<meta property=\"og:title\" content=\"Trespass QIKPAC Damen Regenhose\" \/>\n<meta property=\"og:description\" content=\"Die &quot;Qikpac Pant&quot; f\u00fcr Frauen ist eine praktische Packaway-Hose, die sich hervorragend f\u00fcr Wanderungen bei unterschiedlichem Wetter eignet. Hier sind die wichtig\" \/>\n<meta property=\"og:url\" content=\"https:\/\/schweizversand.ch\/fr\/produkt\/trespass-qikpac-damen-regenhose-2\/\" \/>\n<meta property=\"og:site_name\" content=\"Schweizer Shop f\u00fcr Sport, Spiel und Freizeit\" \/>\n<meta property=\"article:publisher\" content=\"https:\/\/www.facebook.com\/Schweizversand\" \/>\n<meta property=\"article:modified_time\" content=\"2026-04-12T00:07:05+00:00\" \/>\n<meta property=\"og:image\" content=\"https:\/\/schweizversand.ch\/wp-content\/uploads\/2026\/03\/5471677699.jpg\" \/>\n\t<meta property=\"og:image:width\" content=\"1024\" \/>\n\t<meta property=\"og:image:height\" content=\"1024\" \/>\n\t<meta property=\"og:image:type\" content=\"image\/jpeg\" \/>\n<meta name=\"twitter:card\" content=\"summary_large_image\" \/>\n<meta name=\"twitter:label1\" content=\"Dur\u00e9e de lecture estim\u00e9e\" \/>\n\t<meta name=\"twitter:data1\" content=\"1 minute\" \/>\n<script type=\"application\/ld+json\" class=\"yoast-schema-graph\">{\"@context\":\"https:\\\/\\\/schema.org\",\"@graph\":[{\"@type\":\"WebPage\",\"@id\":\"https:\\\/\\\/schweizversand.ch\\\/fr\\\/produkt\\\/trespass-qikpac-damen-regenhose-2\\\/\",\"url\":\"https:\\\/\\\/schweizversand.ch\\\/fr\\\/produkt\\\/trespass-qikpac-damen-regenhose-2\\\/\",\"name\":\"Trespass QIKPAC Damen Regenhose\",\"isPartOf\":{\"@id\":\"https:\\\/\\\/schweizversand.ch\\\/fr\\\/#website\"},\"primaryImageOfPage\":{\"@id\":\"https:\\\/\\\/schweizversand.ch\\\/fr\\\/produkt\\\/trespass-qikpac-damen-regenhose-2\\\/#primaryimage\"},\"image\":{\"@id\":\"https:\\\/\\\/schweizversand.ch\\\/fr\\\/produkt\\\/trespass-qikpac-damen-regenhose-2\\\/#primaryimage\"},\"thumbnailUrl\":\"https:\\\/\\\/schweizversand.ch\\\/wp-content\\\/uploads\\\/2026\\\/03\\\/5471677699.jpg\",\"datePublished\":\"2026-03-20T01:00:57+00:00\",\"dateModified\":\"2026-04-12T00:07:05+00:00\",\"description\":\"Die \\\"Qikpac Pant\\\" f\u00fcr Frauen ist eine praktische Packaway-Hose, die sich hervorragend f\u00fcr Wanderungen bei unterschiedlichem Wetter eignet. Hier sind die wichtig\",\"breadcrumb\":{\"@id\":\"https:\\\/\\\/schweizversand.ch\\\/fr\\\/produkt\\\/trespass-qikpac-damen-regenhose-2\\\/#breadcrumb\"},\"inLanguage\":\"fr-FR\",\"potentialAction\":[{\"@type\":\"ReadAction\",\"target\":[\"https:\\\/\\\/schweizversand.ch\\\/fr\\\/produkt\\\/trespass-qikpac-damen-regenhose-2\\\/\"]}]},{\"@type\":\"ImageObject\",\"inLanguage\":\"fr-FR\",\"@id\":\"https:\\\/\\\/schweizversand.ch\\\/fr\\\/produkt\\\/trespass-qikpac-damen-regenhose-2\\\/#primaryimage\",\"url\":\"https:\\\/\\\/schweizversand.ch\\\/wp-content\\\/uploads\\\/2026\\\/03\\\/5471677699.jpg\",\"contentUrl\":\"https:\\\/\\\/schweizversand.ch\\\/wp-content\\\/uploads\\\/2026\\\/03\\\/5471677699.jpg\",\"width\":1024,\"height\":1024},{\"@type\":\"BreadcrumbList\",\"@id\":\"https:\\\/\\\/schweizversand.ch\\\/fr\\\/produkt\\\/trespass-qikpac-damen-regenhose-2\\\/#breadcrumb\",\"itemListElement\":[{\"@type\":\"ListItem\",\"position\":1,\"name\":\"Startseite\",\"item\":\"https:\\\/\\\/schweizversand.ch\\\/fr\\\/\"},{\"@type\":\"ListItem\",\"position\":2,\"name\":\"Boutique\",\"item\":\"https:\\\/\\\/schweizversand.ch\\\/fr\\\/boutique\\\/\"},{\"@type\":\"ListItem\",\"position\":3,\"name\":\"Pantalon de pluie pour femmes Trespass QIKPAC\"}]},{\"@type\":\"WebSite\",\"@id\":\"https:\\\/\\\/schweizversand.ch\\\/fr\\\/#website\",\"url\":\"https:\\\/\\\/schweizversand.ch\\\/fr\\\/\",\"name\":\"Schweizer Shop f\u00fcr Sport, Spiel und Freizeit\",\"description\":\"Gratisversand ab 50.- (netto), ab eigenem schweizer Lager, Lieferung innert 48h\",\"publisher\":{\"@id\":\"https:\\\/\\\/schweizversand.ch\\\/fr\\\/#organization\"},\"alternateName\":\"Schweizversand.ch\",\"potentialAction\":[{\"@type\":\"SearchAction\",\"target\":{\"@type\":\"EntryPoint\",\"urlTemplate\":\"https:\\\/\\\/schweizversand.ch\\\/fr\\\/?s={search_term_string}\"},\"query-input\":{\"@type\":\"PropertyValueSpecification\",\"valueRequired\":true,\"valueName\":\"search_term_string\"}}],\"inLanguage\":\"fr-FR\"},{\"@type\":\"Organization\",\"@id\":\"https:\\\/\\\/schweizversand.ch\\\/fr\\\/#organization\",\"name\":\"Schweizversand.ch\",\"url\":\"https:\\\/\\\/schweizversand.ch\\\/fr\\\/\",\"logo\":{\"@type\":\"ImageObject\",\"inLanguage\":\"fr-FR\",\"@id\":\"https:\\\/\\\/schweizversand.ch\\\/fr\\\/#\\\/schema\\\/logo\\\/image\\\/\",\"url\":\"https:\\\/\\\/schweizversand.ch\\\/wp-content\\\/uploads\\\/2026\\\/03\\\/Logo_Rund_Final-1.png\",\"contentUrl\":\"https:\\\/\\\/schweizversand.ch\\\/wp-content\\\/uploads\\\/2026\\\/03\\\/Logo_Rund_Final-1.png\",\"width\":404,\"height\":404,\"caption\":\"Schweizversand.ch\"},\"image\":{\"@id\":\"https:\\\/\\\/schweizversand.ch\\\/fr\\\/#\\\/schema\\\/logo\\\/image\\\/\"},\"sameAs\":[\"https:\\\/\\\/www.facebook.com\\\/Schweizversand\",\"https:\\\/\\\/www.instagram.com\\\/schweizversand.ch\\\/\"]}]}<\/script>\n<!-- \/ Yoast SEO plugin. -->","yoast_head_json":{"title":"Trespass QIKPAC Damen Regenhose","description":"Die \"Qikpac Pant\" f\u00fcr Frauen ist eine praktische Packaway-Hose, die sich hervorragend f\u00fcr Wanderungen bei unterschiedlichem Wetter eignet. Hier sind die wichtig","robots":{"index":"index","follow":"follow","max-snippet":"max-snippet:-1","max-image-preview":"max-image-preview:large","max-video-preview":"max-video-preview:-1"},"canonical":"https:\/\/schweizversand.ch\/fr\/produkt\/trespass-qikpac-damen-regenhose-2\/","og_locale":"fr_FR","og_type":"article","og_title":"Trespass QIKPAC Damen Regenhose","og_description":"Die \"Qikpac Pant\" f\u00fcr Frauen ist eine praktische Packaway-Hose, die sich hervorragend f\u00fcr Wanderungen bei unterschiedlichem Wetter eignet. Hier sind die wichtig","og_url":"https:\/\/schweizversand.ch\/fr\/produkt\/trespass-qikpac-damen-regenhose-2\/","og_site_name":"Schweizer Shop f\u00fcr Sport, Spiel und Freizeit","article_publisher":"https:\/\/www.facebook.com\/Schweizversand","article_modified_time":"2026-04-12T00:07:05+00:00","og_image":[{"width":1024,"height":1024,"url":"https:\/\/schweizversand.ch\/wp-content\/uploads\/2026\/03\/5471677699.jpg","type":"image\/jpeg"}],"twitter_card":"summary_large_image","twitter_misc":{"Dur\u00e9e de lecture estim\u00e9e":"1 minute"},"schema":{"@context":"https:\/\/schema.org","@graph":[{"@type":"WebPage","@id":"https:\/\/schweizversand.ch\/fr\/produkt\/trespass-qikpac-damen-regenhose-2\/","url":"https:\/\/schweizversand.ch\/fr\/produkt\/trespass-qikpac-damen-regenhose-2\/","name":"Trespass QIKPAC Damen Regenhose","isPartOf":{"@id":"https:\/\/schweizversand.ch\/fr\/#website"},"primaryImageOfPage":{"@id":"https:\/\/schweizversand.ch\/fr\/produkt\/trespass-qikpac-damen-regenhose-2\/#primaryimage"},"image":{"@id":"https:\/\/schweizversand.ch\/fr\/produkt\/trespass-qikpac-damen-regenhose-2\/#primaryimage"},"thumbnailUrl":"https:\/\/schweizversand.ch\/wp-content\/uploads\/2026\/03\/5471677699.jpg","datePublished":"2026-03-20T01:00:57+00:00","dateModified":"2026-04-12T00:07:05+00:00","description":"Die \"Qikpac Pant\" f\u00fcr Frauen ist eine praktische Packaway-Hose, die sich hervorragend f\u00fcr Wanderungen bei unterschiedlichem Wetter eignet. Hier sind die wichtig","breadcrumb":{"@id":"https:\/\/schweizversand.ch\/fr\/produkt\/trespass-qikpac-damen-regenhose-2\/#breadcrumb"},"inLanguage":"fr-FR","potentialAction":[{"@type":"ReadAction","target":["https:\/\/schweizversand.ch\/fr\/produkt\/trespass-qikpac-damen-regenhose-2\/"]}]},{"@type":"ImageObject","inLanguage":"fr-FR","@id":"https:\/\/schweizversand.ch\/fr\/produkt\/trespass-qikpac-damen-regenhose-2\/#primaryimage","url":"https:\/\/schweizversand.ch\/wp-content\/uploads\/2026\/03\/5471677699.jpg","contentUrl":"https:\/\/schweizversand.ch\/wp-content\/uploads\/2026\/03\/5471677699.jpg","width":1024,"height":1024},{"@type":"BreadcrumbList","@id":"https:\/\/schweizversand.ch\/fr\/produkt\/trespass-qikpac-damen-regenhose-2\/#breadcrumb","itemListElement":[{"@type":"ListItem","position":1,"name":"Startseite","item":"https:\/\/schweizversand.ch\/fr\/"},{"@type":"ListItem","position":2,"name":"Boutique","item":"https:\/\/schweizversand.ch\/fr\/boutique\/"},{"@type":"ListItem","position":3,"name":"Pantalon de pluie pour femmes Trespass QIKPAC"}]},{"@type":"WebSite","@id":"https:\/\/schweizversand.ch\/fr\/#website","url":"https:\/\/schweizversand.ch\/fr\/","name":"Schweizer Shop f\u00fcr Sport, Spiel und Freizeit","description":"Gratisversand ab 50.- (netto), ab eigenem schweizer Lager, Lieferung innert 48h","publisher":{"@id":"https:\/\/schweizversand.ch\/fr\/#organization"},"alternateName":"Schweizversand.ch","potentialAction":[{"@type":"SearchAction","target":{"@type":"EntryPoint","urlTemplate":"https:\/\/schweizversand.ch\/fr\/?s={search_term_string}"},"query-input":{"@type":"PropertyValueSpecification","valueRequired":true,"valueName":"search_term_string"}}],"inLanguage":"fr-FR"},{"@type":"Organization","@id":"https:\/\/schweizversand.ch\/fr\/#organization","name":"Schweizversand.ch","url":"https:\/\/schweizversand.ch\/fr\/","logo":{"@type":"ImageObject","inLanguage":"fr-FR","@id":"https:\/\/schweizversand.ch\/fr\/#\/schema\/logo\/image\/","url":"https:\/\/schweizversand.ch\/wp-content\/uploads\/2026\/03\/Logo_Rund_Final-1.png","contentUrl":"https:\/\/schweizversand.ch\/wp-content\/uploads\/2026\/03\/Logo_Rund_Final-1.png","width":404,"height":404,"caption":"Schweizversand.ch"},"image":{"@id":"https:\/\/schweizversand.ch\/fr\/#\/schema\/logo\/image\/"},"sameAs":["https:\/\/www.facebook.com\/Schweizversand","https:\/\/www.instagram.com\/schweizversand.ch\/"]}]}},"jetpack_sharing_enabled":true,"_links":{"self":[{"href":"https:\/\/schweizversand.ch\/fr\/wp-json\/wp\/v2\/product\/260055","targetHints":{"allow":["GET"]}}],"collection":[{"href":"https:\/\/schweizversand.ch\/fr\/wp-json\/wp\/v2\/product"}],"about":[{"href":"https:\/\/schweizversand.ch\/fr\/wp-json\/wp\/v2\/types\/product"}],"replies":[{"embeddable":true,"href":"https:\/\/schweizversand.ch\/fr\/wp-json\/wp\/v2\/comments?post=260055"}],"wp:featuredmedia":[{"embeddable":true,"href":"https:\/\/schweizversand.ch\/fr\/wp-json\/wp\/v2\/media\/258220"}],"wp:attachment":[{"href":"https:\/\/schweizversand.ch\/fr\/wp-json\/wp\/v2\/media?parent=260055"}],"wp:term":[{"taxonomy":"product_brand","embeddable":true,"href":"https:\/\/schweizversand.ch\/fr\/wp-json\/wp\/v2\/product_brand?post=260055"},{"taxonomy":"product_cat","embeddable":true,"href":"https:\/\/schweizversand.ch\/fr\/wp-json\/wp\/v2\/product_cat?post=260055"},{"taxonomy":"product_tag","embeddable":true,"href":"https:\/\/schweizversand.ch\/fr\/wp-json\/wp\/v2\/product_tag?post=260055"}],"curies":[{"name":"wp","href":"https:\/\/api.w.org\/{rel}","templated":true}]}}