{"id":260065,"date":"2026-03-15T00:56:09","date_gmt":"2026-03-14T23:56:09","guid":{"rendered":"https:\/\/schweizversand.ch\/produkt\/trespass-qikpac-damen-regenjacke-5\/"},"modified":"2026-04-05T15:33:57","modified_gmt":"2026-04-05T13:33:57","slug":"trespass-qikpac-damen-regenjacke-5","status":"publish","type":"product","link":"https:\/\/schweizversand.ch\/fr\/produkt\/trespass-qikpac-damen-regenjacke-5\/","title":{"rendered":"Veste imperm\u00e9able Trespass QIKPAC pour femmes"},"content":{"rendered":"<p>La veste QIKPAK est une veste de pluie minimaliste ax\u00e9e sur la fonctionnalit\u00e9. Elle int\u00e8gre notre technologie Tres-Tex, imperm\u00e9able, coupe-vent et respirante. Cette technologie utilise des rev\u00eatements souples et fonctionnels avec des traitements de surface pour repousser l&rsquo;eau et \u00e9vacuer l&rsquo;humidit\u00e9 des couches int\u00e9rieures. Gr\u00e2ce \u00e0 ces propri\u00e9t\u00e9s, la veste de pluie QIKPAK r\u00e9siste \u00e0 une colonne d&rsquo;eau de 5\u00a0000 mm et offre une respirabilit\u00e9 de 5\u00a0000 g\/m\u00b2\/24 h.<\/p>\n<p>Cette veste allie fonctionnalit\u00e9, protection et confort dans un design \u00e9l\u00e9gant et pratique, ce qui la rend id\u00e9ale pour les activit\u00e9s de plein air et les conditions m\u00e9t\u00e9orologiques changeantes.<\/p>\n<p>La veste poss\u00e8de deux poches zipp\u00e9es pour ranger en toute s\u00e9curit\u00e9 vos essentiels tels que cl\u00e9s, monnaie ou smartphone. Elle est \u00e9galement coupe-vent et ses coutures sont \u00e9tanches pour une protection accrue contre les intemp\u00e9ries.<\/p>\n<p>La veste QIKPAK se distingue par sa taille compacte. Elle se roule et se range facilement. Un sac en filet inclus facilite encore davantage son rangement et son transport. Cela vous permet de transporter facilement la veste et de l&rsquo;avoir \u00e0 port\u00e9e de main en cas de besoin.<\/p>\n<p>En r\u00e9sum\u00e9, les principales caract\u00e9ristiques de la veste QIKPAK sont\u00a0:<\/p>\n<p>\u2022 Veste de pluie imperm\u00e9able et compacte, facile \u00e0 enrouler<\/p>\n<p>\u2022 Imperm\u00e9abilit\u00e9 jusqu&rsquo;\u00e0 5\u00a0000\u00a0mm<\/p>\n<p>\u2022 Respirabilit\u00e9 jusqu&rsquo;\u00e0 5\u00a0000\u00a0g\/m\u00b2\/24\u00a0h<\/p>\n<p>\u2022 Coupe-vent avec coutures \u00e9tanches<\/p>\n<p>\u2022 2\u00a0poches zipp\u00e9es<\/p>\n","protected":false},"excerpt":{"rendered":"<p>Trespass QIKPAC Damen Regenjacke sch\u00fctzt mit wasserdichter, winddichter Tres-Tex-Technologie (5.000 mm) und atmungsaktivem Design \u2013 ideal f\u00fcr wechselhaftes Outdoor-Wetter.<\/p>\n","protected":false},"featured_media":161903,"comment_status":"open","ping_status":"closed","template":"","meta":[],"product_brand":[],"product_cat":[38332],"product_tag":[],"class_list":{"0":"post-260065","1":"product","2":"type-product","3":"status-publish","4":"has-post-thumbnail","6":"product_cat-outdoorausruestung","7":"product_shipping_class-global_methods","9":"first","10":"instock","11":"taxable","12":"shipping-taxable","13":"purchasable","14":"product-type-simple"},"yoast_head":"<!-- This site is optimized with the Yoast SEO plugin v27.3 - https:\/\/yoast.com\/product\/yoast-seo-wordpress\/ -->\n<title>Trespass QIKPAC Damen Regenjacke<\/title>\n<meta name=\"description\" content=\"Die QIKPAK JACKET ist eine minimalistische Regenjacke, die sich voll und ganz auf Funktionalit\u00e4t konzentriert. Sie ist mit unserer Tres-Tex Technologie ausgesta\" \/>\n<meta name=\"robots\" content=\"index, follow, max-snippet:-1, max-image-preview:large, max-video-preview:-1\" \/>\n<link rel=\"canonical\" href=\"https:\/\/schweizversand.ch\/fr\/produkt\/trespass-qikpac-damen-regenjacke-5\/\" \/>\n<meta property=\"og:locale\" content=\"fr_FR\" \/>\n<meta property=\"og:type\" content=\"article\" \/>\n<meta property=\"og:title\" content=\"Trespass QIKPAC Damen Regenjacke\" \/>\n<meta property=\"og:description\" content=\"Die QIKPAK JACKET ist eine minimalistische Regenjacke, die sich voll und ganz auf Funktionalit\u00e4t konzentriert. Sie ist mit unserer Tres-Tex Technologie ausgesta\" \/>\n<meta property=\"og:url\" content=\"https:\/\/schweizversand.ch\/fr\/produkt\/trespass-qikpac-damen-regenjacke-5\/\" \/>\n<meta property=\"og:site_name\" content=\"Schweizer Shop f\u00fcr Sport, Spiel und Freizeit\" \/>\n<meta property=\"article:publisher\" content=\"https:\/\/www.facebook.com\/Schweizversand\" \/>\n<meta property=\"article:modified_time\" content=\"2026-04-05T13:33:57+00:00\" \/>\n<meta property=\"og:image\" content=\"https:\/\/schweizversand.ch\/wp-content\/uploads\/2026\/02\/5475345069.jpg\" \/>\n\t<meta property=\"og:image:width\" content=\"725\" \/>\n\t<meta property=\"og:image:height\" content=\"1024\" \/>\n\t<meta property=\"og:image:type\" content=\"image\/jpeg\" \/>\n<meta name=\"twitter:card\" content=\"summary_large_image\" \/>\n<meta name=\"twitter:label1\" content=\"Dur\u00e9e de lecture estim\u00e9e\" \/>\n\t<meta name=\"twitter:data1\" content=\"1 minute\" \/>\n<script type=\"application\/ld+json\" class=\"yoast-schema-graph\">{\"@context\":\"https:\\\/\\\/schema.org\",\"@graph\":[{\"@type\":\"WebPage\",\"@id\":\"https:\\\/\\\/schweizversand.ch\\\/fr\\\/produkt\\\/trespass-qikpac-damen-regenjacke-5\\\/\",\"url\":\"https:\\\/\\\/schweizversand.ch\\\/fr\\\/produkt\\\/trespass-qikpac-damen-regenjacke-5\\\/\",\"name\":\"Trespass QIKPAC Damen Regenjacke\",\"isPartOf\":{\"@id\":\"https:\\\/\\\/schweizversand.ch\\\/fr\\\/#website\"},\"primaryImageOfPage\":{\"@id\":\"https:\\\/\\\/schweizversand.ch\\\/fr\\\/produkt\\\/trespass-qikpac-damen-regenjacke-5\\\/#primaryimage\"},\"image\":{\"@id\":\"https:\\\/\\\/schweizversand.ch\\\/fr\\\/produkt\\\/trespass-qikpac-damen-regenjacke-5\\\/#primaryimage\"},\"thumbnailUrl\":\"https:\\\/\\\/schweizversand.ch\\\/wp-content\\\/uploads\\\/2026\\\/02\\\/5475345069.jpg\",\"datePublished\":\"2026-03-14T23:56:09+00:00\",\"dateModified\":\"2026-04-05T13:33:57+00:00\",\"description\":\"Die QIKPAK JACKET ist eine minimalistische Regenjacke, die sich voll und ganz auf Funktionalit\u00e4t konzentriert. Sie ist mit unserer Tres-Tex Technologie ausgesta\",\"breadcrumb\":{\"@id\":\"https:\\\/\\\/schweizversand.ch\\\/fr\\\/produkt\\\/trespass-qikpac-damen-regenjacke-5\\\/#breadcrumb\"},\"inLanguage\":\"fr-FR\",\"potentialAction\":[{\"@type\":\"ReadAction\",\"target\":[\"https:\\\/\\\/schweizversand.ch\\\/fr\\\/produkt\\\/trespass-qikpac-damen-regenjacke-5\\\/\"]}]},{\"@type\":\"ImageObject\",\"inLanguage\":\"fr-FR\",\"@id\":\"https:\\\/\\\/schweizversand.ch\\\/fr\\\/produkt\\\/trespass-qikpac-damen-regenjacke-5\\\/#primaryimage\",\"url\":\"https:\\\/\\\/schweizversand.ch\\\/wp-content\\\/uploads\\\/2026\\\/02\\\/5475345069.jpg\",\"contentUrl\":\"https:\\\/\\\/schweizversand.ch\\\/wp-content\\\/uploads\\\/2026\\\/02\\\/5475345069.jpg\",\"width\":725,\"height\":1024},{\"@type\":\"BreadcrumbList\",\"@id\":\"https:\\\/\\\/schweizversand.ch\\\/fr\\\/produkt\\\/trespass-qikpac-damen-regenjacke-5\\\/#breadcrumb\",\"itemListElement\":[{\"@type\":\"ListItem\",\"position\":1,\"name\":\"Startseite\",\"item\":\"https:\\\/\\\/schweizversand.ch\\\/fr\\\/\"},{\"@type\":\"ListItem\",\"position\":2,\"name\":\"Boutique\",\"item\":\"https:\\\/\\\/schweizversand.ch\\\/fr\\\/boutique\\\/\"},{\"@type\":\"ListItem\",\"position\":3,\"name\":\"Veste imperm\u00e9able Trespass QIKPAC pour femmes\"}]},{\"@type\":\"WebSite\",\"@id\":\"https:\\\/\\\/schweizversand.ch\\\/fr\\\/#website\",\"url\":\"https:\\\/\\\/schweizversand.ch\\\/fr\\\/\",\"name\":\"Schweizer Shop f\u00fcr Sport, Spiel und Freizeit\",\"description\":\"Gratisversand ab 50.- (netto), ab eigenem schweizer Lager, Lieferung innert 48h\",\"publisher\":{\"@id\":\"https:\\\/\\\/schweizversand.ch\\\/fr\\\/#organization\"},\"alternateName\":\"Schweizversand.ch\",\"potentialAction\":[{\"@type\":\"SearchAction\",\"target\":{\"@type\":\"EntryPoint\",\"urlTemplate\":\"https:\\\/\\\/schweizversand.ch\\\/fr\\\/?s={search_term_string}\"},\"query-input\":{\"@type\":\"PropertyValueSpecification\",\"valueRequired\":true,\"valueName\":\"search_term_string\"}}],\"inLanguage\":\"fr-FR\"},{\"@type\":\"Organization\",\"@id\":\"https:\\\/\\\/schweizversand.ch\\\/fr\\\/#organization\",\"name\":\"Schweizversand.ch\",\"url\":\"https:\\\/\\\/schweizversand.ch\\\/fr\\\/\",\"logo\":{\"@type\":\"ImageObject\",\"inLanguage\":\"fr-FR\",\"@id\":\"https:\\\/\\\/schweizversand.ch\\\/fr\\\/#\\\/schema\\\/logo\\\/image\\\/\",\"url\":\"https:\\\/\\\/schweizversand.ch\\\/wp-content\\\/uploads\\\/2026\\\/03\\\/Logo_Rund_Final-1.png\",\"contentUrl\":\"https:\\\/\\\/schweizversand.ch\\\/wp-content\\\/uploads\\\/2026\\\/03\\\/Logo_Rund_Final-1.png\",\"width\":404,\"height\":404,\"caption\":\"Schweizversand.ch\"},\"image\":{\"@id\":\"https:\\\/\\\/schweizversand.ch\\\/fr\\\/#\\\/schema\\\/logo\\\/image\\\/\"},\"sameAs\":[\"https:\\\/\\\/www.facebook.com\\\/Schweizversand\",\"https:\\\/\\\/www.instagram.com\\\/schweizversand.ch\\\/\"]}]}<\/script>\n<!-- \/ Yoast SEO plugin. -->","yoast_head_json":{"title":"Trespass QIKPAC Damen Regenjacke","description":"Die QIKPAK JACKET ist eine minimalistische Regenjacke, die sich voll und ganz auf Funktionalit\u00e4t konzentriert. Sie ist mit unserer Tres-Tex Technologie ausgesta","robots":{"index":"index","follow":"follow","max-snippet":"max-snippet:-1","max-image-preview":"max-image-preview:large","max-video-preview":"max-video-preview:-1"},"canonical":"https:\/\/schweizversand.ch\/fr\/produkt\/trespass-qikpac-damen-regenjacke-5\/","og_locale":"fr_FR","og_type":"article","og_title":"Trespass QIKPAC Damen Regenjacke","og_description":"Die QIKPAK JACKET ist eine minimalistische Regenjacke, die sich voll und ganz auf Funktionalit\u00e4t konzentriert. Sie ist mit unserer Tres-Tex Technologie ausgesta","og_url":"https:\/\/schweizversand.ch\/fr\/produkt\/trespass-qikpac-damen-regenjacke-5\/","og_site_name":"Schweizer Shop f\u00fcr Sport, Spiel und Freizeit","article_publisher":"https:\/\/www.facebook.com\/Schweizversand","article_modified_time":"2026-04-05T13:33:57+00:00","og_image":[{"width":725,"height":1024,"url":"https:\/\/schweizversand.ch\/wp-content\/uploads\/2026\/02\/5475345069.jpg","type":"image\/jpeg"}],"twitter_card":"summary_large_image","twitter_misc":{"Dur\u00e9e de lecture estim\u00e9e":"1 minute"},"schema":{"@context":"https:\/\/schema.org","@graph":[{"@type":"WebPage","@id":"https:\/\/schweizversand.ch\/fr\/produkt\/trespass-qikpac-damen-regenjacke-5\/","url":"https:\/\/schweizversand.ch\/fr\/produkt\/trespass-qikpac-damen-regenjacke-5\/","name":"Trespass QIKPAC Damen Regenjacke","isPartOf":{"@id":"https:\/\/schweizversand.ch\/fr\/#website"},"primaryImageOfPage":{"@id":"https:\/\/schweizversand.ch\/fr\/produkt\/trespass-qikpac-damen-regenjacke-5\/#primaryimage"},"image":{"@id":"https:\/\/schweizversand.ch\/fr\/produkt\/trespass-qikpac-damen-regenjacke-5\/#primaryimage"},"thumbnailUrl":"https:\/\/schweizversand.ch\/wp-content\/uploads\/2026\/02\/5475345069.jpg","datePublished":"2026-03-14T23:56:09+00:00","dateModified":"2026-04-05T13:33:57+00:00","description":"Die QIKPAK JACKET ist eine minimalistische Regenjacke, die sich voll und ganz auf Funktionalit\u00e4t konzentriert. Sie ist mit unserer Tres-Tex Technologie ausgesta","breadcrumb":{"@id":"https:\/\/schweizversand.ch\/fr\/produkt\/trespass-qikpac-damen-regenjacke-5\/#breadcrumb"},"inLanguage":"fr-FR","potentialAction":[{"@type":"ReadAction","target":["https:\/\/schweizversand.ch\/fr\/produkt\/trespass-qikpac-damen-regenjacke-5\/"]}]},{"@type":"ImageObject","inLanguage":"fr-FR","@id":"https:\/\/schweizversand.ch\/fr\/produkt\/trespass-qikpac-damen-regenjacke-5\/#primaryimage","url":"https:\/\/schweizversand.ch\/wp-content\/uploads\/2026\/02\/5475345069.jpg","contentUrl":"https:\/\/schweizversand.ch\/wp-content\/uploads\/2026\/02\/5475345069.jpg","width":725,"height":1024},{"@type":"BreadcrumbList","@id":"https:\/\/schweizversand.ch\/fr\/produkt\/trespass-qikpac-damen-regenjacke-5\/#breadcrumb","itemListElement":[{"@type":"ListItem","position":1,"name":"Startseite","item":"https:\/\/schweizversand.ch\/fr\/"},{"@type":"ListItem","position":2,"name":"Boutique","item":"https:\/\/schweizversand.ch\/fr\/boutique\/"},{"@type":"ListItem","position":3,"name":"Veste imperm\u00e9able Trespass QIKPAC pour femmes"}]},{"@type":"WebSite","@id":"https:\/\/schweizversand.ch\/fr\/#website","url":"https:\/\/schweizversand.ch\/fr\/","name":"Schweizer Shop f\u00fcr Sport, Spiel und Freizeit","description":"Gratisversand ab 50.- (netto), ab eigenem schweizer Lager, Lieferung innert 48h","publisher":{"@id":"https:\/\/schweizversand.ch\/fr\/#organization"},"alternateName":"Schweizversand.ch","potentialAction":[{"@type":"SearchAction","target":{"@type":"EntryPoint","urlTemplate":"https:\/\/schweizversand.ch\/fr\/?s={search_term_string}"},"query-input":{"@type":"PropertyValueSpecification","valueRequired":true,"valueName":"search_term_string"}}],"inLanguage":"fr-FR"},{"@type":"Organization","@id":"https:\/\/schweizversand.ch\/fr\/#organization","name":"Schweizversand.ch","url":"https:\/\/schweizversand.ch\/fr\/","logo":{"@type":"ImageObject","inLanguage":"fr-FR","@id":"https:\/\/schweizversand.ch\/fr\/#\/schema\/logo\/image\/","url":"https:\/\/schweizversand.ch\/wp-content\/uploads\/2026\/03\/Logo_Rund_Final-1.png","contentUrl":"https:\/\/schweizversand.ch\/wp-content\/uploads\/2026\/03\/Logo_Rund_Final-1.png","width":404,"height":404,"caption":"Schweizversand.ch"},"image":{"@id":"https:\/\/schweizversand.ch\/fr\/#\/schema\/logo\/image\/"},"sameAs":["https:\/\/www.facebook.com\/Schweizversand","https:\/\/www.instagram.com\/schweizversand.ch\/"]}]}},"jetpack_sharing_enabled":true,"_links":{"self":[{"href":"https:\/\/schweizversand.ch\/fr\/wp-json\/wp\/v2\/product\/260065","targetHints":{"allow":["GET"]}}],"collection":[{"href":"https:\/\/schweizversand.ch\/fr\/wp-json\/wp\/v2\/product"}],"about":[{"href":"https:\/\/schweizversand.ch\/fr\/wp-json\/wp\/v2\/types\/product"}],"replies":[{"embeddable":true,"href":"https:\/\/schweizversand.ch\/fr\/wp-json\/wp\/v2\/comments?post=260065"}],"wp:featuredmedia":[{"embeddable":true,"href":"https:\/\/schweizversand.ch\/fr\/wp-json\/wp\/v2\/media\/161903"}],"wp:attachment":[{"href":"https:\/\/schweizversand.ch\/fr\/wp-json\/wp\/v2\/media?parent=260065"}],"wp:term":[{"taxonomy":"product_brand","embeddable":true,"href":"https:\/\/schweizversand.ch\/fr\/wp-json\/wp\/v2\/product_brand?post=260065"},{"taxonomy":"product_cat","embeddable":true,"href":"https:\/\/schweizversand.ch\/fr\/wp-json\/wp\/v2\/product_cat?post=260065"},{"taxonomy":"product_tag","embeddable":true,"href":"https:\/\/schweizversand.ch\/fr\/wp-json\/wp\/v2\/product_tag?post=260065"}],"curies":[{"name":"wp","href":"https:\/\/api.w.org\/{rel}","templated":true}]}}