{"id":260067,"date":"2026-03-15T00:56:09","date_gmt":"2026-03-14T23:56:09","guid":{"rendered":"https:\/\/schweizversand.ch\/produkt\/trespass-miya-damen-wanderschuhe-2\/"},"modified":"2026-04-20T02:03:59","modified_gmt":"2026-04-20T00:03:59","slug":"trespass-miya-damen-wanderschuhe-2","status":"publish","type":"product","link":"https:\/\/schweizversand.ch\/fr\/produkt\/trespass-miya-damen-wanderschuhe-2\/","title":{"rendered":"Bottes de randonn\u00e9e pour femmes Trespass MIYA"},"content":{"rendered":"<p>Les chaussures de randonn\u00e9e pour femmes \u00ab\u00a0Miya\u00a0\u00bb sont un excellent choix pour les aventures en plein air. Elles offrent protection, fonctionnalit\u00e9, style et confort pour toutes vos activit\u00e9s outdoor.<\/p>\n<\/p>\n<p>Voici leurs principales caract\u00e9ristiques\u00a0:<\/p>\n<\/p>\n<p>\u2022 Membrane imperm\u00e9able\u00a0: Dot\u00e9es d\u2019une membrane imperm\u00e9able, ces chaussures gardent vos pieds au chaud et au sec, quel que soit le terrain.<\/p>\n<\/p>\n<p>\u2022 Languette \u00e0 soufflet\u00a0: La languette \u00e0 soufflet offre une protection suppl\u00e9mentaire contre l\u2019humidit\u00e9 et la salet\u00e9.<\/p>\n<\/p>\n<p>\u2022 Col rembourr\u00e9\u00a0: Le col rembourr\u00e9 assure un confort optimal.<\/p>\n<\/p>\n<p>\u2022 Protection des orteils\u00a0: Les orteils renforc\u00e9s prot\u00e8gent vos pieds des chocs.<\/p>\n<\/p>\n<p>Autres caract\u00e9ristiques\u00a0:<\/p>\n<\/p>\n<p>\u2022 Mat\u00e9riaux\u00a0: La tige est compos\u00e9e de PU\/textile\/caoutchouc, la doublure est en textile, la semelle int\u00e9rieure est en EVA et la semelle ext\u00e9rieure est en MD\/TPR.<\/p>\n<\/p>\n<p>\u2022 Semelle int\u00e9rieure moul\u00e9e\u00a0: La semelle int\u00e9rieure moul\u00e9e offre un confort accru.<\/p>\n<\/p>\n<p>Semelle adh\u00e9rente et r\u00e9sistante\u00a0: La semelle de ces bottes offre une surface adh\u00e9rente et r\u00e9sistante assurant une bonne traction sur diverses surfaces.<\/p>\n<\/p>\n<p>Entretien\u00a0:<\/p>\n<\/p>\n<p>Ces chaussures \u00e9tant dot\u00e9es d\u2019une membrane imperm\u00e9able, un entretien r\u00e9gulier est n\u00e9cessaire pour pr\u00e9server leur imperm\u00e9abilit\u00e9. Veuillez consulter les instructions d\u2019entretien du fabricant.<\/p>\n","protected":false},"excerpt":{"rendered":"<p>Trespass MIYA Damen Wanderschuhe bieten wasserdichten Schutz, gepolsterten Komfort und robusten Zehenschutz \u2013 ideal f\u00fcr stilvolle und sichere Outdoor-Abenteuer.<\/p>\n","protected":false},"featured_media":161912,"comment_status":"open","ping_status":"closed","template":"","meta":[],"product_brand":[],"product_cat":[38335],"product_tag":[],"class_list":{"0":"post-260067","1":"product","2":"type-product","3":"status-publish","4":"has-post-thumbnail","6":"product_cat-wandern","7":"product_shipping_class-global_methods","9":"first","10":"instock","11":"taxable","12":"shipping-taxable","13":"purchasable","14":"product-type-simple"},"yoast_head":"<!-- This site is optimized with the Yoast SEO plugin v27.4 - https:\/\/yoast.com\/product\/yoast-seo-wordpress\/ -->\n<title>Trespass MIYA Damen Wanderschuhe<\/title>\n<meta name=\"description\" content=\"Der &quot;Miya&quot; Wanderschuh f\u00fcr Damen ist eine ausgezeichnete Wahl f\u00fcr Outdoor-Abenteuer.\u00a0 Die &quot;Miya&quot; Wanderschuhe bieten nicht nur Schutz und Funktionalit\u00e4t, sonder\" \/>\n<meta name=\"robots\" content=\"index, follow, max-snippet:-1, max-image-preview:large, max-video-preview:-1\" \/>\n<link rel=\"canonical\" href=\"https:\/\/schweizversand.ch\/fr\/produkt\/trespass-miya-damen-wanderschuhe-2\/\" \/>\n<meta property=\"og:locale\" content=\"fr_FR\" \/>\n<meta property=\"og:type\" content=\"article\" \/>\n<meta property=\"og:title\" content=\"Trespass MIYA Damen Wanderschuhe\" \/>\n<meta property=\"og:description\" content=\"Der &quot;Miya&quot; Wanderschuh f\u00fcr Damen ist eine ausgezeichnete Wahl f\u00fcr Outdoor-Abenteuer.\u00a0 Die &quot;Miya&quot; Wanderschuhe bieten nicht nur Schutz und Funktionalit\u00e4t, sonder\" \/>\n<meta property=\"og:url\" content=\"https:\/\/schweizversand.ch\/fr\/produkt\/trespass-miya-damen-wanderschuhe-2\/\" \/>\n<meta property=\"og:site_name\" content=\"Schweizer Shop f\u00fcr Sport, Spiel und Freizeit\" \/>\n<meta property=\"article:publisher\" content=\"https:\/\/www.facebook.com\/Schweizversand\" \/>\n<meta property=\"article:modified_time\" content=\"2026-04-20T00:03:59+00:00\" \/>\n<meta property=\"og:image\" content=\"https:\/\/schweizversand.ch\/wp-content\/uploads\/2026\/02\/5471679707.jpg\" \/>\n\t<meta property=\"og:image:width\" content=\"1024\" \/>\n\t<meta property=\"og:image:height\" content=\"770\" \/>\n\t<meta property=\"og:image:type\" content=\"image\/jpeg\" \/>\n<meta name=\"twitter:card\" content=\"summary_large_image\" \/>\n<meta name=\"twitter:label1\" content=\"Dur\u00e9e de lecture estim\u00e9e\" \/>\n\t<meta name=\"twitter:data1\" content=\"1 minute\" \/>\n<script type=\"application\/ld+json\" class=\"yoast-schema-graph\">{\"@context\":\"https:\\\/\\\/schema.org\",\"@graph\":[{\"@type\":\"WebPage\",\"@id\":\"https:\\\/\\\/schweizversand.ch\\\/fr\\\/produkt\\\/trespass-miya-damen-wanderschuhe-2\\\/\",\"url\":\"https:\\\/\\\/schweizversand.ch\\\/fr\\\/produkt\\\/trespass-miya-damen-wanderschuhe-2\\\/\",\"name\":\"Trespass MIYA Damen Wanderschuhe\",\"isPartOf\":{\"@id\":\"https:\\\/\\\/schweizversand.ch\\\/fr\\\/#website\"},\"primaryImageOfPage\":{\"@id\":\"https:\\\/\\\/schweizversand.ch\\\/fr\\\/produkt\\\/trespass-miya-damen-wanderschuhe-2\\\/#primaryimage\"},\"image\":{\"@id\":\"https:\\\/\\\/schweizversand.ch\\\/fr\\\/produkt\\\/trespass-miya-damen-wanderschuhe-2\\\/#primaryimage\"},\"thumbnailUrl\":\"https:\\\/\\\/schweizversand.ch\\\/wp-content\\\/uploads\\\/2026\\\/02\\\/5471679707.jpg\",\"datePublished\":\"2026-03-14T23:56:09+00:00\",\"dateModified\":\"2026-04-20T00:03:59+00:00\",\"description\":\"Der \\\"Miya\\\" Wanderschuh f\u00fcr Damen ist eine ausgezeichnete Wahl f\u00fcr Outdoor-Abenteuer.\u00a0 Die \\\"Miya\\\" Wanderschuhe bieten nicht nur Schutz und Funktionalit\u00e4t, sonder\",\"breadcrumb\":{\"@id\":\"https:\\\/\\\/schweizversand.ch\\\/fr\\\/produkt\\\/trespass-miya-damen-wanderschuhe-2\\\/#breadcrumb\"},\"inLanguage\":\"fr-FR\",\"potentialAction\":[{\"@type\":\"ReadAction\",\"target\":[\"https:\\\/\\\/schweizversand.ch\\\/fr\\\/produkt\\\/trespass-miya-damen-wanderschuhe-2\\\/\"]}]},{\"@type\":\"ImageObject\",\"inLanguage\":\"fr-FR\",\"@id\":\"https:\\\/\\\/schweizversand.ch\\\/fr\\\/produkt\\\/trespass-miya-damen-wanderschuhe-2\\\/#primaryimage\",\"url\":\"https:\\\/\\\/schweizversand.ch\\\/wp-content\\\/uploads\\\/2026\\\/02\\\/5471679707.jpg\",\"contentUrl\":\"https:\\\/\\\/schweizversand.ch\\\/wp-content\\\/uploads\\\/2026\\\/02\\\/5471679707.jpg\",\"width\":1024,\"height\":770},{\"@type\":\"BreadcrumbList\",\"@id\":\"https:\\\/\\\/schweizversand.ch\\\/fr\\\/produkt\\\/trespass-miya-damen-wanderschuhe-2\\\/#breadcrumb\",\"itemListElement\":[{\"@type\":\"ListItem\",\"position\":1,\"name\":\"Startseite\",\"item\":\"https:\\\/\\\/schweizversand.ch\\\/fr\\\/home\\\/\"},{\"@type\":\"ListItem\",\"position\":2,\"name\":\"Boutique\",\"item\":\"https:\\\/\\\/schweizversand.ch\\\/fr\\\/boutique\\\/\"},{\"@type\":\"ListItem\",\"position\":3,\"name\":\"Sports\",\"item\":\"https:\\\/\\\/schweizversand.ch\\\/fr\\\/produkt-kategorie\\\/sports\\\/\"},{\"@type\":\"ListItem\",\"position\":4,\"name\":\"Plein air\",\"item\":\"https:\\\/\\\/schweizversand.ch\\\/fr\\\/produkt-kategorie\\\/sports\\\/plein-air\\\/\"},{\"@type\":\"ListItem\",\"position\":5,\"name\":\"Randonn\u00e9e\",\"item\":\"https:\\\/\\\/schweizversand.ch\\\/fr\\\/produkt-kategorie\\\/sports\\\/plein-air\\\/wandern\\\/\"},{\"@type\":\"ListItem\",\"position\":6,\"name\":\"Bottes de randonn\u00e9e pour femmes Trespass MIYA\"}]},{\"@type\":\"WebSite\",\"@id\":\"https:\\\/\\\/schweizversand.ch\\\/fr\\\/#website\",\"url\":\"https:\\\/\\\/schweizversand.ch\\\/fr\\\/\",\"name\":\"Schweizer Shop f\u00fcr Sport, Spiel und Freizeit\",\"description\":\"Gratisversand ab 50.- (netto), ab eigenem schweizer Lager, Lieferung innert 48h\",\"publisher\":{\"@id\":\"https:\\\/\\\/schweizversand.ch\\\/fr\\\/#organization\"},\"alternateName\":\"Schweizversand.ch\",\"potentialAction\":[{\"@type\":\"SearchAction\",\"target\":{\"@type\":\"EntryPoint\",\"urlTemplate\":\"https:\\\/\\\/schweizversand.ch\\\/fr\\\/?s={search_term_string}\"},\"query-input\":{\"@type\":\"PropertyValueSpecification\",\"valueRequired\":true,\"valueName\":\"search_term_string\"}}],\"inLanguage\":\"fr-FR\"},{\"@type\":\"Organization\",\"@id\":\"https:\\\/\\\/schweizversand.ch\\\/fr\\\/#organization\",\"name\":\"Schweizversand.ch\",\"url\":\"https:\\\/\\\/schweizversand.ch\\\/fr\\\/\",\"logo\":{\"@type\":\"ImageObject\",\"inLanguage\":\"fr-FR\",\"@id\":\"https:\\\/\\\/schweizversand.ch\\\/fr\\\/#\\\/schema\\\/logo\\\/image\\\/\",\"url\":\"https:\\\/\\\/schweizversand.ch\\\/wp-content\\\/uploads\\\/2026\\\/03\\\/Logo_Rund_Final-1.png\",\"contentUrl\":\"https:\\\/\\\/schweizversand.ch\\\/wp-content\\\/uploads\\\/2026\\\/03\\\/Logo_Rund_Final-1.png\",\"width\":404,\"height\":404,\"caption\":\"Schweizversand.ch\"},\"image\":{\"@id\":\"https:\\\/\\\/schweizversand.ch\\\/fr\\\/#\\\/schema\\\/logo\\\/image\\\/\"},\"sameAs\":[\"https:\\\/\\\/www.facebook.com\\\/Schweizversand\",\"https:\\\/\\\/www.instagram.com\\\/schweizversand.ch\\\/\"]}]}<\/script>\n<!-- \/ Yoast SEO plugin. -->","yoast_head_json":{"title":"Trespass MIYA Damen Wanderschuhe","description":"Der \"Miya\" Wanderschuh f\u00fcr Damen ist eine ausgezeichnete Wahl f\u00fcr Outdoor-Abenteuer.\u00a0 Die \"Miya\" Wanderschuhe bieten nicht nur Schutz und Funktionalit\u00e4t, sonder","robots":{"index":"index","follow":"follow","max-snippet":"max-snippet:-1","max-image-preview":"max-image-preview:large","max-video-preview":"max-video-preview:-1"},"canonical":"https:\/\/schweizversand.ch\/fr\/produkt\/trespass-miya-damen-wanderschuhe-2\/","og_locale":"fr_FR","og_type":"article","og_title":"Trespass MIYA Damen Wanderschuhe","og_description":"Der \"Miya\" Wanderschuh f\u00fcr Damen ist eine ausgezeichnete Wahl f\u00fcr Outdoor-Abenteuer.\u00a0 Die \"Miya\" Wanderschuhe bieten nicht nur Schutz und Funktionalit\u00e4t, sonder","og_url":"https:\/\/schweizversand.ch\/fr\/produkt\/trespass-miya-damen-wanderschuhe-2\/","og_site_name":"Schweizer Shop f\u00fcr Sport, Spiel und Freizeit","article_publisher":"https:\/\/www.facebook.com\/Schweizversand","article_modified_time":"2026-04-20T00:03:59+00:00","og_image":[{"width":1024,"height":770,"url":"https:\/\/schweizversand.ch\/wp-content\/uploads\/2026\/02\/5471679707.jpg","type":"image\/jpeg"}],"twitter_card":"summary_large_image","twitter_misc":{"Dur\u00e9e de lecture estim\u00e9e":"1 minute"},"schema":{"@context":"https:\/\/schema.org","@graph":[{"@type":"WebPage","@id":"https:\/\/schweizversand.ch\/fr\/produkt\/trespass-miya-damen-wanderschuhe-2\/","url":"https:\/\/schweizversand.ch\/fr\/produkt\/trespass-miya-damen-wanderschuhe-2\/","name":"Trespass MIYA Damen Wanderschuhe","isPartOf":{"@id":"https:\/\/schweizversand.ch\/fr\/#website"},"primaryImageOfPage":{"@id":"https:\/\/schweizversand.ch\/fr\/produkt\/trespass-miya-damen-wanderschuhe-2\/#primaryimage"},"image":{"@id":"https:\/\/schweizversand.ch\/fr\/produkt\/trespass-miya-damen-wanderschuhe-2\/#primaryimage"},"thumbnailUrl":"https:\/\/schweizversand.ch\/wp-content\/uploads\/2026\/02\/5471679707.jpg","datePublished":"2026-03-14T23:56:09+00:00","dateModified":"2026-04-20T00:03:59+00:00","description":"Der \"Miya\" Wanderschuh f\u00fcr Damen ist eine ausgezeichnete Wahl f\u00fcr Outdoor-Abenteuer.\u00a0 Die \"Miya\" Wanderschuhe bieten nicht nur Schutz und Funktionalit\u00e4t, sonder","breadcrumb":{"@id":"https:\/\/schweizversand.ch\/fr\/produkt\/trespass-miya-damen-wanderschuhe-2\/#breadcrumb"},"inLanguage":"fr-FR","potentialAction":[{"@type":"ReadAction","target":["https:\/\/schweizversand.ch\/fr\/produkt\/trespass-miya-damen-wanderschuhe-2\/"]}]},{"@type":"ImageObject","inLanguage":"fr-FR","@id":"https:\/\/schweizversand.ch\/fr\/produkt\/trespass-miya-damen-wanderschuhe-2\/#primaryimage","url":"https:\/\/schweizversand.ch\/wp-content\/uploads\/2026\/02\/5471679707.jpg","contentUrl":"https:\/\/schweizversand.ch\/wp-content\/uploads\/2026\/02\/5471679707.jpg","width":1024,"height":770},{"@type":"BreadcrumbList","@id":"https:\/\/schweizversand.ch\/fr\/produkt\/trespass-miya-damen-wanderschuhe-2\/#breadcrumb","itemListElement":[{"@type":"ListItem","position":1,"name":"Startseite","item":"https:\/\/schweizversand.ch\/fr\/home\/"},{"@type":"ListItem","position":2,"name":"Boutique","item":"https:\/\/schweizversand.ch\/fr\/boutique\/"},{"@type":"ListItem","position":3,"name":"Sports","item":"https:\/\/schweizversand.ch\/fr\/produkt-kategorie\/sports\/"},{"@type":"ListItem","position":4,"name":"Plein air","item":"https:\/\/schweizversand.ch\/fr\/produkt-kategorie\/sports\/plein-air\/"},{"@type":"ListItem","position":5,"name":"Randonn\u00e9e","item":"https:\/\/schweizversand.ch\/fr\/produkt-kategorie\/sports\/plein-air\/wandern\/"},{"@type":"ListItem","position":6,"name":"Bottes de randonn\u00e9e pour femmes Trespass MIYA"}]},{"@type":"WebSite","@id":"https:\/\/schweizversand.ch\/fr\/#website","url":"https:\/\/schweizversand.ch\/fr\/","name":"Schweizer Shop f\u00fcr Sport, Spiel und Freizeit","description":"Gratisversand ab 50.- (netto), ab eigenem schweizer Lager, Lieferung innert 48h","publisher":{"@id":"https:\/\/schweizversand.ch\/fr\/#organization"},"alternateName":"Schweizversand.ch","potentialAction":[{"@type":"SearchAction","target":{"@type":"EntryPoint","urlTemplate":"https:\/\/schweizversand.ch\/fr\/?s={search_term_string}"},"query-input":{"@type":"PropertyValueSpecification","valueRequired":true,"valueName":"search_term_string"}}],"inLanguage":"fr-FR"},{"@type":"Organization","@id":"https:\/\/schweizversand.ch\/fr\/#organization","name":"Schweizversand.ch","url":"https:\/\/schweizversand.ch\/fr\/","logo":{"@type":"ImageObject","inLanguage":"fr-FR","@id":"https:\/\/schweizversand.ch\/fr\/#\/schema\/logo\/image\/","url":"https:\/\/schweizversand.ch\/wp-content\/uploads\/2026\/03\/Logo_Rund_Final-1.png","contentUrl":"https:\/\/schweizversand.ch\/wp-content\/uploads\/2026\/03\/Logo_Rund_Final-1.png","width":404,"height":404,"caption":"Schweizversand.ch"},"image":{"@id":"https:\/\/schweizversand.ch\/fr\/#\/schema\/logo\/image\/"},"sameAs":["https:\/\/www.facebook.com\/Schweizversand","https:\/\/www.instagram.com\/schweizversand.ch\/"]}]}},"jetpack_sharing_enabled":true,"_links":{"self":[{"href":"https:\/\/schweizversand.ch\/fr\/wp-json\/wp\/v2\/product\/260067","targetHints":{"allow":["GET"]}}],"collection":[{"href":"https:\/\/schweizversand.ch\/fr\/wp-json\/wp\/v2\/product"}],"about":[{"href":"https:\/\/schweizversand.ch\/fr\/wp-json\/wp\/v2\/types\/product"}],"replies":[{"embeddable":true,"href":"https:\/\/schweizversand.ch\/fr\/wp-json\/wp\/v2\/comments?post=260067"}],"wp:featuredmedia":[{"embeddable":true,"href":"https:\/\/schweizversand.ch\/fr\/wp-json\/wp\/v2\/media\/161912"}],"wp:attachment":[{"href":"https:\/\/schweizversand.ch\/fr\/wp-json\/wp\/v2\/media?parent=260067"}],"wp:term":[{"taxonomy":"product_brand","embeddable":true,"href":"https:\/\/schweizversand.ch\/fr\/wp-json\/wp\/v2\/product_brand?post=260067"},{"taxonomy":"product_cat","embeddable":true,"href":"https:\/\/schweizversand.ch\/fr\/wp-json\/wp\/v2\/product_cat?post=260067"},{"taxonomy":"product_tag","embeddable":true,"href":"https:\/\/schweizversand.ch\/fr\/wp-json\/wp\/v2\/product_tag?post=260067"}],"curies":[{"name":"wp","href":"https:\/\/api.w.org\/{rel}","templated":true}]}}