{"id":260074,"date":"2026-03-15T00:56:11","date_gmt":"2026-03-14T23:56:11","guid":{"rendered":"https:\/\/schweizversand.ch\/produkt\/trespass-gillon-ii-mittelhoher-wanderschuh-2\/"},"modified":"2026-04-20T02:03:59","modified_gmt":"2026-04-20T00:03:59","slug":"trespass-gillon-ii-mittelhoher-wanderschuh-2","status":"publish","type":"product","link":"https:\/\/schweizversand.ch\/fr\/produkt\/trespass-gillon-ii-mittelhoher-wanderschuh-2\/","title":{"rendered":"Bottes de randonn\u00e9e mi-hautes Trespass GILLON II"},"content":{"rendered":"<p>Chaussures de randonn\u00e9e Trespass Gillon II \u2013 Protection et confort pour toutes vos aventures<\/p>\n<p>Pr\u00e9parez vos enfants \u00e0 toutes leurs aventures en plein air\u00a0! Avec les chaussures de randonn\u00e9e Trespass Gillon II, leurs pieds restent au sec, confortables et parfaitement prot\u00e9g\u00e9s. Id\u00e9ales pour les sorties, les randonn\u00e9es ou au quotidien, par tous les temps.<\/p>\n<p>\u2714 Imperm\u00e9ables et respirantes<\/p>\n<p>Gr\u00e2ce \u00e0 la membrane int\u00e9gr\u00e9e, les pieds des enfants restent au sec et ne surchauffent pas.<\/p>\n<p>\u2714 Tige mi-haute<\/p>\n<p>La tige mi-haute assure stabilit\u00e9 et maintien optimal de la cheville.<\/p>\n<p>\u2714 Protection contre la salet\u00e9 et l&rsquo;humidit\u00e9<\/p>\n<p>La languette \u00e0 soufflet emp\u00eache l&rsquo;eau et les petits cailloux de p\u00e9n\u00e9trer.<\/p>\n<p>\u2714 Renforts aux orteils et au talon<\/p>\n<p>Pour une protection et une durabilit\u00e9 accrues, m\u00eame sur les terrains accident\u00e9s.<\/p>\n<p>\u2714 Confort sup\u00e9rieur<\/p>\n<p>Le col et la languette rembourr\u00e9s offrent maintien et confort tout au long de la journ\u00e9e.<\/p>\n<p>\u2714 Tige stabilisatrice et semelle int\u00e9rieure confortable<\/p>\n<p>Avec une semelle int\u00e9rieure profil\u00e9e et un cambrion de soutien pour une marche agr\u00e9able.<\/p>\n<p>\u2714 Semelle ext\u00e9rieure antid\u00e9rapante<\/p>\n<p>La semelle ext\u00e9rieure en TPR durable assure une adh\u00e9rence optimale sur toutes les surfaces.<\/p>\n<p>Composition\u00a0:<\/p>\n<p>\u2022 Tige\u00a0: PU \/ Textile<\/p>\n<p>\u2022 Doublure\u00a0: Textile<\/p>\n<p>\u2022 Semelle int\u00e9rieure\u00a0: EVA<\/p>\n<p>\u2022 Semelle ext\u00e9rieure\u00a0: TPR<\/p>\n<p>Avec ces chaussures de randonn\u00e9e, vous serez parfaitement \u00e9quip\u00e9(e) pour votre prochaine aventure\u00a0!<\/p>\n","protected":false},"excerpt":{"rendered":"<p>Trespass GILLON II mittelhoher Wanderschuh sch\u00fctzt Kinderf\u00fc\u00dfe wasserdicht, atmungsaktiv und stabil \u2013 ideal f\u00fcr Abenteuer mit Komfort und sicherem Halt bei jedem Wetter.<\/p>\n","protected":false},"featured_media":161975,"comment_status":"open","ping_status":"closed","template":"","meta":[],"product_brand":[],"product_cat":[38335],"product_tag":[],"class_list":{"0":"post-260074","1":"product","2":"type-product","3":"status-publish","4":"has-post-thumbnail","6":"product_cat-wandern","7":"product_shipping_class-global_methods","9":"first","10":"instock","11":"taxable","12":"shipping-taxable","13":"purchasable","14":"product-type-simple"},"yoast_head":"<!-- This site is optimized with the Yoast SEO plugin v27.4 - https:\/\/yoast.com\/product\/yoast-seo-wordpress\/ -->\n<title>Trespass GILLON II mittelhoher Wanderschuh<\/title>\n<meta name=\"description\" content=\"Trespass Gillon II Wanderschuhe \u2013 Schutz &amp; Komfort f\u00fcr jedes Abenteuer Mach deine Kinder bereit f\u00fcr jedes Outdoor-Abenteuer \u2013 mit den Trespass Gillon II Wander\" \/>\n<meta name=\"robots\" content=\"index, follow, max-snippet:-1, max-image-preview:large, max-video-preview:-1\" \/>\n<link rel=\"canonical\" href=\"https:\/\/schweizversand.ch\/fr\/produkt\/trespass-gillon-ii-mittelhoher-wanderschuh-2\/\" \/>\n<meta property=\"og:locale\" content=\"fr_FR\" \/>\n<meta property=\"og:type\" content=\"article\" \/>\n<meta property=\"og:title\" content=\"Trespass GILLON II mittelhoher Wanderschuh\" \/>\n<meta property=\"og:description\" content=\"Trespass Gillon II Wanderschuhe \u2013 Schutz &amp; Komfort f\u00fcr jedes Abenteuer Mach deine Kinder bereit f\u00fcr jedes Outdoor-Abenteuer \u2013 mit den Trespass Gillon II Wander\" \/>\n<meta property=\"og:url\" content=\"https:\/\/schweizversand.ch\/fr\/produkt\/trespass-gillon-ii-mittelhoher-wanderschuh-2\/\" \/>\n<meta property=\"og:site_name\" content=\"Schweizer Shop f\u00fcr Sport, Spiel und Freizeit\" \/>\n<meta property=\"article:publisher\" content=\"https:\/\/www.facebook.com\/Schweizversand\" \/>\n<meta property=\"article:modified_time\" content=\"2026-04-20T00:03:59+00:00\" \/>\n<meta property=\"og:image\" content=\"https:\/\/schweizversand.ch\/wp-content\/uploads\/2026\/02\/5471873836.jpg\" \/>\n\t<meta property=\"og:image:width\" content=\"1024\" \/>\n\t<meta property=\"og:image:height\" content=\"907\" \/>\n\t<meta property=\"og:image:type\" content=\"image\/jpeg\" \/>\n<meta name=\"twitter:card\" content=\"summary_large_image\" \/>\n<meta name=\"twitter:label1\" content=\"Dur\u00e9e de lecture estim\u00e9e\" \/>\n\t<meta name=\"twitter:data1\" content=\"1 minute\" \/>\n<script type=\"application\/ld+json\" class=\"yoast-schema-graph\">{\"@context\":\"https:\\\/\\\/schema.org\",\"@graph\":[{\"@type\":\"WebPage\",\"@id\":\"https:\\\/\\\/schweizversand.ch\\\/fr\\\/produkt\\\/trespass-gillon-ii-mittelhoher-wanderschuh-2\\\/\",\"url\":\"https:\\\/\\\/schweizversand.ch\\\/fr\\\/produkt\\\/trespass-gillon-ii-mittelhoher-wanderschuh-2\\\/\",\"name\":\"Trespass GILLON II mittelhoher Wanderschuh\",\"isPartOf\":{\"@id\":\"https:\\\/\\\/schweizversand.ch\\\/fr\\\/#website\"},\"primaryImageOfPage\":{\"@id\":\"https:\\\/\\\/schweizversand.ch\\\/fr\\\/produkt\\\/trespass-gillon-ii-mittelhoher-wanderschuh-2\\\/#primaryimage\"},\"image\":{\"@id\":\"https:\\\/\\\/schweizversand.ch\\\/fr\\\/produkt\\\/trespass-gillon-ii-mittelhoher-wanderschuh-2\\\/#primaryimage\"},\"thumbnailUrl\":\"https:\\\/\\\/schweizversand.ch\\\/wp-content\\\/uploads\\\/2026\\\/02\\\/5471873836.jpg\",\"datePublished\":\"2026-03-14T23:56:11+00:00\",\"dateModified\":\"2026-04-20T00:03:59+00:00\",\"description\":\"Trespass Gillon II Wanderschuhe \u2013 Schutz & Komfort f\u00fcr jedes Abenteuer Mach deine Kinder bereit f\u00fcr jedes Outdoor-Abenteuer \u2013 mit den Trespass Gillon II Wander\",\"breadcrumb\":{\"@id\":\"https:\\\/\\\/schweizversand.ch\\\/fr\\\/produkt\\\/trespass-gillon-ii-mittelhoher-wanderschuh-2\\\/#breadcrumb\"},\"inLanguage\":\"fr-FR\",\"potentialAction\":[{\"@type\":\"ReadAction\",\"target\":[\"https:\\\/\\\/schweizversand.ch\\\/fr\\\/produkt\\\/trespass-gillon-ii-mittelhoher-wanderschuh-2\\\/\"]}]},{\"@type\":\"ImageObject\",\"inLanguage\":\"fr-FR\",\"@id\":\"https:\\\/\\\/schweizversand.ch\\\/fr\\\/produkt\\\/trespass-gillon-ii-mittelhoher-wanderschuh-2\\\/#primaryimage\",\"url\":\"https:\\\/\\\/schweizversand.ch\\\/wp-content\\\/uploads\\\/2026\\\/02\\\/5471873836.jpg\",\"contentUrl\":\"https:\\\/\\\/schweizversand.ch\\\/wp-content\\\/uploads\\\/2026\\\/02\\\/5471873836.jpg\",\"width\":1024,\"height\":907},{\"@type\":\"BreadcrumbList\",\"@id\":\"https:\\\/\\\/schweizversand.ch\\\/fr\\\/produkt\\\/trespass-gillon-ii-mittelhoher-wanderschuh-2\\\/#breadcrumb\",\"itemListElement\":[{\"@type\":\"ListItem\",\"position\":1,\"name\":\"Startseite\",\"item\":\"https:\\\/\\\/schweizversand.ch\\\/fr\\\/home\\\/\"},{\"@type\":\"ListItem\",\"position\":2,\"name\":\"Boutique\",\"item\":\"https:\\\/\\\/schweizversand.ch\\\/fr\\\/boutique\\\/\"},{\"@type\":\"ListItem\",\"position\":3,\"name\":\"Sports\",\"item\":\"https:\\\/\\\/schweizversand.ch\\\/fr\\\/produkt-kategorie\\\/sports\\\/\"},{\"@type\":\"ListItem\",\"position\":4,\"name\":\"Plein air\",\"item\":\"https:\\\/\\\/schweizversand.ch\\\/fr\\\/produkt-kategorie\\\/sports\\\/plein-air\\\/\"},{\"@type\":\"ListItem\",\"position\":5,\"name\":\"Randonn\u00e9e\",\"item\":\"https:\\\/\\\/schweizversand.ch\\\/fr\\\/produkt-kategorie\\\/sports\\\/plein-air\\\/wandern\\\/\"},{\"@type\":\"ListItem\",\"position\":6,\"name\":\"Bottes de randonn\u00e9e mi-hautes Trespass GILLON II\"}]},{\"@type\":\"WebSite\",\"@id\":\"https:\\\/\\\/schweizversand.ch\\\/fr\\\/#website\",\"url\":\"https:\\\/\\\/schweizversand.ch\\\/fr\\\/\",\"name\":\"Schweizer Shop f\u00fcr Sport, Spiel und Freizeit\",\"description\":\"Gratisversand ab 50.- (netto), ab eigenem schweizer Lager, Lieferung innert 48h\",\"publisher\":{\"@id\":\"https:\\\/\\\/schweizversand.ch\\\/fr\\\/#organization\"},\"alternateName\":\"Schweizversand.ch\",\"potentialAction\":[{\"@type\":\"SearchAction\",\"target\":{\"@type\":\"EntryPoint\",\"urlTemplate\":\"https:\\\/\\\/schweizversand.ch\\\/fr\\\/?s={search_term_string}\"},\"query-input\":{\"@type\":\"PropertyValueSpecification\",\"valueRequired\":true,\"valueName\":\"search_term_string\"}}],\"inLanguage\":\"fr-FR\"},{\"@type\":\"Organization\",\"@id\":\"https:\\\/\\\/schweizversand.ch\\\/fr\\\/#organization\",\"name\":\"Schweizversand.ch\",\"url\":\"https:\\\/\\\/schweizversand.ch\\\/fr\\\/\",\"logo\":{\"@type\":\"ImageObject\",\"inLanguage\":\"fr-FR\",\"@id\":\"https:\\\/\\\/schweizversand.ch\\\/fr\\\/#\\\/schema\\\/logo\\\/image\\\/\",\"url\":\"https:\\\/\\\/schweizversand.ch\\\/wp-content\\\/uploads\\\/2026\\\/03\\\/Logo_Rund_Final-1.png\",\"contentUrl\":\"https:\\\/\\\/schweizversand.ch\\\/wp-content\\\/uploads\\\/2026\\\/03\\\/Logo_Rund_Final-1.png\",\"width\":404,\"height\":404,\"caption\":\"Schweizversand.ch\"},\"image\":{\"@id\":\"https:\\\/\\\/schweizversand.ch\\\/fr\\\/#\\\/schema\\\/logo\\\/image\\\/\"},\"sameAs\":[\"https:\\\/\\\/www.facebook.com\\\/Schweizversand\",\"https:\\\/\\\/www.instagram.com\\\/schweizversand.ch\\\/\"]}]}<\/script>\n<!-- \/ Yoast SEO plugin. -->","yoast_head_json":{"title":"Trespass GILLON II mittelhoher Wanderschuh","description":"Trespass Gillon II Wanderschuhe \u2013 Schutz & Komfort f\u00fcr jedes Abenteuer Mach deine Kinder bereit f\u00fcr jedes Outdoor-Abenteuer \u2013 mit den Trespass Gillon II Wander","robots":{"index":"index","follow":"follow","max-snippet":"max-snippet:-1","max-image-preview":"max-image-preview:large","max-video-preview":"max-video-preview:-1"},"canonical":"https:\/\/schweizversand.ch\/fr\/produkt\/trespass-gillon-ii-mittelhoher-wanderschuh-2\/","og_locale":"fr_FR","og_type":"article","og_title":"Trespass GILLON II mittelhoher Wanderschuh","og_description":"Trespass Gillon II Wanderschuhe \u2013 Schutz & Komfort f\u00fcr jedes Abenteuer Mach deine Kinder bereit f\u00fcr jedes Outdoor-Abenteuer \u2013 mit den Trespass Gillon II Wander","og_url":"https:\/\/schweizversand.ch\/fr\/produkt\/trespass-gillon-ii-mittelhoher-wanderschuh-2\/","og_site_name":"Schweizer Shop f\u00fcr Sport, Spiel und Freizeit","article_publisher":"https:\/\/www.facebook.com\/Schweizversand","article_modified_time":"2026-04-20T00:03:59+00:00","og_image":[{"width":1024,"height":907,"url":"https:\/\/schweizversand.ch\/wp-content\/uploads\/2026\/02\/5471873836.jpg","type":"image\/jpeg"}],"twitter_card":"summary_large_image","twitter_misc":{"Dur\u00e9e de lecture estim\u00e9e":"1 minute"},"schema":{"@context":"https:\/\/schema.org","@graph":[{"@type":"WebPage","@id":"https:\/\/schweizversand.ch\/fr\/produkt\/trespass-gillon-ii-mittelhoher-wanderschuh-2\/","url":"https:\/\/schweizversand.ch\/fr\/produkt\/trespass-gillon-ii-mittelhoher-wanderschuh-2\/","name":"Trespass GILLON II mittelhoher Wanderschuh","isPartOf":{"@id":"https:\/\/schweizversand.ch\/fr\/#website"},"primaryImageOfPage":{"@id":"https:\/\/schweizversand.ch\/fr\/produkt\/trespass-gillon-ii-mittelhoher-wanderschuh-2\/#primaryimage"},"image":{"@id":"https:\/\/schweizversand.ch\/fr\/produkt\/trespass-gillon-ii-mittelhoher-wanderschuh-2\/#primaryimage"},"thumbnailUrl":"https:\/\/schweizversand.ch\/wp-content\/uploads\/2026\/02\/5471873836.jpg","datePublished":"2026-03-14T23:56:11+00:00","dateModified":"2026-04-20T00:03:59+00:00","description":"Trespass Gillon II Wanderschuhe \u2013 Schutz & Komfort f\u00fcr jedes Abenteuer Mach deine Kinder bereit f\u00fcr jedes Outdoor-Abenteuer \u2013 mit den Trespass Gillon II Wander","breadcrumb":{"@id":"https:\/\/schweizversand.ch\/fr\/produkt\/trespass-gillon-ii-mittelhoher-wanderschuh-2\/#breadcrumb"},"inLanguage":"fr-FR","potentialAction":[{"@type":"ReadAction","target":["https:\/\/schweizversand.ch\/fr\/produkt\/trespass-gillon-ii-mittelhoher-wanderschuh-2\/"]}]},{"@type":"ImageObject","inLanguage":"fr-FR","@id":"https:\/\/schweizversand.ch\/fr\/produkt\/trespass-gillon-ii-mittelhoher-wanderschuh-2\/#primaryimage","url":"https:\/\/schweizversand.ch\/wp-content\/uploads\/2026\/02\/5471873836.jpg","contentUrl":"https:\/\/schweizversand.ch\/wp-content\/uploads\/2026\/02\/5471873836.jpg","width":1024,"height":907},{"@type":"BreadcrumbList","@id":"https:\/\/schweizversand.ch\/fr\/produkt\/trespass-gillon-ii-mittelhoher-wanderschuh-2\/#breadcrumb","itemListElement":[{"@type":"ListItem","position":1,"name":"Startseite","item":"https:\/\/schweizversand.ch\/fr\/home\/"},{"@type":"ListItem","position":2,"name":"Boutique","item":"https:\/\/schweizversand.ch\/fr\/boutique\/"},{"@type":"ListItem","position":3,"name":"Sports","item":"https:\/\/schweizversand.ch\/fr\/produkt-kategorie\/sports\/"},{"@type":"ListItem","position":4,"name":"Plein air","item":"https:\/\/schweizversand.ch\/fr\/produkt-kategorie\/sports\/plein-air\/"},{"@type":"ListItem","position":5,"name":"Randonn\u00e9e","item":"https:\/\/schweizversand.ch\/fr\/produkt-kategorie\/sports\/plein-air\/wandern\/"},{"@type":"ListItem","position":6,"name":"Bottes de randonn\u00e9e mi-hautes Trespass GILLON II"}]},{"@type":"WebSite","@id":"https:\/\/schweizversand.ch\/fr\/#website","url":"https:\/\/schweizversand.ch\/fr\/","name":"Schweizer Shop f\u00fcr Sport, Spiel und Freizeit","description":"Gratisversand ab 50.- (netto), ab eigenem schweizer Lager, Lieferung innert 48h","publisher":{"@id":"https:\/\/schweizversand.ch\/fr\/#organization"},"alternateName":"Schweizversand.ch","potentialAction":[{"@type":"SearchAction","target":{"@type":"EntryPoint","urlTemplate":"https:\/\/schweizversand.ch\/fr\/?s={search_term_string}"},"query-input":{"@type":"PropertyValueSpecification","valueRequired":true,"valueName":"search_term_string"}}],"inLanguage":"fr-FR"},{"@type":"Organization","@id":"https:\/\/schweizversand.ch\/fr\/#organization","name":"Schweizversand.ch","url":"https:\/\/schweizversand.ch\/fr\/","logo":{"@type":"ImageObject","inLanguage":"fr-FR","@id":"https:\/\/schweizversand.ch\/fr\/#\/schema\/logo\/image\/","url":"https:\/\/schweizversand.ch\/wp-content\/uploads\/2026\/03\/Logo_Rund_Final-1.png","contentUrl":"https:\/\/schweizversand.ch\/wp-content\/uploads\/2026\/03\/Logo_Rund_Final-1.png","width":404,"height":404,"caption":"Schweizversand.ch"},"image":{"@id":"https:\/\/schweizversand.ch\/fr\/#\/schema\/logo\/image\/"},"sameAs":["https:\/\/www.facebook.com\/Schweizversand","https:\/\/www.instagram.com\/schweizversand.ch\/"]}]}},"jetpack_sharing_enabled":true,"_links":{"self":[{"href":"https:\/\/schweizversand.ch\/fr\/wp-json\/wp\/v2\/product\/260074","targetHints":{"allow":["GET"]}}],"collection":[{"href":"https:\/\/schweizversand.ch\/fr\/wp-json\/wp\/v2\/product"}],"about":[{"href":"https:\/\/schweizversand.ch\/fr\/wp-json\/wp\/v2\/types\/product"}],"replies":[{"embeddable":true,"href":"https:\/\/schweizversand.ch\/fr\/wp-json\/wp\/v2\/comments?post=260074"}],"wp:featuredmedia":[{"embeddable":true,"href":"https:\/\/schweizversand.ch\/fr\/wp-json\/wp\/v2\/media\/161975"}],"wp:attachment":[{"href":"https:\/\/schweizversand.ch\/fr\/wp-json\/wp\/v2\/media?parent=260074"}],"wp:term":[{"taxonomy":"product_brand","embeddable":true,"href":"https:\/\/schweizversand.ch\/fr\/wp-json\/wp\/v2\/product_brand?post=260074"},{"taxonomy":"product_cat","embeddable":true,"href":"https:\/\/schweizversand.ch\/fr\/wp-json\/wp\/v2\/product_cat?post=260074"},{"taxonomy":"product_tag","embeddable":true,"href":"https:\/\/schweizversand.ch\/fr\/wp-json\/wp\/v2\/product_tag?post=260074"}],"curies":[{"name":"wp","href":"https:\/\/api.w.org\/{rel}","templated":true}]}}