{"id":260086,"date":"2026-03-15T00:56:12","date_gmt":"2026-03-14T23:56:12","guid":{"rendered":"https:\/\/schweizversand.ch\/produkt\/trespass-gillon-ii-halbhohe-outdoor-schuhe-2\/"},"modified":"2026-04-26T15:34:22","modified_gmt":"2026-04-26T13:34:22","slug":"trespass-gillon-ii-halbhohe-outdoor-schuhe-2","status":"publish","type":"product","link":"https:\/\/schweizversand.ch\/fr\/produkt\/trespass-gillon-ii-halbhohe-outdoor-schuhe-2\/","title":{"rendered":"Chaussures d&rsquo;ext\u00e9rieur mi-hautes Trespass GILLON II"},"content":{"rendered":"<p>Pr\u00eats pour toutes les aventures\u00a0? Craquez pour les chaussures outdoor Trespass Gillon II\u00a0!<\/p>\n<\/p>\n<p>Que ce soit pour une balade en for\u00eat ou une sortie au parc, ces chaussures robustes et imperm\u00e9ables garderont vos pieds parfaitement prot\u00e9g\u00e9s. Leur conception respirante assure un confort optimal, m\u00eame par temps humide.<\/p>\n<\/p>\n<p>&#8211; Imperm\u00e9ables et respirantes\u00a0: vos pieds restent au sec et au frais.<\/p>\n<\/p>\n<p>&#8211; Maintien et confort\u00a0: gr\u00e2ce \u00e0 un col et une languette de maintien.<\/p>\n<\/p>\n<p>&#8211; Protection des orteils et du talon\u00a0: pour jouer en toute libert\u00e9.<\/p>\n<\/p>\n<p>&#8211; Confort optimal\u00a0: gr\u00e2ce \u00e0 la semelle int\u00e9rieure moul\u00e9e et \u00e0 la semelle ext\u00e9rieure antid\u00e9rapante.<\/p>\n<\/p>\n<p>Composition\u00a0:<\/p>\n<\/p>\n<p>Tige\u00a0: PU\/Textile | Doublure\u00a0: Textile | Semelle int\u00e9rieure\u00a0: EVA | Semelle ext\u00e9rieure\u00a0: TPR<\/p>\n","protected":false},"excerpt":{"rendered":"<p>Trespass GILLON II halbhohe Outdoor Schuhe bieten wasserdichten Schutz, atmungsaktiven Komfort und robusten Halt f\u00fcr jedes Abenteuer \u2013 perfekt f\u00fcr aktive Kinderf\u00fc\u00dfe bei jedem Wetter.<\/p>\n","protected":false},"featured_media":162047,"comment_status":"open","ping_status":"closed","template":"","meta":[],"product_brand":[],"product_cat":[39094],"product_tag":[],"class_list":{"0":"post-260086","1":"product","2":"type-product","3":"status-publish","4":"has-post-thumbnail","6":"product_cat-outdoorschuhe","7":"product_shipping_class-global_methods","9":"first","10":"instock","11":"taxable","12":"shipping-taxable","13":"purchasable","14":"product-type-simple"},"yoast_head":"<!-- This site is optimized with the Yoast SEO plugin v27.4 - https:\/\/yoast.com\/product\/yoast-seo-wordpress\/ -->\n<title>Trespass GILLON II halbhohe Outdoor Schuhe<\/title>\n<meta name=\"description\" content=\"Bereit f\u00fcr jedes Abenteuer \u2013 mit den Trespass Gillon II Outdoorschuhen! Ob Waldspaziergang oder Spielplatz \u2013 mit diesen robusten und wasserdichten Schuhen sind\" \/>\n<meta name=\"robots\" content=\"index, follow, max-snippet:-1, max-image-preview:large, max-video-preview:-1\" \/>\n<link rel=\"canonical\" href=\"https:\/\/schweizversand.ch\/fr\/produkt\/trespass-gillon-ii-halbhohe-outdoor-schuhe-2\/\" \/>\n<meta property=\"og:locale\" content=\"fr_FR\" \/>\n<meta property=\"og:type\" content=\"article\" \/>\n<meta property=\"og:title\" content=\"Trespass GILLON II halbhohe Outdoor Schuhe\" \/>\n<meta property=\"og:description\" content=\"Bereit f\u00fcr jedes Abenteuer \u2013 mit den Trespass Gillon II Outdoorschuhen! Ob Waldspaziergang oder Spielplatz \u2013 mit diesen robusten und wasserdichten Schuhen sind\" \/>\n<meta property=\"og:url\" content=\"https:\/\/schweizversand.ch\/fr\/produkt\/trespass-gillon-ii-halbhohe-outdoor-schuhe-2\/\" \/>\n<meta property=\"og:site_name\" content=\"Schweizer Shop f\u00fcr Sport, Spiel und Freizeit\" \/>\n<meta property=\"article:publisher\" content=\"https:\/\/www.facebook.com\/Schweizversand\" \/>\n<meta property=\"article:modified_time\" content=\"2026-04-26T13:34:22+00:00\" \/>\n<meta property=\"og:image\" content=\"https:\/\/schweizversand.ch\/wp-content\/uploads\/2026\/02\/5471873976.jpg\" \/>\n\t<meta property=\"og:image:width\" content=\"1024\" \/>\n\t<meta property=\"og:image:height\" content=\"1024\" \/>\n\t<meta property=\"og:image:type\" content=\"image\/jpeg\" \/>\n<meta name=\"twitter:card\" content=\"summary_large_image\" \/>\n<meta name=\"twitter:label1\" content=\"Dur\u00e9e de lecture estim\u00e9e\" \/>\n\t<meta name=\"twitter:data1\" content=\"1 minute\" \/>\n<script type=\"application\/ld+json\" class=\"yoast-schema-graph\">{\"@context\":\"https:\\\/\\\/schema.org\",\"@graph\":[{\"@type\":\"WebPage\",\"@id\":\"https:\\\/\\\/schweizversand.ch\\\/fr\\\/produkt\\\/trespass-gillon-ii-halbhohe-outdoor-schuhe-2\\\/\",\"url\":\"https:\\\/\\\/schweizversand.ch\\\/fr\\\/produkt\\\/trespass-gillon-ii-halbhohe-outdoor-schuhe-2\\\/\",\"name\":\"Trespass GILLON II halbhohe Outdoor Schuhe\",\"isPartOf\":{\"@id\":\"https:\\\/\\\/schweizversand.ch\\\/fr\\\/#website\"},\"primaryImageOfPage\":{\"@id\":\"https:\\\/\\\/schweizversand.ch\\\/fr\\\/produkt\\\/trespass-gillon-ii-halbhohe-outdoor-schuhe-2\\\/#primaryimage\"},\"image\":{\"@id\":\"https:\\\/\\\/schweizversand.ch\\\/fr\\\/produkt\\\/trespass-gillon-ii-halbhohe-outdoor-schuhe-2\\\/#primaryimage\"},\"thumbnailUrl\":\"https:\\\/\\\/schweizversand.ch\\\/wp-content\\\/uploads\\\/2026\\\/02\\\/5471873976.jpg\",\"datePublished\":\"2026-03-14T23:56:12+00:00\",\"dateModified\":\"2026-04-26T13:34:22+00:00\",\"description\":\"Bereit f\u00fcr jedes Abenteuer \u2013 mit den Trespass Gillon II Outdoorschuhen! Ob Waldspaziergang oder Spielplatz \u2013 mit diesen robusten und wasserdichten Schuhen sind\",\"breadcrumb\":{\"@id\":\"https:\\\/\\\/schweizversand.ch\\\/fr\\\/produkt\\\/trespass-gillon-ii-halbhohe-outdoor-schuhe-2\\\/#breadcrumb\"},\"inLanguage\":\"fr-FR\",\"potentialAction\":[{\"@type\":\"ReadAction\",\"target\":[\"https:\\\/\\\/schweizversand.ch\\\/fr\\\/produkt\\\/trespass-gillon-ii-halbhohe-outdoor-schuhe-2\\\/\"]}]},{\"@type\":\"ImageObject\",\"inLanguage\":\"fr-FR\",\"@id\":\"https:\\\/\\\/schweizversand.ch\\\/fr\\\/produkt\\\/trespass-gillon-ii-halbhohe-outdoor-schuhe-2\\\/#primaryimage\",\"url\":\"https:\\\/\\\/schweizversand.ch\\\/wp-content\\\/uploads\\\/2026\\\/02\\\/5471873976.jpg\",\"contentUrl\":\"https:\\\/\\\/schweizversand.ch\\\/wp-content\\\/uploads\\\/2026\\\/02\\\/5471873976.jpg\",\"width\":1024,\"height\":1024},{\"@type\":\"BreadcrumbList\",\"@id\":\"https:\\\/\\\/schweizversand.ch\\\/fr\\\/produkt\\\/trespass-gillon-ii-halbhohe-outdoor-schuhe-2\\\/#breadcrumb\",\"itemListElement\":[{\"@type\":\"ListItem\",\"position\":1,\"name\":\"Startseite\",\"item\":\"https:\\\/\\\/schweizversand.ch\\\/fr\\\/home\\\/\"},{\"@type\":\"ListItem\",\"position\":2,\"name\":\"Boutique\",\"item\":\"https:\\\/\\\/schweizversand.ch\\\/fr\\\/boutique\\\/\"},{\"@type\":\"ListItem\",\"position\":3,\"name\":\"Sports\",\"item\":\"https:\\\/\\\/schweizversand.ch\\\/fr\\\/produkt-kategorie\\\/sports\\\/\"},{\"@type\":\"ListItem\",\"position\":4,\"name\":\"Plein air\",\"item\":\"https:\\\/\\\/schweizversand.ch\\\/fr\\\/produkt-kategorie\\\/sports\\\/plein-air\\\/\"},{\"@type\":\"ListItem\",\"position\":5,\"name\":\"Outdoorschuhe\",\"item\":\"https:\\\/\\\/schweizversand.ch\\\/fr\\\/produkt-kategorie\\\/sports\\\/plein-air\\\/outdoorschuhe\\\/\"},{\"@type\":\"ListItem\",\"position\":6,\"name\":\"Chaussures d&#8217;ext\u00e9rieur mi-hautes Trespass GILLON II\"}]},{\"@type\":\"WebSite\",\"@id\":\"https:\\\/\\\/schweizversand.ch\\\/fr\\\/#website\",\"url\":\"https:\\\/\\\/schweizversand.ch\\\/fr\\\/\",\"name\":\"Schweizer Shop f\u00fcr Sport, Spiel und Freizeit\",\"description\":\"Gratisversand ab 50.- (netto), ab eigenem schweizer Lager, Lieferung innert 48h\",\"publisher\":{\"@id\":\"https:\\\/\\\/schweizversand.ch\\\/fr\\\/#organization\"},\"alternateName\":\"Schweizversand.ch\",\"potentialAction\":[{\"@type\":\"SearchAction\",\"target\":{\"@type\":\"EntryPoint\",\"urlTemplate\":\"https:\\\/\\\/schweizversand.ch\\\/fr\\\/?s={search_term_string}\"},\"query-input\":{\"@type\":\"PropertyValueSpecification\",\"valueRequired\":true,\"valueName\":\"search_term_string\"}}],\"inLanguage\":\"fr-FR\"},{\"@type\":\"Organization\",\"@id\":\"https:\\\/\\\/schweizversand.ch\\\/fr\\\/#organization\",\"name\":\"Schweizversand.ch\",\"url\":\"https:\\\/\\\/schweizversand.ch\\\/fr\\\/\",\"logo\":{\"@type\":\"ImageObject\",\"inLanguage\":\"fr-FR\",\"@id\":\"https:\\\/\\\/schweizversand.ch\\\/fr\\\/#\\\/schema\\\/logo\\\/image\\\/\",\"url\":\"https:\\\/\\\/schweizversand.ch\\\/wp-content\\\/uploads\\\/2026\\\/03\\\/Logo_Rund_Final-1.png\",\"contentUrl\":\"https:\\\/\\\/schweizversand.ch\\\/wp-content\\\/uploads\\\/2026\\\/03\\\/Logo_Rund_Final-1.png\",\"width\":404,\"height\":404,\"caption\":\"Schweizversand.ch\"},\"image\":{\"@id\":\"https:\\\/\\\/schweizversand.ch\\\/fr\\\/#\\\/schema\\\/logo\\\/image\\\/\"},\"sameAs\":[\"https:\\\/\\\/www.facebook.com\\\/Schweizversand\",\"https:\\\/\\\/www.instagram.com\\\/schweizversand.ch\\\/\"]}]}<\/script>\n<!-- \/ Yoast SEO plugin. -->","yoast_head_json":{"title":"Trespass GILLON II halbhohe Outdoor Schuhe","description":"Bereit f\u00fcr jedes Abenteuer \u2013 mit den Trespass Gillon II Outdoorschuhen! Ob Waldspaziergang oder Spielplatz \u2013 mit diesen robusten und wasserdichten Schuhen sind","robots":{"index":"index","follow":"follow","max-snippet":"max-snippet:-1","max-image-preview":"max-image-preview:large","max-video-preview":"max-video-preview:-1"},"canonical":"https:\/\/schweizversand.ch\/fr\/produkt\/trespass-gillon-ii-halbhohe-outdoor-schuhe-2\/","og_locale":"fr_FR","og_type":"article","og_title":"Trespass GILLON II halbhohe Outdoor Schuhe","og_description":"Bereit f\u00fcr jedes Abenteuer \u2013 mit den Trespass Gillon II Outdoorschuhen! Ob Waldspaziergang oder Spielplatz \u2013 mit diesen robusten und wasserdichten Schuhen sind","og_url":"https:\/\/schweizversand.ch\/fr\/produkt\/trespass-gillon-ii-halbhohe-outdoor-schuhe-2\/","og_site_name":"Schweizer Shop f\u00fcr Sport, Spiel und Freizeit","article_publisher":"https:\/\/www.facebook.com\/Schweizversand","article_modified_time":"2026-04-26T13:34:22+00:00","og_image":[{"width":1024,"height":1024,"url":"https:\/\/schweizversand.ch\/wp-content\/uploads\/2026\/02\/5471873976.jpg","type":"image\/jpeg"}],"twitter_card":"summary_large_image","twitter_misc":{"Dur\u00e9e de lecture estim\u00e9e":"1 minute"},"schema":{"@context":"https:\/\/schema.org","@graph":[{"@type":"WebPage","@id":"https:\/\/schweizversand.ch\/fr\/produkt\/trespass-gillon-ii-halbhohe-outdoor-schuhe-2\/","url":"https:\/\/schweizversand.ch\/fr\/produkt\/trespass-gillon-ii-halbhohe-outdoor-schuhe-2\/","name":"Trespass GILLON II halbhohe Outdoor Schuhe","isPartOf":{"@id":"https:\/\/schweizversand.ch\/fr\/#website"},"primaryImageOfPage":{"@id":"https:\/\/schweizversand.ch\/fr\/produkt\/trespass-gillon-ii-halbhohe-outdoor-schuhe-2\/#primaryimage"},"image":{"@id":"https:\/\/schweizversand.ch\/fr\/produkt\/trespass-gillon-ii-halbhohe-outdoor-schuhe-2\/#primaryimage"},"thumbnailUrl":"https:\/\/schweizversand.ch\/wp-content\/uploads\/2026\/02\/5471873976.jpg","datePublished":"2026-03-14T23:56:12+00:00","dateModified":"2026-04-26T13:34:22+00:00","description":"Bereit f\u00fcr jedes Abenteuer \u2013 mit den Trespass Gillon II Outdoorschuhen! Ob Waldspaziergang oder Spielplatz \u2013 mit diesen robusten und wasserdichten Schuhen sind","breadcrumb":{"@id":"https:\/\/schweizversand.ch\/fr\/produkt\/trespass-gillon-ii-halbhohe-outdoor-schuhe-2\/#breadcrumb"},"inLanguage":"fr-FR","potentialAction":[{"@type":"ReadAction","target":["https:\/\/schweizversand.ch\/fr\/produkt\/trespass-gillon-ii-halbhohe-outdoor-schuhe-2\/"]}]},{"@type":"ImageObject","inLanguage":"fr-FR","@id":"https:\/\/schweizversand.ch\/fr\/produkt\/trespass-gillon-ii-halbhohe-outdoor-schuhe-2\/#primaryimage","url":"https:\/\/schweizversand.ch\/wp-content\/uploads\/2026\/02\/5471873976.jpg","contentUrl":"https:\/\/schweizversand.ch\/wp-content\/uploads\/2026\/02\/5471873976.jpg","width":1024,"height":1024},{"@type":"BreadcrumbList","@id":"https:\/\/schweizversand.ch\/fr\/produkt\/trespass-gillon-ii-halbhohe-outdoor-schuhe-2\/#breadcrumb","itemListElement":[{"@type":"ListItem","position":1,"name":"Startseite","item":"https:\/\/schweizversand.ch\/fr\/home\/"},{"@type":"ListItem","position":2,"name":"Boutique","item":"https:\/\/schweizversand.ch\/fr\/boutique\/"},{"@type":"ListItem","position":3,"name":"Sports","item":"https:\/\/schweizversand.ch\/fr\/produkt-kategorie\/sports\/"},{"@type":"ListItem","position":4,"name":"Plein air","item":"https:\/\/schweizversand.ch\/fr\/produkt-kategorie\/sports\/plein-air\/"},{"@type":"ListItem","position":5,"name":"Outdoorschuhe","item":"https:\/\/schweizversand.ch\/fr\/produkt-kategorie\/sports\/plein-air\/outdoorschuhe\/"},{"@type":"ListItem","position":6,"name":"Chaussures d&#8217;ext\u00e9rieur mi-hautes Trespass GILLON II"}]},{"@type":"WebSite","@id":"https:\/\/schweizversand.ch\/fr\/#website","url":"https:\/\/schweizversand.ch\/fr\/","name":"Schweizer Shop f\u00fcr Sport, Spiel und Freizeit","description":"Gratisversand ab 50.- (netto), ab eigenem schweizer Lager, Lieferung innert 48h","publisher":{"@id":"https:\/\/schweizversand.ch\/fr\/#organization"},"alternateName":"Schweizversand.ch","potentialAction":[{"@type":"SearchAction","target":{"@type":"EntryPoint","urlTemplate":"https:\/\/schweizversand.ch\/fr\/?s={search_term_string}"},"query-input":{"@type":"PropertyValueSpecification","valueRequired":true,"valueName":"search_term_string"}}],"inLanguage":"fr-FR"},{"@type":"Organization","@id":"https:\/\/schweizversand.ch\/fr\/#organization","name":"Schweizversand.ch","url":"https:\/\/schweizversand.ch\/fr\/","logo":{"@type":"ImageObject","inLanguage":"fr-FR","@id":"https:\/\/schweizversand.ch\/fr\/#\/schema\/logo\/image\/","url":"https:\/\/schweizversand.ch\/wp-content\/uploads\/2026\/03\/Logo_Rund_Final-1.png","contentUrl":"https:\/\/schweizversand.ch\/wp-content\/uploads\/2026\/03\/Logo_Rund_Final-1.png","width":404,"height":404,"caption":"Schweizversand.ch"},"image":{"@id":"https:\/\/schweizversand.ch\/fr\/#\/schema\/logo\/image\/"},"sameAs":["https:\/\/www.facebook.com\/Schweizversand","https:\/\/www.instagram.com\/schweizversand.ch\/"]}]}},"jetpack_sharing_enabled":true,"_links":{"self":[{"href":"https:\/\/schweizversand.ch\/fr\/wp-json\/wp\/v2\/product\/260086","targetHints":{"allow":["GET"]}}],"collection":[{"href":"https:\/\/schweizversand.ch\/fr\/wp-json\/wp\/v2\/product"}],"about":[{"href":"https:\/\/schweizversand.ch\/fr\/wp-json\/wp\/v2\/types\/product"}],"replies":[{"embeddable":true,"href":"https:\/\/schweizversand.ch\/fr\/wp-json\/wp\/v2\/comments?post=260086"}],"wp:featuredmedia":[{"embeddable":true,"href":"https:\/\/schweizversand.ch\/fr\/wp-json\/wp\/v2\/media\/162047"}],"wp:attachment":[{"href":"https:\/\/schweizversand.ch\/fr\/wp-json\/wp\/v2\/media?parent=260086"}],"wp:term":[{"taxonomy":"product_brand","embeddable":true,"href":"https:\/\/schweizversand.ch\/fr\/wp-json\/wp\/v2\/product_brand?post=260086"},{"taxonomy":"product_cat","embeddable":true,"href":"https:\/\/schweizversand.ch\/fr\/wp-json\/wp\/v2\/product_cat?post=260086"},{"taxonomy":"product_tag","embeddable":true,"href":"https:\/\/schweizversand.ch\/fr\/wp-json\/wp\/v2\/product_tag?post=260086"}],"curies":[{"name":"wp","href":"https:\/\/api.w.org\/{rel}","templated":true}]}}