{"id":260089,"date":"2026-03-15T00:56:12","date_gmt":"2026-03-14T23:56:12","guid":{"rendered":"https:\/\/schweizversand.ch\/produkt\/trespass-gillon-ii-halbhohe-kinder-outdoorschuhe-3\/"},"modified":"2026-04-26T15:34:22","modified_gmt":"2026-04-26T13:34:22","slug":"trespass-gillon-ii-halbhohe-kinder-outdoorschuhe-3","status":"publish","type":"product","link":"https:\/\/schweizversand.ch\/fr\/produkt\/trespass-gillon-ii-halbhohe-kinder-outdoorschuhe-3\/","title":{"rendered":"Chaussures d&rsquo;ext\u00e9rieur mi-hautes pour enfants Trespass GILLON II"},"content":{"rendered":"<p>Pr\u00eats pour toutes les aventures\u00a0? D\u00e9couvrez les chaussures d&rsquo;ext\u00e9rieur pour enfants Trespass Gillon II\u00a0!<\/p>\n<p>Que ce soit pour une promenade en for\u00eat ou une vir\u00e9e au parc, ces chaussures robustes et imperm\u00e9ables offrent une excellente protection aux pieds des enfants. Leur conception respirante assure un confort optimal, m\u00eame par temps humide.<\/p>\n<p>&#8211; Imperm\u00e9ables et respirantes\u00a0: gardent les petits pieds au sec et au frais<\/p>\n<p>&#8211; Maintien et amorti\u00a0: gr\u00e2ce \u00e0 un col et une languette de maintien<\/p>\n<p>&#8211; Protection des orteils et du talon\u00a0: pour jouer en toute libert\u00e9<\/p>\n<p>&#8211; Confort optimal\u00a0: gr\u00e2ce \u00e0 la semelle int\u00e9rieure moul\u00e9e et \u00e0 la semelle ext\u00e9rieure antid\u00e9rapante<\/p>\n<p>Composition\u00a0:<\/p>\n<p>Tige\u00a0: PU\/Textile<\/p>\n<p>Doublure\u00a0: Textile<\/p>\n<p>Semelle int\u00e9rieure\u00a0: EVA<\/p>\n<p>Semelle ext\u00e9rieure\u00a0: TPR<\/p>\n","protected":false},"excerpt":{"rendered":"<p>Trespass GILLON II halbhohe Kinder-Outdoorschuhe bieten wasserdichten Schutz, atmungsaktiven Komfort und robuste Sohlen f\u00fcr unbeschwertes Spielen bei jedem Wetter.<\/p>\n","protected":false},"featured_media":162065,"comment_status":"open","ping_status":"closed","template":"","meta":[],"product_brand":[],"product_cat":[39094],"product_tag":[],"class_list":{"0":"post-260089","1":"product","2":"type-product","3":"status-publish","4":"has-post-thumbnail","6":"product_cat-outdoorschuhe","7":"product_shipping_class-global_methods","9":"first","10":"instock","11":"taxable","12":"shipping-taxable","13":"purchasable","14":"product-type-simple"},"yoast_head":"<!-- This site is optimized with the Yoast SEO plugin v27.4 - https:\/\/yoast.com\/product\/yoast-seo-wordpress\/ -->\n<title>Trespass GILLON II halbhohe Kinder-Outdoorschuhe<\/title>\n<meta name=\"description\" content=\"Bereit f\u00fcr jedes Abenteuer \u2013 mit den Trespass Gillon II Kinder Outdoor Schuhen! Ob Waldspaziergang oder Spielplatz \u2013 mit diesen robusten und wasserdichten Sc\" \/>\n<meta name=\"robots\" content=\"index, follow, max-snippet:-1, max-image-preview:large, max-video-preview:-1\" \/>\n<link rel=\"canonical\" href=\"https:\/\/schweizversand.ch\/fr\/produkt\/trespass-gillon-ii-halbhohe-kinder-outdoorschuhe-3\/\" \/>\n<meta property=\"og:locale\" content=\"fr_FR\" \/>\n<meta property=\"og:type\" content=\"article\" \/>\n<meta property=\"og:title\" content=\"Trespass GILLON II halbhohe Kinder-Outdoorschuhe\" \/>\n<meta property=\"og:description\" content=\"Bereit f\u00fcr jedes Abenteuer \u2013 mit den Trespass Gillon II Kinder Outdoor Schuhen! Ob Waldspaziergang oder Spielplatz \u2013 mit diesen robusten und wasserdichten Sc\" \/>\n<meta property=\"og:url\" content=\"https:\/\/schweizversand.ch\/fr\/produkt\/trespass-gillon-ii-halbhohe-kinder-outdoorschuhe-3\/\" \/>\n<meta property=\"og:site_name\" content=\"Schweizer Shop f\u00fcr Sport, Spiel und Freizeit\" \/>\n<meta property=\"article:publisher\" content=\"https:\/\/www.facebook.com\/Schweizversand\" \/>\n<meta property=\"article:modified_time\" content=\"2026-04-26T13:34:22+00:00\" \/>\n<meta property=\"og:image\" content=\"https:\/\/schweizversand.ch\/wp-content\/uploads\/2026\/02\/5471873744.jpg\" \/>\n\t<meta property=\"og:image:width\" content=\"1024\" \/>\n\t<meta property=\"og:image:height\" content=\"1024\" \/>\n\t<meta property=\"og:image:type\" content=\"image\/jpeg\" \/>\n<meta name=\"twitter:card\" content=\"summary_large_image\" \/>\n<meta name=\"twitter:label1\" content=\"Dur\u00e9e de lecture estim\u00e9e\" \/>\n\t<meta name=\"twitter:data1\" content=\"1 minute\" \/>\n<script type=\"application\/ld+json\" class=\"yoast-schema-graph\">{\"@context\":\"https:\\\/\\\/schema.org\",\"@graph\":[{\"@type\":\"WebPage\",\"@id\":\"https:\\\/\\\/schweizversand.ch\\\/fr\\\/produkt\\\/trespass-gillon-ii-halbhohe-kinder-outdoorschuhe-3\\\/\",\"url\":\"https:\\\/\\\/schweizversand.ch\\\/fr\\\/produkt\\\/trespass-gillon-ii-halbhohe-kinder-outdoorschuhe-3\\\/\",\"name\":\"Trespass GILLON II halbhohe Kinder-Outdoorschuhe\",\"isPartOf\":{\"@id\":\"https:\\\/\\\/schweizversand.ch\\\/fr\\\/#website\"},\"primaryImageOfPage\":{\"@id\":\"https:\\\/\\\/schweizversand.ch\\\/fr\\\/produkt\\\/trespass-gillon-ii-halbhohe-kinder-outdoorschuhe-3\\\/#primaryimage\"},\"image\":{\"@id\":\"https:\\\/\\\/schweizversand.ch\\\/fr\\\/produkt\\\/trespass-gillon-ii-halbhohe-kinder-outdoorschuhe-3\\\/#primaryimage\"},\"thumbnailUrl\":\"https:\\\/\\\/schweizversand.ch\\\/wp-content\\\/uploads\\\/2026\\\/02\\\/5471873744.jpg\",\"datePublished\":\"2026-03-14T23:56:12+00:00\",\"dateModified\":\"2026-04-26T13:34:22+00:00\",\"description\":\"Bereit f\u00fcr jedes Abenteuer \u2013 mit den Trespass Gillon II Kinder Outdoor Schuhen! Ob Waldspaziergang oder Spielplatz \u2013 mit diesen robusten und wasserdichten Sc\",\"breadcrumb\":{\"@id\":\"https:\\\/\\\/schweizversand.ch\\\/fr\\\/produkt\\\/trespass-gillon-ii-halbhohe-kinder-outdoorschuhe-3\\\/#breadcrumb\"},\"inLanguage\":\"fr-FR\",\"potentialAction\":[{\"@type\":\"ReadAction\",\"target\":[\"https:\\\/\\\/schweizversand.ch\\\/fr\\\/produkt\\\/trespass-gillon-ii-halbhohe-kinder-outdoorschuhe-3\\\/\"]}]},{\"@type\":\"ImageObject\",\"inLanguage\":\"fr-FR\",\"@id\":\"https:\\\/\\\/schweizversand.ch\\\/fr\\\/produkt\\\/trespass-gillon-ii-halbhohe-kinder-outdoorschuhe-3\\\/#primaryimage\",\"url\":\"https:\\\/\\\/schweizversand.ch\\\/wp-content\\\/uploads\\\/2026\\\/02\\\/5471873744.jpg\",\"contentUrl\":\"https:\\\/\\\/schweizversand.ch\\\/wp-content\\\/uploads\\\/2026\\\/02\\\/5471873744.jpg\",\"width\":1024,\"height\":1024},{\"@type\":\"BreadcrumbList\",\"@id\":\"https:\\\/\\\/schweizversand.ch\\\/fr\\\/produkt\\\/trespass-gillon-ii-halbhohe-kinder-outdoorschuhe-3\\\/#breadcrumb\",\"itemListElement\":[{\"@type\":\"ListItem\",\"position\":1,\"name\":\"Startseite\",\"item\":\"https:\\\/\\\/schweizversand.ch\\\/fr\\\/home\\\/\"},{\"@type\":\"ListItem\",\"position\":2,\"name\":\"Boutique\",\"item\":\"https:\\\/\\\/schweizversand.ch\\\/fr\\\/boutique\\\/\"},{\"@type\":\"ListItem\",\"position\":3,\"name\":\"Sports\",\"item\":\"https:\\\/\\\/schweizversand.ch\\\/fr\\\/produkt-kategorie\\\/sports\\\/\"},{\"@type\":\"ListItem\",\"position\":4,\"name\":\"Plein air\",\"item\":\"https:\\\/\\\/schweizversand.ch\\\/fr\\\/produkt-kategorie\\\/sports\\\/plein-air\\\/\"},{\"@type\":\"ListItem\",\"position\":5,\"name\":\"Outdoorschuhe\",\"item\":\"https:\\\/\\\/schweizversand.ch\\\/fr\\\/produkt-kategorie\\\/sports\\\/plein-air\\\/outdoorschuhe\\\/\"},{\"@type\":\"ListItem\",\"position\":6,\"name\":\"Chaussures d&#8217;ext\u00e9rieur mi-hautes pour enfants Trespass GILLON II\"}]},{\"@type\":\"WebSite\",\"@id\":\"https:\\\/\\\/schweizversand.ch\\\/fr\\\/#website\",\"url\":\"https:\\\/\\\/schweizversand.ch\\\/fr\\\/\",\"name\":\"Schweizer Shop f\u00fcr Sport, Spiel und Freizeit\",\"description\":\"Gratisversand ab 50.- (netto), ab eigenem schweizer Lager, Lieferung innert 48h\",\"publisher\":{\"@id\":\"https:\\\/\\\/schweizversand.ch\\\/fr\\\/#organization\"},\"alternateName\":\"Schweizversand.ch\",\"potentialAction\":[{\"@type\":\"SearchAction\",\"target\":{\"@type\":\"EntryPoint\",\"urlTemplate\":\"https:\\\/\\\/schweizversand.ch\\\/fr\\\/?s={search_term_string}\"},\"query-input\":{\"@type\":\"PropertyValueSpecification\",\"valueRequired\":true,\"valueName\":\"search_term_string\"}}],\"inLanguage\":\"fr-FR\"},{\"@type\":\"Organization\",\"@id\":\"https:\\\/\\\/schweizversand.ch\\\/fr\\\/#organization\",\"name\":\"Schweizversand.ch\",\"url\":\"https:\\\/\\\/schweizversand.ch\\\/fr\\\/\",\"logo\":{\"@type\":\"ImageObject\",\"inLanguage\":\"fr-FR\",\"@id\":\"https:\\\/\\\/schweizversand.ch\\\/fr\\\/#\\\/schema\\\/logo\\\/image\\\/\",\"url\":\"https:\\\/\\\/schweizversand.ch\\\/wp-content\\\/uploads\\\/2026\\\/03\\\/Logo_Rund_Final-1.png\",\"contentUrl\":\"https:\\\/\\\/schweizversand.ch\\\/wp-content\\\/uploads\\\/2026\\\/03\\\/Logo_Rund_Final-1.png\",\"width\":404,\"height\":404,\"caption\":\"Schweizversand.ch\"},\"image\":{\"@id\":\"https:\\\/\\\/schweizversand.ch\\\/fr\\\/#\\\/schema\\\/logo\\\/image\\\/\"},\"sameAs\":[\"https:\\\/\\\/www.facebook.com\\\/Schweizversand\",\"https:\\\/\\\/www.instagram.com\\\/schweizversand.ch\\\/\"]}]}<\/script>\n<!-- \/ Yoast SEO plugin. -->","yoast_head_json":{"title":"Trespass GILLON II halbhohe Kinder-Outdoorschuhe","description":"Bereit f\u00fcr jedes Abenteuer \u2013 mit den Trespass Gillon II Kinder Outdoor Schuhen! Ob Waldspaziergang oder Spielplatz \u2013 mit diesen robusten und wasserdichten Sc","robots":{"index":"index","follow":"follow","max-snippet":"max-snippet:-1","max-image-preview":"max-image-preview:large","max-video-preview":"max-video-preview:-1"},"canonical":"https:\/\/schweizversand.ch\/fr\/produkt\/trespass-gillon-ii-halbhohe-kinder-outdoorschuhe-3\/","og_locale":"fr_FR","og_type":"article","og_title":"Trespass GILLON II halbhohe Kinder-Outdoorschuhe","og_description":"Bereit f\u00fcr jedes Abenteuer \u2013 mit den Trespass Gillon II Kinder Outdoor Schuhen! Ob Waldspaziergang oder Spielplatz \u2013 mit diesen robusten und wasserdichten Sc","og_url":"https:\/\/schweizversand.ch\/fr\/produkt\/trespass-gillon-ii-halbhohe-kinder-outdoorschuhe-3\/","og_site_name":"Schweizer Shop f\u00fcr Sport, Spiel und Freizeit","article_publisher":"https:\/\/www.facebook.com\/Schweizversand","article_modified_time":"2026-04-26T13:34:22+00:00","og_image":[{"width":1024,"height":1024,"url":"https:\/\/schweizversand.ch\/wp-content\/uploads\/2026\/02\/5471873744.jpg","type":"image\/jpeg"}],"twitter_card":"summary_large_image","twitter_misc":{"Dur\u00e9e de lecture estim\u00e9e":"1 minute"},"schema":{"@context":"https:\/\/schema.org","@graph":[{"@type":"WebPage","@id":"https:\/\/schweizversand.ch\/fr\/produkt\/trespass-gillon-ii-halbhohe-kinder-outdoorschuhe-3\/","url":"https:\/\/schweizversand.ch\/fr\/produkt\/trespass-gillon-ii-halbhohe-kinder-outdoorschuhe-3\/","name":"Trespass GILLON II halbhohe Kinder-Outdoorschuhe","isPartOf":{"@id":"https:\/\/schweizversand.ch\/fr\/#website"},"primaryImageOfPage":{"@id":"https:\/\/schweizversand.ch\/fr\/produkt\/trespass-gillon-ii-halbhohe-kinder-outdoorschuhe-3\/#primaryimage"},"image":{"@id":"https:\/\/schweizversand.ch\/fr\/produkt\/trespass-gillon-ii-halbhohe-kinder-outdoorschuhe-3\/#primaryimage"},"thumbnailUrl":"https:\/\/schweizversand.ch\/wp-content\/uploads\/2026\/02\/5471873744.jpg","datePublished":"2026-03-14T23:56:12+00:00","dateModified":"2026-04-26T13:34:22+00:00","description":"Bereit f\u00fcr jedes Abenteuer \u2013 mit den Trespass Gillon II Kinder Outdoor Schuhen! Ob Waldspaziergang oder Spielplatz \u2013 mit diesen robusten und wasserdichten Sc","breadcrumb":{"@id":"https:\/\/schweizversand.ch\/fr\/produkt\/trespass-gillon-ii-halbhohe-kinder-outdoorschuhe-3\/#breadcrumb"},"inLanguage":"fr-FR","potentialAction":[{"@type":"ReadAction","target":["https:\/\/schweizversand.ch\/fr\/produkt\/trespass-gillon-ii-halbhohe-kinder-outdoorschuhe-3\/"]}]},{"@type":"ImageObject","inLanguage":"fr-FR","@id":"https:\/\/schweizversand.ch\/fr\/produkt\/trespass-gillon-ii-halbhohe-kinder-outdoorschuhe-3\/#primaryimage","url":"https:\/\/schweizversand.ch\/wp-content\/uploads\/2026\/02\/5471873744.jpg","contentUrl":"https:\/\/schweizversand.ch\/wp-content\/uploads\/2026\/02\/5471873744.jpg","width":1024,"height":1024},{"@type":"BreadcrumbList","@id":"https:\/\/schweizversand.ch\/fr\/produkt\/trespass-gillon-ii-halbhohe-kinder-outdoorschuhe-3\/#breadcrumb","itemListElement":[{"@type":"ListItem","position":1,"name":"Startseite","item":"https:\/\/schweizversand.ch\/fr\/home\/"},{"@type":"ListItem","position":2,"name":"Boutique","item":"https:\/\/schweizversand.ch\/fr\/boutique\/"},{"@type":"ListItem","position":3,"name":"Sports","item":"https:\/\/schweizversand.ch\/fr\/produkt-kategorie\/sports\/"},{"@type":"ListItem","position":4,"name":"Plein air","item":"https:\/\/schweizversand.ch\/fr\/produkt-kategorie\/sports\/plein-air\/"},{"@type":"ListItem","position":5,"name":"Outdoorschuhe","item":"https:\/\/schweizversand.ch\/fr\/produkt-kategorie\/sports\/plein-air\/outdoorschuhe\/"},{"@type":"ListItem","position":6,"name":"Chaussures d&#8217;ext\u00e9rieur mi-hautes pour enfants Trespass GILLON II"}]},{"@type":"WebSite","@id":"https:\/\/schweizversand.ch\/fr\/#website","url":"https:\/\/schweizversand.ch\/fr\/","name":"Schweizer Shop f\u00fcr Sport, Spiel und Freizeit","description":"Gratisversand ab 50.- (netto), ab eigenem schweizer Lager, Lieferung innert 48h","publisher":{"@id":"https:\/\/schweizversand.ch\/fr\/#organization"},"alternateName":"Schweizversand.ch","potentialAction":[{"@type":"SearchAction","target":{"@type":"EntryPoint","urlTemplate":"https:\/\/schweizversand.ch\/fr\/?s={search_term_string}"},"query-input":{"@type":"PropertyValueSpecification","valueRequired":true,"valueName":"search_term_string"}}],"inLanguage":"fr-FR"},{"@type":"Organization","@id":"https:\/\/schweizversand.ch\/fr\/#organization","name":"Schweizversand.ch","url":"https:\/\/schweizversand.ch\/fr\/","logo":{"@type":"ImageObject","inLanguage":"fr-FR","@id":"https:\/\/schweizversand.ch\/fr\/#\/schema\/logo\/image\/","url":"https:\/\/schweizversand.ch\/wp-content\/uploads\/2026\/03\/Logo_Rund_Final-1.png","contentUrl":"https:\/\/schweizversand.ch\/wp-content\/uploads\/2026\/03\/Logo_Rund_Final-1.png","width":404,"height":404,"caption":"Schweizversand.ch"},"image":{"@id":"https:\/\/schweizversand.ch\/fr\/#\/schema\/logo\/image\/"},"sameAs":["https:\/\/www.facebook.com\/Schweizversand","https:\/\/www.instagram.com\/schweizversand.ch\/"]}]}},"jetpack_sharing_enabled":true,"_links":{"self":[{"href":"https:\/\/schweizversand.ch\/fr\/wp-json\/wp\/v2\/product\/260089","targetHints":{"allow":["GET"]}}],"collection":[{"href":"https:\/\/schweizversand.ch\/fr\/wp-json\/wp\/v2\/product"}],"about":[{"href":"https:\/\/schweizversand.ch\/fr\/wp-json\/wp\/v2\/types\/product"}],"replies":[{"embeddable":true,"href":"https:\/\/schweizversand.ch\/fr\/wp-json\/wp\/v2\/comments?post=260089"}],"wp:featuredmedia":[{"embeddable":true,"href":"https:\/\/schweizversand.ch\/fr\/wp-json\/wp\/v2\/media\/162065"}],"wp:attachment":[{"href":"https:\/\/schweizversand.ch\/fr\/wp-json\/wp\/v2\/media?parent=260089"}],"wp:term":[{"taxonomy":"product_brand","embeddable":true,"href":"https:\/\/schweizversand.ch\/fr\/wp-json\/wp\/v2\/product_brand?post=260089"},{"taxonomy":"product_cat","embeddable":true,"href":"https:\/\/schweizversand.ch\/fr\/wp-json\/wp\/v2\/product_cat?post=260089"},{"taxonomy":"product_tag","embeddable":true,"href":"https:\/\/schweizversand.ch\/fr\/wp-json\/wp\/v2\/product_tag?post=260089"}],"curies":[{"name":"wp","href":"https:\/\/api.w.org\/{rel}","templated":true}]}}