{"id":260093,"date":"2026-03-15T00:56:13","date_gmt":"2026-03-14T23:56:13","guid":{"rendered":"https:\/\/schweizversand.ch\/produkt\/trespass-gillon-ii-halbhohe-unisex-outdoor-schuhe\/"},"modified":"2026-04-26T15:34:23","modified_gmt":"2026-04-26T13:34:23","slug":"trespass-gillon-ii-halbhohe-unisex-outdoor-schuhe","status":"publish","type":"product","link":"https:\/\/schweizversand.ch\/fr\/produkt\/trespass-gillon-ii-halbhohe-unisex-outdoor-schuhe\/","title":{"rendered":"Chaussures d&rsquo;ext\u00e9rieur unisexes mi-hautes Trespass GILLON II"},"content":{"rendered":"<p>Chaussures d&rsquo;ext\u00e9rieur Trespass Gillon II \u2013 Robustes, confortables et imperm\u00e9ables\u00a0! Pr\u00eats pour toutes les aventures\u00a0? Avec les chaussures d&rsquo;ext\u00e9rieur Trespass Gillon II, vous et vos enfants \u00eates parfaitement \u00e9quip\u00e9s pour les bois, les prairies ou les aires de jeux\u00a0! Ces chaussures durables et imperm\u00e9ables offrent une protection fiable par tous les temps tout en restant agr\u00e9ablement respirantes. Gr\u00e2ce \u00e0 la languette rembourr\u00e9e et au col montant, vos pieds b\u00e9n\u00e9ficient d&rsquo;un maintien optimal, tandis que les renforts aux orteils et au talon offrent une protection suppl\u00e9mentaire. La semelle int\u00e9rieure moul\u00e9e en EVA assure un confort optimal, et la semelle ext\u00e9rieure antid\u00e9rapante en TPR garantit une adh\u00e9rence parfaite sur toutes les surfaces. Qu&rsquo;il pleuve, qu&rsquo;il fasse beau ou qu&rsquo;il pleuve, la boue et qu&rsquo;il fasse chaud, les chaussures outdoor Gillon II allient fonctionnalit\u00e9, confort et style. Aper\u00e7u des avantages\u00a0: \u2022 Imperm\u00e9ables et respirantes\u00a0: Protection efficace contre l&rsquo;humidit\u00e9 et garde les pieds au sec. \u2022 Confort optimal\u00a0: Cheville et languette rembourr\u00e9es pour un confort accru. \u2022 Construction stable\u00a0: Renforts aux orteils et au talon pour une s\u00e9curit\u00e9 optimale. \u2022 Semelle antid\u00e9rapante\u00a0: Semelle profil\u00e9e en TPR pour une adh\u00e9rence parfaite sur tous les terrains. \u2022 Confortables et r\u00e9sistantes\u00a0: Semelle int\u00e9rieure en EVA pour un confort dynamique \u00e0 chaque pas. \u2022 Composition\u00a0: \u2022 Tige\u00a0: PU \/ Textile \u2022 Doublure\u00a0: Textile \u2022 Semelle int\u00e9rieure\u00a0: EVA \u2022 Semelle ext\u00e9rieure\u00a0: TPR<\/p>\n","protected":false},"excerpt":{"rendered":"<p>Trespass GILLON II halbhohe Outdoor Schuhe bieten wasserdichten Schutz, rutschfeste Sohlen und hohen Tragekomfort \u2013 ideal f\u00fcr Abenteuer bei jedem Wetter.<\/p>\n","protected":false},"featured_media":162089,"comment_status":"open","ping_status":"closed","template":"","meta":[],"product_brand":[],"product_cat":[39094],"product_tag":[],"class_list":{"0":"post-260093","1":"product","2":"type-product","3":"status-publish","4":"has-post-thumbnail","6":"product_cat-outdoorschuhe","7":"product_shipping_class-global_methods","9":"first","10":"instock","11":"taxable","12":"shipping-taxable","13":"purchasable","14":"product-type-simple"},"yoast_head":"<!-- This site is optimized with the Yoast SEO plugin v27.4 - https:\/\/yoast.com\/product\/yoast-seo-wordpress\/ -->\n<title>Trespass GILLON II halbhohe unisex Outdoor Schuhe<\/title>\n<meta name=\"description\" content=\"Trespass Gillon II Outdoorschuhe \u2013 Robust, bequem &amp; wetterfest!\u00a0 Bereit f\u00fcr jedes Abenteuer \u2013 mit den Trespass Gillon II Outdoorschuhen sind Sie und Ihre Kinder\" \/>\n<meta name=\"robots\" content=\"index, follow, max-snippet:-1, max-image-preview:large, max-video-preview:-1\" \/>\n<link rel=\"canonical\" href=\"https:\/\/schweizversand.ch\/fr\/produkt\/trespass-gillon-ii-halbhohe-unisex-outdoor-schuhe\/\" \/>\n<meta property=\"og:locale\" content=\"fr_FR\" \/>\n<meta property=\"og:type\" content=\"article\" \/>\n<meta property=\"og:title\" content=\"Trespass GILLON II halbhohe unisex Outdoor Schuhe\" \/>\n<meta property=\"og:description\" content=\"Trespass Gillon II Outdoorschuhe \u2013 Robust, bequem &amp; wetterfest!\u00a0 Bereit f\u00fcr jedes Abenteuer \u2013 mit den Trespass Gillon II Outdoorschuhen sind Sie und Ihre Kinder\" \/>\n<meta property=\"og:url\" content=\"https:\/\/schweizversand.ch\/fr\/produkt\/trespass-gillon-ii-halbhohe-unisex-outdoor-schuhe\/\" \/>\n<meta property=\"og:site_name\" content=\"Schweizer Shop f\u00fcr Sport, Spiel und Freizeit\" \/>\n<meta property=\"article:publisher\" content=\"https:\/\/www.facebook.com\/Schweizversand\" \/>\n<meta property=\"article:modified_time\" content=\"2026-04-26T13:34:23+00:00\" \/>\n<meta property=\"og:image\" content=\"https:\/\/schweizversand.ch\/wp-content\/uploads\/2026\/02\/5471873665.jpg\" \/>\n\t<meta property=\"og:image:width\" content=\"1024\" \/>\n\t<meta property=\"og:image:height\" content=\"807\" \/>\n\t<meta property=\"og:image:type\" content=\"image\/jpeg\" \/>\n<meta name=\"twitter:card\" content=\"summary_large_image\" \/>\n<meta name=\"twitter:label1\" content=\"Dur\u00e9e de lecture estim\u00e9e\" \/>\n\t<meta name=\"twitter:data1\" content=\"1 minute\" \/>\n<script type=\"application\/ld+json\" class=\"yoast-schema-graph\">{\"@context\":\"https:\\\/\\\/schema.org\",\"@graph\":[{\"@type\":\"WebPage\",\"@id\":\"https:\\\/\\\/schweizversand.ch\\\/fr\\\/produkt\\\/trespass-gillon-ii-halbhohe-unisex-outdoor-schuhe\\\/\",\"url\":\"https:\\\/\\\/schweizversand.ch\\\/fr\\\/produkt\\\/trespass-gillon-ii-halbhohe-unisex-outdoor-schuhe\\\/\",\"name\":\"Trespass GILLON II halbhohe unisex Outdoor Schuhe\",\"isPartOf\":{\"@id\":\"https:\\\/\\\/schweizversand.ch\\\/fr\\\/#website\"},\"primaryImageOfPage\":{\"@id\":\"https:\\\/\\\/schweizversand.ch\\\/fr\\\/produkt\\\/trespass-gillon-ii-halbhohe-unisex-outdoor-schuhe\\\/#primaryimage\"},\"image\":{\"@id\":\"https:\\\/\\\/schweizversand.ch\\\/fr\\\/produkt\\\/trespass-gillon-ii-halbhohe-unisex-outdoor-schuhe\\\/#primaryimage\"},\"thumbnailUrl\":\"https:\\\/\\\/schweizversand.ch\\\/wp-content\\\/uploads\\\/2026\\\/02\\\/5471873665.jpg\",\"datePublished\":\"2026-03-14T23:56:13+00:00\",\"dateModified\":\"2026-04-26T13:34:23+00:00\",\"description\":\"Trespass Gillon II Outdoorschuhe \u2013 Robust, bequem & wetterfest!\u00a0 Bereit f\u00fcr jedes Abenteuer \u2013 mit den Trespass Gillon II Outdoorschuhen sind Sie und Ihre Kinder\",\"breadcrumb\":{\"@id\":\"https:\\\/\\\/schweizversand.ch\\\/fr\\\/produkt\\\/trespass-gillon-ii-halbhohe-unisex-outdoor-schuhe\\\/#breadcrumb\"},\"inLanguage\":\"fr-FR\",\"potentialAction\":[{\"@type\":\"ReadAction\",\"target\":[\"https:\\\/\\\/schweizversand.ch\\\/fr\\\/produkt\\\/trespass-gillon-ii-halbhohe-unisex-outdoor-schuhe\\\/\"]}]},{\"@type\":\"ImageObject\",\"inLanguage\":\"fr-FR\",\"@id\":\"https:\\\/\\\/schweizversand.ch\\\/fr\\\/produkt\\\/trespass-gillon-ii-halbhohe-unisex-outdoor-schuhe\\\/#primaryimage\",\"url\":\"https:\\\/\\\/schweizversand.ch\\\/wp-content\\\/uploads\\\/2026\\\/02\\\/5471873665.jpg\",\"contentUrl\":\"https:\\\/\\\/schweizversand.ch\\\/wp-content\\\/uploads\\\/2026\\\/02\\\/5471873665.jpg\",\"width\":1024,\"height\":807},{\"@type\":\"BreadcrumbList\",\"@id\":\"https:\\\/\\\/schweizversand.ch\\\/fr\\\/produkt\\\/trespass-gillon-ii-halbhohe-unisex-outdoor-schuhe\\\/#breadcrumb\",\"itemListElement\":[{\"@type\":\"ListItem\",\"position\":1,\"name\":\"Startseite\",\"item\":\"https:\\\/\\\/schweizversand.ch\\\/fr\\\/home\\\/\"},{\"@type\":\"ListItem\",\"position\":2,\"name\":\"Boutique\",\"item\":\"https:\\\/\\\/schweizversand.ch\\\/fr\\\/boutique\\\/\"},{\"@type\":\"ListItem\",\"position\":3,\"name\":\"Sports\",\"item\":\"https:\\\/\\\/schweizversand.ch\\\/fr\\\/produkt-kategorie\\\/sports\\\/\"},{\"@type\":\"ListItem\",\"position\":4,\"name\":\"Plein air\",\"item\":\"https:\\\/\\\/schweizversand.ch\\\/fr\\\/produkt-kategorie\\\/sports\\\/plein-air\\\/\"},{\"@type\":\"ListItem\",\"position\":5,\"name\":\"Outdoorschuhe\",\"item\":\"https:\\\/\\\/schweizversand.ch\\\/fr\\\/produkt-kategorie\\\/sports\\\/plein-air\\\/outdoorschuhe\\\/\"},{\"@type\":\"ListItem\",\"position\":6,\"name\":\"Chaussures d&rsquo;ext\u00e9rieur unisexes mi-hautes Trespass GILLON II\"}]},{\"@type\":\"WebSite\",\"@id\":\"https:\\\/\\\/schweizversand.ch\\\/fr\\\/#website\",\"url\":\"https:\\\/\\\/schweizversand.ch\\\/fr\\\/\",\"name\":\"Schweizer Shop f\u00fcr Sport, Spiel und Freizeit\",\"description\":\"Gratisversand ab 50.- (netto), ab eigenem schweizer Lager, Lieferung innert 48h\",\"publisher\":{\"@id\":\"https:\\\/\\\/schweizversand.ch\\\/fr\\\/#organization\"},\"alternateName\":\"Schweizversand.ch\",\"potentialAction\":[{\"@type\":\"SearchAction\",\"target\":{\"@type\":\"EntryPoint\",\"urlTemplate\":\"https:\\\/\\\/schweizversand.ch\\\/fr\\\/?s={search_term_string}\"},\"query-input\":{\"@type\":\"PropertyValueSpecification\",\"valueRequired\":true,\"valueName\":\"search_term_string\"}}],\"inLanguage\":\"fr-FR\"},{\"@type\":\"Organization\",\"@id\":\"https:\\\/\\\/schweizversand.ch\\\/fr\\\/#organization\",\"name\":\"Schweizversand.ch\",\"url\":\"https:\\\/\\\/schweizversand.ch\\\/fr\\\/\",\"logo\":{\"@type\":\"ImageObject\",\"inLanguage\":\"fr-FR\",\"@id\":\"https:\\\/\\\/schweizversand.ch\\\/fr\\\/#\\\/schema\\\/logo\\\/image\\\/\",\"url\":\"https:\\\/\\\/schweizversand.ch\\\/wp-content\\\/uploads\\\/2026\\\/03\\\/Logo_Rund_Final-1.png\",\"contentUrl\":\"https:\\\/\\\/schweizversand.ch\\\/wp-content\\\/uploads\\\/2026\\\/03\\\/Logo_Rund_Final-1.png\",\"width\":404,\"height\":404,\"caption\":\"Schweizversand.ch\"},\"image\":{\"@id\":\"https:\\\/\\\/schweizversand.ch\\\/fr\\\/#\\\/schema\\\/logo\\\/image\\\/\"},\"sameAs\":[\"https:\\\/\\\/www.facebook.com\\\/Schweizversand\",\"https:\\\/\\\/www.instagram.com\\\/schweizversand.ch\\\/\"]}]}<\/script>\n<!-- \/ Yoast SEO plugin. -->","yoast_head_json":{"title":"Trespass GILLON II halbhohe unisex Outdoor Schuhe","description":"Trespass Gillon II Outdoorschuhe \u2013 Robust, bequem & wetterfest!\u00a0 Bereit f\u00fcr jedes Abenteuer \u2013 mit den Trespass Gillon II Outdoorschuhen sind Sie und Ihre Kinder","robots":{"index":"index","follow":"follow","max-snippet":"max-snippet:-1","max-image-preview":"max-image-preview:large","max-video-preview":"max-video-preview:-1"},"canonical":"https:\/\/schweizversand.ch\/fr\/produkt\/trespass-gillon-ii-halbhohe-unisex-outdoor-schuhe\/","og_locale":"fr_FR","og_type":"article","og_title":"Trespass GILLON II halbhohe unisex Outdoor Schuhe","og_description":"Trespass Gillon II Outdoorschuhe \u2013 Robust, bequem & wetterfest!\u00a0 Bereit f\u00fcr jedes Abenteuer \u2013 mit den Trespass Gillon II Outdoorschuhen sind Sie und Ihre Kinder","og_url":"https:\/\/schweizversand.ch\/fr\/produkt\/trespass-gillon-ii-halbhohe-unisex-outdoor-schuhe\/","og_site_name":"Schweizer Shop f\u00fcr Sport, Spiel und Freizeit","article_publisher":"https:\/\/www.facebook.com\/Schweizversand","article_modified_time":"2026-04-26T13:34:23+00:00","og_image":[{"width":1024,"height":807,"url":"https:\/\/schweizversand.ch\/wp-content\/uploads\/2026\/02\/5471873665.jpg","type":"image\/jpeg"}],"twitter_card":"summary_large_image","twitter_misc":{"Dur\u00e9e de lecture estim\u00e9e":"1 minute"},"schema":{"@context":"https:\/\/schema.org","@graph":[{"@type":"WebPage","@id":"https:\/\/schweizversand.ch\/fr\/produkt\/trespass-gillon-ii-halbhohe-unisex-outdoor-schuhe\/","url":"https:\/\/schweizversand.ch\/fr\/produkt\/trespass-gillon-ii-halbhohe-unisex-outdoor-schuhe\/","name":"Trespass GILLON II halbhohe unisex Outdoor Schuhe","isPartOf":{"@id":"https:\/\/schweizversand.ch\/fr\/#website"},"primaryImageOfPage":{"@id":"https:\/\/schweizversand.ch\/fr\/produkt\/trespass-gillon-ii-halbhohe-unisex-outdoor-schuhe\/#primaryimage"},"image":{"@id":"https:\/\/schweizversand.ch\/fr\/produkt\/trespass-gillon-ii-halbhohe-unisex-outdoor-schuhe\/#primaryimage"},"thumbnailUrl":"https:\/\/schweizversand.ch\/wp-content\/uploads\/2026\/02\/5471873665.jpg","datePublished":"2026-03-14T23:56:13+00:00","dateModified":"2026-04-26T13:34:23+00:00","description":"Trespass Gillon II Outdoorschuhe \u2013 Robust, bequem & wetterfest!\u00a0 Bereit f\u00fcr jedes Abenteuer \u2013 mit den Trespass Gillon II Outdoorschuhen sind Sie und Ihre Kinder","breadcrumb":{"@id":"https:\/\/schweizversand.ch\/fr\/produkt\/trespass-gillon-ii-halbhohe-unisex-outdoor-schuhe\/#breadcrumb"},"inLanguage":"fr-FR","potentialAction":[{"@type":"ReadAction","target":["https:\/\/schweizversand.ch\/fr\/produkt\/trespass-gillon-ii-halbhohe-unisex-outdoor-schuhe\/"]}]},{"@type":"ImageObject","inLanguage":"fr-FR","@id":"https:\/\/schweizversand.ch\/fr\/produkt\/trespass-gillon-ii-halbhohe-unisex-outdoor-schuhe\/#primaryimage","url":"https:\/\/schweizversand.ch\/wp-content\/uploads\/2026\/02\/5471873665.jpg","contentUrl":"https:\/\/schweizversand.ch\/wp-content\/uploads\/2026\/02\/5471873665.jpg","width":1024,"height":807},{"@type":"BreadcrumbList","@id":"https:\/\/schweizversand.ch\/fr\/produkt\/trespass-gillon-ii-halbhohe-unisex-outdoor-schuhe\/#breadcrumb","itemListElement":[{"@type":"ListItem","position":1,"name":"Startseite","item":"https:\/\/schweizversand.ch\/fr\/home\/"},{"@type":"ListItem","position":2,"name":"Boutique","item":"https:\/\/schweizversand.ch\/fr\/boutique\/"},{"@type":"ListItem","position":3,"name":"Sports","item":"https:\/\/schweizversand.ch\/fr\/produkt-kategorie\/sports\/"},{"@type":"ListItem","position":4,"name":"Plein air","item":"https:\/\/schweizversand.ch\/fr\/produkt-kategorie\/sports\/plein-air\/"},{"@type":"ListItem","position":5,"name":"Outdoorschuhe","item":"https:\/\/schweizversand.ch\/fr\/produkt-kategorie\/sports\/plein-air\/outdoorschuhe\/"},{"@type":"ListItem","position":6,"name":"Chaussures d&rsquo;ext\u00e9rieur unisexes mi-hautes Trespass GILLON II"}]},{"@type":"WebSite","@id":"https:\/\/schweizversand.ch\/fr\/#website","url":"https:\/\/schweizversand.ch\/fr\/","name":"Schweizer Shop f\u00fcr Sport, Spiel und Freizeit","description":"Gratisversand ab 50.- (netto), ab eigenem schweizer Lager, Lieferung innert 48h","publisher":{"@id":"https:\/\/schweizversand.ch\/fr\/#organization"},"alternateName":"Schweizversand.ch","potentialAction":[{"@type":"SearchAction","target":{"@type":"EntryPoint","urlTemplate":"https:\/\/schweizversand.ch\/fr\/?s={search_term_string}"},"query-input":{"@type":"PropertyValueSpecification","valueRequired":true,"valueName":"search_term_string"}}],"inLanguage":"fr-FR"},{"@type":"Organization","@id":"https:\/\/schweizversand.ch\/fr\/#organization","name":"Schweizversand.ch","url":"https:\/\/schweizversand.ch\/fr\/","logo":{"@type":"ImageObject","inLanguage":"fr-FR","@id":"https:\/\/schweizversand.ch\/fr\/#\/schema\/logo\/image\/","url":"https:\/\/schweizversand.ch\/wp-content\/uploads\/2026\/03\/Logo_Rund_Final-1.png","contentUrl":"https:\/\/schweizversand.ch\/wp-content\/uploads\/2026\/03\/Logo_Rund_Final-1.png","width":404,"height":404,"caption":"Schweizversand.ch"},"image":{"@id":"https:\/\/schweizversand.ch\/fr\/#\/schema\/logo\/image\/"},"sameAs":["https:\/\/www.facebook.com\/Schweizversand","https:\/\/www.instagram.com\/schweizversand.ch\/"]}]}},"jetpack_sharing_enabled":true,"_links":{"self":[{"href":"https:\/\/schweizversand.ch\/fr\/wp-json\/wp\/v2\/product\/260093","targetHints":{"allow":["GET"]}}],"collection":[{"href":"https:\/\/schweizversand.ch\/fr\/wp-json\/wp\/v2\/product"}],"about":[{"href":"https:\/\/schweizversand.ch\/fr\/wp-json\/wp\/v2\/types\/product"}],"replies":[{"embeddable":true,"href":"https:\/\/schweizversand.ch\/fr\/wp-json\/wp\/v2\/comments?post=260093"}],"wp:featuredmedia":[{"embeddable":true,"href":"https:\/\/schweizversand.ch\/fr\/wp-json\/wp\/v2\/media\/162089"}],"wp:attachment":[{"href":"https:\/\/schweizversand.ch\/fr\/wp-json\/wp\/v2\/media?parent=260093"}],"wp:term":[{"taxonomy":"product_brand","embeddable":true,"href":"https:\/\/schweizversand.ch\/fr\/wp-json\/wp\/v2\/product_brand?post=260093"},{"taxonomy":"product_cat","embeddable":true,"href":"https:\/\/schweizversand.ch\/fr\/wp-json\/wp\/v2\/product_cat?post=260093"},{"taxonomy":"product_tag","embeddable":true,"href":"https:\/\/schweizversand.ch\/fr\/wp-json\/wp\/v2\/product_tag?post=260093"}],"curies":[{"name":"wp","href":"https:\/\/api.w.org\/{rel}","templated":true}]}}