{"id":260103,"date":"2026-03-15T00:56:14","date_gmt":"2026-03-14T23:56:14","guid":{"rendered":"https:\/\/schweizversand.ch\/produkt\/trespass-saddle-ride-fahrrad-satteltasche\/"},"modified":"2026-04-30T02:04:12","modified_gmt":"2026-04-30T00:04:12","slug":"trespass-saddle-ride-fahrrad-satteltasche","status":"publish","type":"product","link":"https:\/\/schweizversand.ch\/fr\/produkt\/trespass-saddle-ride-fahrrad-satteltasche\/","title":{"rendered":"Sacoche de selle de v\u00e9lo Trespass SADDLE RIDE"},"content":{"rendered":"<p>Cette sacoche de selle pratique est id\u00e9ale pour transporter de petits objets comme un kit de r\u00e9paration de crevaison ou une trousse de premiers secours.<\/p>\n<\/p>\n<p>Un feu arri\u00e8re peut \u00e9galement y \u00eatre fix\u00e9.<\/p>\n<\/p>\n<p>D\u00e9tails\u00a0:<\/p>\n<\/p>\n<p>\u2022 Tissu imperm\u00e9able<\/p>\n<\/p>\n<p>\u2022 Fermeture rapide<\/p>\n<\/p>\n<p>\u2022 Fixation par bande auto-agrippante<\/p>\n<\/p>\n<p>\u2022 L\u00e9g\u00e8re<\/p>\n<\/p>\n<p>\u2022 Fermeture \u00e9clair \u00e9tanche<\/p>\n<\/p>\n<p>\u2022 Poche en filet<\/p>\n<\/p>\n<p>\u2022 Support pour feu arri\u00e8re<\/p>\n<\/p>\n<p>Composition\u00a0:<\/p>\n<\/p>\n<p>\u2022 Ext\u00e9rieur\u00a0: 100\u00a0% polyur\u00e9thane (PU)<\/p>\n<\/p>\n<p>\u2022 Doublure\u00a0: 100\u00a0% polyester<\/p>\n<\/p>\n<p>\u2022 Garnissage\u00a0: 100\u00a0% EVA<\/p>\n","protected":false},"excerpt":{"rendered":"<p>Trespass SADDLE RIDE sch\u00fctzt Ihre Essentials mit wasserdichtem Gewebe, Schnellverschluss und Licht-Halterung \u2013 leicht, sicher und praktisch f\u00fcr jede Fahrt.<\/p>\n","protected":false},"featured_media":166874,"comment_status":"open","ping_status":"closed","template":"","meta":[],"product_brand":[],"product_cat":[38634],"product_tag":[],"class_list":{"0":"post-260103","1":"product","2":"type-product","3":"status-publish","4":"has-post-thumbnail","6":"product_cat-veloausruestung","7":"product_shipping_class-global_methods","9":"first","10":"instock","11":"taxable","12":"shipping-taxable","13":"purchasable","14":"product-type-simple"},"yoast_head":"<!-- This site is optimized with the Yoast SEO plugin v27.5 - https:\/\/yoast.com\/product\/yoast-seo-wordpress\/ -->\n<title>Trespass SADDLE RIDE - Fahrrad-Satteltasche<\/title>\n<meta name=\"description\" content=\"In dieser praktischen Fahrrad-Satteltasche k\u00f6nnen Kleinigkeiten wie Flickzeug oder Erste-Hilfe-Produkte mitgef\u00fchrt werden. \u00a0 Ebenfalls kann auch ein R\u00fccklicht\" \/>\n<meta name=\"robots\" content=\"index, follow, max-snippet:-1, max-image-preview:large, max-video-preview:-1\" \/>\n<link rel=\"canonical\" href=\"https:\/\/schweizversand.ch\/fr\/produkt\/trespass-saddle-ride-fahrrad-satteltasche\/\" \/>\n<meta property=\"og:locale\" content=\"fr_FR\" \/>\n<meta property=\"og:type\" content=\"article\" \/>\n<meta property=\"og:title\" content=\"Trespass SADDLE RIDE - Fahrrad-Satteltasche\" \/>\n<meta property=\"og:description\" content=\"In dieser praktischen Fahrrad-Satteltasche k\u00f6nnen Kleinigkeiten wie Flickzeug oder Erste-Hilfe-Produkte mitgef\u00fchrt werden. \u00a0 Ebenfalls kann auch ein R\u00fccklicht\" \/>\n<meta property=\"og:url\" content=\"https:\/\/schweizversand.ch\/fr\/produkt\/trespass-saddle-ride-fahrrad-satteltasche\/\" \/>\n<meta property=\"og:site_name\" content=\"Schweizer Shop f\u00fcr Sport, Spiel und Freizeit\" \/>\n<meta property=\"article:publisher\" content=\"https:\/\/www.facebook.com\/Schweizversand\" \/>\n<meta property=\"article:modified_time\" content=\"2026-04-30T00:04:12+00:00\" \/>\n<meta property=\"og:image\" content=\"https:\/\/schweizversand.ch\/wp-content\/uploads\/2026\/02\/5471618419.jpg\" \/>\n\t<meta property=\"og:image:width\" content=\"1024\" \/>\n\t<meta property=\"og:image:height\" content=\"547\" \/>\n\t<meta property=\"og:image:type\" content=\"image\/jpeg\" \/>\n<meta name=\"twitter:card\" content=\"summary_large_image\" \/>\n<script type=\"application\/ld+json\" class=\"yoast-schema-graph\">{\"@context\":\"https:\\\/\\\/schema.org\",\"@graph\":[{\"@type\":\"WebPage\",\"@id\":\"https:\\\/\\\/schweizversand.ch\\\/fr\\\/produkt\\\/trespass-saddle-ride-fahrrad-satteltasche\\\/\",\"url\":\"https:\\\/\\\/schweizversand.ch\\\/fr\\\/produkt\\\/trespass-saddle-ride-fahrrad-satteltasche\\\/\",\"name\":\"Trespass SADDLE RIDE - Fahrrad-Satteltasche\",\"isPartOf\":{\"@id\":\"https:\\\/\\\/schweizversand.ch\\\/fr\\\/#website\"},\"primaryImageOfPage\":{\"@id\":\"https:\\\/\\\/schweizversand.ch\\\/fr\\\/produkt\\\/trespass-saddle-ride-fahrrad-satteltasche\\\/#primaryimage\"},\"image\":{\"@id\":\"https:\\\/\\\/schweizversand.ch\\\/fr\\\/produkt\\\/trespass-saddle-ride-fahrrad-satteltasche\\\/#primaryimage\"},\"thumbnailUrl\":\"https:\\\/\\\/schweizversand.ch\\\/wp-content\\\/uploads\\\/2026\\\/02\\\/5471618419.jpg\",\"datePublished\":\"2026-03-14T23:56:14+00:00\",\"dateModified\":\"2026-04-30T00:04:12+00:00\",\"description\":\"In dieser praktischen Fahrrad-Satteltasche k\u00f6nnen Kleinigkeiten wie Flickzeug oder Erste-Hilfe-Produkte mitgef\u00fchrt werden. \u00a0 Ebenfalls kann auch ein R\u00fccklicht\",\"breadcrumb\":{\"@id\":\"https:\\\/\\\/schweizversand.ch\\\/fr\\\/produkt\\\/trespass-saddle-ride-fahrrad-satteltasche\\\/#breadcrumb\"},\"inLanguage\":\"fr-FR\",\"potentialAction\":[{\"@type\":\"ReadAction\",\"target\":[\"https:\\\/\\\/schweizversand.ch\\\/fr\\\/produkt\\\/trespass-saddle-ride-fahrrad-satteltasche\\\/\"]}]},{\"@type\":\"ImageObject\",\"inLanguage\":\"fr-FR\",\"@id\":\"https:\\\/\\\/schweizversand.ch\\\/fr\\\/produkt\\\/trespass-saddle-ride-fahrrad-satteltasche\\\/#primaryimage\",\"url\":\"https:\\\/\\\/schweizversand.ch\\\/wp-content\\\/uploads\\\/2026\\\/02\\\/5471618419.jpg\",\"contentUrl\":\"https:\\\/\\\/schweizversand.ch\\\/wp-content\\\/uploads\\\/2026\\\/02\\\/5471618419.jpg\",\"width\":1024,\"height\":547},{\"@type\":\"BreadcrumbList\",\"@id\":\"https:\\\/\\\/schweizversand.ch\\\/fr\\\/produkt\\\/trespass-saddle-ride-fahrrad-satteltasche\\\/#breadcrumb\",\"itemListElement\":[{\"@type\":\"ListItem\",\"position\":1,\"name\":\"Startseite\",\"item\":\"https:\\\/\\\/schweizversand.ch\\\/fr\\\/home\\\/\"},{\"@type\":\"ListItem\",\"position\":2,\"name\":\"Boutique\",\"item\":\"https:\\\/\\\/schweizversand.ch\\\/fr\\\/boutique\\\/\"},{\"@type\":\"ListItem\",\"position\":3,\"name\":\"Sports\",\"item\":\"https:\\\/\\\/schweizversand.ch\\\/fr\\\/produkt-kategorie\\\/sports\\\/\"},{\"@type\":\"ListItem\",\"position\":4,\"name\":\"V\u00e9lo\",\"item\":\"https:\\\/\\\/schweizversand.ch\\\/fr\\\/produkt-kategorie\\\/sports\\\/velo\\\/\"},{\"@type\":\"ListItem\",\"position\":5,\"name\":\"\u00c9quipement de cyclisme\",\"item\":\"https:\\\/\\\/schweizversand.ch\\\/fr\\\/produkt-kategorie\\\/sports\\\/velo\\\/veloausruestung\\\/\"},{\"@type\":\"ListItem\",\"position\":6,\"name\":\"Sacoche de selle de v\u00e9lo Trespass SADDLE RIDE\"}]},{\"@type\":\"WebSite\",\"@id\":\"https:\\\/\\\/schweizversand.ch\\\/fr\\\/#website\",\"url\":\"https:\\\/\\\/schweizversand.ch\\\/fr\\\/\",\"name\":\"Schweizer Shop f\u00fcr Sport, Spiel und Freizeit\",\"description\":\"Gratisversand ab 50.- (netto), ab eigenem schweizer Lager, Lieferung innert 48h\",\"publisher\":{\"@id\":\"https:\\\/\\\/schweizversand.ch\\\/fr\\\/#organization\"},\"alternateName\":\"Schweizversand.ch\",\"potentialAction\":[{\"@type\":\"SearchAction\",\"target\":{\"@type\":\"EntryPoint\",\"urlTemplate\":\"https:\\\/\\\/schweizversand.ch\\\/fr\\\/?s={search_term_string}\"},\"query-input\":{\"@type\":\"PropertyValueSpecification\",\"valueRequired\":true,\"valueName\":\"search_term_string\"}}],\"inLanguage\":\"fr-FR\"},{\"@type\":\"Organization\",\"@id\":\"https:\\\/\\\/schweizversand.ch\\\/fr\\\/#organization\",\"name\":\"Schweizversand.ch\",\"url\":\"https:\\\/\\\/schweizversand.ch\\\/fr\\\/\",\"logo\":{\"@type\":\"ImageObject\",\"inLanguage\":\"fr-FR\",\"@id\":\"https:\\\/\\\/schweizversand.ch\\\/fr\\\/#\\\/schema\\\/logo\\\/image\\\/\",\"url\":\"https:\\\/\\\/schweizversand.ch\\\/wp-content\\\/uploads\\\/2026\\\/03\\\/Logo_Rund_Final-1.png\",\"contentUrl\":\"https:\\\/\\\/schweizversand.ch\\\/wp-content\\\/uploads\\\/2026\\\/03\\\/Logo_Rund_Final-1.png\",\"width\":404,\"height\":404,\"caption\":\"Schweizversand.ch\"},\"image\":{\"@id\":\"https:\\\/\\\/schweizversand.ch\\\/fr\\\/#\\\/schema\\\/logo\\\/image\\\/\"},\"sameAs\":[\"https:\\\/\\\/www.facebook.com\\\/Schweizversand\",\"https:\\\/\\\/www.instagram.com\\\/schweizversand.ch\\\/\"]}]}<\/script>\n<!-- \/ Yoast SEO plugin. -->","yoast_head_json":{"title":"Trespass SADDLE RIDE - Fahrrad-Satteltasche","description":"In dieser praktischen Fahrrad-Satteltasche k\u00f6nnen Kleinigkeiten wie Flickzeug oder Erste-Hilfe-Produkte mitgef\u00fchrt werden. \u00a0 Ebenfalls kann auch ein R\u00fccklicht","robots":{"index":"index","follow":"follow","max-snippet":"max-snippet:-1","max-image-preview":"max-image-preview:large","max-video-preview":"max-video-preview:-1"},"canonical":"https:\/\/schweizversand.ch\/fr\/produkt\/trespass-saddle-ride-fahrrad-satteltasche\/","og_locale":"fr_FR","og_type":"article","og_title":"Trespass SADDLE RIDE - Fahrrad-Satteltasche","og_description":"In dieser praktischen Fahrrad-Satteltasche k\u00f6nnen Kleinigkeiten wie Flickzeug oder Erste-Hilfe-Produkte mitgef\u00fchrt werden. \u00a0 Ebenfalls kann auch ein R\u00fccklicht","og_url":"https:\/\/schweizversand.ch\/fr\/produkt\/trespass-saddle-ride-fahrrad-satteltasche\/","og_site_name":"Schweizer Shop f\u00fcr Sport, Spiel und Freizeit","article_publisher":"https:\/\/www.facebook.com\/Schweizversand","article_modified_time":"2026-04-30T00:04:12+00:00","og_image":[{"width":1024,"height":547,"url":"https:\/\/schweizversand.ch\/wp-content\/uploads\/2026\/02\/5471618419.jpg","type":"image\/jpeg"}],"twitter_card":"summary_large_image","schema":{"@context":"https:\/\/schema.org","@graph":[{"@type":"WebPage","@id":"https:\/\/schweizversand.ch\/fr\/produkt\/trespass-saddle-ride-fahrrad-satteltasche\/","url":"https:\/\/schweizversand.ch\/fr\/produkt\/trespass-saddle-ride-fahrrad-satteltasche\/","name":"Trespass SADDLE RIDE - Fahrrad-Satteltasche","isPartOf":{"@id":"https:\/\/schweizversand.ch\/fr\/#website"},"primaryImageOfPage":{"@id":"https:\/\/schweizversand.ch\/fr\/produkt\/trespass-saddle-ride-fahrrad-satteltasche\/#primaryimage"},"image":{"@id":"https:\/\/schweizversand.ch\/fr\/produkt\/trespass-saddle-ride-fahrrad-satteltasche\/#primaryimage"},"thumbnailUrl":"https:\/\/schweizversand.ch\/wp-content\/uploads\/2026\/02\/5471618419.jpg","datePublished":"2026-03-14T23:56:14+00:00","dateModified":"2026-04-30T00:04:12+00:00","description":"In dieser praktischen Fahrrad-Satteltasche k\u00f6nnen Kleinigkeiten wie Flickzeug oder Erste-Hilfe-Produkte mitgef\u00fchrt werden. \u00a0 Ebenfalls kann auch ein R\u00fccklicht","breadcrumb":{"@id":"https:\/\/schweizversand.ch\/fr\/produkt\/trespass-saddle-ride-fahrrad-satteltasche\/#breadcrumb"},"inLanguage":"fr-FR","potentialAction":[{"@type":"ReadAction","target":["https:\/\/schweizversand.ch\/fr\/produkt\/trespass-saddle-ride-fahrrad-satteltasche\/"]}]},{"@type":"ImageObject","inLanguage":"fr-FR","@id":"https:\/\/schweizversand.ch\/fr\/produkt\/trespass-saddle-ride-fahrrad-satteltasche\/#primaryimage","url":"https:\/\/schweizversand.ch\/wp-content\/uploads\/2026\/02\/5471618419.jpg","contentUrl":"https:\/\/schweizversand.ch\/wp-content\/uploads\/2026\/02\/5471618419.jpg","width":1024,"height":547},{"@type":"BreadcrumbList","@id":"https:\/\/schweizversand.ch\/fr\/produkt\/trespass-saddle-ride-fahrrad-satteltasche\/#breadcrumb","itemListElement":[{"@type":"ListItem","position":1,"name":"Startseite","item":"https:\/\/schweizversand.ch\/fr\/home\/"},{"@type":"ListItem","position":2,"name":"Boutique","item":"https:\/\/schweizversand.ch\/fr\/boutique\/"},{"@type":"ListItem","position":3,"name":"Sports","item":"https:\/\/schweizversand.ch\/fr\/produkt-kategorie\/sports\/"},{"@type":"ListItem","position":4,"name":"V\u00e9lo","item":"https:\/\/schweizversand.ch\/fr\/produkt-kategorie\/sports\/velo\/"},{"@type":"ListItem","position":5,"name":"\u00c9quipement de cyclisme","item":"https:\/\/schweizversand.ch\/fr\/produkt-kategorie\/sports\/velo\/veloausruestung\/"},{"@type":"ListItem","position":6,"name":"Sacoche de selle de v\u00e9lo Trespass SADDLE RIDE"}]},{"@type":"WebSite","@id":"https:\/\/schweizversand.ch\/fr\/#website","url":"https:\/\/schweizversand.ch\/fr\/","name":"Schweizer Shop f\u00fcr Sport, Spiel und Freizeit","description":"Gratisversand ab 50.- (netto), ab eigenem schweizer Lager, Lieferung innert 48h","publisher":{"@id":"https:\/\/schweizversand.ch\/fr\/#organization"},"alternateName":"Schweizversand.ch","potentialAction":[{"@type":"SearchAction","target":{"@type":"EntryPoint","urlTemplate":"https:\/\/schweizversand.ch\/fr\/?s={search_term_string}"},"query-input":{"@type":"PropertyValueSpecification","valueRequired":true,"valueName":"search_term_string"}}],"inLanguage":"fr-FR"},{"@type":"Organization","@id":"https:\/\/schweizversand.ch\/fr\/#organization","name":"Schweizversand.ch","url":"https:\/\/schweizversand.ch\/fr\/","logo":{"@type":"ImageObject","inLanguage":"fr-FR","@id":"https:\/\/schweizversand.ch\/fr\/#\/schema\/logo\/image\/","url":"https:\/\/schweizversand.ch\/wp-content\/uploads\/2026\/03\/Logo_Rund_Final-1.png","contentUrl":"https:\/\/schweizversand.ch\/wp-content\/uploads\/2026\/03\/Logo_Rund_Final-1.png","width":404,"height":404,"caption":"Schweizversand.ch"},"image":{"@id":"https:\/\/schweizversand.ch\/fr\/#\/schema\/logo\/image\/"},"sameAs":["https:\/\/www.facebook.com\/Schweizversand","https:\/\/www.instagram.com\/schweizversand.ch\/"]}]}},"jetpack_sharing_enabled":true,"_links":{"self":[{"href":"https:\/\/schweizversand.ch\/fr\/wp-json\/wp\/v2\/product\/260103","targetHints":{"allow":["GET"]}}],"collection":[{"href":"https:\/\/schweizversand.ch\/fr\/wp-json\/wp\/v2\/product"}],"about":[{"href":"https:\/\/schweizversand.ch\/fr\/wp-json\/wp\/v2\/types\/product"}],"replies":[{"embeddable":true,"href":"https:\/\/schweizversand.ch\/fr\/wp-json\/wp\/v2\/comments?post=260103"}],"wp:featuredmedia":[{"embeddable":true,"href":"https:\/\/schweizversand.ch\/fr\/wp-json\/wp\/v2\/media\/166874"}],"wp:attachment":[{"href":"https:\/\/schweizversand.ch\/fr\/wp-json\/wp\/v2\/media?parent=260103"}],"wp:term":[{"taxonomy":"product_brand","embeddable":true,"href":"https:\/\/schweizversand.ch\/fr\/wp-json\/wp\/v2\/product_brand?post=260103"},{"taxonomy":"product_cat","embeddable":true,"href":"https:\/\/schweizversand.ch\/fr\/wp-json\/wp\/v2\/product_cat?post=260103"},{"taxonomy":"product_tag","embeddable":true,"href":"https:\/\/schweizversand.ch\/fr\/wp-json\/wp\/v2\/product_tag?post=260103"}],"curies":[{"name":"wp","href":"https:\/\/api.w.org\/{rel}","templated":true}]}}