{"id":260105,"date":"2026-03-15T00:56:15","date_gmt":"2026-03-14T23:56:15","guid":{"rendered":"https:\/\/schweizversand.ch\/produkt\/trespass-marisol-ii-dlx-damen-skihose\/"},"modified":"2026-04-22T15:34:51","modified_gmt":"2026-04-22T13:34:51","slug":"trespass-marisol-ii-dlx-damen-skihose","status":"publish","type":"product","link":"https:\/\/schweizversand.ch\/fr\/produkt\/trespass-marisol-ii-dlx-damen-skihose\/","title":{"rendered":"Pantalon de ski femme Trespass MARISOL II &#8211; DLX"},"content":{"rendered":"<p>Ce pantalon est sp\u00e9cialement con\u00e7u pour les activit\u00e9s de plein air, offrant protection contre les intemp\u00e9ries et confort.<\/p>\n<\/p>\n<p>Caract\u00e9ristiques techniques\u00a0:<\/p>\n<\/p>\n<p>\u2022 Tissu extensible\u00a0: Le tissu du pantalon est extensible, offrant souplesse et libert\u00e9 de mouvement.<\/p>\n<\/p>\n<p>\u2022 Isolation effet duvet\u00a0: Le pantalon est garni d\u2019une isolation effet duvet, pour une chaleur optimale.<\/p>\n<\/p>\n<p>\u2022 Doublure en tricot\u00a0: La doublure du pantalon est en tricot pour un confort accru.<\/p>\n<\/p>\n<p>\u2022 Renforts aux jambes\u00a0: Ces renforts sont fix\u00e9s aux jambes pour une meilleure r\u00e9sistance \u00e0 l\u2019usure.<\/p>\n<\/p>\n<p>\u2022 Bretelles r\u00e9glables et amovibles\u00a0: Le pantalon est \u00e9quip\u00e9 de bretelles r\u00e9glables et amovibles.<\/p>\n<\/p>\n<p>\u2022 Taille r\u00e9glable\u00a0: La ceinture est r\u00e9glable pour un ajustement personnalis\u00e9.<\/p>\n<\/p>\n<p>\u2022 Gu\u00eatres int\u00e9gr\u00e9es aux chevilles\u00a0: Les gu\u00eatres int\u00e9gr\u00e9es aux chevilles emp\u00eachent la neige et l\u2019humidit\u00e9 de p\u00e9n\u00e9trer.<\/p>\n<\/p>\n<p>\u2022 Fermetures \u00e9clair \u00e9tanches aux chevilles\u00a0: Les fermetures \u00e9clair \u00e9tanches aux chevilles emp\u00eachent l\u2019eau de s\u2019infiltrer.<\/p>\n<\/p>\n<p>\u2022 Genoux pr\u00e9form\u00e9s : Ce pantalon est dot\u00e9 de genoux pr\u00e9form\u00e9s pour une libert\u00e9 de mouvement et un confort optimaux.<\/p>\n<\/p>\n<p>\u2022 3 poches zipp\u00e9es \u00e9tanches : Ce pantalon poss\u00e8de trois poches zipp\u00e9es \u00e9tanches.<\/p>\n<\/p>\n<p>\u2022 Ventilation lat\u00e9rale avec fermetures \u00e9clair \u00e9tanches : Ce pantalon est \u00e9quip\u00e9 d&rsquo;a\u00e9rations lat\u00e9rales avec fermetures \u00e9clair \u00e9tanches pour une meilleure r\u00e9gulation de la temp\u00e9rature.<\/p>\n<\/p>\n<p>Composition :<\/p>\n<\/p>\n<p>\u2022 Ext\u00e9rieur : 100 % polyester avec membrane PU : L&rsquo;ext\u00e9rieur du pantalon est compos\u00e9 \u00e0 100 % de polyester avec une membrane en polyur\u00e9thane (PU), ce qui le rend imperm\u00e9able.<\/p>\n<\/p>\n<p>\u2022 Doublure : 100 % polyamide et 100 % polyester : La doublure du pantalon est compos\u00e9e \u00e0 100 % de polyamide et \u00e0 100 % de polyester.<\/p>\n<\/p>\n<p>\u2022 Rembourrage : 100 % polyester : Le rembourrage du pantalon est compos\u00e9 \u00e0 100 % de polyester.<\/p>\n<\/p>\n<p>Propri\u00e9t\u00e9s :<\/p>\n<\/p>\n<p>\u2022 Imperm\u00e9abilit\u00e9 20\u00a0000 mm : Ce pantalon b\u00e9n\u00e9ficie d&rsquo;une imperm\u00e9abilit\u00e9 \u00e9lev\u00e9e de 20\u00a0000 mm, ce qui signifie qu&rsquo;il est extr\u00eamement d\u00e9perlant.<\/p>\n<\/p>\n<p>\u2022 Respirabilit\u00e9 10\u00a0000 mvp\u00a0: Ce pantalon offre une respirabilit\u00e9 exceptionnelle de 10\u00a0000 mvp, \u00e9vacuant efficacement l\u2019humidit\u00e9.<\/p>\n<\/p>\n<p>\u2022 Coupe-vent\u00a0: Ce pantalon est coupe-vent et prot\u00e8ge du froid.<\/p>\n<\/p>\n<p>\u2022 Coutures soud\u00e9es\u00a0: Les coutures de ce pantalon sont soud\u00e9es pour une \u00e9tanch\u00e9it\u00e9 parfaite.<\/p>\n","protected":false},"excerpt":{"rendered":"<p>Trespass MARISOL II &#8211; DLX Damen Skihose bietet dank stretchbarem Gewebe, Daunen-Touch-F\u00fcllung und verstellbarer Taille h\u00f6chsten Komfort und zuverl\u00e4ssigen Wetterschutz.<\/p>\n","protected":false},"featured_media":162170,"comment_status":"open","ping_status":"closed","template":"","meta":[],"product_brand":[],"product_cat":[38524],"product_tag":[],"class_list":{"0":"post-260105","1":"product","2":"type-product","3":"status-publish","4":"has-post-thumbnail","6":"product_cat-wintersportbekleidung","7":"product_shipping_class-global_methods","9":"first","10":"instock","11":"taxable","12":"shipping-taxable","13":"purchasable","14":"product-type-simple"},"yoast_head":"<!-- This site is optimized with the Yoast SEO plugin v27.4 - https:\/\/yoast.com\/product\/yoast-seo-wordpress\/ -->\n<title>Trespass MARISOL II - DLX Damen Skihose<\/title>\n<meta name=\"description\" content=\"Diese Hose ist speziell f\u00fcr Outdoor-Aktivit\u00e4ten konzipiert und bietet Schutz vor den Elementen und Komfort beim Tragen. \u00a0 Technische Spezifikation: \u00a0 \u2022 Stretc\" \/>\n<meta name=\"robots\" content=\"index, follow, max-snippet:-1, max-image-preview:large, max-video-preview:-1\" \/>\n<link rel=\"canonical\" href=\"https:\/\/schweizversand.ch\/fr\/produkt\/trespass-marisol-ii-dlx-damen-skihose\/\" \/>\n<meta property=\"og:locale\" content=\"fr_FR\" \/>\n<meta property=\"og:type\" content=\"article\" \/>\n<meta property=\"og:title\" content=\"Trespass MARISOL II - DLX Damen Skihose\" \/>\n<meta property=\"og:description\" content=\"Diese Hose ist speziell f\u00fcr Outdoor-Aktivit\u00e4ten konzipiert und bietet Schutz vor den Elementen und Komfort beim Tragen. \u00a0 Technische Spezifikation: \u00a0 \u2022 Stretc\" \/>\n<meta property=\"og:url\" content=\"https:\/\/schweizversand.ch\/fr\/produkt\/trespass-marisol-ii-dlx-damen-skihose\/\" \/>\n<meta property=\"og:site_name\" content=\"Schweizer Shop f\u00fcr Sport, Spiel und Freizeit\" \/>\n<meta property=\"article:publisher\" content=\"https:\/\/www.facebook.com\/Schweizversand\" \/>\n<meta property=\"article:modified_time\" content=\"2026-04-22T13:34:51+00:00\" \/>\n<meta property=\"og:image\" content=\"https:\/\/schweizversand.ch\/wp-content\/uploads\/2026\/02\/5471714396.jpg\" \/>\n\t<meta property=\"og:image:width\" content=\"683\" \/>\n\t<meta property=\"og:image:height\" content=\"1024\" \/>\n\t<meta property=\"og:image:type\" content=\"image\/jpeg\" \/>\n<meta name=\"twitter:card\" content=\"summary_large_image\" \/>\n<meta name=\"twitter:label1\" content=\"Dur\u00e9e de lecture estim\u00e9e\" \/>\n\t<meta name=\"twitter:data1\" content=\"2 minutes\" \/>\n<script type=\"application\/ld+json\" class=\"yoast-schema-graph\">{\"@context\":\"https:\\\/\\\/schema.org\",\"@graph\":[{\"@type\":\"WebPage\",\"@id\":\"https:\\\/\\\/schweizversand.ch\\\/fr\\\/produkt\\\/trespass-marisol-ii-dlx-damen-skihose\\\/\",\"url\":\"https:\\\/\\\/schweizversand.ch\\\/fr\\\/produkt\\\/trespass-marisol-ii-dlx-damen-skihose\\\/\",\"name\":\"Trespass MARISOL II - DLX Damen Skihose\",\"isPartOf\":{\"@id\":\"https:\\\/\\\/schweizversand.ch\\\/fr\\\/#website\"},\"primaryImageOfPage\":{\"@id\":\"https:\\\/\\\/schweizversand.ch\\\/fr\\\/produkt\\\/trespass-marisol-ii-dlx-damen-skihose\\\/#primaryimage\"},\"image\":{\"@id\":\"https:\\\/\\\/schweizversand.ch\\\/fr\\\/produkt\\\/trespass-marisol-ii-dlx-damen-skihose\\\/#primaryimage\"},\"thumbnailUrl\":\"https:\\\/\\\/schweizversand.ch\\\/wp-content\\\/uploads\\\/2026\\\/02\\\/5471714396.jpg\",\"datePublished\":\"2026-03-14T23:56:15+00:00\",\"dateModified\":\"2026-04-22T13:34:51+00:00\",\"description\":\"Diese Hose ist speziell f\u00fcr Outdoor-Aktivit\u00e4ten konzipiert und bietet Schutz vor den Elementen und Komfort beim Tragen. \u00a0 Technische Spezifikation: \u00a0 \u2022 Stretc\",\"breadcrumb\":{\"@id\":\"https:\\\/\\\/schweizversand.ch\\\/fr\\\/produkt\\\/trespass-marisol-ii-dlx-damen-skihose\\\/#breadcrumb\"},\"inLanguage\":\"fr-FR\",\"potentialAction\":[{\"@type\":\"ReadAction\",\"target\":[\"https:\\\/\\\/schweizversand.ch\\\/fr\\\/produkt\\\/trespass-marisol-ii-dlx-damen-skihose\\\/\"]}]},{\"@type\":\"ImageObject\",\"inLanguage\":\"fr-FR\",\"@id\":\"https:\\\/\\\/schweizversand.ch\\\/fr\\\/produkt\\\/trespass-marisol-ii-dlx-damen-skihose\\\/#primaryimage\",\"url\":\"https:\\\/\\\/schweizversand.ch\\\/wp-content\\\/uploads\\\/2026\\\/02\\\/5471714396.jpg\",\"contentUrl\":\"https:\\\/\\\/schweizversand.ch\\\/wp-content\\\/uploads\\\/2026\\\/02\\\/5471714396.jpg\",\"width\":683,\"height\":1024},{\"@type\":\"BreadcrumbList\",\"@id\":\"https:\\\/\\\/schweizversand.ch\\\/fr\\\/produkt\\\/trespass-marisol-ii-dlx-damen-skihose\\\/#breadcrumb\",\"itemListElement\":[{\"@type\":\"ListItem\",\"position\":1,\"name\":\"Startseite\",\"item\":\"https:\\\/\\\/schweizversand.ch\\\/fr\\\/home\\\/\"},{\"@type\":\"ListItem\",\"position\":2,\"name\":\"Boutique\",\"item\":\"https:\\\/\\\/schweizversand.ch\\\/fr\\\/boutique\\\/\"},{\"@type\":\"ListItem\",\"position\":3,\"name\":\"Sports\",\"item\":\"https:\\\/\\\/schweizversand.ch\\\/fr\\\/produkt-kategorie\\\/sports\\\/\"},{\"@type\":\"ListItem\",\"position\":4,\"name\":\"Sports d'hiver\",\"item\":\"https:\\\/\\\/schweizversand.ch\\\/fr\\\/produkt-kategorie\\\/sports\\\/sports-dhiver\\\/\"},{\"@type\":\"ListItem\",\"position\":5,\"name\":\"V\u00eatements de sports d'hiver\",\"item\":\"https:\\\/\\\/schweizversand.ch\\\/fr\\\/produkt-kategorie\\\/sports\\\/sports-dhiver\\\/wintersportbekleidung\\\/\"},{\"@type\":\"ListItem\",\"position\":6,\"name\":\"Pantalon de ski femme Trespass MARISOL II &#8211; DLX\"}]},{\"@type\":\"WebSite\",\"@id\":\"https:\\\/\\\/schweizversand.ch\\\/fr\\\/#website\",\"url\":\"https:\\\/\\\/schweizversand.ch\\\/fr\\\/\",\"name\":\"Schweizer Shop f\u00fcr Sport, Spiel und Freizeit\",\"description\":\"Gratisversand ab 50.- (netto), ab eigenem schweizer Lager, Lieferung innert 48h\",\"publisher\":{\"@id\":\"https:\\\/\\\/schweizversand.ch\\\/fr\\\/#organization\"},\"alternateName\":\"Schweizversand.ch\",\"potentialAction\":[{\"@type\":\"SearchAction\",\"target\":{\"@type\":\"EntryPoint\",\"urlTemplate\":\"https:\\\/\\\/schweizversand.ch\\\/fr\\\/?s={search_term_string}\"},\"query-input\":{\"@type\":\"PropertyValueSpecification\",\"valueRequired\":true,\"valueName\":\"search_term_string\"}}],\"inLanguage\":\"fr-FR\"},{\"@type\":\"Organization\",\"@id\":\"https:\\\/\\\/schweizversand.ch\\\/fr\\\/#organization\",\"name\":\"Schweizversand.ch\",\"url\":\"https:\\\/\\\/schweizversand.ch\\\/fr\\\/\",\"logo\":{\"@type\":\"ImageObject\",\"inLanguage\":\"fr-FR\",\"@id\":\"https:\\\/\\\/schweizversand.ch\\\/fr\\\/#\\\/schema\\\/logo\\\/image\\\/\",\"url\":\"https:\\\/\\\/schweizversand.ch\\\/wp-content\\\/uploads\\\/2026\\\/03\\\/Logo_Rund_Final-1.png\",\"contentUrl\":\"https:\\\/\\\/schweizversand.ch\\\/wp-content\\\/uploads\\\/2026\\\/03\\\/Logo_Rund_Final-1.png\",\"width\":404,\"height\":404,\"caption\":\"Schweizversand.ch\"},\"image\":{\"@id\":\"https:\\\/\\\/schweizversand.ch\\\/fr\\\/#\\\/schema\\\/logo\\\/image\\\/\"},\"sameAs\":[\"https:\\\/\\\/www.facebook.com\\\/Schweizversand\",\"https:\\\/\\\/www.instagram.com\\\/schweizversand.ch\\\/\"]}]}<\/script>\n<!-- \/ Yoast SEO plugin. -->","yoast_head_json":{"title":"Trespass MARISOL II - DLX Damen Skihose","description":"Diese Hose ist speziell f\u00fcr Outdoor-Aktivit\u00e4ten konzipiert und bietet Schutz vor den Elementen und Komfort beim Tragen. \u00a0 Technische Spezifikation: \u00a0 \u2022 Stretc","robots":{"index":"index","follow":"follow","max-snippet":"max-snippet:-1","max-image-preview":"max-image-preview:large","max-video-preview":"max-video-preview:-1"},"canonical":"https:\/\/schweizversand.ch\/fr\/produkt\/trespass-marisol-ii-dlx-damen-skihose\/","og_locale":"fr_FR","og_type":"article","og_title":"Trespass MARISOL II - DLX Damen Skihose","og_description":"Diese Hose ist speziell f\u00fcr Outdoor-Aktivit\u00e4ten konzipiert und bietet Schutz vor den Elementen und Komfort beim Tragen. \u00a0 Technische Spezifikation: \u00a0 \u2022 Stretc","og_url":"https:\/\/schweizversand.ch\/fr\/produkt\/trespass-marisol-ii-dlx-damen-skihose\/","og_site_name":"Schweizer Shop f\u00fcr Sport, Spiel und Freizeit","article_publisher":"https:\/\/www.facebook.com\/Schweizversand","article_modified_time":"2026-04-22T13:34:51+00:00","og_image":[{"width":683,"height":1024,"url":"https:\/\/schweizversand.ch\/wp-content\/uploads\/2026\/02\/5471714396.jpg","type":"image\/jpeg"}],"twitter_card":"summary_large_image","twitter_misc":{"Dur\u00e9e de lecture estim\u00e9e":"2 minutes"},"schema":{"@context":"https:\/\/schema.org","@graph":[{"@type":"WebPage","@id":"https:\/\/schweizversand.ch\/fr\/produkt\/trespass-marisol-ii-dlx-damen-skihose\/","url":"https:\/\/schweizversand.ch\/fr\/produkt\/trespass-marisol-ii-dlx-damen-skihose\/","name":"Trespass MARISOL II - DLX Damen Skihose","isPartOf":{"@id":"https:\/\/schweizversand.ch\/fr\/#website"},"primaryImageOfPage":{"@id":"https:\/\/schweizversand.ch\/fr\/produkt\/trespass-marisol-ii-dlx-damen-skihose\/#primaryimage"},"image":{"@id":"https:\/\/schweizversand.ch\/fr\/produkt\/trespass-marisol-ii-dlx-damen-skihose\/#primaryimage"},"thumbnailUrl":"https:\/\/schweizversand.ch\/wp-content\/uploads\/2026\/02\/5471714396.jpg","datePublished":"2026-03-14T23:56:15+00:00","dateModified":"2026-04-22T13:34:51+00:00","description":"Diese Hose ist speziell f\u00fcr Outdoor-Aktivit\u00e4ten konzipiert und bietet Schutz vor den Elementen und Komfort beim Tragen. \u00a0 Technische Spezifikation: \u00a0 \u2022 Stretc","breadcrumb":{"@id":"https:\/\/schweizversand.ch\/fr\/produkt\/trespass-marisol-ii-dlx-damen-skihose\/#breadcrumb"},"inLanguage":"fr-FR","potentialAction":[{"@type":"ReadAction","target":["https:\/\/schweizversand.ch\/fr\/produkt\/trespass-marisol-ii-dlx-damen-skihose\/"]}]},{"@type":"ImageObject","inLanguage":"fr-FR","@id":"https:\/\/schweizversand.ch\/fr\/produkt\/trespass-marisol-ii-dlx-damen-skihose\/#primaryimage","url":"https:\/\/schweizversand.ch\/wp-content\/uploads\/2026\/02\/5471714396.jpg","contentUrl":"https:\/\/schweizversand.ch\/wp-content\/uploads\/2026\/02\/5471714396.jpg","width":683,"height":1024},{"@type":"BreadcrumbList","@id":"https:\/\/schweizversand.ch\/fr\/produkt\/trespass-marisol-ii-dlx-damen-skihose\/#breadcrumb","itemListElement":[{"@type":"ListItem","position":1,"name":"Startseite","item":"https:\/\/schweizversand.ch\/fr\/home\/"},{"@type":"ListItem","position":2,"name":"Boutique","item":"https:\/\/schweizversand.ch\/fr\/boutique\/"},{"@type":"ListItem","position":3,"name":"Sports","item":"https:\/\/schweizversand.ch\/fr\/produkt-kategorie\/sports\/"},{"@type":"ListItem","position":4,"name":"Sports d'hiver","item":"https:\/\/schweizversand.ch\/fr\/produkt-kategorie\/sports\/sports-dhiver\/"},{"@type":"ListItem","position":5,"name":"V\u00eatements de sports d'hiver","item":"https:\/\/schweizversand.ch\/fr\/produkt-kategorie\/sports\/sports-dhiver\/wintersportbekleidung\/"},{"@type":"ListItem","position":6,"name":"Pantalon de ski femme Trespass MARISOL II &#8211; DLX"}]},{"@type":"WebSite","@id":"https:\/\/schweizversand.ch\/fr\/#website","url":"https:\/\/schweizversand.ch\/fr\/","name":"Schweizer Shop f\u00fcr Sport, Spiel und Freizeit","description":"Gratisversand ab 50.- (netto), ab eigenem schweizer Lager, Lieferung innert 48h","publisher":{"@id":"https:\/\/schweizversand.ch\/fr\/#organization"},"alternateName":"Schweizversand.ch","potentialAction":[{"@type":"SearchAction","target":{"@type":"EntryPoint","urlTemplate":"https:\/\/schweizversand.ch\/fr\/?s={search_term_string}"},"query-input":{"@type":"PropertyValueSpecification","valueRequired":true,"valueName":"search_term_string"}}],"inLanguage":"fr-FR"},{"@type":"Organization","@id":"https:\/\/schweizversand.ch\/fr\/#organization","name":"Schweizversand.ch","url":"https:\/\/schweizversand.ch\/fr\/","logo":{"@type":"ImageObject","inLanguage":"fr-FR","@id":"https:\/\/schweizversand.ch\/fr\/#\/schema\/logo\/image\/","url":"https:\/\/schweizversand.ch\/wp-content\/uploads\/2026\/03\/Logo_Rund_Final-1.png","contentUrl":"https:\/\/schweizversand.ch\/wp-content\/uploads\/2026\/03\/Logo_Rund_Final-1.png","width":404,"height":404,"caption":"Schweizversand.ch"},"image":{"@id":"https:\/\/schweizversand.ch\/fr\/#\/schema\/logo\/image\/"},"sameAs":["https:\/\/www.facebook.com\/Schweizversand","https:\/\/www.instagram.com\/schweizversand.ch\/"]}]}},"jetpack_sharing_enabled":true,"_links":{"self":[{"href":"https:\/\/schweizversand.ch\/fr\/wp-json\/wp\/v2\/product\/260105","targetHints":{"allow":["GET"]}}],"collection":[{"href":"https:\/\/schweizversand.ch\/fr\/wp-json\/wp\/v2\/product"}],"about":[{"href":"https:\/\/schweizversand.ch\/fr\/wp-json\/wp\/v2\/types\/product"}],"replies":[{"embeddable":true,"href":"https:\/\/schweizversand.ch\/fr\/wp-json\/wp\/v2\/comments?post=260105"}],"wp:featuredmedia":[{"embeddable":true,"href":"https:\/\/schweizversand.ch\/fr\/wp-json\/wp\/v2\/media\/162170"}],"wp:attachment":[{"href":"https:\/\/schweizversand.ch\/fr\/wp-json\/wp\/v2\/media?parent=260105"}],"wp:term":[{"taxonomy":"product_brand","embeddable":true,"href":"https:\/\/schweizversand.ch\/fr\/wp-json\/wp\/v2\/product_brand?post=260105"},{"taxonomy":"product_cat","embeddable":true,"href":"https:\/\/schweizversand.ch\/fr\/wp-json\/wp\/v2\/product_cat?post=260105"},{"taxonomy":"product_tag","embeddable":true,"href":"https:\/\/schweizversand.ch\/fr\/wp-json\/wp\/v2\/product_tag?post=260105"}],"curies":[{"name":"wp","href":"https:\/\/api.w.org\/{rel}","templated":true}]}}