{"id":260110,"date":"2026-03-15T00:56:17","date_gmt":"2026-03-14T23:56:17","guid":{"rendered":"https:\/\/schweizversand.ch\/produkt\/trespass-veldy-bauchtasche\/"},"modified":"2026-04-20T02:04:01","modified_gmt":"2026-04-20T00:04:01","slug":"trespass-veldy-bauchtasche","status":"publish","type":"product","link":"https:\/\/schweizversand.ch\/fr\/produkt\/trespass-veldy-bauchtasche\/","title":{"rendered":"Sac banane Trespass VELDY"},"content":{"rendered":"<p>Le sac banane Trespass Veldy est un excellent compl\u00e9ment \u00e0 votre \u00e9quipement de plein air ou un compagnon de voyage id\u00e9al.<\/p>\n<\/p>\n<p>Caract\u00e9ristiques :<\/p>\n<\/p>\n<p>\u2022 Sac banane 1 L : Ce sac banane offre un espace suffisant pour ranger vos objets essentiels en toute s\u00e9curit\u00e9.<\/p>\n<\/p>\n<p>\u2022 Poche zipp\u00e9e : La poche principale est dot\u00e9e d&rsquo;une fermeture \u00e9clair pour prot\u00e9ger vos affaires.<\/p>\n<\/p>\n<p>\u2022 Ceinture ajustable : La ceinture est ajustable pour un confort optimal.<\/p>\n<\/p>\n<p>\u2022 Identification par radiofr\u00e9quence (RFID) : Le sac banane est \u00e9quip\u00e9 d&rsquo;une protection RFID pour prot\u00e9ger vos informations personnelles contre tout acc\u00e8s non autoris\u00e9.<\/p>\n<\/p>\n<p>\u2022 Poche de protection : Le sac banane offre un rangement s\u00e9curis\u00e9 pour vos objets de valeur.<\/p>\n<\/p>\n<p>Sp\u00e9cifications :<\/p>\n<\/p>\n<p>\u2022 Composition : \u2022 Ext\u00e9rieur : 100 % polyester avec rev\u00eatement PU.<\/p>\n<\/p>\n<p>\u2022 Doublure 1 : 100 % polyester avec rev\u00eatement AC.<\/p>\n<\/p>\n<p>\u2022 Doublure 2 : 64 % polyester \/ 19 % cuivre \/ 17 % nickel.<\/p>\n<\/p>\n<p>\u2022 Garnissage : 100 % poly\u00e9thyl\u00e8ne.<\/p>\n<\/p>\n<p>Le sac banane Trespass Veldy est un accessoire pratique et fonctionnel qui vous aide \u00e0 garder vos objets essentiels en s\u00e9curit\u00e9 et bien organis\u00e9s, que vous pratiquiez des activit\u00e9s de plein air ou que vous voyagiez.<\/p>\n","protected":false},"excerpt":{"rendered":"<p>Trespass VELDY Bauchtasche sch\u00fctzt Ihre Wertsachen mit RFID-Schutz, bietet 1L Stauraum und verstellbaren H\u00fcftgurt \u2013 der perfekte Begleiter f\u00fcr Outdoor &amp; Reisen.<\/p>\n","protected":false},"featured_media":162283,"comment_status":"open","ping_status":"closed","template":"","meta":[],"product_brand":[],"product_cat":[39096],"product_tag":[],"class_list":{"0":"post-260110","1":"product","2":"type-product","3":"status-publish","4":"has-post-thumbnail","6":"product_cat-bauchtasche","7":"product_shipping_class-global_methods","9":"first","10":"instock","11":"taxable","12":"shipping-taxable","13":"purchasable","14":"product-type-simple"},"yoast_head":"<!-- This site is optimized with the Yoast SEO plugin v27.4 - https:\/\/yoast.com\/product\/yoast-seo-wordpress\/ -->\n<title>Trespass VELDY Bauchtasche<\/title>\n<meta name=\"description\" content=\"Der Trespass Veldy Waist Pack ist eine gro\u00dfartige Erg\u00e4nzung f\u00fcr Ihre Outdoor-Ausr\u00fcstung oder als Begleiter auf Reisen.\u00a0 Merkmale:\u00a0 \u2022 1L Bauchtasche: Die\u00a0 Bauc\" \/>\n<meta name=\"robots\" content=\"index, follow, max-snippet:-1, max-image-preview:large, max-video-preview:-1\" \/>\n<link rel=\"canonical\" href=\"https:\/\/schweizversand.ch\/fr\/produkt\/trespass-veldy-bauchtasche\/\" \/>\n<meta property=\"og:locale\" content=\"fr_FR\" \/>\n<meta property=\"og:type\" content=\"article\" \/>\n<meta property=\"og:title\" content=\"Trespass VELDY Bauchtasche\" \/>\n<meta property=\"og:description\" content=\"Der Trespass Veldy Waist Pack ist eine gro\u00dfartige Erg\u00e4nzung f\u00fcr Ihre Outdoor-Ausr\u00fcstung oder als Begleiter auf Reisen.\u00a0 Merkmale:\u00a0 \u2022 1L Bauchtasche: Die\u00a0 Bauc\" \/>\n<meta property=\"og:url\" content=\"https:\/\/schweizversand.ch\/fr\/produkt\/trespass-veldy-bauchtasche\/\" \/>\n<meta property=\"og:site_name\" content=\"Schweizer Shop f\u00fcr Sport, Spiel und Freizeit\" \/>\n<meta property=\"article:publisher\" content=\"https:\/\/www.facebook.com\/Schweizversand\" \/>\n<meta property=\"article:modified_time\" content=\"2026-04-20T00:04:01+00:00\" \/>\n<meta property=\"og:image\" content=\"https:\/\/schweizversand.ch\/wp-content\/uploads\/2026\/02\/5471597864.jpg\" \/>\n\t<meta property=\"og:image:width\" content=\"1024\" \/>\n\t<meta property=\"og:image:height\" content=\"649\" \/>\n\t<meta property=\"og:image:type\" content=\"image\/jpeg\" \/>\n<meta name=\"twitter:card\" content=\"summary_large_image\" \/>\n<meta name=\"twitter:label1\" content=\"Dur\u00e9e de lecture estim\u00e9e\" \/>\n\t<meta name=\"twitter:data1\" content=\"1 minute\" \/>\n<script type=\"application\/ld+json\" class=\"yoast-schema-graph\">{\"@context\":\"https:\\\/\\\/schema.org\",\"@graph\":[{\"@type\":\"WebPage\",\"@id\":\"https:\\\/\\\/schweizversand.ch\\\/fr\\\/produkt\\\/trespass-veldy-bauchtasche\\\/\",\"url\":\"https:\\\/\\\/schweizversand.ch\\\/fr\\\/produkt\\\/trespass-veldy-bauchtasche\\\/\",\"name\":\"Trespass VELDY Bauchtasche\",\"isPartOf\":{\"@id\":\"https:\\\/\\\/schweizversand.ch\\\/fr\\\/#website\"},\"primaryImageOfPage\":{\"@id\":\"https:\\\/\\\/schweizversand.ch\\\/fr\\\/produkt\\\/trespass-veldy-bauchtasche\\\/#primaryimage\"},\"image\":{\"@id\":\"https:\\\/\\\/schweizversand.ch\\\/fr\\\/produkt\\\/trespass-veldy-bauchtasche\\\/#primaryimage\"},\"thumbnailUrl\":\"https:\\\/\\\/schweizversand.ch\\\/wp-content\\\/uploads\\\/2026\\\/02\\\/5471597864.jpg\",\"datePublished\":\"2026-03-14T23:56:17+00:00\",\"dateModified\":\"2026-04-20T00:04:01+00:00\",\"description\":\"Der Trespass Veldy Waist Pack ist eine gro\u00dfartige Erg\u00e4nzung f\u00fcr Ihre Outdoor-Ausr\u00fcstung oder als Begleiter auf Reisen.\u00a0 Merkmale:\u00a0 \u2022 1L Bauchtasche: Die\u00a0 Bauc\",\"breadcrumb\":{\"@id\":\"https:\\\/\\\/schweizversand.ch\\\/fr\\\/produkt\\\/trespass-veldy-bauchtasche\\\/#breadcrumb\"},\"inLanguage\":\"fr-FR\",\"potentialAction\":[{\"@type\":\"ReadAction\",\"target\":[\"https:\\\/\\\/schweizversand.ch\\\/fr\\\/produkt\\\/trespass-veldy-bauchtasche\\\/\"]}]},{\"@type\":\"ImageObject\",\"inLanguage\":\"fr-FR\",\"@id\":\"https:\\\/\\\/schweizversand.ch\\\/fr\\\/produkt\\\/trespass-veldy-bauchtasche\\\/#primaryimage\",\"url\":\"https:\\\/\\\/schweizversand.ch\\\/wp-content\\\/uploads\\\/2026\\\/02\\\/5471597864.jpg\",\"contentUrl\":\"https:\\\/\\\/schweizversand.ch\\\/wp-content\\\/uploads\\\/2026\\\/02\\\/5471597864.jpg\",\"width\":1024,\"height\":649},{\"@type\":\"BreadcrumbList\",\"@id\":\"https:\\\/\\\/schweizversand.ch\\\/fr\\\/produkt\\\/trespass-veldy-bauchtasche\\\/#breadcrumb\",\"itemListElement\":[{\"@type\":\"ListItem\",\"position\":1,\"name\":\"Startseite\",\"item\":\"https:\\\/\\\/schweizversand.ch\\\/fr\\\/home\\\/\"},{\"@type\":\"ListItem\",\"position\":2,\"name\":\"Boutique\",\"item\":\"https:\\\/\\\/schweizversand.ch\\\/fr\\\/boutique\\\/\"},{\"@type\":\"ListItem\",\"position\":3,\"name\":\"Voyages\",\"item\":\"https:\\\/\\\/schweizversand.ch\\\/fr\\\/produkt-kategorie\\\/voyages\\\/\"},{\"@type\":\"ListItem\",\"position\":4,\"name\":\"Sacs et bagages\",\"item\":\"https:\\\/\\\/schweizversand.ch\\\/fr\\\/produkt-kategorie\\\/voyages\\\/sacs-et-bagages\\\/\"},{\"@type\":\"ListItem\",\"position\":5,\"name\":\"Bauchtasche\",\"item\":\"https:\\\/\\\/schweizversand.ch\\\/fr\\\/produkt-kategorie\\\/bauchtasche\\\/\"},{\"@type\":\"ListItem\",\"position\":6,\"name\":\"Sac banane Trespass VELDY\"}]},{\"@type\":\"WebSite\",\"@id\":\"https:\\\/\\\/schweizversand.ch\\\/fr\\\/#website\",\"url\":\"https:\\\/\\\/schweizversand.ch\\\/fr\\\/\",\"name\":\"Schweizer Shop f\u00fcr Sport, Spiel und Freizeit\",\"description\":\"Gratisversand ab 50.- (netto), ab eigenem schweizer Lager, Lieferung innert 48h\",\"publisher\":{\"@id\":\"https:\\\/\\\/schweizversand.ch\\\/fr\\\/#organization\"},\"alternateName\":\"Schweizversand.ch\",\"potentialAction\":[{\"@type\":\"SearchAction\",\"target\":{\"@type\":\"EntryPoint\",\"urlTemplate\":\"https:\\\/\\\/schweizversand.ch\\\/fr\\\/?s={search_term_string}\"},\"query-input\":{\"@type\":\"PropertyValueSpecification\",\"valueRequired\":true,\"valueName\":\"search_term_string\"}}],\"inLanguage\":\"fr-FR\"},{\"@type\":\"Organization\",\"@id\":\"https:\\\/\\\/schweizversand.ch\\\/fr\\\/#organization\",\"name\":\"Schweizversand.ch\",\"url\":\"https:\\\/\\\/schweizversand.ch\\\/fr\\\/\",\"logo\":{\"@type\":\"ImageObject\",\"inLanguage\":\"fr-FR\",\"@id\":\"https:\\\/\\\/schweizversand.ch\\\/fr\\\/#\\\/schema\\\/logo\\\/image\\\/\",\"url\":\"https:\\\/\\\/schweizversand.ch\\\/wp-content\\\/uploads\\\/2026\\\/03\\\/Logo_Rund_Final-1.png\",\"contentUrl\":\"https:\\\/\\\/schweizversand.ch\\\/wp-content\\\/uploads\\\/2026\\\/03\\\/Logo_Rund_Final-1.png\",\"width\":404,\"height\":404,\"caption\":\"Schweizversand.ch\"},\"image\":{\"@id\":\"https:\\\/\\\/schweizversand.ch\\\/fr\\\/#\\\/schema\\\/logo\\\/image\\\/\"},\"sameAs\":[\"https:\\\/\\\/www.facebook.com\\\/Schweizversand\",\"https:\\\/\\\/www.instagram.com\\\/schweizversand.ch\\\/\"]}]}<\/script>\n<!-- \/ Yoast SEO plugin. -->","yoast_head_json":{"title":"Trespass VELDY Bauchtasche","description":"Der Trespass Veldy Waist Pack ist eine gro\u00dfartige Erg\u00e4nzung f\u00fcr Ihre Outdoor-Ausr\u00fcstung oder als Begleiter auf Reisen.\u00a0 Merkmale:\u00a0 \u2022 1L Bauchtasche: Die\u00a0 Bauc","robots":{"index":"index","follow":"follow","max-snippet":"max-snippet:-1","max-image-preview":"max-image-preview:large","max-video-preview":"max-video-preview:-1"},"canonical":"https:\/\/schweizversand.ch\/fr\/produkt\/trespass-veldy-bauchtasche\/","og_locale":"fr_FR","og_type":"article","og_title":"Trespass VELDY Bauchtasche","og_description":"Der Trespass Veldy Waist Pack ist eine gro\u00dfartige Erg\u00e4nzung f\u00fcr Ihre Outdoor-Ausr\u00fcstung oder als Begleiter auf Reisen.\u00a0 Merkmale:\u00a0 \u2022 1L Bauchtasche: Die\u00a0 Bauc","og_url":"https:\/\/schweizversand.ch\/fr\/produkt\/trespass-veldy-bauchtasche\/","og_site_name":"Schweizer Shop f\u00fcr Sport, Spiel und Freizeit","article_publisher":"https:\/\/www.facebook.com\/Schweizversand","article_modified_time":"2026-04-20T00:04:01+00:00","og_image":[{"width":1024,"height":649,"url":"https:\/\/schweizversand.ch\/wp-content\/uploads\/2026\/02\/5471597864.jpg","type":"image\/jpeg"}],"twitter_card":"summary_large_image","twitter_misc":{"Dur\u00e9e de lecture estim\u00e9e":"1 minute"},"schema":{"@context":"https:\/\/schema.org","@graph":[{"@type":"WebPage","@id":"https:\/\/schweizversand.ch\/fr\/produkt\/trespass-veldy-bauchtasche\/","url":"https:\/\/schweizversand.ch\/fr\/produkt\/trespass-veldy-bauchtasche\/","name":"Trespass VELDY Bauchtasche","isPartOf":{"@id":"https:\/\/schweizversand.ch\/fr\/#website"},"primaryImageOfPage":{"@id":"https:\/\/schweizversand.ch\/fr\/produkt\/trespass-veldy-bauchtasche\/#primaryimage"},"image":{"@id":"https:\/\/schweizversand.ch\/fr\/produkt\/trespass-veldy-bauchtasche\/#primaryimage"},"thumbnailUrl":"https:\/\/schweizversand.ch\/wp-content\/uploads\/2026\/02\/5471597864.jpg","datePublished":"2026-03-14T23:56:17+00:00","dateModified":"2026-04-20T00:04:01+00:00","description":"Der Trespass Veldy Waist Pack ist eine gro\u00dfartige Erg\u00e4nzung f\u00fcr Ihre Outdoor-Ausr\u00fcstung oder als Begleiter auf Reisen.\u00a0 Merkmale:\u00a0 \u2022 1L Bauchtasche: Die\u00a0 Bauc","breadcrumb":{"@id":"https:\/\/schweizversand.ch\/fr\/produkt\/trespass-veldy-bauchtasche\/#breadcrumb"},"inLanguage":"fr-FR","potentialAction":[{"@type":"ReadAction","target":["https:\/\/schweizversand.ch\/fr\/produkt\/trespass-veldy-bauchtasche\/"]}]},{"@type":"ImageObject","inLanguage":"fr-FR","@id":"https:\/\/schweizversand.ch\/fr\/produkt\/trespass-veldy-bauchtasche\/#primaryimage","url":"https:\/\/schweizversand.ch\/wp-content\/uploads\/2026\/02\/5471597864.jpg","contentUrl":"https:\/\/schweizversand.ch\/wp-content\/uploads\/2026\/02\/5471597864.jpg","width":1024,"height":649},{"@type":"BreadcrumbList","@id":"https:\/\/schweizversand.ch\/fr\/produkt\/trespass-veldy-bauchtasche\/#breadcrumb","itemListElement":[{"@type":"ListItem","position":1,"name":"Startseite","item":"https:\/\/schweizversand.ch\/fr\/home\/"},{"@type":"ListItem","position":2,"name":"Boutique","item":"https:\/\/schweizversand.ch\/fr\/boutique\/"},{"@type":"ListItem","position":3,"name":"Voyages","item":"https:\/\/schweizversand.ch\/fr\/produkt-kategorie\/voyages\/"},{"@type":"ListItem","position":4,"name":"Sacs et bagages","item":"https:\/\/schweizversand.ch\/fr\/produkt-kategorie\/voyages\/sacs-et-bagages\/"},{"@type":"ListItem","position":5,"name":"Bauchtasche","item":"https:\/\/schweizversand.ch\/fr\/produkt-kategorie\/bauchtasche\/"},{"@type":"ListItem","position":6,"name":"Sac banane Trespass VELDY"}]},{"@type":"WebSite","@id":"https:\/\/schweizversand.ch\/fr\/#website","url":"https:\/\/schweizversand.ch\/fr\/","name":"Schweizer Shop f\u00fcr Sport, Spiel und Freizeit","description":"Gratisversand ab 50.- (netto), ab eigenem schweizer Lager, Lieferung innert 48h","publisher":{"@id":"https:\/\/schweizversand.ch\/fr\/#organization"},"alternateName":"Schweizversand.ch","potentialAction":[{"@type":"SearchAction","target":{"@type":"EntryPoint","urlTemplate":"https:\/\/schweizversand.ch\/fr\/?s={search_term_string}"},"query-input":{"@type":"PropertyValueSpecification","valueRequired":true,"valueName":"search_term_string"}}],"inLanguage":"fr-FR"},{"@type":"Organization","@id":"https:\/\/schweizversand.ch\/fr\/#organization","name":"Schweizversand.ch","url":"https:\/\/schweizversand.ch\/fr\/","logo":{"@type":"ImageObject","inLanguage":"fr-FR","@id":"https:\/\/schweizversand.ch\/fr\/#\/schema\/logo\/image\/","url":"https:\/\/schweizversand.ch\/wp-content\/uploads\/2026\/03\/Logo_Rund_Final-1.png","contentUrl":"https:\/\/schweizversand.ch\/wp-content\/uploads\/2026\/03\/Logo_Rund_Final-1.png","width":404,"height":404,"caption":"Schweizversand.ch"},"image":{"@id":"https:\/\/schweizversand.ch\/fr\/#\/schema\/logo\/image\/"},"sameAs":["https:\/\/www.facebook.com\/Schweizversand","https:\/\/www.instagram.com\/schweizversand.ch\/"]}]}},"jetpack_sharing_enabled":true,"_links":{"self":[{"href":"https:\/\/schweizversand.ch\/fr\/wp-json\/wp\/v2\/product\/260110","targetHints":{"allow":["GET"]}}],"collection":[{"href":"https:\/\/schweizversand.ch\/fr\/wp-json\/wp\/v2\/product"}],"about":[{"href":"https:\/\/schweizversand.ch\/fr\/wp-json\/wp\/v2\/types\/product"}],"replies":[{"embeddable":true,"href":"https:\/\/schweizversand.ch\/fr\/wp-json\/wp\/v2\/comments?post=260110"}],"wp:featuredmedia":[{"embeddable":true,"href":"https:\/\/schweizversand.ch\/fr\/wp-json\/wp\/v2\/media\/162283"}],"wp:attachment":[{"href":"https:\/\/schweizversand.ch\/fr\/wp-json\/wp\/v2\/media?parent=260110"}],"wp:term":[{"taxonomy":"product_brand","embeddable":true,"href":"https:\/\/schweizversand.ch\/fr\/wp-json\/wp\/v2\/product_brand?post=260110"},{"taxonomy":"product_cat","embeddable":true,"href":"https:\/\/schweizversand.ch\/fr\/wp-json\/wp\/v2\/product_cat?post=260110"},{"taxonomy":"product_tag","embeddable":true,"href":"https:\/\/schweizversand.ch\/fr\/wp-json\/wp\/v2\/product_tag?post=260110"}],"curies":[{"name":"wp","href":"https:\/\/api.w.org\/{rel}","templated":true}]}}