{"id":260111,"date":"2026-03-15T00:56:17","date_gmt":"2026-03-14T23:56:17","guid":{"rendered":"https:\/\/schweizversand.ch\/produkt\/trespass-scree-damen-wanderschuh\/"},"modified":"2026-04-11T15:34:15","modified_gmt":"2026-04-11T13:34:15","slug":"trespass-scree-damen-wanderschuh","status":"publish","type":"product","link":"https:\/\/schweizversand.ch\/fr\/produkt\/trespass-scree-damen-wanderschuh\/","title":{"rendered":"Trespass SCREE &#8211; chaussure de randonn\u00e9e pour femmes"},"content":{"rendered":"<p>La description des chaussures de randonn\u00e9e Scree pour femmes sugg\u00e8re un mod\u00e8le fonctionnel et imperm\u00e9able, sp\u00e9cialement con\u00e7u pour les activit\u00e9s de plein air.<\/p>\n<\/p>\n<p>Voici un r\u00e9sum\u00e9 de leurs principales caract\u00e9ristiques et avantages\u00a0:<\/p>\n<\/p>\n<p>Parfaites pour une journ\u00e9e en ext\u00e9rieur, ces chaussures de randonn\u00e9e sont l\u00e9g\u00e8res et tr\u00e8s flexibles.<\/p>\n<\/p>\n<p>Gr\u00e2ce \u00e0 leur tige imperm\u00e9able et leur grande respirabilit\u00e9, ces chaussures de randonn\u00e9e sont confortables et r\u00e9sistantes pour une utilisation prolong\u00e9e.<\/p>\n<\/p>\n<p>Ces chaussures sont dot\u00e9es d&rsquo;une semelle interm\u00e9diaire en EVA moul\u00e9e qui soutient efficacement votre foul\u00e9e. Elles poss\u00e8dent \u00e9galement une protection des orteils, une cambrure en acier pour une stabilit\u00e9 accrue et de nombreuses autres caract\u00e9ristiques utiles pour assurer la s\u00e9curit\u00e9 de vos pieds lors de vos randonn\u00e9es.<\/p>\n<\/p>\n<p>1. Imperm\u00e9ables\u00a0: Les chaussures de randonn\u00e9e Scree sont imperm\u00e9ables, ce qui signifie qu&rsquo;elles emp\u00eachent l&rsquo;eau de p\u00e9n\u00e9trer et gardent vos pieds au sec, m\u00eame par temps humide. C&rsquo;est particuli\u00e8rement utile pour marcher sur des terrains mouill\u00e9s ou dans des flaques d&rsquo;eau.<\/p>\n<\/p>\n<p>2. Respirantes\u00a0: Bien qu&rsquo;imperm\u00e9ables, ces chaussures sont \u00e9galement respirantes. Cela signifie qu&rsquo;elles permettent une bonne circulation de l&rsquo;air pour maintenir un climat confortable pour vos pieds et \u00e9vacuer l&rsquo;humidit\u00e9.<\/p>\n<\/p>\n<p>3. Chaussure de randonn\u00e9e avec membrane imperm\u00e9able et respirante\u00a0: La combinaison d\u2019une membrane imperm\u00e9able et respirante rend ces chaussures polyvalentes et assure des pieds au sec et confortables, quelles que soient les conditions.<\/p>\n<\/p>\n<p>4. Languette \u00e0 soufflet\u00a0: La languette \u00e0 soufflet emp\u00eache la salet\u00e9, les cailloux et autres particules de p\u00e9n\u00e9trer dans la chaussure, am\u00e9liorant ainsi le confort et prolongeant sa dur\u00e9e de vie.<\/p>\n<\/p>\n<p>5. Protection des orteils r\u00e9sistante et durable\u00a0: Les protections des orteils prot\u00e8gent vos pieds des chocs, des branches et des cailloux pouvant survenir sur les terrains accident\u00e9s. Elles contribuent \u00e0 la s\u00e9curit\u00e9 et \u00e0 la durabilit\u00e9 des chaussures.<\/p>\n<\/p>\n<p>6. Semelle interm\u00e9diaire amortissante et stabilisatrice\u00a0: La semelle interm\u00e9diaire amortissante offre un confort optimal pendant la marche et absorbe les chocs. Sa fonction stabilisatrice assure un bon maintien de la vo\u00fbte plantaire et une stabilit\u00e9 accrue.<\/p>\n<\/p>\n<p>7. Cambrion en acier soutenant et stabilisant la vo\u00fbte plantaire\u00a0: Comme d\u00e9crit pr\u00e9c\u00e9demment, le cambrion en acier soutient la vo\u00fbte plantaire et contribue \u00e0 la stabilit\u00e9 de la chaussure, un atout essentiel lors des activit\u00e9s de plein air.<\/p>\n<\/p>\n<p>8. Semelle int\u00e9rieure rembourr\u00e9e et profil\u00e9e : La semelle int\u00e9rieure rembourr\u00e9e et profil\u00e9e offre du confort et s&rsquo;adapte \u00e0 la forme de votre pied, augmentant ainsi le confort de port.<\/p>\n","protected":false},"excerpt":{"rendered":"<p>Trespass SCREE &#8211; Damen Wanderschuh: Leicht, wasserdicht und atmungsaktiv mit Zehenschutz und EVA-Mittelsohle f\u00fcr maximalen Komfort und sicheren Halt auf jedem Trail.<\/p>\n","protected":false},"featured_media":162295,"comment_status":"open","ping_status":"closed","template":"","meta":[],"product_brand":[],"product_cat":[38335],"product_tag":[],"class_list":{"0":"post-260111","1":"product","2":"type-product","3":"status-publish","4":"has-post-thumbnail","6":"product_cat-wandern","7":"product_shipping_class-global_methods","9":"first","10":"instock","11":"taxable","12":"shipping-taxable","13":"purchasable","14":"product-type-simple"},"yoast_head":"<!-- This site is optimized with the Yoast SEO plugin v27.3 - https:\/\/yoast.com\/product\/yoast-seo-wordpress\/ -->\n<title>Trespass SCREE - Damen Wanderschuh<\/title>\n<meta name=\"description\" content=\"Die Beschreibung der Scree-Wanderschuhe f\u00fcr Damen deutet auf eine funktionale und wetterfeste Option hin, die speziell f\u00fcr Outdoor-Aktivit\u00e4ten entwickelt wurde.\" \/>\n<meta name=\"robots\" content=\"index, follow, max-snippet:-1, max-image-preview:large, max-video-preview:-1\" \/>\n<link rel=\"canonical\" href=\"https:\/\/schweizversand.ch\/fr\/produkt\/trespass-scree-damen-wanderschuh\/\" \/>\n<meta property=\"og:locale\" content=\"fr_FR\" \/>\n<meta property=\"og:type\" content=\"article\" \/>\n<meta property=\"og:title\" content=\"Trespass SCREE - Damen Wanderschuh\" \/>\n<meta property=\"og:description\" content=\"Die Beschreibung der Scree-Wanderschuhe f\u00fcr Damen deutet auf eine funktionale und wetterfeste Option hin, die speziell f\u00fcr Outdoor-Aktivit\u00e4ten entwickelt wurde.\" \/>\n<meta property=\"og:url\" content=\"https:\/\/schweizversand.ch\/fr\/produkt\/trespass-scree-damen-wanderschuh\/\" \/>\n<meta property=\"og:site_name\" content=\"Schweizer Shop f\u00fcr Sport, Spiel und Freizeit\" \/>\n<meta property=\"article:publisher\" content=\"https:\/\/www.facebook.com\/Schweizversand\" \/>\n<meta property=\"article:modified_time\" content=\"2026-04-11T13:34:15+00:00\" \/>\n<meta property=\"og:image\" content=\"https:\/\/schweizversand.ch\/wp-content\/uploads\/2026\/02\/5471680286.jpg\" \/>\n\t<meta property=\"og:image:width\" content=\"1024\" \/>\n\t<meta property=\"og:image:height\" content=\"1024\" \/>\n\t<meta property=\"og:image:type\" content=\"image\/jpeg\" \/>\n<meta name=\"twitter:card\" content=\"summary_large_image\" \/>\n<meta name=\"twitter:label1\" content=\"Dur\u00e9e de lecture estim\u00e9e\" \/>\n\t<meta name=\"twitter:data1\" content=\"2 minutes\" \/>\n<script type=\"application\/ld+json\" class=\"yoast-schema-graph\">{\"@context\":\"https:\\\/\\\/schema.org\",\"@graph\":[{\"@type\":\"WebPage\",\"@id\":\"https:\\\/\\\/schweizversand.ch\\\/fr\\\/produkt\\\/trespass-scree-damen-wanderschuh\\\/\",\"url\":\"https:\\\/\\\/schweizversand.ch\\\/fr\\\/produkt\\\/trespass-scree-damen-wanderschuh\\\/\",\"name\":\"Trespass SCREE - Damen Wanderschuh\",\"isPartOf\":{\"@id\":\"https:\\\/\\\/schweizversand.ch\\\/fr\\\/#website\"},\"primaryImageOfPage\":{\"@id\":\"https:\\\/\\\/schweizversand.ch\\\/fr\\\/produkt\\\/trespass-scree-damen-wanderschuh\\\/#primaryimage\"},\"image\":{\"@id\":\"https:\\\/\\\/schweizversand.ch\\\/fr\\\/produkt\\\/trespass-scree-damen-wanderschuh\\\/#primaryimage\"},\"thumbnailUrl\":\"https:\\\/\\\/schweizversand.ch\\\/wp-content\\\/uploads\\\/2026\\\/02\\\/5471680286.jpg\",\"datePublished\":\"2026-03-14T23:56:17+00:00\",\"dateModified\":\"2026-04-11T13:34:15+00:00\",\"description\":\"Die Beschreibung der Scree-Wanderschuhe f\u00fcr Damen deutet auf eine funktionale und wetterfeste Option hin, die speziell f\u00fcr Outdoor-Aktivit\u00e4ten entwickelt wurde.\",\"breadcrumb\":{\"@id\":\"https:\\\/\\\/schweizversand.ch\\\/fr\\\/produkt\\\/trespass-scree-damen-wanderschuh\\\/#breadcrumb\"},\"inLanguage\":\"fr-FR\",\"potentialAction\":[{\"@type\":\"ReadAction\",\"target\":[\"https:\\\/\\\/schweizversand.ch\\\/fr\\\/produkt\\\/trespass-scree-damen-wanderschuh\\\/\"]}]},{\"@type\":\"ImageObject\",\"inLanguage\":\"fr-FR\",\"@id\":\"https:\\\/\\\/schweizversand.ch\\\/fr\\\/produkt\\\/trespass-scree-damen-wanderschuh\\\/#primaryimage\",\"url\":\"https:\\\/\\\/schweizversand.ch\\\/wp-content\\\/uploads\\\/2026\\\/02\\\/5471680286.jpg\",\"contentUrl\":\"https:\\\/\\\/schweizversand.ch\\\/wp-content\\\/uploads\\\/2026\\\/02\\\/5471680286.jpg\",\"width\":1024,\"height\":1024},{\"@type\":\"BreadcrumbList\",\"@id\":\"https:\\\/\\\/schweizversand.ch\\\/fr\\\/produkt\\\/trespass-scree-damen-wanderschuh\\\/#breadcrumb\",\"itemListElement\":[{\"@type\":\"ListItem\",\"position\":1,\"name\":\"Startseite\",\"item\":\"https:\\\/\\\/schweizversand.ch\\\/fr\\\/\"},{\"@type\":\"ListItem\",\"position\":2,\"name\":\"Boutique\",\"item\":\"https:\\\/\\\/schweizversand.ch\\\/fr\\\/boutique\\\/\"},{\"@type\":\"ListItem\",\"position\":3,\"name\":\"Trespass SCREE &#8211; chaussure de randonn\u00e9e pour femmes\"}]},{\"@type\":\"WebSite\",\"@id\":\"https:\\\/\\\/schweizversand.ch\\\/fr\\\/#website\",\"url\":\"https:\\\/\\\/schweizversand.ch\\\/fr\\\/\",\"name\":\"Schweizer Shop f\u00fcr Sport, Spiel und Freizeit\",\"description\":\"Gratisversand ab 50.- (netto), ab eigenem schweizer Lager, Lieferung innert 48h\",\"publisher\":{\"@id\":\"https:\\\/\\\/schweizversand.ch\\\/fr\\\/#organization\"},\"alternateName\":\"Schweizversand.ch\",\"potentialAction\":[{\"@type\":\"SearchAction\",\"target\":{\"@type\":\"EntryPoint\",\"urlTemplate\":\"https:\\\/\\\/schweizversand.ch\\\/fr\\\/?s={search_term_string}\"},\"query-input\":{\"@type\":\"PropertyValueSpecification\",\"valueRequired\":true,\"valueName\":\"search_term_string\"}}],\"inLanguage\":\"fr-FR\"},{\"@type\":\"Organization\",\"@id\":\"https:\\\/\\\/schweizversand.ch\\\/fr\\\/#organization\",\"name\":\"Schweizversand.ch\",\"url\":\"https:\\\/\\\/schweizversand.ch\\\/fr\\\/\",\"logo\":{\"@type\":\"ImageObject\",\"inLanguage\":\"fr-FR\",\"@id\":\"https:\\\/\\\/schweizversand.ch\\\/fr\\\/#\\\/schema\\\/logo\\\/image\\\/\",\"url\":\"https:\\\/\\\/schweizversand.ch\\\/wp-content\\\/uploads\\\/2026\\\/03\\\/Logo_Rund_Final-1.png\",\"contentUrl\":\"https:\\\/\\\/schweizversand.ch\\\/wp-content\\\/uploads\\\/2026\\\/03\\\/Logo_Rund_Final-1.png\",\"width\":404,\"height\":404,\"caption\":\"Schweizversand.ch\"},\"image\":{\"@id\":\"https:\\\/\\\/schweizversand.ch\\\/fr\\\/#\\\/schema\\\/logo\\\/image\\\/\"},\"sameAs\":[\"https:\\\/\\\/www.facebook.com\\\/Schweizversand\",\"https:\\\/\\\/www.instagram.com\\\/schweizversand.ch\\\/\"]}]}<\/script>\n<!-- \/ Yoast SEO plugin. -->","yoast_head_json":{"title":"Trespass SCREE - Damen Wanderschuh","description":"Die Beschreibung der Scree-Wanderschuhe f\u00fcr Damen deutet auf eine funktionale und wetterfeste Option hin, die speziell f\u00fcr Outdoor-Aktivit\u00e4ten entwickelt wurde.","robots":{"index":"index","follow":"follow","max-snippet":"max-snippet:-1","max-image-preview":"max-image-preview:large","max-video-preview":"max-video-preview:-1"},"canonical":"https:\/\/schweizversand.ch\/fr\/produkt\/trespass-scree-damen-wanderschuh\/","og_locale":"fr_FR","og_type":"article","og_title":"Trespass SCREE - Damen Wanderschuh","og_description":"Die Beschreibung der Scree-Wanderschuhe f\u00fcr Damen deutet auf eine funktionale und wetterfeste Option hin, die speziell f\u00fcr Outdoor-Aktivit\u00e4ten entwickelt wurde.","og_url":"https:\/\/schweizversand.ch\/fr\/produkt\/trespass-scree-damen-wanderschuh\/","og_site_name":"Schweizer Shop f\u00fcr Sport, Spiel und Freizeit","article_publisher":"https:\/\/www.facebook.com\/Schweizversand","article_modified_time":"2026-04-11T13:34:15+00:00","og_image":[{"width":1024,"height":1024,"url":"https:\/\/schweizversand.ch\/wp-content\/uploads\/2026\/02\/5471680286.jpg","type":"image\/jpeg"}],"twitter_card":"summary_large_image","twitter_misc":{"Dur\u00e9e de lecture estim\u00e9e":"2 minutes"},"schema":{"@context":"https:\/\/schema.org","@graph":[{"@type":"WebPage","@id":"https:\/\/schweizversand.ch\/fr\/produkt\/trespass-scree-damen-wanderschuh\/","url":"https:\/\/schweizversand.ch\/fr\/produkt\/trespass-scree-damen-wanderschuh\/","name":"Trespass SCREE - Damen Wanderschuh","isPartOf":{"@id":"https:\/\/schweizversand.ch\/fr\/#website"},"primaryImageOfPage":{"@id":"https:\/\/schweizversand.ch\/fr\/produkt\/trespass-scree-damen-wanderschuh\/#primaryimage"},"image":{"@id":"https:\/\/schweizversand.ch\/fr\/produkt\/trespass-scree-damen-wanderschuh\/#primaryimage"},"thumbnailUrl":"https:\/\/schweizversand.ch\/wp-content\/uploads\/2026\/02\/5471680286.jpg","datePublished":"2026-03-14T23:56:17+00:00","dateModified":"2026-04-11T13:34:15+00:00","description":"Die Beschreibung der Scree-Wanderschuhe f\u00fcr Damen deutet auf eine funktionale und wetterfeste Option hin, die speziell f\u00fcr Outdoor-Aktivit\u00e4ten entwickelt wurde.","breadcrumb":{"@id":"https:\/\/schweizversand.ch\/fr\/produkt\/trespass-scree-damen-wanderschuh\/#breadcrumb"},"inLanguage":"fr-FR","potentialAction":[{"@type":"ReadAction","target":["https:\/\/schweizversand.ch\/fr\/produkt\/trespass-scree-damen-wanderschuh\/"]}]},{"@type":"ImageObject","inLanguage":"fr-FR","@id":"https:\/\/schweizversand.ch\/fr\/produkt\/trespass-scree-damen-wanderschuh\/#primaryimage","url":"https:\/\/schweizversand.ch\/wp-content\/uploads\/2026\/02\/5471680286.jpg","contentUrl":"https:\/\/schweizversand.ch\/wp-content\/uploads\/2026\/02\/5471680286.jpg","width":1024,"height":1024},{"@type":"BreadcrumbList","@id":"https:\/\/schweizversand.ch\/fr\/produkt\/trespass-scree-damen-wanderschuh\/#breadcrumb","itemListElement":[{"@type":"ListItem","position":1,"name":"Startseite","item":"https:\/\/schweizversand.ch\/fr\/"},{"@type":"ListItem","position":2,"name":"Boutique","item":"https:\/\/schweizversand.ch\/fr\/boutique\/"},{"@type":"ListItem","position":3,"name":"Trespass SCREE &#8211; chaussure de randonn\u00e9e pour femmes"}]},{"@type":"WebSite","@id":"https:\/\/schweizversand.ch\/fr\/#website","url":"https:\/\/schweizversand.ch\/fr\/","name":"Schweizer Shop f\u00fcr Sport, Spiel und Freizeit","description":"Gratisversand ab 50.- (netto), ab eigenem schweizer Lager, Lieferung innert 48h","publisher":{"@id":"https:\/\/schweizversand.ch\/fr\/#organization"},"alternateName":"Schweizversand.ch","potentialAction":[{"@type":"SearchAction","target":{"@type":"EntryPoint","urlTemplate":"https:\/\/schweizversand.ch\/fr\/?s={search_term_string}"},"query-input":{"@type":"PropertyValueSpecification","valueRequired":true,"valueName":"search_term_string"}}],"inLanguage":"fr-FR"},{"@type":"Organization","@id":"https:\/\/schweizversand.ch\/fr\/#organization","name":"Schweizversand.ch","url":"https:\/\/schweizversand.ch\/fr\/","logo":{"@type":"ImageObject","inLanguage":"fr-FR","@id":"https:\/\/schweizversand.ch\/fr\/#\/schema\/logo\/image\/","url":"https:\/\/schweizversand.ch\/wp-content\/uploads\/2026\/03\/Logo_Rund_Final-1.png","contentUrl":"https:\/\/schweizversand.ch\/wp-content\/uploads\/2026\/03\/Logo_Rund_Final-1.png","width":404,"height":404,"caption":"Schweizversand.ch"},"image":{"@id":"https:\/\/schweizversand.ch\/fr\/#\/schema\/logo\/image\/"},"sameAs":["https:\/\/www.facebook.com\/Schweizversand","https:\/\/www.instagram.com\/schweizversand.ch\/"]}]}},"jetpack_sharing_enabled":true,"_links":{"self":[{"href":"https:\/\/schweizversand.ch\/fr\/wp-json\/wp\/v2\/product\/260111","targetHints":{"allow":["GET"]}}],"collection":[{"href":"https:\/\/schweizversand.ch\/fr\/wp-json\/wp\/v2\/product"}],"about":[{"href":"https:\/\/schweizversand.ch\/fr\/wp-json\/wp\/v2\/types\/product"}],"replies":[{"embeddable":true,"href":"https:\/\/schweizversand.ch\/fr\/wp-json\/wp\/v2\/comments?post=260111"}],"wp:featuredmedia":[{"embeddable":true,"href":"https:\/\/schweizversand.ch\/fr\/wp-json\/wp\/v2\/media\/162295"}],"wp:attachment":[{"href":"https:\/\/schweizversand.ch\/fr\/wp-json\/wp\/v2\/media?parent=260111"}],"wp:term":[{"taxonomy":"product_brand","embeddable":true,"href":"https:\/\/schweizversand.ch\/fr\/wp-json\/wp\/v2\/product_brand?post=260111"},{"taxonomy":"product_cat","embeddable":true,"href":"https:\/\/schweizversand.ch\/fr\/wp-json\/wp\/v2\/product_cat?post=260111"},{"taxonomy":"product_tag","embeddable":true,"href":"https:\/\/schweizversand.ch\/fr\/wp-json\/wp\/v2\/product_tag?post=260111"}],"curies":[{"name":"wp","href":"https:\/\/api.w.org\/{rel}","templated":true}]}}